{"id":73,"date":"2010-09-10T05:53:25","date_gmt":"2010-09-10T04:53:25","guid":{"rendered":"https:\/\/www.jaermuseet.no\/vitengarden\/temabaserte-opplevingar-omvisning\/"},"modified":"2015-07-09T12:31:52","modified_gmt":"2015-07-09T10:31:52","slug":"temabaserte-opplevingar-omvisning","status":"publish","type":"page","link":"https:\/\/www.jaermuseet.no\/vitengarden\/kurs\/temabaserte-opplevingar-omvisning\/","title":{"rendered":"Temabaserte opplevingar og lagspleising"},"content":{"rendered":"<p><strong>Ei utflukt der du f\u00e5r oppleva det beste av det J\u00e6ren har \u00e5 by p\u00e5? <\/strong><\/p>\n<p>Vitengarden tilbyr fleire temabaserte opplevingar som g\u00e5r over 1, 2 og 3 timar. Her kan de blant anna f\u00e5 oppleva motorbr\u00f8l, det gode liv i 50-\u00e5ra, j\u00e6rske r\u00e5varer i friluft eller testa ut konkurranseinstinktet og samarbeidsevna i utstillingane.<\/p>\n<p>Me arrangerer temabaserte opplevingar og omvisingar b\u00e5de i og utanfor opningstida og tilpassar det etter kva gruppe som kjem og kva interesser gruppa har.<\/p>\n","protected":false},"excerpt":{"rendered":"<p>Er du p\u00e5 ein konferanse i regionen og ynskjer ei utflukt som gjev inspirasjon og innbyr til aktivitet?<\/p>\n","protected":false},"author":10,"featured_media":863,"parent":68,"menu_order":0,"comment_status":"open","ping_status":"open","template":"","meta":{"_acf_changed":false,"footnotes":""},"class_list":["post-73","page","type-page","status-publish","has-post-thumbnail","hentry","featured-image-size-small"],"acf":[],"yoast_head":"<!-- This site is optimized with the Yoast SEO plugin v27.4 - https:\/\/yoast.com\/product\/yoast-seo-wordpress\/ -->\n<title>Temabaserte opplevingar og lagspleising - Vitengarden<\/title>\n<meta name=\"robots\" content=\"index, follow, max-snippet:-1, max-image-preview:large, max-video-preview:-1\" \/>\n<link rel=\"canonical\" href=\"https:\/\/www.jaermuseet.no\/vitengarden\/kurs\/temabaserte-opplevingar-omvisning\/\" \/>\n<meta property=\"og:locale\" content=\"nn_NO\" \/>\n<meta property=\"og:type\" content=\"article\" \/>\n<meta property=\"og:title\" content=\"Temabaserte opplevingar og lagspleising - Vitengarden\" \/>\n<meta property=\"og:description\" content=\"Er du p\u00e5 ein konferanse i regionen og ynskjer ei utflukt som gjev inspirasjon og innbyr til aktivitet?\" \/>\n<meta property=\"og:url\" content=\"https:\/\/www.jaermuseet.no\/vitengarden\/kurs\/temabaserte-opplevingar-omvisning\/\" \/>\n<meta property=\"og:site_name\" content=\"Vitengarden\" \/>\n<meta property=\"article:modified_time\" content=\"2015-07-09T10:31:52+00:00\" \/>\n<meta property=\"og:image\" content=\"https:\/\/www.jaermuseet.no\/vitengarden\/wp-content\/uploads\/sites\/11\/2010\/09\/Biedrakter-1024x683.jpg\" \/>\n\t<meta property=\"og:image:width\" content=\"1024\" \/>\n\t<meta property=\"og:image:height\" content=\"683\" \/>\n\t<meta property=\"og:image:type\" content=\"image\/jpeg\" \/>\n<meta name=\"twitter:card\" content=\"summary_large_image\" \/>\n<script type=\"application\/ld+json\" class=\"yoast-schema-graph\">{\"@context\":\"https:\\\/\\\/schema.org\",\"@graph\":[{\"@type\":\"WebPage\",\"@id\":\"https:\\\/\\\/www.jaermuseet.no\\\/vitengarden\\\/kurs\\\/temabaserte-opplevingar-omvisning\\\/\",\"url\":\"https:\\\/\\\/www.jaermuseet.no\\\/vitengarden\\\/kurs\\\/temabaserte-opplevingar-omvisning\\\/\",\"name\":\"Temabaserte opplevingar og lagspleising - Vitengarden\",\"isPartOf\":{\"@id\":\"https:\\\/\\\/www.jaermuseet.no\\\/vitengarden\\\/#website\"},\"primaryImageOfPage\":{\"@id\":\"https:\\\/\\\/www.jaermuseet.no\\\/vitengarden\\\/kurs\\\/temabaserte-opplevingar-omvisning\\\/#primaryimage\"},\"image\":{\"@id\":\"https:\\\/\\\/www.jaermuseet.no\\\/vitengarden\\\/kurs\\\/temabaserte-opplevingar-omvisning\\\/#primaryimage\"},\"thumbnailUrl\":\"https:\\\/\\\/www.jaermuseet.no\\\/vitengarden\\\/wp-content\\\/uploads\\\/sites\\\/11\\\/2010\\\/09\\\/Biedrakter.jpg\",\"datePublished\":\"2010-09-10T04:53:25+00:00\",\"dateModified\":\"2015-07-09T10:31:52+00:00\",\"breadcrumb\":{\"@id\":\"https:\\\/\\\/www.jaermuseet.no\\\/vitengarden\\\/kurs\\\/temabaserte-opplevingar-omvisning\\\/#breadcrumb\"},\"inLanguage\":\"nn-NO\",\"potentialAction\":[{\"@type\":\"ReadAction\",\"target\":[\"https:\\\/\\\/www.jaermuseet.no\\\/vitengarden\\\/kurs\\\/temabaserte-opplevingar-omvisning\\\/\"]}]},{\"@type\":\"ImageObject\",\"inLanguage\":\"nn-NO\",\"@id\":\"https:\\\/\\\/www.jaermuseet.no\\\/vitengarden\\\/kurs\\\/temabaserte-opplevingar-omvisning\\\/#primaryimage\",\"url\":\"https:\\\/\\\/www.jaermuseet.no\\\/vitengarden\\\/wp-content\\\/uploads\\\/sites\\\/11\\\/2010\\\/09\\\/Biedrakter.jpg\",\"contentUrl\":\"https:\\\/\\\/www.jaermuseet.no\\\/vitengarden\\\/wp-content\\\/uploads\\\/sites\\\/11\\\/2010\\\/09\\\/Biedrakter.jpg\",\"width\":2272,\"height\":1515},{\"@type\":\"BreadcrumbList\",\"@id\":\"https:\\\/\\\/www.jaermuseet.no\\\/vitengarden\\\/kurs\\\/temabaserte-opplevingar-omvisning\\\/#breadcrumb\",\"itemListElement\":[{\"@type\":\"ListItem\",\"position\":1,\"name\":\"Heim\",\"item\":\"https:\\\/\\\/www.jaermuseet.no\\\/vitengarden\\\/\"},{\"@type\":\"ListItem\",\"position\":2,\"name\":\"Kurs\",\"item\":\"https:\\\/\\\/www.jaermuseet.no\\\/vitengarden\\\/kurs\\\/\"},{\"@type\":\"ListItem\",\"position\":3,\"name\":\"Temabaserte opplevingar og lagspleising\"}]},{\"@type\":\"WebSite\",\"@id\":\"https:\\\/\\\/www.jaermuseet.no\\\/vitengarden\\\/#website\",\"url\":\"https:\\\/\\\/www.jaermuseet.no\\\/vitengarden\\\/\",\"name\":\"Vitengarden\",\"description\":\"Take part in science and history with new and engaging methods\",\"potentialAction\":[{\"@type\":\"SearchAction\",\"target\":{\"@type\":\"EntryPoint\",\"urlTemplate\":\"https:\\\/\\\/www.jaermuseet.no\\\/vitengarden\\\/?s={search_term_string}\"},\"query-input\":{\"@type\":\"PropertyValueSpecification\",\"valueRequired\":true,\"valueName\":\"search_term_string\"}}],\"inLanguage\":\"nn-NO\"}]}<\/script>\n<!-- \/ Yoast SEO plugin. -->","yoast_head_json":{"title":"Temabaserte opplevingar og lagspleising - Vitengarden","robots":{"index":"index","follow":"follow","max-snippet":"max-snippet:-1","max-image-preview":"max-image-preview:large","max-video-preview":"max-video-preview:-1"},"canonical":"https:\/\/www.jaermuseet.no\/vitengarden\/kurs\/temabaserte-opplevingar-omvisning\/","og_locale":"nn_NO","og_type":"article","og_title":"Temabaserte opplevingar og lagspleising - Vitengarden","og_description":"Er du p\u00e5 ein konferanse i regionen og ynskjer ei utflukt som gjev inspirasjon og innbyr til aktivitet?","og_url":"https:\/\/www.jaermuseet.no\/vitengarden\/kurs\/temabaserte-opplevingar-omvisning\/","og_site_name":"Vitengarden","article_modified_time":"2015-07-09T10:31:52+00:00","og_image":[{"width":1024,"height":683,"url":"https:\/\/www.jaermuseet.no\/vitengarden\/wp-content\/uploads\/sites\/11\/2010\/09\/Biedrakter-1024x683.jpg","type":"image\/jpeg"}],"twitter_card":"summary_large_image","schema":{"@context":"https:\/\/schema.org","@graph":[{"@type":"WebPage","@id":"https:\/\/www.jaermuseet.no\/vitengarden\/kurs\/temabaserte-opplevingar-omvisning\/","url":"https:\/\/www.jaermuseet.no\/vitengarden\/kurs\/temabaserte-opplevingar-omvisning\/","name":"Temabaserte opplevingar og lagspleising - Vitengarden","isPartOf":{"@id":"https:\/\/www.jaermuseet.no\/vitengarden\/#website"},"primaryImageOfPage":{"@id":"https:\/\/www.jaermuseet.no\/vitengarden\/kurs\/temabaserte-opplevingar-omvisning\/#primaryimage"},"image":{"@id":"https:\/\/www.jaermuseet.no\/vitengarden\/kurs\/temabaserte-opplevingar-omvisning\/#primaryimage"},"thumbnailUrl":"https:\/\/www.jaermuseet.no\/vitengarden\/wp-content\/uploads\/sites\/11\/2010\/09\/Biedrakter.jpg","datePublished":"2010-09-10T04:53:25+00:00","dateModified":"2015-07-09T10:31:52+00:00","breadcrumb":{"@id":"https:\/\/www.jaermuseet.no\/vitengarden\/kurs\/temabaserte-opplevingar-omvisning\/#breadcrumb"},"inLanguage":"nn-NO","potentialAction":[{"@type":"ReadAction","target":["https:\/\/www.jaermuseet.no\/vitengarden\/kurs\/temabaserte-opplevingar-omvisning\/"]}]},{"@type":"ImageObject","inLanguage":"nn-NO","@id":"https:\/\/www.jaermuseet.no\/vitengarden\/kurs\/temabaserte-opplevingar-omvisning\/#primaryimage","url":"https:\/\/www.jaermuseet.no\/vitengarden\/wp-content\/uploads\/sites\/11\/2010\/09\/Biedrakter.jpg","contentUrl":"https:\/\/www.jaermuseet.no\/vitengarden\/wp-content\/uploads\/sites\/11\/2010\/09\/Biedrakter.jpg","width":2272,"height":1515},{"@type":"BreadcrumbList","@id":"https:\/\/www.jaermuseet.no\/vitengarden\/kurs\/temabaserte-opplevingar-omvisning\/#breadcrumb","itemListElement":[{"@type":"ListItem","position":1,"name":"Heim","item":"https:\/\/www.jaermuseet.no\/vitengarden\/"},{"@type":"ListItem","position":2,"name":"Kurs","item":"https:\/\/www.jaermuseet.no\/vitengarden\/kurs\/"},{"@type":"ListItem","position":3,"name":"Temabaserte opplevingar og lagspleising"}]},{"@type":"WebSite","@id":"https:\/\/www.jaermuseet.no\/vitengarden\/#website","url":"https:\/\/www.jaermuseet.no\/vitengarden\/","name":"Vitengarden","description":"Take part in science and history with new and engaging methods","potentialAction":[{"@type":"SearchAction","target":{"@type":"EntryPoint","urlTemplate":"https:\/\/www.jaermuseet.no\/vitengarden\/?s={search_term_string}"},"query-input":{"@type":"PropertyValueSpecification","valueRequired":true,"valueName":"search_term_string"}}],"inLanguage":"nn-NO"}]}},"jetpack_sharing_enabled":true,"_links":{"self":[{"href":"https:\/\/www.jaermuseet.no\/vitengarden\/wp-json\/wp\/v2\/pages\/73","targetHints":{"allow":["GET"]}}],"collection":[{"href":"https:\/\/www.jaermuseet.no\/vitengarden\/wp-json\/wp\/v2\/pages"}],"about":[{"href":"https:\/\/www.jaermuseet.no\/vitengarden\/wp-json\/wp\/v2\/types\/page"}],"author":[{"embeddable":true,"href":"https:\/\/www.jaermuseet.no\/vitengarden\/wp-json\/wp\/v2\/users\/10"}],"replies":[{"embeddable":true,"href":"https:\/\/www.jaermuseet.no\/vitengarden\/wp-json\/wp\/v2\/comments?post=73"}],"version-history":[{"count":4,"href":"https:\/\/www.jaermuseet.no\/vitengarden\/wp-json\/wp\/v2\/pages\/73\/revisions"}],"predecessor-version":[{"id":865,"href":"https:\/\/www.jaermuseet.no\/vitengarden\/wp-json\/wp\/v2\/pages\/73\/revisions\/865"}],"up":[{"embeddable":true,"href":"https:\/\/www.jaermuseet.no\/vitengarden\/wp-json\/wp\/v2\/pages\/68"}],"wp:featuredmedia":[{"embeddable":true,"href":"https:\/\/www.jaermuseet.no\/vitengarden\/wp-json\/wp\/v2\/media\/863"}],"wp:attachment":[{"href":"https:\/\/www.jaermuseet.no\/vitengarden\/wp-json\/wp\/v2\/media?parent=73"}],"curies":[{"name":"wp","href":"https:\/\/api.w.org\/{rel}","templated":true}]}}