{"id":63,"date":"2010-08-12T07:48:30","date_gmt":"2010-08-12T06:48:30","guid":{"rendered":"https:\/\/www.jaermuseet.no\/vitengarden\/barnehagar\/"},"modified":"2015-10-01T02:11:58","modified_gmt":"2015-10-01T00:11:58","slug":"barnehagar","status":"publish","type":"page","link":"https:\/\/www.jaermuseet.no\/vitengarden\/barnehagar\/","title":{"rendered":"Barnehagar"},"content":{"rendered":"<p><strong>&#8211;  Hei,  barnehagar!<\/strong><\/p>\n<p>Formidlingsopplegga  er  i  utgangspunktet  forslag  til  opplegg  for  barnehagar,  og  ein  arbeidsplan  for  Vitengarden.  <br \/>Det  er  derfor  ingen  ting  i  vegen  for  at  barnehagane  sj\u00f8lve  kan  ta  initiativ  og  koma  med  forslag  til  formidlingsopplegg.  Vitengarden  vil  d\u00e5  i  samr\u00e5d  med    barnehagepersonalet  forma  opplegg  tilpassa  barnehagens  ynskjer.Utstillingane  er  utforma  for  \u00e5  skapa  aktivitet  og  undring,  og  i  lag  med  vaksne  har  utstillingane  ein  opplevings-  og  l\u00e6ringsverdi  sj\u00f8lv  for  dei  minste  borna.  Opplev  den  gamle  garden,  fylj  stellet  av  dyra,  sj\u00e5  livet  i  fuglekassen  via  webkamera,  opplev    jordbruk,  byggeskikk,  levesett,  mattradisjonar,  teknologi  og  industri  f\u00f8r  og  n\u00e5.<\/p>\n<\/p>\n<table style=\"width: 660px\" border=\"0\">\n<tbody>\n<tr>\n<td valign=\"top\" colspan=\"6\"> <\/td>\n<\/tr>\n<tr>\n<td colspan=\"3\">\n<hr \/>\n<\/td>\n<\/tr>\n<tr>\n<td colspan=\"3\">\n<hr \/>\n<\/td>\n<\/tr>\n<tr>\n<td><img loading=\"lazy\" decoding=\"async\" width=\"230\" height=\"153\" alt=\"Doktor proktor redigert\" src=\"https:\/\/www.jaermuseet.no\/wp-content\/uploads\/sites\/11\/2010\/08\/Doktor_proktor_redigert.jpg\" \/><\/td>\n<td valign=\"top\" style=\"width: 20px\"> <\/td>\n<td>\n<p><strong>DOKTOR  PROKTORS  SENSASJONELLE  SAMLING  AV  D.D.S.\u00d8.I.F  <\/strong><em>Barnehagar<br \/><\/em><\/p>\n<p><span style=\"font-family: 'Arial','sans-serif';font-size: 10pt\">Ver  med  ein  tur  inn  i  Jo  Nesb\u00f8s  spanande  univers  av  dyr  du  skulle  \u00f8nskje  ikkje  fanst.  Utstillinga  inneheld  24  spennande,  skumle  og  litt  l\u00f8gne  dyr.  <a href=\"https:\/\/www.jaermuseet.no\/vitengarden\/wp-content\/uploads\/sites\/11\/2015\/10\/Rakettverkstad.pdf\" target=\"_blank\">Last  ned  meir  informasjon  i  PDF-format<\/a><\/td>\n<\/tr>\n<tr>\n<td colspan=\"3\">\n<hr \/>\n<\/td>\n<\/tr>\n<tr>\n<td><img loading=\"lazy\" decoding=\"async\" width=\"230\" height=\"153\" alt=\"Surt og basisk\" src=\"https:\/\/www.jaermuseet.no\/wp-content\/uploads\/sites\/11\/2010\/08\/Surt%20og%20basisk.jpg\" \/><\/td>\n<td valign=\"top\" style=\"width: 20px\"> <\/td>\n<td><strong>Leik  med  surt  og  basisk<\/strong><br \/>Barnehagar<\/p>\n<p>Kva  skjer  om  ein  blandar  surt  og  basisk  i  kjemiens  verd?  Jau,  ein  f\u00e5r  ei  reaksjon,  og  med  reaksjonen  kan  me  laga  ein  fargerik  vulkan,  ein  filmboksrakett,  ein  ballongoppbl\u00e5sar  og  mykje  anna  kjekt.<\/p>\n<p><a title=\"Surt og basisk\" href=\"https:\/\/www.jaermuseet.no\/vitengarden\/wp-content\/uploads\/sites\/11\/2015\/10\/Jernsl\u00f8yd.pdf\" target=\"_blank\">Last  ned  meir  informasjon  i  PDF-format<\/a><\/td>\n<\/tr>\n<tr>\n<td colspan=\"3\">\n<hr \/>\n<\/td>\n<\/tr>\n<tr>\n<td><img loading=\"lazy\" decoding=\"async\" width=\"229\" height=\"153\" alt=\"byggeskikk og arkitektur\" src=\"https:\/\/www.jaermuseet.no\/wp-content\/uploads\/sites\/11\/2010\/08\/byggeskikk_og_arkitektur.jpg\" \/><\/td>\n<td valign=\"top\" style=\"width: 20px\"> <\/td>\n<td><strong>Byggeskikk<\/strong><br \/>Barnehagar<\/p>\n<p>Korleis  s\u00e5g  husa  i  Noreg  og  p\u00e5  J\u00e6ren  ut  f\u00f8r?  Kva  er  eit  laft  og  kvifor  hadde  dei  stein  til  vegger  og  torv  p\u00e5  taket?  Me  undra  oss  over  byggjeskikk  f\u00f8r  og  no  og  pr\u00f8var  \u00e5  lafta  eit  hus.<\/p>\n<p><a title=\"Byggeskikk\" href=\"https:\/\/www.jaermuseet.no\/vitengarden\/wp-content\/uploads\/sites\/11\/2015\/10\/Potetsetjing.pdf\">Last  ned  meir  informasjon  i  PDF-format<\/a><\/p>\n<\/td>\n<\/tr>\n<tr>\n<td colspan=\"3\">\n<hr \/>\n<\/td>\n<\/tr>\n<tr>\n<td><img loading=\"lazy\" decoding=\"async\" width=\"230\" height=\"177\" alt=\"Potet\" src=\"https:\/\/www.jaermuseet.no\/wp-content\/uploads\/sites\/11\/2010\/08\/Potet.jpg\" \/><\/td>\n<td valign=\"top\" style=\"width: 20px\"> <\/td>\n<td>\n<p><strong>Epleopptak<\/strong><br \/>Barnehagar<br \/>Veke  39  og  40.<\/p>\n<p>Kvar  veks  jordeplene,  kvar  kjem  dei  fr\u00e5  og  kva  kan  dei  nyttast  til?<br \/>Det  vert  opptak  av  epler  og  steiking  av  epleb\u00e5tar  p\u00e5  b\u00e5l.<\/p>\n<p><a href=\"https:\/\/www.jaermuseet.no\/vitengarden\/wp-content\/uploads\/sites\/11\/2015\/10\/Snurrebassverkstad.pdf\" target=\"_blank\">Last  ned  meir  informasjon  i  PDF-format<\/a><\/td>\n<\/tr>\n<tr>\n<td colspan=\"3\">\n<hr \/>\n<\/td>\n<\/tr>\n<tr>\n<td><img loading=\"lazy\" decoding=\"async\" width=\"230\" height=\"153\" alt=\"Helikopter\" src=\"https:\/\/www.jaermuseet.no\/wp-content\/uploads\/sites\/11\/2010\/08\/Helikopter.jpg\" \/><\/td>\n<td valign=\"top\" style=\"width: 20px\"> <\/td>\n<td><strong>Flyverkstad.  Helikopter  og  suger\u00f8yrsrakett.<\/strong><br \/>Barnehagar<\/p>\n<p>Korleis  kan  me  designa  og  byggja  helikopter  av  papir  og  korleis  kan  me  laga  ein  rakett  av  to  suger\u00f8yr?  Me  finn  svara  p\u00e5  dette  i  flyverkstaden.<\/p>\n<p><a title=\"Flyverkstad\" href=\"https:\/\/www.jaermuseet.no\/vitengarden\/wp-content\/uploads\/sites\/11\/2015\/10\/Regnbogekjemi.pdf\" target=\"_blank\">Last  ned  meir  informasjon  i  PDF-format<\/a><\/td>\n<\/tr>\n<tr>\n<td colspan=\"3\">\n<hr \/>\n<\/td>\n<\/tr>\n<tr>\n<td><img loading=\"lazy\" decoding=\"async\" width=\"230\" height=\"153\" alt=\"Slikkepinne\" src=\"https:\/\/www.jaermuseet.no\/wp-content\/uploads\/sites\/11\/2010\/08\/Slikkepinne.jpg\" \/><\/td>\n<td valign=\"top\"> <\/td>\n<td><strong>Slikkepinneverkstad<br \/><\/strong>Barnehagar<\/p>\n<p>Korleis  laga  ein  slikkepinne,  kva  kjemisk  reaksjon  finn  stad  n\u00e5r  ein  blandar  vatn,  sukker  og  druesukker  i  ei  gryte  og  kokar  opp?<\/p>\n<p><a title=\"Slikkepinneverkstad\" href=\"https:\/\/www.jaermuseet.no\/vitengarden\/wp-content\/uploads\/sites\/11\/2015\/10\/Kinna sm\u00f8r.pdf\" target=\"_blank\">Last  ned  meir  informasjon  i  PDF-format<\/a><\/td>\n<\/tr>\n<tr>\n<td colspan=\"3\">\n<hr \/>\n<\/td>\n<\/tr>\n<tr>\n<td><img loading=\"lazy\" decoding=\"async\" width=\"230\" height=\"153\" alt=\"Den_gamle_garden_og_dyra\" src=\"https:\/\/www.jaermuseet.no\/wp-content\/uploads\/sites\/11\/2010\/08\/Den_gamle_garden_og_dyra.jpg\" \/><\/td>\n<td valign=\"top\" style=\"width: 20px\"> <\/td>\n<td><strong>Den  gamle  garden  og  dyra<\/strong><br \/>Barnehagar<\/p>\n<p>Fylg  og  ta  del  i  den  daglege  drifta  p\u00e5  garden.  Opplev  dyra  p\u00e5  n\u00e6rt  hald,  hopp  i  h\u00f8yet  og  utforsk  utstillingane  i  museet.<\/p>\n<p><a title=\"Gamle garden\" href=\"https:\/\/www.jaermuseet.no\/vitengarden\/wp-content\/uploads\/sites\/11\/2015\/10\/Kokkar_i_friluft.pdf\" target=\"_blank\">Last  ned  meir  informasjon  i  PDF-format<\/a><\/td>\n<\/tr>\n<tr>\n<td colspan=\"3\">\n<hr \/>\n<\/td>\n<\/tr>\n<tr>\n<td><img loading=\"lazy\" decoding=\"async\" width=\"230\" height=\"153\" alt=\"Mala_korn\" src=\"https:\/\/www.jaermuseet.no\/wp-content\/uploads\/sites\/11\/2010\/08\/Mala_korn.jpg\" \/><\/td>\n<td valign=\"top\"> <\/td>\n<td><strong>Mala  korn<\/strong><br \/>Barnehagar<\/p>\n<p>Me  ser  p\u00e5  maling  av  korn  i  gammal  tid  og  maling  av  korn  i  dag.  Me  reinsar  mj\u00f8let  og  kokar  graut  p\u00e5  det,  og  til  slutt  smakar  me  p\u00e5  grauten  og  undrar  oss  over  mattradisjonar  og  levesett  f\u00f8r  og  n\u00e5.<\/p>\n<p><a class=\"jce_file\" href=\"https:\/\/www.jaermuseet.no\/vitengarden\/wp-content\/uploads\/sites\/11\/2015\/10\/Sauen2.pdf\" target=\"_blank\">Last  ned  mer  meir  informasjon  i  PDF-format<\/a><\/td>\n<\/tr>\n<\/tbody>\n<\/table>\n<table border=\"0\" cellpadding=\"660\">\n<tbody>\n<tr>\n<td colspan=\"3\">\n<hr \/>\n<\/td>\n<\/tr>\n<tr>\n<td><img loading=\"lazy\" decoding=\"async\" width=\"230\" height=\"153\" alt=\"Me_ser_p_lamma\" src=\"https:\/\/www.jaermuseet.no\/wp-content\/uploads\/sites\/11\/2010\/08\/Me_ser_p_lamma.jpg\" \/><\/td>\n<td valign=\"top\" style=\"width: 20px\"> <\/td>\n<td><strong>Me  ser  p\u00e5  lamma<\/strong><br \/>Barnehagar<\/p>\n<p>Sauen  lemmar  og  me  ser  lamma  ta  sine  f\u00f8rste  steg,  ta  til  seg  f\u00f8de  og  utforska  sitt  nye  tilv\u00e6re<i>.  <br \/>\u201d  Min  fysste  kamerat  det  va  et  lide  l\u00e5m  eg  huska  eg  sto  der  \u00e5  s\u00e5g  p\u00e5  d\u00e5  det  kom&#8230;  Ud&#8230;  ud,  ud&#8230;.\u201d<\/i><br \/>(T\u00f8nes,  Bonde)<\/p>\n<p><a href=\"https:\/\/www.jaermuseet.no\/vitengarden\/wp-content\/uploads\/sites\/11\/2015\/10\/P_tur_i_Hanabergsmarka.pdf\" target=\"_blank\">Last  ned  meir  informasjon  i  PDF-format.<\/a><\/p>\n<\/td>\n<\/tr>\n<tr>\n<td colspan=\"3\">\n<hr \/>\n<\/td>\n<\/tr>\n<tr>\n<td><img loading=\"lazy\" decoding=\"async\" width=\"230\" height=\"153\" alt=\"Jul_i_gamledager\" src=\"https:\/\/www.jaermuseet.no\/wp-content\/uploads\/sites\/11\/2010\/08\/Jul_i_gamledager.jpg\" \/><\/td>\n<td valign=\"top\"> <\/td>\n<td><strong>Jul  i  gamle  dagar<br \/><\/strong>Barnehagar<\/p>\n<p>Dette  tilbodet  har  fleire  aktivitetar  \u00e5  velja  mellom.  Barnehagen  m\u00e5  sj\u00f8lv  setja  saman  aktivitetar  som  passar  for  dei.  Dersom  ein  \u00f8nskjer  graut  kostar  det  kr  60  pr.  pers.  Lys  kostar  kr  15  pr.  pers.<\/p>\n<p><a class=\"jce_file\" href=\"https:\/\/www.jaermuseet.no\/vitengarden\/wp-content\/uploads\/sites\/11\/2015\/10\/Jul_i_gamle_dagar.pdf\" target=\"_blank\">Last  ned  meir  informasjon  i  PDF-format<\/a><\/td>\n<\/tr>\n<\/tbody>\n<\/table>\n","protected":false},"excerpt":{"rendered":"<p><img loading=\"lazy\" decoding=\"async\" width=\"136\" height=\"64\" style=\"float: left\" alt=\"Barnehager\" src=\"images\/stories\/bannere\/btn_barnehagar_nn.png\" \/><\/p>\n","protected":false},"author":10,"featured_media":0,"parent":0,"menu_order":0,"comment_status":"open","ping_status":"open","template":"","meta":{"_acf_changed":false,"footnotes":""},"class_list":["post-63","page","type-page","status-publish","hentry"],"acf":[],"yoast_head":"<!-- This site is optimized with the Yoast SEO plugin v27.4 - https:\/\/yoast.com\/product\/yoast-seo-wordpress\/ -->\n<title>Barnehagar - Vitengarden<\/title>\n<meta name=\"robots\" content=\"index, follow, max-snippet:-1, max-image-preview:large, max-video-preview:-1\" \/>\n<link rel=\"canonical\" href=\"https:\/\/www.jaermuseet.no\/vitengarden\/barnehagar\/\" \/>\n<meta property=\"og:locale\" content=\"nn_NO\" \/>\n<meta property=\"og:type\" content=\"article\" \/>\n<meta property=\"og:title\" content=\"Barnehagar - Vitengarden\" \/>\n<meta property=\"og:url\" content=\"https:\/\/www.jaermuseet.no\/vitengarden\/barnehagar\/\" \/>\n<meta property=\"og:site_name\" content=\"Vitengarden\" \/>\n<meta property=\"article:modified_time\" content=\"2015-10-01T00:11:58+00:00\" \/>\n<meta property=\"og:image\" content=\"https:\/\/www.jaermuseet.no\/wp-content\/uploads\/sites\/11\/2010\/08\/Doktor_proktor_redigert.jpg\" \/>\n<meta name=\"twitter:card\" content=\"summary_large_image\" \/>\n<meta name=\"twitter:label1\" content=\"Est. reading time\" \/>\n\t<meta name=\"twitter:data1\" content=\"3 minutt\" \/>\n<script type=\"application\/ld+json\" class=\"yoast-schema-graph\">{\"@context\":\"https:\\\/\\\/schema.org\",\"@graph\":[{\"@type\":\"WebPage\",\"@id\":\"https:\\\/\\\/www.jaermuseet.no\\\/vitengarden\\\/barnehagar\\\/\",\"url\":\"https:\\\/\\\/www.jaermuseet.no\\\/vitengarden\\\/barnehagar\\\/\",\"name\":\"Barnehagar - Vitengarden\",\"isPartOf\":{\"@id\":\"https:\\\/\\\/www.jaermuseet.no\\\/vitengarden\\\/#website\"},\"primaryImageOfPage\":{\"@id\":\"https:\\\/\\\/www.jaermuseet.no\\\/vitengarden\\\/barnehagar\\\/#primaryimage\"},\"image\":{\"@id\":\"https:\\\/\\\/www.jaermuseet.no\\\/vitengarden\\\/barnehagar\\\/#primaryimage\"},\"thumbnailUrl\":\"https:\\\/\\\/www.jaermuseet.no\\\/wp-content\\\/uploads\\\/sites\\\/11\\\/2010\\\/08\\\/Doktor_proktor_redigert.jpg\",\"datePublished\":\"2010-08-12T06:48:30+00:00\",\"dateModified\":\"2015-10-01T00:11:58+00:00\",\"breadcrumb\":{\"@id\":\"https:\\\/\\\/www.jaermuseet.no\\\/vitengarden\\\/barnehagar\\\/#breadcrumb\"},\"inLanguage\":\"nn-NO\",\"potentialAction\":[{\"@type\":\"ReadAction\",\"target\":[\"https:\\\/\\\/www.jaermuseet.no\\\/vitengarden\\\/barnehagar\\\/\"]}]},{\"@type\":\"ImageObject\",\"inLanguage\":\"nn-NO\",\"@id\":\"https:\\\/\\\/www.jaermuseet.no\\\/vitengarden\\\/barnehagar\\\/#primaryimage\",\"url\":\"https:\\\/\\\/www.jaermuseet.no\\\/wp-content\\\/uploads\\\/sites\\\/11\\\/2010\\\/08\\\/Doktor_proktor_redigert.jpg\",\"contentUrl\":\"https:\\\/\\\/www.jaermuseet.no\\\/wp-content\\\/uploads\\\/sites\\\/11\\\/2010\\\/08\\\/Doktor_proktor_redigert.jpg\"},{\"@type\":\"BreadcrumbList\",\"@id\":\"https:\\\/\\\/www.jaermuseet.no\\\/vitengarden\\\/barnehagar\\\/#breadcrumb\",\"itemListElement\":[{\"@type\":\"ListItem\",\"position\":1,\"name\":\"Heim\",\"item\":\"https:\\\/\\\/www.jaermuseet.no\\\/vitengarden\\\/\"},{\"@type\":\"ListItem\",\"position\":2,\"name\":\"Barnehagar\"}]},{\"@type\":\"WebSite\",\"@id\":\"https:\\\/\\\/www.jaermuseet.no\\\/vitengarden\\\/#website\",\"url\":\"https:\\\/\\\/www.jaermuseet.no\\\/vitengarden\\\/\",\"name\":\"Vitengarden\",\"description\":\"Take part in science and history with new and engaging methods\",\"potentialAction\":[{\"@type\":\"SearchAction\",\"target\":{\"@type\":\"EntryPoint\",\"urlTemplate\":\"https:\\\/\\\/www.jaermuseet.no\\\/vitengarden\\\/?s={search_term_string}\"},\"query-input\":{\"@type\":\"PropertyValueSpecification\",\"valueRequired\":true,\"valueName\":\"search_term_string\"}}],\"inLanguage\":\"nn-NO\"}]}<\/script>\n<!-- \/ Yoast SEO plugin. -->","yoast_head_json":{"title":"Barnehagar - Vitengarden","robots":{"index":"index","follow":"follow","max-snippet":"max-snippet:-1","max-image-preview":"max-image-preview:large","max-video-preview":"max-video-preview:-1"},"canonical":"https:\/\/www.jaermuseet.no\/vitengarden\/barnehagar\/","og_locale":"nn_NO","og_type":"article","og_title":"Barnehagar - Vitengarden","og_url":"https:\/\/www.jaermuseet.no\/vitengarden\/barnehagar\/","og_site_name":"Vitengarden","article_modified_time":"2015-10-01T00:11:58+00:00","og_image":[{"url":"https:\/\/www.jaermuseet.no\/wp-content\/uploads\/sites\/11\/2010\/08\/Doktor_proktor_redigert.jpg","type":"","width":"","height":""}],"twitter_card":"summary_large_image","twitter_misc":{"Est. reading time":"3 minutt"},"schema":{"@context":"https:\/\/schema.org","@graph":[{"@type":"WebPage","@id":"https:\/\/www.jaermuseet.no\/vitengarden\/barnehagar\/","url":"https:\/\/www.jaermuseet.no\/vitengarden\/barnehagar\/","name":"Barnehagar - Vitengarden","isPartOf":{"@id":"https:\/\/www.jaermuseet.no\/vitengarden\/#website"},"primaryImageOfPage":{"@id":"https:\/\/www.jaermuseet.no\/vitengarden\/barnehagar\/#primaryimage"},"image":{"@id":"https:\/\/www.jaermuseet.no\/vitengarden\/barnehagar\/#primaryimage"},"thumbnailUrl":"https:\/\/www.jaermuseet.no\/wp-content\/uploads\/sites\/11\/2010\/08\/Doktor_proktor_redigert.jpg","datePublished":"2010-08-12T06:48:30+00:00","dateModified":"2015-10-01T00:11:58+00:00","breadcrumb":{"@id":"https:\/\/www.jaermuseet.no\/vitengarden\/barnehagar\/#breadcrumb"},"inLanguage":"nn-NO","potentialAction":[{"@type":"ReadAction","target":["https:\/\/www.jaermuseet.no\/vitengarden\/barnehagar\/"]}]},{"@type":"ImageObject","inLanguage":"nn-NO","@id":"https:\/\/www.jaermuseet.no\/vitengarden\/barnehagar\/#primaryimage","url":"https:\/\/www.jaermuseet.no\/wp-content\/uploads\/sites\/11\/2010\/08\/Doktor_proktor_redigert.jpg","contentUrl":"https:\/\/www.jaermuseet.no\/wp-content\/uploads\/sites\/11\/2010\/08\/Doktor_proktor_redigert.jpg"},{"@type":"BreadcrumbList","@id":"https:\/\/www.jaermuseet.no\/vitengarden\/barnehagar\/#breadcrumb","itemListElement":[{"@type":"ListItem","position":1,"name":"Heim","item":"https:\/\/www.jaermuseet.no\/vitengarden\/"},{"@type":"ListItem","position":2,"name":"Barnehagar"}]},{"@type":"WebSite","@id":"https:\/\/www.jaermuseet.no\/vitengarden\/#website","url":"https:\/\/www.jaermuseet.no\/vitengarden\/","name":"Vitengarden","description":"Take part in science and history with new and engaging methods","potentialAction":[{"@type":"SearchAction","target":{"@type":"EntryPoint","urlTemplate":"https:\/\/www.jaermuseet.no\/vitengarden\/?s={search_term_string}"},"query-input":{"@type":"PropertyValueSpecification","valueRequired":true,"valueName":"search_term_string"}}],"inLanguage":"nn-NO"}]}},"jetpack_sharing_enabled":true,"_links":{"self":[{"href":"https:\/\/www.jaermuseet.no\/vitengarden\/wp-json\/wp\/v2\/pages\/63","targetHints":{"allow":["GET"]}}],"collection":[{"href":"https:\/\/www.jaermuseet.no\/vitengarden\/wp-json\/wp\/v2\/pages"}],"about":[{"href":"https:\/\/www.jaermuseet.no\/vitengarden\/wp-json\/wp\/v2\/types\/page"}],"author":[{"embeddable":true,"href":"https:\/\/www.jaermuseet.no\/vitengarden\/wp-json\/wp\/v2\/users\/10"}],"replies":[{"embeddable":true,"href":"https:\/\/www.jaermuseet.no\/vitengarden\/wp-json\/wp\/v2\/comments?post=63"}],"version-history":[{"count":1,"href":"https:\/\/www.jaermuseet.no\/vitengarden\/wp-json\/wp\/v2\/pages\/63\/revisions"}],"predecessor-version":[{"id":995,"href":"https:\/\/www.jaermuseet.no\/vitengarden\/wp-json\/wp\/v2\/pages\/63\/revisions\/995"}],"wp:attachment":[{"href":"https:\/\/www.jaermuseet.no\/vitengarden\/wp-json\/wp\/v2\/media?parent=63"}],"curies":[{"name":"wp","href":"https:\/\/api.w.org\/{rel}","templated":true}]}}