{"id":51,"date":"2011-11-22T21:51:44","date_gmt":"2011-11-22T20:51:44","guid":{"rendered":"https:\/\/www.jaermuseet.no\/vitengarden\/funn-av-noregs-eldste-gard-pa-vitengarden\/"},"modified":"2011-11-22T21:51:44","modified_gmt":"2011-11-22T20:51:44","slug":"funn-av-noregs-eldste-gard-pa-vitengarden","status":"publish","type":"page","link":"https:\/\/www.jaermuseet.no\/vitengarden\/funn-av-noregs-eldste-gard-pa-vitengarden\/","title":{"rendered":"Funn av Noregs eldste gard p\u00e5 Vitengarden"},"content":{"rendered":"<p>Arkeologar har hausten 2011\u00a0truleg funne det eldste kjente gardsbruket i Norge p\u00e5 Vitengarden si jord p\u00e5 Kvia!<\/p>\n<p>Vitengarden J\u00e6rmuseet er bevisst plassert i eit omr\u00e5de som ein visste var rikt p\u00e5 fornminner, s\u00e6rleg\u00a0i kulturminneomr\u00e5det Hanabergsmarka. Utgravingane som\u00a0denne gong vert gjort, er utl\u00f8yst av at det vert grave ei ekstra stor og brei gr\u00f8ft mellom det gamle og nye meieriet p\u00e5 N\u00e6rb\u00f8. Denne g\u00e5r over Kvia-garden langs jernbanelina og gjev eit 12 meter breit og 425 meter langt utgravingsomr\u00e5de.<\/p>\n<p>Prosjekt-ansvarlig arkeolog Olle Helmsdorf fr\u00e5 Arkeologisk museum og teamet hans jublar over dette utrulege funnet som er gjort og det same gjer sj\u00f8lvsagt direkt\u00f8r for J\u00e6rmuseet, avdelingsleiar p\u00e5 Vitengarden og\u00a0resten av\u00a0staben.<\/p>\n<p>Rekninga for dette utgravingsarbeidet, kr 1.7 mill, vert dekka av Tine, J\u00e6ren Fjernvarme, J\u00e6ren Everk og H\u00e5 kommune. Feltarbeidet er n\u00e5 gjort og arbeidet er avslutta.<\/p>\n<p><img loading=\"lazy\" decoding=\"async\" height=\"259\" width=\"368\" src=\"https:\/\/www.jaermuseet.no\/wp-content\/uploads\/sites\/11\/2011\/11\/Arkeologar_i_arbeid_2011.jpg\" alt=\"Arkeologar_i_arbeid_2011\" style=\"margin-bottom: 10px;margin-right: 10px\" \/><img loading=\"lazy\" decoding=\"async\" height=\"262\" width=\"350\" src=\"https:\/\/www.jaermuseet.no\/wp-content\/uploads\/sites\/11\/2011\/11\/Arkeologane_og_dei_tilsette_2011.jpg\" alt=\"Arkeologane_og_dei_tilsette_2011\" style=\"margin-bottom: 10px;margin-right: 10px\" \/><\/p>\n<p><span style=\"font-size: 8pt\"><em>Bileta over viser arkeologane i arbeid, og funna som vert vist fram\u00a0d\u00e5 dei\u00a0tilsette i J\u00e6rmuseet var p\u00e5 befaring p\u00e5 utgravingsomr\u00e5det<\/em>. <\/span><\/p>\n<p><strong>Fleire interessante funn<\/strong><\/p>\n<p>Hovudfunna ein har gjort omfattar stolpehol etter eit s\u00e5kalla &#8220;toskipa langhus&#8221; p\u00e5 18 x 5,5 meter, truleg fr\u00e5 rundt 2000 \u00e5r f.Kr., som er slutten av yngre steinalder. Videre Videre er det funne ei menneskegrav med brente menneskebein, truleg fr\u00e5 rundet 500 f. kr. i overgangen mellom bronse\u2013 og jernalder.<\/p>\n<p>I tillegg har ein funne ein masse pottesk\u00e5r og liknande som n\u00e5 er teke med til analyse. Men for eit spesielt sk\u00e5r har dei alt sl\u00e5tt fast at det er like gamalt som huset.<\/p>\n<p>Stolpehola tyder p\u00e5 at huset har vorte fornya fleire gonger og at det og hadde eit spesielt inngangsparti som er interessant arkeologisk.<\/p>\n<p>Det er nemlig i dei siste ti\u00e5ra forska mykje p\u00e5 \u00e5 f\u00e5 eit meir nyansert bilete av utviklinga av samfunn og levesett i Skandinavia s\u00e5 langt tilbake som desse funna p\u00e5 Kvia er fr\u00e5. Dette gjer dette funnet enn\u00e5 meir interessant.<\/p>\n<p>I Norge, ikkje minst p\u00e5 J\u00e6ren, har ein p\u00e5vist tidlige former for jordbruk og husdyrhald fleire tusen \u00e5r f\u00f8r Kristus. Kor tidlig og kor utstrakte desse tidlige b\u00f8ndene dreiv oversj\u00f8isk handel er og usikkert. Det er her koppe-sk\u00e5ret fra Kvia kjem inn i biletet. Koppen kan ha vore importert fra Danmark, sier arkeolog Astrid Bj\u00f8rlo.<\/p>\n<p>Sjefen, danske Hemdorff g\u00e5r lenger: &#8211; Jeg er overbevist om at koppen er produsert i Danmark, og viser til at b\u00e5de leirtypen og utforminga som b\u00e6r preg av \u00e5 vera av dansk opprinnelse. C14-analyser med eit slingringsmon p\u00e5 pluss\/minus 30 \u00e5r av kornrestar i stolpeh\u00e5la, der keramikksk\u00e5ret blei funne, vil gje fasitsvaret. Dersom koppen er laga rundt 2000 \u00e5r f. Kr. \u2013 ja d\u00e5 bekrefter det ogs\u00e5 at dette er Norge sitt hittil eldste kjente gardsbruk, sier Olle Hemdorff. I tillegg vert funnet ein veldig god bekreftelse p\u00e5 at det nesten 3000 \u00e5r f\u00f8r vikingtida var forholdsvis utstrakte oversj\u00f8iske forbindelsar mellom J\u00e6ren og Danmark over Skagerrak, p\u00e5peikar han. Ogs\u00e5 gravfunnet vil truleg gje interessant ny kunnskap.<\/p>\n<p>For J\u00e6rrmuseet-Vitengarden er dette difor ei kjempestor g\u00e5ve, idet ein n\u00e5 f\u00e5r innsikt i b\u00e5de busetnad og folkelivet p\u00e5 denne tida. Kanskje kan\u00a0Kvia-garden\u00a0ogs\u00e5 f\u00e5 ein ny attraksjon om ein finn det aktuelt \u00e5 byggja opp att huset, slik som det var. Arkeologen meiner at det truleg budde ein familie p\u00e5 fem til sju medlemer som dreiv hakkejordbruk og dyrka b\u00e5de rug og kveite og hadde husdyr.<\/p>\n<p>Me fylgjer spent med vidare.<\/p>\n<p>\u00a0<\/p>\n<p><em>Tekst skrevet av Svein Inge Aarestad, redakt\u00f8r for Vennelaget til Vitengarden sitt medlemsblad &#8220;J\u00e6rlappen&#8221;<\/em><\/p>\n","protected":false},"excerpt":{"rendered":"<p>Arkeologar har hausten 2011\u00a0truleg funne det eldste kjente gardsbruket i&#8230;<\/p>\n","protected":false},"author":10,"featured_media":0,"parent":0,"menu_order":0,"comment_status":"open","ping_status":"open","template":"","meta":{"_acf_changed":false,"footnotes":""},"class_list":["post-51","page","type-page","status-publish","hentry"],"acf":[],"yoast_head":"<!-- This site is optimized with the Yoast SEO plugin v27.4 - https:\/\/yoast.com\/product\/yoast-seo-wordpress\/ -->\n<title>Funn av Noregs eldste gard p\u00e5 Vitengarden - Vitengarden<\/title>\n<meta name=\"robots\" content=\"index, follow, max-snippet:-1, max-image-preview:large, max-video-preview:-1\" \/>\n<link rel=\"canonical\" href=\"https:\/\/www.jaermuseet.no\/vitengarden\/funn-av-noregs-eldste-gard-pa-vitengarden\/\" \/>\n<meta property=\"og:locale\" content=\"nn_NO\" \/>\n<meta property=\"og:type\" content=\"article\" \/>\n<meta property=\"og:title\" content=\"Funn av Noregs eldste gard p\u00e5 Vitengarden - Vitengarden\" \/>\n<meta property=\"og:description\" content=\"Arkeologar har hausten 2011\u00a0truleg funne det eldste kjente gardsbruket i...\" \/>\n<meta property=\"og:url\" content=\"https:\/\/www.jaermuseet.no\/vitengarden\/funn-av-noregs-eldste-gard-pa-vitengarden\/\" \/>\n<meta property=\"og:site_name\" content=\"Vitengarden\" \/>\n<meta property=\"og:image\" content=\"https:\/\/www.jaermuseet.no\/wp-content\/uploads\/sites\/11\/2011\/11\/Arkeologar_i_arbeid_2011.jpg\" \/>\n<meta name=\"twitter:card\" content=\"summary_large_image\" \/>\n<meta name=\"twitter:label1\" content=\"Est. reading time\" \/>\n\t<meta name=\"twitter:data1\" content=\"3 minutt\" \/>\n<script type=\"application\/ld+json\" class=\"yoast-schema-graph\">{\"@context\":\"https:\\\/\\\/schema.org\",\"@graph\":[{\"@type\":\"WebPage\",\"@id\":\"https:\\\/\\\/www.jaermuseet.no\\\/vitengarden\\\/funn-av-noregs-eldste-gard-pa-vitengarden\\\/\",\"url\":\"https:\\\/\\\/www.jaermuseet.no\\\/vitengarden\\\/funn-av-noregs-eldste-gard-pa-vitengarden\\\/\",\"name\":\"Funn av Noregs eldste gard p\u00e5 Vitengarden - Vitengarden\",\"isPartOf\":{\"@id\":\"https:\\\/\\\/www.jaermuseet.no\\\/vitengarden\\\/#website\"},\"primaryImageOfPage\":{\"@id\":\"https:\\\/\\\/www.jaermuseet.no\\\/vitengarden\\\/funn-av-noregs-eldste-gard-pa-vitengarden\\\/#primaryimage\"},\"image\":{\"@id\":\"https:\\\/\\\/www.jaermuseet.no\\\/vitengarden\\\/funn-av-noregs-eldste-gard-pa-vitengarden\\\/#primaryimage\"},\"thumbnailUrl\":\"https:\\\/\\\/www.jaermuseet.no\\\/wp-content\\\/uploads\\\/sites\\\/11\\\/2011\\\/11\\\/Arkeologar_i_arbeid_2011.jpg\",\"datePublished\":\"2011-11-22T20:51:44+00:00\",\"breadcrumb\":{\"@id\":\"https:\\\/\\\/www.jaermuseet.no\\\/vitengarden\\\/funn-av-noregs-eldste-gard-pa-vitengarden\\\/#breadcrumb\"},\"inLanguage\":\"nn-NO\",\"potentialAction\":[{\"@type\":\"ReadAction\",\"target\":[\"https:\\\/\\\/www.jaermuseet.no\\\/vitengarden\\\/funn-av-noregs-eldste-gard-pa-vitengarden\\\/\"]}]},{\"@type\":\"ImageObject\",\"inLanguage\":\"nn-NO\",\"@id\":\"https:\\\/\\\/www.jaermuseet.no\\\/vitengarden\\\/funn-av-noregs-eldste-gard-pa-vitengarden\\\/#primaryimage\",\"url\":\"https:\\\/\\\/www.jaermuseet.no\\\/wp-content\\\/uploads\\\/sites\\\/11\\\/2011\\\/11\\\/Arkeologar_i_arbeid_2011.jpg\",\"contentUrl\":\"https:\\\/\\\/www.jaermuseet.no\\\/wp-content\\\/uploads\\\/sites\\\/11\\\/2011\\\/11\\\/Arkeologar_i_arbeid_2011.jpg\"},{\"@type\":\"BreadcrumbList\",\"@id\":\"https:\\\/\\\/www.jaermuseet.no\\\/vitengarden\\\/funn-av-noregs-eldste-gard-pa-vitengarden\\\/#breadcrumb\",\"itemListElement\":[{\"@type\":\"ListItem\",\"position\":1,\"name\":\"Heim\",\"item\":\"https:\\\/\\\/www.jaermuseet.no\\\/vitengarden\\\/\"},{\"@type\":\"ListItem\",\"position\":2,\"name\":\"Funn av Noregs eldste gard p\u00e5 Vitengarden\"}]},{\"@type\":\"WebSite\",\"@id\":\"https:\\\/\\\/www.jaermuseet.no\\\/vitengarden\\\/#website\",\"url\":\"https:\\\/\\\/www.jaermuseet.no\\\/vitengarden\\\/\",\"name\":\"Vitengarden\",\"description\":\"Take part in science and history with new and engaging methods\",\"potentialAction\":[{\"@type\":\"SearchAction\",\"target\":{\"@type\":\"EntryPoint\",\"urlTemplate\":\"https:\\\/\\\/www.jaermuseet.no\\\/vitengarden\\\/?s={search_term_string}\"},\"query-input\":{\"@type\":\"PropertyValueSpecification\",\"valueRequired\":true,\"valueName\":\"search_term_string\"}}],\"inLanguage\":\"nn-NO\"}]}<\/script>\n<!-- \/ Yoast SEO plugin. -->","yoast_head_json":{"title":"Funn av Noregs eldste gard p\u00e5 Vitengarden - Vitengarden","robots":{"index":"index","follow":"follow","max-snippet":"max-snippet:-1","max-image-preview":"max-image-preview:large","max-video-preview":"max-video-preview:-1"},"canonical":"https:\/\/www.jaermuseet.no\/vitengarden\/funn-av-noregs-eldste-gard-pa-vitengarden\/","og_locale":"nn_NO","og_type":"article","og_title":"Funn av Noregs eldste gard p\u00e5 Vitengarden - Vitengarden","og_description":"Arkeologar har hausten 2011\u00a0truleg funne det eldste kjente gardsbruket i...","og_url":"https:\/\/www.jaermuseet.no\/vitengarden\/funn-av-noregs-eldste-gard-pa-vitengarden\/","og_site_name":"Vitengarden","og_image":[{"url":"https:\/\/www.jaermuseet.no\/wp-content\/uploads\/sites\/11\/2011\/11\/Arkeologar_i_arbeid_2011.jpg","type":"","width":"","height":""}],"twitter_card":"summary_large_image","twitter_misc":{"Est. reading time":"3 minutt"},"schema":{"@context":"https:\/\/schema.org","@graph":[{"@type":"WebPage","@id":"https:\/\/www.jaermuseet.no\/vitengarden\/funn-av-noregs-eldste-gard-pa-vitengarden\/","url":"https:\/\/www.jaermuseet.no\/vitengarden\/funn-av-noregs-eldste-gard-pa-vitengarden\/","name":"Funn av Noregs eldste gard p\u00e5 Vitengarden - Vitengarden","isPartOf":{"@id":"https:\/\/www.jaermuseet.no\/vitengarden\/#website"},"primaryImageOfPage":{"@id":"https:\/\/www.jaermuseet.no\/vitengarden\/funn-av-noregs-eldste-gard-pa-vitengarden\/#primaryimage"},"image":{"@id":"https:\/\/www.jaermuseet.no\/vitengarden\/funn-av-noregs-eldste-gard-pa-vitengarden\/#primaryimage"},"thumbnailUrl":"https:\/\/www.jaermuseet.no\/wp-content\/uploads\/sites\/11\/2011\/11\/Arkeologar_i_arbeid_2011.jpg","datePublished":"2011-11-22T20:51:44+00:00","breadcrumb":{"@id":"https:\/\/www.jaermuseet.no\/vitengarden\/funn-av-noregs-eldste-gard-pa-vitengarden\/#breadcrumb"},"inLanguage":"nn-NO","potentialAction":[{"@type":"ReadAction","target":["https:\/\/www.jaermuseet.no\/vitengarden\/funn-av-noregs-eldste-gard-pa-vitengarden\/"]}]},{"@type":"ImageObject","inLanguage":"nn-NO","@id":"https:\/\/www.jaermuseet.no\/vitengarden\/funn-av-noregs-eldste-gard-pa-vitengarden\/#primaryimage","url":"https:\/\/www.jaermuseet.no\/wp-content\/uploads\/sites\/11\/2011\/11\/Arkeologar_i_arbeid_2011.jpg","contentUrl":"https:\/\/www.jaermuseet.no\/wp-content\/uploads\/sites\/11\/2011\/11\/Arkeologar_i_arbeid_2011.jpg"},{"@type":"BreadcrumbList","@id":"https:\/\/www.jaermuseet.no\/vitengarden\/funn-av-noregs-eldste-gard-pa-vitengarden\/#breadcrumb","itemListElement":[{"@type":"ListItem","position":1,"name":"Heim","item":"https:\/\/www.jaermuseet.no\/vitengarden\/"},{"@type":"ListItem","position":2,"name":"Funn av Noregs eldste gard p\u00e5 Vitengarden"}]},{"@type":"WebSite","@id":"https:\/\/www.jaermuseet.no\/vitengarden\/#website","url":"https:\/\/www.jaermuseet.no\/vitengarden\/","name":"Vitengarden","description":"Take part in science and history with new and engaging methods","potentialAction":[{"@type":"SearchAction","target":{"@type":"EntryPoint","urlTemplate":"https:\/\/www.jaermuseet.no\/vitengarden\/?s={search_term_string}"},"query-input":{"@type":"PropertyValueSpecification","valueRequired":true,"valueName":"search_term_string"}}],"inLanguage":"nn-NO"}]}},"jetpack_sharing_enabled":true,"_links":{"self":[{"href":"https:\/\/www.jaermuseet.no\/vitengarden\/wp-json\/wp\/v2\/pages\/51","targetHints":{"allow":["GET"]}}],"collection":[{"href":"https:\/\/www.jaermuseet.no\/vitengarden\/wp-json\/wp\/v2\/pages"}],"about":[{"href":"https:\/\/www.jaermuseet.no\/vitengarden\/wp-json\/wp\/v2\/types\/page"}],"author":[{"embeddable":true,"href":"https:\/\/www.jaermuseet.no\/vitengarden\/wp-json\/wp\/v2\/users\/10"}],"replies":[{"embeddable":true,"href":"https:\/\/www.jaermuseet.no\/vitengarden\/wp-json\/wp\/v2\/comments?post=51"}],"version-history":[{"count":0,"href":"https:\/\/www.jaermuseet.no\/vitengarden\/wp-json\/wp\/v2\/pages\/51\/revisions"}],"wp:attachment":[{"href":"https:\/\/www.jaermuseet.no\/vitengarden\/wp-json\/wp\/v2\/media?parent=51"}],"curies":[{"name":"wp","href":"https:\/\/api.w.org\/{rel}","templated":true}]}}