{"id":49,"date":"2011-05-25T13:16:18","date_gmt":"2011-05-25T12:16:18","guid":{"rendered":"https:\/\/www.jaermuseet.no\/vitengarden\/viba-ae-komen\/"},"modified":"2011-05-25T13:16:18","modified_gmt":"2011-05-25T12:16:18","slug":"viba-ae-komen","status":"publish","type":"page","link":"https:\/\/www.jaermuseet.no\/vitengarden\/viba-ae-komen\/","title":{"rendered":"Vib\u00e5 \u00e6 komen!"},"content":{"rendered":"<p><\/p>\n<div class=\"jce_caption\" style=\"width: 655px;margin: 10px\"><img loading=\"lazy\" decoding=\"async\" height=\"262\" width=\"655\" src=\"https:\/\/www.jaermuseet.no\/wp-content\/uploads\/sites\/11\/2011\/05\/starekassen_-_Copy.jpg\" alt=\"starekassen_-_Copy\" \/><\/p>\n<div style=\"color: #999999;clear: both\">I den nye utstillinga kan du mellom anna sj\u00e5 liveoverf\u00f8ring fr\u00e5 ein fuglekasse me har rett utanfor.<\/div>\n<\/div>\n<p>Me utvidar dei faste utstillingane med avdelinga\u00a0 &#8220;Vib\u00e5 \u00e6 komen&#8221;<\/p>\n<p><\/strong>N\u00e5r\u00a0me ser vipa p\u00e5 J\u00e6ren, veit\u00a0me det er v\u00e5r. Slik har det ikkje alltid vore. Fram til byrjinga av 1800-talet var berre ein liten del av J\u00e6ren dyrka, det meste var lynghei, myrar og sm\u00e5 vatn. Vipa blei vanleg p\u00e5 J\u00e6ren d\u00e5 b\u00f8ndene dyrka opp landskapet for alvor. Ho, og fleire andre fugleartar, fann mat og treivst i jordbrukslandskapet. Slik gav jordbrukslandskapet J\u00e6ren eit rikare biologisk mangfald.<\/p>\n<p>Sidan har noko skjedd. Nokre fugleartar, som vipa, blir det f\u00e6rre av. Andre artar har forsvunne heilt. Truleg heng det saman med endringar i b\u00e5de kulturlandskap og driftsmetodar i jordbruket. Ei intensiv drift og monokulturar er ikkje fuglevenleg.<\/p>\n<p>No flyttar fuglar inn i utstillinga saman med Br\u00f8yten. I interaktive stasjonar kan publikum bli kjent med fuglane og mellom anna pr\u00f8va seg som hakkespett. Og dei kan f\u00e5 vita kvifor fuglane trivst p\u00e5 J\u00e6ren, korleis dei reagerer p\u00e5 endringar i kulturlandskapet og kva tiltak\u00a0me kan setta inn slik at vipa kjem med v\u00e5ren, ogs\u00e5 i framtida.<\/p>\n","protected":false},"excerpt":{"rendered":"<p><strong \/><img loading=\"lazy\" decoding=\"async\" height=\"318\" width=\"664\" src=\"images\/stories\/vitengarden\/nyheitsbilder\/VipeFotoHaraldLygren_-_Copy.jpg\" alt=\"VipeFotoHaraldLygren_-_Copy\" style=\"margin-right: 10px;margin-bottom: 10px\" \/><\/p>\n","protected":false},"author":10,"featured_media":0,"parent":0,"menu_order":0,"comment_status":"open","ping_status":"open","template":"","meta":{"_acf_changed":false,"footnotes":""},"class_list":["post-49","page","type-page","status-publish","hentry"],"acf":[],"yoast_head":"<!-- This site is optimized with the Yoast SEO plugin v27.4 - https:\/\/yoast.com\/product\/yoast-seo-wordpress\/ -->\n<title>Vib\u00e5 \u00e6 komen! - Vitengarden<\/title>\n<meta name=\"robots\" content=\"index, follow, max-snippet:-1, max-image-preview:large, max-video-preview:-1\" \/>\n<link rel=\"canonical\" href=\"https:\/\/www.jaermuseet.no\/vitengarden\/viba-ae-komen\/\" \/>\n<meta property=\"og:locale\" content=\"nn_NO\" \/>\n<meta property=\"og:type\" content=\"article\" \/>\n<meta property=\"og:title\" content=\"Vib\u00e5 \u00e6 komen! - Vitengarden\" \/>\n<meta property=\"og:url\" content=\"https:\/\/www.jaermuseet.no\/vitengarden\/viba-ae-komen\/\" \/>\n<meta property=\"og:site_name\" content=\"Vitengarden\" \/>\n<meta property=\"og:image\" content=\"https:\/\/www.jaermuseet.no\/wp-content\/uploads\/sites\/11\/2011\/05\/starekassen_-_Copy.jpg\" \/>\n<meta name=\"twitter:card\" content=\"summary_large_image\" \/>\n<meta name=\"twitter:label1\" content=\"Est. reading time\" \/>\n\t<meta name=\"twitter:data1\" content=\"1 minutt\" \/>\n<script type=\"application\/ld+json\" class=\"yoast-schema-graph\">{\"@context\":\"https:\\\/\\\/schema.org\",\"@graph\":[{\"@type\":\"WebPage\",\"@id\":\"https:\\\/\\\/www.jaermuseet.no\\\/vitengarden\\\/viba-ae-komen\\\/\",\"url\":\"https:\\\/\\\/www.jaermuseet.no\\\/vitengarden\\\/viba-ae-komen\\\/\",\"name\":\"Vib\u00e5 \u00e6 komen! - Vitengarden\",\"isPartOf\":{\"@id\":\"https:\\\/\\\/www.jaermuseet.no\\\/vitengarden\\\/#website\"},\"primaryImageOfPage\":{\"@id\":\"https:\\\/\\\/www.jaermuseet.no\\\/vitengarden\\\/viba-ae-komen\\\/#primaryimage\"},\"image\":{\"@id\":\"https:\\\/\\\/www.jaermuseet.no\\\/vitengarden\\\/viba-ae-komen\\\/#primaryimage\"},\"thumbnailUrl\":\"https:\\\/\\\/www.jaermuseet.no\\\/wp-content\\\/uploads\\\/sites\\\/11\\\/2011\\\/05\\\/starekassen_-_Copy.jpg\",\"datePublished\":\"2011-05-25T12:16:18+00:00\",\"breadcrumb\":{\"@id\":\"https:\\\/\\\/www.jaermuseet.no\\\/vitengarden\\\/viba-ae-komen\\\/#breadcrumb\"},\"inLanguage\":\"nn-NO\",\"potentialAction\":[{\"@type\":\"ReadAction\",\"target\":[\"https:\\\/\\\/www.jaermuseet.no\\\/vitengarden\\\/viba-ae-komen\\\/\"]}]},{\"@type\":\"ImageObject\",\"inLanguage\":\"nn-NO\",\"@id\":\"https:\\\/\\\/www.jaermuseet.no\\\/vitengarden\\\/viba-ae-komen\\\/#primaryimage\",\"url\":\"https:\\\/\\\/www.jaermuseet.no\\\/wp-content\\\/uploads\\\/sites\\\/11\\\/2011\\\/05\\\/starekassen_-_Copy.jpg\",\"contentUrl\":\"https:\\\/\\\/www.jaermuseet.no\\\/wp-content\\\/uploads\\\/sites\\\/11\\\/2011\\\/05\\\/starekassen_-_Copy.jpg\"},{\"@type\":\"BreadcrumbList\",\"@id\":\"https:\\\/\\\/www.jaermuseet.no\\\/vitengarden\\\/viba-ae-komen\\\/#breadcrumb\",\"itemListElement\":[{\"@type\":\"ListItem\",\"position\":1,\"name\":\"Heim\",\"item\":\"https:\\\/\\\/www.jaermuseet.no\\\/vitengarden\\\/\"},{\"@type\":\"ListItem\",\"position\":2,\"name\":\"Vib\u00e5 \u00e6 komen!\"}]},{\"@type\":\"WebSite\",\"@id\":\"https:\\\/\\\/www.jaermuseet.no\\\/vitengarden\\\/#website\",\"url\":\"https:\\\/\\\/www.jaermuseet.no\\\/vitengarden\\\/\",\"name\":\"Vitengarden\",\"description\":\"Take part in science and history with new and engaging methods\",\"potentialAction\":[{\"@type\":\"SearchAction\",\"target\":{\"@type\":\"EntryPoint\",\"urlTemplate\":\"https:\\\/\\\/www.jaermuseet.no\\\/vitengarden\\\/?s={search_term_string}\"},\"query-input\":{\"@type\":\"PropertyValueSpecification\",\"valueRequired\":true,\"valueName\":\"search_term_string\"}}],\"inLanguage\":\"nn-NO\"}]}<\/script>\n<!-- \/ Yoast SEO plugin. -->","yoast_head_json":{"title":"Vib\u00e5 \u00e6 komen! - Vitengarden","robots":{"index":"index","follow":"follow","max-snippet":"max-snippet:-1","max-image-preview":"max-image-preview:large","max-video-preview":"max-video-preview:-1"},"canonical":"https:\/\/www.jaermuseet.no\/vitengarden\/viba-ae-komen\/","og_locale":"nn_NO","og_type":"article","og_title":"Vib\u00e5 \u00e6 komen! - Vitengarden","og_url":"https:\/\/www.jaermuseet.no\/vitengarden\/viba-ae-komen\/","og_site_name":"Vitengarden","og_image":[{"url":"https:\/\/www.jaermuseet.no\/wp-content\/uploads\/sites\/11\/2011\/05\/starekassen_-_Copy.jpg","type":"","width":"","height":""}],"twitter_card":"summary_large_image","twitter_misc":{"Est. reading time":"1 minutt"},"schema":{"@context":"https:\/\/schema.org","@graph":[{"@type":"WebPage","@id":"https:\/\/www.jaermuseet.no\/vitengarden\/viba-ae-komen\/","url":"https:\/\/www.jaermuseet.no\/vitengarden\/viba-ae-komen\/","name":"Vib\u00e5 \u00e6 komen! - Vitengarden","isPartOf":{"@id":"https:\/\/www.jaermuseet.no\/vitengarden\/#website"},"primaryImageOfPage":{"@id":"https:\/\/www.jaermuseet.no\/vitengarden\/viba-ae-komen\/#primaryimage"},"image":{"@id":"https:\/\/www.jaermuseet.no\/vitengarden\/viba-ae-komen\/#primaryimage"},"thumbnailUrl":"https:\/\/www.jaermuseet.no\/wp-content\/uploads\/sites\/11\/2011\/05\/starekassen_-_Copy.jpg","datePublished":"2011-05-25T12:16:18+00:00","breadcrumb":{"@id":"https:\/\/www.jaermuseet.no\/vitengarden\/viba-ae-komen\/#breadcrumb"},"inLanguage":"nn-NO","potentialAction":[{"@type":"ReadAction","target":["https:\/\/www.jaermuseet.no\/vitengarden\/viba-ae-komen\/"]}]},{"@type":"ImageObject","inLanguage":"nn-NO","@id":"https:\/\/www.jaermuseet.no\/vitengarden\/viba-ae-komen\/#primaryimage","url":"https:\/\/www.jaermuseet.no\/wp-content\/uploads\/sites\/11\/2011\/05\/starekassen_-_Copy.jpg","contentUrl":"https:\/\/www.jaermuseet.no\/wp-content\/uploads\/sites\/11\/2011\/05\/starekassen_-_Copy.jpg"},{"@type":"BreadcrumbList","@id":"https:\/\/www.jaermuseet.no\/vitengarden\/viba-ae-komen\/#breadcrumb","itemListElement":[{"@type":"ListItem","position":1,"name":"Heim","item":"https:\/\/www.jaermuseet.no\/vitengarden\/"},{"@type":"ListItem","position":2,"name":"Vib\u00e5 \u00e6 komen!"}]},{"@type":"WebSite","@id":"https:\/\/www.jaermuseet.no\/vitengarden\/#website","url":"https:\/\/www.jaermuseet.no\/vitengarden\/","name":"Vitengarden","description":"Take part in science and history with new and engaging methods","potentialAction":[{"@type":"SearchAction","target":{"@type":"EntryPoint","urlTemplate":"https:\/\/www.jaermuseet.no\/vitengarden\/?s={search_term_string}"},"query-input":{"@type":"PropertyValueSpecification","valueRequired":true,"valueName":"search_term_string"}}],"inLanguage":"nn-NO"}]}},"jetpack_sharing_enabled":true,"_links":{"self":[{"href":"https:\/\/www.jaermuseet.no\/vitengarden\/wp-json\/wp\/v2\/pages\/49","targetHints":{"allow":["GET"]}}],"collection":[{"href":"https:\/\/www.jaermuseet.no\/vitengarden\/wp-json\/wp\/v2\/pages"}],"about":[{"href":"https:\/\/www.jaermuseet.no\/vitengarden\/wp-json\/wp\/v2\/types\/page"}],"author":[{"embeddable":true,"href":"https:\/\/www.jaermuseet.no\/vitengarden\/wp-json\/wp\/v2\/users\/10"}],"replies":[{"embeddable":true,"href":"https:\/\/www.jaermuseet.no\/vitengarden\/wp-json\/wp\/v2\/comments?post=49"}],"version-history":[{"count":0,"href":"https:\/\/www.jaermuseet.no\/vitengarden\/wp-json\/wp\/v2\/pages\/49\/revisions"}],"wp:attachment":[{"href":"https:\/\/www.jaermuseet.no\/vitengarden\/wp-json\/wp\/v2\/media?parent=49"}],"curies":[{"name":"wp","href":"https:\/\/api.w.org\/{rel}","templated":true}]}}