{"id":48,"date":"2011-03-04T13:49:51","date_gmt":"2011-03-04T12:49:51","guid":{"rendered":"https:\/\/www.jaermuseet.no\/vitengarden\/ei-verd-pa-spel-2\/"},"modified":"2015-10-15T12:35:46","modified_gmt":"2015-10-15T10:35:46","slug":"ei-verd-pa-spel-2","status":"publish","type":"page","link":"https:\/\/www.jaermuseet.no\/vitengarden\/ei-verd-pa-spel-2\/","title":{"rendered":"&#8220;Ei verd p\u00e5 spel&#8221;"},"content":{"rendered":"<div style=\"width: 654px;margin-right: 10px;margin-bottom: 10px\" class=\"jce_caption\"><\/div>\n<div style=\"width: 654px;margin-right: 10px;margin-bottom: 10px\" class=\"jce_caption\"><img loading=\"lazy\" decoding=\"async\" width=\"654\" src=\"https:\/\/www.jaermuseet.no\/wp-content\/uploads\/sites\/11\/2011\/03\/20100920mgr_071.jpg\" alt=\"20100920mgr_071\" height=\"339\" \/><\/p>\n<div style=\"color: #999999;clear: both\">Omtrent  80  gjester  deltok  p\u00e5  opninga  av  utstillinga  \u201dEi  verd  p\u00e5  spel\u201d,  blant  dei  ein  god  del  politikarar  og  organisasjonsfolk  fr\u00e5  Rogaland.  P\u00e5  biletet  ser  vi  mellom  anna  statssekret\u00e6r  Ingrid  Fiskaa  (t.h)  i  full  gang  med  \u00e5  planta  nok  skog  f\u00f8r  tida  g\u00e5r  ut.<\/div>\n<\/div>\n<p><strong>&laquo;Ei  verd  p\u00e5  spel&raquo;  er  eit  250  kvaratmeter  stort  brettspel  som  tek  utgangspunkt  i  FN  sine  2015-m\u00e5l.  Det  er  fyrste  gong  temaet  om  urimelegheita  i  verda  blir  presentert  p\u00e5  ein  slik  interaktiv  m\u00e5te.  Du  er  spelebrikka,  og  m\u00e5  gjennom  ei  lang  rekke  oppg\u00e5ver  som  set  fokus  p\u00e5  kor  vanskeleg  det  kan  vera  \u00e5  leva  i  U-land.  Kor  mange  spedborn  klarer  du  redda?  Kven  m\u00e5  g\u00e5  utan  vatn  for  at  sjukehuset  skal  f\u00e5  det  dei  treng?  F\u00e5r  du  ta  utdanning?  &#8211;  Sj\u00e5  opp  for  landminer  p\u00e5  skulevegen!<\/strong><\/p>\n<p>Over  2000  elevar  og  1300  konfirmantar  har  no  vore  gjennom  &laquo;Ei  verd  p\u00e5  spel&raquo;  &#8211;  og  me  har  f\u00e5tt  sv\u00e6rt  gode  tilbakemeldingar.  Brettspelet\u00a0stod  p\u00e5  Vitengarden  [N\u00e6rb\u00f8]  sidan  hausten  2010  og  vart  sendt  vidare  til  Sverige  sommaren  2011..  Siste  speledag\u00a0var  sundag  15.  mai.<\/p>\n<p>Les  kva  Stavanger  Aftenblad  skreiv  om  spelet  <a href=\"https:\/\/www.jaermuseet.no\/vitengarden\/wp-content\/uploads\/sites\/11\/2015\/10\/aftenbladet.pdf\" class=\"jce_file\">her<\/a>  .<\/p>\n<p>Sj\u00e5  Amnesty  International  sin  <a target=\"_blank\" href=\"http:\/\/www.amnesty.no\/om-amnesty\/amnestys-regioner\/region-s%C3%B8r\/lokale-nyheter\/livet-p%C3%A5-spill-p%C3%A5-j%C3%A6rmuseet\">film  og  artikkel<\/a>  om  &laquo;Ei  verd  p\u00e5  spel&raquo;.  <\/p>\n<p><em>&laquo;Ei  verd  p\u00e5  spel&raquo;  er  utvikla  saman  med  vitensenteret  i  K\u00f8benhavn,  Experimentarium.  I  tillegg  til  st\u00f8tte  fr\u00e5  det  danske  utenriksdepartmentet  og  fleire  danske  fond,  s\u00e5  har  NORAD  og  SR-bank  gitt  \u00f8konomisk  st\u00f8tte  i  Noreg.  Nordisk  kulturfond  har  bidrege  \u00f8konomisk  slik  at  utstillinga  kan  vandra  fr\u00e5  Danmark,  Noreg  og  til  Sverige.  Utstillinga  er  \u00f2g  utvikla  i  samarbeid  med  fleire  store  internasjonale  hjelpeorganisasjonar.<\/em><\/p>\n","protected":false},"excerpt":{"rendered":"<p>Omtrent 80 gjester deltok p\u00e5 opninga av utstillinga \u201dEi verd&#8230;<\/p>\n","protected":false},"author":10,"featured_media":0,"parent":0,"menu_order":0,"comment_status":"open","ping_status":"open","template":"","meta":{"_acf_changed":false,"footnotes":""},"class_list":["post-48","page","type-page","status-publish","hentry"],"acf":[],"yoast_head":"<!-- This site is optimized with the Yoast SEO plugin v27.4 - https:\/\/yoast.com\/product\/yoast-seo-wordpress\/ -->\n<title>&quot;Ei verd p\u00e5 spel&quot; - Vitengarden<\/title>\n<meta name=\"robots\" content=\"index, follow, max-snippet:-1, max-image-preview:large, max-video-preview:-1\" \/>\n<link rel=\"canonical\" href=\"https:\/\/www.jaermuseet.no\/vitengarden\/ei-verd-pa-spel-2\/\" \/>\n<meta property=\"og:locale\" content=\"nn_NO\" \/>\n<meta property=\"og:type\" content=\"article\" \/>\n<meta property=\"og:title\" content=\"&quot;Ei verd p\u00e5 spel&quot; - Vitengarden\" \/>\n<meta property=\"og:description\" content=\"Omtrent 80 gjester deltok p\u00e5 opninga av utstillinga \u201dEi verd...\" \/>\n<meta property=\"og:url\" content=\"https:\/\/www.jaermuseet.no\/vitengarden\/ei-verd-pa-spel-2\/\" \/>\n<meta property=\"og:site_name\" content=\"Vitengarden\" \/>\n<meta property=\"article:modified_time\" content=\"2015-10-15T10:35:46+00:00\" \/>\n<meta property=\"og:image\" content=\"https:\/\/www.jaermuseet.no\/wp-content\/uploads\/sites\/11\/2011\/03\/20100920mgr_071.jpg\" \/>\n<meta name=\"twitter:card\" content=\"summary_large_image\" \/>\n<meta name=\"twitter:label1\" content=\"Est. reading time\" \/>\n\t<meta name=\"twitter:data1\" content=\"1 minutt\" \/>\n<script type=\"application\/ld+json\" class=\"yoast-schema-graph\">{\"@context\":\"https:\\\/\\\/schema.org\",\"@graph\":[{\"@type\":\"WebPage\",\"@id\":\"https:\\\/\\\/www.jaermuseet.no\\\/vitengarden\\\/ei-verd-pa-spel-2\\\/\",\"url\":\"https:\\\/\\\/www.jaermuseet.no\\\/vitengarden\\\/ei-verd-pa-spel-2\\\/\",\"name\":\"\\\"Ei verd p\u00e5 spel\\\" - Vitengarden\",\"isPartOf\":{\"@id\":\"https:\\\/\\\/www.jaermuseet.no\\\/vitengarden\\\/#website\"},\"primaryImageOfPage\":{\"@id\":\"https:\\\/\\\/www.jaermuseet.no\\\/vitengarden\\\/ei-verd-pa-spel-2\\\/#primaryimage\"},\"image\":{\"@id\":\"https:\\\/\\\/www.jaermuseet.no\\\/vitengarden\\\/ei-verd-pa-spel-2\\\/#primaryimage\"},\"thumbnailUrl\":\"https:\\\/\\\/www.jaermuseet.no\\\/wp-content\\\/uploads\\\/sites\\\/11\\\/2011\\\/03\\\/20100920mgr_071.jpg\",\"datePublished\":\"2011-03-04T12:49:51+00:00\",\"dateModified\":\"2015-10-15T10:35:46+00:00\",\"breadcrumb\":{\"@id\":\"https:\\\/\\\/www.jaermuseet.no\\\/vitengarden\\\/ei-verd-pa-spel-2\\\/#breadcrumb\"},\"inLanguage\":\"nn-NO\",\"potentialAction\":[{\"@type\":\"ReadAction\",\"target\":[\"https:\\\/\\\/www.jaermuseet.no\\\/vitengarden\\\/ei-verd-pa-spel-2\\\/\"]}]},{\"@type\":\"ImageObject\",\"inLanguage\":\"nn-NO\",\"@id\":\"https:\\\/\\\/www.jaermuseet.no\\\/vitengarden\\\/ei-verd-pa-spel-2\\\/#primaryimage\",\"url\":\"https:\\\/\\\/www.jaermuseet.no\\\/wp-content\\\/uploads\\\/sites\\\/11\\\/2011\\\/03\\\/20100920mgr_071.jpg\",\"contentUrl\":\"https:\\\/\\\/www.jaermuseet.no\\\/wp-content\\\/uploads\\\/sites\\\/11\\\/2011\\\/03\\\/20100920mgr_071.jpg\"},{\"@type\":\"BreadcrumbList\",\"@id\":\"https:\\\/\\\/www.jaermuseet.no\\\/vitengarden\\\/ei-verd-pa-spel-2\\\/#breadcrumb\",\"itemListElement\":[{\"@type\":\"ListItem\",\"position\":1,\"name\":\"Heim\",\"item\":\"https:\\\/\\\/www.jaermuseet.no\\\/vitengarden\\\/\"},{\"@type\":\"ListItem\",\"position\":2,\"name\":\"&laquo;Ei verd p\u00e5 spel&raquo;\"}]},{\"@type\":\"WebSite\",\"@id\":\"https:\\\/\\\/www.jaermuseet.no\\\/vitengarden\\\/#website\",\"url\":\"https:\\\/\\\/www.jaermuseet.no\\\/vitengarden\\\/\",\"name\":\"Vitengarden\",\"description\":\"Take part in science and history with new and engaging methods\",\"potentialAction\":[{\"@type\":\"SearchAction\",\"target\":{\"@type\":\"EntryPoint\",\"urlTemplate\":\"https:\\\/\\\/www.jaermuseet.no\\\/vitengarden\\\/?s={search_term_string}\"},\"query-input\":{\"@type\":\"PropertyValueSpecification\",\"valueRequired\":true,\"valueName\":\"search_term_string\"}}],\"inLanguage\":\"nn-NO\"}]}<\/script>\n<!-- \/ Yoast SEO plugin. -->","yoast_head_json":{"title":"\"Ei verd p\u00e5 spel\" - Vitengarden","robots":{"index":"index","follow":"follow","max-snippet":"max-snippet:-1","max-image-preview":"max-image-preview:large","max-video-preview":"max-video-preview:-1"},"canonical":"https:\/\/www.jaermuseet.no\/vitengarden\/ei-verd-pa-spel-2\/","og_locale":"nn_NO","og_type":"article","og_title":"\"Ei verd p\u00e5 spel\" - Vitengarden","og_description":"Omtrent 80 gjester deltok p\u00e5 opninga av utstillinga \u201dEi verd...","og_url":"https:\/\/www.jaermuseet.no\/vitengarden\/ei-verd-pa-spel-2\/","og_site_name":"Vitengarden","article_modified_time":"2015-10-15T10:35:46+00:00","og_image":[{"url":"https:\/\/www.jaermuseet.no\/wp-content\/uploads\/sites\/11\/2011\/03\/20100920mgr_071.jpg","type":"","width":"","height":""}],"twitter_card":"summary_large_image","twitter_misc":{"Est. reading time":"1 minutt"},"schema":{"@context":"https:\/\/schema.org","@graph":[{"@type":"WebPage","@id":"https:\/\/www.jaermuseet.no\/vitengarden\/ei-verd-pa-spel-2\/","url":"https:\/\/www.jaermuseet.no\/vitengarden\/ei-verd-pa-spel-2\/","name":"\"Ei verd p\u00e5 spel\" - Vitengarden","isPartOf":{"@id":"https:\/\/www.jaermuseet.no\/vitengarden\/#website"},"primaryImageOfPage":{"@id":"https:\/\/www.jaermuseet.no\/vitengarden\/ei-verd-pa-spel-2\/#primaryimage"},"image":{"@id":"https:\/\/www.jaermuseet.no\/vitengarden\/ei-verd-pa-spel-2\/#primaryimage"},"thumbnailUrl":"https:\/\/www.jaermuseet.no\/wp-content\/uploads\/sites\/11\/2011\/03\/20100920mgr_071.jpg","datePublished":"2011-03-04T12:49:51+00:00","dateModified":"2015-10-15T10:35:46+00:00","breadcrumb":{"@id":"https:\/\/www.jaermuseet.no\/vitengarden\/ei-verd-pa-spel-2\/#breadcrumb"},"inLanguage":"nn-NO","potentialAction":[{"@type":"ReadAction","target":["https:\/\/www.jaermuseet.no\/vitengarden\/ei-verd-pa-spel-2\/"]}]},{"@type":"ImageObject","inLanguage":"nn-NO","@id":"https:\/\/www.jaermuseet.no\/vitengarden\/ei-verd-pa-spel-2\/#primaryimage","url":"https:\/\/www.jaermuseet.no\/wp-content\/uploads\/sites\/11\/2011\/03\/20100920mgr_071.jpg","contentUrl":"https:\/\/www.jaermuseet.no\/wp-content\/uploads\/sites\/11\/2011\/03\/20100920mgr_071.jpg"},{"@type":"BreadcrumbList","@id":"https:\/\/www.jaermuseet.no\/vitengarden\/ei-verd-pa-spel-2\/#breadcrumb","itemListElement":[{"@type":"ListItem","position":1,"name":"Heim","item":"https:\/\/www.jaermuseet.no\/vitengarden\/"},{"@type":"ListItem","position":2,"name":"&laquo;Ei verd p\u00e5 spel&raquo;"}]},{"@type":"WebSite","@id":"https:\/\/www.jaermuseet.no\/vitengarden\/#website","url":"https:\/\/www.jaermuseet.no\/vitengarden\/","name":"Vitengarden","description":"Take part in science and history with new and engaging methods","potentialAction":[{"@type":"SearchAction","target":{"@type":"EntryPoint","urlTemplate":"https:\/\/www.jaermuseet.no\/vitengarden\/?s={search_term_string}"},"query-input":{"@type":"PropertyValueSpecification","valueRequired":true,"valueName":"search_term_string"}}],"inLanguage":"nn-NO"}]}},"jetpack_sharing_enabled":true,"_links":{"self":[{"href":"https:\/\/www.jaermuseet.no\/vitengarden\/wp-json\/wp\/v2\/pages\/48","targetHints":{"allow":["GET"]}}],"collection":[{"href":"https:\/\/www.jaermuseet.no\/vitengarden\/wp-json\/wp\/v2\/pages"}],"about":[{"href":"https:\/\/www.jaermuseet.no\/vitengarden\/wp-json\/wp\/v2\/types\/page"}],"author":[{"embeddable":true,"href":"https:\/\/www.jaermuseet.no\/vitengarden\/wp-json\/wp\/v2\/users\/10"}],"replies":[{"embeddable":true,"href":"https:\/\/www.jaermuseet.no\/vitengarden\/wp-json\/wp\/v2\/comments?post=48"}],"version-history":[{"count":1,"href":"https:\/\/www.jaermuseet.no\/vitengarden\/wp-json\/wp\/v2\/pages\/48\/revisions"}],"predecessor-version":[{"id":1029,"href":"https:\/\/www.jaermuseet.no\/vitengarden\/wp-json\/wp\/v2\/pages\/48\/revisions\/1029"}],"wp:attachment":[{"href":"https:\/\/www.jaermuseet.no\/vitengarden\/wp-json\/wp\/v2\/media?parent=48"}],"curies":[{"name":"wp","href":"https:\/\/api.w.org\/{rel}","templated":true}]}}