{"id":47,"date":"2011-02-14T07:21:35","date_gmt":"2011-02-14T06:21:35","guid":{"rendered":"https:\/\/www.jaermuseet.no\/vitengarden\/laerarkurs-2-mars-det-er-enna-ikkje-for-seint-a-melda-seg-pa\/"},"modified":"2011-02-14T07:21:35","modified_gmt":"2011-02-14T06:21:35","slug":"laerarkurs-2-mars-det-er-enna-ikkje-for-seint-a-melda-seg-pa","status":"publish","type":"page","link":"https:\/\/www.jaermuseet.no\/vitengarden\/laerarkurs-2-mars-det-er-enna-ikkje-for-seint-a-melda-seg-pa\/","title":{"rendered":"L\u00e6rarkurs 2 mars-Det er enn\u00e5 ikkje for seint \u00e5 melda seg p\u00e5"},"content":{"rendered":"<p><strong>L\u00e6rarkurs kvardagskjemi &#8211; 2. mars<\/strong><\/p>\n<div><\/div>\n<p>Det blir arrangert l\u00e6rarkurs i kvardagskjemi onsdag 2. mars kl. 09.00-14.00. Dette vil kosta 700,- som inkluderer lunsj.<\/p>\n<p>For p\u00e5melding eller sp\u00f8rsm\u00e5l ta kontakt med Vitengarden p\u00e5 epost eller telefon 51 79 94 20.<\/p>\n<p><strong><img loading=\"lazy\" decoding=\"async\" src=\"https:\/\/www.jaermuseet.no\/wp-content\/uploads\/sites\/11\/2011\/02\/Kvardagskjemi.jpg\" alt=\"Kvardagskjemi\" style=\"margin-bottom: 10px;margin-right: 10px\" width=\"229\" height=\"153\" \/><\/strong><\/p>\n<p><strong>Kvardagskjemi<\/strong><\/p>\n<p>Me gjer enkle kjemieksperiment der me finn ingrediensane i kj\u00f8kkenskap, vaskerom og garasje.<\/p>\n<p>Det kan vera vanskeleg \u00e5 finna enkle og greie kjemifors\u00f8k som ein kan gjera i klasserommet, og som ikkje treng spesielle kjemikalie eller kostar for mykje.<\/p>\n<p>Meir informasjon(pdf)<\/p>\n","protected":false},"excerpt":{"rendered":"<p>L\u00e6rarkurs kvardagskjemi &#8211; 2. mars Det blir arrangert l\u00e6rarkurs i&#8230;<\/p>\n","protected":false},"author":10,"featured_media":0,"parent":0,"menu_order":0,"comment_status":"open","ping_status":"open","template":"","meta":{"_acf_changed":false,"footnotes":""},"class_list":["post-47","page","type-page","status-publish","hentry"],"acf":[],"yoast_head":"<!-- This site is optimized with the Yoast SEO plugin v27.4 - https:\/\/yoast.com\/product\/yoast-seo-wordpress\/ -->\n<title>L\u00e6rarkurs 2 mars-Det er enn\u00e5 ikkje for seint \u00e5 melda seg p\u00e5 - Vitengarden<\/title>\n<meta name=\"robots\" content=\"index, follow, max-snippet:-1, max-image-preview:large, max-video-preview:-1\" \/>\n<link rel=\"canonical\" href=\"https:\/\/www.jaermuseet.no\/vitengarden\/laerarkurs-2-mars-det-er-enna-ikkje-for-seint-a-melda-seg-pa\/\" \/>\n<meta property=\"og:locale\" content=\"nn_NO\" \/>\n<meta property=\"og:type\" content=\"article\" \/>\n<meta property=\"og:title\" content=\"L\u00e6rarkurs 2 mars-Det er enn\u00e5 ikkje for seint \u00e5 melda seg p\u00e5 - Vitengarden\" \/>\n<meta property=\"og:description\" content=\"L\u00e6rarkurs kvardagskjemi &#8211; 2. mars Det blir arrangert l\u00e6rarkurs i...\" \/>\n<meta property=\"og:url\" content=\"https:\/\/www.jaermuseet.no\/vitengarden\/laerarkurs-2-mars-det-er-enna-ikkje-for-seint-a-melda-seg-pa\/\" \/>\n<meta property=\"og:site_name\" content=\"Vitengarden\" \/>\n<meta property=\"og:image\" content=\"https:\/\/www.jaermuseet.no\/wp-content\/uploads\/sites\/11\/2011\/02\/Kvardagskjemi.jpg\" \/>\n<meta name=\"twitter:card\" content=\"summary_large_image\" \/>\n<script type=\"application\/ld+json\" class=\"yoast-schema-graph\">{\"@context\":\"https:\\\/\\\/schema.org\",\"@graph\":[{\"@type\":\"WebPage\",\"@id\":\"https:\\\/\\\/www.jaermuseet.no\\\/vitengarden\\\/laerarkurs-2-mars-det-er-enna-ikkje-for-seint-a-melda-seg-pa\\\/\",\"url\":\"https:\\\/\\\/www.jaermuseet.no\\\/vitengarden\\\/laerarkurs-2-mars-det-er-enna-ikkje-for-seint-a-melda-seg-pa\\\/\",\"name\":\"L\u00e6rarkurs 2 mars-Det er enn\u00e5 ikkje for seint \u00e5 melda seg p\u00e5 - Vitengarden\",\"isPartOf\":{\"@id\":\"https:\\\/\\\/www.jaermuseet.no\\\/vitengarden\\\/#website\"},\"primaryImageOfPage\":{\"@id\":\"https:\\\/\\\/www.jaermuseet.no\\\/vitengarden\\\/laerarkurs-2-mars-det-er-enna-ikkje-for-seint-a-melda-seg-pa\\\/#primaryimage\"},\"image\":{\"@id\":\"https:\\\/\\\/www.jaermuseet.no\\\/vitengarden\\\/laerarkurs-2-mars-det-er-enna-ikkje-for-seint-a-melda-seg-pa\\\/#primaryimage\"},\"thumbnailUrl\":\"https:\\\/\\\/www.jaermuseet.no\\\/wp-content\\\/uploads\\\/sites\\\/11\\\/2011\\\/02\\\/Kvardagskjemi.jpg\",\"datePublished\":\"2011-02-14T06:21:35+00:00\",\"breadcrumb\":{\"@id\":\"https:\\\/\\\/www.jaermuseet.no\\\/vitengarden\\\/laerarkurs-2-mars-det-er-enna-ikkje-for-seint-a-melda-seg-pa\\\/#breadcrumb\"},\"inLanguage\":\"nn-NO\",\"potentialAction\":[{\"@type\":\"ReadAction\",\"target\":[\"https:\\\/\\\/www.jaermuseet.no\\\/vitengarden\\\/laerarkurs-2-mars-det-er-enna-ikkje-for-seint-a-melda-seg-pa\\\/\"]}]},{\"@type\":\"ImageObject\",\"inLanguage\":\"nn-NO\",\"@id\":\"https:\\\/\\\/www.jaermuseet.no\\\/vitengarden\\\/laerarkurs-2-mars-det-er-enna-ikkje-for-seint-a-melda-seg-pa\\\/#primaryimage\",\"url\":\"https:\\\/\\\/www.jaermuseet.no\\\/wp-content\\\/uploads\\\/sites\\\/11\\\/2011\\\/02\\\/Kvardagskjemi.jpg\",\"contentUrl\":\"https:\\\/\\\/www.jaermuseet.no\\\/wp-content\\\/uploads\\\/sites\\\/11\\\/2011\\\/02\\\/Kvardagskjemi.jpg\"},{\"@type\":\"BreadcrumbList\",\"@id\":\"https:\\\/\\\/www.jaermuseet.no\\\/vitengarden\\\/laerarkurs-2-mars-det-er-enna-ikkje-for-seint-a-melda-seg-pa\\\/#breadcrumb\",\"itemListElement\":[{\"@type\":\"ListItem\",\"position\":1,\"name\":\"Heim\",\"item\":\"https:\\\/\\\/www.jaermuseet.no\\\/vitengarden\\\/\"},{\"@type\":\"ListItem\",\"position\":2,\"name\":\"L\u00e6rarkurs 2 mars-Det er enn\u00e5 ikkje for seint \u00e5 melda seg p\u00e5\"}]},{\"@type\":\"WebSite\",\"@id\":\"https:\\\/\\\/www.jaermuseet.no\\\/vitengarden\\\/#website\",\"url\":\"https:\\\/\\\/www.jaermuseet.no\\\/vitengarden\\\/\",\"name\":\"Vitengarden\",\"description\":\"Take part in science and history with new and engaging methods\",\"potentialAction\":[{\"@type\":\"SearchAction\",\"target\":{\"@type\":\"EntryPoint\",\"urlTemplate\":\"https:\\\/\\\/www.jaermuseet.no\\\/vitengarden\\\/?s={search_term_string}\"},\"query-input\":{\"@type\":\"PropertyValueSpecification\",\"valueRequired\":true,\"valueName\":\"search_term_string\"}}],\"inLanguage\":\"nn-NO\"}]}<\/script>\n<!-- \/ Yoast SEO plugin. -->","yoast_head_json":{"title":"L\u00e6rarkurs 2 mars-Det er enn\u00e5 ikkje for seint \u00e5 melda seg p\u00e5 - Vitengarden","robots":{"index":"index","follow":"follow","max-snippet":"max-snippet:-1","max-image-preview":"max-image-preview:large","max-video-preview":"max-video-preview:-1"},"canonical":"https:\/\/www.jaermuseet.no\/vitengarden\/laerarkurs-2-mars-det-er-enna-ikkje-for-seint-a-melda-seg-pa\/","og_locale":"nn_NO","og_type":"article","og_title":"L\u00e6rarkurs 2 mars-Det er enn\u00e5 ikkje for seint \u00e5 melda seg p\u00e5 - Vitengarden","og_description":"L\u00e6rarkurs kvardagskjemi &#8211; 2. mars Det blir arrangert l\u00e6rarkurs i...","og_url":"https:\/\/www.jaermuseet.no\/vitengarden\/laerarkurs-2-mars-det-er-enna-ikkje-for-seint-a-melda-seg-pa\/","og_site_name":"Vitengarden","og_image":[{"url":"https:\/\/www.jaermuseet.no\/wp-content\/uploads\/sites\/11\/2011\/02\/Kvardagskjemi.jpg","type":"","width":"","height":""}],"twitter_card":"summary_large_image","schema":{"@context":"https:\/\/schema.org","@graph":[{"@type":"WebPage","@id":"https:\/\/www.jaermuseet.no\/vitengarden\/laerarkurs-2-mars-det-er-enna-ikkje-for-seint-a-melda-seg-pa\/","url":"https:\/\/www.jaermuseet.no\/vitengarden\/laerarkurs-2-mars-det-er-enna-ikkje-for-seint-a-melda-seg-pa\/","name":"L\u00e6rarkurs 2 mars-Det er enn\u00e5 ikkje for seint \u00e5 melda seg p\u00e5 - Vitengarden","isPartOf":{"@id":"https:\/\/www.jaermuseet.no\/vitengarden\/#website"},"primaryImageOfPage":{"@id":"https:\/\/www.jaermuseet.no\/vitengarden\/laerarkurs-2-mars-det-er-enna-ikkje-for-seint-a-melda-seg-pa\/#primaryimage"},"image":{"@id":"https:\/\/www.jaermuseet.no\/vitengarden\/laerarkurs-2-mars-det-er-enna-ikkje-for-seint-a-melda-seg-pa\/#primaryimage"},"thumbnailUrl":"https:\/\/www.jaermuseet.no\/wp-content\/uploads\/sites\/11\/2011\/02\/Kvardagskjemi.jpg","datePublished":"2011-02-14T06:21:35+00:00","breadcrumb":{"@id":"https:\/\/www.jaermuseet.no\/vitengarden\/laerarkurs-2-mars-det-er-enna-ikkje-for-seint-a-melda-seg-pa\/#breadcrumb"},"inLanguage":"nn-NO","potentialAction":[{"@type":"ReadAction","target":["https:\/\/www.jaermuseet.no\/vitengarden\/laerarkurs-2-mars-det-er-enna-ikkje-for-seint-a-melda-seg-pa\/"]}]},{"@type":"ImageObject","inLanguage":"nn-NO","@id":"https:\/\/www.jaermuseet.no\/vitengarden\/laerarkurs-2-mars-det-er-enna-ikkje-for-seint-a-melda-seg-pa\/#primaryimage","url":"https:\/\/www.jaermuseet.no\/wp-content\/uploads\/sites\/11\/2011\/02\/Kvardagskjemi.jpg","contentUrl":"https:\/\/www.jaermuseet.no\/wp-content\/uploads\/sites\/11\/2011\/02\/Kvardagskjemi.jpg"},{"@type":"BreadcrumbList","@id":"https:\/\/www.jaermuseet.no\/vitengarden\/laerarkurs-2-mars-det-er-enna-ikkje-for-seint-a-melda-seg-pa\/#breadcrumb","itemListElement":[{"@type":"ListItem","position":1,"name":"Heim","item":"https:\/\/www.jaermuseet.no\/vitengarden\/"},{"@type":"ListItem","position":2,"name":"L\u00e6rarkurs 2 mars-Det er enn\u00e5 ikkje for seint \u00e5 melda seg p\u00e5"}]},{"@type":"WebSite","@id":"https:\/\/www.jaermuseet.no\/vitengarden\/#website","url":"https:\/\/www.jaermuseet.no\/vitengarden\/","name":"Vitengarden","description":"Take part in science and history with new and engaging methods","potentialAction":[{"@type":"SearchAction","target":{"@type":"EntryPoint","urlTemplate":"https:\/\/www.jaermuseet.no\/vitengarden\/?s={search_term_string}"},"query-input":{"@type":"PropertyValueSpecification","valueRequired":true,"valueName":"search_term_string"}}],"inLanguage":"nn-NO"}]}},"jetpack_sharing_enabled":true,"_links":{"self":[{"href":"https:\/\/www.jaermuseet.no\/vitengarden\/wp-json\/wp\/v2\/pages\/47","targetHints":{"allow":["GET"]}}],"collection":[{"href":"https:\/\/www.jaermuseet.no\/vitengarden\/wp-json\/wp\/v2\/pages"}],"about":[{"href":"https:\/\/www.jaermuseet.no\/vitengarden\/wp-json\/wp\/v2\/types\/page"}],"author":[{"embeddable":true,"href":"https:\/\/www.jaermuseet.no\/vitengarden\/wp-json\/wp\/v2\/users\/10"}],"replies":[{"embeddable":true,"href":"https:\/\/www.jaermuseet.no\/vitengarden\/wp-json\/wp\/v2\/comments?post=47"}],"version-history":[{"count":0,"href":"https:\/\/www.jaermuseet.no\/vitengarden\/wp-json\/wp\/v2\/pages\/47\/revisions"}],"wp:attachment":[{"href":"https:\/\/www.jaermuseet.no\/vitengarden\/wp-json\/wp\/v2\/media?parent=47"}],"curies":[{"name":"wp","href":"https:\/\/api.w.org\/{rel}","templated":true}]}}