{"id":46,"date":"2011-01-27T08:38:04","date_gmt":"2011-01-27T07:38:04","guid":{"rendered":"https:\/\/www.jaermuseet.no\/vitengarden\/museumsbygget\/"},"modified":"2021-06-14T14:27:13","modified_gmt":"2021-06-14T12:27:13","slug":"museumsbygget","status":"publish","type":"page","link":"https:\/\/www.jaermuseet.no\/vitengarden\/museumsbygget\/","title":{"rendered":"Museumsbygget"},"content":{"rendered":"<p><strong>Museumsbygget p\u00e5 Kvia sameinar j\u00e6rsk identitet og byggetradisjon med eit moderne formuttrykk. Utfordringa var \u00e5 skapa eit praktisk museumsbygg som skulle tilpassa seg eit s\u00e5rbart og s\u00e6rprega kulturlandskap. <\/strong><\/p>\n<p>Sj\u00f8lv om dette er ein stor bygning, stikk\u00a0han seg ikkje fram, men f\u00f8lgjer linjene i landskapet og opplevest som ein del av j\u00e6rlandskapet omkring.<\/p>\n<p><strong>F\u00f8rste byggetrinn <\/strong>stod ferdig i 1995 og best\u00e5r av ein hovudbygning med administrasjon, bibliotek, kaf\u00e9, magasin og noko utstillingsareal, samt auditorium og verkstad. P\u00e5 niv\u00e5 med underetasjen er tilkomst til magasin, verkstad og eit vognhus fr\u00e5 ein gardsplass p\u00e5 nordsida.<\/p>\n<p><strong>Andre byggetrinn<\/strong> stod ferdig i 2002 og inneheld ein stor utstillingshall i f\u00f8rste etasje og magasin og studiemagasin i underetasjen. Utstillingshallen knyter direkte til hovudbygget i begge etasjar. Areala er store og samanhengande. Anlegget utgjer vel 4000m\u00b2, av dette omlag 1200m\u00b2 utstillingsareal, og om lag 500 m\u00b2 ope studiemagasin.<\/p>\n<p><strong>Det er brukt mykje stein i fasadane. <\/strong>Veggene samspelar med steingardar og st\u00f8ttemurer, og bygningen er trekt ned i terrenget og inn i landskapet. J\u00e6rmuseet bygger vidare p\u00e5 den lokale byggeskikken med innvendig og utvendig materialbruk. Tradisjonane er vidareutvikla i konstruksjonar og detaljar med dei muligheitene ny teknologi gir.<\/p>\n<p><strong>Bygget er bygd i betong, naturstein, tre, st\u00e5l og glas.<\/strong> S\u00f8ylene er dreidde, i laminert tre, og st\u00e5r i eit modulnett p\u00e5 7,2 x 7,2 m. Samanf\u00f8yingar og festedetaljar er i ubehandla st\u00e5l. Beresystemet for \u00f8vrig er i tre (skurlast), og all trelast er skore med bandsag.<\/p>\n<p><strong>Kledning utvendig er i osp med varierande breidder i panelet.<\/strong> Taket er utvendig kledd med kreosotimpregnert furu. Store deler av ytterveggene er forblenda med naturstein. Magasinet i underetasjen har vegger i betong og betongsteinsblokker.<\/p>\n<p>Arkitektar: siv.ark. Einar Myklebust, Thomas Helliesen, Lars Hallgren.<\/p>\n<p>\u00a0<\/p>\n<p>\u00a0<\/p>\n\n\n<figure class=\"wp-block-gallery columns-3 is-cropped wp-block-gallery-1 is-layout-flex wp-block-gallery-is-layout-flex\"><ul class=\"blocks-gallery-grid\"><li class=\"blocks-gallery-item\"><figure><img loading=\"lazy\" decoding=\"async\" width=\"1024\" height=\"683\" src=\"https:\/\/www.jaermuseet.no\/vitengarden\/wp-content\/uploads\/sites\/11\/2021\/06\/IMG_1348-1024x683.jpg\" alt=\"\" data-id=\"4831\" data-link=\"https:\/\/www.jaermuseet.no\/vitengarden\/museumsbygget\/img_1348\/\" class=\"wp-image-4831\" srcset=\"https:\/\/www.jaermuseet.no\/vitengarden\/wp-content\/uploads\/sites\/11\/2021\/06\/IMG_1348-1024x683.jpg 1024w, https:\/\/www.jaermuseet.no\/vitengarden\/wp-content\/uploads\/sites\/11\/2021\/06\/IMG_1348-300x200.jpg 300w, https:\/\/www.jaermuseet.no\/vitengarden\/wp-content\/uploads\/sites\/11\/2021\/06\/IMG_1348-200x133.jpg 200w, https:\/\/www.jaermuseet.no\/vitengarden\/wp-content\/uploads\/sites\/11\/2021\/06\/IMG_1348-1536x1024.jpg 1536w, https:\/\/www.jaermuseet.no\/vitengarden\/wp-content\/uploads\/sites\/11\/2021\/06\/IMG_1348-2048x1365.jpg 2048w, https:\/\/www.jaermuseet.no\/vitengarden\/wp-content\/uploads\/sites\/11\/2021\/06\/IMG_1348-250x167.jpg 250w\" sizes=\"auto, (max-width: 1024px) 100vw, 1024px\" \/><figcaption class=\"blocks-gallery-item__caption\">Foto: Ingeborg Skrudland \/ J\u00e6rmuseet<\/figcaption><\/figure><\/li><li class=\"blocks-gallery-item\"><figure><img loading=\"lazy\" decoding=\"async\" width=\"1024\" height=\"683\" src=\"https:\/\/www.jaermuseet.no\/vitengarden\/wp-content\/uploads\/sites\/11\/2021\/06\/IMG_1420-1024x683.jpg\" alt=\"\" data-id=\"4832\" data-link=\"https:\/\/www.jaermuseet.no\/vitengarden\/museumsbygget\/img_1420\/\" class=\"wp-image-4832\" srcset=\"https:\/\/www.jaermuseet.no\/vitengarden\/wp-content\/uploads\/sites\/11\/2021\/06\/IMG_1420-1024x683.jpg 1024w, https:\/\/www.jaermuseet.no\/vitengarden\/wp-content\/uploads\/sites\/11\/2021\/06\/IMG_1420-300x200.jpg 300w, https:\/\/www.jaermuseet.no\/vitengarden\/wp-content\/uploads\/sites\/11\/2021\/06\/IMG_1420-200x133.jpg 200w, https:\/\/www.jaermuseet.no\/vitengarden\/wp-content\/uploads\/sites\/11\/2021\/06\/IMG_1420-1536x1024.jpg 1536w, https:\/\/www.jaermuseet.no\/vitengarden\/wp-content\/uploads\/sites\/11\/2021\/06\/IMG_1420-2048x1365.jpg 2048w, https:\/\/www.jaermuseet.no\/vitengarden\/wp-content\/uploads\/sites\/11\/2021\/06\/IMG_1420-250x167.jpg 250w\" sizes=\"auto, (max-width: 1024px) 100vw, 1024px\" \/><figcaption class=\"blocks-gallery-item__caption\">Foto: Ingeborg Skrudland \/ J\u00e6rmuseet<\/figcaption><\/figure><\/li><li class=\"blocks-gallery-item\"><figure><img loading=\"lazy\" decoding=\"async\" width=\"1024\" height=\"682\" src=\"https:\/\/www.jaermuseet.no\/vitengarden\/wp-content\/uploads\/sites\/11\/2021\/06\/10-Oveersiktsbilder-Vitengarden-0812-1024x682.jpg\" alt=\"\" data-id=\"4835\" data-full-url=\"https:\/\/www.jaermuseet.no\/vitengarden\/wp-content\/uploads\/sites\/11\/2021\/06\/10-Oveersiktsbilder-Vitengarden-0812.jpg\" data-link=\"https:\/\/www.jaermuseet.no\/vitengarden\/museumsbygget\/10-oveersiktsbilder-vitengarden-0812\/\" class=\"wp-image-4835\" srcset=\"https:\/\/www.jaermuseet.no\/vitengarden\/wp-content\/uploads\/sites\/11\/2021\/06\/10-Oveersiktsbilder-Vitengarden-0812-1024x682.jpg 1024w, https:\/\/www.jaermuseet.no\/vitengarden\/wp-content\/uploads\/sites\/11\/2021\/06\/10-Oveersiktsbilder-Vitengarden-0812-300x200.jpg 300w, https:\/\/www.jaermuseet.no\/vitengarden\/wp-content\/uploads\/sites\/11\/2021\/06\/10-Oveersiktsbilder-Vitengarden-0812-200x133.jpg 200w, https:\/\/www.jaermuseet.no\/vitengarden\/wp-content\/uploads\/sites\/11\/2021\/06\/10-Oveersiktsbilder-Vitengarden-0812-1536x1023.jpg 1536w, https:\/\/www.jaermuseet.no\/vitengarden\/wp-content\/uploads\/sites\/11\/2021\/06\/10-Oveersiktsbilder-Vitengarden-0812-2048x1364.jpg 2048w, https:\/\/www.jaermuseet.no\/vitengarden\/wp-content\/uploads\/sites\/11\/2021\/06\/10-Oveersiktsbilder-Vitengarden-0812-250x167.jpg 250w\" sizes=\"auto, (max-width: 1024px) 100vw, 1024px\" \/><figcaption class=\"blocks-gallery-item__caption\">Foto: Rune Helliesen \/ J\u00e6rmuseet<\/figcaption><\/figure><\/li><li class=\"blocks-gallery-item\"><figure><img loading=\"lazy\" decoding=\"async\" width=\"1024\" height=\"683\" src=\"https:\/\/www.jaermuseet.no\/vitengarden\/wp-content\/uploads\/sites\/11\/2021\/06\/01-Ko-Vitengarden-4003-1024x683.jpg\" alt=\"\" data-id=\"4834\" data-full-url=\"https:\/\/www.jaermuseet.no\/vitengarden\/wp-content\/uploads\/sites\/11\/2021\/06\/01-Ko-Vitengarden-4003.jpg\" data-link=\"https:\/\/www.jaermuseet.no\/vitengarden\/museumsbygget\/01-ko-vitengarden-4003\/\" class=\"wp-image-4834\" srcset=\"https:\/\/www.jaermuseet.no\/vitengarden\/wp-content\/uploads\/sites\/11\/2021\/06\/01-Ko-Vitengarden-4003-1024x683.jpg 1024w, https:\/\/www.jaermuseet.no\/vitengarden\/wp-content\/uploads\/sites\/11\/2021\/06\/01-Ko-Vitengarden-4003-300x200.jpg 300w, https:\/\/www.jaermuseet.no\/vitengarden\/wp-content\/uploads\/sites\/11\/2021\/06\/01-Ko-Vitengarden-4003-200x133.jpg 200w, https:\/\/www.jaermuseet.no\/vitengarden\/wp-content\/uploads\/sites\/11\/2021\/06\/01-Ko-Vitengarden-4003-1536x1024.jpg 1536w, https:\/\/www.jaermuseet.no\/vitengarden\/wp-content\/uploads\/sites\/11\/2021\/06\/01-Ko-Vitengarden-4003-2048x1365.jpg 2048w, https:\/\/www.jaermuseet.no\/vitengarden\/wp-content\/uploads\/sites\/11\/2021\/06\/01-Ko-Vitengarden-4003-250x167.jpg 250w\" sizes=\"auto, (max-width: 1024px) 100vw, 1024px\" \/><figcaption class=\"blocks-gallery-item__caption\">Foto: Rune Helliesen \/ J\u00e6rmuseet<\/figcaption><\/figure><\/li><li class=\"blocks-gallery-item\"><figure><img loading=\"lazy\" decoding=\"async\" width=\"1024\" height=\"552\" src=\"https:\/\/www.jaermuseet.no\/vitengarden\/wp-content\/uploads\/sites\/11\/2021\/06\/10-Oveersiktsbilder-Vitengarden-6543-1024x552.jpg\" alt=\"\" data-id=\"4836\" data-full-url=\"https:\/\/www.jaermuseet.no\/vitengarden\/wp-content\/uploads\/sites\/11\/2021\/06\/10-Oveersiktsbilder-Vitengarden-6543.jpg\" data-link=\"https:\/\/www.jaermuseet.no\/vitengarden\/museumsbygget\/10-oveersiktsbilder-vitengarden-6543\/\" class=\"wp-image-4836\" srcset=\"https:\/\/www.jaermuseet.no\/vitengarden\/wp-content\/uploads\/sites\/11\/2021\/06\/10-Oveersiktsbilder-Vitengarden-6543-1024x552.jpg 1024w, https:\/\/www.jaermuseet.no\/vitengarden\/wp-content\/uploads\/sites\/11\/2021\/06\/10-Oveersiktsbilder-Vitengarden-6543-300x162.jpg 300w, https:\/\/www.jaermuseet.no\/vitengarden\/wp-content\/uploads\/sites\/11\/2021\/06\/10-Oveersiktsbilder-Vitengarden-6543-200x108.jpg 200w, https:\/\/www.jaermuseet.no\/vitengarden\/wp-content\/uploads\/sites\/11\/2021\/06\/10-Oveersiktsbilder-Vitengarden-6543-1536x828.jpg 1536w, https:\/\/www.jaermuseet.no\/vitengarden\/wp-content\/uploads\/sites\/11\/2021\/06\/10-Oveersiktsbilder-Vitengarden-6543-2048x1104.jpg 2048w, https:\/\/www.jaermuseet.no\/vitengarden\/wp-content\/uploads\/sites\/11\/2021\/06\/10-Oveersiktsbilder-Vitengarden-6543-250x135.jpg 250w\" sizes=\"auto, (max-width: 1024px) 100vw, 1024px\" \/><figcaption class=\"blocks-gallery-item__caption\">Foto: Rune Helliesen \/ J\u00e6rmuseet<\/figcaption><\/figure><\/li><li class=\"blocks-gallery-item\"><figure><img loading=\"lazy\" decoding=\"async\" width=\"1024\" height=\"621\" src=\"https:\/\/www.jaermuseet.no\/vitengarden\/wp-content\/uploads\/sites\/11\/2021\/06\/10-Oveersiktsbilder-Vitengarden-6756-1024x621.jpg\" alt=\"\" data-id=\"4837\" data-full-url=\"https:\/\/www.jaermuseet.no\/vitengarden\/wp-content\/uploads\/sites\/11\/2021\/06\/10-Oveersiktsbilder-Vitengarden-6756.jpg\" data-link=\"https:\/\/www.jaermuseet.no\/vitengarden\/museumsbygget\/10-oveersiktsbilder-vitengarden-6756\/\" class=\"wp-image-4837\" srcset=\"https:\/\/www.jaermuseet.no\/vitengarden\/wp-content\/uploads\/sites\/11\/2021\/06\/10-Oveersiktsbilder-Vitengarden-6756-1024x621.jpg 1024w, https:\/\/www.jaermuseet.no\/vitengarden\/wp-content\/uploads\/sites\/11\/2021\/06\/10-Oveersiktsbilder-Vitengarden-6756-300x182.jpg 300w, https:\/\/www.jaermuseet.no\/vitengarden\/wp-content\/uploads\/sites\/11\/2021\/06\/10-Oveersiktsbilder-Vitengarden-6756-200x121.jpg 200w, https:\/\/www.jaermuseet.no\/vitengarden\/wp-content\/uploads\/sites\/11\/2021\/06\/10-Oveersiktsbilder-Vitengarden-6756-1536x932.jpg 1536w, https:\/\/www.jaermuseet.no\/vitengarden\/wp-content\/uploads\/sites\/11\/2021\/06\/10-Oveersiktsbilder-Vitengarden-6756-2048x1242.jpg 2048w, https:\/\/www.jaermuseet.no\/vitengarden\/wp-content\/uploads\/sites\/11\/2021\/06\/10-Oveersiktsbilder-Vitengarden-6756-250x152.jpg 250w\" sizes=\"auto, (max-width: 1024px) 100vw, 1024px\" \/><figcaption class=\"blocks-gallery-item__caption\">Foto: Rune Helliesen \/ J\u00e6rmuseet<\/figcaption><\/figure><\/li><li class=\"blocks-gallery-item\"><figure><img loading=\"lazy\" decoding=\"async\" width=\"1024\" height=\"682\" src=\"https:\/\/www.jaermuseet.no\/vitengarden\/wp-content\/uploads\/sites\/11\/2021\/06\/00-Oversikt-Vitengarden-0829-1-1024x682.jpg\" alt=\"\" data-id=\"4838\" data-full-url=\"https:\/\/www.jaermuseet.no\/vitengarden\/wp-content\/uploads\/sites\/11\/2021\/06\/00-Oversikt-Vitengarden-0829-1.jpg\" data-link=\"https:\/\/www.jaermuseet.no\/vitengarden\/museumsbygget\/00-oversikt-vitengarden-0829-1\/\" class=\"wp-image-4838\" srcset=\"https:\/\/www.jaermuseet.no\/vitengarden\/wp-content\/uploads\/sites\/11\/2021\/06\/00-Oversikt-Vitengarden-0829-1-1024x682.jpg 1024w, https:\/\/www.jaermuseet.no\/vitengarden\/wp-content\/uploads\/sites\/11\/2021\/06\/00-Oversikt-Vitengarden-0829-1-300x200.jpg 300w, https:\/\/www.jaermuseet.no\/vitengarden\/wp-content\/uploads\/sites\/11\/2021\/06\/00-Oversikt-Vitengarden-0829-1-200x133.jpg 200w, https:\/\/www.jaermuseet.no\/vitengarden\/wp-content\/uploads\/sites\/11\/2021\/06\/00-Oversikt-Vitengarden-0829-1-1536x1023.jpg 1536w, https:\/\/www.jaermuseet.no\/vitengarden\/wp-content\/uploads\/sites\/11\/2021\/06\/00-Oversikt-Vitengarden-0829-1-2048x1364.jpg 2048w, https:\/\/www.jaermuseet.no\/vitengarden\/wp-content\/uploads\/sites\/11\/2021\/06\/00-Oversikt-Vitengarden-0829-1-250x167.jpg 250w\" sizes=\"auto, (max-width: 1024px) 100vw, 1024px\" \/><figcaption class=\"blocks-gallery-item__caption\">Foto: Rune Helliesen \/ J\u00e6rmuseet<\/figcaption><\/figure><\/li><\/ul><\/figure>\n","protected":false},"excerpt":{"rendered":"<p>Museumsbygget p\u00e5 Kvia sameinar j\u00e6rsk identitet og byggetradisjon med eit&#8230;<\/p>\n","protected":false},"author":10,"featured_media":4829,"parent":0,"menu_order":0,"comment_status":"open","ping_status":"open","template":"","meta":{"_acf_changed":false,"footnotes":""},"class_list":["post-46","page","type-page","status-publish","has-post-thumbnail","hentry","featured-image-size-large"],"acf":[],"yoast_head":"<!-- This site is optimized with the Yoast SEO plugin v27.5 - https:\/\/yoast.com\/product\/yoast-seo-wordpress\/ -->\n<title>Museumsbygget - Vitengarden<\/title>\n<meta name=\"robots\" content=\"index, follow, max-snippet:-1, max-image-preview:large, max-video-preview:-1\" \/>\n<link rel=\"canonical\" href=\"https:\/\/www.jaermuseet.no\/vitengarden\/museumsbygget\/\" \/>\n<meta property=\"og:locale\" content=\"nn_NO\" \/>\n<meta property=\"og:type\" content=\"article\" \/>\n<meta property=\"og:title\" content=\"Museumsbygget - Vitengarden\" \/>\n<meta property=\"og:description\" content=\"Museumsbygget p\u00e5 Kvia sameinar j\u00e6rsk identitet og byggetradisjon med eit...\" \/>\n<meta property=\"og:url\" content=\"https:\/\/www.jaermuseet.no\/vitengarden\/museumsbygget\/\" \/>\n<meta property=\"og:site_name\" content=\"Vitengarden\" \/>\n<meta property=\"article:modified_time\" content=\"2021-06-14T12:27:13+00:00\" \/>\n<meta property=\"og:image\" content=\"https:\/\/www.jaermuseet.no\/vitengarden\/wp-content\/uploads\/sites\/11\/2021\/06\/IMG_1374-scaled.jpg\" \/>\n\t<meta property=\"og:image:width\" content=\"2560\" \/>\n\t<meta property=\"og:image:height\" content=\"1707\" \/>\n\t<meta property=\"og:image:type\" content=\"image\/jpeg\" \/>\n<meta name=\"twitter:card\" content=\"summary_large_image\" \/>\n<meta name=\"twitter:label1\" content=\"Est. reading time\" \/>\n\t<meta name=\"twitter:data1\" content=\"3 minutt\" \/>\n<script type=\"application\/ld+json\" class=\"yoast-schema-graph\">{\"@context\":\"https:\\\/\\\/schema.org\",\"@graph\":[{\"@type\":\"WebPage\",\"@id\":\"https:\\\/\\\/www.jaermuseet.no\\\/vitengarden\\\/museumsbygget\\\/\",\"url\":\"https:\\\/\\\/www.jaermuseet.no\\\/vitengarden\\\/museumsbygget\\\/\",\"name\":\"Museumsbygget - Vitengarden\",\"isPartOf\":{\"@id\":\"https:\\\/\\\/www.jaermuseet.no\\\/vitengarden\\\/#website\"},\"primaryImageOfPage\":{\"@id\":\"https:\\\/\\\/www.jaermuseet.no\\\/vitengarden\\\/museumsbygget\\\/#primaryimage\"},\"image\":{\"@id\":\"https:\\\/\\\/www.jaermuseet.no\\\/vitengarden\\\/museumsbygget\\\/#primaryimage\"},\"thumbnailUrl\":\"https:\\\/\\\/www.jaermuseet.no\\\/vitengarden\\\/wp-content\\\/uploads\\\/sites\\\/11\\\/2021\\\/06\\\/IMG_1374-scaled.jpg\",\"datePublished\":\"2011-01-27T07:38:04+00:00\",\"dateModified\":\"2021-06-14T12:27:13+00:00\",\"breadcrumb\":{\"@id\":\"https:\\\/\\\/www.jaermuseet.no\\\/vitengarden\\\/museumsbygget\\\/#breadcrumb\"},\"inLanguage\":\"nn-NO\",\"potentialAction\":[{\"@type\":\"ReadAction\",\"target\":[\"https:\\\/\\\/www.jaermuseet.no\\\/vitengarden\\\/museumsbygget\\\/\"]}]},{\"@type\":\"ImageObject\",\"inLanguage\":\"nn-NO\",\"@id\":\"https:\\\/\\\/www.jaermuseet.no\\\/vitengarden\\\/museumsbygget\\\/#primaryimage\",\"url\":\"https:\\\/\\\/www.jaermuseet.no\\\/vitengarden\\\/wp-content\\\/uploads\\\/sites\\\/11\\\/2021\\\/06\\\/IMG_1374-scaled.jpg\",\"contentUrl\":\"https:\\\/\\\/www.jaermuseet.no\\\/vitengarden\\\/wp-content\\\/uploads\\\/sites\\\/11\\\/2021\\\/06\\\/IMG_1374-scaled.jpg\",\"width\":2560,\"height\":1707,\"caption\":\"Foto: Ingeborg Skrudland\\\/J\u00e6rmuseet\"},{\"@type\":\"BreadcrumbList\",\"@id\":\"https:\\\/\\\/www.jaermuseet.no\\\/vitengarden\\\/museumsbygget\\\/#breadcrumb\",\"itemListElement\":[{\"@type\":\"ListItem\",\"position\":1,\"name\":\"Heim\",\"item\":\"https:\\\/\\\/www.jaermuseet.no\\\/vitengarden\\\/\"},{\"@type\":\"ListItem\",\"position\":2,\"name\":\"Museumsbygget\"}]},{\"@type\":\"WebSite\",\"@id\":\"https:\\\/\\\/www.jaermuseet.no\\\/vitengarden\\\/#website\",\"url\":\"https:\\\/\\\/www.jaermuseet.no\\\/vitengarden\\\/\",\"name\":\"Vitengarden\",\"description\":\"Take part in science and history with new and engaging methods\",\"potentialAction\":[{\"@type\":\"SearchAction\",\"target\":{\"@type\":\"EntryPoint\",\"urlTemplate\":\"https:\\\/\\\/www.jaermuseet.no\\\/vitengarden\\\/?s={search_term_string}\"},\"query-input\":{\"@type\":\"PropertyValueSpecification\",\"valueRequired\":true,\"valueName\":\"search_term_string\"}}],\"inLanguage\":\"nn-NO\"}]}<\/script>\n<!-- \/ Yoast SEO plugin. -->","yoast_head_json":{"title":"Museumsbygget - Vitengarden","robots":{"index":"index","follow":"follow","max-snippet":"max-snippet:-1","max-image-preview":"max-image-preview:large","max-video-preview":"max-video-preview:-1"},"canonical":"https:\/\/www.jaermuseet.no\/vitengarden\/museumsbygget\/","og_locale":"nn_NO","og_type":"article","og_title":"Museumsbygget - Vitengarden","og_description":"Museumsbygget p\u00e5 Kvia sameinar j\u00e6rsk identitet og byggetradisjon med eit...","og_url":"https:\/\/www.jaermuseet.no\/vitengarden\/museumsbygget\/","og_site_name":"Vitengarden","article_modified_time":"2021-06-14T12:27:13+00:00","og_image":[{"width":2560,"height":1707,"url":"https:\/\/www.jaermuseet.no\/vitengarden\/wp-content\/uploads\/sites\/11\/2021\/06\/IMG_1374-scaled.jpg","type":"image\/jpeg"}],"twitter_card":"summary_large_image","twitter_misc":{"Est. reading time":"3 minutt"},"schema":{"@context":"https:\/\/schema.org","@graph":[{"@type":"WebPage","@id":"https:\/\/www.jaermuseet.no\/vitengarden\/museumsbygget\/","url":"https:\/\/www.jaermuseet.no\/vitengarden\/museumsbygget\/","name":"Museumsbygget - Vitengarden","isPartOf":{"@id":"https:\/\/www.jaermuseet.no\/vitengarden\/#website"},"primaryImageOfPage":{"@id":"https:\/\/www.jaermuseet.no\/vitengarden\/museumsbygget\/#primaryimage"},"image":{"@id":"https:\/\/www.jaermuseet.no\/vitengarden\/museumsbygget\/#primaryimage"},"thumbnailUrl":"https:\/\/www.jaermuseet.no\/vitengarden\/wp-content\/uploads\/sites\/11\/2021\/06\/IMG_1374-scaled.jpg","datePublished":"2011-01-27T07:38:04+00:00","dateModified":"2021-06-14T12:27:13+00:00","breadcrumb":{"@id":"https:\/\/www.jaermuseet.no\/vitengarden\/museumsbygget\/#breadcrumb"},"inLanguage":"nn-NO","potentialAction":[{"@type":"ReadAction","target":["https:\/\/www.jaermuseet.no\/vitengarden\/museumsbygget\/"]}]},{"@type":"ImageObject","inLanguage":"nn-NO","@id":"https:\/\/www.jaermuseet.no\/vitengarden\/museumsbygget\/#primaryimage","url":"https:\/\/www.jaermuseet.no\/vitengarden\/wp-content\/uploads\/sites\/11\/2021\/06\/IMG_1374-scaled.jpg","contentUrl":"https:\/\/www.jaermuseet.no\/vitengarden\/wp-content\/uploads\/sites\/11\/2021\/06\/IMG_1374-scaled.jpg","width":2560,"height":1707,"caption":"Foto: Ingeborg Skrudland\/J\u00e6rmuseet"},{"@type":"BreadcrumbList","@id":"https:\/\/www.jaermuseet.no\/vitengarden\/museumsbygget\/#breadcrumb","itemListElement":[{"@type":"ListItem","position":1,"name":"Heim","item":"https:\/\/www.jaermuseet.no\/vitengarden\/"},{"@type":"ListItem","position":2,"name":"Museumsbygget"}]},{"@type":"WebSite","@id":"https:\/\/www.jaermuseet.no\/vitengarden\/#website","url":"https:\/\/www.jaermuseet.no\/vitengarden\/","name":"Vitengarden","description":"Take part in science and history with new and engaging methods","potentialAction":[{"@type":"SearchAction","target":{"@type":"EntryPoint","urlTemplate":"https:\/\/www.jaermuseet.no\/vitengarden\/?s={search_term_string}"},"query-input":{"@type":"PropertyValueSpecification","valueRequired":true,"valueName":"search_term_string"}}],"inLanguage":"nn-NO"}]}},"jetpack_sharing_enabled":true,"_links":{"self":[{"href":"https:\/\/www.jaermuseet.no\/vitengarden\/wp-json\/wp\/v2\/pages\/46","targetHints":{"allow":["GET"]}}],"collection":[{"href":"https:\/\/www.jaermuseet.no\/vitengarden\/wp-json\/wp\/v2\/pages"}],"about":[{"href":"https:\/\/www.jaermuseet.no\/vitengarden\/wp-json\/wp\/v2\/types\/page"}],"author":[{"embeddable":true,"href":"https:\/\/www.jaermuseet.no\/vitengarden\/wp-json\/wp\/v2\/users\/10"}],"replies":[{"embeddable":true,"href":"https:\/\/www.jaermuseet.no\/vitengarden\/wp-json\/wp\/v2\/comments?post=46"}],"version-history":[{"count":5,"href":"https:\/\/www.jaermuseet.no\/vitengarden\/wp-json\/wp\/v2\/pages\/46\/revisions"}],"predecessor-version":[{"id":4839,"href":"https:\/\/www.jaermuseet.no\/vitengarden\/wp-json\/wp\/v2\/pages\/46\/revisions\/4839"}],"wp:featuredmedia":[{"embeddable":true,"href":"https:\/\/www.jaermuseet.no\/vitengarden\/wp-json\/wp\/v2\/media\/4829"}],"wp:attachment":[{"href":"https:\/\/www.jaermuseet.no\/vitengarden\/wp-json\/wp\/v2\/media?parent=46"}],"curies":[{"name":"wp","href":"https:\/\/api.w.org\/{rel}","templated":true}]}}