{"id":43,"date":"2010-06-28T09:13:00","date_gmt":"2010-06-28T08:13:00","guid":{"rendered":"https:\/\/www.jaermuseet.no\/vitengarden\/vennelaget-for-jaermuset-vitengarden\/"},"modified":"2019-03-15T13:02:24","modified_gmt":"2019-03-15T11:02:24","slug":"vennelaget-for-jaermuset-vitengarden","status":"publish","type":"page","link":"https:\/\/www.jaermuseet.no\/vitengarden\/vennelaget-for-jaermuset-vitengarden\/","title":{"rendered":"Vennelaget for J\u00e6rmuset &#8211; Vitengarden"},"content":{"rendered":"<p><strong>F\u00f8rem\u00e5let for Vennelaget for J\u00e6rmuseet &#8211; Vitengarden er \u00e5 vera ein aktiv st\u00f8ttespelar for Vitengarden og skal samla folk som er interessert i dette, og som er villige til p\u00e5 forskjellig vis \u00e5 vera med og fremja utviklinga av J\u00e6rmuseet &#8211; Vitengarden.<\/strong><\/p>\n<p><strong>Oppg\u00e5ver for medlemmene: <\/strong><br \/>\nVennelaget og medlemmane skal arbeida aktivt for \u00e5 gjera Vitengarden, og dei aktivitetane som vert drivne der, kjente i lokalmilj\u00f8et. Vennelaget skal vidare hjelpa til praktisk ved arrangement av ulike slag samt organisera dugnad n\u00e5r noko anna spesielt skal gjerast. For medlemmane er dette arbeidet frivillig.<\/p>\n<p><strong><img loading=\"lazy\" decoding=\"async\" style=\"float: left;\" src=\"https:\/\/www.jaermuseet.no\/wp-content\/uploads\/sites\/11\/2010\/06\/jaerlappen.jpg\" alt=\"J\u00e6rlappen medlemsblad\" width=\"152\" height=\"200\" \/>Medlemsblad og \u00c5rbok:<\/strong><br \/>\nVennelaget gir to gonger i \u00e5ret ut eit medlemsblad, kalla \u201dJ\u00c6RLAPPEN\u201d, som har nyttig informasjon om J\u00e6rmuseet, b\u00e5de om Vitengarden, men \u00f2g om dei mange andre anlegga innanfor J\u00e6rmuseet. &#8220;J\u00c6RLAPPEN&#8221; vert sendt p\u00e5 e-post. I tillegg f\u00e5r ein eit eksemplar av J\u00e6rmuseet si flotte \u00e5rbok \u201dSj\u00e5 J\u00e6ren\u201d fritt tilsendt.<\/p>\n<p><strong>Kven kan vera medlemmer?<\/strong><br \/>\nMedlemmer i Vennelaget kan vera enkeltpersonar og familiar. Enkeltmedlemmer f\u00e5r fri inngang for seg sj\u00f8lv og familiar f\u00e5r fri inngang for foreldre og eigne barn.<\/p>\n<p><strong>Kva kostar det, og kva f\u00e5r du igjen for dette?<\/strong><br \/>\nPrivatpersonar betaler ein \u00e5rleg medlemskontingent p\u00e5 kr. 450,. Familier betaler kr. 900,-.<br \/>\nMedlemmane har d\u00e5 fri inngang til alle J\u00e6rmuseet sine anlegg og alle utstillingar som vert arrangerte der. Dette gjeld desse anlegga: J\u00e6rmuseet Vitengarden med Kviagarden, Vitenfabrikken, Gr\u00f8dalandstunet og Varden Sj\u00f8redingsmuseum i H\u00e5, Vistnestunet og Tungenes fyr i Randaberg, Flyhistorisk Museum Sola og Rogaland Krigshistoriske museum i Sola, Garborgsenteret, Knudaheio og Garborgheimen i Time og Limagarden i Gjesdal.<\/p>\n<p><strong>Styret<\/strong><\/p>\n<p>Styret for Vennelaget for J\u00e6rmuseet Vitengarden for \u00e5ret 2018\/2019 er:<br \/>\nLeiar: Sigurd H\u00f8yland<br \/>\nNestleiar:\u00a0Arna H\u00f8yland<br \/>\nSekret\u00e6r: \u00c5dne Nj\u00e5<br \/>\nStyremedlemmer:\u00a0Bj\u00f8rg Sandve og Solveig Hadland<br \/>\nVaramedlemer til styret: Kitty Krogh Harestad og Karl Sveinsvoll<\/p>\n<p><strong>Kontaktinformasjon<\/strong><\/p>\n<p>vennelaget.vitengarden@jaermuseet.no<\/p>\n<p><strong>Velkommen som medlem!<\/strong><\/p>\n","protected":false},"excerpt":{"rendered":"<p>F\u00f8rem\u00e5let for Vennelaget for J\u00e6rmuseet &#8211; Vitengarden er \u00e5 vera&#8230;<\/p>\n","protected":false},"author":10,"featured_media":0,"parent":0,"menu_order":0,"comment_status":"open","ping_status":"open","template":"","meta":{"_acf_changed":false,"footnotes":""},"class_list":["post-43","page","type-page","status-publish","hentry","featured-image-size-large"],"acf":[],"yoast_head":"<!-- This site is optimized with the Yoast SEO plugin v27.4 - https:\/\/yoast.com\/product\/yoast-seo-wordpress\/ -->\n<title>Vennelaget for J\u00e6rmuset - Vitengarden - Vitengarden<\/title>\n<meta name=\"robots\" content=\"index, follow, max-snippet:-1, max-image-preview:large, max-video-preview:-1\" \/>\n<link rel=\"canonical\" href=\"https:\/\/www.jaermuseet.no\/vitengarden\/vennelaget-for-jaermuset-vitengarden\/\" \/>\n<meta property=\"og:locale\" content=\"nn_NO\" \/>\n<meta property=\"og:type\" content=\"article\" \/>\n<meta property=\"og:title\" content=\"Vennelaget for J\u00e6rmuset - Vitengarden - Vitengarden\" \/>\n<meta property=\"og:description\" content=\"F\u00f8rem\u00e5let for Vennelaget for J\u00e6rmuseet &#8211; Vitengarden er \u00e5 vera...\" \/>\n<meta property=\"og:url\" content=\"https:\/\/www.jaermuseet.no\/vitengarden\/vennelaget-for-jaermuset-vitengarden\/\" \/>\n<meta property=\"og:site_name\" content=\"Vitengarden\" \/>\n<meta property=\"article:modified_time\" content=\"2019-03-15T11:02:24+00:00\" \/>\n<meta property=\"og:image\" content=\"https:\/\/www.jaermuseet.no\/wp-content\/uploads\/sites\/11\/2010\/06\/jaerlappen.jpg\" \/>\n<meta name=\"twitter:card\" content=\"summary_large_image\" \/>\n<meta name=\"twitter:label1\" content=\"Est. reading time\" \/>\n\t<meta name=\"twitter:data1\" content=\"2 minutt\" \/>\n<script type=\"application\/ld+json\" class=\"yoast-schema-graph\">{\"@context\":\"https:\\\/\\\/schema.org\",\"@graph\":[{\"@type\":\"WebPage\",\"@id\":\"https:\\\/\\\/www.jaermuseet.no\\\/vitengarden\\\/vennelaget-for-jaermuset-vitengarden\\\/\",\"url\":\"https:\\\/\\\/www.jaermuseet.no\\\/vitengarden\\\/vennelaget-for-jaermuset-vitengarden\\\/\",\"name\":\"Vennelaget for J\u00e6rmuset - Vitengarden - Vitengarden\",\"isPartOf\":{\"@id\":\"https:\\\/\\\/www.jaermuseet.no\\\/vitengarden\\\/#website\"},\"primaryImageOfPage\":{\"@id\":\"https:\\\/\\\/www.jaermuseet.no\\\/vitengarden\\\/vennelaget-for-jaermuset-vitengarden\\\/#primaryimage\"},\"image\":{\"@id\":\"https:\\\/\\\/www.jaermuseet.no\\\/vitengarden\\\/vennelaget-for-jaermuset-vitengarden\\\/#primaryimage\"},\"thumbnailUrl\":\"https:\\\/\\\/www.jaermuseet.no\\\/wp-content\\\/uploads\\\/sites\\\/11\\\/2010\\\/06\\\/jaerlappen.jpg\",\"datePublished\":\"2010-06-28T08:13:00+00:00\",\"dateModified\":\"2019-03-15T11:02:24+00:00\",\"breadcrumb\":{\"@id\":\"https:\\\/\\\/www.jaermuseet.no\\\/vitengarden\\\/vennelaget-for-jaermuset-vitengarden\\\/#breadcrumb\"},\"inLanguage\":\"nn-NO\",\"potentialAction\":[{\"@type\":\"ReadAction\",\"target\":[\"https:\\\/\\\/www.jaermuseet.no\\\/vitengarden\\\/vennelaget-for-jaermuset-vitengarden\\\/\"]}]},{\"@type\":\"ImageObject\",\"inLanguage\":\"nn-NO\",\"@id\":\"https:\\\/\\\/www.jaermuseet.no\\\/vitengarden\\\/vennelaget-for-jaermuset-vitengarden\\\/#primaryimage\",\"url\":\"https:\\\/\\\/www.jaermuseet.no\\\/wp-content\\\/uploads\\\/sites\\\/11\\\/2010\\\/06\\\/jaerlappen.jpg\",\"contentUrl\":\"https:\\\/\\\/www.jaermuseet.no\\\/wp-content\\\/uploads\\\/sites\\\/11\\\/2010\\\/06\\\/jaerlappen.jpg\"},{\"@type\":\"BreadcrumbList\",\"@id\":\"https:\\\/\\\/www.jaermuseet.no\\\/vitengarden\\\/vennelaget-for-jaermuset-vitengarden\\\/#breadcrumb\",\"itemListElement\":[{\"@type\":\"ListItem\",\"position\":1,\"name\":\"Heim\",\"item\":\"https:\\\/\\\/www.jaermuseet.no\\\/vitengarden\\\/\"},{\"@type\":\"ListItem\",\"position\":2,\"name\":\"Vennelaget for J\u00e6rmuset &#8211; Vitengarden\"}]},{\"@type\":\"WebSite\",\"@id\":\"https:\\\/\\\/www.jaermuseet.no\\\/vitengarden\\\/#website\",\"url\":\"https:\\\/\\\/www.jaermuseet.no\\\/vitengarden\\\/\",\"name\":\"Vitengarden\",\"description\":\"Take part in science and history with new and engaging methods\",\"potentialAction\":[{\"@type\":\"SearchAction\",\"target\":{\"@type\":\"EntryPoint\",\"urlTemplate\":\"https:\\\/\\\/www.jaermuseet.no\\\/vitengarden\\\/?s={search_term_string}\"},\"query-input\":{\"@type\":\"PropertyValueSpecification\",\"valueRequired\":true,\"valueName\":\"search_term_string\"}}],\"inLanguage\":\"nn-NO\"}]}<\/script>\n<!-- \/ Yoast SEO plugin. -->","yoast_head_json":{"title":"Vennelaget for J\u00e6rmuset - Vitengarden - Vitengarden","robots":{"index":"index","follow":"follow","max-snippet":"max-snippet:-1","max-image-preview":"max-image-preview:large","max-video-preview":"max-video-preview:-1"},"canonical":"https:\/\/www.jaermuseet.no\/vitengarden\/vennelaget-for-jaermuset-vitengarden\/","og_locale":"nn_NO","og_type":"article","og_title":"Vennelaget for J\u00e6rmuset - Vitengarden - Vitengarden","og_description":"F\u00f8rem\u00e5let for Vennelaget for J\u00e6rmuseet &#8211; Vitengarden er \u00e5 vera...","og_url":"https:\/\/www.jaermuseet.no\/vitengarden\/vennelaget-for-jaermuset-vitengarden\/","og_site_name":"Vitengarden","article_modified_time":"2019-03-15T11:02:24+00:00","og_image":[{"url":"https:\/\/www.jaermuseet.no\/wp-content\/uploads\/sites\/11\/2010\/06\/jaerlappen.jpg","type":"","width":"","height":""}],"twitter_card":"summary_large_image","twitter_misc":{"Est. reading time":"2 minutt"},"schema":{"@context":"https:\/\/schema.org","@graph":[{"@type":"WebPage","@id":"https:\/\/www.jaermuseet.no\/vitengarden\/vennelaget-for-jaermuset-vitengarden\/","url":"https:\/\/www.jaermuseet.no\/vitengarden\/vennelaget-for-jaermuset-vitengarden\/","name":"Vennelaget for J\u00e6rmuset - Vitengarden - Vitengarden","isPartOf":{"@id":"https:\/\/www.jaermuseet.no\/vitengarden\/#website"},"primaryImageOfPage":{"@id":"https:\/\/www.jaermuseet.no\/vitengarden\/vennelaget-for-jaermuset-vitengarden\/#primaryimage"},"image":{"@id":"https:\/\/www.jaermuseet.no\/vitengarden\/vennelaget-for-jaermuset-vitengarden\/#primaryimage"},"thumbnailUrl":"https:\/\/www.jaermuseet.no\/wp-content\/uploads\/sites\/11\/2010\/06\/jaerlappen.jpg","datePublished":"2010-06-28T08:13:00+00:00","dateModified":"2019-03-15T11:02:24+00:00","breadcrumb":{"@id":"https:\/\/www.jaermuseet.no\/vitengarden\/vennelaget-for-jaermuset-vitengarden\/#breadcrumb"},"inLanguage":"nn-NO","potentialAction":[{"@type":"ReadAction","target":["https:\/\/www.jaermuseet.no\/vitengarden\/vennelaget-for-jaermuset-vitengarden\/"]}]},{"@type":"ImageObject","inLanguage":"nn-NO","@id":"https:\/\/www.jaermuseet.no\/vitengarden\/vennelaget-for-jaermuset-vitengarden\/#primaryimage","url":"https:\/\/www.jaermuseet.no\/wp-content\/uploads\/sites\/11\/2010\/06\/jaerlappen.jpg","contentUrl":"https:\/\/www.jaermuseet.no\/wp-content\/uploads\/sites\/11\/2010\/06\/jaerlappen.jpg"},{"@type":"BreadcrumbList","@id":"https:\/\/www.jaermuseet.no\/vitengarden\/vennelaget-for-jaermuset-vitengarden\/#breadcrumb","itemListElement":[{"@type":"ListItem","position":1,"name":"Heim","item":"https:\/\/www.jaermuseet.no\/vitengarden\/"},{"@type":"ListItem","position":2,"name":"Vennelaget for J\u00e6rmuset &#8211; Vitengarden"}]},{"@type":"WebSite","@id":"https:\/\/www.jaermuseet.no\/vitengarden\/#website","url":"https:\/\/www.jaermuseet.no\/vitengarden\/","name":"Vitengarden","description":"Take part in science and history with new and engaging methods","potentialAction":[{"@type":"SearchAction","target":{"@type":"EntryPoint","urlTemplate":"https:\/\/www.jaermuseet.no\/vitengarden\/?s={search_term_string}"},"query-input":{"@type":"PropertyValueSpecification","valueRequired":true,"valueName":"search_term_string"}}],"inLanguage":"nn-NO"}]}},"jetpack_sharing_enabled":true,"_links":{"self":[{"href":"https:\/\/www.jaermuseet.no\/vitengarden\/wp-json\/wp\/v2\/pages\/43","targetHints":{"allow":["GET"]}}],"collection":[{"href":"https:\/\/www.jaermuseet.no\/vitengarden\/wp-json\/wp\/v2\/pages"}],"about":[{"href":"https:\/\/www.jaermuseet.no\/vitengarden\/wp-json\/wp\/v2\/types\/page"}],"author":[{"embeddable":true,"href":"https:\/\/www.jaermuseet.no\/vitengarden\/wp-json\/wp\/v2\/users\/10"}],"replies":[{"embeddable":true,"href":"https:\/\/www.jaermuseet.no\/vitengarden\/wp-json\/wp\/v2\/comments?post=43"}],"version-history":[{"count":7,"href":"https:\/\/www.jaermuseet.no\/vitengarden\/wp-json\/wp\/v2\/pages\/43\/revisions"}],"predecessor-version":[{"id":3232,"href":"https:\/\/www.jaermuseet.no\/vitengarden\/wp-json\/wp\/v2\/pages\/43\/revisions\/3232"}],"wp:attachment":[{"href":"https:\/\/www.jaermuseet.no\/vitengarden\/wp-json\/wp\/v2\/media?parent=43"}],"curies":[{"name":"wp","href":"https:\/\/api.w.org\/{rel}","templated":true}]}}