{"id":4002,"date":"2020-09-04T09:26:58","date_gmt":"2020-09-04T07:26:58","guid":{"rendered":"https:\/\/www.jaermuseet.no\/vitengarden\/?page_id=4002"},"modified":"2025-05-15T08:05:44","modified_gmt":"2025-05-15T06:05:44","slug":"billettar","status":"publish","type":"page","link":"https:\/\/www.jaermuseet.no\/vitengarden\/billettar\/","title":{"rendered":"Billettar"},"content":{"rendered":"\n<p>Vitengarden har f\u00f8lgjande billettar og prisar:<\/p>\n\n\n\n<ul class=\"wp-block-list\">\n<li>Barn under 4 \u00e5r: Gratis<\/li>\n\n\n\n<li>Barn 4 til og med 17 \u00e5r: kr. 75,-<\/li>\n\n\n\n<li>Student: kr. 75,-<\/li>\n\n\n\n<li>Vaksen: kr. 145,-<\/li>\n\n\n\n<li>Maksibillett ( 2 vaksne + 3 barn): kr. 390,-<\/li>\n<\/ul>\n\n\n\n<p>Ein billett kan nyttast p\u00e5 alle J\u00e6rmuseet sine anlegg <strong>same dag. <\/strong><\/p>\n\n\n\n<p>Vil du kj\u00f8pe inngangsbillett p\u00e5 f\u00f8rehand, kan du gjere det her: <\/p>\n\n\n\n<p><a href=\"https:\/\/www.enjoy.ly\/no\/vitengarden-605682\">https:\/\/www.enjoy.ly\/no\/vitengarden-605682<\/a><\/p>\n\n\n\n<p><\/p>\n\n\n\n<p>Barnehage, SFO og VGS: 30 kr per elev\/barn i skoletiden<\/p>\n\n\n\n<p>Grunnskole: Gratis inngang i skoletiden<\/p>\n\n\n\n<p>Her kan du bestille for skuler\/barnehager:<\/p>\n\n\n\n<figure class=\"wp-block-embed is-type-wp-embed is-provider-vitengarden wp-block-embed-vitengarden\"><div class=\"wp-block-embed__wrapper\">\n<blockquote class=\"wp-embedded-content\" data-secret=\"eP2pMnkcOQ\"><a href=\"https:\/\/www.jaermuseet.no\/vitengarden\/bestillingsskjema-for-skular-og-barnehagar\/\">Bestillingsskjema for skular og barnehagar<\/a><\/blockquote><iframe loading=\"lazy\" class=\"wp-embedded-content\" sandbox=\"allow-scripts\" security=\"restricted\" style=\"position: absolute; visibility: hidden;\" title=\"&#8220;Bestillingsskjema for skular og barnehagar&#8221; &#8212; Vitengarden\" src=\"https:\/\/www.jaermuseet.no\/vitengarden\/bestillingsskjema-for-skular-og-barnehagar\/embed\/#?secret=2R58avquW4#?secret=eP2pMnkcOQ\" data-secret=\"eP2pMnkcOQ\" width=\"500\" height=\"282\" frameborder=\"0\" marginwidth=\"0\" marginheight=\"0\" scrolling=\"no\"><\/iframe>\n<\/div><\/figure>\n\n\n\n<h3 class=\"wp-block-heading\">\u00c5rskort<\/h3>\n\n\n\n<p>Eit \u00e5rskort svarar seg ved 3. bes\u00f8k og kan nyttast p\u00e5 alle musea til J\u00e6rmuseet. Det er f\u00f8lgjande typar \u00e5 velga mellom: <\/p>\n\n\n\n<ul class=\"wp-block-list\">\n<li>\u00c5rskort familie (2 vaksne + 4 barn): kr. 1100,-<\/li>\n\n\n\n<li>\u00c5rskort familie mini (1 vaken + 3 barn): kr. 760,-<\/li>\n\n\n\n<li>\u00c5rskort besteforeldre (2 vaksne + 4 barn): kr. 1000,-<\/li>\n\n\n\n<li>\u00c5rskort bestefar\/bestemor (1 vaksen + 3 barn): kr. 700,-<\/li>\n\n\n\n<li>\u00c5rskort vaksen: kr. 450,-<\/li>\n\n\n\n<li>\u00c5rskort honn\u00f8r: kr. 300,- <\/li>\n\n\n\n<li>\u00c5rskort student: kr. 250,-<\/li>\n\n\n\n<li>\u00c5rskort barn: kr. 250,-<\/li>\n<\/ul>\n\n\n\n<p><em>Merk: \u00c5rskort er personlege, og kan kun bli brukt av personane kortet st\u00e5r p\u00e5.&nbsp;<\/em><\/p>\n\n\n\n<p>\u00c5rskort kan kj\u00f8past i butikkane p\u00e5 Vitengarden, Vitenfabrikken eller Garborgsenteret. Dei kan \u00f3g bestillast p\u00e5 nettsida v\u00e5r: <\/p>\n\n\n\n<figure class=\"wp-block-embed is-type-wp-embed is-provider-j-rmuseet wp-block-embed-j-rmuseet\"><div class=\"wp-block-embed__wrapper\">\n<blockquote class=\"wp-embedded-content\" data-secret=\"QNdVHfBGTI\"><a href=\"https:\/\/www.jaermuseet.no\/nettbutikk\/\">\u00c5rskort<\/a><\/blockquote><iframe loading=\"lazy\" class=\"wp-embedded-content\" sandbox=\"allow-scripts\" security=\"restricted\" style=\"position: absolute; visibility: hidden;\" title=\"&#8220;\u00c5rskort&#8221; &#8212; J\u00e6rmuseet\" src=\"https:\/\/www.jaermuseet.no\/nettbutikk\/embed\/#?secret=dl5JzVqUBb#?secret=QNdVHfBGTI\" data-secret=\"QNdVHfBGTI\" width=\"500\" height=\"282\" frameborder=\"0\" marginwidth=\"0\" marginheight=\"0\" scrolling=\"no\"><\/iframe>\n<\/div><\/figure>\n\n\n\n<p><\/p>\n","protected":false},"excerpt":{"rendered":"<p>Vitengarden har f\u00f8lgjande billettar og prisar: Ein billett kan nyttast&#8230;<\/p>\n","protected":false},"author":18,"featured_media":0,"parent":0,"menu_order":0,"comment_status":"closed","ping_status":"closed","template":"","meta":{"_acf_changed":false,"footnotes":""},"class_list":["post-4002","page","type-page","status-publish","hentry","featured-image-size-large"],"acf":[],"yoast_head":"<!-- This site is optimized with the Yoast SEO plugin v27.4 - https:\/\/yoast.com\/product\/yoast-seo-wordpress\/ -->\n<title>Billettar - Vitengarden<\/title>\n<meta name=\"robots\" content=\"index, follow, max-snippet:-1, max-image-preview:large, max-video-preview:-1\" \/>\n<link rel=\"canonical\" href=\"https:\/\/www.jaermuseet.no\/vitengarden\/billettar\/\" \/>\n<meta property=\"og:locale\" content=\"nn_NO\" \/>\n<meta property=\"og:type\" content=\"article\" \/>\n<meta property=\"og:title\" content=\"Billettar - Vitengarden\" \/>\n<meta property=\"og:description\" content=\"Vitengarden har f\u00f8lgjande billettar og prisar: Ein billett kan nyttast...\" \/>\n<meta property=\"og:url\" content=\"https:\/\/www.jaermuseet.no\/vitengarden\/billettar\/\" \/>\n<meta property=\"og:site_name\" content=\"Vitengarden\" \/>\n<meta property=\"article:modified_time\" content=\"2025-05-15T06:05:44+00:00\" \/>\n<meta name=\"twitter:card\" content=\"summary_large_image\" \/>\n<meta name=\"twitter:label1\" content=\"Est. reading time\" \/>\n\t<meta name=\"twitter:data1\" content=\"1 minutt\" \/>\n<script type=\"application\/ld+json\" class=\"yoast-schema-graph\">{\"@context\":\"https:\\\/\\\/schema.org\",\"@graph\":[{\"@type\":\"WebPage\",\"@id\":\"https:\\\/\\\/www.jaermuseet.no\\\/vitengarden\\\/billettar\\\/\",\"url\":\"https:\\\/\\\/www.jaermuseet.no\\\/vitengarden\\\/billettar\\\/\",\"name\":\"Billettar - Vitengarden\",\"isPartOf\":{\"@id\":\"https:\\\/\\\/www.jaermuseet.no\\\/vitengarden\\\/#website\"},\"datePublished\":\"2020-09-04T07:26:58+00:00\",\"dateModified\":\"2025-05-15T06:05:44+00:00\",\"breadcrumb\":{\"@id\":\"https:\\\/\\\/www.jaermuseet.no\\\/vitengarden\\\/billettar\\\/#breadcrumb\"},\"inLanguage\":\"nn-NO\",\"potentialAction\":[{\"@type\":\"ReadAction\",\"target\":[\"https:\\\/\\\/www.jaermuseet.no\\\/vitengarden\\\/billettar\\\/\"]}]},{\"@type\":\"BreadcrumbList\",\"@id\":\"https:\\\/\\\/www.jaermuseet.no\\\/vitengarden\\\/billettar\\\/#breadcrumb\",\"itemListElement\":[{\"@type\":\"ListItem\",\"position\":1,\"name\":\"Heim\",\"item\":\"https:\\\/\\\/www.jaermuseet.no\\\/vitengarden\\\/\"},{\"@type\":\"ListItem\",\"position\":2,\"name\":\"Billettar\"}]},{\"@type\":\"WebSite\",\"@id\":\"https:\\\/\\\/www.jaermuseet.no\\\/vitengarden\\\/#website\",\"url\":\"https:\\\/\\\/www.jaermuseet.no\\\/vitengarden\\\/\",\"name\":\"Vitengarden\",\"description\":\"Take part in science and history with new and engaging methods\",\"potentialAction\":[{\"@type\":\"SearchAction\",\"target\":{\"@type\":\"EntryPoint\",\"urlTemplate\":\"https:\\\/\\\/www.jaermuseet.no\\\/vitengarden\\\/?s={search_term_string}\"},\"query-input\":{\"@type\":\"PropertyValueSpecification\",\"valueRequired\":true,\"valueName\":\"search_term_string\"}}],\"inLanguage\":\"nn-NO\"}]}<\/script>\n<!-- \/ Yoast SEO plugin. -->","yoast_head_json":{"title":"Billettar - Vitengarden","robots":{"index":"index","follow":"follow","max-snippet":"max-snippet:-1","max-image-preview":"max-image-preview:large","max-video-preview":"max-video-preview:-1"},"canonical":"https:\/\/www.jaermuseet.no\/vitengarden\/billettar\/","og_locale":"nn_NO","og_type":"article","og_title":"Billettar - Vitengarden","og_description":"Vitengarden har f\u00f8lgjande billettar og prisar: Ein billett kan nyttast...","og_url":"https:\/\/www.jaermuseet.no\/vitengarden\/billettar\/","og_site_name":"Vitengarden","article_modified_time":"2025-05-15T06:05:44+00:00","twitter_card":"summary_large_image","twitter_misc":{"Est. reading time":"1 minutt"},"schema":{"@context":"https:\/\/schema.org","@graph":[{"@type":"WebPage","@id":"https:\/\/www.jaermuseet.no\/vitengarden\/billettar\/","url":"https:\/\/www.jaermuseet.no\/vitengarden\/billettar\/","name":"Billettar - Vitengarden","isPartOf":{"@id":"https:\/\/www.jaermuseet.no\/vitengarden\/#website"},"datePublished":"2020-09-04T07:26:58+00:00","dateModified":"2025-05-15T06:05:44+00:00","breadcrumb":{"@id":"https:\/\/www.jaermuseet.no\/vitengarden\/billettar\/#breadcrumb"},"inLanguage":"nn-NO","potentialAction":[{"@type":"ReadAction","target":["https:\/\/www.jaermuseet.no\/vitengarden\/billettar\/"]}]},{"@type":"BreadcrumbList","@id":"https:\/\/www.jaermuseet.no\/vitengarden\/billettar\/#breadcrumb","itemListElement":[{"@type":"ListItem","position":1,"name":"Heim","item":"https:\/\/www.jaermuseet.no\/vitengarden\/"},{"@type":"ListItem","position":2,"name":"Billettar"}]},{"@type":"WebSite","@id":"https:\/\/www.jaermuseet.no\/vitengarden\/#website","url":"https:\/\/www.jaermuseet.no\/vitengarden\/","name":"Vitengarden","description":"Take part in science and history with new and engaging methods","potentialAction":[{"@type":"SearchAction","target":{"@type":"EntryPoint","urlTemplate":"https:\/\/www.jaermuseet.no\/vitengarden\/?s={search_term_string}"},"query-input":{"@type":"PropertyValueSpecification","valueRequired":true,"valueName":"search_term_string"}}],"inLanguage":"nn-NO"}]}},"jetpack_sharing_enabled":true,"_links":{"self":[{"href":"https:\/\/www.jaermuseet.no\/vitengarden\/wp-json\/wp\/v2\/pages\/4002","targetHints":{"allow":["GET"]}}],"collection":[{"href":"https:\/\/www.jaermuseet.no\/vitengarden\/wp-json\/wp\/v2\/pages"}],"about":[{"href":"https:\/\/www.jaermuseet.no\/vitengarden\/wp-json\/wp\/v2\/types\/page"}],"author":[{"embeddable":true,"href":"https:\/\/www.jaermuseet.no\/vitengarden\/wp-json\/wp\/v2\/users\/18"}],"replies":[{"embeddable":true,"href":"https:\/\/www.jaermuseet.no\/vitengarden\/wp-json\/wp\/v2\/comments?post=4002"}],"version-history":[{"count":9,"href":"https:\/\/www.jaermuseet.no\/vitengarden\/wp-json\/wp\/v2\/pages\/4002\/revisions"}],"predecessor-version":[{"id":9550,"href":"https:\/\/www.jaermuseet.no\/vitengarden\/wp-json\/wp\/v2\/pages\/4002\/revisions\/9550"}],"wp:attachment":[{"href":"https:\/\/www.jaermuseet.no\/vitengarden\/wp-json\/wp\/v2\/media?parent=4002"}],"curies":[{"name":"wp","href":"https:\/\/api.w.org\/{rel}","templated":true}]}}