{"id":36,"date":"2016-06-12T21:57:23","date_gmt":"2016-06-12T19:57:23","guid":{"rendered":"https:\/\/www.jaermuseet.no\/vitengarden\/om-vitengarden\/"},"modified":"2024-10-14T11:10:51","modified_gmt":"2024-10-14T09:10:51","slug":"om-vitengarden","status":"publish","type":"page","link":"https:\/\/www.jaermuseet.no\/vitengarden\/om-vitengarden\/","title":{"rendered":"Om Vitengarden"},"content":{"rendered":"<p><strong>P\u00e5 Vitengarden blir gjestene v\u00e5re invitert til \u00e5 &#8220;l\u00e6ra ved \u00e5 gjera&#8221;. Her kan du vera aktiv og utforska naturvitskap p\u00e5 nye og engasjerande m\u00e5tar.\u00a0 Og du l\u00e6rer om maten v\u00e5r, kor den kjem fr\u00e5 og koss maten blir produsert.<\/strong><\/p>\n<p>Det kan vera tungt \u00e5 pugga at definisjonen p\u00e5 ei hestekraft er \u00abden effekt som trengs for \u00e5 heva ein masse p\u00e5 75 kg loddrett opp 1 meter i l\u00f8pet av 1 sekund\u00bb. Noko heilt anna er \u00e5 koma p\u00e5 Vitengarden og sj\u00f8lv dra eit lodd p\u00e5 75 kilo ein meter opp, medan ei klokke tar tida p\u00e5 deg. Kor mange hestekrefter hadde du? Svaret vil du hugsa.<\/p>\n<p>\u2013 <em>Eg h\u00f8yrer og gl\u00f8ymer, eg ser og hugsar, eg gjer og forst\u00e5r<\/em>, seier eit kinesisk ordtak. Og slik kan v\u00e5r filosofi oppsummerast. Kor lang tarm har eit menneske? Kanskje har du h\u00f8yrt \u2013 og gl\u00f8ymt \u2013 det ein gong. Men p\u00e5 Vitengarden f\u00e5r du <em>gjera <\/em>det. \u2013 Dra ut tarmen, sj\u00e5 kor lang han er!<\/p>\n<p>I avdelinga <em>Teknologi og landskap<\/em>, kan du utforska korleis landskapet p\u00e5 J\u00e6ren har forandra seg, og testa ut teknologien som har blitt nytta for \u00e5 forandra dette landskapet. L\u00f8ft opp deg sj\u00f8lv ved hjelp av teknologien som har rydda stein p\u00e5 J\u00e6ren i sidan 1800-talet. Kvifor var det s\u00e5 lett?<br \/>\nOg kven er tyngst av deg og far din? \u2013 Lat hydraulikken avgjera!<\/p>\n<p>Utstillinga <em>Men mat m\u00e5 me ha\u2026<\/em> stod klar i 2005. Her kan du kikka gjennom glaset og inn i ei ekte bikube. Eller bli med p\u00e5 fabrikken og lag din eigen plog. Du f\u00e5r ogs\u00e5 sj\u00e5 korleis kua ser ut inni, og du kan pr\u00f8va deg som bonde i leikefjoset: fora, m\u00e5ka, forhausta og legga i silo \u2013 om og om igjen, slik syklusen er p\u00e5 ein ekte gard.<\/p>\n<p>Til Vitengarden h\u00f8yrer Kvia 4H og museumsgard. Det er eit gardstun fr\u00e5 1878 som n\u00e5 syner eit gardsmilj\u00f8 fr\u00e5 1950-\u00e5ra. Her kan du hoppa i h\u00f8yet eller sj\u00e5 n\u00e6rare p\u00e5 dyra som var vanlege p\u00e5 J\u00e6ren i den perioden. P\u00e5 aktivitetsdagar vert kj\u00f8kkenet p\u00e5 garden ofte brukt til \u00e5 gje publikum ein smak av j\u00e6rsk tradisjonsmat.<\/p>\n<p><strong><em>Men kor kjem maten v\u00e5r fr\u00e5?<\/em><\/strong><\/p>\n<p>P\u00e5 garden kan du f\u00f8lgja maten \u00abfr\u00e5 jord til bord\u00bb; borna f\u00e5r m.a. vera med \u00e5 setta poteter om v\u00e5ren og ta dei opp om hausten. I kjellaren i heimehuset steiker me potetkaker,\u00abeplekage\u00bb, og i kafeen kan du kj\u00f8pa komla.<\/p>\n<p>Husdyra gir oss kj\u00f8t, egg, ost og mj\u00f8lk. Dette har vore avgjerande for livsgrunnlaget v\u00e5rt gjennom alle tider.<\/p>\n<p>Kor kjem p\u00f8lsene, hamburgarane og spareribsen du har p\u00e5 grillen fr\u00e5?<\/p>\n<p>Fr\u00e5 gammalt av var hausten slaktetid. Slik er det enn\u00e5 for lam og sau. Dei store sauedriftene kjem ned fr\u00e5 fjellet om hausten og fyller f\u00e5r-i-k\u00e5l grytene til familiar i Rogaland. Og det er tid for \u00e5 laga til pinnekj\u00f8tet til jul .<\/p>\n<p>P\u00e5 Vitengarden f\u00e5r du meir kunnskap om kor maten kjem fr\u00e5. Du kan vera med \u00e5 klyppa sauen, slakta og bli betre kjend med sauen sin anatomi.<\/p>\n<p><strong><em>Vitengarden <\/em><\/strong>best\u00e5r av fleire bygg med vel 4000m\u00b2. Bygga representerer eit m\u00f8te mellom mellom j\u00e6rsk identitet og byggetradisjon og eit moderne formuttrykk. Bygget f\u00f8lger linjene i landskapet og vert opplevd som ein del av j\u00e6rlandskapet omkring.<\/p>\n<p><em>Les ogs\u00e5:<\/em><\/p>\n<ul>\n<li><a href=\"https:\/\/www.jaermuseet.no\/vitengarden\/museumsbygget\/\" target=\"_blank\" rel=\"noopener noreferrer\">Museumsbygget<\/a><\/li>\n<li><a href=\"https:\/\/www.jaermuseet.no\/vitengarden\/kategori\/utstillingar-pa-vitengarden\/\">Utstillingar p\u00e5 Vitengarden<\/a><\/li>\n<li><a href=\"https:\/\/www.jaermuseet.no\/vitengarden\/skule-barnehage\/\">Undervisningstilbod<\/a><\/li>\n<\/ul>\n","protected":false},"excerpt":{"rendered":"<p>P\u00e5 Vitengarden blir gjestene v\u00e5re invitert til \u00e5 &#8220;l\u00e6ra ved&#8230;<\/p>\n","protected":false},"author":10,"featured_media":8643,"parent":0,"menu_order":0,"comment_status":"open","ping_status":"open","template":"","meta":{"_acf_changed":false,"footnotes":""},"class_list":["post-36","page","type-page","status-publish","has-post-thumbnail","hentry","featured-image-size-large"],"acf":[],"yoast_head":"<!-- This site is optimized with the Yoast SEO plugin v27.4 - https:\/\/yoast.com\/product\/yoast-seo-wordpress\/ -->\n<title>Om Vitengarden - Vitengarden<\/title>\n<meta name=\"robots\" content=\"index, follow, max-snippet:-1, max-image-preview:large, max-video-preview:-1\" \/>\n<link rel=\"canonical\" href=\"https:\/\/www.jaermuseet.no\/vitengarden\/om-vitengarden\/\" \/>\n<meta property=\"og:locale\" content=\"nn_NO\" \/>\n<meta property=\"og:type\" content=\"article\" \/>\n<meta property=\"og:title\" content=\"Om Vitengarden - Vitengarden\" \/>\n<meta property=\"og:description\" content=\"P\u00e5 Vitengarden blir gjestene v\u00e5re invitert til \u00e5 &#8220;l\u00e6ra ved...\" \/>\n<meta property=\"og:url\" content=\"https:\/\/www.jaermuseet.no\/vitengarden\/om-vitengarden\/\" \/>\n<meta property=\"og:site_name\" content=\"Vitengarden\" \/>\n<meta property=\"article:modified_time\" content=\"2024-10-14T09:10:51+00:00\" \/>\n<meta property=\"og:image\" content=\"https:\/\/www.jaermuseet.no\/vitengarden\/wp-content\/uploads\/sites\/11\/2023\/09\/20220814-Dronefoto-Foto-Rune-Helliesen-1-1024x730.jpg\" \/>\n\t<meta property=\"og:image:width\" content=\"1024\" \/>\n\t<meta property=\"og:image:height\" content=\"730\" \/>\n\t<meta property=\"og:image:type\" content=\"image\/jpeg\" \/>\n<meta name=\"twitter:card\" content=\"summary_large_image\" \/>\n<meta name=\"twitter:label1\" content=\"Est. reading time\" \/>\n\t<meta name=\"twitter:data1\" content=\"4 minutt\" \/>\n<script type=\"application\/ld+json\" class=\"yoast-schema-graph\">{\"@context\":\"https:\\\/\\\/schema.org\",\"@graph\":[{\"@type\":\"WebPage\",\"@id\":\"https:\\\/\\\/www.jaermuseet.no\\\/vitengarden\\\/om-vitengarden\\\/\",\"url\":\"https:\\\/\\\/www.jaermuseet.no\\\/vitengarden\\\/om-vitengarden\\\/\",\"name\":\"Om Vitengarden - Vitengarden\",\"isPartOf\":{\"@id\":\"https:\\\/\\\/www.jaermuseet.no\\\/vitengarden\\\/#website\"},\"primaryImageOfPage\":{\"@id\":\"https:\\\/\\\/www.jaermuseet.no\\\/vitengarden\\\/om-vitengarden\\\/#primaryimage\"},\"image\":{\"@id\":\"https:\\\/\\\/www.jaermuseet.no\\\/vitengarden\\\/om-vitengarden\\\/#primaryimage\"},\"thumbnailUrl\":\"https:\\\/\\\/www.jaermuseet.no\\\/vitengarden\\\/wp-content\\\/uploads\\\/sites\\\/11\\\/2023\\\/09\\\/20220814-Dronefoto-Foto-Rune-Helliesen-1.jpg\",\"datePublished\":\"2016-06-12T19:57:23+00:00\",\"dateModified\":\"2024-10-14T09:10:51+00:00\",\"breadcrumb\":{\"@id\":\"https:\\\/\\\/www.jaermuseet.no\\\/vitengarden\\\/om-vitengarden\\\/#breadcrumb\"},\"inLanguage\":\"nn-NO\",\"potentialAction\":[{\"@type\":\"ReadAction\",\"target\":[\"https:\\\/\\\/www.jaermuseet.no\\\/vitengarden\\\/om-vitengarden\\\/\"]}]},{\"@type\":\"ImageObject\",\"inLanguage\":\"nn-NO\",\"@id\":\"https:\\\/\\\/www.jaermuseet.no\\\/vitengarden\\\/om-vitengarden\\\/#primaryimage\",\"url\":\"https:\\\/\\\/www.jaermuseet.no\\\/vitengarden\\\/wp-content\\\/uploads\\\/sites\\\/11\\\/2023\\\/09\\\/20220814-Dronefoto-Foto-Rune-Helliesen-1.jpg\",\"contentUrl\":\"https:\\\/\\\/www.jaermuseet.no\\\/vitengarden\\\/wp-content\\\/uploads\\\/sites\\\/11\\\/2023\\\/09\\\/20220814-Dronefoto-Foto-Rune-Helliesen-1.jpg\",\"width\":2400,\"height\":1712},{\"@type\":\"BreadcrumbList\",\"@id\":\"https:\\\/\\\/www.jaermuseet.no\\\/vitengarden\\\/om-vitengarden\\\/#breadcrumb\",\"itemListElement\":[{\"@type\":\"ListItem\",\"position\":1,\"name\":\"Heim\",\"item\":\"https:\\\/\\\/www.jaermuseet.no\\\/vitengarden\\\/\"},{\"@type\":\"ListItem\",\"position\":2,\"name\":\"Om Vitengarden\"}]},{\"@type\":\"WebSite\",\"@id\":\"https:\\\/\\\/www.jaermuseet.no\\\/vitengarden\\\/#website\",\"url\":\"https:\\\/\\\/www.jaermuseet.no\\\/vitengarden\\\/\",\"name\":\"Vitengarden\",\"description\":\"Take part in science and history with new and engaging methods\",\"potentialAction\":[{\"@type\":\"SearchAction\",\"target\":{\"@type\":\"EntryPoint\",\"urlTemplate\":\"https:\\\/\\\/www.jaermuseet.no\\\/vitengarden\\\/?s={search_term_string}\"},\"query-input\":{\"@type\":\"PropertyValueSpecification\",\"valueRequired\":true,\"valueName\":\"search_term_string\"}}],\"inLanguage\":\"nn-NO\"}]}<\/script>\n<!-- \/ Yoast SEO plugin. -->","yoast_head_json":{"title":"Om Vitengarden - Vitengarden","robots":{"index":"index","follow":"follow","max-snippet":"max-snippet:-1","max-image-preview":"max-image-preview:large","max-video-preview":"max-video-preview:-1"},"canonical":"https:\/\/www.jaermuseet.no\/vitengarden\/om-vitengarden\/","og_locale":"nn_NO","og_type":"article","og_title":"Om Vitengarden - Vitengarden","og_description":"P\u00e5 Vitengarden blir gjestene v\u00e5re invitert til \u00e5 &#8220;l\u00e6ra ved...","og_url":"https:\/\/www.jaermuseet.no\/vitengarden\/om-vitengarden\/","og_site_name":"Vitengarden","article_modified_time":"2024-10-14T09:10:51+00:00","og_image":[{"width":1024,"height":730,"url":"https:\/\/www.jaermuseet.no\/vitengarden\/wp-content\/uploads\/sites\/11\/2023\/09\/20220814-Dronefoto-Foto-Rune-Helliesen-1-1024x730.jpg","type":"image\/jpeg"}],"twitter_card":"summary_large_image","twitter_misc":{"Est. reading time":"4 minutt"},"schema":{"@context":"https:\/\/schema.org","@graph":[{"@type":"WebPage","@id":"https:\/\/www.jaermuseet.no\/vitengarden\/om-vitengarden\/","url":"https:\/\/www.jaermuseet.no\/vitengarden\/om-vitengarden\/","name":"Om Vitengarden - Vitengarden","isPartOf":{"@id":"https:\/\/www.jaermuseet.no\/vitengarden\/#website"},"primaryImageOfPage":{"@id":"https:\/\/www.jaermuseet.no\/vitengarden\/om-vitengarden\/#primaryimage"},"image":{"@id":"https:\/\/www.jaermuseet.no\/vitengarden\/om-vitengarden\/#primaryimage"},"thumbnailUrl":"https:\/\/www.jaermuseet.no\/vitengarden\/wp-content\/uploads\/sites\/11\/2023\/09\/20220814-Dronefoto-Foto-Rune-Helliesen-1.jpg","datePublished":"2016-06-12T19:57:23+00:00","dateModified":"2024-10-14T09:10:51+00:00","breadcrumb":{"@id":"https:\/\/www.jaermuseet.no\/vitengarden\/om-vitengarden\/#breadcrumb"},"inLanguage":"nn-NO","potentialAction":[{"@type":"ReadAction","target":["https:\/\/www.jaermuseet.no\/vitengarden\/om-vitengarden\/"]}]},{"@type":"ImageObject","inLanguage":"nn-NO","@id":"https:\/\/www.jaermuseet.no\/vitengarden\/om-vitengarden\/#primaryimage","url":"https:\/\/www.jaermuseet.no\/vitengarden\/wp-content\/uploads\/sites\/11\/2023\/09\/20220814-Dronefoto-Foto-Rune-Helliesen-1.jpg","contentUrl":"https:\/\/www.jaermuseet.no\/vitengarden\/wp-content\/uploads\/sites\/11\/2023\/09\/20220814-Dronefoto-Foto-Rune-Helliesen-1.jpg","width":2400,"height":1712},{"@type":"BreadcrumbList","@id":"https:\/\/www.jaermuseet.no\/vitengarden\/om-vitengarden\/#breadcrumb","itemListElement":[{"@type":"ListItem","position":1,"name":"Heim","item":"https:\/\/www.jaermuseet.no\/vitengarden\/"},{"@type":"ListItem","position":2,"name":"Om Vitengarden"}]},{"@type":"WebSite","@id":"https:\/\/www.jaermuseet.no\/vitengarden\/#website","url":"https:\/\/www.jaermuseet.no\/vitengarden\/","name":"Vitengarden","description":"Take part in science and history with new and engaging methods","potentialAction":[{"@type":"SearchAction","target":{"@type":"EntryPoint","urlTemplate":"https:\/\/www.jaermuseet.no\/vitengarden\/?s={search_term_string}"},"query-input":{"@type":"PropertyValueSpecification","valueRequired":true,"valueName":"search_term_string"}}],"inLanguage":"nn-NO"}]}},"jetpack_sharing_enabled":true,"_links":{"self":[{"href":"https:\/\/www.jaermuseet.no\/vitengarden\/wp-json\/wp\/v2\/pages\/36","targetHints":{"allow":["GET"]}}],"collection":[{"href":"https:\/\/www.jaermuseet.no\/vitengarden\/wp-json\/wp\/v2\/pages"}],"about":[{"href":"https:\/\/www.jaermuseet.no\/vitengarden\/wp-json\/wp\/v2\/types\/page"}],"author":[{"embeddable":true,"href":"https:\/\/www.jaermuseet.no\/vitengarden\/wp-json\/wp\/v2\/users\/10"}],"replies":[{"embeddable":true,"href":"https:\/\/www.jaermuseet.no\/vitengarden\/wp-json\/wp\/v2\/comments?post=36"}],"version-history":[{"count":13,"href":"https:\/\/www.jaermuseet.no\/vitengarden\/wp-json\/wp\/v2\/pages\/36\/revisions"}],"predecessor-version":[{"id":9372,"href":"https:\/\/www.jaermuseet.no\/vitengarden\/wp-json\/wp\/v2\/pages\/36\/revisions\/9372"}],"wp:featuredmedia":[{"embeddable":true,"href":"https:\/\/www.jaermuseet.no\/vitengarden\/wp-json\/wp\/v2\/media\/8643"}],"wp:attachment":[{"href":"https:\/\/www.jaermuseet.no\/vitengarden\/wp-json\/wp\/v2\/media?parent=36"}],"curies":[{"name":"wp","href":"https:\/\/api.w.org\/{rel}","templated":true}]}}