{"id":2969,"date":"2018-08-30T13:35:31","date_gmt":"2018-08-30T11:35:31","guid":{"rendered":"https:\/\/www.jaermuseet.no\/vitengarden\/?page_id=2969"},"modified":"2018-08-30T13:43:25","modified_gmt":"2018-08-30T11:43:25","slug":"andre-vitensentre","status":"publish","type":"page","link":"https:\/\/www.jaermuseet.no\/vitengarden\/andre-vitensentre\/","title":{"rendered":"Andre vitensentre"},"content":{"rendered":"<p>Rundtom i Norge finner du flere regionale vitensentre, som alle inspirerer barn og unge til interesse for naturfag, matematikk og teknologi. Gjennom lekende l\u00e6ring i interaktive utstillinger, skoleprogrammer, eksperimentverksteder, vitenshow og enda flere aktiviteter, engasjerer vitensentrene b\u00e5de barn og voksne.<\/p>\n<div class='content-column one_fourth'><div style=\"padding-right:30px;padding-bottom:50px;padding-left:0px;\"><a href=\"http:\/\/nordnorsk.vitensenter.no\/\" target=\"_blank\" rel=\"noopener\"><img decoding=\"async\" class=\"alignleft size-full wp-image-3180\" src=\"https:\/\/www.jaermuseet.no\/wp-content\/uploads\/2018\/08\/hamsterhjul-himmel-2.jpg\" alt=\"\" \/><\/a><\/p>\n<p><strong>Nordnorsk vitensenter, Troms\u00f8<br \/>\n<\/strong>Uansett alder:\u00a0lek, utforsk og ha det g\u00f8y med realfag, teknologi og naturvitenskap. Den polare beliggenheten gjenspeiles i den interaktive utstillingen. Avdeling i Alta og Nordlysplanetarium.<br \/>\n<a href=\"http:\/\/nordnorsk.vitensenter.no\/\" target=\"_blank\" rel=\"noopener\">LES MER (ekstern lenke)<\/a><\/p><\/div><\/div>\n<div class='content-column one_fourth'><div style=\"padding-right:30px;padding-bottom:50px;padding-left:0px;\"><a href=\"http:\/\/www.vitensenteret.com\/\"><img loading=\"lazy\" decoding=\"async\" class=\"alignleft wp-image-3198 size-full\" src=\"https:\/\/www.jaermuseet.no\/wp-content\/uploads\/2018\/08\/vitensenteret-trondheim.jpg\" alt=\"\" width=\"290\" height=\"200\" \/><\/a><\/p>\n<p><strong>Vitensenteret i Trondheim<br \/>\n<\/strong>Gjennom lekende l\u00e6ring f\u00e5r bes\u00f8kende eksperimentere med matematikk, naturvitenskap og teknologi. Vitensenteret i Trondheim huser ogs\u00e5 Norges eneste 3D-planetarium.<br \/>\n<a href=\"http:\/\/www.vitensenteret.com\/\" target=\"_blank\" rel=\"noopener\">LES MER (ekstern lenke)<\/a><\/p><\/div><\/div>\n<div class='content-column one_fourth'><div style=\"padding-right:30px;padding-bottom:50px;padding-left:0px;\"><a href=\"https:\/\/www.vilvite.no\/index\/\"><img loading=\"lazy\" decoding=\"async\" class=\"alignleft wp-image-3199 size-full\" src=\"https:\/\/www.jaermuseet.no\/wp-content\/uploads\/2018\/08\/sentrifugalskapen-nb-restriksjoner.jpg\" alt=\"\" width=\"290\" height=\"200\" \/><\/a><\/p>\n<p><strong>VilVite<br \/>\n<\/strong>VilVites faste utstilling har over 100 interaktive installasjoner du kan utforske. Det er b\u00e5de moro og l\u00e6rerikt for store og sm\u00e5. Opplev ogs\u00e5 temautstillinger, vitenshow, verksted mm.<br \/>\n<a href=\"https:\/\/www.vilvite.no\/index\/\" target=\"_blank\" rel=\"noopener\">LES MER (ekstern lenke)<\/a><\/p><\/div><\/div>\n<div class='content-column one_fourth last_column'><div style=\"padding-right:30px;padding-bottom:50px;padding-left:0px;\"><img loading=\"lazy\" decoding=\"async\" class=\"alignleft wp-image-3200 size-full\" src=\"https:\/\/www.jaermuseet.no\/wp-content\/uploads\/2018\/08\/viten-ny-utstilling23-vitenfab.jpg\" alt=\"\" width=\"290\" height=\"200\" \/><\/p>\n<p><strong>J\u00e6rmuseet<\/strong><br \/>\nJ\u00e6rmuseet er vitensenteret i S\u00f8rvest med Vitenfabrikken i Sandnes og Vitengarden p\u00e5 N\u00e6rb\u00f8. Opplev, delta og utforsk historie og vitenskap p\u00e5 en engasjerende m\u00e5te!<\/p><\/div><\/div><div class='clear_column'><\/div>\n<div class='content-column one_fourth'><div style=\"padding-right:30px;padding-bottom:50px;padding-left:0px;\"><a href=\"http:\/\/www.vitensenteret.no\/\"><img loading=\"lazy\" decoding=\"async\" class=\"alignleft wp-image-3217 size-full\" src=\"https:\/\/www.jaermuseet.no\/wp-content\/uploads\/2018\/08\/innl-0148.jpg\" alt=\"\" width=\"290\" height=\"200\" \/><\/a><\/p>\n<p><strong>Vitensenteret Innlandet, Gj\u00f8vik<\/strong><br \/>\nVitensenteret Innlandet byr p\u00e5 fantasifulle og flotte milj\u00f8er fylt med aktiviteter og eksperimenter innen naturvitenskap, teknologi og matematikk.<br \/>\n<a href=\"http:\/\/www.vitensenteret.no\/\" target=\"_blank\" rel=\"noopener\">LES MER (ekstern lenke)<\/a><\/p><\/div><\/div>\n<div class='content-column one_fourth'><div style=\"padding-right:30px;padding-bottom:50px;padding-left:0px;\"><a href=\"https:\/\/www.tekniskmuseum.no\/museet\/oslo-vitensenter\"><img loading=\"lazy\" decoding=\"async\" class=\"wp-image-3199 size-full alignnone\" src=\"https:\/\/www.jaermuseet.no\/wp-content\/uploads\/2018\/08\/oslo.jpg\" alt=\"\" width=\"290\" height=\"200\" \/><\/a><\/p>\n<p><strong>Oslo Vitensenter, Teknisk museum<\/strong><br \/>\nOslo vitensenter er en del av Teknisk museum og tilbyr lekende l\u00e6ring for sm\u00e5 og store. Du kan eksperimentere, utforske fysikkens mysterier og oppleve forbl\u00f8ffende naturvitenskapelige fenomener.<br \/>\n<a href=\"https:\/\/www.tekniskmuseum.no\/museet\/oslo-vitensenter\" target=\"_blank\" rel=\"noopener\">LES MER (ekstern lenke)<\/a><\/p><\/div><\/div>\n<div class='content-column one_fourth'><div style=\"padding-right:30px;padding-bottom:50px;padding-left:0px;\"><a href=\"http:\/\/du-verden.no\/\"><img loading=\"lazy\" decoding=\"async\" class=\"alignleft wp-image-3199 size-full\" src=\"https:\/\/www.jaermuseet.no\/wp-content\/uploads\/2018\/08\/duverden-2.jpg\" alt=\"\" width=\"290\" height=\"200\" \/><\/a><\/p>\n<p><strong>DuVerden, Porsgrunn<\/strong><br \/>\nDuVerden er et sj\u00f8fartsmuseum og vitensenter. I senterets astroamfi kan du bli med p\u00e5 reise i verdensrommet og bes\u00f8ke den internasjonale romstasjonen.<br \/>\n<a href=\"http:\/\/du-verden.no\/\" target=\"_blank\" rel=\"noopener\">LES MER (ekstern lenke)<\/a><\/p><\/div><\/div>\n<div class='content-column one_fourth last_column'><div style=\"padding-right:30px;padding-bottom:50px;padding-left:0px;\"><a href=\"http:\/\/vitensor.no\/\"><img loading=\"lazy\" decoding=\"async\" class=\"alignleft wp-image-3200 size-full\" src=\"https:\/\/www.jaermuseet.no\/wp-content\/uploads\/2018\/08\/vitensenteret-photoshoot-23-november-2015-foto-haakon-sundb-27.jpg\" alt=\"\" width=\"290\" height=\"200\" \/><\/a><\/p>\n<p><strong>Vitensenteret S\u00f8rlandet<\/strong><br \/>\nHer kan du l\u00f8pe i hamsterhjul, eksperimentere med turbiner, spille Algebrakappl\u00f8pet og ta en reise ut i verdensrommet, for \u00e5 nevne noe. Du finner senteret i Arendal og Kristiansand.<br \/>\n<a href=\"http:\/\/vitensor.no\/\" target=\"_blank\" rel=\"noopener\">LES MER (ekstern lenke)<\/a><\/p><\/div><\/div><div class='clear_column'><\/div>\n<div class='content-column one_fourth'><div style=\"padding-right:30px;padding-bottom:50px;padding-left:0px;\"><a href=\"http:\/\/www.vitenparken.no\/\"><img loading=\"lazy\" decoding=\"async\" class=\"alignleft wp-image-3199 size-full\" src=\"https:\/\/www.jaermuseet.no\/wp-content\/uploads\/2018\/08\/aas1.jpeg\" alt=\"\" width=\"290\" height=\"200\" \/><\/a><\/p>\n<p><strong>Vitenparken p\u00e5 \u00c5s<\/strong><br \/>\nVitenparken er et gr\u00f8nt opplevelses- og vitensenter for mat i hjertet av Campus \u00c5s. Her kan du oppleve fremtidens l\u00f8sninger gjennom utstillinger og arrangementer.<br \/>\n<a href=\"http:\/\/www.vitenparken.no\/\" target=\"_blank\" rel=\"noopener\">LES MER (ekstern lenke)<\/a><\/p><\/div><\/div>\n<div class='content-column one_fourth last_column'><div style=\"padding-right:30px;padding-bottom:50px;padding-left:0px;\"><a href=\"http:\/\/www.inspiria.no\/\"><img loading=\"lazy\" decoding=\"async\" class=\"alignleft wp-image-3200 size-full\" src=\"https:\/\/www.jaermuseet.no\/wp-content\/uploads\/2018\/08\/vi2-insp.jpg\" alt=\"\" width=\"290\" height=\"200\" \/><\/a><\/p>\n<p><strong>INSPIRIA science center<\/strong><br \/>\nINSPIRIA i Sarpsborg er et opplevelsessenter for hele familien med fokus p\u00e5 kunnskap om matte, fysikk, helse, kjemi og astronomi. Stort uteomr\u00e5de med flere sykkelbaner ogs\u00e5.<br \/>\n<a href=\"http:\/\/www.inspiria.no\/\" target=\"_blank\" rel=\"noopener\">LES MER (ekstern lenke)<\/a><\/p><\/div><\/div><div class='clear_column'><\/div>\n<p>&nbsp;<\/p>\n","protected":false},"excerpt":{"rendered":"<p>Rundtom i Norge finner du flere regionale vitensentre, som alle&#8230;<\/p>\n","protected":false},"author":1,"featured_media":0,"parent":0,"menu_order":0,"comment_status":"closed","ping_status":"closed","template":"page-nosidebar.php","meta":{"_acf_changed":false,"footnotes":""},"class_list":["post-2969","page","type-page","status-publish","hentry","featured-image-size-large"],"acf":[],"yoast_head":"<!-- This site is optimized with the Yoast SEO plugin v27.4 - https:\/\/yoast.com\/product\/yoast-seo-wordpress\/ -->\n<title>Andre vitensentre - Vitengarden<\/title>\n<meta name=\"robots\" content=\"index, follow, max-snippet:-1, max-image-preview:large, max-video-preview:-1\" \/>\n<link rel=\"canonical\" href=\"https:\/\/www.jaermuseet.no\/vitengarden\/andre-vitensentre\/\" \/>\n<meta property=\"og:locale\" content=\"nn_NO\" \/>\n<meta property=\"og:type\" content=\"article\" \/>\n<meta property=\"og:title\" content=\"Andre vitensentre - Vitengarden\" \/>\n<meta property=\"og:description\" content=\"Rundtom i Norge finner du flere regionale vitensentre, som alle...\" \/>\n<meta property=\"og:url\" content=\"https:\/\/www.jaermuseet.no\/vitengarden\/andre-vitensentre\/\" \/>\n<meta property=\"og:site_name\" content=\"Vitengarden\" \/>\n<meta property=\"article:modified_time\" content=\"2018-08-30T11:43:25+00:00\" \/>\n<meta property=\"og:image\" content=\"https:\/\/www.jaermuseet.no\/wp-content\/uploads\/2018\/08\/hamsterhjul-himmel-2.jpg\" \/>\n<meta name=\"twitter:card\" content=\"summary_large_image\" \/>\n<meta name=\"twitter:label1\" content=\"Est. reading time\" \/>\n\t<meta name=\"twitter:data1\" content=\"2 minutt\" \/>\n<script type=\"application\/ld+json\" class=\"yoast-schema-graph\">{\"@context\":\"https:\\\/\\\/schema.org\",\"@graph\":[{\"@type\":\"WebPage\",\"@id\":\"https:\\\/\\\/www.jaermuseet.no\\\/vitengarden\\\/andre-vitensentre\\\/\",\"url\":\"https:\\\/\\\/www.jaermuseet.no\\\/vitengarden\\\/andre-vitensentre\\\/\",\"name\":\"Andre vitensentre - Vitengarden\",\"isPartOf\":{\"@id\":\"https:\\\/\\\/www.jaermuseet.no\\\/vitengarden\\\/#website\"},\"primaryImageOfPage\":{\"@id\":\"https:\\\/\\\/www.jaermuseet.no\\\/vitengarden\\\/andre-vitensentre\\\/#primaryimage\"},\"image\":{\"@id\":\"https:\\\/\\\/www.jaermuseet.no\\\/vitengarden\\\/andre-vitensentre\\\/#primaryimage\"},\"thumbnailUrl\":\"https:\\\/\\\/www.jaermuseet.no\\\/wp-content\\\/uploads\\\/2018\\\/08\\\/hamsterhjul-himmel-2.jpg\",\"datePublished\":\"2018-08-30T11:35:31+00:00\",\"dateModified\":\"2018-08-30T11:43:25+00:00\",\"breadcrumb\":{\"@id\":\"https:\\\/\\\/www.jaermuseet.no\\\/vitengarden\\\/andre-vitensentre\\\/#breadcrumb\"},\"inLanguage\":\"nn-NO\",\"potentialAction\":[{\"@type\":\"ReadAction\",\"target\":[\"https:\\\/\\\/www.jaermuseet.no\\\/vitengarden\\\/andre-vitensentre\\\/\"]}]},{\"@type\":\"ImageObject\",\"inLanguage\":\"nn-NO\",\"@id\":\"https:\\\/\\\/www.jaermuseet.no\\\/vitengarden\\\/andre-vitensentre\\\/#primaryimage\",\"url\":\"https:\\\/\\\/www.jaermuseet.no\\\/wp-content\\\/uploads\\\/2018\\\/08\\\/hamsterhjul-himmel-2.jpg\",\"contentUrl\":\"https:\\\/\\\/www.jaermuseet.no\\\/wp-content\\\/uploads\\\/2018\\\/08\\\/hamsterhjul-himmel-2.jpg\"},{\"@type\":\"BreadcrumbList\",\"@id\":\"https:\\\/\\\/www.jaermuseet.no\\\/vitengarden\\\/andre-vitensentre\\\/#breadcrumb\",\"itemListElement\":[{\"@type\":\"ListItem\",\"position\":1,\"name\":\"Heim\",\"item\":\"https:\\\/\\\/www.jaermuseet.no\\\/vitengarden\\\/\"},{\"@type\":\"ListItem\",\"position\":2,\"name\":\"Andre vitensentre\"}]},{\"@type\":\"WebSite\",\"@id\":\"https:\\\/\\\/www.jaermuseet.no\\\/vitengarden\\\/#website\",\"url\":\"https:\\\/\\\/www.jaermuseet.no\\\/vitengarden\\\/\",\"name\":\"Vitengarden\",\"description\":\"Take part in science and history with new and engaging methods\",\"potentialAction\":[{\"@type\":\"SearchAction\",\"target\":{\"@type\":\"EntryPoint\",\"urlTemplate\":\"https:\\\/\\\/www.jaermuseet.no\\\/vitengarden\\\/?s={search_term_string}\"},\"query-input\":{\"@type\":\"PropertyValueSpecification\",\"valueRequired\":true,\"valueName\":\"search_term_string\"}}],\"inLanguage\":\"nn-NO\"}]}<\/script>\n<!-- \/ Yoast SEO plugin. -->","yoast_head_json":{"title":"Andre vitensentre - Vitengarden","robots":{"index":"index","follow":"follow","max-snippet":"max-snippet:-1","max-image-preview":"max-image-preview:large","max-video-preview":"max-video-preview:-1"},"canonical":"https:\/\/www.jaermuseet.no\/vitengarden\/andre-vitensentre\/","og_locale":"nn_NO","og_type":"article","og_title":"Andre vitensentre - Vitengarden","og_description":"Rundtom i Norge finner du flere regionale vitensentre, som alle...","og_url":"https:\/\/www.jaermuseet.no\/vitengarden\/andre-vitensentre\/","og_site_name":"Vitengarden","article_modified_time":"2018-08-30T11:43:25+00:00","og_image":[{"url":"https:\/\/www.jaermuseet.no\/wp-content\/uploads\/2018\/08\/hamsterhjul-himmel-2.jpg","type":"","width":"","height":""}],"twitter_card":"summary_large_image","twitter_misc":{"Est. reading time":"2 minutt"},"schema":{"@context":"https:\/\/schema.org","@graph":[{"@type":"WebPage","@id":"https:\/\/www.jaermuseet.no\/vitengarden\/andre-vitensentre\/","url":"https:\/\/www.jaermuseet.no\/vitengarden\/andre-vitensentre\/","name":"Andre vitensentre - Vitengarden","isPartOf":{"@id":"https:\/\/www.jaermuseet.no\/vitengarden\/#website"},"primaryImageOfPage":{"@id":"https:\/\/www.jaermuseet.no\/vitengarden\/andre-vitensentre\/#primaryimage"},"image":{"@id":"https:\/\/www.jaermuseet.no\/vitengarden\/andre-vitensentre\/#primaryimage"},"thumbnailUrl":"https:\/\/www.jaermuseet.no\/wp-content\/uploads\/2018\/08\/hamsterhjul-himmel-2.jpg","datePublished":"2018-08-30T11:35:31+00:00","dateModified":"2018-08-30T11:43:25+00:00","breadcrumb":{"@id":"https:\/\/www.jaermuseet.no\/vitengarden\/andre-vitensentre\/#breadcrumb"},"inLanguage":"nn-NO","potentialAction":[{"@type":"ReadAction","target":["https:\/\/www.jaermuseet.no\/vitengarden\/andre-vitensentre\/"]}]},{"@type":"ImageObject","inLanguage":"nn-NO","@id":"https:\/\/www.jaermuseet.no\/vitengarden\/andre-vitensentre\/#primaryimage","url":"https:\/\/www.jaermuseet.no\/wp-content\/uploads\/2018\/08\/hamsterhjul-himmel-2.jpg","contentUrl":"https:\/\/www.jaermuseet.no\/wp-content\/uploads\/2018\/08\/hamsterhjul-himmel-2.jpg"},{"@type":"BreadcrumbList","@id":"https:\/\/www.jaermuseet.no\/vitengarden\/andre-vitensentre\/#breadcrumb","itemListElement":[{"@type":"ListItem","position":1,"name":"Heim","item":"https:\/\/www.jaermuseet.no\/vitengarden\/"},{"@type":"ListItem","position":2,"name":"Andre vitensentre"}]},{"@type":"WebSite","@id":"https:\/\/www.jaermuseet.no\/vitengarden\/#website","url":"https:\/\/www.jaermuseet.no\/vitengarden\/","name":"Vitengarden","description":"Take part in science and history with new and engaging methods","potentialAction":[{"@type":"SearchAction","target":{"@type":"EntryPoint","urlTemplate":"https:\/\/www.jaermuseet.no\/vitengarden\/?s={search_term_string}"},"query-input":{"@type":"PropertyValueSpecification","valueRequired":true,"valueName":"search_term_string"}}],"inLanguage":"nn-NO"}]}},"jetpack_sharing_enabled":true,"_links":{"self":[{"href":"https:\/\/www.jaermuseet.no\/vitengarden\/wp-json\/wp\/v2\/pages\/2969","targetHints":{"allow":["GET"]}}],"collection":[{"href":"https:\/\/www.jaermuseet.no\/vitengarden\/wp-json\/wp\/v2\/pages"}],"about":[{"href":"https:\/\/www.jaermuseet.no\/vitengarden\/wp-json\/wp\/v2\/types\/page"}],"author":[{"embeddable":true,"href":"https:\/\/www.jaermuseet.no\/vitengarden\/wp-json\/wp\/v2\/users\/1"}],"replies":[{"embeddable":true,"href":"https:\/\/www.jaermuseet.no\/vitengarden\/wp-json\/wp\/v2\/comments?post=2969"}],"version-history":[{"count":3,"href":"https:\/\/www.jaermuseet.no\/vitengarden\/wp-json\/wp\/v2\/pages\/2969\/revisions"}],"predecessor-version":[{"id":2974,"href":"https:\/\/www.jaermuseet.no\/vitengarden\/wp-json\/wp\/v2\/pages\/2969\/revisions\/2974"}],"wp:attachment":[{"href":"https:\/\/www.jaermuseet.no\/vitengarden\/wp-json\/wp\/v2\/media?parent=2969"}],"curies":[{"name":"wp","href":"https:\/\/api.w.org\/{rel}","templated":true}]}}