{"id":2222,"date":"2017-06-08T14:56:49","date_gmt":"2017-06-08T12:56:49","guid":{"rendered":"https:\/\/www.jaermuseet.no\/vitengarden\/?page_id=2222"},"modified":"2024-07-15T10:06:14","modified_gmt":"2024-07-15T08:06:14","slug":"kafe","status":"publish","type":"page","link":"https:\/\/www.jaermuseet.no\/vitengarden\/kafe\/","title":{"rendered":"Kaf\u00e9"},"content":{"rendered":"<p>Ta ein pust i bakken etter aktivitetane i utstillingane med familien i Vitengarden sin kaf\u00e9. Her er det b\u00e5de varme og kalde rettar, for b\u00e5de vaksne og ungar. Med Vitengarden si plassering midt i matfatet p\u00e5 J\u00e6ren og kaf\u00e9en sitt fokus p\u00e5 heimelaga mat med lokale r\u00e5varer, vil du reisa fr\u00e5 Vitengarden god og mett. I tillegg til suppe med heimelaga br\u00f8d til, er dette noko av rettane som er p\u00e5 menyen:<\/p>\n<ul>\n<li>Heimelaga god suppe<\/li>\n<li>P\u00e5smurt gj\u00e6rbakst<\/li>\n<li>Foccacia med kylling og bacon<\/li>\n<li>P\u00f8lse i br\u00f8d<\/li>\n<li>Pizza<\/li>\n<\/ul>\n<p>Om ein ynskjer noko s\u00f8tt til kaffien, er det kaker, nysteikte lappar, kanelrullar og is. Og sj\u00f8lvsagt ulik drikke &#8211; b\u00e5de kald og varm &#8211; og velga mellom.<\/p>\n<div class=\"tiled-gallery type-rectangular tiled-gallery-unresized\" data-original-width=\"500\" data-carousel-extra='null' itemscope itemtype=\"http:\/\/schema.org\/ImageGallery\" > <div class=\"gallery-row\" style=\"width: 500px; height: 308px;\" data-original-width=\"500\" data-original-height=\"308\" > <div class=\"gallery-group images-1\" style=\"width: 308px; height: 308px;\" data-original-width=\"308\" data-original-height=\"308\" > <div class=\"tiled-gallery-item tiled-gallery-item-large\" itemprop=\"associatedMedia\" itemscope itemtype=\"http:\/\/schema.org\/ImageObject\"> <a href=\"https:\/\/www.jaermuseet.no\/vitengarden\/kafe\/nordlandslefse\/\" border=\"0\" itemprop=\"url\"> <meta itemprop=\"width\" content=\"304\"> <meta itemprop=\"height\" content=\"304\"> <img decoding=\"async\" class=\"\" data-attachment-id=\"2233\" data-orig-file=\"https:\/\/www.jaermuseet.no\/vitengarden\/wp-content\/uploads\/sites\/11\/2017\/06\/Nordlandslefse.jpg\" data-orig-size=\"2268,2268\" data-comments-opened=\"\" data-image-meta=\"{&quot;aperture&quot;:&quot;0&quot;,&quot;credit&quot;:&quot;&quot;,&quot;camera&quot;:&quot;&quot;,&quot;caption&quot;:&quot;&quot;,&quot;created_timestamp&quot;:&quot;0&quot;,&quot;copyright&quot;:&quot;&quot;,&quot;focal_length&quot;:&quot;0&quot;,&quot;iso&quot;:&quot;0&quot;,&quot;shutter_speed&quot;:&quot;0&quot;,&quot;title&quot;:&quot;&quot;,&quot;orientation&quot;:&quot;0&quot;}\" data-image-title=\"Nordlandslefse\" data-image-description=\"\" data-medium-file=\"https:\/\/www.jaermuseet.no\/vitengarden\/wp-content\/uploads\/sites\/11\/2017\/06\/Nordlandslefse-300x300.jpg\" data-large-file=\"https:\/\/www.jaermuseet.no\/vitengarden\/wp-content\/uploads\/sites\/11\/2017\/06\/Nordlandslefse-1024x1024.jpg\" src=\"https:\/\/i0.wp.com\/www.jaermuseet.no\/vitengarden\/wp-content\/uploads\/sites\/11\/2017\/06\/Nordlandslefse.jpg?w=304&#038;h=304&#038;crop=1&#038;ssl=1\" srcset=\"https:\/\/www.jaermuseet.no\/vitengarden\/wp-content\/uploads\/sites\/11\/2017\/06\/Nordlandslefse.jpg 2268w, https:\/\/www.jaermuseet.no\/vitengarden\/wp-content\/uploads\/sites\/11\/2017\/06\/Nordlandslefse-150x150.jpg 150w, https:\/\/www.jaermuseet.no\/vitengarden\/wp-content\/uploads\/sites\/11\/2017\/06\/Nordlandslefse-300x300.jpg 300w, https:\/\/www.jaermuseet.no\/vitengarden\/wp-content\/uploads\/sites\/11\/2017\/06\/Nordlandslefse-1024x1024.jpg 1024w, https:\/\/www.jaermuseet.no\/vitengarden\/wp-content\/uploads\/sites\/11\/2017\/06\/Nordlandslefse-250x250.jpg 250w\" width=\"304\" height=\"304\" loading=\"lazy\" data-original-width=\"304\" data-original-height=\"304\" itemprop=\"http:\/\/schema.org\/image\" title=\"Nordlandslefse\" alt=\"Nordlandslefse\" style=\"width: 304px; height: 304px;\" \/> <\/a> <\/div> <\/div> <!-- close group --> <div class=\"gallery-group images-2\" style=\"width: 192px; height: 308px;\" data-original-width=\"192\" data-original-height=\"308\" > <div class=\"tiled-gallery-item tiled-gallery-item-small\" itemprop=\"associatedMedia\" itemscope itemtype=\"http:\/\/schema.org\/ImageObject\"> <a href=\"https:\/\/www.jaermuseet.no\/vitengarden\/kafe\/img_6758\/\" border=\"0\" itemprop=\"url\"> <meta itemprop=\"width\" content=\"188\"> <meta itemprop=\"height\" content=\"125\"> <img decoding=\"async\" class=\"\" data-attachment-id=\"2235\" data-orig-file=\"https:\/\/www.jaermuseet.no\/vitengarden\/wp-content\/uploads\/sites\/11\/2017\/06\/IMG_6758.jpg\" data-orig-size=\"4752,3168\" data-comments-opened=\"\" data-image-meta=\"{&quot;aperture&quot;:&quot;4&quot;,&quot;credit&quot;:&quot;&quot;,&quot;camera&quot;:&quot;Canon EOS 500D&quot;,&quot;caption&quot;:&quot;&quot;,&quot;created_timestamp&quot;:&quot;1341485092&quot;,&quot;copyright&quot;:&quot;&quot;,&quot;focal_length&quot;:&quot;18&quot;,&quot;iso&quot;:&quot;100&quot;,&quot;shutter_speed&quot;:&quot;0.025&quot;,&quot;title&quot;:&quot;&quot;,&quot;orientation&quot;:&quot;1&quot;}\" data-image-title=\"IMG_6758\" data-image-description=\"\" data-medium-file=\"https:\/\/www.jaermuseet.no\/vitengarden\/wp-content\/uploads\/sites\/11\/2017\/06\/IMG_6758-300x200.jpg\" data-large-file=\"https:\/\/www.jaermuseet.no\/vitengarden\/wp-content\/uploads\/sites\/11\/2017\/06\/IMG_6758-1024x683.jpg\" src=\"https:\/\/i0.wp.com\/www.jaermuseet.no\/vitengarden\/wp-content\/uploads\/sites\/11\/2017\/06\/IMG_6758.jpg?w=188&#038;h=125&#038;ssl=1\" srcset=\"https:\/\/www.jaermuseet.no\/vitengarden\/wp-content\/uploads\/sites\/11\/2017\/06\/IMG_6758.jpg 4752w, https:\/\/www.jaermuseet.no\/vitengarden\/wp-content\/uploads\/sites\/11\/2017\/06\/IMG_6758-300x200.jpg 300w, https:\/\/www.jaermuseet.no\/vitengarden\/wp-content\/uploads\/sites\/11\/2017\/06\/IMG_6758-1024x683.jpg 1024w, https:\/\/www.jaermuseet.no\/vitengarden\/wp-content\/uploads\/sites\/11\/2017\/06\/IMG_6758-250x167.jpg 250w\" width=\"188\" height=\"125\" loading=\"lazy\" data-original-width=\"188\" data-original-height=\"125\" itemprop=\"http:\/\/schema.org\/image\" title=\"IMG_6758\" alt=\"IMG_6758\" style=\"width: 188px; height: 125px;\" \/> <\/a> <\/div> <div class=\"tiled-gallery-item tiled-gallery-item-small\" itemprop=\"associatedMedia\" itemscope itemtype=\"http:\/\/schema.org\/ImageObject\"> <a href=\"https:\/\/www.jaermuseet.no\/vitengarden\/kafe\/img_0326\/\" border=\"0\" itemprop=\"url\"> <meta itemprop=\"width\" content=\"188\"> <meta itemprop=\"height\" content=\"175\"> <img decoding=\"async\" class=\"\" data-attachment-id=\"3646\" data-orig-file=\"https:\/\/www.jaermuseet.no\/vitengarden\/wp-content\/uploads\/sites\/11\/2020\/01\/IMG_0326-e1720076301664.jpg\" data-orig-size=\"600,561\" data-comments-opened=\"\" data-image-meta=\"{&quot;aperture&quot;:&quot;2.2&quot;,&quot;credit&quot;:&quot;&quot;,&quot;camera&quot;:&quot;iPhone SE&quot;,&quot;caption&quot;:&quot;&quot;,&quot;created_timestamp&quot;:&quot;1505216912&quot;,&quot;copyright&quot;:&quot;&quot;,&quot;focal_length&quot;:&quot;4.15&quot;,&quot;iso&quot;:&quot;64&quot;,&quot;shutter_speed&quot;:&quot;0.03030303030303&quot;,&quot;title&quot;:&quot;&quot;,&quot;orientation&quot;:&quot;0&quot;}\" data-image-title=\"IMG_0326\" data-image-description=\"\" data-medium-file=\"https:\/\/www.jaermuseet.no\/vitengarden\/wp-content\/uploads\/sites\/11\/2020\/01\/IMG_0326-e1720076301664-300x281.jpg\" data-large-file=\"https:\/\/www.jaermuseet.no\/vitengarden\/wp-content\/uploads\/sites\/11\/2020\/01\/IMG_0326-768x1024.jpg\" src=\"https:\/\/i0.wp.com\/www.jaermuseet.no\/vitengarden\/wp-content\/uploads\/sites\/11\/2020\/01\/IMG_0326-e1720076301664.jpg?w=188&#038;h=175&#038;ssl=1\" srcset=\"https:\/\/www.jaermuseet.no\/vitengarden\/wp-content\/uploads\/sites\/11\/2020\/01\/IMG_0326-e1720076301664.jpg 600w, https:\/\/www.jaermuseet.no\/vitengarden\/wp-content\/uploads\/sites\/11\/2020\/01\/IMG_0326-e1720076301664-300x281.jpg 300w, https:\/\/www.jaermuseet.no\/vitengarden\/wp-content\/uploads\/sites\/11\/2020\/01\/IMG_0326-e1720076301664-200x187.jpg 200w\" width=\"188\" height=\"175\" loading=\"lazy\" data-original-width=\"188\" data-original-height=\"175\" itemprop=\"http:\/\/schema.org\/image\" title=\"IMG_0326\" alt=\"IMG_0326\" style=\"width: 188px; height: 175px;\" \/> <\/a> <\/div> <\/div> <!-- close group --> <\/div> <!-- close row --> <\/div>\n<p>Det er mogleg \u00e5 nyte mat og drikke ute p\u00e5 benker under tak, rett utanfor kaf\u00e9en. Her er det \u00f2g grillar som gjestene kan disponera. Grillkol kan kj\u00f8past i resepsjonen.<\/p>\n<p>I skuleferier og p\u00e5 sundagar m\u00e5 du l\u00f8ysa billett til Vitengarden n\u00e5r du er i kaf\u00e9en.<\/p>\n<p>Kaf\u00e9en har kapasitet til \u00e5 dekke til ca. 120 gjester.<\/p>\n<p>Godt utval i gluten og laktosefri retter.<\/p>\n<p>Hjarteleg velkomne til gode matopplevingar for heile familien &#8211; midt i matfatet!<\/p>\n","protected":false},"excerpt":{"rendered":"<p>Ta ein pust i bakken etter aktivitetane i utstillingane med&#8230;<\/p>\n","protected":false},"author":18,"featured_media":3646,"parent":0,"menu_order":0,"comment_status":"closed","ping_status":"closed","template":"","meta":{"_acf_changed":false,"footnotes":""},"class_list":["post-2222","page","type-page","status-publish","has-post-thumbnail","hentry","featured-image-size-large"],"acf":[],"yoast_head":"<!-- This site is optimized with the Yoast SEO plugin v27.4 - https:\/\/yoast.com\/product\/yoast-seo-wordpress\/ -->\n<title>Kaf\u00e9 - Vitengarden<\/title>\n<meta name=\"robots\" content=\"index, follow, max-snippet:-1, max-image-preview:large, max-video-preview:-1\" \/>\n<link rel=\"canonical\" href=\"https:\/\/www.jaermuseet.no\/vitengarden\/kafe\/\" \/>\n<meta property=\"og:locale\" content=\"nn_NO\" \/>\n<meta property=\"og:type\" content=\"article\" \/>\n<meta property=\"og:title\" content=\"Kaf\u00e9 - Vitengarden\" \/>\n<meta property=\"og:description\" content=\"Ta ein pust i bakken etter aktivitetane i utstillingane med...\" \/>\n<meta property=\"og:url\" content=\"https:\/\/www.jaermuseet.no\/vitengarden\/kafe\/\" \/>\n<meta property=\"og:site_name\" content=\"Vitengarden\" \/>\n<meta property=\"article:modified_time\" content=\"2024-07-15T08:06:14+00:00\" \/>\n<meta property=\"og:image\" content=\"https:\/\/www.jaermuseet.no\/vitengarden\/wp-content\/uploads\/sites\/11\/2020\/01\/IMG_0326-e1720076301664.jpg\" \/>\n\t<meta property=\"og:image:width\" content=\"600\" \/>\n\t<meta property=\"og:image:height\" content=\"561\" \/>\n\t<meta property=\"og:image:type\" content=\"image\/jpeg\" \/>\n<meta name=\"twitter:card\" content=\"summary_large_image\" \/>\n<meta name=\"twitter:label1\" content=\"Est. reading time\" \/>\n\t<meta name=\"twitter:data1\" content=\"2 minutt\" \/>\n<script type=\"application\/ld+json\" class=\"yoast-schema-graph\">{\"@context\":\"https:\\\/\\\/schema.org\",\"@graph\":[{\"@type\":\"WebPage\",\"@id\":\"https:\\\/\\\/www.jaermuseet.no\\\/vitengarden\\\/kafe\\\/\",\"url\":\"https:\\\/\\\/www.jaermuseet.no\\\/vitengarden\\\/kafe\\\/\",\"name\":\"Kaf\u00e9 - Vitengarden\",\"isPartOf\":{\"@id\":\"https:\\\/\\\/www.jaermuseet.no\\\/vitengarden\\\/#website\"},\"primaryImageOfPage\":{\"@id\":\"https:\\\/\\\/www.jaermuseet.no\\\/vitengarden\\\/kafe\\\/#primaryimage\"},\"image\":{\"@id\":\"https:\\\/\\\/www.jaermuseet.no\\\/vitengarden\\\/kafe\\\/#primaryimage\"},\"thumbnailUrl\":\"https:\\\/\\\/www.jaermuseet.no\\\/vitengarden\\\/wp-content\\\/uploads\\\/sites\\\/11\\\/2020\\\/01\\\/IMG_0326-e1720076301664.jpg\",\"datePublished\":\"2017-06-08T12:56:49+00:00\",\"dateModified\":\"2024-07-15T08:06:14+00:00\",\"breadcrumb\":{\"@id\":\"https:\\\/\\\/www.jaermuseet.no\\\/vitengarden\\\/kafe\\\/#breadcrumb\"},\"inLanguage\":\"nn-NO\",\"potentialAction\":[{\"@type\":\"ReadAction\",\"target\":[\"https:\\\/\\\/www.jaermuseet.no\\\/vitengarden\\\/kafe\\\/\"]}]},{\"@type\":\"ImageObject\",\"inLanguage\":\"nn-NO\",\"@id\":\"https:\\\/\\\/www.jaermuseet.no\\\/vitengarden\\\/kafe\\\/#primaryimage\",\"url\":\"https:\\\/\\\/www.jaermuseet.no\\\/vitengarden\\\/wp-content\\\/uploads\\\/sites\\\/11\\\/2020\\\/01\\\/IMG_0326-e1720076301664.jpg\",\"contentUrl\":\"https:\\\/\\\/www.jaermuseet.no\\\/vitengarden\\\/wp-content\\\/uploads\\\/sites\\\/11\\\/2020\\\/01\\\/IMG_0326-e1720076301664.jpg\",\"width\":600,\"height\":561},{\"@type\":\"BreadcrumbList\",\"@id\":\"https:\\\/\\\/www.jaermuseet.no\\\/vitengarden\\\/kafe\\\/#breadcrumb\",\"itemListElement\":[{\"@type\":\"ListItem\",\"position\":1,\"name\":\"Heim\",\"item\":\"https:\\\/\\\/www.jaermuseet.no\\\/vitengarden\\\/\"},{\"@type\":\"ListItem\",\"position\":2,\"name\":\"Kaf\u00e9\"}]},{\"@type\":\"WebSite\",\"@id\":\"https:\\\/\\\/www.jaermuseet.no\\\/vitengarden\\\/#website\",\"url\":\"https:\\\/\\\/www.jaermuseet.no\\\/vitengarden\\\/\",\"name\":\"Vitengarden\",\"description\":\"Take part in science and history with new and engaging methods\",\"potentialAction\":[{\"@type\":\"SearchAction\",\"target\":{\"@type\":\"EntryPoint\",\"urlTemplate\":\"https:\\\/\\\/www.jaermuseet.no\\\/vitengarden\\\/?s={search_term_string}\"},\"query-input\":{\"@type\":\"PropertyValueSpecification\",\"valueRequired\":true,\"valueName\":\"search_term_string\"}}],\"inLanguage\":\"nn-NO\"}]}<\/script>\n<!-- \/ Yoast SEO plugin. -->","yoast_head_json":{"title":"Kaf\u00e9 - Vitengarden","robots":{"index":"index","follow":"follow","max-snippet":"max-snippet:-1","max-image-preview":"max-image-preview:large","max-video-preview":"max-video-preview:-1"},"canonical":"https:\/\/www.jaermuseet.no\/vitengarden\/kafe\/","og_locale":"nn_NO","og_type":"article","og_title":"Kaf\u00e9 - Vitengarden","og_description":"Ta ein pust i bakken etter aktivitetane i utstillingane med...","og_url":"https:\/\/www.jaermuseet.no\/vitengarden\/kafe\/","og_site_name":"Vitengarden","article_modified_time":"2024-07-15T08:06:14+00:00","og_image":[{"width":600,"height":561,"url":"https:\/\/www.jaermuseet.no\/vitengarden\/wp-content\/uploads\/sites\/11\/2020\/01\/IMG_0326-e1720076301664.jpg","type":"image\/jpeg"}],"twitter_card":"summary_large_image","twitter_misc":{"Est. reading time":"2 minutt"},"schema":{"@context":"https:\/\/schema.org","@graph":[{"@type":"WebPage","@id":"https:\/\/www.jaermuseet.no\/vitengarden\/kafe\/","url":"https:\/\/www.jaermuseet.no\/vitengarden\/kafe\/","name":"Kaf\u00e9 - Vitengarden","isPartOf":{"@id":"https:\/\/www.jaermuseet.no\/vitengarden\/#website"},"primaryImageOfPage":{"@id":"https:\/\/www.jaermuseet.no\/vitengarden\/kafe\/#primaryimage"},"image":{"@id":"https:\/\/www.jaermuseet.no\/vitengarden\/kafe\/#primaryimage"},"thumbnailUrl":"https:\/\/www.jaermuseet.no\/vitengarden\/wp-content\/uploads\/sites\/11\/2020\/01\/IMG_0326-e1720076301664.jpg","datePublished":"2017-06-08T12:56:49+00:00","dateModified":"2024-07-15T08:06:14+00:00","breadcrumb":{"@id":"https:\/\/www.jaermuseet.no\/vitengarden\/kafe\/#breadcrumb"},"inLanguage":"nn-NO","potentialAction":[{"@type":"ReadAction","target":["https:\/\/www.jaermuseet.no\/vitengarden\/kafe\/"]}]},{"@type":"ImageObject","inLanguage":"nn-NO","@id":"https:\/\/www.jaermuseet.no\/vitengarden\/kafe\/#primaryimage","url":"https:\/\/www.jaermuseet.no\/vitengarden\/wp-content\/uploads\/sites\/11\/2020\/01\/IMG_0326-e1720076301664.jpg","contentUrl":"https:\/\/www.jaermuseet.no\/vitengarden\/wp-content\/uploads\/sites\/11\/2020\/01\/IMG_0326-e1720076301664.jpg","width":600,"height":561},{"@type":"BreadcrumbList","@id":"https:\/\/www.jaermuseet.no\/vitengarden\/kafe\/#breadcrumb","itemListElement":[{"@type":"ListItem","position":1,"name":"Heim","item":"https:\/\/www.jaermuseet.no\/vitengarden\/"},{"@type":"ListItem","position":2,"name":"Kaf\u00e9"}]},{"@type":"WebSite","@id":"https:\/\/www.jaermuseet.no\/vitengarden\/#website","url":"https:\/\/www.jaermuseet.no\/vitengarden\/","name":"Vitengarden","description":"Take part in science and history with new and engaging methods","potentialAction":[{"@type":"SearchAction","target":{"@type":"EntryPoint","urlTemplate":"https:\/\/www.jaermuseet.no\/vitengarden\/?s={search_term_string}"},"query-input":{"@type":"PropertyValueSpecification","valueRequired":true,"valueName":"search_term_string"}}],"inLanguage":"nn-NO"}]}},"jetpack_sharing_enabled":true,"_links":{"self":[{"href":"https:\/\/www.jaermuseet.no\/vitengarden\/wp-json\/wp\/v2\/pages\/2222","targetHints":{"allow":["GET"]}}],"collection":[{"href":"https:\/\/www.jaermuseet.no\/vitengarden\/wp-json\/wp\/v2\/pages"}],"about":[{"href":"https:\/\/www.jaermuseet.no\/vitengarden\/wp-json\/wp\/v2\/types\/page"}],"author":[{"embeddable":true,"href":"https:\/\/www.jaermuseet.no\/vitengarden\/wp-json\/wp\/v2\/users\/18"}],"replies":[{"embeddable":true,"href":"https:\/\/www.jaermuseet.no\/vitengarden\/wp-json\/wp\/v2\/comments?post=2222"}],"version-history":[{"count":10,"href":"https:\/\/www.jaermuseet.no\/vitengarden\/wp-json\/wp\/v2\/pages\/2222\/revisions"}],"predecessor-version":[{"id":9293,"href":"https:\/\/www.jaermuseet.no\/vitengarden\/wp-json\/wp\/v2\/pages\/2222\/revisions\/9293"}],"wp:featuredmedia":[{"embeddable":true,"href":"https:\/\/www.jaermuseet.no\/vitengarden\/wp-json\/wp\/v2\/media\/3646"}],"wp:attachment":[{"href":"https:\/\/www.jaermuseet.no\/vitengarden\/wp-json\/wp\/v2\/media?parent=2222"}],"curies":[{"name":"wp","href":"https:\/\/api.w.org\/{rel}","templated":true}]}}