{"id":1495,"date":"2016-06-12T21:57:23","date_gmt":"2016-06-12T19:57:23","guid":{"rendered":"https:\/\/www.jaermuseet.no\/vitengarden\/?page_id=1495"},"modified":"2024-10-14T11:10:09","modified_gmt":"2024-10-14T09:10:09","slug":"about-vitengarden","status":"publish","type":"page","link":"https:\/\/www.jaermuseet.no\/vitengarden\/en\/about-vitengarden\/","title":{"rendered":"About Vitengarden"},"content":{"rendered":"<p>Vitengarden is a combined museum and science centre, telling the rural history of the region of J\u00e6ren. Through interactive exhibitions, children and adults have hours of fun exploring together.<\/p>\n<p>&#8211; I hear and forget, I see and I remember, I do and understand (Chinese proverb). And this is how our philosophy can be summarized.\u00a0How long intestine has a human? Maybe you have heard\u00a0it once\u00a0but have forgotten the answer.\u00a0But at Vitengarden you get to DO it. Pull out the intestine &#8211; see how long it is!<\/p>\n<p>In the exhibition &#8220;Technology and landscape&#8221;, you explore how the landscape of J\u00e6ren have changed, and you get to test technology that has been useful for altering the landscape. Pull yourself using technology that has cleared rocks at J\u00e6ren since year 1800. Why was it so easy? And are you as heavy as your father? Let the hydraulics decide!<\/p>\n<p>In the exhibition &#8220;But we need to eat&#8230;&#8221;, you can glance through the glas and look at a real beehive. Or join the factory and make your own plow.\u00a0\u00a0You can also discover what the cow looks like on the inside, and you can work as a farmer. Cut the gras, load it into the silo and feed it back to the cows.<\/p>\n<p>Vitengarden consits of exhibitions indoors and outdoors. There is a farm, Kvia 4H- and museumfarm next to the main building. The farm is from 1878, but the environment is from the 1950. Meet the animals that were common on a farm in J\u00e6ren in the period such as cows, hens, geese, pigs and sheep. The children also enjoy to jump in the hay at the farm. Or take a stroll through the vegetable and herb garden.\u00a0<\/p>\n<p>Throughout the year, themed activity days are held at Vitengarden. These days, the farm often offer the guests traditional food.<\/p>\n<p>Vitengarden is approximately 4000m2, and the architecture shows a compromise between J\u00e6ren identity and building tradition with a modern form of expression. The buildings follow the lines of the landscape.<\/p>\n\n\n<figure class=\"wp-block-gallery has-nested-images columns-default is-cropped wp-block-gallery-1 is-layout-flex wp-block-gallery-is-layout-flex\">\n<figure class=\"wp-block-image size-large\"><img loading=\"lazy\" decoding=\"async\" width=\"1024\" height=\"682\" data-id=\"4341\" src=\"https:\/\/www.jaermuseet.no\/vitengarden\/wp-content\/uploads\/sites\/11\/2021\/01\/00-Oversikt-Vitengarden-0829-1024x682.jpg\" alt=\"Vitengarden p\u00e5 N\u00e6rb\u00f8 med alle bygningene.\" class=\"wp-image-4341\" srcset=\"https:\/\/www.jaermuseet.no\/vitengarden\/wp-content\/uploads\/sites\/11\/2021\/01\/00-Oversikt-Vitengarden-0829-1024x682.jpg 1024w, https:\/\/www.jaermuseet.no\/vitengarden\/wp-content\/uploads\/sites\/11\/2021\/01\/00-Oversikt-Vitengarden-0829-300x200.jpg 300w, https:\/\/www.jaermuseet.no\/vitengarden\/wp-content\/uploads\/sites\/11\/2021\/01\/00-Oversikt-Vitengarden-0829-200x133.jpg 200w, https:\/\/www.jaermuseet.no\/vitengarden\/wp-content\/uploads\/sites\/11\/2021\/01\/00-Oversikt-Vitengarden-0829-1536x1023.jpg 1536w, https:\/\/www.jaermuseet.no\/vitengarden\/wp-content\/uploads\/sites\/11\/2021\/01\/00-Oversikt-Vitengarden-0829-2048x1364.jpg 2048w, https:\/\/www.jaermuseet.no\/vitengarden\/wp-content\/uploads\/sites\/11\/2021\/01\/00-Oversikt-Vitengarden-0829-250x167.jpg 250w\" sizes=\"auto, (max-width: 1024px) 100vw, 1024px\" \/><figcaption class=\"wp-element-caption\">Vitengarden<\/figcaption><\/figure>\n\n\n\n<figure class=\"wp-block-image size-large\"><img loading=\"lazy\" decoding=\"async\" width=\"1024\" height=\"1024\" data-id=\"4351\" src=\"https:\/\/www.jaermuseet.no\/vitengarden\/wp-content\/uploads\/sites\/11\/2021\/01\/70-Dyr-godkjent-for-bruk-mor-Inger-Lise-Unhammer-6407-1024x1024.jpg\" alt=\"\" class=\"wp-image-4351\" srcset=\"https:\/\/www.jaermuseet.no\/vitengarden\/wp-content\/uploads\/sites\/11\/2021\/01\/70-Dyr-godkjent-for-bruk-mor-Inger-Lise-Unhammer-6407-1024x1024.jpg 1024w, https:\/\/www.jaermuseet.no\/vitengarden\/wp-content\/uploads\/sites\/11\/2021\/01\/70-Dyr-godkjent-for-bruk-mor-Inger-Lise-Unhammer-6407-300x300.jpg 300w, https:\/\/www.jaermuseet.no\/vitengarden\/wp-content\/uploads\/sites\/11\/2021\/01\/70-Dyr-godkjent-for-bruk-mor-Inger-Lise-Unhammer-6407-150x150.jpg 150w, https:\/\/www.jaermuseet.no\/vitengarden\/wp-content\/uploads\/sites\/11\/2021\/01\/70-Dyr-godkjent-for-bruk-mor-Inger-Lise-Unhammer-6407-200x200.jpg 200w, https:\/\/www.jaermuseet.no\/vitengarden\/wp-content\/uploads\/sites\/11\/2021\/01\/70-Dyr-godkjent-for-bruk-mor-Inger-Lise-Unhammer-6407-1536x1536.jpg 1536w, https:\/\/www.jaermuseet.no\/vitengarden\/wp-content\/uploads\/sites\/11\/2021\/01\/70-Dyr-godkjent-for-bruk-mor-Inger-Lise-Unhammer-6407-2048x2048.jpg 2048w, https:\/\/www.jaermuseet.no\/vitengarden\/wp-content\/uploads\/sites\/11\/2021\/01\/70-Dyr-godkjent-for-bruk-mor-Inger-Lise-Unhammer-6407-250x250.jpg 250w\" sizes=\"auto, (max-width: 1024px) 100vw, 1024px\" \/><figcaption class=\"wp-element-caption\">Meet the animals<\/figcaption><\/figure>\n\n\n\n<figure class=\"wp-block-image size-large\"><img loading=\"lazy\" decoding=\"async\" width=\"1024\" height=\"683\" data-id=\"4262\" src=\"https:\/\/www.jaermuseet.no\/vitengarden\/wp-content\/uploads\/sites\/11\/2020\/11\/IMG_6170-1024x683.jpg\" alt=\"\" class=\"wp-image-4262\" srcset=\"https:\/\/www.jaermuseet.no\/vitengarden\/wp-content\/uploads\/sites\/11\/2020\/11\/IMG_6170-1024x683.jpg 1024w, https:\/\/www.jaermuseet.no\/vitengarden\/wp-content\/uploads\/sites\/11\/2020\/11\/IMG_6170-300x200.jpg 300w, https:\/\/www.jaermuseet.no\/vitengarden\/wp-content\/uploads\/sites\/11\/2020\/11\/IMG_6170-200x133.jpg 200w, https:\/\/www.jaermuseet.no\/vitengarden\/wp-content\/uploads\/sites\/11\/2020\/11\/IMG_6170-1536x1024.jpg 1536w, https:\/\/www.jaermuseet.no\/vitengarden\/wp-content\/uploads\/sites\/11\/2020\/11\/IMG_6170-2048x1365.jpg 2048w, https:\/\/www.jaermuseet.no\/vitengarden\/wp-content\/uploads\/sites\/11\/2020\/11\/IMG_6170-250x167.jpg 250w\" sizes=\"auto, (max-width: 1024px) 100vw, 1024px\" \/><figcaption class=\"wp-element-caption\">Visit the bees (seasonal)<\/figcaption><\/figure>\n\n\n\n<figure class=\"wp-block-image size-large\"><img loading=\"lazy\" decoding=\"async\" width=\"1024\" height=\"683\" data-id=\"4249\" src=\"https:\/\/www.jaermuseet.no\/vitengarden\/wp-content\/uploads\/sites\/11\/2020\/11\/0150910-Elin-Ravndal-Bell-7-1024x683.jpg\" alt=\"\" class=\"wp-image-4249\" srcset=\"https:\/\/www.jaermuseet.no\/vitengarden\/wp-content\/uploads\/sites\/11\/2020\/11\/0150910-Elin-Ravndal-Bell-7-1024x683.jpg 1024w, https:\/\/www.jaermuseet.no\/vitengarden\/wp-content\/uploads\/sites\/11\/2020\/11\/0150910-Elin-Ravndal-Bell-7-300x200.jpg 300w, https:\/\/www.jaermuseet.no\/vitengarden\/wp-content\/uploads\/sites\/11\/2020\/11\/0150910-Elin-Ravndal-Bell-7-200x133.jpg 200w, https:\/\/www.jaermuseet.no\/vitengarden\/wp-content\/uploads\/sites\/11\/2020\/11\/0150910-Elin-Ravndal-Bell-7-1536x1024.jpg 1536w, https:\/\/www.jaermuseet.no\/vitengarden\/wp-content\/uploads\/sites\/11\/2020\/11\/0150910-Elin-Ravndal-Bell-7-2048x1365.jpg 2048w, https:\/\/www.jaermuseet.no\/vitengarden\/wp-content\/uploads\/sites\/11\/2020\/11\/0150910-Elin-Ravndal-Bell-7-250x167.jpg 250w\" sizes=\"auto, (max-width: 1024px) 100vw, 1024px\" \/><figcaption class=\"wp-element-caption\">Feel the hurricane!<\/figcaption><\/figure>\n\n\n\n<figure class=\"wp-block-image size-large\"><img loading=\"lazy\" decoding=\"async\" width=\"1024\" height=\"1024\" data-id=\"4216\" src=\"https:\/\/www.jaermuseet.no\/vitengarden\/wp-content\/uploads\/sites\/11\/2020\/11\/IMG_5549-1024x1024.jpg\" alt=\"\" class=\"wp-image-4216\" srcset=\"https:\/\/www.jaermuseet.no\/vitengarden\/wp-content\/uploads\/sites\/11\/2020\/11\/IMG_5549-1024x1024.jpg 1024w, https:\/\/www.jaermuseet.no\/vitengarden\/wp-content\/uploads\/sites\/11\/2020\/11\/IMG_5549-300x300.jpg 300w, https:\/\/www.jaermuseet.no\/vitengarden\/wp-content\/uploads\/sites\/11\/2020\/11\/IMG_5549-150x150.jpg 150w, https:\/\/www.jaermuseet.no\/vitengarden\/wp-content\/uploads\/sites\/11\/2020\/11\/IMG_5549-200x200.jpg 200w, https:\/\/www.jaermuseet.no\/vitengarden\/wp-content\/uploads\/sites\/11\/2020\/11\/IMG_5549-1536x1536.jpg 1536w, https:\/\/www.jaermuseet.no\/vitengarden\/wp-content\/uploads\/sites\/11\/2020\/11\/IMG_5549-2048x2048.jpg 2048w, https:\/\/www.jaermuseet.no\/vitengarden\/wp-content\/uploads\/sites\/11\/2020\/11\/IMG_5549-250x250.jpg 250w\" sizes=\"auto, (max-width: 1024px) 100vw, 1024px\" \/><\/figure>\n\n\n\n<figure class=\"wp-block-image size-large\"><img loading=\"lazy\" decoding=\"async\" width=\"1024\" height=\"768\" data-id=\"4217\" src=\"https:\/\/www.jaermuseet.no\/vitengarden\/wp-content\/uploads\/sites\/11\/2020\/11\/IMG_20200630_135855-1024x768.jpg\" alt=\"\" class=\"wp-image-4217\" srcset=\"https:\/\/www.jaermuseet.no\/vitengarden\/wp-content\/uploads\/sites\/11\/2020\/11\/IMG_20200630_135855-1024x768.jpg 1024w, https:\/\/www.jaermuseet.no\/vitengarden\/wp-content\/uploads\/sites\/11\/2020\/11\/IMG_20200630_135855-300x225.jpg 300w, https:\/\/www.jaermuseet.no\/vitengarden\/wp-content\/uploads\/sites\/11\/2020\/11\/IMG_20200630_135855-200x150.jpg 200w, https:\/\/www.jaermuseet.no\/vitengarden\/wp-content\/uploads\/sites\/11\/2020\/11\/IMG_20200630_135855-1536x1152.jpg 1536w, https:\/\/www.jaermuseet.no\/vitengarden\/wp-content\/uploads\/sites\/11\/2020\/11\/IMG_20200630_135855-2048x1536.jpg 2048w, https:\/\/www.jaermuseet.no\/vitengarden\/wp-content\/uploads\/sites\/11\/2020\/11\/IMG_20200630_135855-250x188.jpg 250w, https:\/\/www.jaermuseet.no\/vitengarden\/wp-content\/uploads\/sites\/11\/2020\/11\/IMG_20200630_135855-800x600.jpg 800w\" sizes=\"auto, (max-width: 1024px) 100vw, 1024px\" \/><figcaption class=\"wp-element-caption\">A large collection of tractors<\/figcaption><\/figure>\n\n\n\n<figure class=\"wp-block-image size-large\"><img loading=\"lazy\" decoding=\"async\" width=\"1024\" height=\"683\" data-id=\"4206\" src=\"https:\/\/www.jaermuseet.no\/vitengarden\/wp-content\/uploads\/sites\/11\/2015\/05\/IMG_6150-1024x683.jpg\" alt=\"\" class=\"wp-image-4206\" srcset=\"https:\/\/www.jaermuseet.no\/vitengarden\/wp-content\/uploads\/sites\/11\/2015\/05\/IMG_6150-1024x683.jpg 1024w, https:\/\/www.jaermuseet.no\/vitengarden\/wp-content\/uploads\/sites\/11\/2015\/05\/IMG_6150-300x200.jpg 300w, https:\/\/www.jaermuseet.no\/vitengarden\/wp-content\/uploads\/sites\/11\/2015\/05\/IMG_6150-200x133.jpg 200w, https:\/\/www.jaermuseet.no\/vitengarden\/wp-content\/uploads\/sites\/11\/2015\/05\/IMG_6150-1536x1024.jpg 1536w, https:\/\/www.jaermuseet.no\/vitengarden\/wp-content\/uploads\/sites\/11\/2015\/05\/IMG_6150-2048x1365.jpg 2048w, https:\/\/www.jaermuseet.no\/vitengarden\/wp-content\/uploads\/sites\/11\/2015\/05\/IMG_6150-250x167.jpg 250w\" sizes=\"auto, (max-width: 1024px) 100vw, 1024px\" \/><figcaption class=\"wp-element-caption\">Take a break in the garden<\/figcaption><\/figure>\n\n\n\n<figure class=\"wp-block-image size-large\"><img loading=\"lazy\" decoding=\"async\" width=\"1024\" height=\"756\" data-id=\"3350\" src=\"https:\/\/www.jaermuseet.no\/vitengarden\/wp-content\/uploads\/sites\/11\/2019\/05\/20190603-Opning-SAUEN-foto-Rune-Helliesen-10-1024x756.jpg\" alt=\"\" class=\"wp-image-3350\" srcset=\"https:\/\/www.jaermuseet.no\/vitengarden\/wp-content\/uploads\/sites\/11\/2019\/05\/20190603-Opning-SAUEN-foto-Rune-Helliesen-10-1024x756.jpg 1024w, https:\/\/www.jaermuseet.no\/vitengarden\/wp-content\/uploads\/sites\/11\/2019\/05\/20190603-Opning-SAUEN-foto-Rune-Helliesen-10-300x221.jpg 300w, https:\/\/www.jaermuseet.no\/vitengarden\/wp-content\/uploads\/sites\/11\/2019\/05\/20190603-Opning-SAUEN-foto-Rune-Helliesen-10-250x184.jpg 250w\" sizes=\"auto, (max-width: 1024px) 100vw, 1024px\" \/><figcaption class=\"wp-element-caption\">Be a vet and help save the animals<\/figcaption><\/figure>\n\n\n\n<figure class=\"wp-block-image size-large\"><img loading=\"lazy\" decoding=\"async\" width=\"1024\" height=\"678\" data-id=\"3028\" src=\"https:\/\/www.jaermuseet.no\/vitengarden\/wp-content\/uploads\/sites\/11\/2018\/09\/20170404_Undervisning-20-1024x678.jpg\" alt=\"\" class=\"wp-image-3028\" srcset=\"https:\/\/www.jaermuseet.no\/vitengarden\/wp-content\/uploads\/sites\/11\/2018\/09\/20170404_Undervisning-20-1024x678.jpg 1024w, https:\/\/www.jaermuseet.no\/vitengarden\/wp-content\/uploads\/sites\/11\/2018\/09\/20170404_Undervisning-20-300x199.jpg 300w, https:\/\/www.jaermuseet.no\/vitengarden\/wp-content\/uploads\/sites\/11\/2018\/09\/20170404_Undervisning-20-250x166.jpg 250w\" sizes=\"auto, (max-width: 1024px) 100vw, 1024px\" \/><figcaption class=\"wp-element-caption\">How to produce bio-fuel?<\/figcaption><\/figure>\n<\/figure>\n","protected":false},"excerpt":{"rendered":"<p>Vitengarden is a combined museum and science centre, telling the&#8230;<\/p>\n","protected":false},"author":18,"featured_media":8643,"parent":0,"menu_order":0,"comment_status":"open","ping_status":"open","template":"","meta":{"_acf_changed":false,"footnotes":""},"class_list":["post-1495","page","type-page","status-publish","has-post-thumbnail","hentry","featured-image-size-large"],"acf":[],"yoast_head":"<!-- This site is optimized with the Yoast SEO plugin v27.4 - https:\/\/yoast.com\/product\/yoast-seo-wordpress\/ -->\n<title>About Vitengarden - Vitengarden<\/title>\n<meta name=\"robots\" content=\"index, follow, max-snippet:-1, max-image-preview:large, max-video-preview:-1\" \/>\n<link rel=\"canonical\" href=\"https:\/\/www.jaermuseet.no\/vitengarden\/en\/about-vitengarden\/\" \/>\n<meta property=\"og:locale\" content=\"nn_NO\" \/>\n<meta property=\"og:type\" content=\"article\" \/>\n<meta property=\"og:title\" content=\"About Vitengarden - Vitengarden\" \/>\n<meta property=\"og:description\" content=\"Vitengarden is a combined museum and science centre, telling the...\" \/>\n<meta property=\"og:url\" content=\"https:\/\/www.jaermuseet.no\/vitengarden\/en\/about-vitengarden\/\" \/>\n<meta property=\"og:site_name\" content=\"Vitengarden\" \/>\n<meta property=\"article:modified_time\" content=\"2024-10-14T09:10:09+00:00\" \/>\n<meta property=\"og:image\" content=\"https:\/\/www.jaermuseet.no\/vitengarden\/wp-content\/uploads\/sites\/11\/2023\/09\/20220814-Dronefoto-Foto-Rune-Helliesen-1-1024x730.jpg\" \/>\n\t<meta property=\"og:image:width\" content=\"1024\" \/>\n\t<meta property=\"og:image:height\" content=\"730\" \/>\n\t<meta property=\"og:image:type\" content=\"image\/jpeg\" \/>\n<meta name=\"twitter:card\" content=\"summary_large_image\" \/>\n<meta name=\"twitter:label1\" content=\"Est. reading time\" \/>\n\t<meta name=\"twitter:data1\" content=\"5 minutt\" \/>\n<script type=\"application\/ld+json\" class=\"yoast-schema-graph\">{\"@context\":\"https:\\\/\\\/schema.org\",\"@graph\":[{\"@type\":\"WebPage\",\"@id\":\"https:\\\/\\\/www.jaermuseet.no\\\/vitengarden\\\/en\\\/about-vitengarden\\\/\",\"url\":\"https:\\\/\\\/www.jaermuseet.no\\\/vitengarden\\\/en\\\/about-vitengarden\\\/\",\"name\":\"About Vitengarden - Vitengarden\",\"isPartOf\":{\"@id\":\"https:\\\/\\\/www.jaermuseet.no\\\/vitengarden\\\/#website\"},\"primaryImageOfPage\":{\"@id\":\"https:\\\/\\\/www.jaermuseet.no\\\/vitengarden\\\/en\\\/about-vitengarden\\\/#primaryimage\"},\"image\":{\"@id\":\"https:\\\/\\\/www.jaermuseet.no\\\/vitengarden\\\/en\\\/about-vitengarden\\\/#primaryimage\"},\"thumbnailUrl\":\"https:\\\/\\\/www.jaermuseet.no\\\/vitengarden\\\/wp-content\\\/uploads\\\/sites\\\/11\\\/2023\\\/09\\\/20220814-Dronefoto-Foto-Rune-Helliesen-1.jpg\",\"datePublished\":\"2016-06-12T19:57:23+00:00\",\"dateModified\":\"2024-10-14T09:10:09+00:00\",\"breadcrumb\":{\"@id\":\"https:\\\/\\\/www.jaermuseet.no\\\/vitengarden\\\/en\\\/about-vitengarden\\\/#breadcrumb\"},\"inLanguage\":\"nn-NO\",\"potentialAction\":[{\"@type\":\"ReadAction\",\"target\":[\"https:\\\/\\\/www.jaermuseet.no\\\/vitengarden\\\/en\\\/about-vitengarden\\\/\"]}]},{\"@type\":\"ImageObject\",\"inLanguage\":\"nn-NO\",\"@id\":\"https:\\\/\\\/www.jaermuseet.no\\\/vitengarden\\\/en\\\/about-vitengarden\\\/#primaryimage\",\"url\":\"https:\\\/\\\/www.jaermuseet.no\\\/vitengarden\\\/wp-content\\\/uploads\\\/sites\\\/11\\\/2023\\\/09\\\/20220814-Dronefoto-Foto-Rune-Helliesen-1.jpg\",\"contentUrl\":\"https:\\\/\\\/www.jaermuseet.no\\\/vitengarden\\\/wp-content\\\/uploads\\\/sites\\\/11\\\/2023\\\/09\\\/20220814-Dronefoto-Foto-Rune-Helliesen-1.jpg\",\"width\":2400,\"height\":1712},{\"@type\":\"BreadcrumbList\",\"@id\":\"https:\\\/\\\/www.jaermuseet.no\\\/vitengarden\\\/en\\\/about-vitengarden\\\/#breadcrumb\",\"itemListElement\":[{\"@type\":\"ListItem\",\"position\":1,\"name\":\"Heim\",\"item\":\"https:\\\/\\\/www.jaermuseet.no\\\/vitengarden\\\/\"},{\"@type\":\"ListItem\",\"position\":2,\"name\":\"About Vitengarden\"}]},{\"@type\":\"WebSite\",\"@id\":\"https:\\\/\\\/www.jaermuseet.no\\\/vitengarden\\\/#website\",\"url\":\"https:\\\/\\\/www.jaermuseet.no\\\/vitengarden\\\/\",\"name\":\"Vitengarden\",\"description\":\"Take part in science and history with new and engaging methods\",\"potentialAction\":[{\"@type\":\"SearchAction\",\"target\":{\"@type\":\"EntryPoint\",\"urlTemplate\":\"https:\\\/\\\/www.jaermuseet.no\\\/vitengarden\\\/?s={search_term_string}\"},\"query-input\":{\"@type\":\"PropertyValueSpecification\",\"valueRequired\":true,\"valueName\":\"search_term_string\"}}],\"inLanguage\":\"nn-NO\"}]}<\/script>\n<!-- \/ Yoast SEO plugin. -->","yoast_head_json":{"title":"About Vitengarden - Vitengarden","robots":{"index":"index","follow":"follow","max-snippet":"max-snippet:-1","max-image-preview":"max-image-preview:large","max-video-preview":"max-video-preview:-1"},"canonical":"https:\/\/www.jaermuseet.no\/vitengarden\/en\/about-vitengarden\/","og_locale":"nn_NO","og_type":"article","og_title":"About Vitengarden - Vitengarden","og_description":"Vitengarden is a combined museum and science centre, telling the...","og_url":"https:\/\/www.jaermuseet.no\/vitengarden\/en\/about-vitengarden\/","og_site_name":"Vitengarden","article_modified_time":"2024-10-14T09:10:09+00:00","og_image":[{"width":1024,"height":730,"url":"https:\/\/www.jaermuseet.no\/vitengarden\/wp-content\/uploads\/sites\/11\/2023\/09\/20220814-Dronefoto-Foto-Rune-Helliesen-1-1024x730.jpg","type":"image\/jpeg"}],"twitter_card":"summary_large_image","twitter_misc":{"Est. reading time":"5 minutt"},"schema":{"@context":"https:\/\/schema.org","@graph":[{"@type":"WebPage","@id":"https:\/\/www.jaermuseet.no\/vitengarden\/en\/about-vitengarden\/","url":"https:\/\/www.jaermuseet.no\/vitengarden\/en\/about-vitengarden\/","name":"About Vitengarden - Vitengarden","isPartOf":{"@id":"https:\/\/www.jaermuseet.no\/vitengarden\/#website"},"primaryImageOfPage":{"@id":"https:\/\/www.jaermuseet.no\/vitengarden\/en\/about-vitengarden\/#primaryimage"},"image":{"@id":"https:\/\/www.jaermuseet.no\/vitengarden\/en\/about-vitengarden\/#primaryimage"},"thumbnailUrl":"https:\/\/www.jaermuseet.no\/vitengarden\/wp-content\/uploads\/sites\/11\/2023\/09\/20220814-Dronefoto-Foto-Rune-Helliesen-1.jpg","datePublished":"2016-06-12T19:57:23+00:00","dateModified":"2024-10-14T09:10:09+00:00","breadcrumb":{"@id":"https:\/\/www.jaermuseet.no\/vitengarden\/en\/about-vitengarden\/#breadcrumb"},"inLanguage":"nn-NO","potentialAction":[{"@type":"ReadAction","target":["https:\/\/www.jaermuseet.no\/vitengarden\/en\/about-vitengarden\/"]}]},{"@type":"ImageObject","inLanguage":"nn-NO","@id":"https:\/\/www.jaermuseet.no\/vitengarden\/en\/about-vitengarden\/#primaryimage","url":"https:\/\/www.jaermuseet.no\/vitengarden\/wp-content\/uploads\/sites\/11\/2023\/09\/20220814-Dronefoto-Foto-Rune-Helliesen-1.jpg","contentUrl":"https:\/\/www.jaermuseet.no\/vitengarden\/wp-content\/uploads\/sites\/11\/2023\/09\/20220814-Dronefoto-Foto-Rune-Helliesen-1.jpg","width":2400,"height":1712},{"@type":"BreadcrumbList","@id":"https:\/\/www.jaermuseet.no\/vitengarden\/en\/about-vitengarden\/#breadcrumb","itemListElement":[{"@type":"ListItem","position":1,"name":"Heim","item":"https:\/\/www.jaermuseet.no\/vitengarden\/"},{"@type":"ListItem","position":2,"name":"About Vitengarden"}]},{"@type":"WebSite","@id":"https:\/\/www.jaermuseet.no\/vitengarden\/#website","url":"https:\/\/www.jaermuseet.no\/vitengarden\/","name":"Vitengarden","description":"Take part in science and history with new and engaging methods","potentialAction":[{"@type":"SearchAction","target":{"@type":"EntryPoint","urlTemplate":"https:\/\/www.jaermuseet.no\/vitengarden\/?s={search_term_string}"},"query-input":{"@type":"PropertyValueSpecification","valueRequired":true,"valueName":"search_term_string"}}],"inLanguage":"nn-NO"}]}},"jetpack_sharing_enabled":true,"_links":{"self":[{"href":"https:\/\/www.jaermuseet.no\/vitengarden\/wp-json\/wp\/v2\/pages\/1495","targetHints":{"allow":["GET"]}}],"collection":[{"href":"https:\/\/www.jaermuseet.no\/vitengarden\/wp-json\/wp\/v2\/pages"}],"about":[{"href":"https:\/\/www.jaermuseet.no\/vitengarden\/wp-json\/wp\/v2\/types\/page"}],"author":[{"embeddable":true,"href":"https:\/\/www.jaermuseet.no\/vitengarden\/wp-json\/wp\/v2\/users\/18"}],"replies":[{"embeddable":true,"href":"https:\/\/www.jaermuseet.no\/vitengarden\/wp-json\/wp\/v2\/comments?post=1495"}],"version-history":[{"count":7,"href":"https:\/\/www.jaermuseet.no\/vitengarden\/wp-json\/wp\/v2\/pages\/1495\/revisions"}],"predecessor-version":[{"id":9371,"href":"https:\/\/www.jaermuseet.no\/vitengarden\/wp-json\/wp\/v2\/pages\/1495\/revisions\/9371"}],"wp:featuredmedia":[{"embeddable":true,"href":"https:\/\/www.jaermuseet.no\/vitengarden\/wp-json\/wp\/v2\/media\/8643"}],"wp:attachment":[{"href":"https:\/\/www.jaermuseet.no\/vitengarden\/wp-json\/wp\/v2\/media?parent=1495"}],"curies":[{"name":"wp","href":"https:\/\/api.w.org\/{rel}","templated":true}]}}