{"id":70,"date":"2014-07-17T13:23:52","date_gmt":"2014-07-17T12:23:52","guid":{"rendered":"https:\/\/www.jaermuseet.no\/vitenfabrikken\/bibliotek\/"},"modified":"2015-10-08T23:39:20","modified_gmt":"2015-10-08T21:39:20","slug":"bibliotek","status":"publish","type":"page","link":"https:\/\/www.jaermuseet.no\/vitenfabrikken\/bibliotek\/","title":{"rendered":"Bibliotek"},"content":{"rendered":"<p>Her finner du en liste over powerpoint-presentasjoner som benyttes i Vitenfabrikken sine undervisningsopplegg, s\u00e6rlig tilpasset ungdoms- og videreg\u00e5ende skoler. De fleste presentasjonene er knyttet til elementer i Vitenfabrikkens utstillinger, og for fagene matematikk og fysikk.<\/p>\n<p>Du kan fritt laste ned presentasjoenen og pr\u00f8vekj\u00f8re dem p\u00e5 din egen pc. L\u00e6rerne kan fritt benytte presentasjonene i sin undervisning, dersom man oppgir Vitenfabrikken som kilde.<\/p>\n<p>OBS: enkelte presentasjoner inneholder bilder med innlagte videoklipp som ikke vil fungere i nedlasting. Da m\u00e5 du bare bla forbi disse bildene n\u00e5r du ser p\u00e5 presentasjonen, da resten av den vil fungere normalt. De presentasjonene det gjelder er merket med stjerne i listen nedenfor.<\/p>\n<p>Alle presentasjonene p\u00e5 listen kan vises som undervisningsopplegg for skoleklasser som bes\u00f8ker Vitenfabrikken. Hver visning vil ta ca 45 minutt. Slike visninger m\u00e5 forh\u00e5ndsbestilles ved henvendelse til Vitenfabrikken.<\/p>\n<p>Trykk p\u00e5 den bl\u00e5 teksten i oversikten nedenfor for \u00e5 laste ned de enkelte presentasjonene:<\/p>\n<table style=\"width: 714px;height: 313px\">\n<tbody>\n<tr>\n<td><strong>Navn p\u00e5 presentasjon<\/strong><\/td>\n<td style=\"text-align: center\"><strong>Ungdomsskole<\/strong><\/td>\n<td style=\"text-align: center\"><strong>Videreg\u00e5ende skole<\/strong><\/td>\n<\/tr>\n<tr>\n<td><a class=\"wf_file\" href=\"https:\/\/www.jaermuseet.no\/vitenfabrikken\/wp-content\/uploads\/sites\/12\/2015\/10\/Pytagoras.ppt\"><span class=\"wf_file_text\">Pytagoras<\/span><\/a><\/td>\n<td style=\"text-align: center\"> X<\/td>\n<td style=\"text-align: center\">  X <\/td>\n<\/tr>\n<tr>\n<td><a class=\"wf_file\" href=\"https:\/\/www.jaermuseet.no\/vitenfabrikken\/wp-content\/uploads\/sites\/12\/2015\/10\/Det_gylne_snitt.ppt\"><span class=\"wf_file_text\">Det gylne snitt og Fibonacci-tallene<\/span><\/a><\/td>\n<td style=\"text-align: center\"> X<\/td>\n<td style=\"text-align: center\"> X<\/td>\n<\/tr>\n<tr>\n<td><a class=\"wf_file\" href=\"https:\/\/www.jaermuseet.no\/vitenfabrikken\/wp-content\/uploads\/sites\/12\/2015\/10\/To-tall-systemet.ppt\"><span class=\"wf_file_text\">Tallsystemer og logiske kretser<\/span><\/a><\/td>\n<td style=\"text-align: center\"> <\/td>\n<td style=\"text-align: center\"> X<\/td>\n<\/tr>\n<tr>\n<td><a class=\"wf_file\" href=\"https:\/\/www.jaermuseet.no\/vitenfabrikken\/wp-content\/uploads\/sites\/12\/2015\/10\/Induskjonsbevis.ppt\"><span class=\"wf_file_text\">Induksjonsbevis<\/span><\/a><\/td>\n<td style=\"text-align: center\"> <\/td>\n<td style=\"text-align: center\">  X <\/td>\n<\/tr>\n<tr>\n<td><a class=\"wf_file\" href=\"https:\/\/www.jaermuseet.no\/vitenfabrikken\/wp-content\/uploads\/sites\/12\/2015\/10\/M\u00e5l_og_vekt.ppt\"><span class=\"wf_file_text\">M\u00e5l og vekt<\/span><\/a><\/td>\n<td style=\"text-align: center\"> X<\/td>\n<td style=\"text-align: center\">X<\/td>\n<\/tr>\n<tr>\n<td><a class=\"wf_file\" href=\"https:\/\/www.jaermuseet.no\/vitenfabrikken\/wp-content\/uploads\/sites\/12\/2015\/10\/Pi.ppt\"><span class=\"wf_file_text\">Tallet \u03c0<\/span><\/a><\/td>\n<td style=\"text-align: center\"> X<\/td>\n<td style=\"text-align: center\">X <\/td>\n<\/tr>\n<tr>\n<td><a class=\"wf_file\" href=\"https:\/\/www.jaermuseet.no\/vitenfabrikken\/wp-content\/uploads\/sites\/12\/2015\/10\/Tallet_e.ppt\"><span class=\"wf_file_text\">Tallet e<\/span><\/a><\/td>\n<td style=\"text-align: center\"> <\/td>\n<td style=\"text-align: center\">X <\/td>\n<\/tr>\n<tr>\n<td><a class=\"wf_file\" href=\"https:\/\/www.jaermuseet.no\/vitenfabrikken\/wp-content\/uploads\/sites\/12\/2015\/10\/Energi.ppt\"><span class=\"wf_file_text\">Energi <\/span><\/a>*<\/td>\n<td style=\"text-align: center\"> <\/td>\n<td style=\"text-align: center\">X <\/td>\n<\/tr>\n<tr>\n<td><a class=\"wf_file\" href=\"https:\/\/www.jaermuseet.no\/vitenfabrikken\/wp-content\/uploads\/sites\/12\/2015\/10\/Sykkel_med_firkanta_hjul2.ppt\"><span class=\"wf_file_text\">Sykkel med firkantet hjul <\/span><\/a>*<\/td>\n<td style=\"text-align: center\"> <\/td>\n<td style=\"text-align: center\">X <\/td>\n<\/tr>\n<tr>\n<td><a class=\"wf_file\" href=\"https:\/\/www.jaermuseet.no\/vitenfabrikken\/wp-content\/uploads\/sites\/12\/2015\/10\/Foucaults-pendel_uten_film.ppt\"><span class=\"wf_file_text\">Focaults pendel<\/span><\/a>*<\/td>\n<td style=\"text-align: center\"> X<\/td>\n<td style=\"text-align: center\">X <\/td>\n<\/tr>\n<tr>\n<td><a class=\"wf_file\" href=\"https:\/\/www.jaermuseet.no\/vitenfabrikken\/wp-content\/uploads\/sites\/12\/2015\/10\/Statistikk.ppt\"><span class=\"wf_file_text\">Statistikk<\/span><\/a> *<\/td>\n<td style=\"text-align: center\"> X<\/td>\n<td style=\"text-align: center\">X <\/td>\n<\/tr>\n<tr>\n<td><a class=\"wf_file\" href=\"https:\/\/www.jaermuseet.no\/vitenfabrikken\/wp-content\/uploads\/sites\/12\/2015\/10\/Musikk072enkelttoner.ppt\"><span class=\"wf_file_text\">Fysikk + matematikk = musikk<\/span><\/a> *<\/td>\n<td style=\"text-align: center\"> X<\/td>\n<td style=\"text-align: center\">X <\/td>\n<\/tr>\n<\/tbody>\n<\/table>\n<p><span style=\"line-height: 115%;font-family: 'Times New Roman','serif';font-size: 14pt\"><br \/><\/span><\/p>\n<\/p>\n<\/p>\n<\/p><\/p>\n","protected":false},"excerpt":{"rendered":"<p><img loading=\"lazy\" decoding=\"async\" width=\"136\" height=\"64\" style=\"margin-right: 10px;margin-bottom: 10px\" alt=\"buttons-skole\" src=\"images\/stories\/bannere\/buttons-skole.png\" \/><\/p>\n","protected":false},"author":11,"featured_media":0,"parent":0,"menu_order":0,"comment_status":"open","ping_status":"open","template":"","meta":{"_acf_changed":false,"footnotes":""},"class_list":["post-70","page","type-page","status-publish","hentry"],"acf":[],"yoast_head":"<!-- This site is optimized with the Yoast SEO plugin v27.4 - https:\/\/yoast.com\/product\/yoast-seo-wordpress\/ -->\n<title>Bibliotek - Vitenfabrikken<\/title>\n<meta name=\"robots\" content=\"index, follow, max-snippet:-1, max-image-preview:large, max-video-preview:-1\" \/>\n<link rel=\"canonical\" href=\"https:\/\/www.jaermuseet.no\/vitenfabrikken\/bibliotek\/\" \/>\n<meta property=\"og:locale\" content=\"nb_NO\" \/>\n<meta property=\"og:type\" content=\"article\" \/>\n<meta property=\"og:title\" content=\"Bibliotek - Vitenfabrikken\" \/>\n<meta property=\"og:url\" content=\"https:\/\/www.jaermuseet.no\/vitenfabrikken\/bibliotek\/\" \/>\n<meta property=\"og:site_name\" content=\"Vitenfabrikken\" \/>\n<meta property=\"article:modified_time\" content=\"2015-10-08T21:39:20+00:00\" \/>\n<meta name=\"twitter:card\" content=\"summary_large_image\" \/>\n<meta name=\"twitter:label1\" content=\"Ansl. lesetid\" \/>\n\t<meta name=\"twitter:data1\" content=\"1 minutt\" \/>\n<script type=\"application\/ld+json\" class=\"yoast-schema-graph\">{\"@context\":\"https:\\\/\\\/schema.org\",\"@graph\":[{\"@type\":\"WebPage\",\"@id\":\"https:\\\/\\\/www.jaermuseet.no\\\/vitenfabrikken\\\/bibliotek\\\/\",\"url\":\"https:\\\/\\\/www.jaermuseet.no\\\/vitenfabrikken\\\/bibliotek\\\/\",\"name\":\"Bibliotek - Vitenfabrikken\",\"isPartOf\":{\"@id\":\"https:\\\/\\\/www.jaermuseet.no\\\/vitenfabrikken\\\/#website\"},\"datePublished\":\"2014-07-17T12:23:52+00:00\",\"dateModified\":\"2015-10-08T21:39:20+00:00\",\"breadcrumb\":{\"@id\":\"https:\\\/\\\/www.jaermuseet.no\\\/vitenfabrikken\\\/bibliotek\\\/#breadcrumb\"},\"inLanguage\":\"nb-NO\",\"potentialAction\":[{\"@type\":\"ReadAction\",\"target\":[\"https:\\\/\\\/www.jaermuseet.no\\\/vitenfabrikken\\\/bibliotek\\\/\"]}]},{\"@type\":\"BreadcrumbList\",\"@id\":\"https:\\\/\\\/www.jaermuseet.no\\\/vitenfabrikken\\\/bibliotek\\\/#breadcrumb\",\"itemListElement\":[{\"@type\":\"ListItem\",\"position\":1,\"name\":\"Hjem\",\"item\":\"https:\\\/\\\/www.jaermuseet.no\\\/vitenfabrikken\\\/\"},{\"@type\":\"ListItem\",\"position\":2,\"name\":\"Bibliotek\"}]},{\"@type\":\"WebSite\",\"@id\":\"https:\\\/\\\/www.jaermuseet.no\\\/vitenfabrikken\\\/#website\",\"url\":\"https:\\\/\\\/www.jaermuseet.no\\\/vitenfabrikken\\\/\",\"name\":\"Vitenfabrikken\",\"description\":\"Exciting exhibitions and interactive installations\",\"potentialAction\":[{\"@type\":\"SearchAction\",\"target\":{\"@type\":\"EntryPoint\",\"urlTemplate\":\"https:\\\/\\\/www.jaermuseet.no\\\/vitenfabrikken\\\/?s={search_term_string}\"},\"query-input\":{\"@type\":\"PropertyValueSpecification\",\"valueRequired\":true,\"valueName\":\"search_term_string\"}}],\"inLanguage\":\"nb-NO\"}]}<\/script>\n<!-- \/ Yoast SEO plugin. -->","yoast_head_json":{"title":"Bibliotek - Vitenfabrikken","robots":{"index":"index","follow":"follow","max-snippet":"max-snippet:-1","max-image-preview":"max-image-preview:large","max-video-preview":"max-video-preview:-1"},"canonical":"https:\/\/www.jaermuseet.no\/vitenfabrikken\/bibliotek\/","og_locale":"nb_NO","og_type":"article","og_title":"Bibliotek - Vitenfabrikken","og_url":"https:\/\/www.jaermuseet.no\/vitenfabrikken\/bibliotek\/","og_site_name":"Vitenfabrikken","article_modified_time":"2015-10-08T21:39:20+00:00","twitter_card":"summary_large_image","twitter_misc":{"Ansl. lesetid":"1 minutt"},"schema":{"@context":"https:\/\/schema.org","@graph":[{"@type":"WebPage","@id":"https:\/\/www.jaermuseet.no\/vitenfabrikken\/bibliotek\/","url":"https:\/\/www.jaermuseet.no\/vitenfabrikken\/bibliotek\/","name":"Bibliotek - Vitenfabrikken","isPartOf":{"@id":"https:\/\/www.jaermuseet.no\/vitenfabrikken\/#website"},"datePublished":"2014-07-17T12:23:52+00:00","dateModified":"2015-10-08T21:39:20+00:00","breadcrumb":{"@id":"https:\/\/www.jaermuseet.no\/vitenfabrikken\/bibliotek\/#breadcrumb"},"inLanguage":"nb-NO","potentialAction":[{"@type":"ReadAction","target":["https:\/\/www.jaermuseet.no\/vitenfabrikken\/bibliotek\/"]}]},{"@type":"BreadcrumbList","@id":"https:\/\/www.jaermuseet.no\/vitenfabrikken\/bibliotek\/#breadcrumb","itemListElement":[{"@type":"ListItem","position":1,"name":"Hjem","item":"https:\/\/www.jaermuseet.no\/vitenfabrikken\/"},{"@type":"ListItem","position":2,"name":"Bibliotek"}]},{"@type":"WebSite","@id":"https:\/\/www.jaermuseet.no\/vitenfabrikken\/#website","url":"https:\/\/www.jaermuseet.no\/vitenfabrikken\/","name":"Vitenfabrikken","description":"Exciting exhibitions and interactive installations","potentialAction":[{"@type":"SearchAction","target":{"@type":"EntryPoint","urlTemplate":"https:\/\/www.jaermuseet.no\/vitenfabrikken\/?s={search_term_string}"},"query-input":{"@type":"PropertyValueSpecification","valueRequired":true,"valueName":"search_term_string"}}],"inLanguage":"nb-NO"}]}},"jetpack_sharing_enabled":true,"jetpack-related-posts":[{"id":51,"url":"https:\/\/www.jaermuseet.no\/vitenfabrikken\/vare-lokaler\/","url_meta":{"origin":70,"position":0},"title":"V\u00e5re lokaler","author":"Vitenfabrikken","date":"15. oktober 2012","format":false,"excerpt":"Auditoriet Auditoriet er et topp moderne rom med behagelige, polstrete stoler med skriveplate. P\u00e5 scenen er det god plass til bord, talerstol og underholdning. Auditoriet er utstyrt med topp moderne AV-utstyr og automatisk lyssetting.KAPASITET: Teatersal 120 stk Kaf\u00e9 Hjernef\u00f8de Kaf\u00e9 Hjernef\u00f8de ligger i f\u00f8rste etasje p\u00e5 Vitenfabrikken og er en\u2026","rel":"","context":"Liknende innlegg","block_context":{"text":"Liknende innlegg","link":""},"img":{"alt_text":"","src":"https:\/\/i0.wp.com\/www.jaermuseet.no\/vitenfabrikken\/wp-content\/uploads\/sites\/12\/2015\/04\/Vitenfabrikken-fasade-sandnes.jpg?resize=350%2C200&ssl=1","width":350,"height":200,"srcset":"https:\/\/i0.wp.com\/www.jaermuseet.no\/vitenfabrikken\/wp-content\/uploads\/sites\/12\/2015\/04\/Vitenfabrikken-fasade-sandnes.jpg?resize=350%2C200&ssl=1 1x, https:\/\/i0.wp.com\/www.jaermuseet.no\/vitenfabrikken\/wp-content\/uploads\/sites\/12\/2015\/04\/Vitenfabrikken-fasade-sandnes.jpg?resize=525%2C300&ssl=1 1.5x, https:\/\/i0.wp.com\/www.jaermuseet.no\/vitenfabrikken\/wp-content\/uploads\/sites\/12\/2015\/04\/Vitenfabrikken-fasade-sandnes.jpg?resize=700%2C400&ssl=1 2x, https:\/\/i0.wp.com\/www.jaermuseet.no\/vitenfabrikken\/wp-content\/uploads\/sites\/12\/2015\/04\/Vitenfabrikken-fasade-sandnes.jpg?resize=1050%2C600&ssl=1 3x, https:\/\/i0.wp.com\/www.jaermuseet.no\/vitenfabrikken\/wp-content\/uploads\/sites\/12\/2015\/04\/Vitenfabrikken-fasade-sandnes.jpg?resize=1400%2C800&ssl=1 4x"},"classes":[]},{"id":2572,"url":"https:\/\/www.jaermuseet.no\/vitenfabrikken\/makerspace\/","url_meta":{"origin":70,"position":1},"title":"Makerspace Vitenfabrikken","author":"Elin Ravndal Bell","date":"12. januar 2026","format":false,"excerpt":"Liker du \u00e5 skape med hendene? Bes\u00f8k Vitenfabrikken sitt MakerSpace! MakerSpace er et gratis skaperverksted der en kan utfolde seg med digitale og analoge maskiner og skape eller reparere ting.\u00a0P\u00e5 Vitenfabrikken har vi fem tilbud innen skaperverksted p\u00e5 fritiden til barn, unge og voksne: Id\u00e9verkstedet, Ungdomsmakerspace, Fredags-dropin p\u00e5 Makerspace, Skaperhelger\u2026","rel":"","context":"Liknende innlegg","block_context":{"text":"Liknende innlegg","link":""},"img":{"alt_text":"","src":"https:\/\/i0.wp.com\/www.jaermuseet.no\/vitenfabrikken\/wp-content\/uploads\/sites\/12\/2017\/08\/Makerspace.jpg?resize=350%2C200&ssl=1","width":350,"height":200,"srcset":"https:\/\/i0.wp.com\/www.jaermuseet.no\/vitenfabrikken\/wp-content\/uploads\/sites\/12\/2017\/08\/Makerspace.jpg?resize=350%2C200&ssl=1 1x, https:\/\/i0.wp.com\/www.jaermuseet.no\/vitenfabrikken\/wp-content\/uploads\/sites\/12\/2017\/08\/Makerspace.jpg?resize=525%2C300&ssl=1 1.5x, https:\/\/i0.wp.com\/www.jaermuseet.no\/vitenfabrikken\/wp-content\/uploads\/sites\/12\/2017\/08\/Makerspace.jpg?resize=700%2C400&ssl=1 2x"},"classes":[]},{"id":6992,"url":"https:\/\/www.jaermuseet.no\/vitenfabrikken\/konfirmasjon-selskapslokaler-utleie-sandnes-lokaler-utleie-selskap-dap-aremal\/","url_meta":{"origin":70,"position":2},"title":"Konfirmasjon","author":"Vitenfabrikken","date":"18. januar 2022","format":false,"excerpt":"P\u00e5 Vitenfabrikken kan dere feire den store dagen i spennende omgivelser. Inviter familie og venner til en feiring dere vil huske lenge. N\u00e5r dere er hos oss \u00f8nsker vi at dere kan lene dere tilbake og la dere bli vertet opp. V\u00e5re kokker st\u00e5r for mat og drikke, og dessert\u2026","rel":"","context":"Liknende innlegg","block_context":{"text":"Liknende innlegg","link":""},"img":{"alt_text":"Dekket bord","src":"https:\/\/i0.wp.com\/www.jaermuseet.no\/vitenfabrikken\/wp-content\/uploads\/sites\/12\/2024\/02\/20190503_153048-scaled.jpg?resize=350%2C200&ssl=1","width":350,"height":200,"srcset":"https:\/\/i0.wp.com\/www.jaermuseet.no\/vitenfabrikken\/wp-content\/uploads\/sites\/12\/2024\/02\/20190503_153048-scaled.jpg?resize=350%2C200&ssl=1 1x, https:\/\/i0.wp.com\/www.jaermuseet.no\/vitenfabrikken\/wp-content\/uploads\/sites\/12\/2024\/02\/20190503_153048-scaled.jpg?resize=525%2C300&ssl=1 1.5x, https:\/\/i0.wp.com\/www.jaermuseet.no\/vitenfabrikken\/wp-content\/uploads\/sites\/12\/2024\/02\/20190503_153048-scaled.jpg?resize=700%2C400&ssl=1 2x, https:\/\/i0.wp.com\/www.jaermuseet.no\/vitenfabrikken\/wp-content\/uploads\/sites\/12\/2024\/02\/20190503_153048-scaled.jpg?resize=1050%2C600&ssl=1 3x, https:\/\/i0.wp.com\/www.jaermuseet.no\/vitenfabrikken\/wp-content\/uploads\/sites\/12\/2024\/02\/20190503_153048-scaled.jpg?resize=1400%2C800&ssl=1 4x"},"classes":[]},{"id":5752,"url":"https:\/\/www.jaermuseet.no\/vitenfabrikken\/omvisninger\/","url_meta":{"origin":70,"position":3},"title":"Omvisninger","author":"Vitenfabrikken","date":"15. mai 2019","format":false,"excerpt":"Utforsk v\u00e5re utstillinger! P\u00e5 Vitenfabrikken finner du flere etasjer med utstillinger og eksperimenter. Utstillingen \u00abDet ska svara seg\u00bb er et typisk Sandnesuttrykk som spiller p\u00e5 kremmer\u00e5nden i byen og p\u00e5 en mentalitet som har preget gr\u00fcnderne i regionen. \u00abAbels skissebok\u00bb var et av hovedprosjektene til kulturhovedstaden Stavanger2008. Den er et\u2026","rel":"","context":"Liknende innlegg","block_context":{"text":"Liknende innlegg","link":""},"img":{"alt_text":"","src":"","width":0,"height":0},"classes":[]},{"id":35,"url":"https:\/\/www.jaermuseet.no\/vitenfabrikken\/vitenfabrikken\/","url_meta":{"origin":70,"position":4},"title":"Vitenfabrikken","author":"Vitenfabrikken","date":"22. januar 2026","format":false,"excerpt":"Her kan store og sm\u00e5 utforske interaktive utstillinger og bli med p\u00e5 kjekke aktiviteter over flere etasjer. Vitenfabrikken er et moderne vitensenter og museum, der publikum blir oppfordret til \u00e5 delta og \u00e5 utforske. Gjennom slike interaktive formidlingsmetoder er m\u00e5let \u00e5 vekke spesielt barn og unge sin interesse for realfag,\u2026","rel":"","context":"Med 1 kommentar","block_context":{"text":"Med 1 kommentar","link":"https:\/\/www.jaermuseet.no\/vitenfabrikken\/vitenfabrikken\/#comments"},"img":{"alt_text":"","src":"https:\/\/i0.wp.com\/www.jaermuseet.no\/vitenfabrikken\/wp-content\/uploads\/sites\/12\/2015\/04\/Vitenfabrikken-fasade-sandnes.jpg?resize=350%2C200&ssl=1","width":350,"height":200,"srcset":"https:\/\/i0.wp.com\/www.jaermuseet.no\/vitenfabrikken\/wp-content\/uploads\/sites\/12\/2015\/04\/Vitenfabrikken-fasade-sandnes.jpg?resize=350%2C200&ssl=1 1x, https:\/\/i0.wp.com\/www.jaermuseet.no\/vitenfabrikken\/wp-content\/uploads\/sites\/12\/2015\/04\/Vitenfabrikken-fasade-sandnes.jpg?resize=525%2C300&ssl=1 1.5x, https:\/\/i0.wp.com\/www.jaermuseet.no\/vitenfabrikken\/wp-content\/uploads\/sites\/12\/2015\/04\/Vitenfabrikken-fasade-sandnes.jpg?resize=700%2C400&ssl=1 2x, https:\/\/i0.wp.com\/www.jaermuseet.no\/vitenfabrikken\/wp-content\/uploads\/sites\/12\/2015\/04\/Vitenfabrikken-fasade-sandnes.jpg?resize=1050%2C600&ssl=1 3x, https:\/\/i0.wp.com\/www.jaermuseet.no\/vitenfabrikken\/wp-content\/uploads\/sites\/12\/2015\/04\/Vitenfabrikken-fasade-sandnes.jpg?resize=1400%2C800&ssl=1 4x"},"classes":[]},{"id":40,"url":"https:\/\/www.jaermuseet.no\/vitenfabrikken\/butikken\/","url_meta":{"origin":70,"position":5},"title":"Butikk","author":"Vitenfabrikken","date":"13. november 2024","format":false,"excerpt":"I v\u00e5r butikk finner du mange kule, spennende og l\u00e6rerike ting! Trenger du noe utenom det vanlige til en gave s\u00e5 finner du det helt sikkert hos oss. V\u00e5re kunnskapsrike verter hjelper deg til \u00e5 finne rett produkt, og vi pakker selvsagt inn. Du finner noe til alle aldre, s\u00e5\u2026","rel":"","context":"Liknende innlegg","block_context":{"text":"Liknende innlegg","link":""},"img":{"alt_text":"","src":"https:\/\/i0.wp.com\/www.jaermuseet.no\/vitenfabrikken\/wp-content\/uploads\/sites\/12\/2025\/03\/Skrivebok-og-penal-150x150.jpg?resize=350%2C200&ssl=1","width":350,"height":200,"srcset":"https:\/\/i0.wp.com\/www.jaermuseet.no\/vitenfabrikken\/wp-content\/uploads\/sites\/12\/2025\/03\/Skrivebok-og-penal-150x150.jpg?resize=350%2C200&ssl=1 1x, https:\/\/i0.wp.com\/www.jaermuseet.no\/vitenfabrikken\/wp-content\/uploads\/sites\/12\/2025\/03\/Skrivebok-og-penal-150x150.jpg?resize=525%2C300&ssl=1 1.5x, https:\/\/i0.wp.com\/www.jaermuseet.no\/vitenfabrikken\/wp-content\/uploads\/sites\/12\/2025\/03\/Skrivebok-og-penal-150x150.jpg?resize=700%2C400&ssl=1 2x, https:\/\/i0.wp.com\/www.jaermuseet.no\/vitenfabrikken\/wp-content\/uploads\/sites\/12\/2025\/03\/Skrivebok-og-penal-150x150.jpg?resize=1050%2C600&ssl=1 3x, https:\/\/i0.wp.com\/www.jaermuseet.no\/vitenfabrikken\/wp-content\/uploads\/sites\/12\/2025\/03\/Skrivebok-og-penal-150x150.jpg?resize=1400%2C800&ssl=1 4x"},"classes":[]}],"_links":{"self":[{"href":"https:\/\/www.jaermuseet.no\/vitenfabrikken\/wp-json\/wp\/v2\/pages\/70","targetHints":{"allow":["GET"]}}],"collection":[{"href":"https:\/\/www.jaermuseet.no\/vitenfabrikken\/wp-json\/wp\/v2\/pages"}],"about":[{"href":"https:\/\/www.jaermuseet.no\/vitenfabrikken\/wp-json\/wp\/v2\/types\/page"}],"author":[{"embeddable":true,"href":"https:\/\/www.jaermuseet.no\/vitenfabrikken\/wp-json\/wp\/v2\/users\/11"}],"replies":[{"embeddable":true,"href":"https:\/\/www.jaermuseet.no\/vitenfabrikken\/wp-json\/wp\/v2\/comments?post=70"}],"version-history":[{"count":1,"href":"https:\/\/www.jaermuseet.no\/vitenfabrikken\/wp-json\/wp\/v2\/pages\/70\/revisions"}],"predecessor-version":[{"id":918,"href":"https:\/\/www.jaermuseet.no\/vitenfabrikken\/wp-json\/wp\/v2\/pages\/70\/revisions\/918"}],"wp:attachment":[{"href":"https:\/\/www.jaermuseet.no\/vitenfabrikken\/wp-json\/wp\/v2\/media?parent=70"}],"curies":[{"name":"wp","href":"https:\/\/api.w.org\/{rel}","templated":true}]}}