{"id":5752,"date":"2019-05-15T15:42:43","date_gmt":"2019-05-15T13:42:43","guid":{"rendered":"https:\/\/www.jaermuseet.no\/vitenfabrikken\/?page_id=5752"},"modified":"2023-09-11T12:45:26","modified_gmt":"2023-09-11T10:45:26","slug":"omvisninger","status":"publish","type":"page","link":"https:\/\/www.jaermuseet.no\/vitenfabrikken\/omvisninger\/","title":{"rendered":"Omvisninger"},"content":{"rendered":"<p><strong>Utforsk v\u00e5re utstillinger!<\/strong><\/p>\n<p>P\u00e5 Vitenfabrikken finner du flere etasjer med utstillinger og eksperimenter. Utstillingen \u00abDet ska svara seg\u00bb er et typisk Sandnesuttrykk som spiller p\u00e5 kremmer\u00e5nden i byen og p\u00e5 en mentalitet som har preget gr\u00fcnderne i regionen. \u00abAbels skissebok\u00bb var et av hovedprosjektene til kulturhovedstaden Stavanger2008. Den er et m\u00f8te mellom naturvitenskap, teknologi og kunst. Underveis vil du se at disse fagene har mye til felles. \u00abAbels skissebok\u00bb er ikke en vanlig museumsutstilling. Her m\u00e5 du pr\u00f8ve tingene, og teste deg selv i de ulike eksperimentene. &#8220;100% ENERGI&#8221; <span style=\"color: #444444;text-transform: none;text-indent: 0px;letter-spacing: normal;font-family: 'Source Sans Pro', sans-serif;font-size: 16px;font-style: normal;font-weight: 400;float: none;background-color: #ffffff\">\u00f8nsker \u00e5 gi publikum en grunnleggende forst\u00e5else for hva energi er. Energi kan bare utnyttes n\u00e5r det g\u00e5r fra en form til en annen; den kan verken oppst\u00e5 eller forsvinne. <\/span><\/p>\n<p>\u00ab<strong>\u00d8gl\u00e6nd i 150\u00bb <\/strong>I forbindelse med 10 \u00e5rsjubil\u00e8et \u00e5pnet vi en spennende utstilling fordelt over to etasjer om bedriften Jonas \u00d8gl\u00e6nd!\u00a0 Kom og se temposykler, flotte kl\u00e6r produsert hos \u00d8gl\u00e6nd og pr\u00f8v ut interaktive eksperimenter. F\u00e5 innblikk i hvordan det er \u00e5 lage utstillingsvindu, opplev vind i h\u00e5ret p\u00e5 motorsykkelen, stemple deg inn til jobben, og mye annet! N\u00e5 er utstillingen nettopp blitt fornyet i 2. etasje og mange nye gjendstander er tatt frem!<\/p>\n<p><strong>Abelloftet- <\/strong>en l\u00e6rerik og spennende utstilling om matematikk som ble \u00e5pnet i 2019. <span style=\"color: #444444;text-transform: none;text-indent: 0px;letter-spacing: normal;font-family: 'Source Sans Pro', sans-serif;font-size: 16px;font-style: normal;font-weight: 400;float: none;background-color: #ffffff\">I tillegg til en attraktiv utstilling, er det ogs\u00e5 lagt stor vekt p\u00e5 at rommet skal kunne brukes som arena for kurs og verksted for barnehager, skoler og n\u00e6ringslivet.<\/span> Les mer om utstillingen her:\u00a0 <strong><a href=\"http:\/\/abelloftet\/\">https:\/\/www.jaermuseet.no\/vitenfabrikken\/nytt-matematikkloft-pa-vitenfabrikken\/<\/a><\/strong><\/p>\n<p><a href=\"https:\/\/www.jaermuseet.no\/vitenfabrikken\/wp-content\/uploads\/sites\/12\/2019\/02\/20190214-Abelloftet-Foto-Jan-Inge-Haga-18.jpg\"><img data-attachment-id=\"5467\" data-permalink=\"https:\/\/www.jaermuseet.no\/vitenfabrikken\/nytt-matematikkloft-pa-vitenfabrikken\/20190214-abelloftet-foto-jan-inge-haga-18\/\" data-orig-file=\"https:\/\/www.jaermuseet.no\/vitenfabrikken\/wp-content\/uploads\/sites\/12\/2019\/02\/20190214-Abelloftet-Foto-Jan-Inge-Haga-18.jpg\" data-orig-size=\"8256,5504\" data-comments-opened=\"0\" data-image-meta=\"{&quot;aperture&quot;:&quot;5&quot;,&quot;credit&quot;:&quot;&quot;,&quot;camera&quot;:&quot;NIKON D850&quot;,&quot;caption&quot;:&quot;&quot;,&quot;created_timestamp&quot;:&quot;1550154453&quot;,&quot;copyright&quot;:&quot;&quot;,&quot;focal_length&quot;:&quot;30&quot;,&quot;iso&quot;:&quot;1600&quot;,&quot;shutter_speed&quot;:&quot;0.025&quot;,&quot;title&quot;:&quot;&quot;,&quot;orientation&quot;:&quot;0&quot;}\" data-image-title=\"20190214 Abelloftet Foto Jan Inge Haga (18)\" data-image-description=\"\" data-image-caption=\"&lt;p&gt;Det f\u00f8rste du m\u00f8ter er en &amp;#8220;icebreaker&amp;#8221;. Her vil du m\u00f8te fabrikkarbeidere som drar frem magiske ting fra skuffene :)  Foto: Jan Inge Haga \/ J\u00e6rmuseet&lt;\/p&gt;\n\" data-large-file=\"https:\/\/www.jaermuseet.no\/vitenfabrikken\/wp-content\/uploads\/sites\/12\/2019\/02\/20190214-Abelloftet-Foto-Jan-Inge-Haga-18-1024x683.jpg\" class=\"alignleft wp-image-5467\" alt=\"\" width=\"663\" height=\"442\" \/><\/a><\/p>\n<p>Vi tilbyr omvisning for grupper kr 900 + billett per pers kommer i tillegg.<\/p>\n<p>Varighet 45-60 min.<\/p>\n<p>Vi kan ogs\u00e5 komme med forslag\u00a0til andre g\u00f8yale aktiviteter enten det er for 15 min, 30 min, 60 min eller lenger.<\/p>\n<p><strong>Kontakt oss<\/strong><\/p>\n<p>Ta kontakt med v\u00e5r salgskoordinator Ingunn Aase Hovelsrud p\u00e5 telefon 975 81 030 eller fyll ut skjema nedenfor s\u00e5 tar vi raskt kontakt.<\/p>\n","protected":false},"excerpt":{"rendered":"<p>Utforsk v\u00e5re utstillinger! P\u00e5 Vitenfabrikken finner du flere etasjer med&#8230;<\/p>\n","protected":false},"author":11,"featured_media":0,"parent":0,"menu_order":0,"comment_status":"closed","ping_status":"closed","template":"","meta":{"_acf_changed":false,"footnotes":""},"class_list":["post-5752","page","type-page","status-publish","hentry","featured-image-size-large"],"acf":[],"yoast_head":"<!-- This site is optimized with the Yoast SEO plugin v27.4 - https:\/\/yoast.com\/product\/yoast-seo-wordpress\/ -->\n<title>Omvisninger - Vitenfabrikken<\/title>\n<meta name=\"robots\" content=\"index, follow, max-snippet:-1, max-image-preview:large, max-video-preview:-1\" \/>\n<link rel=\"canonical\" href=\"https:\/\/www.jaermuseet.no\/vitenfabrikken\/omvisninger\/\" \/>\n<meta property=\"og:locale\" content=\"nb_NO\" \/>\n<meta property=\"og:type\" content=\"article\" \/>\n<meta property=\"og:title\" content=\"Omvisninger - Vitenfabrikken\" \/>\n<meta property=\"og:description\" content=\"Utforsk v\u00e5re utstillinger! P\u00e5 Vitenfabrikken finner du flere etasjer med...\" \/>\n<meta property=\"og:url\" content=\"https:\/\/www.jaermuseet.no\/vitenfabrikken\/omvisninger\/\" \/>\n<meta property=\"og:site_name\" content=\"Vitenfabrikken\" \/>\n<meta property=\"article:modified_time\" content=\"2023-09-11T10:45:26+00:00\" \/>\n<meta name=\"twitter:card\" content=\"summary_large_image\" \/>\n<meta name=\"twitter:label1\" content=\"Ansl. lesetid\" \/>\n\t<meta name=\"twitter:data1\" content=\"2 minutter\" \/>\n<script type=\"application\/ld+json\" class=\"yoast-schema-graph\">{\"@context\":\"https:\\\/\\\/schema.org\",\"@graph\":[{\"@type\":\"WebPage\",\"@id\":\"https:\\\/\\\/www.jaermuseet.no\\\/vitenfabrikken\\\/omvisninger\\\/\",\"url\":\"https:\\\/\\\/www.jaermuseet.no\\\/vitenfabrikken\\\/omvisninger\\\/\",\"name\":\"Omvisninger - Vitenfabrikken\",\"isPartOf\":{\"@id\":\"https:\\\/\\\/www.jaermuseet.no\\\/vitenfabrikken\\\/#website\"},\"datePublished\":\"2019-05-15T13:42:43+00:00\",\"dateModified\":\"2023-09-11T10:45:26+00:00\",\"breadcrumb\":{\"@id\":\"https:\\\/\\\/www.jaermuseet.no\\\/vitenfabrikken\\\/omvisninger\\\/#breadcrumb\"},\"inLanguage\":\"nb-NO\",\"potentialAction\":[{\"@type\":\"ReadAction\",\"target\":[\"https:\\\/\\\/www.jaermuseet.no\\\/vitenfabrikken\\\/omvisninger\\\/\"]}]},{\"@type\":\"BreadcrumbList\",\"@id\":\"https:\\\/\\\/www.jaermuseet.no\\\/vitenfabrikken\\\/omvisninger\\\/#breadcrumb\",\"itemListElement\":[{\"@type\":\"ListItem\",\"position\":1,\"name\":\"Hjem\",\"item\":\"https:\\\/\\\/www.jaermuseet.no\\\/vitenfabrikken\\\/\"},{\"@type\":\"ListItem\",\"position\":2,\"name\":\"Omvisninger\"}]},{\"@type\":\"WebSite\",\"@id\":\"https:\\\/\\\/www.jaermuseet.no\\\/vitenfabrikken\\\/#website\",\"url\":\"https:\\\/\\\/www.jaermuseet.no\\\/vitenfabrikken\\\/\",\"name\":\"Vitenfabrikken\",\"description\":\"Exciting exhibitions and interactive installations\",\"potentialAction\":[{\"@type\":\"SearchAction\",\"target\":{\"@type\":\"EntryPoint\",\"urlTemplate\":\"https:\\\/\\\/www.jaermuseet.no\\\/vitenfabrikken\\\/?s={search_term_string}\"},\"query-input\":{\"@type\":\"PropertyValueSpecification\",\"valueRequired\":true,\"valueName\":\"search_term_string\"}}],\"inLanguage\":\"nb-NO\"}]}<\/script>\n<!-- \/ Yoast SEO plugin. -->","yoast_head_json":{"title":"Omvisninger - Vitenfabrikken","robots":{"index":"index","follow":"follow","max-snippet":"max-snippet:-1","max-image-preview":"max-image-preview:large","max-video-preview":"max-video-preview:-1"},"canonical":"https:\/\/www.jaermuseet.no\/vitenfabrikken\/omvisninger\/","og_locale":"nb_NO","og_type":"article","og_title":"Omvisninger - Vitenfabrikken","og_description":"Utforsk v\u00e5re utstillinger! P\u00e5 Vitenfabrikken finner du flere etasjer med...","og_url":"https:\/\/www.jaermuseet.no\/vitenfabrikken\/omvisninger\/","og_site_name":"Vitenfabrikken","article_modified_time":"2023-09-11T10:45:26+00:00","twitter_card":"summary_large_image","twitter_misc":{"Ansl. lesetid":"2 minutter"},"schema":{"@context":"https:\/\/schema.org","@graph":[{"@type":"WebPage","@id":"https:\/\/www.jaermuseet.no\/vitenfabrikken\/omvisninger\/","url":"https:\/\/www.jaermuseet.no\/vitenfabrikken\/omvisninger\/","name":"Omvisninger - Vitenfabrikken","isPartOf":{"@id":"https:\/\/www.jaermuseet.no\/vitenfabrikken\/#website"},"datePublished":"2019-05-15T13:42:43+00:00","dateModified":"2023-09-11T10:45:26+00:00","breadcrumb":{"@id":"https:\/\/www.jaermuseet.no\/vitenfabrikken\/omvisninger\/#breadcrumb"},"inLanguage":"nb-NO","potentialAction":[{"@type":"ReadAction","target":["https:\/\/www.jaermuseet.no\/vitenfabrikken\/omvisninger\/"]}]},{"@type":"BreadcrumbList","@id":"https:\/\/www.jaermuseet.no\/vitenfabrikken\/omvisninger\/#breadcrumb","itemListElement":[{"@type":"ListItem","position":1,"name":"Hjem","item":"https:\/\/www.jaermuseet.no\/vitenfabrikken\/"},{"@type":"ListItem","position":2,"name":"Omvisninger"}]},{"@type":"WebSite","@id":"https:\/\/www.jaermuseet.no\/vitenfabrikken\/#website","url":"https:\/\/www.jaermuseet.no\/vitenfabrikken\/","name":"Vitenfabrikken","description":"Exciting exhibitions and interactive installations","potentialAction":[{"@type":"SearchAction","target":{"@type":"EntryPoint","urlTemplate":"https:\/\/www.jaermuseet.no\/vitenfabrikken\/?s={search_term_string}"},"query-input":{"@type":"PropertyValueSpecification","valueRequired":true,"valueName":"search_term_string"}}],"inLanguage":"nb-NO"}]}},"jetpack_sharing_enabled":true,"jetpack-related-posts":[{"id":70,"url":"https:\/\/www.jaermuseet.no\/vitenfabrikken\/bibliotek\/","url_meta":{"origin":5752,"position":0},"title":"Bibliotek","author":"Vitenfabrikken","date":"17. juli 2014","format":false,"excerpt":"","rel":"","context":"Liknende innlegg","block_context":{"text":"Liknende innlegg","link":""},"img":{"alt_text":"","src":"","width":0,"height":0},"classes":[]},{"id":4975,"url":"https:\/\/www.jaermuseet.no\/vitenfabrikken\/andre-vitensentre\/","url_meta":{"origin":5752,"position":1},"title":"Andre vitensentre","author":"administrator","date":"30. august 2018","format":false,"excerpt":"Rundtom i Norge finner du flere regionale vitensentre, som alle inspirerer barn og unge til interesse for naturfag, matematikk og teknologi. Gjennom lekende l\u00e6ring i interaktive utstillinger, skoleprogrammer, eksperimentverksteder, vitenshow og enda flere aktiviteter, engasjerer vitensentrene b\u00e5de barn og voksne. \u00a0 \u00a0","rel":"","context":"Liknende innlegg","block_context":{"text":"Liknende innlegg","link":""},"img":{"alt_text":"","src":"https:\/\/i0.wp.com\/www.jaermuseet.no\/wp-content\/uploads\/2018\/08\/vitensenteret-trondheim.jpg?resize=350%2C200&ssl=1","width":350,"height":200},"classes":[]},{"id":6992,"url":"https:\/\/www.jaermuseet.no\/vitenfabrikken\/konfirmasjon-selskapslokaler-utleie-sandnes-lokaler-utleie-selskap-dap-aremal\/","url_meta":{"origin":5752,"position":2},"title":"Konfirmasjon","author":"Vitenfabrikken","date":"18. januar 2022","format":false,"excerpt":"P\u00e5 Vitenfabrikken kan dere feire den store dagen i spennende omgivelser. Inviter familie og venner til en feiring dere vil huske lenge. N\u00e5r dere er hos oss \u00f8nsker vi at dere kan lene dere tilbake og la dere bli vertet opp. V\u00e5re kokker st\u00e5r for mat og drikke, og dessert\u2026","rel":"","context":"Liknende innlegg","block_context":{"text":"Liknende innlegg","link":""},"img":{"alt_text":"Dekket bord","src":"https:\/\/i0.wp.com\/www.jaermuseet.no\/vitenfabrikken\/wp-content\/uploads\/sites\/12\/2024\/02\/20190503_153048-scaled.jpg?resize=350%2C200&ssl=1","width":350,"height":200,"srcset":"https:\/\/i0.wp.com\/www.jaermuseet.no\/vitenfabrikken\/wp-content\/uploads\/sites\/12\/2024\/02\/20190503_153048-scaled.jpg?resize=350%2C200&ssl=1 1x, https:\/\/i0.wp.com\/www.jaermuseet.no\/vitenfabrikken\/wp-content\/uploads\/sites\/12\/2024\/02\/20190503_153048-scaled.jpg?resize=525%2C300&ssl=1 1.5x, https:\/\/i0.wp.com\/www.jaermuseet.no\/vitenfabrikken\/wp-content\/uploads\/sites\/12\/2024\/02\/20190503_153048-scaled.jpg?resize=700%2C400&ssl=1 2x, https:\/\/i0.wp.com\/www.jaermuseet.no\/vitenfabrikken\/wp-content\/uploads\/sites\/12\/2024\/02\/20190503_153048-scaled.jpg?resize=1050%2C600&ssl=1 3x, https:\/\/i0.wp.com\/www.jaermuseet.no\/vitenfabrikken\/wp-content\/uploads\/sites\/12\/2024\/02\/20190503_153048-scaled.jpg?resize=1400%2C800&ssl=1 4x"},"classes":[]},{"id":35,"url":"https:\/\/www.jaermuseet.no\/vitenfabrikken\/vitenfabrikken\/","url_meta":{"origin":5752,"position":3},"title":"Vitenfabrikken","author":"Vitenfabrikken","date":"22. januar 2026","format":false,"excerpt":"Her kan store og sm\u00e5 utforske interaktive utstillinger og bli med p\u00e5 kjekke aktiviteter over flere etasjer. Vitenfabrikken er et moderne vitensenter og museum, der publikum blir oppfordret til \u00e5 delta og \u00e5 utforske. Gjennom slike interaktive formidlingsmetoder er m\u00e5let \u00e5 vekke spesielt barn og unge sin interesse for realfag,\u2026","rel":"","context":"Med 1 kommentar","block_context":{"text":"Med 1 kommentar","link":"https:\/\/www.jaermuseet.no\/vitenfabrikken\/vitenfabrikken\/#comments"},"img":{"alt_text":"","src":"https:\/\/i0.wp.com\/www.jaermuseet.no\/vitenfabrikken\/wp-content\/uploads\/sites\/12\/2015\/04\/Vitenfabrikken-fasade-sandnes.jpg?resize=350%2C200&ssl=1","width":350,"height":200,"srcset":"https:\/\/i0.wp.com\/www.jaermuseet.no\/vitenfabrikken\/wp-content\/uploads\/sites\/12\/2015\/04\/Vitenfabrikken-fasade-sandnes.jpg?resize=350%2C200&ssl=1 1x, https:\/\/i0.wp.com\/www.jaermuseet.no\/vitenfabrikken\/wp-content\/uploads\/sites\/12\/2015\/04\/Vitenfabrikken-fasade-sandnes.jpg?resize=525%2C300&ssl=1 1.5x, https:\/\/i0.wp.com\/www.jaermuseet.no\/vitenfabrikken\/wp-content\/uploads\/sites\/12\/2015\/04\/Vitenfabrikken-fasade-sandnes.jpg?resize=700%2C400&ssl=1 2x, https:\/\/i0.wp.com\/www.jaermuseet.no\/vitenfabrikken\/wp-content\/uploads\/sites\/12\/2015\/04\/Vitenfabrikken-fasade-sandnes.jpg?resize=1050%2C600&ssl=1 3x, https:\/\/i0.wp.com\/www.jaermuseet.no\/vitenfabrikken\/wp-content\/uploads\/sites\/12\/2015\/04\/Vitenfabrikken-fasade-sandnes.jpg?resize=1400%2C800&ssl=1 4x"},"classes":[]},{"id":7477,"url":"https:\/\/www.jaermuseet.no\/vitenfabrikken\/forjulkos-med-gode-kollegaer\/","url_meta":{"origin":5752,"position":4},"title":"F\u00d8RJULKOS MED GODE KOLLEGAER?","author":"Vitenfabrikken","date":"23. september 2020","format":false,"excerpt":"Vitenfabrikken inviterer til frokost og lunsj med gode julesmaker kombinert med en unik opplevelse i Planetariet mens vi venter p\u00e5 jul. Vi gjentar suksessen ogs\u00e5 i \u00e5r og kan tilby f\u00f8lgende pakker: JULEFROKOST KR. 450 Kl. 08.30 Julefrokost Kl. 09.15\u00a0 Stjernehimmel Kl. 10.00 Takk for bes\u00f8ket eller JULELUNSJ KR. 450\u2026","rel":"","context":"Liknende innlegg","block_context":{"text":"Liknende innlegg","link":""},"img":{"alt_text":"","src":"https:\/\/i0.wp.com\/www.jaermuseet.no\/vitenfabrikken\/wp-content\/uploads\/sites\/12\/2020\/09\/IMG_20190930_144046-1-scaled.jpg?resize=350%2C200&ssl=1","width":350,"height":200,"srcset":"https:\/\/i0.wp.com\/www.jaermuseet.no\/vitenfabrikken\/wp-content\/uploads\/sites\/12\/2020\/09\/IMG_20190930_144046-1-scaled.jpg?resize=350%2C200&ssl=1 1x, https:\/\/i0.wp.com\/www.jaermuseet.no\/vitenfabrikken\/wp-content\/uploads\/sites\/12\/2020\/09\/IMG_20190930_144046-1-scaled.jpg?resize=525%2C300&ssl=1 1.5x, https:\/\/i0.wp.com\/www.jaermuseet.no\/vitenfabrikken\/wp-content\/uploads\/sites\/12\/2020\/09\/IMG_20190930_144046-1-scaled.jpg?resize=700%2C400&ssl=1 2x, https:\/\/i0.wp.com\/www.jaermuseet.no\/vitenfabrikken\/wp-content\/uploads\/sites\/12\/2020\/09\/IMG_20190930_144046-1-scaled.jpg?resize=1050%2C600&ssl=1 3x, https:\/\/i0.wp.com\/www.jaermuseet.no\/vitenfabrikken\/wp-content\/uploads\/sites\/12\/2020\/09\/IMG_20190930_144046-1-scaled.jpg?resize=1400%2C800&ssl=1 4x"},"classes":[]},{"id":50,"url":"https:\/\/www.jaermuseet.no\/vitenfabrikken\/kafe-hjernefode-pa-vitenfabrikken\/","url_meta":{"origin":5752,"position":5},"title":"Kaf\u00e9 Hjernef\u00f8de","author":"Vitenfabrikken","date":"1. februar 2022","format":false,"excerpt":"Kaf\u00e9 Hjernef\u00f8de tilbyr en variert meny av mat og drikke, tilpasset alle aldre. Vi har et utvalg av varme og kalde retter, samt v\u00e5re fantastiske nystekte lapper og hjemmebakte kaker. Du finner ogs\u00e5 noe til de aller yngste og frisk frukt. Kaf\u00e9 Hjernef\u00f8de gir barn og voksne det perfekte p\u00e5fyll\u2026","rel":"","context":"Liknende innlegg","block_context":{"text":"Liknende innlegg","link":""},"img":{"alt_text":"Kaf\u00e9 Hjernef\u00f8de","src":"https:\/\/i0.wp.com\/www.jaermuseet.no\/vitenfabrikken\/wp-content\/uploads\/sites\/12\/2012\/07\/kafe-hjernefode-bord.jpg?resize=350%2C200&ssl=1","width":350,"height":200,"srcset":"https:\/\/i0.wp.com\/www.jaermuseet.no\/vitenfabrikken\/wp-content\/uploads\/sites\/12\/2012\/07\/kafe-hjernefode-bord.jpg?resize=350%2C200&ssl=1 1x, https:\/\/i0.wp.com\/www.jaermuseet.no\/vitenfabrikken\/wp-content\/uploads\/sites\/12\/2012\/07\/kafe-hjernefode-bord.jpg?resize=525%2C300&ssl=1 1.5x, https:\/\/i0.wp.com\/www.jaermuseet.no\/vitenfabrikken\/wp-content\/uploads\/sites\/12\/2012\/07\/kafe-hjernefode-bord.jpg?resize=700%2C400&ssl=1 2x, https:\/\/i0.wp.com\/www.jaermuseet.no\/vitenfabrikken\/wp-content\/uploads\/sites\/12\/2012\/07\/kafe-hjernefode-bord.jpg?resize=1050%2C600&ssl=1 3x, https:\/\/i0.wp.com\/www.jaermuseet.no\/vitenfabrikken\/wp-content\/uploads\/sites\/12\/2012\/07\/kafe-hjernefode-bord.jpg?resize=1400%2C800&ssl=1 4x"},"classes":[]}],"_links":{"self":[{"href":"https:\/\/www.jaermuseet.no\/vitenfabrikken\/wp-json\/wp\/v2\/pages\/5752","targetHints":{"allow":["GET"]}}],"collection":[{"href":"https:\/\/www.jaermuseet.no\/vitenfabrikken\/wp-json\/wp\/v2\/pages"}],"about":[{"href":"https:\/\/www.jaermuseet.no\/vitenfabrikken\/wp-json\/wp\/v2\/types\/page"}],"author":[{"embeddable":true,"href":"https:\/\/www.jaermuseet.no\/vitenfabrikken\/wp-json\/wp\/v2\/users\/11"}],"replies":[{"embeddable":true,"href":"https:\/\/www.jaermuseet.no\/vitenfabrikken\/wp-json\/wp\/v2\/comments?post=5752"}],"version-history":[{"count":2,"href":"https:\/\/www.jaermuseet.no\/vitenfabrikken\/wp-json\/wp\/v2\/pages\/5752\/revisions"}],"predecessor-version":[{"id":11377,"href":"https:\/\/www.jaermuseet.no\/vitenfabrikken\/wp-json\/wp\/v2\/pages\/5752\/revisions\/11377"}],"wp:attachment":[{"href":"https:\/\/www.jaermuseet.no\/vitenfabrikken\/wp-json\/wp\/v2\/media?parent=5752"}],"curies":[{"name":"wp","href":"https:\/\/api.w.org\/{rel}","templated":true}]}}