{"id":49,"date":"2016-05-31T13:45:47","date_gmt":"2016-05-31T11:45:47","guid":{"rendered":"https:\/\/www.jaermuseet.no\/vitenfabrikken\/ledige-stillinger\/"},"modified":"2024-06-13T09:31:12","modified_gmt":"2024-06-13T07:31:12","slug":"billetter","status":"publish","type":"page","link":"https:\/\/www.jaermuseet.no\/vitenfabrikken\/billetter\/","title":{"rendered":"Billettpriser"},"content":{"rendered":"\n<p><\/p>\n\n\n\n<p>Barn under 4 \u00e5r: Gratis<br><span style=\"line-height: 1.5\">Barn 4 \u2013 til og med 17 \u00e5r: kr. 75,- <\/span><\/p>\n\n\n\n<p><span style=\"line-height: 1.5\">Honn\u00f8r: kr. 115.-<br>Voksne: kr. 145,- <\/span><\/p>\n\n\n\n<p><span style=\"line-height: 1.5\">Student: kr. 75,- <\/span>(ved fremvisning av studentbevis)<\/p>\n\n\n\n<p><span style=\"line-height: 1.5\">Maksibillett: kr. 390,- (2 voksen + 3 barn)<\/span><\/p>\n\n\n\n<p>Dere kan bruke ledsagerbevis hos oss, da g\u00e5r ledsager gratis og kortholder betaler inngangsbillett.<\/p>\n\n\n\n<p><strong>PS:<\/strong> Billetten gjelder alle J\u00e6rmuseets anlegg og H\u00e5 gamle prestegard <strong>samme dag<\/strong>.<\/p>\n\n\n\n<p>Barnehage, SFO og VGS:&nbsp;30 kr per barn\/elev i skoletiden<\/p>\n\n\n\n<p>Grunnskole: Gratis inngang i skoletiden.<\/p>\n\n\n\n<blockquote class=\"wp-block-quote is-layout-flow wp-block-quote-is-layout-flow\">\n<p>&gt;&gt;<a href=\"https:\/\/www.enjoy.ly\/no\/vitenfabrikken-438866\">Forh\u00e5ndskj\u00f8p billett her<\/a><\/p>\n<\/blockquote>\n\n\n\n<p>Barn som er alene p\u00e5 Vitenfabrikken m\u00e5 v\u00e6re minimum 10 \u00e5r. Foreldrene kjenner barna sine best, og m\u00e5 gj\u00f8re vurderinger utover det. Vi har ikke kapasitet til \u00e5 f\u00f8lge opp barn som er uten voksne.<\/p>\n\n\n\n<p><strong>\u00c5rskort<\/strong><\/p>\n\n\n\n<p>\u00c5rskort familie: kr. 1100,- (2 voksne + 4 barn)<br>\u00c5rskort familie mini: kr. 760.- (1 voksen + 3 barn)<\/p>\n\n\n\n<p>\u00c5rskort besteforeldre: kr. 1000.- (2 voksne + 4 barn)<\/p>\n\n\n\n<p>\u00c5rskort bestefar\/mor: kr. 700.- (1 voksen + 3 barn)<\/p>\n\n\n\n<p>\u00c5rskort voksen: kr. 450,-<br>\u00c5rskort student: kr. 250,-<br>\u00c5rskort barn: kr. 250,-<\/p>\n\n\n\n<p>\u00c5rskort honn\u00f8r: kr. 300.-<\/p>\n\n\n\n<p><em>Merk: \u00c5rskortene er personlige, og kan kun brukes av personene kortet st\u00e5r p\u00e5.&nbsp;<\/em><\/p>\n\n\n\n<p>Et \u00e5rskort og medlemskort gjelder p\u00e5 alle J\u00e6rmuseets anlegg og fra dato til dato i 52 uker.<\/p>\n\n\n\n<p>&gt;&gt;<a href=\"https:\/\/www.jaermuseet.no\/butikk\/kjop-av-arskort\/\">Kj\u00f8p \u00e5rskort her<\/a><\/p>\n\n\n\n<figure class=\"wp-block-embed\"><div class=\"wp-block-embed__wrapper\">\nhttps:\/\/www.jaermuseet.no\/butikk\/kjop-av-arskort\n<\/div><\/figure>\n","protected":false},"excerpt":{"rendered":"<p>Barn under 4 \u00e5r: GratisBarn 4 \u2013 til og med&#8230;<\/p>\n","protected":false},"author":11,"featured_media":0,"parent":0,"menu_order":0,"comment_status":"open","ping_status":"open","template":"","meta":{"_acf_changed":false,"footnotes":""},"class_list":["post-49","page","type-page","status-publish","hentry","featured-image-size-large"],"acf":[],"yoast_head":"<!-- This site is optimized with the Yoast SEO plugin v27.4 - https:\/\/yoast.com\/product\/yoast-seo-wordpress\/ -->\n<title>Billettpriser - Vitenfabrikken<\/title>\n<meta name=\"robots\" content=\"index, follow, max-snippet:-1, max-image-preview:large, max-video-preview:-1\" \/>\n<link rel=\"canonical\" href=\"https:\/\/www.jaermuseet.no\/vitenfabrikken\/billetter\/\" \/>\n<meta property=\"og:locale\" content=\"nb_NO\" \/>\n<meta property=\"og:type\" content=\"article\" \/>\n<meta property=\"og:title\" content=\"Billettpriser - Vitenfabrikken\" \/>\n<meta property=\"og:description\" content=\"Barn under 4 \u00e5r: GratisBarn 4 \u2013 til og med...\" \/>\n<meta property=\"og:url\" content=\"https:\/\/www.jaermuseet.no\/vitenfabrikken\/billetter\/\" \/>\n<meta property=\"og:site_name\" content=\"Vitenfabrikken\" \/>\n<meta property=\"article:modified_time\" content=\"2024-06-13T07:31:12+00:00\" \/>\n<meta name=\"twitter:card\" content=\"summary_large_image\" \/>\n<meta name=\"twitter:label1\" content=\"Ansl. lesetid\" \/>\n\t<meta name=\"twitter:data1\" content=\"2 minutter\" \/>\n<script type=\"application\/ld+json\" class=\"yoast-schema-graph\">{\"@context\":\"https:\\\/\\\/schema.org\",\"@graph\":[{\"@type\":\"WebPage\",\"@id\":\"https:\\\/\\\/www.jaermuseet.no\\\/vitenfabrikken\\\/billetter\\\/\",\"url\":\"https:\\\/\\\/www.jaermuseet.no\\\/vitenfabrikken\\\/billetter\\\/\",\"name\":\"Billettpriser - Vitenfabrikken\",\"isPartOf\":{\"@id\":\"https:\\\/\\\/www.jaermuseet.no\\\/vitenfabrikken\\\/#website\"},\"datePublished\":\"2016-05-31T11:45:47+00:00\",\"dateModified\":\"2024-06-13T07:31:12+00:00\",\"breadcrumb\":{\"@id\":\"https:\\\/\\\/www.jaermuseet.no\\\/vitenfabrikken\\\/billetter\\\/#breadcrumb\"},\"inLanguage\":\"nb-NO\",\"potentialAction\":[{\"@type\":\"ReadAction\",\"target\":[\"https:\\\/\\\/www.jaermuseet.no\\\/vitenfabrikken\\\/billetter\\\/\"]}]},{\"@type\":\"BreadcrumbList\",\"@id\":\"https:\\\/\\\/www.jaermuseet.no\\\/vitenfabrikken\\\/billetter\\\/#breadcrumb\",\"itemListElement\":[{\"@type\":\"ListItem\",\"position\":1,\"name\":\"Hjem\",\"item\":\"https:\\\/\\\/www.jaermuseet.no\\\/vitenfabrikken\\\/\"},{\"@type\":\"ListItem\",\"position\":2,\"name\":\"Billettpriser\"}]},{\"@type\":\"WebSite\",\"@id\":\"https:\\\/\\\/www.jaermuseet.no\\\/vitenfabrikken\\\/#website\",\"url\":\"https:\\\/\\\/www.jaermuseet.no\\\/vitenfabrikken\\\/\",\"name\":\"Vitenfabrikken\",\"description\":\"Exciting exhibitions and interactive installations\",\"potentialAction\":[{\"@type\":\"SearchAction\",\"target\":{\"@type\":\"EntryPoint\",\"urlTemplate\":\"https:\\\/\\\/www.jaermuseet.no\\\/vitenfabrikken\\\/?s={search_term_string}\"},\"query-input\":{\"@type\":\"PropertyValueSpecification\",\"valueRequired\":true,\"valueName\":\"search_term_string\"}}],\"inLanguage\":\"nb-NO\"}]}<\/script>\n<!-- \/ Yoast SEO plugin. -->","yoast_head_json":{"title":"Billettpriser - Vitenfabrikken","robots":{"index":"index","follow":"follow","max-snippet":"max-snippet:-1","max-image-preview":"max-image-preview:large","max-video-preview":"max-video-preview:-1"},"canonical":"https:\/\/www.jaermuseet.no\/vitenfabrikken\/billetter\/","og_locale":"nb_NO","og_type":"article","og_title":"Billettpriser - Vitenfabrikken","og_description":"Barn under 4 \u00e5r: GratisBarn 4 \u2013 til og med...","og_url":"https:\/\/www.jaermuseet.no\/vitenfabrikken\/billetter\/","og_site_name":"Vitenfabrikken","article_modified_time":"2024-06-13T07:31:12+00:00","twitter_card":"summary_large_image","twitter_misc":{"Ansl. lesetid":"2 minutter"},"schema":{"@context":"https:\/\/schema.org","@graph":[{"@type":"WebPage","@id":"https:\/\/www.jaermuseet.no\/vitenfabrikken\/billetter\/","url":"https:\/\/www.jaermuseet.no\/vitenfabrikken\/billetter\/","name":"Billettpriser - Vitenfabrikken","isPartOf":{"@id":"https:\/\/www.jaermuseet.no\/vitenfabrikken\/#website"},"datePublished":"2016-05-31T11:45:47+00:00","dateModified":"2024-06-13T07:31:12+00:00","breadcrumb":{"@id":"https:\/\/www.jaermuseet.no\/vitenfabrikken\/billetter\/#breadcrumb"},"inLanguage":"nb-NO","potentialAction":[{"@type":"ReadAction","target":["https:\/\/www.jaermuseet.no\/vitenfabrikken\/billetter\/"]}]},{"@type":"BreadcrumbList","@id":"https:\/\/www.jaermuseet.no\/vitenfabrikken\/billetter\/#breadcrumb","itemListElement":[{"@type":"ListItem","position":1,"name":"Hjem","item":"https:\/\/www.jaermuseet.no\/vitenfabrikken\/"},{"@type":"ListItem","position":2,"name":"Billettpriser"}]},{"@type":"WebSite","@id":"https:\/\/www.jaermuseet.no\/vitenfabrikken\/#website","url":"https:\/\/www.jaermuseet.no\/vitenfabrikken\/","name":"Vitenfabrikken","description":"Exciting exhibitions and interactive installations","potentialAction":[{"@type":"SearchAction","target":{"@type":"EntryPoint","urlTemplate":"https:\/\/www.jaermuseet.no\/vitenfabrikken\/?s={search_term_string}"},"query-input":{"@type":"PropertyValueSpecification","valueRequired":true,"valueName":"search_term_string"}}],"inLanguage":"nb-NO"}]}},"jetpack_sharing_enabled":true,"jetpack-related-posts":[{"id":646,"url":"https:\/\/www.jaermuseet.no\/vitenfabrikken\/bestillingsskjema-for-skoler-og-barnehager\/","url_meta":{"origin":49,"position":0},"title":"Bestillingsskjema for skoler og barnehager","author":"administrator","date":"1. september 2015","format":false,"excerpt":"Fyll inn skjema og send inn s\u00e5 tar vi kontakt: Mandag er Vitenfabrikken stengt for undervisning. Undervisningsopplegg for grunnskolen er gratis, materialkostnader kan komme i tillegg p\u00e5 enkelte opplegg. Barnehager betaler kr. 30 per barn for bes\u00f8k. Barn under 4 \u00e5r g\u00e5r gratis. \u00d8nsker en et av v\u00e5re formidlingsopplegg, betaler\u2026","rel":"","context":"Liknende innlegg","block_context":{"text":"Liknende innlegg","link":""},"img":{"alt_text":"","src":"","width":0,"height":0},"classes":[]},{"id":71,"url":"https:\/\/www.jaermuseet.no\/vitenfabrikken\/bursdag-pa-vitenfabrikken-stavanger-sandnes\/","url_meta":{"origin":49,"position":1},"title":"Bursdag","author":"Vitenfabrikken","date":"11. desember 2025","format":false,"excerpt":"Ha en t\u00f8ff bursdagsfeiring p\u00e5 Vitenfabrikken!","rel":"","context":"Liknende innlegg","block_context":{"text":"Liknende innlegg","link":""},"img":{"alt_text":"","src":"https:\/\/i0.wp.com\/www.jaermuseet.no\/vitenfabrikken\/wp-content\/uploads\/sites\/12\/2013\/12\/20131119_JanIngeHaga_DSSS_nettside2.jpg?resize=350%2C200&ssl=1","width":350,"height":200,"srcset":"https:\/\/i0.wp.com\/www.jaermuseet.no\/vitenfabrikken\/wp-content\/uploads\/sites\/12\/2013\/12\/20131119_JanIngeHaga_DSSS_nettside2.jpg?resize=350%2C200&ssl=1 1x, https:\/\/i0.wp.com\/www.jaermuseet.no\/vitenfabrikken\/wp-content\/uploads\/sites\/12\/2013\/12\/20131119_JanIngeHaga_DSSS_nettside2.jpg?resize=525%2C300&ssl=1 1.5x"},"classes":[]},{"id":7477,"url":"https:\/\/www.jaermuseet.no\/vitenfabrikken\/forjulkos-med-gode-kollegaer\/","url_meta":{"origin":49,"position":2},"title":"F\u00d8RJULKOS MED GODE KOLLEGAER?","author":"Vitenfabrikken","date":"23. september 2020","format":false,"excerpt":"Vitenfabrikken inviterer til frokost og lunsj med gode julesmaker kombinert med en unik opplevelse i Planetariet mens vi venter p\u00e5 jul. Vi gjentar suksessen ogs\u00e5 i \u00e5r og kan tilby f\u00f8lgende pakker: JULEFROKOST KR. 450 Kl. 08.30 Julefrokost Kl. 09.15\u00a0 Stjernehimmel Kl. 10.00 Takk for bes\u00f8ket eller JULELUNSJ KR. 450\u2026","rel":"","context":"Liknende innlegg","block_context":{"text":"Liknende innlegg","link":""},"img":{"alt_text":"","src":"https:\/\/i0.wp.com\/www.jaermuseet.no\/vitenfabrikken\/wp-content\/uploads\/sites\/12\/2020\/09\/IMG_20190930_144046-1-scaled.jpg?resize=350%2C200&ssl=1","width":350,"height":200,"srcset":"https:\/\/i0.wp.com\/www.jaermuseet.no\/vitenfabrikken\/wp-content\/uploads\/sites\/12\/2020\/09\/IMG_20190930_144046-1-scaled.jpg?resize=350%2C200&ssl=1 1x, https:\/\/i0.wp.com\/www.jaermuseet.no\/vitenfabrikken\/wp-content\/uploads\/sites\/12\/2020\/09\/IMG_20190930_144046-1-scaled.jpg?resize=525%2C300&ssl=1 1.5x, https:\/\/i0.wp.com\/www.jaermuseet.no\/vitenfabrikken\/wp-content\/uploads\/sites\/12\/2020\/09\/IMG_20190930_144046-1-scaled.jpg?resize=700%2C400&ssl=1 2x, https:\/\/i0.wp.com\/www.jaermuseet.no\/vitenfabrikken\/wp-content\/uploads\/sites\/12\/2020\/09\/IMG_20190930_144046-1-scaled.jpg?resize=1050%2C600&ssl=1 3x, https:\/\/i0.wp.com\/www.jaermuseet.no\/vitenfabrikken\/wp-content\/uploads\/sites\/12\/2020\/09\/IMG_20190930_144046-1-scaled.jpg?resize=1400%2C800&ssl=1 4x"},"classes":[]},{"id":48,"url":"https:\/\/www.jaermuseet.no\/vitenfabrikken\/researchers-night-2\/","url_meta":{"origin":49,"position":3},"title":"Researchers&#8217; Night","author":"Vitenfabrikken","date":"22. september 2011","format":false,"excerpt":"En eksperimentiell kveld for de unge voksne, og de eldre barna. Vitenfabrikken \u00e5pnes p\u00e5 kveldstid 23. september.","rel":"","context":"Liknende innlegg","block_context":{"text":"Liknende innlegg","link":""},"img":{"alt_text":"eventbilde_researchersnight","src":"https:\/\/i0.wp.com\/www.jaermuseet.no\/wp-content\/uploads\/sites\/12\/2011\/09\/eventbilde_researchersnight.jpg?resize=350%2C200&ssl=1","width":350,"height":200},"classes":[]},{"id":41,"url":"https:\/\/www.jaermuseet.no\/vitenfabrikken\/parkering\/","url_meta":{"origin":49,"position":4},"title":"Parkering","author":"Vitenfabrikken","date":"7. september 2010","format":false,"excerpt":"1. Nygaardshagen parkeringsanlegg - langtidsparkering. Adresse: J\u00e6rveien 16, Sandnes. Nygaardshagen parkeringsanlegg er et helt nytt parkeringsanlegg, som ligger kun 2 minutters gange fra Vitenfabrikken. I dette anlegget kan man ikke benytte kort ved innkj\u00f8ring for avgiftsparkering. Man m\u00e5 alltid trekke billett, som man kan betale med mynt, sedler eller kredittkort\/bankkort\u2026","rel":"","context":"Liknende innlegg","block_context":{"text":"Liknende innlegg","link":""},"img":{"alt_text":"Vitenfabrikken har normalt \u00e5pent alle dager unntantt mandager.","src":"https:\/\/i0.wp.com\/www.jaermuseet.no\/vitenfabrikken\/wp-content\/uploads\/sites\/12\/2017\/06\/vitenfabrikken15-e1497850274780.jpg?resize=350%2C200&ssl=1","width":350,"height":200,"srcset":"https:\/\/i0.wp.com\/www.jaermuseet.no\/vitenfabrikken\/wp-content\/uploads\/sites\/12\/2017\/06\/vitenfabrikken15-e1497850274780.jpg?resize=350%2C200&ssl=1 1x, https:\/\/i0.wp.com\/www.jaermuseet.no\/vitenfabrikken\/wp-content\/uploads\/sites\/12\/2017\/06\/vitenfabrikken15-e1497850274780.jpg?resize=525%2C300&ssl=1 1.5x, https:\/\/i0.wp.com\/www.jaermuseet.no\/vitenfabrikken\/wp-content\/uploads\/sites\/12\/2017\/06\/vitenfabrikken15-e1497850274780.jpg?resize=700%2C400&ssl=1 2x, https:\/\/i0.wp.com\/www.jaermuseet.no\/vitenfabrikken\/wp-content\/uploads\/sites\/12\/2017\/06\/vitenfabrikken15-e1497850274780.jpg?resize=1050%2C600&ssl=1 3x, https:\/\/i0.wp.com\/www.jaermuseet.no\/vitenfabrikken\/wp-content\/uploads\/sites\/12\/2017\/06\/vitenfabrikken15-e1497850274780.jpg?resize=1400%2C800&ssl=1 4x"},"classes":[]},{"id":5752,"url":"https:\/\/www.jaermuseet.no\/vitenfabrikken\/omvisninger\/","url_meta":{"origin":49,"position":5},"title":"Omvisninger","author":"Vitenfabrikken","date":"15. mai 2019","format":false,"excerpt":"Utforsk v\u00e5re utstillinger! P\u00e5 Vitenfabrikken finner du flere etasjer med utstillinger og eksperimenter. Utstillingen \u00abDet ska svara seg\u00bb er et typisk Sandnesuttrykk som spiller p\u00e5 kremmer\u00e5nden i byen og p\u00e5 en mentalitet som har preget gr\u00fcnderne i regionen. \u00abAbels skissebok\u00bb var et av hovedprosjektene til kulturhovedstaden Stavanger2008. Den er et\u2026","rel":"","context":"Liknende innlegg","block_context":{"text":"Liknende innlegg","link":""},"img":{"alt_text":"","src":"","width":0,"height":0},"classes":[]}],"_links":{"self":[{"href":"https:\/\/www.jaermuseet.no\/vitenfabrikken\/wp-json\/wp\/v2\/pages\/49","targetHints":{"allow":["GET"]}}],"collection":[{"href":"https:\/\/www.jaermuseet.no\/vitenfabrikken\/wp-json\/wp\/v2\/pages"}],"about":[{"href":"https:\/\/www.jaermuseet.no\/vitenfabrikken\/wp-json\/wp\/v2\/types\/page"}],"author":[{"embeddable":true,"href":"https:\/\/www.jaermuseet.no\/vitenfabrikken\/wp-json\/wp\/v2\/users\/11"}],"replies":[{"embeddable":true,"href":"https:\/\/www.jaermuseet.no\/vitenfabrikken\/wp-json\/wp\/v2\/comments?post=49"}],"version-history":[{"count":24,"href":"https:\/\/www.jaermuseet.no\/vitenfabrikken\/wp-json\/wp\/v2\/pages\/49\/revisions"}],"predecessor-version":[{"id":12552,"href":"https:\/\/www.jaermuseet.no\/vitenfabrikken\/wp-json\/wp\/v2\/pages\/49\/revisions\/12552"}],"wp:attachment":[{"href":"https:\/\/www.jaermuseet.no\/vitenfabrikken\/wp-json\/wp\/v2\/media?parent=49"}],"curies":[{"name":"wp","href":"https:\/\/api.w.org\/{rel}","templated":true}]}}