{"id":2572,"date":"2026-01-12T09:47:44","date_gmt":"2026-01-12T08:47:44","guid":{"rendered":"https:\/\/www.jaermuseet.no\/vitenfabrikken\/?page_id=2572"},"modified":"2026-02-02T13:35:16","modified_gmt":"2026-02-02T12:35:16","slug":"makerspace","status":"publish","type":"page","link":"https:\/\/www.jaermuseet.no\/vitenfabrikken\/makerspace\/","title":{"rendered":"Makerspace Vitenfabrikken"},"content":{"rendered":"\n<p><strong>Liker du \u00e5 skape med hendene? Bes\u00f8k Vitenfabrikken sitt MakerSpace! MakerSpace er et gratis skaperverksted der en kan utfolde seg med digitale og analoge maskiner og skape eller reparere ting.\u00a0P\u00e5 Vitenfabrikken har vi fem tilbud innen skaperverksted p\u00e5 fritiden til barn, unge og voksne: Id\u00e9verkstedet, Ungdomsmakerspace, Fredags-dropin p\u00e5 Makerspace, Skaperhelger og Skaperferier.<\/strong><\/p>\n\n\n\n<h3 class=\"wp-block-heading\"><strong><em>1. Id\u00e9verkstedet<\/em><\/strong><\/h3>\n\n\n\n<div class=\"o9v6fnle cxmmr5t8 oygrvhab hcukyx3x c1et5uql\">Ideverkstedet er et nytt tilbud p\u00e5 Vitenfabrikken og finner sted p\u00e5 Publikumsverkstedet i andre etasje p\u00e5 Vitenfabrikken, hver onsdag kl.&nbsp; 15.00-17.00.<\/div>\n\n\n\n<div class=\"o9v6fnle cxmmr5t8 oygrvhab hcukyx3x c1et5uql\">Id\u00e9verkstedet er en slags skaperklubb, men uten p\u00e5melding og man trenger ikke \u00e5 v\u00e6re medlem.<\/div>\n\n\n\n<div class=\"o9v6fnle cxmmr5t8 oygrvhab hcukyx3x c1et5uql\">S\u00e5 er du interessert i skaperverksted og er 10-13 \u00e5r &#8211; s\u00e5 er dette noe for deg!<br>Og hvis du er 13-20 \u00e5r er du ogs\u00e5 velkommen. Det er lov \u00e5 ta med en voksen.<\/div>\n\n\n\n<div class=\"o9v6fnle cxmmr5t8 oygrvhab hcukyx3x c1et5uql\">Hver onsdag har et tema og vil bli annonsert som et arrangement p\u00e5 <a href=\"https:\/\/www.facebook.com\/makerspacevitenfabrikken\">Facebook<\/a>.<\/div>\n\n\n\n<div class=\"o9v6fnle cxmmr5t8 oygrvhab hcukyx3x c1et5uql\">Tilbudet er gratis for alle &#8211; b\u00e5de billett, materialer samt bruk av diverse verkt\u00f8y.<\/div>\n\n\n\n<div class=\"o9v6fnle cxmmr5t8 oygrvhab hcukyx3x c1et5uql\">Det er et begrenset antall plasser alt etter hvilket tema kvelden har.<\/div>\n\n\n\n<div class=\"o9v6fnle cxmmr5t8 oygrvhab hcukyx3x c1et5uql\">Billetter utleveres i resepsjonen p\u00e5 Vitenfabrikken.<\/div>\n\n\n\n\n\n<div>&nbsp;<\/div>\n\n\n\n<h3 class=\"wp-block-heading\"><em><strong>2. UngdomsMakerspace<\/strong><\/em><\/h3>\n\n\n\n<p><em><strong>Tid:<\/strong> <\/em>Hver onsdag fra kl. 17.00-19.30.<\/p>\n\n\n\n<p><em><strong>For hvem:<\/strong><\/em> Ungdommer mellom 13 og 20 \u00e5r<\/p>\n\n\n\n<p>Se v\u00e5r <a href=\"https:\/\/www.facebook.com\/makerspacevitenfabrikken\/?fref=ts\">Facebook-side<\/a>. Her legges det ut alt som arrangementer<\/p>\n\n\n\n<p><em><strong>P\u00e5melding:<\/strong> <\/em>Det er ingen p\u00e5melding, bare \u00e5 m\u00f8te opp s\u00e5 hjelper vi deg i gang!<\/p>\n\n\n\n<p><em><strong>Pris:<\/strong><\/em> Ungdomsmakerspace er gratis. Noen kostnader for bruk av materialer for skoleprosjekter kan forekomme.<\/p>\n\n\n\n<p><\/p>\n\n\n\n<p><\/p>\n\n\n\n<h3 class=\"wp-block-heading\"><em><strong style=\"font-style: italic\">3. Fredags-drop in<\/strong><\/em><\/h3>\n\n\n\n<p><strong><em>Tid<\/em>:<\/strong> Hver fredag fra kl. 12.00-15.00. (Gjelder fra 16. januar)<\/p>\n\n\n\n<p><strong><em>For hvem:<\/em> <\/strong>Alle over 13 \u00e5r<\/p>\n\n\n\n<p><em><strong>P\u00e5melding:<\/strong><\/em> Det er ingen p\u00e5melding, bare \u00e5 m\u00f8te opp s\u00e5 hjelper vi deg i gang!<\/p>\n\n\n\n<p><em><strong>Pris:<\/strong><\/em> Gratis inngang og gratis bruk av verkt\u00f8y. Noen kostnader for bruk av materialer for voksne eller skoleprosjekter kan forekomme.<\/p>\n\n\n\n<p><\/p>\n\n\n\n<p><\/p>\n\n\n\n<h3 class=\"wp-block-heading\"><strong><em>4. Skaperhelger<\/em><\/strong><\/h3>\n\n\n\n<p><strong><em>Tid<\/em>:<\/strong> En helg i m\u00e5neden<\/p>\n\n\n\n<p><strong><em>For hvem:<\/em> <\/strong>10 &#8211; 20 \u00e5r<\/p>\n\n\n\n<p><em><strong>P\u00e5melding:<\/strong><\/em> Det vil v\u00e6re noen skaperhelger som krever p\u00e5melding, mens andre er det bare \u00e5 m\u00f8te opp p\u00e5. Programmet, datoer og mer informasjon om p\u00e5melding blir publisert fortl\u00f8pende p\u00e5 v\u00e5r <a href=\"https:\/\/www.facebook.com\/makerspacevitenfabrikken\/events\">Facebook-side. <\/a><\/p>\n\n\n\n<p><em><strong>Pris:<\/strong><\/em> Gratis inngang og gratis bruk av verkt\u00f8y. <\/p>\n\n\n\n<p><\/p>\n\n\n\n<h3 class=\"wp-block-heading\"><strong><em>5. Skaperferier med redesign<\/em><\/strong><\/h3>\n\n\n\n<p><strong><em>Tid<\/em>:<\/strong> Mandag til fredag i h\u00f8st- og vinterferie<\/p>\n\n\n\n<p><strong><em>For hvem:<\/em> <\/strong>Alle over 10 \u00e5r<\/p>\n\n\n\n<p><em><strong>P\u00e5melding:<\/strong><\/em> Det er ingen p\u00e5melding, bare \u00e5 m\u00f8te opp s\u00e5 hjelper vi deg i gang!<\/p>\n\n\n\n<p><em><strong>Pris:<\/strong><\/em> Gratis inngang og gratis bruk av verkt\u00f8y. <\/p>\n\n\n\n<p>Oppfordrer alle som er interessert i Makerspace Vitenfabrikken om \u00e5 f\u00f8lge med p\u00e5 <a href=\"https:\/\/www.facebook.com\/makerspacevitenfabrikken\/?fref=ts\">Facebook<\/a>. Her legges det ut fortl\u00f8pende informasjon, kurs og arrangement.<\/p>\n\n\n\n<h3 class=\"wp-block-heading\"><em><strong>Om Skaperverkstedet p\u00e5 Vitenfabrikken: Makerspace Vitenfabrikken<\/strong><\/em><\/h3>\n\n\n\n<p><span class=\"_4n-j fsl\">Makerspace Vitenfabrikken \u00e5pnet mai 2016. Makerspace er inspirert av den internasjonale skaperbevegelsen som trigger nysgjerrighet og skaperglede. Makerspace Vitenfabrikken vil v\u00e6re et sted der id\u00e9er skal klekkes og mennesker med ulik kompetanse og interesse kommer sammen. Fra 2021 utvidet vi ogs\u00e5 tilbudet til \u00e5 omfatte skaperverksteds-aktiviteter p\u00e5 v\u00e5rt publikumsverksted, og fra 2024 blir det faste skaperverkstedaktiviteter en helg i m\u00e5neden og ogs\u00e5 i h\u00f8st- og vinterferie.<\/span><\/p>\n\n\n\n<p>Vitenfabrikken h\u00e5per at barn, ungdommer og voksne, &#8211; alle som har en \u00abskaper\u00bb i magen, som har lyst \u00e5 l\u00e6re, gj\u00f8re og lage, vil f\u00e5 glede av skaperverksteds-tilbudene p\u00e5 Vitenfabrikken.<\/p>\n\n\n\n<p>P\u00e5 Makerspace Vitenfabrikken er det utstyr som laserkutter, vinylkuttere, 3D-printere, digitale symaskiner og mye annet verkt\u00f8y.<\/p>\n\n\n\n<p>St\u00f8tte til \u00e5 drive Makerspace p\u00e5 Vitenfabrikken er gitt av:<\/p>\n\n\n\n<ul class=\"wp-block-list\">\n<li>Bufdir<\/li>\n\n\n\n<li><a href=\"http:\/\/norwaymakers.org\/\">Norway Makers<\/a> og Sparebankstiftelsen DnB<\/li>\n\n\n\n<li>Skaperskolen<\/li>\n\n\n\n<li>\u00d8gl\u00e6nd System<\/li>\n<\/ul>\n","protected":false},"excerpt":{"rendered":"<p>Liker du \u00e5 skape med hendene? Bes\u00f8k Vitenfabrikken sitt MakerSpace!&#8230;<\/p>\n","protected":false},"author":18,"featured_media":3710,"parent":0,"menu_order":0,"comment_status":"closed","ping_status":"closed","template":"","meta":{"_acf_changed":false,"footnotes":""},"class_list":["post-2572","page","type-page","status-publish","has-post-thumbnail","hentry","featured-image-size-large"],"acf":[],"yoast_head":"<!-- This site is optimized with the Yoast SEO plugin v27.3 - https:\/\/yoast.com\/product\/yoast-seo-wordpress\/ -->\n<title>Makerspace Vitenfabrikken - Vitenfabrikken<\/title>\n<meta name=\"description\" content=\"Makerspace Vitenfabrikken har fem ulike tilbud p\u00e5 fritiden til barn, unge, ungdom og voksne. La kreativiteten l\u00f8pe l\u00f8psk med spennende utstyr.\" \/>\n<meta name=\"robots\" content=\"index, follow, max-snippet:-1, max-image-preview:large, max-video-preview:-1\" \/>\n<link rel=\"canonical\" href=\"https:\/\/www.jaermuseet.no\/vitenfabrikken\/makerspace\/\" \/>\n<meta property=\"og:locale\" content=\"nb_NO\" \/>\n<meta property=\"og:type\" content=\"article\" \/>\n<meta property=\"og:title\" content=\"Makerspace Vitenfabrikken - Vitenfabrikken\" \/>\n<meta property=\"og:description\" content=\"Makerspace Vitenfabrikken har fem ulike tilbud p\u00e5 fritiden til barn, unge, ungdom og voksne. La kreativiteten l\u00f8pe l\u00f8psk med spennende utstyr.\" \/>\n<meta property=\"og:url\" content=\"https:\/\/www.jaermuseet.no\/vitenfabrikken\/makerspace\/\" \/>\n<meta property=\"og:site_name\" content=\"Vitenfabrikken\" \/>\n<meta property=\"article:modified_time\" content=\"2026-02-02T12:35:16+00:00\" \/>\n<meta property=\"og:image\" content=\"https:\/\/www.jaermuseet.no\/vitenfabrikken\/wp-content\/uploads\/sites\/12\/2017\/08\/Makerspace.jpg\" \/>\n\t<meta property=\"og:image:width\" content=\"960\" \/>\n\t<meta property=\"og:image:height\" content=\"720\" \/>\n\t<meta property=\"og:image:type\" content=\"image\/jpeg\" \/>\n<meta name=\"twitter:card\" content=\"summary_large_image\" \/>\n<meta name=\"twitter:label1\" content=\"Ansl. lesetid\" \/>\n\t<meta name=\"twitter:data1\" content=\"4 minutter\" \/>\n<script type=\"application\/ld+json\" class=\"yoast-schema-graph\">{\"@context\":\"https:\\\/\\\/schema.org\",\"@graph\":[{\"@type\":\"WebPage\",\"@id\":\"https:\\\/\\\/www.jaermuseet.no\\\/vitenfabrikken\\\/makerspace\\\/\",\"url\":\"https:\\\/\\\/www.jaermuseet.no\\\/vitenfabrikken\\\/makerspace\\\/\",\"name\":\"Makerspace Vitenfabrikken - Vitenfabrikken\",\"isPartOf\":{\"@id\":\"https:\\\/\\\/www.jaermuseet.no\\\/vitenfabrikken\\\/#website\"},\"primaryImageOfPage\":{\"@id\":\"https:\\\/\\\/www.jaermuseet.no\\\/vitenfabrikken\\\/makerspace\\\/#primaryimage\"},\"image\":{\"@id\":\"https:\\\/\\\/www.jaermuseet.no\\\/vitenfabrikken\\\/makerspace\\\/#primaryimage\"},\"thumbnailUrl\":\"https:\\\/\\\/www.jaermuseet.no\\\/vitenfabrikken\\\/wp-content\\\/uploads\\\/sites\\\/12\\\/2017\\\/08\\\/Makerspace.jpg\",\"datePublished\":\"2026-01-12T08:47:44+00:00\",\"dateModified\":\"2026-02-02T12:35:16+00:00\",\"description\":\"Makerspace Vitenfabrikken har fem ulike tilbud p\u00e5 fritiden til barn, unge, ungdom og voksne. La kreativiteten l\u00f8pe l\u00f8psk med spennende utstyr.\",\"breadcrumb\":{\"@id\":\"https:\\\/\\\/www.jaermuseet.no\\\/vitenfabrikken\\\/makerspace\\\/#breadcrumb\"},\"inLanguage\":\"nb-NO\",\"potentialAction\":[{\"@type\":\"ReadAction\",\"target\":[\"https:\\\/\\\/www.jaermuseet.no\\\/vitenfabrikken\\\/makerspace\\\/\"]}]},{\"@type\":\"ImageObject\",\"inLanguage\":\"nb-NO\",\"@id\":\"https:\\\/\\\/www.jaermuseet.no\\\/vitenfabrikken\\\/makerspace\\\/#primaryimage\",\"url\":\"https:\\\/\\\/www.jaermuseet.no\\\/vitenfabrikken\\\/wp-content\\\/uploads\\\/sites\\\/12\\\/2017\\\/08\\\/Makerspace.jpg\",\"contentUrl\":\"https:\\\/\\\/www.jaermuseet.no\\\/vitenfabrikken\\\/wp-content\\\/uploads\\\/sites\\\/12\\\/2017\\\/08\\\/Makerspace.jpg\",\"width\":960,\"height\":720},{\"@type\":\"BreadcrumbList\",\"@id\":\"https:\\\/\\\/www.jaermuseet.no\\\/vitenfabrikken\\\/makerspace\\\/#breadcrumb\",\"itemListElement\":[{\"@type\":\"ListItem\",\"position\":1,\"name\":\"Hjem\",\"item\":\"https:\\\/\\\/www.jaermuseet.no\\\/vitenfabrikken\\\/\"},{\"@type\":\"ListItem\",\"position\":2,\"name\":\"Makerspace Vitenfabrikken\"}]},{\"@type\":\"WebSite\",\"@id\":\"https:\\\/\\\/www.jaermuseet.no\\\/vitenfabrikken\\\/#website\",\"url\":\"https:\\\/\\\/www.jaermuseet.no\\\/vitenfabrikken\\\/\",\"name\":\"Vitenfabrikken\",\"description\":\"Exciting exhibitions and interactive installations\",\"potentialAction\":[{\"@type\":\"SearchAction\",\"target\":{\"@type\":\"EntryPoint\",\"urlTemplate\":\"https:\\\/\\\/www.jaermuseet.no\\\/vitenfabrikken\\\/?s={search_term_string}\"},\"query-input\":{\"@type\":\"PropertyValueSpecification\",\"valueRequired\":true,\"valueName\":\"search_term_string\"}}],\"inLanguage\":\"nb-NO\"}]}<\/script>\n<!-- \/ Yoast SEO plugin. -->","yoast_head_json":{"title":"Makerspace Vitenfabrikken - Vitenfabrikken","description":"Makerspace Vitenfabrikken har fem ulike tilbud p\u00e5 fritiden til barn, unge, ungdom og voksne. La kreativiteten l\u00f8pe l\u00f8psk med spennende utstyr.","robots":{"index":"index","follow":"follow","max-snippet":"max-snippet:-1","max-image-preview":"max-image-preview:large","max-video-preview":"max-video-preview:-1"},"canonical":"https:\/\/www.jaermuseet.no\/vitenfabrikken\/makerspace\/","og_locale":"nb_NO","og_type":"article","og_title":"Makerspace Vitenfabrikken - Vitenfabrikken","og_description":"Makerspace Vitenfabrikken har fem ulike tilbud p\u00e5 fritiden til barn, unge, ungdom og voksne. La kreativiteten l\u00f8pe l\u00f8psk med spennende utstyr.","og_url":"https:\/\/www.jaermuseet.no\/vitenfabrikken\/makerspace\/","og_site_name":"Vitenfabrikken","article_modified_time":"2026-02-02T12:35:16+00:00","og_image":[{"width":960,"height":720,"url":"https:\/\/www.jaermuseet.no\/vitenfabrikken\/wp-content\/uploads\/sites\/12\/2017\/08\/Makerspace.jpg","type":"image\/jpeg"}],"twitter_card":"summary_large_image","twitter_misc":{"Ansl. lesetid":"4 minutter"},"schema":{"@context":"https:\/\/schema.org","@graph":[{"@type":"WebPage","@id":"https:\/\/www.jaermuseet.no\/vitenfabrikken\/makerspace\/","url":"https:\/\/www.jaermuseet.no\/vitenfabrikken\/makerspace\/","name":"Makerspace Vitenfabrikken - Vitenfabrikken","isPartOf":{"@id":"https:\/\/www.jaermuseet.no\/vitenfabrikken\/#website"},"primaryImageOfPage":{"@id":"https:\/\/www.jaermuseet.no\/vitenfabrikken\/makerspace\/#primaryimage"},"image":{"@id":"https:\/\/www.jaermuseet.no\/vitenfabrikken\/makerspace\/#primaryimage"},"thumbnailUrl":"https:\/\/www.jaermuseet.no\/vitenfabrikken\/wp-content\/uploads\/sites\/12\/2017\/08\/Makerspace.jpg","datePublished":"2026-01-12T08:47:44+00:00","dateModified":"2026-02-02T12:35:16+00:00","description":"Makerspace Vitenfabrikken har fem ulike tilbud p\u00e5 fritiden til barn, unge, ungdom og voksne. La kreativiteten l\u00f8pe l\u00f8psk med spennende utstyr.","breadcrumb":{"@id":"https:\/\/www.jaermuseet.no\/vitenfabrikken\/makerspace\/#breadcrumb"},"inLanguage":"nb-NO","potentialAction":[{"@type":"ReadAction","target":["https:\/\/www.jaermuseet.no\/vitenfabrikken\/makerspace\/"]}]},{"@type":"ImageObject","inLanguage":"nb-NO","@id":"https:\/\/www.jaermuseet.no\/vitenfabrikken\/makerspace\/#primaryimage","url":"https:\/\/www.jaermuseet.no\/vitenfabrikken\/wp-content\/uploads\/sites\/12\/2017\/08\/Makerspace.jpg","contentUrl":"https:\/\/www.jaermuseet.no\/vitenfabrikken\/wp-content\/uploads\/sites\/12\/2017\/08\/Makerspace.jpg","width":960,"height":720},{"@type":"BreadcrumbList","@id":"https:\/\/www.jaermuseet.no\/vitenfabrikken\/makerspace\/#breadcrumb","itemListElement":[{"@type":"ListItem","position":1,"name":"Hjem","item":"https:\/\/www.jaermuseet.no\/vitenfabrikken\/"},{"@type":"ListItem","position":2,"name":"Makerspace Vitenfabrikken"}]},{"@type":"WebSite","@id":"https:\/\/www.jaermuseet.no\/vitenfabrikken\/#website","url":"https:\/\/www.jaermuseet.no\/vitenfabrikken\/","name":"Vitenfabrikken","description":"Exciting exhibitions and interactive installations","potentialAction":[{"@type":"SearchAction","target":{"@type":"EntryPoint","urlTemplate":"https:\/\/www.jaermuseet.no\/vitenfabrikken\/?s={search_term_string}"},"query-input":{"@type":"PropertyValueSpecification","valueRequired":true,"valueName":"search_term_string"}}],"inLanguage":"nb-NO"}]}},"jetpack_sharing_enabled":true,"jetpack-related-posts":[{"id":50,"url":"https:\/\/www.jaermuseet.no\/vitenfabrikken\/kafe-hjernefode-pa-vitenfabrikken\/","url_meta":{"origin":2572,"position":0},"title":"Kaf\u00e9 Hjernef\u00f8de","author":"Vitenfabrikken","date":"1. februar 2022","format":false,"excerpt":"Kaf\u00e9 Hjernef\u00f8de tilbyr en variert meny av mat og drikke, tilpasset alle aldre. Vi har et utvalg av varme og kalde retter, samt v\u00e5re fantastiske nystekte lapper og hjemmebakte kaker. Du finner ogs\u00e5 noe til de aller yngste og frisk frukt. Kaf\u00e9 Hjernef\u00f8de gir barn og voksne det perfekte p\u00e5fyll\u2026","rel":"","context":"Liknende innlegg","block_context":{"text":"Liknende innlegg","link":""},"img":{"alt_text":"Kaf\u00e9 Hjernef\u00f8de","src":"https:\/\/i0.wp.com\/www.jaermuseet.no\/vitenfabrikken\/wp-content\/uploads\/sites\/12\/2012\/07\/kafe-hjernefode-bord.jpg?resize=350%2C200&ssl=1","width":350,"height":200,"srcset":"https:\/\/i0.wp.com\/www.jaermuseet.no\/vitenfabrikken\/wp-content\/uploads\/sites\/12\/2012\/07\/kafe-hjernefode-bord.jpg?resize=350%2C200&ssl=1 1x, https:\/\/i0.wp.com\/www.jaermuseet.no\/vitenfabrikken\/wp-content\/uploads\/sites\/12\/2012\/07\/kafe-hjernefode-bord.jpg?resize=525%2C300&ssl=1 1.5x, https:\/\/i0.wp.com\/www.jaermuseet.no\/vitenfabrikken\/wp-content\/uploads\/sites\/12\/2012\/07\/kafe-hjernefode-bord.jpg?resize=700%2C400&ssl=1 2x, https:\/\/i0.wp.com\/www.jaermuseet.no\/vitenfabrikken\/wp-content\/uploads\/sites\/12\/2012\/07\/kafe-hjernefode-bord.jpg?resize=1050%2C600&ssl=1 3x, https:\/\/i0.wp.com\/www.jaermuseet.no\/vitenfabrikken\/wp-content\/uploads\/sites\/12\/2012\/07\/kafe-hjernefode-bord.jpg?resize=1400%2C800&ssl=1 4x"},"classes":[]},{"id":71,"url":"https:\/\/www.jaermuseet.no\/vitenfabrikken\/bursdag-pa-vitenfabrikken-stavanger-sandnes\/","url_meta":{"origin":2572,"position":1},"title":"Bursdag","author":"Vitenfabrikken","date":"11. desember 2025","format":false,"excerpt":"Ha en t\u00f8ff bursdagsfeiring p\u00e5 Vitenfabrikken!","rel":"","context":"Liknende innlegg","block_context":{"text":"Liknende innlegg","link":""},"img":{"alt_text":"","src":"https:\/\/i0.wp.com\/www.jaermuseet.no\/vitenfabrikken\/wp-content\/uploads\/sites\/12\/2013\/12\/20131119_JanIngeHaga_DSSS_nettside2.jpg?resize=350%2C200&ssl=1","width":350,"height":200,"srcset":"https:\/\/i0.wp.com\/www.jaermuseet.no\/vitenfabrikken\/wp-content\/uploads\/sites\/12\/2013\/12\/20131119_JanIngeHaga_DSSS_nettside2.jpg?resize=350%2C200&ssl=1 1x, https:\/\/i0.wp.com\/www.jaermuseet.no\/vitenfabrikken\/wp-content\/uploads\/sites\/12\/2013\/12\/20131119_JanIngeHaga_DSSS_nettside2.jpg?resize=525%2C300&ssl=1 1.5x"},"classes":[]},{"id":35,"url":"https:\/\/www.jaermuseet.no\/vitenfabrikken\/vitenfabrikken\/","url_meta":{"origin":2572,"position":2},"title":"Vitenfabrikken","author":"Vitenfabrikken","date":"22. januar 2026","format":false,"excerpt":"Her kan store og sm\u00e5 utforske interaktive utstillinger og bli med p\u00e5 kjekke aktiviteter over flere etasjer. Vitenfabrikken er et moderne vitensenter og museum, der publikum blir oppfordret til \u00e5 delta og \u00e5 utforske. Gjennom slike interaktive formidlingsmetoder er m\u00e5let \u00e5 vekke spesielt barn og unge sin interesse for realfag,\u2026","rel":"","context":"Med 1 kommentar","block_context":{"text":"Med 1 kommentar","link":"https:\/\/www.jaermuseet.no\/vitenfabrikken\/vitenfabrikken\/#comments"},"img":{"alt_text":"","src":"https:\/\/i0.wp.com\/www.jaermuseet.no\/vitenfabrikken\/wp-content\/uploads\/sites\/12\/2015\/04\/Vitenfabrikken-fasade-sandnes.jpg?resize=350%2C200&ssl=1","width":350,"height":200,"srcset":"https:\/\/i0.wp.com\/www.jaermuseet.no\/vitenfabrikken\/wp-content\/uploads\/sites\/12\/2015\/04\/Vitenfabrikken-fasade-sandnes.jpg?resize=350%2C200&ssl=1 1x, https:\/\/i0.wp.com\/www.jaermuseet.no\/vitenfabrikken\/wp-content\/uploads\/sites\/12\/2015\/04\/Vitenfabrikken-fasade-sandnes.jpg?resize=525%2C300&ssl=1 1.5x, https:\/\/i0.wp.com\/www.jaermuseet.no\/vitenfabrikken\/wp-content\/uploads\/sites\/12\/2015\/04\/Vitenfabrikken-fasade-sandnes.jpg?resize=700%2C400&ssl=1 2x, https:\/\/i0.wp.com\/www.jaermuseet.no\/vitenfabrikken\/wp-content\/uploads\/sites\/12\/2015\/04\/Vitenfabrikken-fasade-sandnes.jpg?resize=1050%2C600&ssl=1 3x, https:\/\/i0.wp.com\/www.jaermuseet.no\/vitenfabrikken\/wp-content\/uploads\/sites\/12\/2015\/04\/Vitenfabrikken-fasade-sandnes.jpg?resize=1400%2C800&ssl=1 4x"},"classes":[]},{"id":51,"url":"https:\/\/www.jaermuseet.no\/vitenfabrikken\/vare-lokaler\/","url_meta":{"origin":2572,"position":3},"title":"V\u00e5re lokaler","author":"Vitenfabrikken","date":"15. oktober 2012","format":false,"excerpt":"Auditoriet Auditoriet er et topp moderne rom med behagelige, polstrete stoler med skriveplate. P\u00e5 scenen er det god plass til bord, talerstol og underholdning. Auditoriet er utstyrt med topp moderne AV-utstyr og automatisk lyssetting.KAPASITET: Teatersal 120 stk Kaf\u00e9 Hjernef\u00f8de Kaf\u00e9 Hjernef\u00f8de ligger i f\u00f8rste etasje p\u00e5 Vitenfabrikken og er en\u2026","rel":"","context":"Liknende innlegg","block_context":{"text":"Liknende innlegg","link":""},"img":{"alt_text":"","src":"https:\/\/i0.wp.com\/www.jaermuseet.no\/vitenfabrikken\/wp-content\/uploads\/sites\/12\/2015\/04\/Vitenfabrikken-fasade-sandnes.jpg?resize=350%2C200&ssl=1","width":350,"height":200,"srcset":"https:\/\/i0.wp.com\/www.jaermuseet.no\/vitenfabrikken\/wp-content\/uploads\/sites\/12\/2015\/04\/Vitenfabrikken-fasade-sandnes.jpg?resize=350%2C200&ssl=1 1x, https:\/\/i0.wp.com\/www.jaermuseet.no\/vitenfabrikken\/wp-content\/uploads\/sites\/12\/2015\/04\/Vitenfabrikken-fasade-sandnes.jpg?resize=525%2C300&ssl=1 1.5x, https:\/\/i0.wp.com\/www.jaermuseet.no\/vitenfabrikken\/wp-content\/uploads\/sites\/12\/2015\/04\/Vitenfabrikken-fasade-sandnes.jpg?resize=700%2C400&ssl=1 2x, https:\/\/i0.wp.com\/www.jaermuseet.no\/vitenfabrikken\/wp-content\/uploads\/sites\/12\/2015\/04\/Vitenfabrikken-fasade-sandnes.jpg?resize=1050%2C600&ssl=1 3x, https:\/\/i0.wp.com\/www.jaermuseet.no\/vitenfabrikken\/wp-content\/uploads\/sites\/12\/2015\/04\/Vitenfabrikken-fasade-sandnes.jpg?resize=1400%2C800&ssl=1 4x"},"classes":[]},{"id":38,"url":"https:\/\/www.jaermuseet.no\/vitenfabrikken\/umoe-planetariet\/","url_meta":{"origin":2572,"position":4},"title":"Planetariet","author":"Vitenfabrikken","date":"26. august 2010","format":false,"excerpt":"En av de mest spennende og popul\u00e6re attraksjonene p\u00e5 Vitenfabrikken er planetariet, en 360-graders digital kino som brukes for \u00e5 formidle astronomi, verdensrommet og stjernehimmelsen gjennom live-show eller fulldome filmer.\u00a0 Planetariet fremst\u00e5r med den beste og nyeste teknologien innen lyd, lys og bilde.\u00a0 Inngang til planetariet er inkludert i billetten\u2026","rel":"","context":"Liknende innlegg","block_context":{"text":"Liknende innlegg","link":""},"img":{"alt_text":"","src":"https:\/\/i0.wp.com\/www.jaermuseet.no\/vitenfabrikken\/wp-content\/uploads\/sites\/12\/2020\/09\/20190620-Apning-Planetariet-Foto-Rune-Helliesen-24.jpg?resize=350%2C200&ssl=1","width":350,"height":200,"srcset":"https:\/\/i0.wp.com\/www.jaermuseet.no\/vitenfabrikken\/wp-content\/uploads\/sites\/12\/2020\/09\/20190620-Apning-Planetariet-Foto-Rune-Helliesen-24.jpg?resize=350%2C200&ssl=1 1x, https:\/\/i0.wp.com\/www.jaermuseet.no\/vitenfabrikken\/wp-content\/uploads\/sites\/12\/2020\/09\/20190620-Apning-Planetariet-Foto-Rune-Helliesen-24.jpg?resize=525%2C300&ssl=1 1.5x, https:\/\/i0.wp.com\/www.jaermuseet.no\/vitenfabrikken\/wp-content\/uploads\/sites\/12\/2020\/09\/20190620-Apning-Planetariet-Foto-Rune-Helliesen-24.jpg?resize=700%2C400&ssl=1 2x, https:\/\/i0.wp.com\/www.jaermuseet.no\/vitenfabrikken\/wp-content\/uploads\/sites\/12\/2020\/09\/20190620-Apning-Planetariet-Foto-Rune-Helliesen-24.jpg?resize=1050%2C600&ssl=1 3x, https:\/\/i0.wp.com\/www.jaermuseet.no\/vitenfabrikken\/wp-content\/uploads\/sites\/12\/2020\/09\/20190620-Apning-Planetariet-Foto-Rune-Helliesen-24.jpg?resize=1400%2C800&ssl=1 4x"},"classes":[]},{"id":5752,"url":"https:\/\/www.jaermuseet.no\/vitenfabrikken\/omvisninger\/","url_meta":{"origin":2572,"position":5},"title":"Omvisninger","author":"Vitenfabrikken","date":"15. mai 2019","format":false,"excerpt":"Utforsk v\u00e5re utstillinger! P\u00e5 Vitenfabrikken finner du flere etasjer med utstillinger og eksperimenter. Utstillingen \u00abDet ska svara seg\u00bb er et typisk Sandnesuttrykk som spiller p\u00e5 kremmer\u00e5nden i byen og p\u00e5 en mentalitet som har preget gr\u00fcnderne i regionen. \u00abAbels skissebok\u00bb var et av hovedprosjektene til kulturhovedstaden Stavanger2008. Den er et\u2026","rel":"","context":"Liknende innlegg","block_context":{"text":"Liknende innlegg","link":""},"img":{"alt_text":"","src":"","width":0,"height":0},"classes":[]}],"_links":{"self":[{"href":"https:\/\/www.jaermuseet.no\/vitenfabrikken\/wp-json\/wp\/v2\/pages\/2572","targetHints":{"allow":["GET"]}}],"collection":[{"href":"https:\/\/www.jaermuseet.no\/vitenfabrikken\/wp-json\/wp\/v2\/pages"}],"about":[{"href":"https:\/\/www.jaermuseet.no\/vitenfabrikken\/wp-json\/wp\/v2\/types\/page"}],"author":[{"embeddable":true,"href":"https:\/\/www.jaermuseet.no\/vitenfabrikken\/wp-json\/wp\/v2\/users\/18"}],"replies":[{"embeddable":true,"href":"https:\/\/www.jaermuseet.no\/vitenfabrikken\/wp-json\/wp\/v2\/comments?post=2572"}],"version-history":[{"count":63,"href":"https:\/\/www.jaermuseet.no\/vitenfabrikken\/wp-json\/wp\/v2\/pages\/2572\/revisions"}],"predecessor-version":[{"id":14851,"href":"https:\/\/www.jaermuseet.no\/vitenfabrikken\/wp-json\/wp\/v2\/pages\/2572\/revisions\/14851"}],"wp:featuredmedia":[{"embeddable":true,"href":"https:\/\/www.jaermuseet.no\/vitenfabrikken\/wp-json\/wp\/v2\/media\/3710"}],"wp:attachment":[{"href":"https:\/\/www.jaermuseet.no\/vitenfabrikken\/wp-json\/wp\/v2\/media?parent=2572"}],"curies":[{"name":"wp","href":"https:\/\/api.w.org\/{rel}","templated":true}]}}