{"id":7,"date":"2016-06-24T08:48:36","date_gmt":"2016-06-24T06:48:36","guid":{"rendered":"https:\/\/www.jaermuseet.no\/vistnestunet\/opningstider-og-prisar-for-vistnestunet\/"},"modified":"2020-04-16T10:23:33","modified_gmt":"2020-04-16T08:23:33","slug":"opningstider-og-prisar-for-vistnestunet","status":"publish","type":"page","link":"https:\/\/www.jaermuseet.no\/vistnestunet\/opningstider-og-prisar-for-vistnestunet\/","title":{"rendered":"Opningstider og prisar for Vistnestunet"},"content":{"rendered":"<div class=\"j-opening-hours-grid\">\n    <div class=\"j-opening-hours-grid__row\">\n        <div class=\"j-opening-hours-grid__col j-opening-hours-grid__col--left\">\n            <div\n                id=\"jaermuseet-opening-hours-calendar\"\n                class=\"jaermuseet-opening-hours-calendar j-mb-3\"\n            >\n                <div data-react-component=\"OpeningHoursCalendar\"><\/div>\n            <\/div>\n\n            <div\n                id=\"jaermuseet-opening-hours-calendar-explanation\"\n                class=\"jaermuseet-opening-hours-calendar-explanation j-mb-3\"\n            >\n                <div class=\"j-card\">\n                    <div class=\"j-card__content\">\n                        <p>\n                            Klikk p\u00e5 en dato for \u00e5 sj\u00e5 opningstider og billettprisar for den datoen.                        <\/p>\n                    <\/div>\n                    <hr \/>\n                    <div class=\"j-card__content\">\n                        <div class=\"j-box-descriptions\">\n                            <div class=\"j-box-descriptions__col\">\n                                <div class=\"j-box-descriptions__box j-box-descriptions__box--open\"><\/div>\n                                Ope                            <\/div>\n                            <div class=\"j-box-descriptions__col\">\n                                <div class=\"j-box-descriptions__box j-box-descriptions__box--closed\"><\/div>\n                                Stengt                            <\/div>\n                            <div class=\"j-box-descriptions__col\">\n                                <div class=\"j-box-descriptions__box j-box-descriptions__box--today\"><\/div>\n                                I dag                            <\/div>\n                        <\/div>\n                    <\/div>\n                <\/div>\n            <\/div>\n        <\/div>\n        <div class=\"j-opening-hours-grid__col j-opening-hours-grid__col--right\">\n                        <div class=\"w-100\">\n                <div class=\"j-card j-card--blue j-mb-3\">\n                    <div class=\"j-card__header\">\n                        <h3 class=\"j-card__title\">Opningstider:<\/h3>\n                    <\/div>\n                    <div class=\"j-card__content j-opening-hours-week-wrapper\">\n                                                                    \n                        <div class=\"j-opening-hours-week-container my-2\">\n                        <dl class=\"j-opening-hours-week\">\n                            <dt class=\"j-opening-hours-week__day\">\n                                M\u00e5ndag                            <\/dt>\n                            <dd class=\"j-opening-hours-week__time j-opening-hours-week__time--closed\">\n                                Stengt                            <\/dd>\n                            <dt class=\"j-opening-hours-week__day\">\n                                Tysdag                            <\/dt>\n                            <dd class=\"j-opening-hours-week__time j-opening-hours-week__time--closed\">\n                                Stengt                            <\/dd>\n                            <dt class=\"j-opening-hours-week__day\">\n                                Onsdag                            <\/dt>\n                            <dd class=\"j-opening-hours-week__time j-opening-hours-week__time--closed\">\n                                Stengt                            <\/dd>\n                            <dt class=\"j-opening-hours-week__day\">\n                                Torsdag                            <\/dt>\n                            <dd class=\"j-opening-hours-week__time j-opening-hours-week__time--closed\">\n                                Stengt                            <\/dd>\n                            <dt class=\"j-opening-hours-week__day\">\n                                Fredag                            <\/dt>\n                            <dd class=\"j-opening-hours-week__time j-opening-hours-week__time--closed\">\n                                Stengt                            <\/dd>\n                            <dt class=\"j-opening-hours-week__day\">\n                                Laurdag                            <\/dt>\n                            <dd class=\"j-opening-hours-week__time j-opening-hours-week__time--closed\">\n                                Stengt                            <\/dd>\n                            <dt class=\"j-opening-hours-week__day\">\n                                Sundag                            <\/dt>\n                            <dd class=\"j-opening-hours-week__time j-opening-hours-week__time--closed\">\n                                Stengt                            <\/dd>\n                        <\/dl>\n\n                                                                                    <small><i>\n                                Gjeld fr\u00e5 19.04.2026 til 30.09.2026.                                <\/i><\/small>\n                                                                            <\/div>\n                                        <\/div>\n                <\/div>\n            <\/div>\n                                <\/div>\n    <\/div>\n<\/div>\n\n<p>Vistnestunet er eit flott gardsanlegg fr\u00e5 siste del av 1800-talet, som er opent for skuleklassar og grupper etter avtale. Randaberg kommune og J\u00e6rmuseet samarbeidar om \u00e5 arrangera <a href=\"https:\/\/www.jaermuseet.no\/vistnestunet\/aktiviteter\/\">ulike aktivitetsdager p\u00e5 Vistnestunet<\/a> gjennom \u00e5ret, og desse dagane er tunet opent for alle.<br \/>\n&gt; <a href=\"https:\/\/www.jaermuseet.no\/vistnestunet\/aktiviteter\/\">Sj\u00e5 v\u00e5re aktivitetsdager.<\/a><\/p>\n<p>For bestilling av undervisningsopplegg kontakt J\u00e6rmuseet, <a href=\"mailto:vistnestunet@jaermuseet.no\">vistnestunet@jaermuseet.no<\/a> eller telefon 47 77 60 20.<\/p>\n<p>For bestilling av andre opplegg, som til d\u00f8mes teambuilding, SFO, foreningsturar og barnehager kontakt\u00a0Reidun Irene Bjordal\u00a0p\u00e5 telefon 41 61 42 10\u00a0 \/ <a href=\"mailto:rib@randaberg.kommune.no\">rib@randaberg.kommune.no<\/a><\/p>\n","protected":false},"excerpt":{"rendered":"<p>Vistnestunet er eit flott gardsanlegg fr\u00e5 siste del av 1800-talet,&#8230;<\/p>\n","protected":false},"author":4,"featured_media":0,"parent":0,"menu_order":0,"comment_status":"open","ping_status":"open","template":"","meta":{"_acf_changed":false,"footnotes":""},"class_list":["post-7","page","type-page","status-publish","hentry","featured-image-size-large"],"acf":[],"yoast_head":"<!-- This site is optimized with the Yoast SEO plugin v27.4 - https:\/\/yoast.com\/product\/yoast-seo-wordpress\/ -->\n<title>Opningstider og prisar for Vistnestunet - Vistnestunet<\/title>\n<meta name=\"robots\" content=\"index, follow, max-snippet:-1, max-image-preview:large, max-video-preview:-1\" \/>\n<link rel=\"canonical\" href=\"https:\/\/www.jaermuseet.no\/vistnestunet\/opningstider-og-prisar-for-vistnestunet\/\" \/>\n<meta property=\"og:locale\" content=\"nn_NO\" \/>\n<meta property=\"og:type\" content=\"article\" \/>\n<meta property=\"og:title\" content=\"Opningstider og prisar for Vistnestunet - Vistnestunet\" \/>\n<meta property=\"og:description\" content=\"Vistnestunet er eit flott gardsanlegg fr\u00e5 siste del av 1800-talet,...\" \/>\n<meta property=\"og:url\" content=\"https:\/\/www.jaermuseet.no\/vistnestunet\/opningstider-og-prisar-for-vistnestunet\/\" \/>\n<meta property=\"og:site_name\" content=\"Vistnestunet\" \/>\n<meta property=\"article:modified_time\" content=\"2020-04-16T08:23:33+00:00\" \/>\n<meta name=\"twitter:card\" content=\"summary_large_image\" \/>\n<script type=\"application\/ld+json\" class=\"yoast-schema-graph\">{\"@context\":\"https:\\\/\\\/schema.org\",\"@graph\":[{\"@type\":\"WebPage\",\"@id\":\"https:\\\/\\\/www.jaermuseet.no\\\/vistnestunet\\\/opningstider-og-prisar-for-vistnestunet\\\/\",\"url\":\"https:\\\/\\\/www.jaermuseet.no\\\/vistnestunet\\\/opningstider-og-prisar-for-vistnestunet\\\/\",\"name\":\"Opningstider og prisar for Vistnestunet - Vistnestunet\",\"isPartOf\":{\"@id\":\"https:\\\/\\\/www.jaermuseet.no\\\/vistnestunet\\\/#website\"},\"datePublished\":\"2016-06-24T06:48:36+00:00\",\"dateModified\":\"2020-04-16T08:23:33+00:00\",\"breadcrumb\":{\"@id\":\"https:\\\/\\\/www.jaermuseet.no\\\/vistnestunet\\\/opningstider-og-prisar-for-vistnestunet\\\/#breadcrumb\"},\"inLanguage\":\"nn-NO\",\"potentialAction\":[{\"@type\":\"ReadAction\",\"target\":[\"https:\\\/\\\/www.jaermuseet.no\\\/vistnestunet\\\/opningstider-og-prisar-for-vistnestunet\\\/\"]}]},{\"@type\":\"BreadcrumbList\",\"@id\":\"https:\\\/\\\/www.jaermuseet.no\\\/vistnestunet\\\/opningstider-og-prisar-for-vistnestunet\\\/#breadcrumb\",\"itemListElement\":[{\"@type\":\"ListItem\",\"position\":1,\"name\":\"Hjem\",\"item\":\"https:\\\/\\\/www.jaermuseet.no\\\/vistnestunet\\\/en\\\/\"},{\"@type\":\"ListItem\",\"position\":2,\"name\":\"Opningstider og prisar for Vistnestunet\"}]},{\"@type\":\"WebSite\",\"@id\":\"https:\\\/\\\/www.jaermuseet.no\\\/vistnestunet\\\/#website\",\"url\":\"https:\\\/\\\/www.jaermuseet.no\\\/vistnestunet\\\/\",\"name\":\"Vistnestunet\",\"description\":\"Discoveer life on the farm at the end of 1800s.\",\"potentialAction\":[{\"@type\":\"SearchAction\",\"target\":{\"@type\":\"EntryPoint\",\"urlTemplate\":\"https:\\\/\\\/www.jaermuseet.no\\\/vistnestunet\\\/?s={search_term_string}\"},\"query-input\":{\"@type\":\"PropertyValueSpecification\",\"valueRequired\":true,\"valueName\":\"search_term_string\"}}],\"inLanguage\":\"nn-NO\"}]}<\/script>\n<!-- \/ Yoast SEO plugin. -->","yoast_head_json":{"title":"Opningstider og prisar for Vistnestunet - Vistnestunet","robots":{"index":"index","follow":"follow","max-snippet":"max-snippet:-1","max-image-preview":"max-image-preview:large","max-video-preview":"max-video-preview:-1"},"canonical":"https:\/\/www.jaermuseet.no\/vistnestunet\/opningstider-og-prisar-for-vistnestunet\/","og_locale":"nn_NO","og_type":"article","og_title":"Opningstider og prisar for Vistnestunet - Vistnestunet","og_description":"Vistnestunet er eit flott gardsanlegg fr\u00e5 siste del av 1800-talet,...","og_url":"https:\/\/www.jaermuseet.no\/vistnestunet\/opningstider-og-prisar-for-vistnestunet\/","og_site_name":"Vistnestunet","article_modified_time":"2020-04-16T08:23:33+00:00","twitter_card":"summary_large_image","schema":{"@context":"https:\/\/schema.org","@graph":[{"@type":"WebPage","@id":"https:\/\/www.jaermuseet.no\/vistnestunet\/opningstider-og-prisar-for-vistnestunet\/","url":"https:\/\/www.jaermuseet.no\/vistnestunet\/opningstider-og-prisar-for-vistnestunet\/","name":"Opningstider og prisar for Vistnestunet - Vistnestunet","isPartOf":{"@id":"https:\/\/www.jaermuseet.no\/vistnestunet\/#website"},"datePublished":"2016-06-24T06:48:36+00:00","dateModified":"2020-04-16T08:23:33+00:00","breadcrumb":{"@id":"https:\/\/www.jaermuseet.no\/vistnestunet\/opningstider-og-prisar-for-vistnestunet\/#breadcrumb"},"inLanguage":"nn-NO","potentialAction":[{"@type":"ReadAction","target":["https:\/\/www.jaermuseet.no\/vistnestunet\/opningstider-og-prisar-for-vistnestunet\/"]}]},{"@type":"BreadcrumbList","@id":"https:\/\/www.jaermuseet.no\/vistnestunet\/opningstider-og-prisar-for-vistnestunet\/#breadcrumb","itemListElement":[{"@type":"ListItem","position":1,"name":"Hjem","item":"https:\/\/www.jaermuseet.no\/vistnestunet\/en\/"},{"@type":"ListItem","position":2,"name":"Opningstider og prisar for Vistnestunet"}]},{"@type":"WebSite","@id":"https:\/\/www.jaermuseet.no\/vistnestunet\/#website","url":"https:\/\/www.jaermuseet.no\/vistnestunet\/","name":"Vistnestunet","description":"Discoveer life on the farm at the end of 1800s.","potentialAction":[{"@type":"SearchAction","target":{"@type":"EntryPoint","urlTemplate":"https:\/\/www.jaermuseet.no\/vistnestunet\/?s={search_term_string}"},"query-input":{"@type":"PropertyValueSpecification","valueRequired":true,"valueName":"search_term_string"}}],"inLanguage":"nn-NO"}]}},"jetpack_sharing_enabled":true,"_links":{"self":[{"href":"https:\/\/www.jaermuseet.no\/vistnestunet\/wp-json\/wp\/v2\/pages\/7","targetHints":{"allow":["GET"]}}],"collection":[{"href":"https:\/\/www.jaermuseet.no\/vistnestunet\/wp-json\/wp\/v2\/pages"}],"about":[{"href":"https:\/\/www.jaermuseet.no\/vistnestunet\/wp-json\/wp\/v2\/types\/page"}],"author":[{"embeddable":true,"href":"https:\/\/www.jaermuseet.no\/vistnestunet\/wp-json\/wp\/v2\/users\/4"}],"replies":[{"embeddable":true,"href":"https:\/\/www.jaermuseet.no\/vistnestunet\/wp-json\/wp\/v2\/comments?post=7"}],"version-history":[{"count":18,"href":"https:\/\/www.jaermuseet.no\/vistnestunet\/wp-json\/wp\/v2\/pages\/7\/revisions"}],"predecessor-version":[{"id":596,"href":"https:\/\/www.jaermuseet.no\/vistnestunet\/wp-json\/wp\/v2\/pages\/7\/revisions\/596"}],"wp:attachment":[{"href":"https:\/\/www.jaermuseet.no\/vistnestunet\/wp-json\/wp\/v2\/media?parent=7"}],"curies":[{"name":"wp","href":"https:\/\/api.w.org\/{rel}","templated":true}]}}