{"id":4,"date":"2010-06-17T19:22:01","date_gmt":"2010-06-17T18:22:01","guid":{"rendered":"https:\/\/www.jaermuseet.no\/vistnestunet\/vistnestunet-opplev-gardsmiljoet-fra-slutten-av-1800-talet\/"},"modified":"2010-06-17T19:22:01","modified_gmt":"2010-06-17T18:22:01","slug":"vistnestunet-opplev-gardsmiljoet-fra-slutten-av-1800-talet","status":"publish","type":"page","link":"https:\/\/www.jaermuseet.no\/vistnestunet\/vistnestunet-opplev-gardsmiljoet-fra-slutten-av-1800-talet\/","title":{"rendered":"Vistnestunet &#8211; opplev gardsmilj\u00f8et fr\u00e5 slutten av 1800-talet"},"content":{"rendered":"<p><strong>Opplev Vistnestunet i Randaberg, det best bevarte gardsmilj\u00f8et fr\u00e5 slutten av 1800-talet i kommunen. <\/strong>Kulturlandskapet her ved sj\u00f8en er rikt p\u00e5 spor fr\u00e5 n\u00e6r og fjern fortid. Husdyra skapar trivsel og liv p\u00e5 garden og er ein viktig del av kulturmilj\u00f8et. Omr\u00e5det har ogs\u00e5 eit variert dyre- og planteliv. Ved Vistnestunet er turstiar som ogs\u00e5 eignar seg for rullestol og barnevogn. <a href=\"index.php?option=com_content&amp;view=article&amp;id=271&amp;Itemid=224\">Les mer <\/a><\/p>\n","protected":false},"excerpt":{"rendered":"<p>Opplev Vistnestunet i Randaberg, det best bevarte gardsmilj\u00f8et fr\u00e5 slutten&#8230;<\/p>\n","protected":false},"author":4,"featured_media":0,"parent":0,"menu_order":0,"comment_status":"open","ping_status":"open","template":"","meta":{"_acf_changed":false,"footnotes":""},"class_list":["post-4","page","type-page","status-publish","hentry"],"acf":[],"yoast_head":"<!-- This site is optimized with the Yoast SEO plugin v27.4 - https:\/\/yoast.com\/product\/yoast-seo-wordpress\/ -->\n<title>Vistnestunet - opplev gardsmilj\u00f8et fr\u00e5 slutten av 1800-talet - Vistnestunet<\/title>\n<meta name=\"robots\" content=\"index, follow, max-snippet:-1, max-image-preview:large, max-video-preview:-1\" \/>\n<link rel=\"canonical\" href=\"https:\/\/www.jaermuseet.no\/vistnestunet\/vistnestunet-opplev-gardsmiljoet-fra-slutten-av-1800-talet\/\" \/>\n<meta property=\"og:locale\" content=\"nn_NO\" \/>\n<meta property=\"og:type\" content=\"article\" \/>\n<meta property=\"og:title\" content=\"Vistnestunet - opplev gardsmilj\u00f8et fr\u00e5 slutten av 1800-talet - Vistnestunet\" \/>\n<meta property=\"og:description\" content=\"Opplev Vistnestunet i Randaberg, det best bevarte gardsmilj\u00f8et fr\u00e5 slutten...\" \/>\n<meta property=\"og:url\" content=\"https:\/\/www.jaermuseet.no\/vistnestunet\/vistnestunet-opplev-gardsmiljoet-fra-slutten-av-1800-talet\/\" \/>\n<meta property=\"og:site_name\" content=\"Vistnestunet\" \/>\n<meta name=\"twitter:card\" content=\"summary_large_image\" \/>\n<script type=\"application\/ld+json\" class=\"yoast-schema-graph\">{\"@context\":\"https:\\\/\\\/schema.org\",\"@graph\":[{\"@type\":\"WebPage\",\"@id\":\"https:\\\/\\\/www.jaermuseet.no\\\/vistnestunet\\\/vistnestunet-opplev-gardsmiljoet-fra-slutten-av-1800-talet\\\/\",\"url\":\"https:\\\/\\\/www.jaermuseet.no\\\/vistnestunet\\\/vistnestunet-opplev-gardsmiljoet-fra-slutten-av-1800-talet\\\/\",\"name\":\"Vistnestunet - opplev gardsmilj\u00f8et fr\u00e5 slutten av 1800-talet - Vistnestunet\",\"isPartOf\":{\"@id\":\"https:\\\/\\\/www.jaermuseet.no\\\/vistnestunet\\\/#website\"},\"datePublished\":\"2010-06-17T18:22:01+00:00\",\"breadcrumb\":{\"@id\":\"https:\\\/\\\/www.jaermuseet.no\\\/vistnestunet\\\/vistnestunet-opplev-gardsmiljoet-fra-slutten-av-1800-talet\\\/#breadcrumb\"},\"inLanguage\":\"nn-NO\",\"potentialAction\":[{\"@type\":\"ReadAction\",\"target\":[\"https:\\\/\\\/www.jaermuseet.no\\\/vistnestunet\\\/vistnestunet-opplev-gardsmiljoet-fra-slutten-av-1800-talet\\\/\"]}]},{\"@type\":\"BreadcrumbList\",\"@id\":\"https:\\\/\\\/www.jaermuseet.no\\\/vistnestunet\\\/vistnestunet-opplev-gardsmiljoet-fra-slutten-av-1800-talet\\\/#breadcrumb\",\"itemListElement\":[{\"@type\":\"ListItem\",\"position\":1,\"name\":\"Hjem\",\"item\":\"https:\\\/\\\/www.jaermuseet.no\\\/vistnestunet\\\/en\\\/\"},{\"@type\":\"ListItem\",\"position\":2,\"name\":\"Vistnestunet &#8211; opplev gardsmilj\u00f8et fr\u00e5 slutten av 1800-talet\"}]},{\"@type\":\"WebSite\",\"@id\":\"https:\\\/\\\/www.jaermuseet.no\\\/vistnestunet\\\/#website\",\"url\":\"https:\\\/\\\/www.jaermuseet.no\\\/vistnestunet\\\/\",\"name\":\"Vistnestunet\",\"description\":\"Discoveer life on the farm at the end of 1800s.\",\"potentialAction\":[{\"@type\":\"SearchAction\",\"target\":{\"@type\":\"EntryPoint\",\"urlTemplate\":\"https:\\\/\\\/www.jaermuseet.no\\\/vistnestunet\\\/?s={search_term_string}\"},\"query-input\":{\"@type\":\"PropertyValueSpecification\",\"valueRequired\":true,\"valueName\":\"search_term_string\"}}],\"inLanguage\":\"nn-NO\"}]}<\/script>\n<!-- \/ Yoast SEO plugin. -->","yoast_head_json":{"title":"Vistnestunet - opplev gardsmilj\u00f8et fr\u00e5 slutten av 1800-talet - Vistnestunet","robots":{"index":"index","follow":"follow","max-snippet":"max-snippet:-1","max-image-preview":"max-image-preview:large","max-video-preview":"max-video-preview:-1"},"canonical":"https:\/\/www.jaermuseet.no\/vistnestunet\/vistnestunet-opplev-gardsmiljoet-fra-slutten-av-1800-talet\/","og_locale":"nn_NO","og_type":"article","og_title":"Vistnestunet - opplev gardsmilj\u00f8et fr\u00e5 slutten av 1800-talet - Vistnestunet","og_description":"Opplev Vistnestunet i Randaberg, det best bevarte gardsmilj\u00f8et fr\u00e5 slutten...","og_url":"https:\/\/www.jaermuseet.no\/vistnestunet\/vistnestunet-opplev-gardsmiljoet-fra-slutten-av-1800-talet\/","og_site_name":"Vistnestunet","twitter_card":"summary_large_image","schema":{"@context":"https:\/\/schema.org","@graph":[{"@type":"WebPage","@id":"https:\/\/www.jaermuseet.no\/vistnestunet\/vistnestunet-opplev-gardsmiljoet-fra-slutten-av-1800-talet\/","url":"https:\/\/www.jaermuseet.no\/vistnestunet\/vistnestunet-opplev-gardsmiljoet-fra-slutten-av-1800-talet\/","name":"Vistnestunet - opplev gardsmilj\u00f8et fr\u00e5 slutten av 1800-talet - Vistnestunet","isPartOf":{"@id":"https:\/\/www.jaermuseet.no\/vistnestunet\/#website"},"datePublished":"2010-06-17T18:22:01+00:00","breadcrumb":{"@id":"https:\/\/www.jaermuseet.no\/vistnestunet\/vistnestunet-opplev-gardsmiljoet-fra-slutten-av-1800-talet\/#breadcrumb"},"inLanguage":"nn-NO","potentialAction":[{"@type":"ReadAction","target":["https:\/\/www.jaermuseet.no\/vistnestunet\/vistnestunet-opplev-gardsmiljoet-fra-slutten-av-1800-talet\/"]}]},{"@type":"BreadcrumbList","@id":"https:\/\/www.jaermuseet.no\/vistnestunet\/vistnestunet-opplev-gardsmiljoet-fra-slutten-av-1800-talet\/#breadcrumb","itemListElement":[{"@type":"ListItem","position":1,"name":"Hjem","item":"https:\/\/www.jaermuseet.no\/vistnestunet\/en\/"},{"@type":"ListItem","position":2,"name":"Vistnestunet &#8211; opplev gardsmilj\u00f8et fr\u00e5 slutten av 1800-talet"}]},{"@type":"WebSite","@id":"https:\/\/www.jaermuseet.no\/vistnestunet\/#website","url":"https:\/\/www.jaermuseet.no\/vistnestunet\/","name":"Vistnestunet","description":"Discoveer life on the farm at the end of 1800s.","potentialAction":[{"@type":"SearchAction","target":{"@type":"EntryPoint","urlTemplate":"https:\/\/www.jaermuseet.no\/vistnestunet\/?s={search_term_string}"},"query-input":{"@type":"PropertyValueSpecification","valueRequired":true,"valueName":"search_term_string"}}],"inLanguage":"nn-NO"}]}},"jetpack_sharing_enabled":true,"_links":{"self":[{"href":"https:\/\/www.jaermuseet.no\/vistnestunet\/wp-json\/wp\/v2\/pages\/4","targetHints":{"allow":["GET"]}}],"collection":[{"href":"https:\/\/www.jaermuseet.no\/vistnestunet\/wp-json\/wp\/v2\/pages"}],"about":[{"href":"https:\/\/www.jaermuseet.no\/vistnestunet\/wp-json\/wp\/v2\/types\/page"}],"author":[{"embeddable":true,"href":"https:\/\/www.jaermuseet.no\/vistnestunet\/wp-json\/wp\/v2\/users\/4"}],"replies":[{"embeddable":true,"href":"https:\/\/www.jaermuseet.no\/vistnestunet\/wp-json\/wp\/v2\/comments?post=4"}],"version-history":[{"count":0,"href":"https:\/\/www.jaermuseet.no\/vistnestunet\/wp-json\/wp\/v2\/pages\/4\/revisions"}],"wp:attachment":[{"href":"https:\/\/www.jaermuseet.no\/vistnestunet\/wp-json\/wp\/v2\/media?parent=4"}],"curies":[{"name":"wp","href":"https:\/\/api.w.org\/{rel}","templated":true}]}}