{"id":11,"date":"2010-10-01T08:09:43","date_gmt":"2010-10-01T07:09:43","guid":{"rendered":"https:\/\/www.jaermuseet.no\/vistnestunet\/undervisningstilbod\/"},"modified":"2015-10-10T20:39:56","modified_gmt":"2015-10-10T18:39:56","slug":"undervisningstilbod","status":"publish","type":"page","link":"https:\/\/www.jaermuseet.no\/vistnestunet\/undervisningstilbod\/","title":{"rendered":"Undervisningstilbod"},"content":{"rendered":"<\/p>\n<table border=\"0\">\n<tbody>\n<tr>\n<td style=\"width: 250px\"><img loading=\"lazy\" decoding=\"async\" width=\"229\" height=\"153\" alt=\"Byggeskikk_bilde_-_Copy\" src=\"https:\/\/www.jaermuseet.no\/wp-content\/uploads\/sites\/5\/2010\/10\/Byggeskikk_bilde_-_Copy.jpg\" \/><\/td>\n<td style=\"width: 250px\"><strong>BYGGESKIKK  OG  ARKITEKTUR  (APRIL  2015)  <\/strong><strong><br \/><\/strong><em>3.-6.  trinn<\/em><strong><\/p>\n<p><\/strong>Korleis  s\u00e5g  husa  p\u00e5  J\u00e6ren  ut  f\u00f8r  i  tida?  Kva  kan  me  finna  av  gamle  ting  i  bygningane  p\u00e5  Vistnestunet?  Bli  med  \u00e5  bygga  eit  lite  j\u00e6rhus,  og  \u00e5  unders\u00f8ka  gamle  bygningar  og  gjenstandar  rundt  om  p\u00e5  garden.<\/p>\n<p> <a class=\"wf_file\" href=\"https:\/\/www.jaermuseet.no\/vistnestunet\/wp-content\/uploads\/sites\/5\/2015\/10\/Kokker_i_friluft_til_hjemmesiden_2014.pdf\"><span class=\"wf_file_text\"><\/span><\/a><\/p>\n<p><span class=\"wf_file_text\"><\/span><a class=\"wf_file\" href=\"https:\/\/www.jaermuseet.no\/vistnestunet\/wp-content\/uploads\/sites\/5\/2015\/10\/Fugler_til_hjemmesiden.pdf\"><span class=\"wf_file_text\">Last  ned  meir  informasjon  om  opplegget.  <\/span><\/a><\/p>\n<\/td>\n<\/tr>\n<\/tbody>\n<\/table>\n","protected":false},"excerpt":{"rendered":"<p><img loading=\"lazy\" decoding=\"async\" width=\"136\" height=\"64\" alt=\"Undervisningstilbod\" src=\"images\/stories\/bannere\/btn_alle_trinn.png\" \/><\/p>\n","protected":false},"author":4,"featured_media":0,"parent":0,"menu_order":0,"comment_status":"open","ping_status":"open","template":"","meta":{"_acf_changed":false,"footnotes":""},"class_list":["post-11","page","type-page","status-publish","hentry"],"acf":[],"yoast_head":"<!-- This site is optimized with the Yoast SEO plugin v27.4 - https:\/\/yoast.com\/product\/yoast-seo-wordpress\/ -->\n<title>Undervisningstilbod - Vistnestunet<\/title>\n<meta name=\"robots\" content=\"index, follow, max-snippet:-1, max-image-preview:large, max-video-preview:-1\" \/>\n<link rel=\"canonical\" href=\"https:\/\/www.jaermuseet.no\/vistnestunet\/undervisningstilbod\/\" \/>\n<meta property=\"og:locale\" content=\"nn_NO\" \/>\n<meta property=\"og:type\" content=\"article\" \/>\n<meta property=\"og:title\" content=\"Undervisningstilbod - Vistnestunet\" \/>\n<meta property=\"og:url\" content=\"https:\/\/www.jaermuseet.no\/vistnestunet\/undervisningstilbod\/\" \/>\n<meta property=\"og:site_name\" content=\"Vistnestunet\" \/>\n<meta property=\"article:modified_time\" content=\"2015-10-10T18:39:56+00:00\" \/>\n<meta property=\"og:image\" content=\"https:\/\/www.jaermuseet.no\/wp-content\/uploads\/sites\/5\/2010\/10\/Byggeskikk_bilde_-_Copy.jpg\" \/>\n<meta name=\"twitter:card\" content=\"summary_large_image\" \/>\n<script type=\"application\/ld+json\" class=\"yoast-schema-graph\">{\"@context\":\"https:\\\/\\\/schema.org\",\"@graph\":[{\"@type\":\"WebPage\",\"@id\":\"https:\\\/\\\/www.jaermuseet.no\\\/vistnestunet\\\/undervisningstilbod\\\/\",\"url\":\"https:\\\/\\\/www.jaermuseet.no\\\/vistnestunet\\\/undervisningstilbod\\\/\",\"name\":\"Undervisningstilbod - Vistnestunet\",\"isPartOf\":{\"@id\":\"https:\\\/\\\/www.jaermuseet.no\\\/vistnestunet\\\/#website\"},\"primaryImageOfPage\":{\"@id\":\"https:\\\/\\\/www.jaermuseet.no\\\/vistnestunet\\\/undervisningstilbod\\\/#primaryimage\"},\"image\":{\"@id\":\"https:\\\/\\\/www.jaermuseet.no\\\/vistnestunet\\\/undervisningstilbod\\\/#primaryimage\"},\"thumbnailUrl\":\"https:\\\/\\\/www.jaermuseet.no\\\/wp-content\\\/uploads\\\/sites\\\/5\\\/2010\\\/10\\\/Byggeskikk_bilde_-_Copy.jpg\",\"datePublished\":\"2010-10-01T07:09:43+00:00\",\"dateModified\":\"2015-10-10T18:39:56+00:00\",\"breadcrumb\":{\"@id\":\"https:\\\/\\\/www.jaermuseet.no\\\/vistnestunet\\\/undervisningstilbod\\\/#breadcrumb\"},\"inLanguage\":\"nn-NO\",\"potentialAction\":[{\"@type\":\"ReadAction\",\"target\":[\"https:\\\/\\\/www.jaermuseet.no\\\/vistnestunet\\\/undervisningstilbod\\\/\"]}]},{\"@type\":\"ImageObject\",\"inLanguage\":\"nn-NO\",\"@id\":\"https:\\\/\\\/www.jaermuseet.no\\\/vistnestunet\\\/undervisningstilbod\\\/#primaryimage\",\"url\":\"https:\\\/\\\/www.jaermuseet.no\\\/wp-content\\\/uploads\\\/sites\\\/5\\\/2010\\\/10\\\/Byggeskikk_bilde_-_Copy.jpg\",\"contentUrl\":\"https:\\\/\\\/www.jaermuseet.no\\\/wp-content\\\/uploads\\\/sites\\\/5\\\/2010\\\/10\\\/Byggeskikk_bilde_-_Copy.jpg\"},{\"@type\":\"BreadcrumbList\",\"@id\":\"https:\\\/\\\/www.jaermuseet.no\\\/vistnestunet\\\/undervisningstilbod\\\/#breadcrumb\",\"itemListElement\":[{\"@type\":\"ListItem\",\"position\":1,\"name\":\"Hjem\",\"item\":\"https:\\\/\\\/www.jaermuseet.no\\\/vistnestunet\\\/en\\\/\"},{\"@type\":\"ListItem\",\"position\":2,\"name\":\"Undervisningstilbod\"}]},{\"@type\":\"WebSite\",\"@id\":\"https:\\\/\\\/www.jaermuseet.no\\\/vistnestunet\\\/#website\",\"url\":\"https:\\\/\\\/www.jaermuseet.no\\\/vistnestunet\\\/\",\"name\":\"Vistnestunet\",\"description\":\"Discoveer life on the farm at the end of 1800s.\",\"potentialAction\":[{\"@type\":\"SearchAction\",\"target\":{\"@type\":\"EntryPoint\",\"urlTemplate\":\"https:\\\/\\\/www.jaermuseet.no\\\/vistnestunet\\\/?s={search_term_string}\"},\"query-input\":{\"@type\":\"PropertyValueSpecification\",\"valueRequired\":true,\"valueName\":\"search_term_string\"}}],\"inLanguage\":\"nn-NO\"}]}<\/script>\n<!-- \/ Yoast SEO plugin. -->","yoast_head_json":{"title":"Undervisningstilbod - Vistnestunet","robots":{"index":"index","follow":"follow","max-snippet":"max-snippet:-1","max-image-preview":"max-image-preview:large","max-video-preview":"max-video-preview:-1"},"canonical":"https:\/\/www.jaermuseet.no\/vistnestunet\/undervisningstilbod\/","og_locale":"nn_NO","og_type":"article","og_title":"Undervisningstilbod - Vistnestunet","og_url":"https:\/\/www.jaermuseet.no\/vistnestunet\/undervisningstilbod\/","og_site_name":"Vistnestunet","article_modified_time":"2015-10-10T18:39:56+00:00","og_image":[{"url":"https:\/\/www.jaermuseet.no\/wp-content\/uploads\/sites\/5\/2010\/10\/Byggeskikk_bilde_-_Copy.jpg","type":"","width":"","height":""}],"twitter_card":"summary_large_image","schema":{"@context":"https:\/\/schema.org","@graph":[{"@type":"WebPage","@id":"https:\/\/www.jaermuseet.no\/vistnestunet\/undervisningstilbod\/","url":"https:\/\/www.jaermuseet.no\/vistnestunet\/undervisningstilbod\/","name":"Undervisningstilbod - Vistnestunet","isPartOf":{"@id":"https:\/\/www.jaermuseet.no\/vistnestunet\/#website"},"primaryImageOfPage":{"@id":"https:\/\/www.jaermuseet.no\/vistnestunet\/undervisningstilbod\/#primaryimage"},"image":{"@id":"https:\/\/www.jaermuseet.no\/vistnestunet\/undervisningstilbod\/#primaryimage"},"thumbnailUrl":"https:\/\/www.jaermuseet.no\/wp-content\/uploads\/sites\/5\/2010\/10\/Byggeskikk_bilde_-_Copy.jpg","datePublished":"2010-10-01T07:09:43+00:00","dateModified":"2015-10-10T18:39:56+00:00","breadcrumb":{"@id":"https:\/\/www.jaermuseet.no\/vistnestunet\/undervisningstilbod\/#breadcrumb"},"inLanguage":"nn-NO","potentialAction":[{"@type":"ReadAction","target":["https:\/\/www.jaermuseet.no\/vistnestunet\/undervisningstilbod\/"]}]},{"@type":"ImageObject","inLanguage":"nn-NO","@id":"https:\/\/www.jaermuseet.no\/vistnestunet\/undervisningstilbod\/#primaryimage","url":"https:\/\/www.jaermuseet.no\/wp-content\/uploads\/sites\/5\/2010\/10\/Byggeskikk_bilde_-_Copy.jpg","contentUrl":"https:\/\/www.jaermuseet.no\/wp-content\/uploads\/sites\/5\/2010\/10\/Byggeskikk_bilde_-_Copy.jpg"},{"@type":"BreadcrumbList","@id":"https:\/\/www.jaermuseet.no\/vistnestunet\/undervisningstilbod\/#breadcrumb","itemListElement":[{"@type":"ListItem","position":1,"name":"Hjem","item":"https:\/\/www.jaermuseet.no\/vistnestunet\/en\/"},{"@type":"ListItem","position":2,"name":"Undervisningstilbod"}]},{"@type":"WebSite","@id":"https:\/\/www.jaermuseet.no\/vistnestunet\/#website","url":"https:\/\/www.jaermuseet.no\/vistnestunet\/","name":"Vistnestunet","description":"Discoveer life on the farm at the end of 1800s.","potentialAction":[{"@type":"SearchAction","target":{"@type":"EntryPoint","urlTemplate":"https:\/\/www.jaermuseet.no\/vistnestunet\/?s={search_term_string}"},"query-input":{"@type":"PropertyValueSpecification","valueRequired":true,"valueName":"search_term_string"}}],"inLanguage":"nn-NO"}]}},"jetpack_sharing_enabled":true,"_links":{"self":[{"href":"https:\/\/www.jaermuseet.no\/vistnestunet\/wp-json\/wp\/v2\/pages\/11","targetHints":{"allow":["GET"]}}],"collection":[{"href":"https:\/\/www.jaermuseet.no\/vistnestunet\/wp-json\/wp\/v2\/pages"}],"about":[{"href":"https:\/\/www.jaermuseet.no\/vistnestunet\/wp-json\/wp\/v2\/types\/page"}],"author":[{"embeddable":true,"href":"https:\/\/www.jaermuseet.no\/vistnestunet\/wp-json\/wp\/v2\/users\/4"}],"replies":[{"embeddable":true,"href":"https:\/\/www.jaermuseet.no\/vistnestunet\/wp-json\/wp\/v2\/comments?post=11"}],"version-history":[{"count":1,"href":"https:\/\/www.jaermuseet.no\/vistnestunet\/wp-json\/wp\/v2\/pages\/11\/revisions"}],"predecessor-version":[{"id":190,"href":"https:\/\/www.jaermuseet.no\/vistnestunet\/wp-json\/wp\/v2\/pages\/11\/revisions\/190"}],"wp:attachment":[{"href":"https:\/\/www.jaermuseet.no\/vistnestunet\/wp-json\/wp\/v2\/media?parent=11"}],"curies":[{"name":"wp","href":"https:\/\/api.w.org\/{rel}","templated":true}]}}