{"id":7,"date":"2016-06-24T07:50:47","date_gmt":"2016-06-24T06:50:47","guid":{"rendered":"https:\/\/www.jaermuseet.no\/varden\/opningstider-pa-varden\/"},"modified":"2020-04-16T09:38:49","modified_gmt":"2020-04-16T08:38:49","slug":"opningstider-pa-varden","status":"publish","type":"page","link":"https:\/\/www.jaermuseet.no\/varden\/opningstider-pa-varden\/","title":{"rendered":"Opningstider i Varden"},"content":{"rendered":"<div class=\"j-opening-hours-grid\">\n    <div class=\"j-opening-hours-grid__row\">\n        <div class=\"j-opening-hours-grid__col j-opening-hours-grid__col--left\">\n            <div\n                id=\"jaermuseet-opening-hours-calendar\"\n                class=\"jaermuseet-opening-hours-calendar j-mb-3\"\n            >\n                <div data-react-component=\"OpeningHoursCalendar\"><\/div>\n            <\/div>\n\n            <div\n                id=\"jaermuseet-opening-hours-calendar-explanation\"\n                class=\"jaermuseet-opening-hours-calendar-explanation j-mb-3\"\n            >\n                <div class=\"j-card\">\n                    <div class=\"j-card__content\">\n                        <p>\n                            Klikk p\u00e5 en dato for \u00e5 sj\u00e5 opningstider og billettprisar for den datoen.                        <\/p>\n                    <\/div>\n                    <hr \/>\n                    <div class=\"j-card__content\">\n                        <div class=\"j-box-descriptions\">\n                            <div class=\"j-box-descriptions__col\">\n                                <div class=\"j-box-descriptions__box j-box-descriptions__box--open\"><\/div>\n                                Ope                            <\/div>\n                            <div class=\"j-box-descriptions__col\">\n                                <div class=\"j-box-descriptions__box j-box-descriptions__box--closed\"><\/div>\n                                Stengt                            <\/div>\n                            <div class=\"j-box-descriptions__col\">\n                                <div class=\"j-box-descriptions__box j-box-descriptions__box--today\"><\/div>\n                                I dag                            <\/div>\n                        <\/div>\n                    <\/div>\n                <\/div>\n            <\/div>\n        <\/div>\n        <div class=\"j-opening-hours-grid__col j-opening-hours-grid__col--right\">\n                        <div class=\"w-100\">\n                <div class=\"j-card j-card--blue j-mb-3\">\n                    <div class=\"j-card__header\">\n                        <h3 class=\"j-card__title\">Opningstider:<\/h3>\n                    <\/div>\n                    <div class=\"j-card__content j-opening-hours-week-wrapper\">\n                                            \n                        <div class=\"j-opening-hours-week-container my-2\">\n                        <dl class=\"j-opening-hours-week\">\n                            <dt class=\"j-opening-hours-week__day\">\n                                M\u00e5ndag                            <\/dt>\n                            <dd class=\"j-opening-hours-week__time j-opening-hours-week__time--closed\">\n                                Stengt                            <\/dd>\n                            <dt class=\"j-opening-hours-week__day\">\n                                Tysdag                            <\/dt>\n                            <dd class=\"j-opening-hours-week__time j-opening-hours-week__time--closed\">\n                                Stengt                            <\/dd>\n                            <dt class=\"j-opening-hours-week__day\">\n                                Onsdag                            <\/dt>\n                            <dd class=\"j-opening-hours-week__time j-opening-hours-week__time--closed\">\n                                Stengt                            <\/dd>\n                            <dt class=\"j-opening-hours-week__day\">\n                                Torsdag                            <\/dt>\n                            <dd class=\"j-opening-hours-week__time j-opening-hours-week__time--closed\">\n                                Stengt                            <\/dd>\n                            <dt class=\"j-opening-hours-week__day\">\n                                Fredag                            <\/dt>\n                            <dd class=\"j-opening-hours-week__time j-opening-hours-week__time--closed\">\n                                Stengt                            <\/dd>\n                            <dt class=\"j-opening-hours-week__day\">\n                                Laurdag                            <\/dt>\n                            <dd class=\"j-opening-hours-week__time j-opening-hours-week__time--closed\">\n                                Stengt                            <\/dd>\n                            <dt class=\"j-opening-hours-week__day\">\n                                Sundag                            <\/dt>\n                            <dd class=\"j-opening-hours-week__time j-opening-hours-week__time--closed\">\n                                Stengt                            <\/dd>\n                        <\/dl>\n\n                                                <\/div>\n                                        <\/div>\n                <\/div>\n            <\/div>\n                                <\/div>\n    <\/div>\n<\/div>\n\n<p>Sj\u00f8redningsmuseet i Varden har ein aktivitetssundag kvart \u00e5r.<\/p>\n<p>Det er ingen faste opningstider\u00a0utanom denne.<\/p>\n","protected":false},"excerpt":{"rendered":"<p>Sj\u00f8redningsmuseet i Varden har ein aktivitetssundag kvart \u00e5r. Det er&#8230;<\/p>\n","protected":false},"author":5,"featured_media":0,"parent":0,"menu_order":0,"comment_status":"open","ping_status":"open","template":"","meta":{"_acf_changed":false,"footnotes":""},"class_list":["post-7","page","type-page","status-publish","hentry","featured-image-size-large"],"acf":[],"yoast_head":"<!-- This site is optimized with the Yoast SEO plugin v27.3 - https:\/\/yoast.com\/product\/yoast-seo-wordpress\/ -->\n<title>Opningstider i Varden - Varden<\/title>\n<meta name=\"robots\" content=\"index, follow, max-snippet:-1, max-image-preview:large, max-video-preview:-1\" \/>\n<link rel=\"canonical\" href=\"https:\/\/www.jaermuseet.no\/varden\/opningstider-pa-varden\/\" \/>\n<meta property=\"og:locale\" content=\"nn_NO\" \/>\n<meta property=\"og:type\" content=\"article\" \/>\n<meta property=\"og:title\" content=\"Opningstider i Varden - Varden\" \/>\n<meta property=\"og:description\" content=\"Sj\u00f8redningsmuseet i Varden har ein aktivitetssundag kvart \u00e5r. Det er...\" \/>\n<meta property=\"og:url\" content=\"https:\/\/www.jaermuseet.no\/varden\/opningstider-pa-varden\/\" \/>\n<meta property=\"og:site_name\" content=\"Varden\" \/>\n<meta property=\"article:modified_time\" content=\"2020-04-16T08:38:49+00:00\" \/>\n<meta name=\"twitter:card\" content=\"summary_large_image\" \/>\n<script type=\"application\/ld+json\" class=\"yoast-schema-graph\">{\"@context\":\"https:\\\/\\\/schema.org\",\"@graph\":[{\"@type\":\"WebPage\",\"@id\":\"https:\\\/\\\/www.jaermuseet.no\\\/varden\\\/opningstider-pa-varden\\\/\",\"url\":\"https:\\\/\\\/www.jaermuseet.no\\\/varden\\\/opningstider-pa-varden\\\/\",\"name\":\"Opningstider i Varden - Varden\",\"isPartOf\":{\"@id\":\"https:\\\/\\\/www.jaermuseet.no\\\/varden\\\/#website\"},\"datePublished\":\"2016-06-24T06:50:47+00:00\",\"dateModified\":\"2020-04-16T08:38:49+00:00\",\"breadcrumb\":{\"@id\":\"https:\\\/\\\/www.jaermuseet.no\\\/varden\\\/opningstider-pa-varden\\\/#breadcrumb\"},\"inLanguage\":\"nn-NO\",\"potentialAction\":[{\"@type\":\"ReadAction\",\"target\":[\"https:\\\/\\\/www.jaermuseet.no\\\/varden\\\/opningstider-pa-varden\\\/\"]}]},{\"@type\":\"BreadcrumbList\",\"@id\":\"https:\\\/\\\/www.jaermuseet.no\\\/varden\\\/opningstider-pa-varden\\\/#breadcrumb\",\"itemListElement\":[{\"@type\":\"ListItem\",\"position\":1,\"name\":\"Hjem\",\"item\":\"https:\\\/\\\/www.jaermuseet.no\\\/varden\\\/en\\\/\"},{\"@type\":\"ListItem\",\"position\":2,\"name\":\"Opningstider i Varden\"}]},{\"@type\":\"WebSite\",\"@id\":\"https:\\\/\\\/www.jaermuseet.no\\\/varden\\\/#website\",\"url\":\"https:\\\/\\\/www.jaermuseet.no\\\/varden\\\/\",\"name\":\"Varden\",\"description\":\"Sj\u00f8redningsmuseum p\u00e5 Ogna.\",\"potentialAction\":[{\"@type\":\"SearchAction\",\"target\":{\"@type\":\"EntryPoint\",\"urlTemplate\":\"https:\\\/\\\/www.jaermuseet.no\\\/varden\\\/?s={search_term_string}\"},\"query-input\":{\"@type\":\"PropertyValueSpecification\",\"valueRequired\":true,\"valueName\":\"search_term_string\"}}],\"inLanguage\":\"nn-NO\"}]}<\/script>\n<!-- \/ Yoast SEO plugin. -->","yoast_head_json":{"title":"Opningstider i Varden - Varden","robots":{"index":"index","follow":"follow","max-snippet":"max-snippet:-1","max-image-preview":"max-image-preview:large","max-video-preview":"max-video-preview:-1"},"canonical":"https:\/\/www.jaermuseet.no\/varden\/opningstider-pa-varden\/","og_locale":"nn_NO","og_type":"article","og_title":"Opningstider i Varden - Varden","og_description":"Sj\u00f8redningsmuseet i Varden har ein aktivitetssundag kvart \u00e5r. Det er...","og_url":"https:\/\/www.jaermuseet.no\/varden\/opningstider-pa-varden\/","og_site_name":"Varden","article_modified_time":"2020-04-16T08:38:49+00:00","twitter_card":"summary_large_image","schema":{"@context":"https:\/\/schema.org","@graph":[{"@type":"WebPage","@id":"https:\/\/www.jaermuseet.no\/varden\/opningstider-pa-varden\/","url":"https:\/\/www.jaermuseet.no\/varden\/opningstider-pa-varden\/","name":"Opningstider i Varden - Varden","isPartOf":{"@id":"https:\/\/www.jaermuseet.no\/varden\/#website"},"datePublished":"2016-06-24T06:50:47+00:00","dateModified":"2020-04-16T08:38:49+00:00","breadcrumb":{"@id":"https:\/\/www.jaermuseet.no\/varden\/opningstider-pa-varden\/#breadcrumb"},"inLanguage":"nn-NO","potentialAction":[{"@type":"ReadAction","target":["https:\/\/www.jaermuseet.no\/varden\/opningstider-pa-varden\/"]}]},{"@type":"BreadcrumbList","@id":"https:\/\/www.jaermuseet.no\/varden\/opningstider-pa-varden\/#breadcrumb","itemListElement":[{"@type":"ListItem","position":1,"name":"Hjem","item":"https:\/\/www.jaermuseet.no\/varden\/en\/"},{"@type":"ListItem","position":2,"name":"Opningstider i Varden"}]},{"@type":"WebSite","@id":"https:\/\/www.jaermuseet.no\/varden\/#website","url":"https:\/\/www.jaermuseet.no\/varden\/","name":"Varden","description":"Sj\u00f8redningsmuseum p\u00e5 Ogna.","potentialAction":[{"@type":"SearchAction","target":{"@type":"EntryPoint","urlTemplate":"https:\/\/www.jaermuseet.no\/varden\/?s={search_term_string}"},"query-input":{"@type":"PropertyValueSpecification","valueRequired":true,"valueName":"search_term_string"}}],"inLanguage":"nn-NO"}]}},"jetpack_sharing_enabled":true,"_links":{"self":[{"href":"https:\/\/www.jaermuseet.no\/varden\/wp-json\/wp\/v2\/pages\/7","targetHints":{"allow":["GET"]}}],"collection":[{"href":"https:\/\/www.jaermuseet.no\/varden\/wp-json\/wp\/v2\/pages"}],"about":[{"href":"https:\/\/www.jaermuseet.no\/varden\/wp-json\/wp\/v2\/types\/page"}],"author":[{"embeddable":true,"href":"https:\/\/www.jaermuseet.no\/varden\/wp-json\/wp\/v2\/users\/5"}],"replies":[{"embeddable":true,"href":"https:\/\/www.jaermuseet.no\/varden\/wp-json\/wp\/v2\/comments?post=7"}],"version-history":[{"count":9,"href":"https:\/\/www.jaermuseet.no\/varden\/wp-json\/wp\/v2\/pages\/7\/revisions"}],"predecessor-version":[{"id":214,"href":"https:\/\/www.jaermuseet.no\/varden\/wp-json\/wp\/v2\/pages\/7\/revisions\/214"}],"wp:attachment":[{"href":"https:\/\/www.jaermuseet.no\/varden\/wp-json\/wp\/v2\/media?parent=7"}],"curies":[{"name":"wp","href":"https:\/\/api.w.org\/{rel}","templated":true}]}}