{"id":6,"date":"2010-09-07T17:28:58","date_gmt":"2010-09-07T16:28:58","guid":{"rendered":"https:\/\/www.jaermuseet.no\/varden\/om-varden\/"},"modified":"2018-05-29T13:54:16","modified_gmt":"2018-05-29T12:54:16","slug":"om-varden","status":"publish","type":"page","link":"https:\/\/www.jaermuseet.no\/varden\/om-varden\/","title":{"rendered":"Om Varden"},"content":{"rendered":"<p>Mange sj\u00f8folk omkom i brenningane utanfor J\u00e6ren, og mange slags vrakgods kunne reka i land langs strendene. Allereie fr\u00e5 1500-talet har ein forteljingar om at j\u00e6rbuen, etter ei natt med skikkeleg uver og storm, kunne f\u00e5 hand om eksotiske varer som raudvin, sjokolade, sukker, \u201dpeber og anden saadan speceri\u201d \u2013 som var meint for borgarskapet i byane.<\/p>\n<p>P\u00e5 strandgardane var det vanleg at skipsplank eller \u201dskjeve kahyttsvindu\u201d var brukt i bygningane. Sj\u00f8lv om vrakgods kunne vera kj\u00e6rkome her p\u00e5 det skoglause J\u00e6ren, s\u00e5 var det grusomt n\u00e5r folk omkom. Fram til midten av 1800-talet fanst det ikkje redningsutstyr. Forlisa skjedde ofte i s\u00e5 d\u00e5rleg v\u00ear at det var ur\u00e5d \u00e5 koma ut med b\u00e5t. Folk p\u00e5 land stod hjelpelause og s\u00e5g at mannskap og passasjerar drukna.<\/p>\n<p>Fr\u00e5 midten av 1800-talet blei det arbeidd for \u00e5 skaffa redningsutstyr til J\u00e6rkysten og dei f\u00f8rste redningsstasjonane vart oppretta i 1854.<br \/>\n<a href=\"https:\/\/www.jaermuseet.no\/varden\/kart-til-varden-sjoredningsmuseum\/\"><br \/>\nVarden sj\u00f8redningsmuseum ligg p\u00e5 omr\u00e5det til Ogna Camping<\/a>, ved R-44. Museet opna i 1977 for \u00e5 ta vare p\u00e5 og dokumentera utstyret til redningsstasjonane p\u00e5 J\u00e6ren.<\/p>\n<p><strong>Redningsstasjonane<\/strong><br \/>\nDen 7. januar 1852 forliste skonnertbriggen \u00abMagdalene Christine\u00bb av Bergen p\u00e5 Brusanden. Det var eit forferdeleg v\u00ear med storm fr\u00e5 vest-sydvest. Etterkvart samla det seg mykje folk p\u00e5 land. Desse stod ikkje meir enn ca. 50 meter fr\u00e5 skipet, men kunne allikevel ikkje gjera noko. B\u00f8lgene gjekk s\u00e5 voldsomt og dei hadde ikkje utstyr \u00e5 hjelpa seg med. Etter f\u00e5 timar var b\u00e5ten sundbroten. Fem mann drukna.<\/p>\n<p>Konsul T\u00f8nnes Houge Puntervold var vitne til denne tragiske hendinga. Han skildrar dette i dagboka si: &#8230; jeg gjorde alt jeg formaaede til disse arme menneskers Frelse. Stakkars folk. Deres hjerteskj\u00e6rende skrig glemmer jeg aldrig&#8230; Etter dette forliset vart det skrive avisinnlegg, og den 12. januar sende 33 Stavanger-skipparar eit brev til Marinedepartementet, med b\u00f8n om hjelp til \u00e5 skaffa redningsutstyr til J\u00e6rkysten<\/p>\n<p>Dette var opptakta til sj\u00f8redningsstasjonane. I april vart det ved Kongeleg Resolution bestemt at det skulle opprettast stasjonar langs kysten, Fyrdirekt\u00f8ren fekk ansvaret. Han bestemte kor dei skulle leggjast, og leverte ut rakettutstyr til desse stasjonane p\u00e5 J\u00e6ren:<\/p>\n<p>Refve, Obrestad, Husveg og Kvalbein i 1854.<br \/>\nSeinare kom Raunen i 1896 og Vik i 1897.<\/p>\n<p>I 1891 vart Norsk Selskap til Skipsbrudnes Redning (NSSR) oppretta. Kvinneforeininga deira i Stavanger samla m.a. inn pengar til redningsb\u00e5ten \u00abTryg\u00bb som vart stasjonert p\u00e5 Kvalbeinsstranda i 1894.<\/p>\n<p>I 1933 overtok redningsselskapet (NSSR) alle stasjonane av staten. Utetter 1900-talet fekk Redningsselskapet nyare utstyr; f\u00f8rst redningssk\u00f8yter og seinare helikopter. Det var d\u00e5 etterkvart ikkje lenger bruk for redningsstasjonane. I 1977 var alle utanom Reve nedlagte. Ein del av utstyret fr\u00e5 desse vart tekne vare p\u00e5 og samla i museet i Varden som opna same \u00e5r.<\/p>\n","protected":false},"excerpt":{"rendered":"<p>Mange sj\u00f8folk omkom i brenningane utanfor J\u00e6ren, og mange slags&#8230;<\/p>\n","protected":false},"author":5,"featured_media":0,"parent":0,"menu_order":0,"comment_status":"open","ping_status":"open","template":"","meta":{"_acf_changed":false,"footnotes":""},"class_list":["post-6","page","type-page","status-publish","hentry","featured-image-size-large"],"acf":[],"yoast_head":"<!-- This site is optimized with the Yoast SEO plugin v27.6 - https:\/\/yoast.com\/product\/yoast-seo-wordpress\/ -->\n<title>Om Varden - Varden<\/title>\n<meta name=\"robots\" content=\"index, follow, max-snippet:-1, max-image-preview:large, max-video-preview:-1\" \/>\n<link rel=\"canonical\" href=\"https:\/\/www.jaermuseet.no\/varden\/om-varden\/\" \/>\n<meta property=\"og:locale\" content=\"nn_NO\" \/>\n<meta property=\"og:type\" content=\"article\" \/>\n<meta property=\"og:title\" content=\"Om Varden - Varden\" \/>\n<meta property=\"og:description\" content=\"Mange sj\u00f8folk omkom i brenningane utanfor J\u00e6ren, og mange slags...\" \/>\n<meta property=\"og:url\" content=\"https:\/\/www.jaermuseet.no\/varden\/om-varden\/\" \/>\n<meta property=\"og:site_name\" content=\"Varden\" \/>\n<meta property=\"article:modified_time\" content=\"2018-05-29T12:54:16+00:00\" \/>\n<meta name=\"twitter:card\" content=\"summary_large_image\" \/>\n<meta name=\"twitter:label1\" content=\"Est. reading time\" \/>\n\t<meta name=\"twitter:data1\" content=\"2 minutt\" \/>\n<script type=\"application\/ld+json\" class=\"yoast-schema-graph\">{\"@context\":\"https:\\\/\\\/schema.org\",\"@graph\":[{\"@type\":\"WebPage\",\"@id\":\"https:\\\/\\\/www.jaermuseet.no\\\/varden\\\/om-varden\\\/\",\"url\":\"https:\\\/\\\/www.jaermuseet.no\\\/varden\\\/om-varden\\\/\",\"name\":\"Om Varden - Varden\",\"isPartOf\":{\"@id\":\"https:\\\/\\\/www.jaermuseet.no\\\/varden\\\/#website\"},\"datePublished\":\"2010-09-07T16:28:58+00:00\",\"dateModified\":\"2018-05-29T12:54:16+00:00\",\"breadcrumb\":{\"@id\":\"https:\\\/\\\/www.jaermuseet.no\\\/varden\\\/om-varden\\\/#breadcrumb\"},\"inLanguage\":\"nn-NO\",\"potentialAction\":[{\"@type\":\"ReadAction\",\"target\":[\"https:\\\/\\\/www.jaermuseet.no\\\/varden\\\/om-varden\\\/\"]}]},{\"@type\":\"BreadcrumbList\",\"@id\":\"https:\\\/\\\/www.jaermuseet.no\\\/varden\\\/om-varden\\\/#breadcrumb\",\"itemListElement\":[{\"@type\":\"ListItem\",\"position\":1,\"name\":\"Hjem\",\"item\":\"https:\\\/\\\/www.jaermuseet.no\\\/varden\\\/en\\\/\"},{\"@type\":\"ListItem\",\"position\":2,\"name\":\"Om Varden\"}]},{\"@type\":\"WebSite\",\"@id\":\"https:\\\/\\\/www.jaermuseet.no\\\/varden\\\/#website\",\"url\":\"https:\\\/\\\/www.jaermuseet.no\\\/varden\\\/\",\"name\":\"Varden\",\"description\":\"Sj\u00f8redningsmuseum p\u00e5 Ogna.\",\"potentialAction\":[{\"@type\":\"SearchAction\",\"target\":{\"@type\":\"EntryPoint\",\"urlTemplate\":\"https:\\\/\\\/www.jaermuseet.no\\\/varden\\\/?s={search_term_string}\"},\"query-input\":{\"@type\":\"PropertyValueSpecification\",\"valueRequired\":true,\"valueName\":\"search_term_string\"}}],\"inLanguage\":\"nn-NO\"}]}<\/script>\n<!-- \/ Yoast SEO plugin. -->","yoast_head_json":{"title":"Om Varden - Varden","robots":{"index":"index","follow":"follow","max-snippet":"max-snippet:-1","max-image-preview":"max-image-preview:large","max-video-preview":"max-video-preview:-1"},"canonical":"https:\/\/www.jaermuseet.no\/varden\/om-varden\/","og_locale":"nn_NO","og_type":"article","og_title":"Om Varden - Varden","og_description":"Mange sj\u00f8folk omkom i brenningane utanfor J\u00e6ren, og mange slags...","og_url":"https:\/\/www.jaermuseet.no\/varden\/om-varden\/","og_site_name":"Varden","article_modified_time":"2018-05-29T12:54:16+00:00","twitter_card":"summary_large_image","twitter_misc":{"Est. reading time":"2 minutt"},"schema":{"@context":"https:\/\/schema.org","@graph":[{"@type":"WebPage","@id":"https:\/\/www.jaermuseet.no\/varden\/om-varden\/","url":"https:\/\/www.jaermuseet.no\/varden\/om-varden\/","name":"Om Varden - Varden","isPartOf":{"@id":"https:\/\/www.jaermuseet.no\/varden\/#website"},"datePublished":"2010-09-07T16:28:58+00:00","dateModified":"2018-05-29T12:54:16+00:00","breadcrumb":{"@id":"https:\/\/www.jaermuseet.no\/varden\/om-varden\/#breadcrumb"},"inLanguage":"nn-NO","potentialAction":[{"@type":"ReadAction","target":["https:\/\/www.jaermuseet.no\/varden\/om-varden\/"]}]},{"@type":"BreadcrumbList","@id":"https:\/\/www.jaermuseet.no\/varden\/om-varden\/#breadcrumb","itemListElement":[{"@type":"ListItem","position":1,"name":"Hjem","item":"https:\/\/www.jaermuseet.no\/varden\/en\/"},{"@type":"ListItem","position":2,"name":"Om Varden"}]},{"@type":"WebSite","@id":"https:\/\/www.jaermuseet.no\/varden\/#website","url":"https:\/\/www.jaermuseet.no\/varden\/","name":"Varden","description":"Sj\u00f8redningsmuseum p\u00e5 Ogna.","potentialAction":[{"@type":"SearchAction","target":{"@type":"EntryPoint","urlTemplate":"https:\/\/www.jaermuseet.no\/varden\/?s={search_term_string}"},"query-input":{"@type":"PropertyValueSpecification","valueRequired":true,"valueName":"search_term_string"}}],"inLanguage":"nn-NO"}]}},"jetpack_sharing_enabled":true,"_links":{"self":[{"href":"https:\/\/www.jaermuseet.no\/varden\/wp-json\/wp\/v2\/pages\/6","targetHints":{"allow":["GET"]}}],"collection":[{"href":"https:\/\/www.jaermuseet.no\/varden\/wp-json\/wp\/v2\/pages"}],"about":[{"href":"https:\/\/www.jaermuseet.no\/varden\/wp-json\/wp\/v2\/types\/page"}],"author":[{"embeddable":true,"href":"https:\/\/www.jaermuseet.no\/varden\/wp-json\/wp\/v2\/users\/5"}],"replies":[{"embeddable":true,"href":"https:\/\/www.jaermuseet.no\/varden\/wp-json\/wp\/v2\/comments?post=6"}],"version-history":[{"count":3,"href":"https:\/\/www.jaermuseet.no\/varden\/wp-json\/wp\/v2\/pages\/6\/revisions"}],"predecessor-version":[{"id":192,"href":"https:\/\/www.jaermuseet.no\/varden\/wp-json\/wp\/v2\/pages\/6\/revisions\/192"}],"wp:attachment":[{"href":"https:\/\/www.jaermuseet.no\/varden\/wp-json\/wp\/v2\/media?parent=6"}],"curies":[{"name":"wp","href":"https:\/\/api.w.org\/{rel}","templated":true}]}}