{"id":58,"date":"2016-06-07T15:40:05","date_gmt":"2016-06-07T14:40:05","guid":{"rendered":"https:\/\/www.jaermuseet.no\/varden\/?page_id=58"},"modified":"2025-08-18T10:31:56","modified_gmt":"2025-08-18T09:31:56","slug":"kontakt","status":"publish","type":"page","link":"https:\/\/www.jaermuseet.no\/varden\/kontakt\/","title":{"rendered":"Kontakt"},"content":{"rendered":"<p>Adresse:<br \/>Nordsj\u00f8vegen 4061 (inne p\u00e5 omr\u00e5det til Ogna camping)<br \/>4364 Sirev\u00e5g<\/p>\n<p>E-post: post@jaermuseet.no<br \/>Telefon: (+47) 47 77 60 20<\/p>\n<p><strong>\u00d8nsker du \u00e5 gje ei g\u00e5ve til museet?\u00a0<\/strong><\/p>\n<p><a href=\"https:\/\/www.jaermuseet.no\/blog\/gje-gave-til-museet\/\">Les meir om det her.\u00a0<\/a><\/p>\n\n\r\n<div class=\"employees\" style=\"display: grid; grid-template-columns: repeat(auto-fill, minmax(250px, 1fr)); gap: 1.5rem;\">\r\n                    <div class=\"employee\">\r\n                            <img loading=\"lazy\" decoding=\"async\" width=\"400\" height=\"350\" src=\"https:\/\/www.jaermuseet.no\/varden\/wp-content\/uploads\/sites\/6\/2020\/04\/Eirik-G-2-400x350.jpg\" class=\"employee-image wp-post-image\" alt=\"\" \/>            \r\n            <h3 class=\"employee-name\">Eirik Gurandsrud<\/h3>\r\n\r\n                            <p class=\"employee-position\">Avdelingsleiar\/historikar<\/p>\r\n            \r\n            \r\n                            <img decoding=\"async\" class=\"employee-icons\" src=\"https:\/\/www.jaermuseet.no\/varden\/wp-content\/plugins\/hcal-employees\/templates\/..\/assets\/icons\/employees-icons.png\" alt=\"Ikoner\">\r\n                <p class=\"employee-phone\">\r\n                    <a href=\"te&#x6c;&#x3a;95&#x32;2&#54;68&#x39;\">95 22 66 89<\/a>                                    <\/p>\r\n            \r\n                            <p class=\"employee-email\"><a href=\"&#109;&#x61;i&#108;&#116;&#x6f;&#58;ei&#103;&#64;&#x6a;ae&#114;&#109;usee&#116;.&#x6e;o\">ei&#103;&#64;&#x6a;ae&#114;&#109;usee&#116;.&#x6e;o<\/a><\/p>\r\n                    <\/div>\r\n    <\/div>\n","protected":false},"excerpt":{"rendered":"<p>Adresse:Nordsj\u00f8vegen 4061 (inne p\u00e5 omr\u00e5det til Ogna camping)4364 Sirev\u00e5g E-post:&#8230;<\/p>\n","protected":false},"author":1,"featured_media":0,"parent":0,"menu_order":0,"comment_status":"closed","ping_status":"closed","template":"","meta":{"_acf_changed":false,"footnotes":""},"class_list":["post-58","page","type-page","status-publish","hentry"],"acf":[],"yoast_head":"<!-- This site is optimized with the Yoast SEO plugin v27.6 - https:\/\/yoast.com\/product\/yoast-seo-wordpress\/ -->\n<title>Kontakt - Varden<\/title>\n<meta name=\"robots\" content=\"index, follow, max-snippet:-1, max-image-preview:large, max-video-preview:-1\" \/>\n<link rel=\"canonical\" href=\"https:\/\/www.jaermuseet.no\/varden\/kontakt\/\" \/>\n<meta property=\"og:locale\" content=\"nn_NO\" \/>\n<meta property=\"og:type\" content=\"article\" \/>\n<meta property=\"og:title\" content=\"Kontakt - Varden\" \/>\n<meta property=\"og:description\" content=\"Adresse:Nordsj\u00f8vegen 4061 (inne p\u00e5 omr\u00e5det til Ogna camping)4364 Sirev\u00e5g E-post:...\" \/>\n<meta property=\"og:url\" content=\"https:\/\/www.jaermuseet.no\/varden\/kontakt\/\" \/>\n<meta property=\"og:site_name\" content=\"Varden\" \/>\n<meta property=\"article:modified_time\" content=\"2025-08-18T09:31:56+00:00\" \/>\n<meta name=\"twitter:card\" content=\"summary_large_image\" \/>\n<meta name=\"twitter:label1\" content=\"Est. reading time\" \/>\n\t<meta name=\"twitter:data1\" content=\"1 minutt\" \/>\n<script type=\"application\/ld+json\" class=\"yoast-schema-graph\">{\"@context\":\"https:\\\/\\\/schema.org\",\"@graph\":[{\"@type\":\"WebPage\",\"@id\":\"https:\\\/\\\/www.jaermuseet.no\\\/varden\\\/kontakt\\\/\",\"url\":\"https:\\\/\\\/www.jaermuseet.no\\\/varden\\\/kontakt\\\/\",\"name\":\"Kontakt - Varden\",\"isPartOf\":{\"@id\":\"https:\\\/\\\/www.jaermuseet.no\\\/varden\\\/#website\"},\"datePublished\":\"2016-06-07T14:40:05+00:00\",\"dateModified\":\"2025-08-18T09:31:56+00:00\",\"breadcrumb\":{\"@id\":\"https:\\\/\\\/www.jaermuseet.no\\\/varden\\\/kontakt\\\/#breadcrumb\"},\"inLanguage\":\"nn-NO\",\"potentialAction\":[{\"@type\":\"ReadAction\",\"target\":[\"https:\\\/\\\/www.jaermuseet.no\\\/varden\\\/kontakt\\\/\"]}]},{\"@type\":\"BreadcrumbList\",\"@id\":\"https:\\\/\\\/www.jaermuseet.no\\\/varden\\\/kontakt\\\/#breadcrumb\",\"itemListElement\":[{\"@type\":\"ListItem\",\"position\":1,\"name\":\"Hjem\",\"item\":\"https:\\\/\\\/www.jaermuseet.no\\\/varden\\\/en\\\/\"},{\"@type\":\"ListItem\",\"position\":2,\"name\":\"Kontakt\"}]},{\"@type\":\"WebSite\",\"@id\":\"https:\\\/\\\/www.jaermuseet.no\\\/varden\\\/#website\",\"url\":\"https:\\\/\\\/www.jaermuseet.no\\\/varden\\\/\",\"name\":\"Varden\",\"description\":\"Sj\u00f8redningsmuseum p\u00e5 Ogna.\",\"potentialAction\":[{\"@type\":\"SearchAction\",\"target\":{\"@type\":\"EntryPoint\",\"urlTemplate\":\"https:\\\/\\\/www.jaermuseet.no\\\/varden\\\/?s={search_term_string}\"},\"query-input\":{\"@type\":\"PropertyValueSpecification\",\"valueRequired\":true,\"valueName\":\"search_term_string\"}}],\"inLanguage\":\"nn-NO\"}]}<\/script>\n<!-- \/ Yoast SEO plugin. -->","yoast_head_json":{"title":"Kontakt - Varden","robots":{"index":"index","follow":"follow","max-snippet":"max-snippet:-1","max-image-preview":"max-image-preview:large","max-video-preview":"max-video-preview:-1"},"canonical":"https:\/\/www.jaermuseet.no\/varden\/kontakt\/","og_locale":"nn_NO","og_type":"article","og_title":"Kontakt - Varden","og_description":"Adresse:Nordsj\u00f8vegen 4061 (inne p\u00e5 omr\u00e5det til Ogna camping)4364 Sirev\u00e5g E-post:...","og_url":"https:\/\/www.jaermuseet.no\/varden\/kontakt\/","og_site_name":"Varden","article_modified_time":"2025-08-18T09:31:56+00:00","twitter_card":"summary_large_image","twitter_misc":{"Est. reading time":"1 minutt"},"schema":{"@context":"https:\/\/schema.org","@graph":[{"@type":"WebPage","@id":"https:\/\/www.jaermuseet.no\/varden\/kontakt\/","url":"https:\/\/www.jaermuseet.no\/varden\/kontakt\/","name":"Kontakt - Varden","isPartOf":{"@id":"https:\/\/www.jaermuseet.no\/varden\/#website"},"datePublished":"2016-06-07T14:40:05+00:00","dateModified":"2025-08-18T09:31:56+00:00","breadcrumb":{"@id":"https:\/\/www.jaermuseet.no\/varden\/kontakt\/#breadcrumb"},"inLanguage":"nn-NO","potentialAction":[{"@type":"ReadAction","target":["https:\/\/www.jaermuseet.no\/varden\/kontakt\/"]}]},{"@type":"BreadcrumbList","@id":"https:\/\/www.jaermuseet.no\/varden\/kontakt\/#breadcrumb","itemListElement":[{"@type":"ListItem","position":1,"name":"Hjem","item":"https:\/\/www.jaermuseet.no\/varden\/en\/"},{"@type":"ListItem","position":2,"name":"Kontakt"}]},{"@type":"WebSite","@id":"https:\/\/www.jaermuseet.no\/varden\/#website","url":"https:\/\/www.jaermuseet.no\/varden\/","name":"Varden","description":"Sj\u00f8redningsmuseum p\u00e5 Ogna.","potentialAction":[{"@type":"SearchAction","target":{"@type":"EntryPoint","urlTemplate":"https:\/\/www.jaermuseet.no\/varden\/?s={search_term_string}"},"query-input":{"@type":"PropertyValueSpecification","valueRequired":true,"valueName":"search_term_string"}}],"inLanguage":"nn-NO"}]}},"jetpack_sharing_enabled":true,"_links":{"self":[{"href":"https:\/\/www.jaermuseet.no\/varden\/wp-json\/wp\/v2\/pages\/58","targetHints":{"allow":["GET"]}}],"collection":[{"href":"https:\/\/www.jaermuseet.no\/varden\/wp-json\/wp\/v2\/pages"}],"about":[{"href":"https:\/\/www.jaermuseet.no\/varden\/wp-json\/wp\/v2\/types\/page"}],"author":[{"embeddable":true,"href":"https:\/\/www.jaermuseet.no\/varden\/wp-json\/wp\/v2\/users\/1"}],"replies":[{"embeddable":true,"href":"https:\/\/www.jaermuseet.no\/varden\/wp-json\/wp\/v2\/comments?post=58"}],"version-history":[{"count":7,"href":"https:\/\/www.jaermuseet.no\/varden\/wp-json\/wp\/v2\/pages\/58\/revisions"}],"predecessor-version":[{"id":295,"href":"https:\/\/www.jaermuseet.no\/varden\/wp-json\/wp\/v2\/pages\/58\/revisions\/295"}],"wp:attachment":[{"href":"https:\/\/www.jaermuseet.no\/varden\/wp-json\/wp\/v2\/media?parent=58"}],"curies":[{"name":"wp","href":"https:\/\/api.w.org\/{rel}","templated":true}]}}