{"id":5,"date":"2016-07-25T13:24:47","date_gmt":"2016-07-25T12:24:47","guid":{"rendered":"https:\/\/www.jaermuseet.no\/varden\/kart-til-varden-sjoredningsmuseum\/"},"modified":"2015-09-01T13:29:50","modified_gmt":"2015-09-01T12:29:50","slug":"kart-til-varden-sjoredningsmuseum","status":"publish","type":"page","link":"https:\/\/www.jaermuseet.no\/varden\/kart-til-varden-sjoredningsmuseum\/","title":{"rendered":"Kart til Varden Sj\u00f8redningsmuseum"},"content":{"rendered":"<p><strong>Bes\u00f8ksadresse:<\/strong> Varden, 4364 Sirev\u00e5g<\/p>\n<div class=\"iframe-wrapper-gmaps\"><iframe loading=\"lazy\" src=\"https:\/\/www.google.com\/maps\/embed?pb=!1m18!1m12!1m3!1d16663.18063901038!2d5.7729235999999995!3d58.52992020000001!2m3!1f0!2f0!3f0!3m2!1i1024!2i768!4f13.1!3m3!1m2!1s0x463a10d641d038d9%3A0x31183bf30a61b76a!2sJ%C3%A6rmuseet+avdeling+Varden+sj%C3%B8redningsmuseum!5e0!3m2!1sno!2sno!4v1441110565371\" width=\"600\" height=\"450\" frameborder=\"0\" style=\"border:0\" allowfullscreen><\/iframe><\/div>\n","protected":false},"excerpt":{"rendered":"<p>Bes\u00f8ksadresse: Varden, 4364 Sirev\u00e5g<\/p>\n","protected":false},"author":5,"featured_media":0,"parent":0,"menu_order":0,"comment_status":"open","ping_status":"open","template":"","meta":{"_acf_changed":false,"footnotes":""},"class_list":["post-5","page","type-page","status-publish","hentry","featured-image-size-large"],"acf":[],"yoast_head":"<!-- This site is optimized with the Yoast SEO plugin v27.4 - https:\/\/yoast.com\/product\/yoast-seo-wordpress\/ -->\n<title>Kart til Varden Sj\u00f8redningsmuseum - Varden<\/title>\n<meta name=\"robots\" content=\"index, follow, max-snippet:-1, max-image-preview:large, max-video-preview:-1\" \/>\n<link rel=\"canonical\" href=\"https:\/\/www.jaermuseet.no\/varden\/kart-til-varden-sjoredningsmuseum\/\" \/>\n<meta property=\"og:locale\" content=\"nn_NO\" \/>\n<meta property=\"og:type\" content=\"article\" \/>\n<meta property=\"og:title\" content=\"Kart til Varden Sj\u00f8redningsmuseum - Varden\" \/>\n<meta property=\"og:description\" content=\"Bes\u00f8ksadresse: Varden, 4364 Sirev\u00e5g\" \/>\n<meta property=\"og:url\" content=\"https:\/\/www.jaermuseet.no\/varden\/kart-til-varden-sjoredningsmuseum\/\" \/>\n<meta property=\"og:site_name\" content=\"Varden\" \/>\n<meta name=\"twitter:card\" content=\"summary_large_image\" \/>\n<script type=\"application\/ld+json\" class=\"yoast-schema-graph\">{\"@context\":\"https:\\\/\\\/schema.org\",\"@graph\":[{\"@type\":\"WebPage\",\"@id\":\"https:\\\/\\\/www.jaermuseet.no\\\/varden\\\/kart-til-varden-sjoredningsmuseum\\\/\",\"url\":\"https:\\\/\\\/www.jaermuseet.no\\\/varden\\\/kart-til-varden-sjoredningsmuseum\\\/\",\"name\":\"Kart til Varden Sj\u00f8redningsmuseum - Varden\",\"isPartOf\":{\"@id\":\"https:\\\/\\\/www.jaermuseet.no\\\/varden\\\/#website\"},\"datePublished\":\"2016-07-25T12:24:47+00:00\",\"breadcrumb\":{\"@id\":\"https:\\\/\\\/www.jaermuseet.no\\\/varden\\\/kart-til-varden-sjoredningsmuseum\\\/#breadcrumb\"},\"inLanguage\":\"nn-NO\",\"potentialAction\":[{\"@type\":\"ReadAction\",\"target\":[\"https:\\\/\\\/www.jaermuseet.no\\\/varden\\\/kart-til-varden-sjoredningsmuseum\\\/\"]}]},{\"@type\":\"BreadcrumbList\",\"@id\":\"https:\\\/\\\/www.jaermuseet.no\\\/varden\\\/kart-til-varden-sjoredningsmuseum\\\/#breadcrumb\",\"itemListElement\":[{\"@type\":\"ListItem\",\"position\":1,\"name\":\"Hjem\",\"item\":\"https:\\\/\\\/www.jaermuseet.no\\\/varden\\\/en\\\/\"},{\"@type\":\"ListItem\",\"position\":2,\"name\":\"Kart til Varden Sj\u00f8redningsmuseum\"}]},{\"@type\":\"WebSite\",\"@id\":\"https:\\\/\\\/www.jaermuseet.no\\\/varden\\\/#website\",\"url\":\"https:\\\/\\\/www.jaermuseet.no\\\/varden\\\/\",\"name\":\"Varden\",\"description\":\"Sj\u00f8redningsmuseum p\u00e5 Ogna.\",\"potentialAction\":[{\"@type\":\"SearchAction\",\"target\":{\"@type\":\"EntryPoint\",\"urlTemplate\":\"https:\\\/\\\/www.jaermuseet.no\\\/varden\\\/?s={search_term_string}\"},\"query-input\":{\"@type\":\"PropertyValueSpecification\",\"valueRequired\":true,\"valueName\":\"search_term_string\"}}],\"inLanguage\":\"nn-NO\"}]}<\/script>\n<!-- \/ Yoast SEO plugin. -->","yoast_head_json":{"title":"Kart til Varden Sj\u00f8redningsmuseum - Varden","robots":{"index":"index","follow":"follow","max-snippet":"max-snippet:-1","max-image-preview":"max-image-preview:large","max-video-preview":"max-video-preview:-1"},"canonical":"https:\/\/www.jaermuseet.no\/varden\/kart-til-varden-sjoredningsmuseum\/","og_locale":"nn_NO","og_type":"article","og_title":"Kart til Varden Sj\u00f8redningsmuseum - Varden","og_description":"Bes\u00f8ksadresse: Varden, 4364 Sirev\u00e5g","og_url":"https:\/\/www.jaermuseet.no\/varden\/kart-til-varden-sjoredningsmuseum\/","og_site_name":"Varden","twitter_card":"summary_large_image","schema":{"@context":"https:\/\/schema.org","@graph":[{"@type":"WebPage","@id":"https:\/\/www.jaermuseet.no\/varden\/kart-til-varden-sjoredningsmuseum\/","url":"https:\/\/www.jaermuseet.no\/varden\/kart-til-varden-sjoredningsmuseum\/","name":"Kart til Varden Sj\u00f8redningsmuseum - Varden","isPartOf":{"@id":"https:\/\/www.jaermuseet.no\/varden\/#website"},"datePublished":"2016-07-25T12:24:47+00:00","breadcrumb":{"@id":"https:\/\/www.jaermuseet.no\/varden\/kart-til-varden-sjoredningsmuseum\/#breadcrumb"},"inLanguage":"nn-NO","potentialAction":[{"@type":"ReadAction","target":["https:\/\/www.jaermuseet.no\/varden\/kart-til-varden-sjoredningsmuseum\/"]}]},{"@type":"BreadcrumbList","@id":"https:\/\/www.jaermuseet.no\/varden\/kart-til-varden-sjoredningsmuseum\/#breadcrumb","itemListElement":[{"@type":"ListItem","position":1,"name":"Hjem","item":"https:\/\/www.jaermuseet.no\/varden\/en\/"},{"@type":"ListItem","position":2,"name":"Kart til Varden Sj\u00f8redningsmuseum"}]},{"@type":"WebSite","@id":"https:\/\/www.jaermuseet.no\/varden\/#website","url":"https:\/\/www.jaermuseet.no\/varden\/","name":"Varden","description":"Sj\u00f8redningsmuseum p\u00e5 Ogna.","potentialAction":[{"@type":"SearchAction","target":{"@type":"EntryPoint","urlTemplate":"https:\/\/www.jaermuseet.no\/varden\/?s={search_term_string}"},"query-input":{"@type":"PropertyValueSpecification","valueRequired":true,"valueName":"search_term_string"}}],"inLanguage":"nn-NO"}]}},"jetpack_sharing_enabled":true,"_links":{"self":[{"href":"https:\/\/www.jaermuseet.no\/varden\/wp-json\/wp\/v2\/pages\/5","targetHints":{"allow":["GET"]}}],"collection":[{"href":"https:\/\/www.jaermuseet.no\/varden\/wp-json\/wp\/v2\/pages"}],"about":[{"href":"https:\/\/www.jaermuseet.no\/varden\/wp-json\/wp\/v2\/types\/page"}],"author":[{"embeddable":true,"href":"https:\/\/www.jaermuseet.no\/varden\/wp-json\/wp\/v2\/users\/5"}],"replies":[{"embeddable":true,"href":"https:\/\/www.jaermuseet.no\/varden\/wp-json\/wp\/v2\/comments?post=5"}],"version-history":[{"count":1,"href":"https:\/\/www.jaermuseet.no\/varden\/wp-json\/wp\/v2\/pages\/5\/revisions"}],"predecessor-version":[{"id":73,"href":"https:\/\/www.jaermuseet.no\/varden\/wp-json\/wp\/v2\/pages\/5\/revisions\/73"}],"wp:attachment":[{"href":"https:\/\/www.jaermuseet.no\/varden\/wp-json\/wp\/v2\/media?parent=5"}],"curies":[{"name":"wp","href":"https:\/\/api.w.org\/{rel}","templated":true}]}}