{"id":11,"date":"2011-01-12T11:22:03","date_gmt":"2011-01-12T10:22:03","guid":{"rendered":"https:\/\/www.jaermuseet.no\/tungenesfyr\/kystverkmusea\/"},"modified":"2020-04-16T12:53:39","modified_gmt":"2020-04-16T10:53:39","slug":"kystverkmusea","status":"publish","type":"page","link":"https:\/\/www.jaermuseet.no\/tungenesfyr\/kystverkmusea\/","title":{"rendered":"Kystverkmusea"},"content":{"rendered":"<p>Utgangspunktet for Kystverkmusea var eit arbeid for \u00e5 f\u00e5 oppretta eit nasjonalt fyrmuseum. Denne ideen blei f\u00f8rste gong lansert p\u00e5 slutten av 1980-talet, b\u00e5de i museumskrinsane rundt Tungenes fyr og Lindesnes fyr. Ved begge desse nedlagte fyrstasjonane hadde det p\u00e5 denne tida blitt etablert popul\u00e6re publikumstilbod, og Aftenposten s\u00e5g f\u00f8re seg eit kappl\u00f8p om statusen &#8220;Norges fyrmuseum&#8221;. I staden blei fyrmuseumsid\u00e9en vidareutvikla i eit samarbeid mellom Tungenes fyr, Lindesnes fyrmuseum, Dalsfjord fyrmuseum, Lofotmuseet og Kystverket.<\/p>\n<p>Dei fem musea i Kystverkmusea deler Norge mellom seg, b\u00e5de geografisk og fagleg. For Tungenes fyr sin del vil dette innebera eit musealt ansvarsom\u00e5de som dekker Kystverket sitt 2. distrikt (Rogaland, Hordaland og Sogn og Fjordane) og eit st\u00f8rre fokus p\u00e5 f\u00f8lgjande fagomr\u00e5de innanfor Kystverket: trafikksentraltenesta og los.<\/p>\n<p>Bes\u00f8k nettsida til <a href=\"http:\/\/www.kystverkmusea.no\">Kystverkmusea<\/a><\/p>\n<p>&nbsp;<\/p>\n<p><strong>Kystreise.no<\/strong><\/p>\n<p>Kystreise er ein digital formidlingsplattform for maritim kulturhistorie. Her kan du finna filmar, tekst og bilete om maritim kulturhistorie og kulturminne fr\u00e5 heile norskekysten og fr\u00e5 ei rekke stader i Europa.<\/p>\n<p>Bes\u00f8k nettsida til <a href=\"http:\/\/www.kystreise.no\">Kystreise.no<\/a><\/p>\n","protected":false},"excerpt":{"rendered":"<p>Utgangspunktet for Kystverkmusea var eit arbeid for \u00e5 f\u00e5 oppretta&#8230;<\/p>\n","protected":false},"author":9,"featured_media":439,"parent":0,"menu_order":0,"comment_status":"open","ping_status":"open","template":"","meta":{"_acf_changed":false,"footnotes":""},"class_list":["post-11","page","type-page","status-publish","has-post-thumbnail","hentry","featured-image-size-small"],"acf":[],"yoast_head":"<!-- This site is optimized with the Yoast SEO plugin v27.4 - https:\/\/yoast.com\/product\/yoast-seo-wordpress\/ -->\n<title>Kystverkmusea - Tungenes Fyr<\/title>\n<meta name=\"robots\" content=\"index, follow, max-snippet:-1, max-image-preview:large, max-video-preview:-1\" \/>\n<link rel=\"canonical\" href=\"https:\/\/www.jaermuseet.no\/tungenesfyr\/kystverkmusea\/\" \/>\n<meta property=\"og:locale\" content=\"nn_NO\" \/>\n<meta property=\"og:type\" content=\"article\" \/>\n<meta property=\"og:title\" content=\"Kystverkmusea - Tungenes Fyr\" \/>\n<meta property=\"og:description\" content=\"Utgangspunktet for Kystverkmusea var eit arbeid for \u00e5 f\u00e5 oppretta...\" \/>\n<meta property=\"og:url\" content=\"https:\/\/www.jaermuseet.no\/tungenesfyr\/kystverkmusea\/\" \/>\n<meta property=\"og:site_name\" content=\"Tungenes Fyr\" \/>\n<meta property=\"article:modified_time\" content=\"2020-04-16T10:53:39+00:00\" \/>\n<meta property=\"og:image\" content=\"https:\/\/www.jaermuseet.no\/tungenesfyr\/wp-content\/uploads\/sites\/10\/2011\/01\/Kystverkmusea-logo.jpg\" \/>\n\t<meta property=\"og:image:width\" content=\"1750\" \/>\n\t<meta property=\"og:image:height\" content=\"729\" \/>\n\t<meta property=\"og:image:type\" content=\"image\/jpeg\" \/>\n<meta name=\"twitter:card\" content=\"summary_large_image\" \/>\n<meta name=\"twitter:label1\" content=\"Est. reading time\" \/>\n\t<meta name=\"twitter:data1\" content=\"1 minutt\" \/>\n<script type=\"application\/ld+json\" class=\"yoast-schema-graph\">{\"@context\":\"https:\\\/\\\/schema.org\",\"@graph\":[{\"@type\":\"WebPage\",\"@id\":\"https:\\\/\\\/www.jaermuseet.no\\\/tungenesfyr\\\/kystverkmusea\\\/\",\"url\":\"https:\\\/\\\/www.jaermuseet.no\\\/tungenesfyr\\\/kystverkmusea\\\/\",\"name\":\"Kystverkmusea - Tungenes Fyr\",\"isPartOf\":{\"@id\":\"https:\\\/\\\/www.jaermuseet.no\\\/tungenesfyr\\\/#website\"},\"primaryImageOfPage\":{\"@id\":\"https:\\\/\\\/www.jaermuseet.no\\\/tungenesfyr\\\/kystverkmusea\\\/#primaryimage\"},\"image\":{\"@id\":\"https:\\\/\\\/www.jaermuseet.no\\\/tungenesfyr\\\/kystverkmusea\\\/#primaryimage\"},\"thumbnailUrl\":\"https:\\\/\\\/www.jaermuseet.no\\\/tungenesfyr\\\/wp-content\\\/uploads\\\/sites\\\/10\\\/2011\\\/01\\\/Kystverkmusea-logo.jpg\",\"datePublished\":\"2011-01-12T10:22:03+00:00\",\"dateModified\":\"2020-04-16T10:53:39+00:00\",\"breadcrumb\":{\"@id\":\"https:\\\/\\\/www.jaermuseet.no\\\/tungenesfyr\\\/kystverkmusea\\\/#breadcrumb\"},\"inLanguage\":\"nn-NO\",\"potentialAction\":[{\"@type\":\"ReadAction\",\"target\":[\"https:\\\/\\\/www.jaermuseet.no\\\/tungenesfyr\\\/kystverkmusea\\\/\"]}]},{\"@type\":\"ImageObject\",\"inLanguage\":\"nn-NO\",\"@id\":\"https:\\\/\\\/www.jaermuseet.no\\\/tungenesfyr\\\/kystverkmusea\\\/#primaryimage\",\"url\":\"https:\\\/\\\/www.jaermuseet.no\\\/tungenesfyr\\\/wp-content\\\/uploads\\\/sites\\\/10\\\/2011\\\/01\\\/Kystverkmusea-logo.jpg\",\"contentUrl\":\"https:\\\/\\\/www.jaermuseet.no\\\/tungenesfyr\\\/wp-content\\\/uploads\\\/sites\\\/10\\\/2011\\\/01\\\/Kystverkmusea-logo.jpg\",\"width\":1750,\"height\":729,\"caption\":\"Logo Kystverkmusea\"},{\"@type\":\"BreadcrumbList\",\"@id\":\"https:\\\/\\\/www.jaermuseet.no\\\/tungenesfyr\\\/kystverkmusea\\\/#breadcrumb\",\"itemListElement\":[{\"@type\":\"ListItem\",\"position\":1,\"name\":\"Hjem\",\"item\":\"https:\\\/\\\/www.jaermuseet.no\\\/tungenesfyr\\\/\"},{\"@type\":\"ListItem\",\"position\":2,\"name\":\"Kystverkmusea\"}]},{\"@type\":\"WebSite\",\"@id\":\"https:\\\/\\\/www.jaermuseet.no\\\/tungenesfyr\\\/#website\",\"url\":\"https:\\\/\\\/www.jaermuseet.no\\\/tungenesfyr\\\/\",\"name\":\"Tungenes Fyr\",\"description\":\"Eit kulturelt fyrt\u00e5rn med eit mangfaldig aktivitetstilbod.\",\"potentialAction\":[{\"@type\":\"SearchAction\",\"target\":{\"@type\":\"EntryPoint\",\"urlTemplate\":\"https:\\\/\\\/www.jaermuseet.no\\\/tungenesfyr\\\/?s={search_term_string}\"},\"query-input\":{\"@type\":\"PropertyValueSpecification\",\"valueRequired\":true,\"valueName\":\"search_term_string\"}}],\"inLanguage\":\"nn-NO\"}]}<\/script>\n<!-- \/ Yoast SEO plugin. -->","yoast_head_json":{"title":"Kystverkmusea - Tungenes Fyr","robots":{"index":"index","follow":"follow","max-snippet":"max-snippet:-1","max-image-preview":"max-image-preview:large","max-video-preview":"max-video-preview:-1"},"canonical":"https:\/\/www.jaermuseet.no\/tungenesfyr\/kystverkmusea\/","og_locale":"nn_NO","og_type":"article","og_title":"Kystverkmusea - Tungenes Fyr","og_description":"Utgangspunktet for Kystverkmusea var eit arbeid for \u00e5 f\u00e5 oppretta...","og_url":"https:\/\/www.jaermuseet.no\/tungenesfyr\/kystverkmusea\/","og_site_name":"Tungenes Fyr","article_modified_time":"2020-04-16T10:53:39+00:00","og_image":[{"width":1750,"height":729,"url":"https:\/\/www.jaermuseet.no\/tungenesfyr\/wp-content\/uploads\/sites\/10\/2011\/01\/Kystverkmusea-logo.jpg","type":"image\/jpeg"}],"twitter_card":"summary_large_image","twitter_misc":{"Est. reading time":"1 minutt"},"schema":{"@context":"https:\/\/schema.org","@graph":[{"@type":"WebPage","@id":"https:\/\/www.jaermuseet.no\/tungenesfyr\/kystverkmusea\/","url":"https:\/\/www.jaermuseet.no\/tungenesfyr\/kystverkmusea\/","name":"Kystverkmusea - Tungenes Fyr","isPartOf":{"@id":"https:\/\/www.jaermuseet.no\/tungenesfyr\/#website"},"primaryImageOfPage":{"@id":"https:\/\/www.jaermuseet.no\/tungenesfyr\/kystverkmusea\/#primaryimage"},"image":{"@id":"https:\/\/www.jaermuseet.no\/tungenesfyr\/kystverkmusea\/#primaryimage"},"thumbnailUrl":"https:\/\/www.jaermuseet.no\/tungenesfyr\/wp-content\/uploads\/sites\/10\/2011\/01\/Kystverkmusea-logo.jpg","datePublished":"2011-01-12T10:22:03+00:00","dateModified":"2020-04-16T10:53:39+00:00","breadcrumb":{"@id":"https:\/\/www.jaermuseet.no\/tungenesfyr\/kystverkmusea\/#breadcrumb"},"inLanguage":"nn-NO","potentialAction":[{"@type":"ReadAction","target":["https:\/\/www.jaermuseet.no\/tungenesfyr\/kystverkmusea\/"]}]},{"@type":"ImageObject","inLanguage":"nn-NO","@id":"https:\/\/www.jaermuseet.no\/tungenesfyr\/kystverkmusea\/#primaryimage","url":"https:\/\/www.jaermuseet.no\/tungenesfyr\/wp-content\/uploads\/sites\/10\/2011\/01\/Kystverkmusea-logo.jpg","contentUrl":"https:\/\/www.jaermuseet.no\/tungenesfyr\/wp-content\/uploads\/sites\/10\/2011\/01\/Kystverkmusea-logo.jpg","width":1750,"height":729,"caption":"Logo Kystverkmusea"},{"@type":"BreadcrumbList","@id":"https:\/\/www.jaermuseet.no\/tungenesfyr\/kystverkmusea\/#breadcrumb","itemListElement":[{"@type":"ListItem","position":1,"name":"Hjem","item":"https:\/\/www.jaermuseet.no\/tungenesfyr\/"},{"@type":"ListItem","position":2,"name":"Kystverkmusea"}]},{"@type":"WebSite","@id":"https:\/\/www.jaermuseet.no\/tungenesfyr\/#website","url":"https:\/\/www.jaermuseet.no\/tungenesfyr\/","name":"Tungenes Fyr","description":"Eit kulturelt fyrt\u00e5rn med eit mangfaldig aktivitetstilbod.","potentialAction":[{"@type":"SearchAction","target":{"@type":"EntryPoint","urlTemplate":"https:\/\/www.jaermuseet.no\/tungenesfyr\/?s={search_term_string}"},"query-input":{"@type":"PropertyValueSpecification","valueRequired":true,"valueName":"search_term_string"}}],"inLanguage":"nn-NO"}]}},"jetpack_sharing_enabled":true,"_links":{"self":[{"href":"https:\/\/www.jaermuseet.no\/tungenesfyr\/wp-json\/wp\/v2\/pages\/11","targetHints":{"allow":["GET"]}}],"collection":[{"href":"https:\/\/www.jaermuseet.no\/tungenesfyr\/wp-json\/wp\/v2\/pages"}],"about":[{"href":"https:\/\/www.jaermuseet.no\/tungenesfyr\/wp-json\/wp\/v2\/types\/page"}],"author":[{"embeddable":true,"href":"https:\/\/www.jaermuseet.no\/tungenesfyr\/wp-json\/wp\/v2\/users\/9"}],"replies":[{"embeddable":true,"href":"https:\/\/www.jaermuseet.no\/tungenesfyr\/wp-json\/wp\/v2\/comments?post=11"}],"version-history":[{"count":10,"href":"https:\/\/www.jaermuseet.no\/tungenesfyr\/wp-json\/wp\/v2\/pages\/11\/revisions"}],"predecessor-version":[{"id":872,"href":"https:\/\/www.jaermuseet.no\/tungenesfyr\/wp-json\/wp\/v2\/pages\/11\/revisions\/872"}],"wp:featuredmedia":[{"embeddable":true,"href":"https:\/\/www.jaermuseet.no\/tungenesfyr\/wp-json\/wp\/v2\/media\/439"}],"wp:attachment":[{"href":"https:\/\/www.jaermuseet.no\/tungenesfyr\/wp-json\/wp\/v2\/media?parent=11"}],"curies":[{"name":"wp","href":"https:\/\/api.w.org\/{rel}","templated":true}]}}