{"id":10,"date":"2010-09-08T15:08:50","date_gmt":"2010-09-08T14:08:50","guid":{"rendered":"https:\/\/www.jaermuseet.no\/tungenesfyr\/butikk-og-kafe-pa-tungenes-fyr\/"},"modified":"2018-06-12T21:53:34","modified_gmt":"2018-06-12T19:53:34","slug":"butikk-og-kafe-pa-tungenes-fyr","status":"publish","type":"page","link":"https:\/\/www.jaermuseet.no\/tungenesfyr\/butikk-og-kafe-pa-tungenes-fyr\/","title":{"rendered":"Kaf\u00e8 p\u00e5 Tungenes Fyr"},"content":{"rendered":"<p>Ein sj\u00f8lvsagt stoppestad for turg\u00e5arar og fyrgjestar i naturskj\u00f8nne omgjevnader.<br \/>\nDu treng ikkje inngangsbillett til fyret for \u00e5 bes\u00f8ka kafeen.<\/p>\n<p>Butikken i kaf\u00e9en har eit omfattande utval av b\u00e5de<br \/>\nskj\u00f8nn- og faglitteratur om fyr.<\/p>\n","protected":false},"excerpt":{"rendered":"<p>Ein sj\u00f8lvsagt stoppestad for turg\u00e5arar og fyrgjestar i naturskj\u00f8nne omgjevnader&#8230;.<\/p>\n","protected":false},"author":9,"featured_media":0,"parent":0,"menu_order":0,"comment_status":"open","ping_status":"open","template":"","meta":{"_acf_changed":false,"footnotes":""},"class_list":["post-10","page","type-page","status-publish","hentry","featured-image-size-large"],"acf":[],"yoast_head":"<!-- This site is optimized with the Yoast SEO plugin v27.4 - https:\/\/yoast.com\/product\/yoast-seo-wordpress\/ -->\n<title>Kaf\u00e8 p\u00e5 Tungenes Fyr - Tungenes Fyr<\/title>\n<meta name=\"robots\" content=\"index, follow, max-snippet:-1, max-image-preview:large, max-video-preview:-1\" \/>\n<link rel=\"canonical\" href=\"https:\/\/www.jaermuseet.no\/tungenesfyr\/butikk-og-kafe-pa-tungenes-fyr\/\" \/>\n<meta property=\"og:locale\" content=\"nn_NO\" \/>\n<meta property=\"og:type\" content=\"article\" \/>\n<meta property=\"og:title\" content=\"Kaf\u00e8 p\u00e5 Tungenes Fyr - Tungenes Fyr\" \/>\n<meta property=\"og:description\" content=\"Ein sj\u00f8lvsagt stoppestad for turg\u00e5arar og fyrgjestar i naturskj\u00f8nne omgjevnader....\" \/>\n<meta property=\"og:url\" content=\"https:\/\/www.jaermuseet.no\/tungenesfyr\/butikk-og-kafe-pa-tungenes-fyr\/\" \/>\n<meta property=\"og:site_name\" content=\"Tungenes Fyr\" \/>\n<meta property=\"article:modified_time\" content=\"2018-06-12T19:53:34+00:00\" \/>\n<meta name=\"twitter:card\" content=\"summary_large_image\" \/>\n<script type=\"application\/ld+json\" class=\"yoast-schema-graph\">{\"@context\":\"https:\\\/\\\/schema.org\",\"@graph\":[{\"@type\":\"WebPage\",\"@id\":\"https:\\\/\\\/www.jaermuseet.no\\\/tungenesfyr\\\/butikk-og-kafe-pa-tungenes-fyr\\\/\",\"url\":\"https:\\\/\\\/www.jaermuseet.no\\\/tungenesfyr\\\/butikk-og-kafe-pa-tungenes-fyr\\\/\",\"name\":\"Kaf\u00e8 p\u00e5 Tungenes Fyr - Tungenes Fyr\",\"isPartOf\":{\"@id\":\"https:\\\/\\\/www.jaermuseet.no\\\/tungenesfyr\\\/#website\"},\"datePublished\":\"2010-09-08T14:08:50+00:00\",\"dateModified\":\"2018-06-12T19:53:34+00:00\",\"breadcrumb\":{\"@id\":\"https:\\\/\\\/www.jaermuseet.no\\\/tungenesfyr\\\/butikk-og-kafe-pa-tungenes-fyr\\\/#breadcrumb\"},\"inLanguage\":\"nn-NO\",\"potentialAction\":[{\"@type\":\"ReadAction\",\"target\":[\"https:\\\/\\\/www.jaermuseet.no\\\/tungenesfyr\\\/butikk-og-kafe-pa-tungenes-fyr\\\/\"]}]},{\"@type\":\"BreadcrumbList\",\"@id\":\"https:\\\/\\\/www.jaermuseet.no\\\/tungenesfyr\\\/butikk-og-kafe-pa-tungenes-fyr\\\/#breadcrumb\",\"itemListElement\":[{\"@type\":\"ListItem\",\"position\":1,\"name\":\"Hjem\",\"item\":\"https:\\\/\\\/www.jaermuseet.no\\\/tungenesfyr\\\/\"},{\"@type\":\"ListItem\",\"position\":2,\"name\":\"Kaf\u00e8 p\u00e5 Tungenes Fyr\"}]},{\"@type\":\"WebSite\",\"@id\":\"https:\\\/\\\/www.jaermuseet.no\\\/tungenesfyr\\\/#website\",\"url\":\"https:\\\/\\\/www.jaermuseet.no\\\/tungenesfyr\\\/\",\"name\":\"Tungenes Fyr\",\"description\":\"Eit kulturelt fyrt\u00e5rn med eit mangfaldig aktivitetstilbod.\",\"potentialAction\":[{\"@type\":\"SearchAction\",\"target\":{\"@type\":\"EntryPoint\",\"urlTemplate\":\"https:\\\/\\\/www.jaermuseet.no\\\/tungenesfyr\\\/?s={search_term_string}\"},\"query-input\":{\"@type\":\"PropertyValueSpecification\",\"valueRequired\":true,\"valueName\":\"search_term_string\"}}],\"inLanguage\":\"nn-NO\"}]}<\/script>\n<!-- \/ Yoast SEO plugin. -->","yoast_head_json":{"title":"Kaf\u00e8 p\u00e5 Tungenes Fyr - Tungenes Fyr","robots":{"index":"index","follow":"follow","max-snippet":"max-snippet:-1","max-image-preview":"max-image-preview:large","max-video-preview":"max-video-preview:-1"},"canonical":"https:\/\/www.jaermuseet.no\/tungenesfyr\/butikk-og-kafe-pa-tungenes-fyr\/","og_locale":"nn_NO","og_type":"article","og_title":"Kaf\u00e8 p\u00e5 Tungenes Fyr - Tungenes Fyr","og_description":"Ein sj\u00f8lvsagt stoppestad for turg\u00e5arar og fyrgjestar i naturskj\u00f8nne omgjevnader....","og_url":"https:\/\/www.jaermuseet.no\/tungenesfyr\/butikk-og-kafe-pa-tungenes-fyr\/","og_site_name":"Tungenes Fyr","article_modified_time":"2018-06-12T19:53:34+00:00","twitter_card":"summary_large_image","schema":{"@context":"https:\/\/schema.org","@graph":[{"@type":"WebPage","@id":"https:\/\/www.jaermuseet.no\/tungenesfyr\/butikk-og-kafe-pa-tungenes-fyr\/","url":"https:\/\/www.jaermuseet.no\/tungenesfyr\/butikk-og-kafe-pa-tungenes-fyr\/","name":"Kaf\u00e8 p\u00e5 Tungenes Fyr - Tungenes Fyr","isPartOf":{"@id":"https:\/\/www.jaermuseet.no\/tungenesfyr\/#website"},"datePublished":"2010-09-08T14:08:50+00:00","dateModified":"2018-06-12T19:53:34+00:00","breadcrumb":{"@id":"https:\/\/www.jaermuseet.no\/tungenesfyr\/butikk-og-kafe-pa-tungenes-fyr\/#breadcrumb"},"inLanguage":"nn-NO","potentialAction":[{"@type":"ReadAction","target":["https:\/\/www.jaermuseet.no\/tungenesfyr\/butikk-og-kafe-pa-tungenes-fyr\/"]}]},{"@type":"BreadcrumbList","@id":"https:\/\/www.jaermuseet.no\/tungenesfyr\/butikk-og-kafe-pa-tungenes-fyr\/#breadcrumb","itemListElement":[{"@type":"ListItem","position":1,"name":"Hjem","item":"https:\/\/www.jaermuseet.no\/tungenesfyr\/"},{"@type":"ListItem","position":2,"name":"Kaf\u00e8 p\u00e5 Tungenes Fyr"}]},{"@type":"WebSite","@id":"https:\/\/www.jaermuseet.no\/tungenesfyr\/#website","url":"https:\/\/www.jaermuseet.no\/tungenesfyr\/","name":"Tungenes Fyr","description":"Eit kulturelt fyrt\u00e5rn med eit mangfaldig aktivitetstilbod.","potentialAction":[{"@type":"SearchAction","target":{"@type":"EntryPoint","urlTemplate":"https:\/\/www.jaermuseet.no\/tungenesfyr\/?s={search_term_string}"},"query-input":{"@type":"PropertyValueSpecification","valueRequired":true,"valueName":"search_term_string"}}],"inLanguage":"nn-NO"}]}},"jetpack_sharing_enabled":true,"_links":{"self":[{"href":"https:\/\/www.jaermuseet.no\/tungenesfyr\/wp-json\/wp\/v2\/pages\/10","targetHints":{"allow":["GET"]}}],"collection":[{"href":"https:\/\/www.jaermuseet.no\/tungenesfyr\/wp-json\/wp\/v2\/pages"}],"about":[{"href":"https:\/\/www.jaermuseet.no\/tungenesfyr\/wp-json\/wp\/v2\/types\/page"}],"author":[{"embeddable":true,"href":"https:\/\/www.jaermuseet.no\/tungenesfyr\/wp-json\/wp\/v2\/users\/9"}],"replies":[{"embeddable":true,"href":"https:\/\/www.jaermuseet.no\/tungenesfyr\/wp-json\/wp\/v2\/comments?post=10"}],"version-history":[{"count":2,"href":"https:\/\/www.jaermuseet.no\/tungenesfyr\/wp-json\/wp\/v2\/pages\/10\/revisions"}],"predecessor-version":[{"id":658,"href":"https:\/\/www.jaermuseet.no\/tungenesfyr\/wp-json\/wp\/v2\/pages\/10\/revisions\/658"}],"wp:attachment":[{"href":"https:\/\/www.jaermuseet.no\/tungenesfyr\/wp-json\/wp\/v2\/media?parent=10"}],"curies":[{"name":"wp","href":"https:\/\/api.w.org\/{rel}","templated":true}]}}