{"id":8,"date":"2010-09-07T17:48:19","date_gmt":"2010-09-07T16:48:19","guid":{"rendered":"https:\/\/www.jaermuseet.no\/sciencecircus\/science-circus-eksperiment\/"},"modified":"2019-05-14T13:39:45","modified_gmt":"2019-05-14T11:39:45","slug":"science-circus-eksperiment","status":"publish","type":"page","link":"https:\/\/www.jaermuseet.no\/sciencecircus\/science-circus-eksperiment\/","title":{"rendered":"Science Circus utstilling"},"content":{"rendered":"<p>Me har ei mobil, interaktiv vitensenterutstilling. Denne inneheld 30-35 interaktive eksperiment som elevane kan bes\u00f8ka i lag med l\u00e6rar.<\/p>\n<p>Eksperimenta dekker mange forskjellige tema. Fr\u00e5 elektronikk, magnetisme og energi til matematikk og optiske illusjonar. Utstillinga kan setjast opp i gymsal eller andre rom med nok plass. For \u00e5 nytta denne m\u00e5 me ha 30 pultar eller 15 doble bord p\u00e5 plass n\u00e5r me kjem.<\/p>\n<p>Me set og pris p\u00e5 om de har nokre elevar som kan hjelpa til med \u00e5 ta utstyret inn og hjelpe med \u00e5 rigge utstillinga.<\/p>\n<div class=\"tiled-gallery type-rectangular tiled-gallery-unresized\" data-original-width=\"500\" data-carousel-extra='null' itemscope itemtype=\"http:\/\/schema.org\/ImageGallery\" > <div class=\"gallery-row\" style=\"width: 500px; height: 401px;\" data-original-width=\"500\" data-original-height=\"401\" > <div class=\"gallery-group images-3\" style=\"width: 198px; height: 401px;\" data-original-width=\"198\" data-original-height=\"401\" > <div class=\"tiled-gallery-item tiled-gallery-item-small\" itemprop=\"associatedMedia\" itemscope itemtype=\"http:\/\/schema.org\/ImageObject\"> <a href=\"https:\/\/www.jaermuseet.no\/sciencecircus\/science-circus-eksperiment\/science_cirkus14\/\" border=\"0\" itemprop=\"url\"> <meta itemprop=\"width\" content=\"194\"> <meta itemprop=\"height\" content=\"130\"> <img decoding=\"async\" class=\"\" data-attachment-id=\"337\" data-orig-file=\"https:\/\/www.jaermuseet.no\/sciencecircus\/wp-content\/uploads\/sites\/9\/2019\/05\/science_cirkus14.jpg\" data-orig-size=\"7360,4912\" data-comments-opened=\"\" data-image-meta=\"{&quot;aperture&quot;:&quot;2.8&quot;,&quot;credit&quot;:&quot;&quot;,&quot;camera&quot;:&quot;NIKON D810&quot;,&quot;caption&quot;:&quot;&quot;,&quot;created_timestamp&quot;:&quot;1495614396&quot;,&quot;copyright&quot;:&quot;&quot;,&quot;focal_length&quot;:&quot;32&quot;,&quot;iso&quot;:&quot;2000&quot;,&quot;shutter_speed&quot;:&quot;0.0025&quot;,&quot;title&quot;:&quot;&quot;,&quot;orientation&quot;:&quot;0&quot;}\" data-image-title=\"science_cirkus14\" data-image-description=\"\" data-medium-file=\"https:\/\/www.jaermuseet.no\/sciencecircus\/wp-content\/uploads\/sites\/9\/2019\/05\/science_cirkus14-300x200.jpg\" data-large-file=\"https:\/\/www.jaermuseet.no\/sciencecircus\/wp-content\/uploads\/sites\/9\/2019\/05\/science_cirkus14-1024x683.jpg\" src=\"https:\/\/i0.wp.com\/www.jaermuseet.no\/sciencecircus\/wp-content\/uploads\/sites\/9\/2019\/05\/science_cirkus14.jpg?w=194&#038;h=130&#038;ssl=1\" srcset=\"https:\/\/www.jaermuseet.no\/sciencecircus\/wp-content\/uploads\/sites\/9\/2019\/05\/science_cirkus14.jpg 7360w, https:\/\/www.jaermuseet.no\/sciencecircus\/wp-content\/uploads\/sites\/9\/2019\/05\/science_cirkus14-300x200.jpg 300w, https:\/\/www.jaermuseet.no\/sciencecircus\/wp-content\/uploads\/sites\/9\/2019\/05\/science_cirkus14-1024x683.jpg 1024w, https:\/\/www.jaermuseet.no\/sciencecircus\/wp-content\/uploads\/sites\/9\/2019\/05\/science_cirkus14-250x167.jpg 250w\" width=\"194\" height=\"130\" loading=\"lazy\" data-original-width=\"194\" data-original-height=\"130\" itemprop=\"http:\/\/schema.org\/image\" title=\"science_cirkus14\" alt=\"science_cirkus14\" style=\"width: 194px; height: 130px;\" \/> <\/a> <\/div> <div class=\"tiled-gallery-item tiled-gallery-item-small\" itemprop=\"associatedMedia\" itemscope itemtype=\"http:\/\/schema.org\/ImageObject\"> <a href=\"https:\/\/www.jaermuseet.no\/sciencecircus\/science-circus-eksperiment\/science_cirkus18\/\" border=\"0\" itemprop=\"url\"> <meta itemprop=\"width\" content=\"194\"> <meta itemprop=\"height\" content=\"129\"> <img decoding=\"async\" class=\"\" data-attachment-id=\"338\" data-orig-file=\"https:\/\/www.jaermuseet.no\/sciencecircus\/wp-content\/uploads\/sites\/9\/2019\/05\/science_cirkus18.jpg\" data-orig-size=\"6209,4139\" data-comments-opened=\"\" data-image-meta=\"{&quot;aperture&quot;:&quot;3.5&quot;,&quot;credit&quot;:&quot;&quot;,&quot;camera&quot;:&quot;NIKON D810&quot;,&quot;caption&quot;:&quot;&quot;,&quot;created_timestamp&quot;:&quot;1495614918&quot;,&quot;copyright&quot;:&quot;&quot;,&quot;focal_length&quot;:&quot;48&quot;,&quot;iso&quot;:&quot;2000&quot;,&quot;shutter_speed&quot;:&quot;0.004&quot;,&quot;title&quot;:&quot;&quot;,&quot;orientation&quot;:&quot;0&quot;}\" data-image-title=\"science_cirkus18\" data-image-description=\"\" data-medium-file=\"https:\/\/www.jaermuseet.no\/sciencecircus\/wp-content\/uploads\/sites\/9\/2019\/05\/science_cirkus18-300x200.jpg\" data-large-file=\"https:\/\/www.jaermuseet.no\/sciencecircus\/wp-content\/uploads\/sites\/9\/2019\/05\/science_cirkus18-1024x683.jpg\" src=\"https:\/\/i0.wp.com\/www.jaermuseet.no\/sciencecircus\/wp-content\/uploads\/sites\/9\/2019\/05\/science_cirkus18.jpg?w=194&#038;h=129&#038;ssl=1\" srcset=\"https:\/\/www.jaermuseet.no\/sciencecircus\/wp-content\/uploads\/sites\/9\/2019\/05\/science_cirkus18.jpg 6209w, https:\/\/www.jaermuseet.no\/sciencecircus\/wp-content\/uploads\/sites\/9\/2019\/05\/science_cirkus18-300x200.jpg 300w, https:\/\/www.jaermuseet.no\/sciencecircus\/wp-content\/uploads\/sites\/9\/2019\/05\/science_cirkus18-1024x683.jpg 1024w, https:\/\/www.jaermuseet.no\/sciencecircus\/wp-content\/uploads\/sites\/9\/2019\/05\/science_cirkus18-250x167.jpg 250w\" width=\"194\" height=\"129\" loading=\"lazy\" data-original-width=\"194\" data-original-height=\"129\" itemprop=\"http:\/\/schema.org\/image\" title=\"science_cirkus18\" alt=\"science_cirkus18\" style=\"width: 194px; height: 129px;\" \/> <\/a> <\/div> <div class=\"tiled-gallery-item tiled-gallery-item-small\" itemprop=\"associatedMedia\" itemscope itemtype=\"http:\/\/schema.org\/ImageObject\"> <a href=\"https:\/\/www.jaermuseet.no\/sciencecircus\/science-circus-eksperiment\/science_cirkus123\/\" border=\"0\" itemprop=\"url\"> <meta itemprop=\"width\" content=\"194\"> <meta itemprop=\"height\" content=\"130\"> <img decoding=\"async\" class=\"\" data-attachment-id=\"339\" data-orig-file=\"https:\/\/www.jaermuseet.no\/sciencecircus\/wp-content\/uploads\/sites\/9\/2019\/05\/science_cirkus123.jpg\" data-orig-size=\"7360,4912\" data-comments-opened=\"\" data-image-meta=\"{&quot;aperture&quot;:&quot;2.5&quot;,&quot;credit&quot;:&quot;&quot;,&quot;camera&quot;:&quot;NIKON D810&quot;,&quot;caption&quot;:&quot;&quot;,&quot;created_timestamp&quot;:&quot;1495623905&quot;,&quot;copyright&quot;:&quot;&quot;,&quot;focal_length&quot;:&quot;50&quot;,&quot;iso&quot;:&quot;800&quot;,&quot;shutter_speed&quot;:&quot;0.008&quot;,&quot;title&quot;:&quot;&quot;,&quot;orientation&quot;:&quot;0&quot;}\" data-image-title=\"science_cirkus123\" data-image-description=\"\" data-medium-file=\"https:\/\/www.jaermuseet.no\/sciencecircus\/wp-content\/uploads\/sites\/9\/2019\/05\/science_cirkus123-300x200.jpg\" data-large-file=\"https:\/\/www.jaermuseet.no\/sciencecircus\/wp-content\/uploads\/sites\/9\/2019\/05\/science_cirkus123-1024x683.jpg\" src=\"https:\/\/i0.wp.com\/www.jaermuseet.no\/sciencecircus\/wp-content\/uploads\/sites\/9\/2019\/05\/science_cirkus123.jpg?w=194&#038;h=130&#038;ssl=1\" srcset=\"https:\/\/www.jaermuseet.no\/sciencecircus\/wp-content\/uploads\/sites\/9\/2019\/05\/science_cirkus123.jpg 7360w, https:\/\/www.jaermuseet.no\/sciencecircus\/wp-content\/uploads\/sites\/9\/2019\/05\/science_cirkus123-300x200.jpg 300w, https:\/\/www.jaermuseet.no\/sciencecircus\/wp-content\/uploads\/sites\/9\/2019\/05\/science_cirkus123-1024x683.jpg 1024w, https:\/\/www.jaermuseet.no\/sciencecircus\/wp-content\/uploads\/sites\/9\/2019\/05\/science_cirkus123-250x167.jpg 250w\" width=\"194\" height=\"130\" loading=\"lazy\" data-original-width=\"194\" data-original-height=\"130\" itemprop=\"http:\/\/schema.org\/image\" title=\"science_cirkus123\" alt=\"science_cirkus123\" style=\"width: 194px; height: 130px;\" \/> <\/a> <\/div> <\/div> <!-- close group --> <div class=\"gallery-group images-1\" style=\"width: 302px; height: 401px;\" data-original-width=\"302\" data-original-height=\"401\" > <div class=\"tiled-gallery-item tiled-gallery-item-large\" itemprop=\"associatedMedia\" itemscope itemtype=\"http:\/\/schema.org\/ImageObject\"> <a href=\"https:\/\/www.jaermuseet.no\/sciencecircus\/science-circus-show\/20190327_084243\/\" border=\"0\" itemprop=\"url\"> <meta itemprop=\"width\" content=\"298\"> <meta itemprop=\"height\" content=\"397\"> <img decoding=\"async\" class=\"\" data-attachment-id=\"325\" data-orig-file=\"https:\/\/www.jaermuseet.no\/sciencecircus\/wp-content\/uploads\/sites\/9\/2019\/05\/20190327_084243.jpg\" data-orig-size=\"3024,4032\" data-comments-opened=\"\" data-image-meta=\"{&quot;aperture&quot;:&quot;1.7&quot;,&quot;credit&quot;:&quot;&quot;,&quot;camera&quot;:&quot;SM-G950F&quot;,&quot;caption&quot;:&quot;&quot;,&quot;created_timestamp&quot;:&quot;1553676163&quot;,&quot;copyright&quot;:&quot;&quot;,&quot;focal_length&quot;:&quot;4.2&quot;,&quot;iso&quot;:&quot;160&quot;,&quot;shutter_speed&quot;:&quot;0.03030303030303&quot;,&quot;title&quot;:&quot;&quot;,&quot;orientation&quot;:&quot;1&quot;}\" data-image-title=\"20190327_084243\" data-image-description=\"\" data-medium-file=\"https:\/\/www.jaermuseet.no\/sciencecircus\/wp-content\/uploads\/sites\/9\/2019\/05\/20190327_084243-225x300.jpg\" data-large-file=\"https:\/\/www.jaermuseet.no\/sciencecircus\/wp-content\/uploads\/sites\/9\/2019\/05\/20190327_084243-768x1024.jpg\" src=\"https:\/\/i0.wp.com\/www.jaermuseet.no\/sciencecircus\/wp-content\/uploads\/sites\/9\/2019\/05\/20190327_084243.jpg?w=298&#038;h=397&#038;ssl=1\" srcset=\"https:\/\/www.jaermuseet.no\/sciencecircus\/wp-content\/uploads\/sites\/9\/2019\/05\/20190327_084243.jpg 3024w, https:\/\/www.jaermuseet.no\/sciencecircus\/wp-content\/uploads\/sites\/9\/2019\/05\/20190327_084243-225x300.jpg 225w, https:\/\/www.jaermuseet.no\/sciencecircus\/wp-content\/uploads\/sites\/9\/2019\/05\/20190327_084243-768x1024.jpg 768w, https:\/\/www.jaermuseet.no\/sciencecircus\/wp-content\/uploads\/sites\/9\/2019\/05\/20190327_084243-250x333.jpg 250w\" width=\"298\" height=\"397\" loading=\"lazy\" data-original-width=\"298\" data-original-height=\"397\" itemprop=\"http:\/\/schema.org\/image\" title=\"20190327_084243\" alt=\"20190327_084243\" style=\"width: 298px; height: 397px;\" \/> <\/a> <\/div> <\/div> <!-- close group --> <\/div> <!-- close row --> <div class=\"gallery-row\" style=\"width: 500px; height: 515px;\" data-original-width=\"500\" data-original-height=\"515\" > <div class=\"gallery-group images-1\" style=\"width: 500px; height: 515px;\" data-original-width=\"500\" data-original-height=\"515\" > <div class=\"tiled-gallery-item tiled-gallery-item-large\" itemprop=\"associatedMedia\" itemscope itemtype=\"http:\/\/schema.org\/ImageObject\"> <a href=\"https:\/\/www.jaermuseet.no\/sciencecircus\/science-circus-show\/utstilling\/\" border=\"0\" itemprop=\"url\"> <meta itemprop=\"width\" content=\"496\"> <meta itemprop=\"height\" content=\"511\"> <img decoding=\"async\" class=\"\" data-attachment-id=\"318\" data-orig-file=\"https:\/\/www.jaermuseet.no\/sciencecircus\/wp-content\/uploads\/sites\/9\/2019\/05\/utstilling.png\" data-orig-size=\"546,563\" data-comments-opened=\"\" data-image-meta=\"{&quot;aperture&quot;:&quot;0&quot;,&quot;credit&quot;:&quot;&quot;,&quot;camera&quot;:&quot;&quot;,&quot;caption&quot;:&quot;&quot;,&quot;created_timestamp&quot;:&quot;0&quot;,&quot;copyright&quot;:&quot;&quot;,&quot;focal_length&quot;:&quot;0&quot;,&quot;iso&quot;:&quot;0&quot;,&quot;shutter_speed&quot;:&quot;0&quot;,&quot;title&quot;:&quot;&quot;,&quot;orientation&quot;:&quot;0&quot;}\" data-image-title=\"utstilling\" data-image-description=\"\" data-medium-file=\"https:\/\/www.jaermuseet.no\/sciencecircus\/wp-content\/uploads\/sites\/9\/2019\/05\/utstilling-291x300.png\" data-large-file=\"https:\/\/www.jaermuseet.no\/sciencecircus\/wp-content\/uploads\/sites\/9\/2019\/05\/utstilling.png\" src=\"https:\/\/i0.wp.com\/www.jaermuseet.no\/sciencecircus\/wp-content\/uploads\/sites\/9\/2019\/05\/utstilling.png?w=496&#038;h=511&#038;ssl=1\" srcset=\"https:\/\/www.jaermuseet.no\/sciencecircus\/wp-content\/uploads\/sites\/9\/2019\/05\/utstilling.png 546w, https:\/\/www.jaermuseet.no\/sciencecircus\/wp-content\/uploads\/sites\/9\/2019\/05\/utstilling-291x300.png 291w, https:\/\/www.jaermuseet.no\/sciencecircus\/wp-content\/uploads\/sites\/9\/2019\/05\/utstilling-250x258.png 250w\" width=\"496\" height=\"511\" loading=\"lazy\" data-original-width=\"496\" data-original-height=\"511\" itemprop=\"http:\/\/schema.org\/image\" title=\"utstilling\" alt=\"utstilling\" style=\"width: 496px; height: 511px;\" \/> <\/a> <\/div> <\/div> <!-- close group --> <\/div> <!-- close row --> <\/div>\n","protected":false},"excerpt":{"rendered":"<p>Me har ei mobil, interaktiv vitensenterutstilling. Denne inneheld 30-35 interaktive&#8230;<\/p>\n","protected":false},"author":8,"featured_media":0,"parent":0,"menu_order":0,"comment_status":"open","ping_status":"open","template":"","meta":{"_acf_changed":false,"footnotes":""},"class_list":["post-8","page","type-page","status-publish","hentry","featured-image-size-large"],"acf":[],"yoast_head":"<!-- This site is optimized with the Yoast SEO plugin v27.4 - https:\/\/yoast.com\/product\/yoast-seo-wordpress\/ -->\n<title>Science Circus utstilling - Science Circus<\/title>\n<meta name=\"robots\" content=\"index, follow, max-snippet:-1, max-image-preview:large, max-video-preview:-1\" \/>\n<link rel=\"canonical\" href=\"https:\/\/www.jaermuseet.no\/sciencecircus\/science-circus-eksperiment\/\" \/>\n<meta property=\"og:locale\" content=\"nn_NO\" \/>\n<meta property=\"og:type\" content=\"article\" \/>\n<meta property=\"og:title\" content=\"Science Circus utstilling - Science Circus\" \/>\n<meta property=\"og:description\" content=\"Me har ei mobil, interaktiv vitensenterutstilling. Denne inneheld 30-35 interaktive...\" \/>\n<meta property=\"og:url\" content=\"https:\/\/www.jaermuseet.no\/sciencecircus\/science-circus-eksperiment\/\" \/>\n<meta property=\"og:site_name\" content=\"Science Circus\" \/>\n<meta property=\"article:modified_time\" content=\"2019-05-14T11:39:45+00:00\" \/>\n<meta property=\"og:image\" content=\"https:\/\/i1.wp.com\/www.jaermuseet.no\/sciencecircus\/wp-content\/uploads\/sites\/9\/2019\/05\/science_cirkus14.jpg?w=194&#038;h=130&#038;ssl=1\" \/>\n<meta name=\"twitter:card\" content=\"summary_large_image\" \/>\n<script type=\"application\/ld+json\" class=\"yoast-schema-graph\">{\"@context\":\"https:\\\/\\\/schema.org\",\"@graph\":[{\"@type\":\"WebPage\",\"@id\":\"https:\\\/\\\/www.jaermuseet.no\\\/sciencecircus\\\/science-circus-eksperiment\\\/\",\"url\":\"https:\\\/\\\/www.jaermuseet.no\\\/sciencecircus\\\/science-circus-eksperiment\\\/\",\"name\":\"Science Circus utstilling - Science Circus\",\"isPartOf\":{\"@id\":\"https:\\\/\\\/www.jaermuseet.no\\\/sciencecircus\\\/#website\"},\"datePublished\":\"2010-09-07T16:48:19+00:00\",\"dateModified\":\"2019-05-14T11:39:45+00:00\",\"breadcrumb\":{\"@id\":\"https:\\\/\\\/www.jaermuseet.no\\\/sciencecircus\\\/science-circus-eksperiment\\\/#breadcrumb\"},\"inLanguage\":\"nn-NO\",\"potentialAction\":[{\"@type\":\"ReadAction\",\"target\":[\"https:\\\/\\\/www.jaermuseet.no\\\/sciencecircus\\\/science-circus-eksperiment\\\/\"]}]},{\"@type\":\"BreadcrumbList\",\"@id\":\"https:\\\/\\\/www.jaermuseet.no\\\/sciencecircus\\\/science-circus-eksperiment\\\/#breadcrumb\",\"itemListElement\":[{\"@type\":\"ListItem\",\"position\":1,\"name\":\"Hjem\",\"item\":\"https:\\\/\\\/www.jaermuseet.no\\\/sciencecircus\\\/\"},{\"@type\":\"ListItem\",\"position\":2,\"name\":\"Science Circus utstilling\"}]},{\"@type\":\"WebSite\",\"@id\":\"https:\\\/\\\/www.jaermuseet.no\\\/sciencecircus\\\/#website\",\"url\":\"https:\\\/\\\/www.jaermuseet.no\\\/sciencecircus\\\/\",\"name\":\"Science Circus\",\"description\":\"Jaermuseet&#039;s outreach program\",\"potentialAction\":[{\"@type\":\"SearchAction\",\"target\":{\"@type\":\"EntryPoint\",\"urlTemplate\":\"https:\\\/\\\/www.jaermuseet.no\\\/sciencecircus\\\/?s={search_term_string}\"},\"query-input\":{\"@type\":\"PropertyValueSpecification\",\"valueRequired\":true,\"valueName\":\"search_term_string\"}}],\"inLanguage\":\"nn-NO\"}]}<\/script>\n<!-- \/ Yoast SEO plugin. -->","yoast_head_json":{"title":"Science Circus utstilling - Science Circus","robots":{"index":"index","follow":"follow","max-snippet":"max-snippet:-1","max-image-preview":"max-image-preview:large","max-video-preview":"max-video-preview:-1"},"canonical":"https:\/\/www.jaermuseet.no\/sciencecircus\/science-circus-eksperiment\/","og_locale":"nn_NO","og_type":"article","og_title":"Science Circus utstilling - Science Circus","og_description":"Me har ei mobil, interaktiv vitensenterutstilling. Denne inneheld 30-35 interaktive...","og_url":"https:\/\/www.jaermuseet.no\/sciencecircus\/science-circus-eksperiment\/","og_site_name":"Science Circus","article_modified_time":"2019-05-14T11:39:45+00:00","og_image":[{"url":"https:\/\/i1.wp.com\/www.jaermuseet.no\/sciencecircus\/wp-content\/uploads\/sites\/9\/2019\/05\/science_cirkus14.jpg?w=194&#038;h=130&#038;ssl=1","type":"","width":"","height":""}],"twitter_card":"summary_large_image","schema":{"@context":"https:\/\/schema.org","@graph":[{"@type":"WebPage","@id":"https:\/\/www.jaermuseet.no\/sciencecircus\/science-circus-eksperiment\/","url":"https:\/\/www.jaermuseet.no\/sciencecircus\/science-circus-eksperiment\/","name":"Science Circus utstilling - Science Circus","isPartOf":{"@id":"https:\/\/www.jaermuseet.no\/sciencecircus\/#website"},"datePublished":"2010-09-07T16:48:19+00:00","dateModified":"2019-05-14T11:39:45+00:00","breadcrumb":{"@id":"https:\/\/www.jaermuseet.no\/sciencecircus\/science-circus-eksperiment\/#breadcrumb"},"inLanguage":"nn-NO","potentialAction":[{"@type":"ReadAction","target":["https:\/\/www.jaermuseet.no\/sciencecircus\/science-circus-eksperiment\/"]}]},{"@type":"BreadcrumbList","@id":"https:\/\/www.jaermuseet.no\/sciencecircus\/science-circus-eksperiment\/#breadcrumb","itemListElement":[{"@type":"ListItem","position":1,"name":"Hjem","item":"https:\/\/www.jaermuseet.no\/sciencecircus\/"},{"@type":"ListItem","position":2,"name":"Science Circus utstilling"}]},{"@type":"WebSite","@id":"https:\/\/www.jaermuseet.no\/sciencecircus\/#website","url":"https:\/\/www.jaermuseet.no\/sciencecircus\/","name":"Science Circus","description":"Jaermuseet&#039;s outreach program","potentialAction":[{"@type":"SearchAction","target":{"@type":"EntryPoint","urlTemplate":"https:\/\/www.jaermuseet.no\/sciencecircus\/?s={search_term_string}"},"query-input":{"@type":"PropertyValueSpecification","valueRequired":true,"valueName":"search_term_string"}}],"inLanguage":"nn-NO"}]}},"jetpack_sharing_enabled":true,"_links":{"self":[{"href":"https:\/\/www.jaermuseet.no\/sciencecircus\/wp-json\/wp\/v2\/pages\/8","targetHints":{"allow":["GET"]}}],"collection":[{"href":"https:\/\/www.jaermuseet.no\/sciencecircus\/wp-json\/wp\/v2\/pages"}],"about":[{"href":"https:\/\/www.jaermuseet.no\/sciencecircus\/wp-json\/wp\/v2\/types\/page"}],"author":[{"embeddable":true,"href":"https:\/\/www.jaermuseet.no\/sciencecircus\/wp-json\/wp\/v2\/users\/8"}],"replies":[{"embeddable":true,"href":"https:\/\/www.jaermuseet.no\/sciencecircus\/wp-json\/wp\/v2\/comments?post=8"}],"version-history":[{"count":3,"href":"https:\/\/www.jaermuseet.no\/sciencecircus\/wp-json\/wp\/v2\/pages\/8\/revisions"}],"predecessor-version":[{"id":340,"href":"https:\/\/www.jaermuseet.no\/sciencecircus\/wp-json\/wp\/v2\/pages\/8\/revisions\/340"}],"wp:attachment":[{"href":"https:\/\/www.jaermuseet.no\/sciencecircus\/wp-json\/wp\/v2\/media?parent=8"}],"curies":[{"name":"wp","href":"https:\/\/api.w.org\/{rel}","templated":true}]}}