{"id":7,"date":"2010-09-07T17:47:49","date_gmt":"2010-09-07T16:47:49","guid":{"rendered":"https:\/\/www.jaermuseet.no\/sciencecircus\/science-circus-show\/"},"modified":"2019-05-14T13:24:53","modified_gmt":"2019-05-14T11:24:53","slug":"science-circus-show","status":"publish","type":"page","link":"https:\/\/www.jaermuseet.no\/sciencecircus\/science-circus-show\/","title":{"rendered":"Science Circus show"},"content":{"rendered":"<p>Me kan starta dagen med \u00e5 halde eit realfagsshow. Innhaldet i showet vil stort sett variera ut ifr\u00e5 dagsform, hum\u00f8r og tilgangen p\u00e5 egg. <\/p>\n<p>Me kan finna p\u00e5 \u00e5 steika egg ved 196 minusgrader, bl\u00e5sa opp ballongar fr\u00e5 utsida, vakuumpakka elevar, lage skyer, sj\u00e5 p\u00e5 lyd og sj\u00f8lvsagt fyra av ein rakett eller to.<\/p>\n<p>Showet vil gi ein smakebit p\u00e5 ulike emne innan kjemi, fysikk og matematikk. Ideen bak er \u00e5 skapa undring og visa at desse faga kan vera morosame og overraskande. <\/p>\n<div class=\"tiled-gallery type-rectangular tiled-gallery-unresized\" data-original-width=\"500\" data-carousel-extra='null' itemscope itemtype=\"http:\/\/schema.org\/ImageGallery\" > <div class=\"gallery-row\" style=\"width: 500px; height: 240px;\" data-original-width=\"500\" data-original-height=\"240\" > <div class=\"gallery-group images-1\" style=\"width: 319px; height: 240px;\" data-original-width=\"319\" data-original-height=\"240\" > <div class=\"tiled-gallery-item tiled-gallery-item-large\" itemprop=\"associatedMedia\" itemscope itemtype=\"http:\/\/schema.org\/ImageObject\"> <a href=\"https:\/\/www.jaermuseet.no\/sciencecircus\/science-circus-show\/dig\/\" border=\"0\" itemprop=\"url\"> <meta itemprop=\"width\" content=\"315\"> <meta itemprop=\"height\" content=\"236\"> <img decoding=\"async\" class=\"\" data-attachment-id=\"333\" data-orig-file=\"https:\/\/www.jaermuseet.no\/sciencecircus\/wp-content\/uploads\/sites\/9\/2019\/05\/IMG_20181002_101828.jpg\" data-orig-size=\"3968,2976\" data-comments-opened=\"\" data-image-meta=\"{&quot;aperture&quot;:&quot;0&quot;,&quot;credit&quot;:&quot;&quot;,&quot;camera&quot;:&quot;WAS-LX1&quot;,&quot;caption&quot;:&quot;dig&quot;,&quot;created_timestamp&quot;:&quot;0&quot;,&quot;copyright&quot;:&quot;&quot;,&quot;focal_length&quot;:&quot;0&quot;,&quot;iso&quot;:&quot;0&quot;,&quot;shutter_speed&quot;:&quot;0&quot;,&quot;title&quot;:&quot;dig&quot;,&quot;orientation&quot;:&quot;0&quot;}\" data-image-title=\"dig\" data-image-description=\"\" data-medium-file=\"https:\/\/www.jaermuseet.no\/sciencecircus\/wp-content\/uploads\/sites\/9\/2019\/05\/IMG_20181002_101828-300x225.jpg\" data-large-file=\"https:\/\/www.jaermuseet.no\/sciencecircus\/wp-content\/uploads\/sites\/9\/2019\/05\/IMG_20181002_101828-1024x768.jpg\" src=\"https:\/\/i0.wp.com\/www.jaermuseet.no\/sciencecircus\/wp-content\/uploads\/sites\/9\/2019\/05\/IMG_20181002_101828.jpg?w=315&#038;h=236&#038;ssl=1\" srcset=\"https:\/\/www.jaermuseet.no\/sciencecircus\/wp-content\/uploads\/sites\/9\/2019\/05\/IMG_20181002_101828.jpg 3968w, https:\/\/www.jaermuseet.no\/sciencecircus\/wp-content\/uploads\/sites\/9\/2019\/05\/IMG_20181002_101828-300x225.jpg 300w, https:\/\/www.jaermuseet.no\/sciencecircus\/wp-content\/uploads\/sites\/9\/2019\/05\/IMG_20181002_101828-1024x768.jpg 1024w, https:\/\/www.jaermuseet.no\/sciencecircus\/wp-content\/uploads\/sites\/9\/2019\/05\/IMG_20181002_101828-250x188.jpg 250w, https:\/\/www.jaermuseet.no\/sciencecircus\/wp-content\/uploads\/sites\/9\/2019\/05\/IMG_20181002_101828-800x600.jpg 800w\" width=\"315\" height=\"236\" loading=\"lazy\" data-original-width=\"315\" data-original-height=\"236\" itemprop=\"http:\/\/schema.org\/image\" title=\"dig\" alt=\"dig\" style=\"width: 315px; height: 236px;\" \/> <\/a> <div class=\"tiled-gallery-caption\" itemprop=\"caption description\"> dig <\/div> <\/div> <\/div> <!-- close group --> <div class=\"gallery-group images-1\" style=\"width: 181px; height: 240px;\" data-original-width=\"181\" data-original-height=\"240\" > <div class=\"tiled-gallery-item tiled-gallery-item-small\" itemprop=\"associatedMedia\" itemscope itemtype=\"http:\/\/schema.org\/ImageObject\"> <a href=\"https:\/\/www.jaermuseet.no\/sciencecircus\/science-circus-show\/20190311_092719\/\" border=\"0\" itemprop=\"url\"> <meta itemprop=\"width\" content=\"177\"> <meta itemprop=\"height\" content=\"236\"> <img decoding=\"async\" class=\"\" data-attachment-id=\"329\" data-orig-file=\"https:\/\/www.jaermuseet.no\/sciencecircus\/wp-content\/uploads\/sites\/9\/2019\/05\/20190311_092719.jpg\" data-orig-size=\"3024,4032\" data-comments-opened=\"\" data-image-meta=\"{&quot;aperture&quot;:&quot;1.7&quot;,&quot;credit&quot;:&quot;&quot;,&quot;camera&quot;:&quot;SM-G950F&quot;,&quot;caption&quot;:&quot;&quot;,&quot;created_timestamp&quot;:&quot;1552296439&quot;,&quot;copyright&quot;:&quot;&quot;,&quot;focal_length&quot;:&quot;4.2&quot;,&quot;iso&quot;:&quot;200&quot;,&quot;shutter_speed&quot;:&quot;0.02&quot;,&quot;title&quot;:&quot;&quot;,&quot;orientation&quot;:&quot;1&quot;}\" data-image-title=\"20190311_092719\" data-image-description=\"\" data-medium-file=\"https:\/\/www.jaermuseet.no\/sciencecircus\/wp-content\/uploads\/sites\/9\/2019\/05\/20190311_092719-225x300.jpg\" data-large-file=\"https:\/\/www.jaermuseet.no\/sciencecircus\/wp-content\/uploads\/sites\/9\/2019\/05\/20190311_092719-768x1024.jpg\" src=\"https:\/\/i0.wp.com\/www.jaermuseet.no\/sciencecircus\/wp-content\/uploads\/sites\/9\/2019\/05\/20190311_092719.jpg?w=177&#038;h=236&#038;ssl=1\" srcset=\"https:\/\/www.jaermuseet.no\/sciencecircus\/wp-content\/uploads\/sites\/9\/2019\/05\/20190311_092719.jpg 3024w, https:\/\/www.jaermuseet.no\/sciencecircus\/wp-content\/uploads\/sites\/9\/2019\/05\/20190311_092719-225x300.jpg 225w, https:\/\/www.jaermuseet.no\/sciencecircus\/wp-content\/uploads\/sites\/9\/2019\/05\/20190311_092719-768x1024.jpg 768w, https:\/\/www.jaermuseet.no\/sciencecircus\/wp-content\/uploads\/sites\/9\/2019\/05\/20190311_092719-250x333.jpg 250w\" width=\"177\" height=\"236\" loading=\"lazy\" data-original-width=\"177\" data-original-height=\"236\" itemprop=\"http:\/\/schema.org\/image\" title=\"20190311_092719\" alt=\"20190311_092719\" style=\"width: 177px; height: 236px;\" \/> <\/a> <\/div> <\/div> <!-- close group --> <\/div> <!-- close row --> <div class=\"gallery-row\" style=\"width: 500px; height: 419px;\" data-original-width=\"500\" data-original-height=\"419\" > <div class=\"gallery-group images-1\" style=\"width: 315px; height: 419px;\" data-original-width=\"315\" data-original-height=\"419\" > <div class=\"tiled-gallery-item tiled-gallery-item-large\" itemprop=\"associatedMedia\" itemscope itemtype=\"http:\/\/schema.org\/ImageObject\"> <a href=\"https:\/\/www.jaermuseet.no\/sciencecircus\/science-circus-show\/20190311_092935\/\" border=\"0\" itemprop=\"url\"> <meta itemprop=\"width\" content=\"311\"> <meta itemprop=\"height\" content=\"415\"> <img decoding=\"async\" class=\"\" data-attachment-id=\"327\" data-orig-file=\"https:\/\/www.jaermuseet.no\/sciencecircus\/wp-content\/uploads\/sites\/9\/2019\/05\/20190311_092935.jpg\" data-orig-size=\"3024,4032\" data-comments-opened=\"\" data-image-meta=\"{&quot;aperture&quot;:&quot;1.7&quot;,&quot;credit&quot;:&quot;&quot;,&quot;camera&quot;:&quot;SM-G950F&quot;,&quot;caption&quot;:&quot;&quot;,&quot;created_timestamp&quot;:&quot;1552296575&quot;,&quot;copyright&quot;:&quot;&quot;,&quot;focal_length&quot;:&quot;4.2&quot;,&quot;iso&quot;:&quot;320&quot;,&quot;shutter_speed&quot;:&quot;0.02&quot;,&quot;title&quot;:&quot;&quot;,&quot;orientation&quot;:&quot;1&quot;}\" data-image-title=\"20190311_092935\" data-image-description=\"\" data-medium-file=\"https:\/\/www.jaermuseet.no\/sciencecircus\/wp-content\/uploads\/sites\/9\/2019\/05\/20190311_092935-225x300.jpg\" data-large-file=\"https:\/\/www.jaermuseet.no\/sciencecircus\/wp-content\/uploads\/sites\/9\/2019\/05\/20190311_092935-768x1024.jpg\" src=\"https:\/\/i0.wp.com\/www.jaermuseet.no\/sciencecircus\/wp-content\/uploads\/sites\/9\/2019\/05\/20190311_092935.jpg?w=311&#038;h=415&#038;ssl=1\" srcset=\"https:\/\/www.jaermuseet.no\/sciencecircus\/wp-content\/uploads\/sites\/9\/2019\/05\/20190311_092935.jpg 3024w, https:\/\/www.jaermuseet.no\/sciencecircus\/wp-content\/uploads\/sites\/9\/2019\/05\/20190311_092935-225x300.jpg 225w, https:\/\/www.jaermuseet.no\/sciencecircus\/wp-content\/uploads\/sites\/9\/2019\/05\/20190311_092935-768x1024.jpg 768w, https:\/\/www.jaermuseet.no\/sciencecircus\/wp-content\/uploads\/sites\/9\/2019\/05\/20190311_092935-250x333.jpg 250w\" width=\"311\" height=\"415\" loading=\"lazy\" data-original-width=\"311\" data-original-height=\"415\" itemprop=\"http:\/\/schema.org\/image\" title=\"20190311_092935\" alt=\"20190311_092935\" style=\"width: 311px; height: 415px;\" \/> <\/a> <\/div> <\/div> <!-- close group --> <div class=\"gallery-group images-3\" style=\"width: 185px; height: 419px;\" data-original-width=\"185\" data-original-height=\"419\" > <div class=\"tiled-gallery-item tiled-gallery-item-small\" itemprop=\"associatedMedia\" itemscope itemtype=\"http:\/\/schema.org\/ImageObject\"> <a href=\"https:\/\/www.jaermuseet.no\/sciencecircus\/science-circus-show\/20190425_092150-2\/\" border=\"0\" itemprop=\"url\"> <meta itemprop=\"width\" content=\"181\"> <meta itemprop=\"height\" content=\"136\"> <img decoding=\"async\" class=\"\" data-attachment-id=\"322\" data-orig-file=\"https:\/\/www.jaermuseet.no\/sciencecircus\/wp-content\/uploads\/sites\/9\/2019\/05\/20190425_092150-1.jpg\" data-orig-size=\"1057,793\" data-comments-opened=\"\" data-image-meta=\"{&quot;aperture&quot;:&quot;0&quot;,&quot;credit&quot;:&quot;&quot;,&quot;camera&quot;:&quot;&quot;,&quot;caption&quot;:&quot;&quot;,&quot;created_timestamp&quot;:&quot;0&quot;,&quot;copyright&quot;:&quot;&quot;,&quot;focal_length&quot;:&quot;0&quot;,&quot;iso&quot;:&quot;0&quot;,&quot;shutter_speed&quot;:&quot;0&quot;,&quot;title&quot;:&quot;&quot;,&quot;orientation&quot;:&quot;0&quot;}\" data-image-title=\"20190425_092150\" data-image-description=\"\" data-medium-file=\"https:\/\/www.jaermuseet.no\/sciencecircus\/wp-content\/uploads\/sites\/9\/2019\/05\/20190425_092150-1-300x225.jpg\" data-large-file=\"https:\/\/www.jaermuseet.no\/sciencecircus\/wp-content\/uploads\/sites\/9\/2019\/05\/20190425_092150-1-1024x768.jpg\" src=\"https:\/\/i0.wp.com\/www.jaermuseet.no\/sciencecircus\/wp-content\/uploads\/sites\/9\/2019\/05\/20190425_092150-1.jpg?w=181&#038;h=136&#038;ssl=1\" srcset=\"https:\/\/www.jaermuseet.no\/sciencecircus\/wp-content\/uploads\/sites\/9\/2019\/05\/20190425_092150-1.jpg 1057w, https:\/\/www.jaermuseet.no\/sciencecircus\/wp-content\/uploads\/sites\/9\/2019\/05\/20190425_092150-1-300x225.jpg 300w, https:\/\/www.jaermuseet.no\/sciencecircus\/wp-content\/uploads\/sites\/9\/2019\/05\/20190425_092150-1-1024x768.jpg 1024w, https:\/\/www.jaermuseet.no\/sciencecircus\/wp-content\/uploads\/sites\/9\/2019\/05\/20190425_092150-1-250x188.jpg 250w, https:\/\/www.jaermuseet.no\/sciencecircus\/wp-content\/uploads\/sites\/9\/2019\/05\/20190425_092150-1-800x600.jpg 800w\" width=\"181\" height=\"136\" loading=\"lazy\" data-original-width=\"181\" data-original-height=\"136\" itemprop=\"http:\/\/schema.org\/image\" title=\"20190425_092150\" alt=\"20190425_092150\" style=\"width: 181px; height: 136px;\" \/> <\/a> <\/div> <div class=\"tiled-gallery-item tiled-gallery-item-small\" itemprop=\"associatedMedia\" itemscope itemtype=\"http:\/\/schema.org\/ImageObject\"> <a href=\"https:\/\/www.jaermuseet.no\/sciencecircus\/science-circus-show\/20181113_090240-2\/\" border=\"0\" itemprop=\"url\"> <meta itemprop=\"width\" content=\"181\"> <meta itemprop=\"height\" content=\"136\"> <img decoding=\"async\" class=\"\" data-attachment-id=\"319\" data-orig-file=\"https:\/\/www.jaermuseet.no\/sciencecircus\/wp-content\/uploads\/sites\/9\/2019\/05\/20181113_090240-1.jpg\" data-orig-size=\"1057,793\" data-comments-opened=\"\" data-image-meta=\"{&quot;aperture&quot;:&quot;0&quot;,&quot;credit&quot;:&quot;&quot;,&quot;camera&quot;:&quot;&quot;,&quot;caption&quot;:&quot;&quot;,&quot;created_timestamp&quot;:&quot;0&quot;,&quot;copyright&quot;:&quot;&quot;,&quot;focal_length&quot;:&quot;0&quot;,&quot;iso&quot;:&quot;0&quot;,&quot;shutter_speed&quot;:&quot;0&quot;,&quot;title&quot;:&quot;&quot;,&quot;orientation&quot;:&quot;0&quot;}\" data-image-title=\"20181113_090240\" data-image-description=\"\" data-medium-file=\"https:\/\/www.jaermuseet.no\/sciencecircus\/wp-content\/uploads\/sites\/9\/2019\/05\/20181113_090240-1-300x225.jpg\" data-large-file=\"https:\/\/www.jaermuseet.no\/sciencecircus\/wp-content\/uploads\/sites\/9\/2019\/05\/20181113_090240-1-1024x768.jpg\" src=\"https:\/\/i0.wp.com\/www.jaermuseet.no\/sciencecircus\/wp-content\/uploads\/sites\/9\/2019\/05\/20181113_090240-1.jpg?w=181&#038;h=136&#038;ssl=1\" srcset=\"https:\/\/www.jaermuseet.no\/sciencecircus\/wp-content\/uploads\/sites\/9\/2019\/05\/20181113_090240-1.jpg 1057w, https:\/\/www.jaermuseet.no\/sciencecircus\/wp-content\/uploads\/sites\/9\/2019\/05\/20181113_090240-1-300x225.jpg 300w, https:\/\/www.jaermuseet.no\/sciencecircus\/wp-content\/uploads\/sites\/9\/2019\/05\/20181113_090240-1-1024x768.jpg 1024w, https:\/\/www.jaermuseet.no\/sciencecircus\/wp-content\/uploads\/sites\/9\/2019\/05\/20181113_090240-1-250x188.jpg 250w, https:\/\/www.jaermuseet.no\/sciencecircus\/wp-content\/uploads\/sites\/9\/2019\/05\/20181113_090240-1-800x600.jpg 800w\" width=\"181\" height=\"136\" loading=\"lazy\" data-original-width=\"181\" data-original-height=\"136\" itemprop=\"http:\/\/schema.org\/image\" title=\"20181113_090240\" alt=\"20181113_090240\" style=\"width: 181px; height: 136px;\" \/> <\/a> <\/div> <div class=\"tiled-gallery-item tiled-gallery-item-small\" itemprop=\"associatedMedia\" itemscope itemtype=\"http:\/\/schema.org\/ImageObject\"> <a href=\"https:\/\/www.jaermuseet.no\/sciencecircus\/science-circus-ute-pa-turne\/img_4913\/\" border=\"0\" itemprop=\"url\"> <meta itemprop=\"width\" content=\"181\"> <meta itemprop=\"height\" content=\"135\"> <img decoding=\"async\" class=\"\" data-attachment-id=\"117\" data-orig-file=\"https:\/\/www.jaermuseet.no\/sciencecircus\/wp-content\/uploads\/sites\/9\/2010\/12\/IMG_4913.jpg\" data-orig-size=\"3648,2736\" data-comments-opened=\"\" data-image-meta=\"{&quot;aperture&quot;:&quot;3.2&quot;,&quot;credit&quot;:&quot;&quot;,&quot;camera&quot;:&quot;Canon PowerShot G12&quot;,&quot;caption&quot;:&quot;&quot;,&quot;created_timestamp&quot;:&quot;1412246959&quot;,&quot;copyright&quot;:&quot;&quot;,&quot;focal_length&quot;:&quot;8.898&quot;,&quot;iso&quot;:&quot;800&quot;,&quot;shutter_speed&quot;:&quot;0.033333333333333&quot;,&quot;title&quot;:&quot;&quot;,&quot;orientation&quot;:&quot;1&quot;}\" data-image-title=\"Show Science Circus\" data-image-description=\"\" data-medium-file=\"https:\/\/www.jaermuseet.no\/sciencecircus\/wp-content\/uploads\/sites\/9\/2010\/12\/IMG_4913-300x225.jpg\" data-large-file=\"https:\/\/www.jaermuseet.no\/sciencecircus\/wp-content\/uploads\/sites\/9\/2010\/12\/IMG_4913-1024x768.jpg\" src=\"https:\/\/i0.wp.com\/www.jaermuseet.no\/sciencecircus\/wp-content\/uploads\/sites\/9\/2010\/12\/IMG_4913.jpg?w=181&#038;h=135&#038;ssl=1\" srcset=\"https:\/\/www.jaermuseet.no\/sciencecircus\/wp-content\/uploads\/sites\/9\/2010\/12\/IMG_4913.jpg 3648w, https:\/\/www.jaermuseet.no\/sciencecircus\/wp-content\/uploads\/sites\/9\/2010\/12\/IMG_4913-300x225.jpg 300w, https:\/\/www.jaermuseet.no\/sciencecircus\/wp-content\/uploads\/sites\/9\/2010\/12\/IMG_4913-1024x768.jpg 1024w, https:\/\/www.jaermuseet.no\/sciencecircus\/wp-content\/uploads\/sites\/9\/2010\/12\/IMG_4913-250x188.jpg 250w, https:\/\/www.jaermuseet.no\/sciencecircus\/wp-content\/uploads\/sites\/9\/2010\/12\/IMG_4913-800x600.jpg 800w\" width=\"181\" height=\"135\" loading=\"lazy\" data-original-width=\"181\" data-original-height=\"135\" itemprop=\"http:\/\/schema.org\/image\" title=\"Show Science Circus\" alt=\"Show Science Circus\" style=\"width: 181px; height: 135px;\" \/> <\/a> <\/div> <\/div> <!-- close group --> <\/div> <!-- close row --> <\/div>\n<div style=\"width: 1920px;\" class=\"wp-video\"><video class=\"wp-video-shortcode\" id=\"video-7-1\" width=\"1920\" height=\"1080\" preload=\"metadata\" controls=\"controls\"><source type=\"video\/mp4\" src=\"https:\/\/www.jaermuseet.no\/sciencecircus\/wp-content\/uploads\/sites\/9\/2019\/05\/20181029_134211-1.mp4?_=1\" \/><a href=\"https:\/\/www.jaermuseet.no\/sciencecircus\/wp-content\/uploads\/sites\/9\/2019\/05\/20181029_134211-1.mp4\">https:\/\/www.jaermuseet.no\/sciencecircus\/wp-content\/uploads\/sites\/9\/2019\/05\/20181029_134211-1.mp4<\/a><\/video><\/div>\n","protected":false},"excerpt":{"rendered":"<p>Me kan starta dagen med \u00e5 halde eit realfagsshow. Innhaldet&#8230;<\/p>\n","protected":false},"author":8,"featured_media":0,"parent":0,"menu_order":0,"comment_status":"open","ping_status":"open","template":"","meta":{"_acf_changed":false,"footnotes":""},"class_list":["post-7","page","type-page","status-publish","hentry","featured-image-size-large"],"acf":[],"yoast_head":"<!-- This site is optimized with the Yoast SEO plugin v27.4 - https:\/\/yoast.com\/product\/yoast-seo-wordpress\/ -->\n<title>Science Circus show - Science Circus<\/title>\n<meta name=\"robots\" content=\"index, follow, max-snippet:-1, max-image-preview:large, max-video-preview:-1\" \/>\n<link rel=\"canonical\" href=\"https:\/\/www.jaermuseet.no\/sciencecircus\/science-circus-show\/\" \/>\n<meta property=\"og:locale\" content=\"nn_NO\" \/>\n<meta property=\"og:type\" content=\"article\" \/>\n<meta property=\"og:title\" content=\"Science Circus show - Science Circus\" \/>\n<meta property=\"og:description\" content=\"Me kan starta dagen med \u00e5 halde eit realfagsshow. Innhaldet...\" \/>\n<meta property=\"og:url\" content=\"https:\/\/www.jaermuseet.no\/sciencecircus\/science-circus-show\/\" \/>\n<meta property=\"og:site_name\" content=\"Science Circus\" \/>\n<meta property=\"article:modified_time\" content=\"2019-05-14T11:24:53+00:00\" \/>\n<meta property=\"og:image\" content=\"https:\/\/i2.wp.com\/www.jaermuseet.no\/sciencecircus\/wp-content\/uploads\/sites\/9\/2019\/05\/IMG_20181002_101828.jpg?w=315&#038;h=236&#038;ssl=1\" \/>\n<meta name=\"twitter:card\" content=\"summary_large_image\" \/>\n<meta name=\"twitter:label1\" content=\"Est. reading time\" \/>\n\t<meta name=\"twitter:data1\" content=\"1 minutt\" \/>\n<script type=\"application\/ld+json\" class=\"yoast-schema-graph\">{\"@context\":\"https:\\\/\\\/schema.org\",\"@graph\":[{\"@type\":\"WebPage\",\"@id\":\"https:\\\/\\\/www.jaermuseet.no\\\/sciencecircus\\\/science-circus-show\\\/\",\"url\":\"https:\\\/\\\/www.jaermuseet.no\\\/sciencecircus\\\/science-circus-show\\\/\",\"name\":\"Science Circus show - Science Circus\",\"isPartOf\":{\"@id\":\"https:\\\/\\\/www.jaermuseet.no\\\/sciencecircus\\\/#website\"},\"datePublished\":\"2010-09-07T16:47:49+00:00\",\"dateModified\":\"2019-05-14T11:24:53+00:00\",\"breadcrumb\":{\"@id\":\"https:\\\/\\\/www.jaermuseet.no\\\/sciencecircus\\\/science-circus-show\\\/#breadcrumb\"},\"inLanguage\":\"nn-NO\",\"potentialAction\":[{\"@type\":\"ReadAction\",\"target\":[\"https:\\\/\\\/www.jaermuseet.no\\\/sciencecircus\\\/science-circus-show\\\/\"]}]},{\"@type\":\"BreadcrumbList\",\"@id\":\"https:\\\/\\\/www.jaermuseet.no\\\/sciencecircus\\\/science-circus-show\\\/#breadcrumb\",\"itemListElement\":[{\"@type\":\"ListItem\",\"position\":1,\"name\":\"Hjem\",\"item\":\"https:\\\/\\\/www.jaermuseet.no\\\/sciencecircus\\\/\"},{\"@type\":\"ListItem\",\"position\":2,\"name\":\"Science Circus show\"}]},{\"@type\":\"WebSite\",\"@id\":\"https:\\\/\\\/www.jaermuseet.no\\\/sciencecircus\\\/#website\",\"url\":\"https:\\\/\\\/www.jaermuseet.no\\\/sciencecircus\\\/\",\"name\":\"Science Circus\",\"description\":\"Jaermuseet&#039;s outreach program\",\"potentialAction\":[{\"@type\":\"SearchAction\",\"target\":{\"@type\":\"EntryPoint\",\"urlTemplate\":\"https:\\\/\\\/www.jaermuseet.no\\\/sciencecircus\\\/?s={search_term_string}\"},\"query-input\":{\"@type\":\"PropertyValueSpecification\",\"valueRequired\":true,\"valueName\":\"search_term_string\"}}],\"inLanguage\":\"nn-NO\"}]}<\/script>\n<!-- \/ Yoast SEO plugin. -->","yoast_head_json":{"title":"Science Circus show - Science Circus","robots":{"index":"index","follow":"follow","max-snippet":"max-snippet:-1","max-image-preview":"max-image-preview:large","max-video-preview":"max-video-preview:-1"},"canonical":"https:\/\/www.jaermuseet.no\/sciencecircus\/science-circus-show\/","og_locale":"nn_NO","og_type":"article","og_title":"Science Circus show - Science Circus","og_description":"Me kan starta dagen med \u00e5 halde eit realfagsshow. Innhaldet...","og_url":"https:\/\/www.jaermuseet.no\/sciencecircus\/science-circus-show\/","og_site_name":"Science Circus","article_modified_time":"2019-05-14T11:24:53+00:00","og_image":[{"url":"https:\/\/i2.wp.com\/www.jaermuseet.no\/sciencecircus\/wp-content\/uploads\/sites\/9\/2019\/05\/IMG_20181002_101828.jpg?w=315&#038;h=236&#038;ssl=1","type":"","width":"","height":""}],"twitter_card":"summary_large_image","twitter_misc":{"Est. reading time":"1 minutt"},"schema":{"@context":"https:\/\/schema.org","@graph":[{"@type":"WebPage","@id":"https:\/\/www.jaermuseet.no\/sciencecircus\/science-circus-show\/","url":"https:\/\/www.jaermuseet.no\/sciencecircus\/science-circus-show\/","name":"Science Circus show - Science Circus","isPartOf":{"@id":"https:\/\/www.jaermuseet.no\/sciencecircus\/#website"},"datePublished":"2010-09-07T16:47:49+00:00","dateModified":"2019-05-14T11:24:53+00:00","breadcrumb":{"@id":"https:\/\/www.jaermuseet.no\/sciencecircus\/science-circus-show\/#breadcrumb"},"inLanguage":"nn-NO","potentialAction":[{"@type":"ReadAction","target":["https:\/\/www.jaermuseet.no\/sciencecircus\/science-circus-show\/"]}]},{"@type":"BreadcrumbList","@id":"https:\/\/www.jaermuseet.no\/sciencecircus\/science-circus-show\/#breadcrumb","itemListElement":[{"@type":"ListItem","position":1,"name":"Hjem","item":"https:\/\/www.jaermuseet.no\/sciencecircus\/"},{"@type":"ListItem","position":2,"name":"Science Circus show"}]},{"@type":"WebSite","@id":"https:\/\/www.jaermuseet.no\/sciencecircus\/#website","url":"https:\/\/www.jaermuseet.no\/sciencecircus\/","name":"Science Circus","description":"Jaermuseet&#039;s outreach program","potentialAction":[{"@type":"SearchAction","target":{"@type":"EntryPoint","urlTemplate":"https:\/\/www.jaermuseet.no\/sciencecircus\/?s={search_term_string}"},"query-input":{"@type":"PropertyValueSpecification","valueRequired":true,"valueName":"search_term_string"}}],"inLanguage":"nn-NO"}]}},"jetpack_sharing_enabled":true,"_links":{"self":[{"href":"https:\/\/www.jaermuseet.no\/sciencecircus\/wp-json\/wp\/v2\/pages\/7","targetHints":{"allow":["GET"]}}],"collection":[{"href":"https:\/\/www.jaermuseet.no\/sciencecircus\/wp-json\/wp\/v2\/pages"}],"about":[{"href":"https:\/\/www.jaermuseet.no\/sciencecircus\/wp-json\/wp\/v2\/types\/page"}],"author":[{"embeddable":true,"href":"https:\/\/www.jaermuseet.no\/sciencecircus\/wp-json\/wp\/v2\/users\/8"}],"replies":[{"embeddable":true,"href":"https:\/\/www.jaermuseet.no\/sciencecircus\/wp-json\/wp\/v2\/comments?post=7"}],"version-history":[{"count":7,"href":"https:\/\/www.jaermuseet.no\/sciencecircus\/wp-json\/wp\/v2\/pages\/7\/revisions"}],"predecessor-version":[{"id":559,"href":"https:\/\/www.jaermuseet.no\/sciencecircus\/wp-json\/wp\/v2\/pages\/7\/revisions\/559"}],"wp:attachment":[{"href":"https:\/\/www.jaermuseet.no\/sciencecircus\/wp-json\/wp\/v2\/media?parent=7"}],"curies":[{"name":"wp","href":"https:\/\/api.w.org\/{rel}","templated":true}]}}