{"id":5,"date":"2016-06-25T00:19:47","date_gmt":"2016-06-24T22:19:47","guid":{"rendered":"https:\/\/www.jaermuseet.no\/sciencecircus\/om-science-circus\/"},"modified":"2022-02-04T14:44:47","modified_gmt":"2022-02-04T12:44:47","slug":"om-science-circus","status":"publish","type":"page","link":"https:\/\/www.jaermuseet.no\/sciencecircus\/om-science-circus\/","title":{"rendered":"Om Science Circus"},"content":{"rendered":"<p>Science Circus har som m\u00e5lsetting \u00e5 pirra nysgjerrigheita og undringa til barn og ungdom innan naturvitskap og matematikk. Me pr\u00f8ver \u00e5 stimulera alle delar av skulesamfunnet.<strong><br \/>\n<\/strong><\/p>\n<p>J\u00e6rmuseet Science Circus reiser i hovudsak rundt til skulane i Rogaland, men har \u00f2g vore p\u00e5 turn\u00e8 b\u00e5de i Agder-fylka, i Island og p\u00e5 F\u00e6r\u00f8yane. .<\/p>\n<p>Bes\u00f8k til skulane best\u00e5r ofte av show, interaktive eksperiment i matematikk , naturfag og astronomi og undervisning av elevar. Science Circus held&nbsp;\u00f2g l\u00e6rarkurs. Alle elementa er bygd opp etter hovudm\u00e5la i Kunnskapsl\u00f8ftet.<\/p>\n<p><strong>Science Circus har som m\u00e5lsetting:<\/strong><\/p>\n<p>\u2022 \u00c5&nbsp;gi elevane ei oppleving med realfag som dei hugsar<br \/>\n\u2022 Skapa nysgjerrigheit og visa at realfag er spennande<br \/>\n\u2022 At ein kan l\u00e6ra noko samtidig som ein har det moro<\/p>\n<p>Eksperimenta og showet er oppbygd som appetittvekkarar med tanke p\u00e5 at elevane skal kjenna seg delaktige, kompetente, oppleva spenning, f\u00e5 vera aktive, leika og pr\u00f8va sj\u00f8lv \u2013 og ikkje minst \u00e5 f\u00e5 noko \u00e5 lura p\u00e5 &#8211; i naturfag og matematikk.<\/p>\n<p>Det pedagogiske grunnlaget er vitensenterpedagogikken.<\/p>\n<p>Science Circus utgjer saman med Vitenfabrikken og Vitengarden, vitensentersatsinga i J\u00e6rmuseet. I l\u00f8pet av eit skule\u00e5r er me innom dei fleste kommunane i Rogaland, og m\u00f8ter i overkant av 10.000 elevar.<\/p>\n","protected":false},"excerpt":{"rendered":"<p>Science Circus har som m\u00e5lsetting \u00e5 pirra nysgjerrigheita og undringa&#8230;<\/p>\n","protected":false},"author":8,"featured_media":109,"parent":0,"menu_order":0,"comment_status":"open","ping_status":"open","template":"","meta":{"_acf_changed":false,"footnotes":""},"class_list":["post-5","page","type-page","status-publish","has-post-thumbnail","hentry","featured-image-size-large"],"acf":[],"yoast_head":"<!-- This site is optimized with the Yoast SEO plugin v27.5 - https:\/\/yoast.com\/product\/yoast-seo-wordpress\/ -->\n<title>Om Science Circus - Science Circus<\/title>\n<meta name=\"robots\" content=\"index, follow, max-snippet:-1, max-image-preview:large, max-video-preview:-1\" \/>\n<link rel=\"canonical\" href=\"https:\/\/www.jaermuseet.no\/sciencecircus\/om-science-circus\/\" \/>\n<meta property=\"og:locale\" content=\"nn_NO\" \/>\n<meta property=\"og:type\" content=\"article\" \/>\n<meta property=\"og:title\" content=\"Om Science Circus - Science Circus\" \/>\n<meta property=\"og:description\" content=\"Science Circus har som m\u00e5lsetting \u00e5 pirra nysgjerrigheita og undringa...\" \/>\n<meta property=\"og:url\" content=\"https:\/\/www.jaermuseet.no\/sciencecircus\/om-science-circus\/\" \/>\n<meta property=\"og:site_name\" content=\"Science Circus\" \/>\n<meta property=\"article:modified_time\" content=\"2022-02-04T12:44:47+00:00\" \/>\n<meta property=\"og:image\" content=\"https:\/\/www.jaermuseet.no\/sciencecircus\/wp-content\/uploads\/sites\/9\/2012\/10\/20141007_135124.jpg\" \/>\n\t<meta property=\"og:image:width\" content=\"3264\" \/>\n\t<meta property=\"og:image:height\" content=\"1836\" \/>\n\t<meta property=\"og:image:type\" content=\"image\/jpeg\" \/>\n<meta name=\"twitter:card\" content=\"summary_large_image\" \/>\n<meta name=\"twitter:label1\" content=\"Est. reading time\" \/>\n\t<meta name=\"twitter:data1\" content=\"2 minutt\" \/>\n<script type=\"application\/ld+json\" class=\"yoast-schema-graph\">{\"@context\":\"https:\\\/\\\/schema.org\",\"@graph\":[{\"@type\":\"WebPage\",\"@id\":\"https:\\\/\\\/www.jaermuseet.no\\\/sciencecircus\\\/om-science-circus\\\/\",\"url\":\"https:\\\/\\\/www.jaermuseet.no\\\/sciencecircus\\\/om-science-circus\\\/\",\"name\":\"Om Science Circus - Science Circus\",\"isPartOf\":{\"@id\":\"https:\\\/\\\/www.jaermuseet.no\\\/sciencecircus\\\/#website\"},\"primaryImageOfPage\":{\"@id\":\"https:\\\/\\\/www.jaermuseet.no\\\/sciencecircus\\\/om-science-circus\\\/#primaryimage\"},\"image\":{\"@id\":\"https:\\\/\\\/www.jaermuseet.no\\\/sciencecircus\\\/om-science-circus\\\/#primaryimage\"},\"thumbnailUrl\":\"https:\\\/\\\/www.jaermuseet.no\\\/sciencecircus\\\/wp-content\\\/uploads\\\/sites\\\/9\\\/2012\\\/10\\\/20141007_135124.jpg\",\"datePublished\":\"2016-06-24T22:19:47+00:00\",\"dateModified\":\"2022-02-04T12:44:47+00:00\",\"breadcrumb\":{\"@id\":\"https:\\\/\\\/www.jaermuseet.no\\\/sciencecircus\\\/om-science-circus\\\/#breadcrumb\"},\"inLanguage\":\"nn-NO\",\"potentialAction\":[{\"@type\":\"ReadAction\",\"target\":[\"https:\\\/\\\/www.jaermuseet.no\\\/sciencecircus\\\/om-science-circus\\\/\"]}]},{\"@type\":\"ImageObject\",\"inLanguage\":\"nn-NO\",\"@id\":\"https:\\\/\\\/www.jaermuseet.no\\\/sciencecircus\\\/om-science-circus\\\/#primaryimage\",\"url\":\"https:\\\/\\\/www.jaermuseet.no\\\/sciencecircus\\\/wp-content\\\/uploads\\\/sites\\\/9\\\/2012\\\/10\\\/20141007_135124.jpg\",\"contentUrl\":\"https:\\\/\\\/www.jaermuseet.no\\\/sciencecircus\\\/wp-content\\\/uploads\\\/sites\\\/9\\\/2012\\\/10\\\/20141007_135124.jpg\",\"width\":3264,\"height\":1836,\"caption\":\"Foto: Magne Hognestad, J\u00e6rmuseet\"},{\"@type\":\"BreadcrumbList\",\"@id\":\"https:\\\/\\\/www.jaermuseet.no\\\/sciencecircus\\\/om-science-circus\\\/#breadcrumb\",\"itemListElement\":[{\"@type\":\"ListItem\",\"position\":1,\"name\":\"Hjem\",\"item\":\"https:\\\/\\\/www.jaermuseet.no\\\/sciencecircus\\\/\"},{\"@type\":\"ListItem\",\"position\":2,\"name\":\"Om Science Circus\"}]},{\"@type\":\"WebSite\",\"@id\":\"https:\\\/\\\/www.jaermuseet.no\\\/sciencecircus\\\/#website\",\"url\":\"https:\\\/\\\/www.jaermuseet.no\\\/sciencecircus\\\/\",\"name\":\"Science Circus\",\"description\":\"Jaermuseet&#039;s outreach program\",\"potentialAction\":[{\"@type\":\"SearchAction\",\"target\":{\"@type\":\"EntryPoint\",\"urlTemplate\":\"https:\\\/\\\/www.jaermuseet.no\\\/sciencecircus\\\/?s={search_term_string}\"},\"query-input\":{\"@type\":\"PropertyValueSpecification\",\"valueRequired\":true,\"valueName\":\"search_term_string\"}}],\"inLanguage\":\"nn-NO\"}]}<\/script>\n<!-- \/ Yoast SEO plugin. -->","yoast_head_json":{"title":"Om Science Circus - Science Circus","robots":{"index":"index","follow":"follow","max-snippet":"max-snippet:-1","max-image-preview":"max-image-preview:large","max-video-preview":"max-video-preview:-1"},"canonical":"https:\/\/www.jaermuseet.no\/sciencecircus\/om-science-circus\/","og_locale":"nn_NO","og_type":"article","og_title":"Om Science Circus - Science Circus","og_description":"Science Circus har som m\u00e5lsetting \u00e5 pirra nysgjerrigheita og undringa...","og_url":"https:\/\/www.jaermuseet.no\/sciencecircus\/om-science-circus\/","og_site_name":"Science Circus","article_modified_time":"2022-02-04T12:44:47+00:00","og_image":[{"width":3264,"height":1836,"url":"https:\/\/www.jaermuseet.no\/sciencecircus\/wp-content\/uploads\/sites\/9\/2012\/10\/20141007_135124.jpg","type":"image\/jpeg"}],"twitter_card":"summary_large_image","twitter_misc":{"Est. reading time":"2 minutt"},"schema":{"@context":"https:\/\/schema.org","@graph":[{"@type":"WebPage","@id":"https:\/\/www.jaermuseet.no\/sciencecircus\/om-science-circus\/","url":"https:\/\/www.jaermuseet.no\/sciencecircus\/om-science-circus\/","name":"Om Science Circus - Science Circus","isPartOf":{"@id":"https:\/\/www.jaermuseet.no\/sciencecircus\/#website"},"primaryImageOfPage":{"@id":"https:\/\/www.jaermuseet.no\/sciencecircus\/om-science-circus\/#primaryimage"},"image":{"@id":"https:\/\/www.jaermuseet.no\/sciencecircus\/om-science-circus\/#primaryimage"},"thumbnailUrl":"https:\/\/www.jaermuseet.no\/sciencecircus\/wp-content\/uploads\/sites\/9\/2012\/10\/20141007_135124.jpg","datePublished":"2016-06-24T22:19:47+00:00","dateModified":"2022-02-04T12:44:47+00:00","breadcrumb":{"@id":"https:\/\/www.jaermuseet.no\/sciencecircus\/om-science-circus\/#breadcrumb"},"inLanguage":"nn-NO","potentialAction":[{"@type":"ReadAction","target":["https:\/\/www.jaermuseet.no\/sciencecircus\/om-science-circus\/"]}]},{"@type":"ImageObject","inLanguage":"nn-NO","@id":"https:\/\/www.jaermuseet.no\/sciencecircus\/om-science-circus\/#primaryimage","url":"https:\/\/www.jaermuseet.no\/sciencecircus\/wp-content\/uploads\/sites\/9\/2012\/10\/20141007_135124.jpg","contentUrl":"https:\/\/www.jaermuseet.no\/sciencecircus\/wp-content\/uploads\/sites\/9\/2012\/10\/20141007_135124.jpg","width":3264,"height":1836,"caption":"Foto: Magne Hognestad, J\u00e6rmuseet"},{"@type":"BreadcrumbList","@id":"https:\/\/www.jaermuseet.no\/sciencecircus\/om-science-circus\/#breadcrumb","itemListElement":[{"@type":"ListItem","position":1,"name":"Hjem","item":"https:\/\/www.jaermuseet.no\/sciencecircus\/"},{"@type":"ListItem","position":2,"name":"Om Science Circus"}]},{"@type":"WebSite","@id":"https:\/\/www.jaermuseet.no\/sciencecircus\/#website","url":"https:\/\/www.jaermuseet.no\/sciencecircus\/","name":"Science Circus","description":"Jaermuseet&#039;s outreach program","potentialAction":[{"@type":"SearchAction","target":{"@type":"EntryPoint","urlTemplate":"https:\/\/www.jaermuseet.no\/sciencecircus\/?s={search_term_string}"},"query-input":{"@type":"PropertyValueSpecification","valueRequired":true,"valueName":"search_term_string"}}],"inLanguage":"nn-NO"}]}},"jetpack_sharing_enabled":true,"_links":{"self":[{"href":"https:\/\/www.jaermuseet.no\/sciencecircus\/wp-json\/wp\/v2\/pages\/5","targetHints":{"allow":["GET"]}}],"collection":[{"href":"https:\/\/www.jaermuseet.no\/sciencecircus\/wp-json\/wp\/v2\/pages"}],"about":[{"href":"https:\/\/www.jaermuseet.no\/sciencecircus\/wp-json\/wp\/v2\/types\/page"}],"author":[{"embeddable":true,"href":"https:\/\/www.jaermuseet.no\/sciencecircus\/wp-json\/wp\/v2\/users\/8"}],"replies":[{"embeddable":true,"href":"https:\/\/www.jaermuseet.no\/sciencecircus\/wp-json\/wp\/v2\/comments?post=5"}],"version-history":[{"count":13,"href":"https:\/\/www.jaermuseet.no\/sciencecircus\/wp-json\/wp\/v2\/pages\/5\/revisions"}],"predecessor-version":[{"id":676,"href":"https:\/\/www.jaermuseet.no\/sciencecircus\/wp-json\/wp\/v2\/pages\/5\/revisions\/676"}],"wp:featuredmedia":[{"embeddable":true,"href":"https:\/\/www.jaermuseet.no\/sciencecircus\/wp-json\/wp\/v2\/media\/109"}],"wp:attachment":[{"href":"https:\/\/www.jaermuseet.no\/sciencecircus\/wp-json\/wp\/v2\/media?parent=5"}],"curies":[{"name":"wp","href":"https:\/\/api.w.org\/{rel}","templated":true}]}}