{"id":12,"date":"2010-08-12T07:54:46","date_gmt":"2010-08-12T06:54:46","guid":{"rendered":"https:\/\/www.jaermuseet.no\/sciencecircus\/undervisning-til-alle-trinn\/"},"modified":"2025-05-28T11:01:00","modified_gmt":"2025-05-28T09:01:00","slug":"skulebesok","status":"publish","type":"page","link":"https:\/\/www.jaermuseet.no\/sciencecircus\/skulebesok\/","title":{"rendered":"Skulebes\u00f8k"},"content":{"rendered":"\n<p><strong>Ein dag med Science Circus<\/strong><\/p>\n\n\n\n<p>Ein dag med Science Circus kan sj\u00e5 om lag s\u00e5nn ut (kan tilpassast):<\/p>\n\n\n\n<figure class=\"wp-block-image\"><img loading=\"lazy\" decoding=\"async\" width=\"300\" height=\"174\" src=\"https:\/\/www.jaermuseet.no\/sciencecircus\/wp-content\/uploads\/sites\/9\/2019\/05\/timeplan-300x174.png\" alt=\"\" class=\"wp-image-344\" srcset=\"https:\/\/www.jaermuseet.no\/sciencecircus\/wp-content\/uploads\/sites\/9\/2019\/05\/timeplan-300x174.png 300w, https:\/\/www.jaermuseet.no\/sciencecircus\/wp-content\/uploads\/sites\/9\/2019\/05\/timeplan-250x145.png 250w, https:\/\/www.jaermuseet.no\/sciencecircus\/wp-content\/uploads\/sites\/9\/2019\/05\/timeplan.png 677w\" sizes=\"auto, (max-width: 300px) 100vw, 300px\" \/><\/figure>\n\n\n\n<p><\/p>\n\n\n\n<p>Les meir om <a href=\"https:\/\/www.jaermuseet.no\/sciencecircus\/science-circus-show\/\">show<\/a> og <a href=\"https:\/\/www.jaermuseet.no\/sciencecircus\/science-circus-eksperiment\/\">utstilling<\/a>.<\/p>\n\n\n\n<p><a href=\"https:\/\/www.jaermuseet.no\/sciencecircus\/skule-barnehage\/\">Trykk her for \u00e5 sj\u00e5 kva undervisningsopplegg me kan tilby<\/a>.<\/p>\n\n\n\n<p>Eit bes\u00f8k fr\u00e5 Science Circus er gratis.<\/p>\n\n\n\n<p>Vil de ha bes\u00f8k? Ta kontakt med Magne Hognestad, <a href=\"mailto:mho@jaermuseet.no\">mho@jaermuseet.no<\/a>, <a href=\"tel:95294536\">952 94 536<\/a><\/p>\n\n\n\n<p>Sjekkliste f\u00f8r bes\u00f8ket:<\/p>\n\n\n\n<ul class=\"wp-block-list\">\n<li>Me blir glade om de kan spandera lunsj og ein kopp kaffi eller fem.<\/li>\n\n\n\n<li>Plass til \u00e5 ha showet. Gymsal, aula e.l. Elevane sit godt p\u00e5 golvet.<\/li>\n\n\n\n<li>Plass til utstillinga. Gymsal, mediatek eller anna litt stort rom. Kan og fordelast p\u00e5 to vanlege klasserom. 30 pultar eller 15 doble bord til utstillinga.<\/li>\n\n\n\n<li>Me set pris p\u00e5 om nokre elevar kan hjelpe til med \u00e5 f\u00e5 inn utstyret n\u00e5r me kjem, og hjelpe til med \u00e5 setje opp utstillinga (og hjelpe til med \u00e5 f\u00e5 utstyre ut i bilane att).<\/li>\n\n\n\n<li>Enkelte av undervisningsopplegga har eigne krav til romma n\u00e5r det gjeld takh\u00f8gd, ventilasjon, vaskar eller st\u00f8rrelse. Sjekk om romma passer til opplegga de har bestilt. Me er fleksible her og kan som regel f\u00e5 det til p\u00e5 eit vis. Det meste kan fiksast med eit smil og litt gaffateip.<\/li>\n<\/ul>\n","protected":false},"excerpt":{"rendered":"<p><img loading=\"lazy\" decoding=\"async\" width=\"136\" height=\"64\" style=\"float: left\" alt=\"Alle trinn\" src=\"images\/stories\/bannere\/btn_alle_trinn.png\" \/><\/p>\n","protected":false},"author":8,"featured_media":0,"parent":0,"menu_order":0,"comment_status":"open","ping_status":"open","template":"","meta":{"_acf_changed":false,"footnotes":""},"class_list":["post-12","page","type-page","status-publish","hentry","featured-image-size-large"],"acf":[],"yoast_head":"<!-- This site is optimized with the Yoast SEO plugin v27.4 - https:\/\/yoast.com\/product\/yoast-seo-wordpress\/ -->\n<title>Skulebes\u00f8k - Science Circus<\/title>\n<meta name=\"robots\" content=\"index, follow, max-snippet:-1, max-image-preview:large, max-video-preview:-1\" \/>\n<link rel=\"canonical\" href=\"https:\/\/www.jaermuseet.no\/sciencecircus\/skulebesok\/\" \/>\n<meta property=\"og:locale\" content=\"nn_NO\" \/>\n<meta property=\"og:type\" content=\"article\" \/>\n<meta property=\"og:title\" content=\"Skulebes\u00f8k - Science Circus\" \/>\n<meta property=\"og:url\" content=\"https:\/\/www.jaermuseet.no\/sciencecircus\/skulebesok\/\" \/>\n<meta property=\"og:site_name\" content=\"Science Circus\" \/>\n<meta property=\"article:modified_time\" content=\"2025-05-28T09:01:00+00:00\" \/>\n<meta property=\"og:image\" content=\"https:\/\/www.jaermuseet.no\/sciencecircus\/wp-content\/uploads\/sites\/9\/2019\/05\/timeplan.png\" \/>\n\t<meta property=\"og:image:width\" content=\"677\" \/>\n\t<meta property=\"og:image:height\" content=\"393\" \/>\n\t<meta property=\"og:image:type\" content=\"image\/png\" \/>\n<meta name=\"twitter:card\" content=\"summary_large_image\" \/>\n<meta name=\"twitter:label1\" content=\"Est. reading time\" \/>\n\t<meta name=\"twitter:data1\" content=\"2 minutt\" \/>\n<script type=\"application\/ld+json\" class=\"yoast-schema-graph\">{\"@context\":\"https:\\\/\\\/schema.org\",\"@graph\":[{\"@type\":\"WebPage\",\"@id\":\"https:\\\/\\\/www.jaermuseet.no\\\/sciencecircus\\\/skulebesok\\\/\",\"url\":\"https:\\\/\\\/www.jaermuseet.no\\\/sciencecircus\\\/skulebesok\\\/\",\"name\":\"Skulebes\u00f8k - Science Circus\",\"isPartOf\":{\"@id\":\"https:\\\/\\\/www.jaermuseet.no\\\/sciencecircus\\\/#website\"},\"primaryImageOfPage\":{\"@id\":\"https:\\\/\\\/www.jaermuseet.no\\\/sciencecircus\\\/skulebesok\\\/#primaryimage\"},\"image\":{\"@id\":\"https:\\\/\\\/www.jaermuseet.no\\\/sciencecircus\\\/skulebesok\\\/#primaryimage\"},\"thumbnailUrl\":\"https:\\\/\\\/www.jaermuseet.no\\\/sciencecircus\\\/wp-content\\\/uploads\\\/sites\\\/9\\\/2019\\\/05\\\/timeplan-300x174.png\",\"datePublished\":\"2010-08-12T06:54:46+00:00\",\"dateModified\":\"2025-05-28T09:01:00+00:00\",\"breadcrumb\":{\"@id\":\"https:\\\/\\\/www.jaermuseet.no\\\/sciencecircus\\\/skulebesok\\\/#breadcrumb\"},\"inLanguage\":\"nn-NO\",\"potentialAction\":[{\"@type\":\"ReadAction\",\"target\":[\"https:\\\/\\\/www.jaermuseet.no\\\/sciencecircus\\\/skulebesok\\\/\"]}]},{\"@type\":\"ImageObject\",\"inLanguage\":\"nn-NO\",\"@id\":\"https:\\\/\\\/www.jaermuseet.no\\\/sciencecircus\\\/skulebesok\\\/#primaryimage\",\"url\":\"https:\\\/\\\/www.jaermuseet.no\\\/sciencecircus\\\/wp-content\\\/uploads\\\/sites\\\/9\\\/2019\\\/05\\\/timeplan-300x174.png\",\"contentUrl\":\"https:\\\/\\\/www.jaermuseet.no\\\/sciencecircus\\\/wp-content\\\/uploads\\\/sites\\\/9\\\/2019\\\/05\\\/timeplan-300x174.png\"},{\"@type\":\"BreadcrumbList\",\"@id\":\"https:\\\/\\\/www.jaermuseet.no\\\/sciencecircus\\\/skulebesok\\\/#breadcrumb\",\"itemListElement\":[{\"@type\":\"ListItem\",\"position\":1,\"name\":\"Hjem\",\"item\":\"https:\\\/\\\/www.jaermuseet.no\\\/sciencecircus\\\/\"},{\"@type\":\"ListItem\",\"position\":2,\"name\":\"Skulebes\u00f8k\"}]},{\"@type\":\"WebSite\",\"@id\":\"https:\\\/\\\/www.jaermuseet.no\\\/sciencecircus\\\/#website\",\"url\":\"https:\\\/\\\/www.jaermuseet.no\\\/sciencecircus\\\/\",\"name\":\"Science Circus\",\"description\":\"Jaermuseet&#039;s outreach program\",\"potentialAction\":[{\"@type\":\"SearchAction\",\"target\":{\"@type\":\"EntryPoint\",\"urlTemplate\":\"https:\\\/\\\/www.jaermuseet.no\\\/sciencecircus\\\/?s={search_term_string}\"},\"query-input\":{\"@type\":\"PropertyValueSpecification\",\"valueRequired\":true,\"valueName\":\"search_term_string\"}}],\"inLanguage\":\"nn-NO\"}]}<\/script>\n<!-- \/ Yoast SEO plugin. -->","yoast_head_json":{"title":"Skulebes\u00f8k - Science Circus","robots":{"index":"index","follow":"follow","max-snippet":"max-snippet:-1","max-image-preview":"max-image-preview:large","max-video-preview":"max-video-preview:-1"},"canonical":"https:\/\/www.jaermuseet.no\/sciencecircus\/skulebesok\/","og_locale":"nn_NO","og_type":"article","og_title":"Skulebes\u00f8k - Science Circus","og_url":"https:\/\/www.jaermuseet.no\/sciencecircus\/skulebesok\/","og_site_name":"Science Circus","article_modified_time":"2025-05-28T09:01:00+00:00","og_image":[{"width":677,"height":393,"url":"https:\/\/www.jaermuseet.no\/sciencecircus\/wp-content\/uploads\/sites\/9\/2019\/05\/timeplan.png","type":"image\/png"}],"twitter_card":"summary_large_image","twitter_misc":{"Est. reading time":"2 minutt"},"schema":{"@context":"https:\/\/schema.org","@graph":[{"@type":"WebPage","@id":"https:\/\/www.jaermuseet.no\/sciencecircus\/skulebesok\/","url":"https:\/\/www.jaermuseet.no\/sciencecircus\/skulebesok\/","name":"Skulebes\u00f8k - Science Circus","isPartOf":{"@id":"https:\/\/www.jaermuseet.no\/sciencecircus\/#website"},"primaryImageOfPage":{"@id":"https:\/\/www.jaermuseet.no\/sciencecircus\/skulebesok\/#primaryimage"},"image":{"@id":"https:\/\/www.jaermuseet.no\/sciencecircus\/skulebesok\/#primaryimage"},"thumbnailUrl":"https:\/\/www.jaermuseet.no\/sciencecircus\/wp-content\/uploads\/sites\/9\/2019\/05\/timeplan-300x174.png","datePublished":"2010-08-12T06:54:46+00:00","dateModified":"2025-05-28T09:01:00+00:00","breadcrumb":{"@id":"https:\/\/www.jaermuseet.no\/sciencecircus\/skulebesok\/#breadcrumb"},"inLanguage":"nn-NO","potentialAction":[{"@type":"ReadAction","target":["https:\/\/www.jaermuseet.no\/sciencecircus\/skulebesok\/"]}]},{"@type":"ImageObject","inLanguage":"nn-NO","@id":"https:\/\/www.jaermuseet.no\/sciencecircus\/skulebesok\/#primaryimage","url":"https:\/\/www.jaermuseet.no\/sciencecircus\/wp-content\/uploads\/sites\/9\/2019\/05\/timeplan-300x174.png","contentUrl":"https:\/\/www.jaermuseet.no\/sciencecircus\/wp-content\/uploads\/sites\/9\/2019\/05\/timeplan-300x174.png"},{"@type":"BreadcrumbList","@id":"https:\/\/www.jaermuseet.no\/sciencecircus\/skulebesok\/#breadcrumb","itemListElement":[{"@type":"ListItem","position":1,"name":"Hjem","item":"https:\/\/www.jaermuseet.no\/sciencecircus\/"},{"@type":"ListItem","position":2,"name":"Skulebes\u00f8k"}]},{"@type":"WebSite","@id":"https:\/\/www.jaermuseet.no\/sciencecircus\/#website","url":"https:\/\/www.jaermuseet.no\/sciencecircus\/","name":"Science Circus","description":"Jaermuseet&#039;s outreach program","potentialAction":[{"@type":"SearchAction","target":{"@type":"EntryPoint","urlTemplate":"https:\/\/www.jaermuseet.no\/sciencecircus\/?s={search_term_string}"},"query-input":{"@type":"PropertyValueSpecification","valueRequired":true,"valueName":"search_term_string"}}],"inLanguage":"nn-NO"}]}},"jetpack_sharing_enabled":true,"_links":{"self":[{"href":"https:\/\/www.jaermuseet.no\/sciencecircus\/wp-json\/wp\/v2\/pages\/12","targetHints":{"allow":["GET"]}}],"collection":[{"href":"https:\/\/www.jaermuseet.no\/sciencecircus\/wp-json\/wp\/v2\/pages"}],"about":[{"href":"https:\/\/www.jaermuseet.no\/sciencecircus\/wp-json\/wp\/v2\/types\/page"}],"author":[{"embeddable":true,"href":"https:\/\/www.jaermuseet.no\/sciencecircus\/wp-json\/wp\/v2\/users\/8"}],"replies":[{"embeddable":true,"href":"https:\/\/www.jaermuseet.no\/sciencecircus\/wp-json\/wp\/v2\/comments?post=12"}],"version-history":[{"count":21,"href":"https:\/\/www.jaermuseet.no\/sciencecircus\/wp-json\/wp\/v2\/pages\/12\/revisions"}],"predecessor-version":[{"id":889,"href":"https:\/\/www.jaermuseet.no\/sciencecircus\/wp-json\/wp\/v2\/pages\/12\/revisions\/889"}],"wp:attachment":[{"href":"https:\/\/www.jaermuseet.no\/sciencecircus\/wp-json\/wp\/v2\/media?parent=12"}],"curies":[{"name":"wp","href":"https:\/\/api.w.org\/{rel}","templated":true}]}}