{"id":685,"date":"2015-10-02T13:39:22","date_gmt":"2015-10-02T11:39:22","guid":{"rendered":"https:\/\/www.jaermuseet.no\/samlingar\/?page_id=685"},"modified":"2016-05-27T12:52:57","modified_gmt":"2016-05-27T10:52:57","slug":"arbeidsplan","status":"publish","type":"page","link":"https:\/\/www.jaermuseet.no\/samlingar\/arbeidsplan\/","title":{"rendered":"Arbeidsplan"},"content":{"rendered":"<p>Arbeidsplan for 2015 og 2016.\u00a0\u00a0Museene st\u00e5r fritt til \u00e5 velge tidspunkt og varighet p\u00e5 prosjektene. Planen vil bli oppdatert fortl\u00f8pende.<\/p>\n<p>Last ned <a href=\"https:\/\/www.jaermuseet.no\/samlingar\/wp-content\/uploads\/sites\/16\/2016\/05\/Arbeidsplan-2016.pdf\">Arbeidsplan 2016<\/a><\/p>\n","protected":false},"excerpt":{"rendered":"<p>Arbeidsplan for 2015 og 2016.\u00a0\u00a0Museene st\u00e5r fritt til \u00e5 velge&#8230;<\/p>\n","protected":false},"author":1,"featured_media":0,"parent":0,"menu_order":0,"comment_status":"closed","ping_status":"closed","template":"","meta":{"_acf_changed":false,"footnotes":""},"class_list":["post-685","page","type-page","status-publish","hentry","featured-image-size-large"],"acf":[],"yoast_head":"<!-- This site is optimized with the Yoast SEO plugin v27.4 - https:\/\/yoast.com\/product\/yoast-seo-wordpress\/ -->\n<title>Arbeidsplan - Samlingar<\/title>\n<meta name=\"robots\" content=\"index, follow, max-snippet:-1, max-image-preview:large, max-video-preview:-1\" \/>\n<link rel=\"canonical\" href=\"https:\/\/www.jaermuseet.no\/samlingar\/arbeidsplan\/\" \/>\n<meta property=\"og:locale\" content=\"nn_NO\" \/>\n<meta property=\"og:type\" content=\"article\" \/>\n<meta property=\"og:title\" content=\"Arbeidsplan - Samlingar\" \/>\n<meta property=\"og:description\" content=\"Arbeidsplan for 2015 og 2016.\u00a0\u00a0Museene st\u00e5r fritt til \u00e5 velge...\" \/>\n<meta property=\"og:url\" content=\"https:\/\/www.jaermuseet.no\/samlingar\/arbeidsplan\/\" \/>\n<meta property=\"og:site_name\" content=\"Samlingar\" \/>\n<meta property=\"article:modified_time\" content=\"2016-05-27T10:52:57+00:00\" \/>\n<meta name=\"twitter:card\" content=\"summary_large_image\" \/>\n<script type=\"application\/ld+json\" class=\"yoast-schema-graph\">{\"@context\":\"https:\\\/\\\/schema.org\",\"@graph\":[{\"@type\":\"WebPage\",\"@id\":\"https:\\\/\\\/www.jaermuseet.no\\\/samlingar\\\/arbeidsplan\\\/\",\"url\":\"https:\\\/\\\/www.jaermuseet.no\\\/samlingar\\\/arbeidsplan\\\/\",\"name\":\"Arbeidsplan - Samlingar\",\"isPartOf\":{\"@id\":\"https:\\\/\\\/www.jaermuseet.no\\\/samlingar\\\/#website\"},\"datePublished\":\"2015-10-02T11:39:22+00:00\",\"dateModified\":\"2016-05-27T10:52:57+00:00\",\"breadcrumb\":{\"@id\":\"https:\\\/\\\/www.jaermuseet.no\\\/samlingar\\\/arbeidsplan\\\/#breadcrumb\"},\"inLanguage\":\"nn-NO\",\"potentialAction\":[{\"@type\":\"ReadAction\",\"target\":[\"https:\\\/\\\/www.jaermuseet.no\\\/samlingar\\\/arbeidsplan\\\/\"]}]},{\"@type\":\"BreadcrumbList\",\"@id\":\"https:\\\/\\\/www.jaermuseet.no\\\/samlingar\\\/arbeidsplan\\\/#breadcrumb\",\"itemListElement\":[{\"@type\":\"ListItem\",\"position\":1,\"name\":\"Hjem\",\"item\":\"https:\\\/\\\/www.jaermuseet.no\\\/samlingar\\\/\"},{\"@type\":\"ListItem\",\"position\":2,\"name\":\"Arbeidsplan\"}]},{\"@type\":\"WebSite\",\"@id\":\"https:\\\/\\\/www.jaermuseet.no\\\/samlingar\\\/#website\",\"url\":\"https:\\\/\\\/www.jaermuseet.no\\\/samlingar\\\/\",\"name\":\"Samlingar\",\"description\":\"Innsamling, dokumentasjon, forsking og bevaring.\",\"potentialAction\":[{\"@type\":\"SearchAction\",\"target\":{\"@type\":\"EntryPoint\",\"urlTemplate\":\"https:\\\/\\\/www.jaermuseet.no\\\/samlingar\\\/?s={search_term_string}\"},\"query-input\":{\"@type\":\"PropertyValueSpecification\",\"valueRequired\":true,\"valueName\":\"search_term_string\"}}],\"inLanguage\":\"nn-NO\"}]}<\/script>\n<!-- \/ Yoast SEO plugin. -->","yoast_head_json":{"title":"Arbeidsplan - Samlingar","robots":{"index":"index","follow":"follow","max-snippet":"max-snippet:-1","max-image-preview":"max-image-preview:large","max-video-preview":"max-video-preview:-1"},"canonical":"https:\/\/www.jaermuseet.no\/samlingar\/arbeidsplan\/","og_locale":"nn_NO","og_type":"article","og_title":"Arbeidsplan - Samlingar","og_description":"Arbeidsplan for 2015 og 2016.\u00a0\u00a0Museene st\u00e5r fritt til \u00e5 velge...","og_url":"https:\/\/www.jaermuseet.no\/samlingar\/arbeidsplan\/","og_site_name":"Samlingar","article_modified_time":"2016-05-27T10:52:57+00:00","twitter_card":"summary_large_image","schema":{"@context":"https:\/\/schema.org","@graph":[{"@type":"WebPage","@id":"https:\/\/www.jaermuseet.no\/samlingar\/arbeidsplan\/","url":"https:\/\/www.jaermuseet.no\/samlingar\/arbeidsplan\/","name":"Arbeidsplan - Samlingar","isPartOf":{"@id":"https:\/\/www.jaermuseet.no\/samlingar\/#website"},"datePublished":"2015-10-02T11:39:22+00:00","dateModified":"2016-05-27T10:52:57+00:00","breadcrumb":{"@id":"https:\/\/www.jaermuseet.no\/samlingar\/arbeidsplan\/#breadcrumb"},"inLanguage":"nn-NO","potentialAction":[{"@type":"ReadAction","target":["https:\/\/www.jaermuseet.no\/samlingar\/arbeidsplan\/"]}]},{"@type":"BreadcrumbList","@id":"https:\/\/www.jaermuseet.no\/samlingar\/arbeidsplan\/#breadcrumb","itemListElement":[{"@type":"ListItem","position":1,"name":"Hjem","item":"https:\/\/www.jaermuseet.no\/samlingar\/"},{"@type":"ListItem","position":2,"name":"Arbeidsplan"}]},{"@type":"WebSite","@id":"https:\/\/www.jaermuseet.no\/samlingar\/#website","url":"https:\/\/www.jaermuseet.no\/samlingar\/","name":"Samlingar","description":"Innsamling, dokumentasjon, forsking og bevaring.","potentialAction":[{"@type":"SearchAction","target":{"@type":"EntryPoint","urlTemplate":"https:\/\/www.jaermuseet.no\/samlingar\/?s={search_term_string}"},"query-input":{"@type":"PropertyValueSpecification","valueRequired":true,"valueName":"search_term_string"}}],"inLanguage":"nn-NO"}]}},"jetpack_sharing_enabled":true,"_links":{"self":[{"href":"https:\/\/www.jaermuseet.no\/samlingar\/wp-json\/wp\/v2\/pages\/685","targetHints":{"allow":["GET"]}}],"collection":[{"href":"https:\/\/www.jaermuseet.no\/samlingar\/wp-json\/wp\/v2\/pages"}],"about":[{"href":"https:\/\/www.jaermuseet.no\/samlingar\/wp-json\/wp\/v2\/types\/page"}],"author":[{"embeddable":true,"href":"https:\/\/www.jaermuseet.no\/samlingar\/wp-json\/wp\/v2\/users\/1"}],"replies":[{"embeddable":true,"href":"https:\/\/www.jaermuseet.no\/samlingar\/wp-json\/wp\/v2\/comments?post=685"}],"version-history":[{"count":11,"href":"https:\/\/www.jaermuseet.no\/samlingar\/wp-json\/wp\/v2\/pages\/685\/revisions"}],"predecessor-version":[{"id":1115,"href":"https:\/\/www.jaermuseet.no\/samlingar\/wp-json\/wp\/v2\/pages\/685\/revisions\/1115"}],"wp:attachment":[{"href":"https:\/\/www.jaermuseet.no\/samlingar\/wp-json\/wp\/v2\/media?parent=685"}],"curies":[{"name":"wp","href":"https:\/\/api.w.org\/{rel}","templated":true}]}}