{"id":340,"date":"2015-09-21T14:10:42","date_gmt":"2015-09-21T12:10:42","guid":{"rendered":"https:\/\/www.jaermuseet.no\/samlingar\/?page_id=340"},"modified":"2015-11-17T12:24:27","modified_gmt":"2015-11-17T11:24:27","slug":"samlingsteam-rogaland","status":"publish","type":"page","link":"https:\/\/www.jaermuseet.no\/samlingar\/samlingsteam-rogaland\/","title":{"rendered":"Om SamRog"},"content":{"rendered":"<p>Teamet\u00a0skal arbeida\u00a0periodevis p\u00e5 alle regionmusea i Rogaland. I samarbeid med det enkelte museet\u00a0settes det\u00a0opp konkrete oppg\u00e5ver som skal l\u00f8ysast. Samlingsteamet vil arbeida saman med personale p\u00e5 det enkelte museet. J\u00e6rmuseet har arbeidsgjevaransvaret for dette mobile samlingsforvaltningsteamet og teamet\u00a0har\u00a0kontor p\u00e5 Vitenfabrikken i Sandnes. Prosjektleiar for teamet er Per Inge B\u00f8e og prosjektmedarbeidar er Jeanne Dalbu, Eirik Aarebrot, Lise Chantrier Aasen\u00a0og Bel\u00e9n Navazo Hourcade. Det er oppretta ei styringsgruppe for arbeidet med Bitten Bakke som leiar. Prosjektet vert st\u00f8tta av Rogaland Fylkeskommune og Kulturr\u00e5det.<\/p>\n<p>Her er musea som er med: Dalane Folkemuseum, Ryfylkemuseet, MUST, Haugalandsmuseene, Norsk Oljemuseum og J\u00e6rmuseet.<\/p>\n<p>&nbsp;<\/p>\n","protected":false},"excerpt":{"rendered":"<p>Teamet\u00a0skal arbeida\u00a0periodevis p\u00e5 alle regionmusea i Rogaland. I samarbeid med&#8230;<\/p>\n","protected":false},"author":1,"featured_media":513,"parent":0,"menu_order":0,"comment_status":"closed","ping_status":"closed","template":"","meta":{"_acf_changed":false,"footnotes":""},"class_list":["post-340","page","type-page","status-publish","has-post-thumbnail","hentry","featured-image-size-small"],"acf":[],"yoast_head":"<!-- This site is optimized with the Yoast SEO plugin v27.4 - https:\/\/yoast.com\/product\/yoast-seo-wordpress\/ -->\n<title>Om SamRog - Samlingar<\/title>\n<meta name=\"robots\" content=\"index, follow, max-snippet:-1, max-image-preview:large, max-video-preview:-1\" \/>\n<link rel=\"canonical\" href=\"https:\/\/www.jaermuseet.no\/samlingar\/samlingsteam-rogaland\/\" \/>\n<meta property=\"og:locale\" content=\"nn_NO\" \/>\n<meta property=\"og:type\" content=\"article\" \/>\n<meta property=\"og:title\" content=\"Om SamRog - Samlingar\" \/>\n<meta property=\"og:description\" content=\"Teamet\u00a0skal arbeida\u00a0periodevis p\u00e5 alle regionmusea i Rogaland. I samarbeid med...\" \/>\n<meta property=\"og:url\" content=\"https:\/\/www.jaermuseet.no\/samlingar\/samlingsteam-rogaland\/\" \/>\n<meta property=\"og:site_name\" content=\"Samlingar\" \/>\n<meta property=\"article:modified_time\" content=\"2015-11-17T11:24:27+00:00\" \/>\n<meta property=\"og:image\" content=\"https:\/\/www.jaermuseet.no\/samlingar\/wp-content\/uploads\/sites\/16\/2015\/09\/20140114mgr_01uts.jpg\" \/>\n\t<meta property=\"og:image:width\" content=\"1868\" \/>\n\t<meta property=\"og:image:height\" content=\"1582\" \/>\n\t<meta property=\"og:image:type\" content=\"image\/jpeg\" \/>\n<meta name=\"twitter:card\" content=\"summary_large_image\" \/>\n<meta name=\"twitter:label1\" content=\"Est. reading time\" \/>\n\t<meta name=\"twitter:data1\" content=\"1 minutt\" \/>\n<script type=\"application\/ld+json\" class=\"yoast-schema-graph\">{\"@context\":\"https:\\\/\\\/schema.org\",\"@graph\":[{\"@type\":\"WebPage\",\"@id\":\"https:\\\/\\\/www.jaermuseet.no\\\/samlingar\\\/samlingsteam-rogaland\\\/\",\"url\":\"https:\\\/\\\/www.jaermuseet.no\\\/samlingar\\\/samlingsteam-rogaland\\\/\",\"name\":\"Om SamRog - Samlingar\",\"isPartOf\":{\"@id\":\"https:\\\/\\\/www.jaermuseet.no\\\/samlingar\\\/#website\"},\"primaryImageOfPage\":{\"@id\":\"https:\\\/\\\/www.jaermuseet.no\\\/samlingar\\\/samlingsteam-rogaland\\\/#primaryimage\"},\"image\":{\"@id\":\"https:\\\/\\\/www.jaermuseet.no\\\/samlingar\\\/samlingsteam-rogaland\\\/#primaryimage\"},\"thumbnailUrl\":\"https:\\\/\\\/www.jaermuseet.no\\\/samlingar\\\/wp-content\\\/uploads\\\/sites\\\/16\\\/2015\\\/09\\\/20140114mgr_01uts.jpg\",\"datePublished\":\"2015-09-21T12:10:42+00:00\",\"dateModified\":\"2015-11-17T11:24:27+00:00\",\"breadcrumb\":{\"@id\":\"https:\\\/\\\/www.jaermuseet.no\\\/samlingar\\\/samlingsteam-rogaland\\\/#breadcrumb\"},\"inLanguage\":\"nn-NO\",\"potentialAction\":[{\"@type\":\"ReadAction\",\"target\":[\"https:\\\/\\\/www.jaermuseet.no\\\/samlingar\\\/samlingsteam-rogaland\\\/\"]}]},{\"@type\":\"ImageObject\",\"inLanguage\":\"nn-NO\",\"@id\":\"https:\\\/\\\/www.jaermuseet.no\\\/samlingar\\\/samlingsteam-rogaland\\\/#primaryimage\",\"url\":\"https:\\\/\\\/www.jaermuseet.no\\\/samlingar\\\/wp-content\\\/uploads\\\/sites\\\/16\\\/2015\\\/09\\\/20140114mgr_01uts.jpg\",\"contentUrl\":\"https:\\\/\\\/www.jaermuseet.no\\\/samlingar\\\/wp-content\\\/uploads\\\/sites\\\/16\\\/2015\\\/09\\\/20140114mgr_01uts.jpg\",\"width\":1868,\"height\":1582},{\"@type\":\"BreadcrumbList\",\"@id\":\"https:\\\/\\\/www.jaermuseet.no\\\/samlingar\\\/samlingsteam-rogaland\\\/#breadcrumb\",\"itemListElement\":[{\"@type\":\"ListItem\",\"position\":1,\"name\":\"Hjem\",\"item\":\"https:\\\/\\\/www.jaermuseet.no\\\/samlingar\\\/\"},{\"@type\":\"ListItem\",\"position\":2,\"name\":\"Om SamRog\"}]},{\"@type\":\"WebSite\",\"@id\":\"https:\\\/\\\/www.jaermuseet.no\\\/samlingar\\\/#website\",\"url\":\"https:\\\/\\\/www.jaermuseet.no\\\/samlingar\\\/\",\"name\":\"Samlingar\",\"description\":\"Innsamling, dokumentasjon, forsking og bevaring.\",\"potentialAction\":[{\"@type\":\"SearchAction\",\"target\":{\"@type\":\"EntryPoint\",\"urlTemplate\":\"https:\\\/\\\/www.jaermuseet.no\\\/samlingar\\\/?s={search_term_string}\"},\"query-input\":{\"@type\":\"PropertyValueSpecification\",\"valueRequired\":true,\"valueName\":\"search_term_string\"}}],\"inLanguage\":\"nn-NO\"}]}<\/script>\n<!-- \/ Yoast SEO plugin. -->","yoast_head_json":{"title":"Om SamRog - Samlingar","robots":{"index":"index","follow":"follow","max-snippet":"max-snippet:-1","max-image-preview":"max-image-preview:large","max-video-preview":"max-video-preview:-1"},"canonical":"https:\/\/www.jaermuseet.no\/samlingar\/samlingsteam-rogaland\/","og_locale":"nn_NO","og_type":"article","og_title":"Om SamRog - Samlingar","og_description":"Teamet\u00a0skal arbeida\u00a0periodevis p\u00e5 alle regionmusea i Rogaland. I samarbeid med...","og_url":"https:\/\/www.jaermuseet.no\/samlingar\/samlingsteam-rogaland\/","og_site_name":"Samlingar","article_modified_time":"2015-11-17T11:24:27+00:00","og_image":[{"width":1868,"height":1582,"url":"https:\/\/www.jaermuseet.no\/samlingar\/wp-content\/uploads\/sites\/16\/2015\/09\/20140114mgr_01uts.jpg","type":"image\/jpeg"}],"twitter_card":"summary_large_image","twitter_misc":{"Est. reading time":"1 minutt"},"schema":{"@context":"https:\/\/schema.org","@graph":[{"@type":"WebPage","@id":"https:\/\/www.jaermuseet.no\/samlingar\/samlingsteam-rogaland\/","url":"https:\/\/www.jaermuseet.no\/samlingar\/samlingsteam-rogaland\/","name":"Om SamRog - Samlingar","isPartOf":{"@id":"https:\/\/www.jaermuseet.no\/samlingar\/#website"},"primaryImageOfPage":{"@id":"https:\/\/www.jaermuseet.no\/samlingar\/samlingsteam-rogaland\/#primaryimage"},"image":{"@id":"https:\/\/www.jaermuseet.no\/samlingar\/samlingsteam-rogaland\/#primaryimage"},"thumbnailUrl":"https:\/\/www.jaermuseet.no\/samlingar\/wp-content\/uploads\/sites\/16\/2015\/09\/20140114mgr_01uts.jpg","datePublished":"2015-09-21T12:10:42+00:00","dateModified":"2015-11-17T11:24:27+00:00","breadcrumb":{"@id":"https:\/\/www.jaermuseet.no\/samlingar\/samlingsteam-rogaland\/#breadcrumb"},"inLanguage":"nn-NO","potentialAction":[{"@type":"ReadAction","target":["https:\/\/www.jaermuseet.no\/samlingar\/samlingsteam-rogaland\/"]}]},{"@type":"ImageObject","inLanguage":"nn-NO","@id":"https:\/\/www.jaermuseet.no\/samlingar\/samlingsteam-rogaland\/#primaryimage","url":"https:\/\/www.jaermuseet.no\/samlingar\/wp-content\/uploads\/sites\/16\/2015\/09\/20140114mgr_01uts.jpg","contentUrl":"https:\/\/www.jaermuseet.no\/samlingar\/wp-content\/uploads\/sites\/16\/2015\/09\/20140114mgr_01uts.jpg","width":1868,"height":1582},{"@type":"BreadcrumbList","@id":"https:\/\/www.jaermuseet.no\/samlingar\/samlingsteam-rogaland\/#breadcrumb","itemListElement":[{"@type":"ListItem","position":1,"name":"Hjem","item":"https:\/\/www.jaermuseet.no\/samlingar\/"},{"@type":"ListItem","position":2,"name":"Om SamRog"}]},{"@type":"WebSite","@id":"https:\/\/www.jaermuseet.no\/samlingar\/#website","url":"https:\/\/www.jaermuseet.no\/samlingar\/","name":"Samlingar","description":"Innsamling, dokumentasjon, forsking og bevaring.","potentialAction":[{"@type":"SearchAction","target":{"@type":"EntryPoint","urlTemplate":"https:\/\/www.jaermuseet.no\/samlingar\/?s={search_term_string}"},"query-input":{"@type":"PropertyValueSpecification","valueRequired":true,"valueName":"search_term_string"}}],"inLanguage":"nn-NO"}]}},"jetpack_sharing_enabled":true,"_links":{"self":[{"href":"https:\/\/www.jaermuseet.no\/samlingar\/wp-json\/wp\/v2\/pages\/340","targetHints":{"allow":["GET"]}}],"collection":[{"href":"https:\/\/www.jaermuseet.no\/samlingar\/wp-json\/wp\/v2\/pages"}],"about":[{"href":"https:\/\/www.jaermuseet.no\/samlingar\/wp-json\/wp\/v2\/types\/page"}],"author":[{"embeddable":true,"href":"https:\/\/www.jaermuseet.no\/samlingar\/wp-json\/wp\/v2\/users\/1"}],"replies":[{"embeddable":true,"href":"https:\/\/www.jaermuseet.no\/samlingar\/wp-json\/wp\/v2\/comments?post=340"}],"version-history":[{"count":15,"href":"https:\/\/www.jaermuseet.no\/samlingar\/wp-json\/wp\/v2\/pages\/340\/revisions"}],"predecessor-version":[{"id":743,"href":"https:\/\/www.jaermuseet.no\/samlingar\/wp-json\/wp\/v2\/pages\/340\/revisions\/743"}],"wp:featuredmedia":[{"embeddable":true,"href":"https:\/\/www.jaermuseet.no\/samlingar\/wp-json\/wp\/v2\/media\/513"}],"wp:attachment":[{"href":"https:\/\/www.jaermuseet.no\/samlingar\/wp-json\/wp\/v2\/media?parent=340"}],"curies":[{"name":"wp","href":"https:\/\/api.w.org\/{rel}","templated":true}]}}