{"id":104,"date":"2015-06-25T11:59:38","date_gmt":"2015-06-25T09:59:38","guid":{"rendered":"https:\/\/www.jaermuseet.no\/samlingar\/?page_id=104"},"modified":"2015-12-10T12:48:48","modified_gmt":"2015-12-10T11:48:48","slug":"om-samlingar","status":"publish","type":"page","link":"https:\/\/www.jaermuseet.no\/samlingar\/om-samlingar\/","title":{"rendered":"Om Samlingar"},"content":{"rendered":"<p>J\u00e6rmuseet har s\u00e6rleg samla og dokumentert lokalhistorie gjennom prosjekt knytta til ulike sider ved jordbrukshistoria i nyare tid. Materialet fr\u00e5 prosjekta er foto-, intervju- og arkivmateriale.<\/p>\n<p>Museet har sidan starten i\u00a01985 vore museum for\u00a0det moderne og mekaniserte jordbruket.\u00a0 I volum er det jordbruksreiskapar fr\u00e5 det mekaniserte jordbruket som har dominert samlingane. Fr\u00e5 2002\u00a0har museet f\u00e5tt ansvar for fleire andre museum, med til dels store samlingar. Eit av desse er Jonas \u00d8gl\u00e6nds bedriftsmuseum. Det inneheld ei stor samling av syklar. The World, DBS og Tempo var alle syklar som blei produserte p\u00e5 Sandnes.<\/p>\n","protected":false},"excerpt":{"rendered":"<p>J\u00e6rmuseet har s\u00e6rleg samla og dokumentert lokalhistorie gjennom prosjekt knytta&#8230;<\/p>\n","protected":false},"author":1,"featured_media":327,"parent":0,"menu_order":0,"comment_status":"open","ping_status":"open","template":"","meta":{"_acf_changed":false,"footnotes":""},"class_list":["post-104","page","type-page","status-publish","has-post-thumbnail","hentry","featured-image-size-large"],"acf":[],"yoast_head":"<!-- This site is optimized with the Yoast SEO plugin v27.5 - https:\/\/yoast.com\/product\/yoast-seo-wordpress\/ -->\n<title>Om Samlingar - Samlingar<\/title>\n<meta name=\"robots\" content=\"index, follow, max-snippet:-1, max-image-preview:large, max-video-preview:-1\" \/>\n<link rel=\"canonical\" href=\"https:\/\/www.jaermuseet.no\/samlingar\/om-samlingar\/\" \/>\n<meta property=\"og:locale\" content=\"nn_NO\" \/>\n<meta property=\"og:type\" content=\"article\" \/>\n<meta property=\"og:title\" content=\"Om Samlingar - Samlingar\" \/>\n<meta property=\"og:description\" content=\"J\u00e6rmuseet har s\u00e6rleg samla og dokumentert lokalhistorie gjennom prosjekt knytta...\" \/>\n<meta property=\"og:url\" content=\"https:\/\/www.jaermuseet.no\/samlingar\/om-samlingar\/\" \/>\n<meta property=\"og:site_name\" content=\"Samlingar\" \/>\n<meta property=\"article:modified_time\" content=\"2015-12-10T11:48:48+00:00\" \/>\n<meta property=\"og:image\" content=\"https:\/\/www.jaermuseet.no\/samlingar\/wp-content\/uploads\/sites\/16\/2015\/09\/IMG_0074_r.jpg\" \/>\n\t<meta property=\"og:image:width\" content=\"800\" \/>\n\t<meta property=\"og:image:height\" content=\"520\" \/>\n\t<meta property=\"og:image:type\" content=\"image\/jpeg\" \/>\n<meta name=\"twitter:card\" content=\"summary_large_image\" \/>\n<script type=\"application\/ld+json\" class=\"yoast-schema-graph\">{\"@context\":\"https:\\\/\\\/schema.org\",\"@graph\":[{\"@type\":\"WebPage\",\"@id\":\"https:\\\/\\\/www.jaermuseet.no\\\/samlingar\\\/om-samlingar\\\/\",\"url\":\"https:\\\/\\\/www.jaermuseet.no\\\/samlingar\\\/om-samlingar\\\/\",\"name\":\"Om Samlingar - Samlingar\",\"isPartOf\":{\"@id\":\"https:\\\/\\\/www.jaermuseet.no\\\/samlingar\\\/#website\"},\"primaryImageOfPage\":{\"@id\":\"https:\\\/\\\/www.jaermuseet.no\\\/samlingar\\\/om-samlingar\\\/#primaryimage\"},\"image\":{\"@id\":\"https:\\\/\\\/www.jaermuseet.no\\\/samlingar\\\/om-samlingar\\\/#primaryimage\"},\"thumbnailUrl\":\"https:\\\/\\\/www.jaermuseet.no\\\/samlingar\\\/wp-content\\\/uploads\\\/sites\\\/16\\\/2015\\\/09\\\/IMG_0074_r.jpg\",\"datePublished\":\"2015-06-25T09:59:38+00:00\",\"dateModified\":\"2015-12-10T11:48:48+00:00\",\"breadcrumb\":{\"@id\":\"https:\\\/\\\/www.jaermuseet.no\\\/samlingar\\\/om-samlingar\\\/#breadcrumb\"},\"inLanguage\":\"nn-NO\",\"potentialAction\":[{\"@type\":\"ReadAction\",\"target\":[\"https:\\\/\\\/www.jaermuseet.no\\\/samlingar\\\/om-samlingar\\\/\"]}]},{\"@type\":\"ImageObject\",\"inLanguage\":\"nn-NO\",\"@id\":\"https:\\\/\\\/www.jaermuseet.no\\\/samlingar\\\/om-samlingar\\\/#primaryimage\",\"url\":\"https:\\\/\\\/www.jaermuseet.no\\\/samlingar\\\/wp-content\\\/uploads\\\/sites\\\/16\\\/2015\\\/09\\\/IMG_0074_r.jpg\",\"contentUrl\":\"https:\\\/\\\/www.jaermuseet.no\\\/samlingar\\\/wp-content\\\/uploads\\\/sites\\\/16\\\/2015\\\/09\\\/IMG_0074_r.jpg\",\"width\":800,\"height\":520},{\"@type\":\"BreadcrumbList\",\"@id\":\"https:\\\/\\\/www.jaermuseet.no\\\/samlingar\\\/om-samlingar\\\/#breadcrumb\",\"itemListElement\":[{\"@type\":\"ListItem\",\"position\":1,\"name\":\"Hjem\",\"item\":\"https:\\\/\\\/www.jaermuseet.no\\\/samlingar\\\/\"},{\"@type\":\"ListItem\",\"position\":2,\"name\":\"Om Samlingar\"}]},{\"@type\":\"WebSite\",\"@id\":\"https:\\\/\\\/www.jaermuseet.no\\\/samlingar\\\/#website\",\"url\":\"https:\\\/\\\/www.jaermuseet.no\\\/samlingar\\\/\",\"name\":\"Samlingar\",\"description\":\"Innsamling, dokumentasjon, forsking og bevaring.\",\"potentialAction\":[{\"@type\":\"SearchAction\",\"target\":{\"@type\":\"EntryPoint\",\"urlTemplate\":\"https:\\\/\\\/www.jaermuseet.no\\\/samlingar\\\/?s={search_term_string}\"},\"query-input\":{\"@type\":\"PropertyValueSpecification\",\"valueRequired\":true,\"valueName\":\"search_term_string\"}}],\"inLanguage\":\"nn-NO\"}]}<\/script>\n<!-- \/ Yoast SEO plugin. -->","yoast_head_json":{"title":"Om Samlingar - Samlingar","robots":{"index":"index","follow":"follow","max-snippet":"max-snippet:-1","max-image-preview":"max-image-preview:large","max-video-preview":"max-video-preview:-1"},"canonical":"https:\/\/www.jaermuseet.no\/samlingar\/om-samlingar\/","og_locale":"nn_NO","og_type":"article","og_title":"Om Samlingar - Samlingar","og_description":"J\u00e6rmuseet har s\u00e6rleg samla og dokumentert lokalhistorie gjennom prosjekt knytta...","og_url":"https:\/\/www.jaermuseet.no\/samlingar\/om-samlingar\/","og_site_name":"Samlingar","article_modified_time":"2015-12-10T11:48:48+00:00","og_image":[{"width":800,"height":520,"url":"https:\/\/www.jaermuseet.no\/samlingar\/wp-content\/uploads\/sites\/16\/2015\/09\/IMG_0074_r.jpg","type":"image\/jpeg"}],"twitter_card":"summary_large_image","schema":{"@context":"https:\/\/schema.org","@graph":[{"@type":"WebPage","@id":"https:\/\/www.jaermuseet.no\/samlingar\/om-samlingar\/","url":"https:\/\/www.jaermuseet.no\/samlingar\/om-samlingar\/","name":"Om Samlingar - Samlingar","isPartOf":{"@id":"https:\/\/www.jaermuseet.no\/samlingar\/#website"},"primaryImageOfPage":{"@id":"https:\/\/www.jaermuseet.no\/samlingar\/om-samlingar\/#primaryimage"},"image":{"@id":"https:\/\/www.jaermuseet.no\/samlingar\/om-samlingar\/#primaryimage"},"thumbnailUrl":"https:\/\/www.jaermuseet.no\/samlingar\/wp-content\/uploads\/sites\/16\/2015\/09\/IMG_0074_r.jpg","datePublished":"2015-06-25T09:59:38+00:00","dateModified":"2015-12-10T11:48:48+00:00","breadcrumb":{"@id":"https:\/\/www.jaermuseet.no\/samlingar\/om-samlingar\/#breadcrumb"},"inLanguage":"nn-NO","potentialAction":[{"@type":"ReadAction","target":["https:\/\/www.jaermuseet.no\/samlingar\/om-samlingar\/"]}]},{"@type":"ImageObject","inLanguage":"nn-NO","@id":"https:\/\/www.jaermuseet.no\/samlingar\/om-samlingar\/#primaryimage","url":"https:\/\/www.jaermuseet.no\/samlingar\/wp-content\/uploads\/sites\/16\/2015\/09\/IMG_0074_r.jpg","contentUrl":"https:\/\/www.jaermuseet.no\/samlingar\/wp-content\/uploads\/sites\/16\/2015\/09\/IMG_0074_r.jpg","width":800,"height":520},{"@type":"BreadcrumbList","@id":"https:\/\/www.jaermuseet.no\/samlingar\/om-samlingar\/#breadcrumb","itemListElement":[{"@type":"ListItem","position":1,"name":"Hjem","item":"https:\/\/www.jaermuseet.no\/samlingar\/"},{"@type":"ListItem","position":2,"name":"Om Samlingar"}]},{"@type":"WebSite","@id":"https:\/\/www.jaermuseet.no\/samlingar\/#website","url":"https:\/\/www.jaermuseet.no\/samlingar\/","name":"Samlingar","description":"Innsamling, dokumentasjon, forsking og bevaring.","potentialAction":[{"@type":"SearchAction","target":{"@type":"EntryPoint","urlTemplate":"https:\/\/www.jaermuseet.no\/samlingar\/?s={search_term_string}"},"query-input":{"@type":"PropertyValueSpecification","valueRequired":true,"valueName":"search_term_string"}}],"inLanguage":"nn-NO"}]}},"jetpack_sharing_enabled":true,"_links":{"self":[{"href":"https:\/\/www.jaermuseet.no\/samlingar\/wp-json\/wp\/v2\/pages\/104","targetHints":{"allow":["GET"]}}],"collection":[{"href":"https:\/\/www.jaermuseet.no\/samlingar\/wp-json\/wp\/v2\/pages"}],"about":[{"href":"https:\/\/www.jaermuseet.no\/samlingar\/wp-json\/wp\/v2\/types\/page"}],"author":[{"embeddable":true,"href":"https:\/\/www.jaermuseet.no\/samlingar\/wp-json\/wp\/v2\/users\/1"}],"replies":[{"embeddable":true,"href":"https:\/\/www.jaermuseet.no\/samlingar\/wp-json\/wp\/v2\/comments?post=104"}],"version-history":[{"count":5,"href":"https:\/\/www.jaermuseet.no\/samlingar\/wp-json\/wp\/v2\/pages\/104\/revisions"}],"predecessor-version":[{"id":758,"href":"https:\/\/www.jaermuseet.no\/samlingar\/wp-json\/wp\/v2\/pages\/104\/revisions\/758"}],"wp:featuredmedia":[{"embeddable":true,"href":"https:\/\/www.jaermuseet.no\/samlingar\/wp-json\/wp\/v2\/media\/327"}],"wp:attachment":[{"href":"https:\/\/www.jaermuseet.no\/samlingar\/wp-json\/wp\/v2\/media?parent=104"}],"curies":[{"name":"wp","href":"https:\/\/api.w.org\/{rel}","templated":true}]}}