{"id":6,"date":"2016-06-24T10:27:38","date_gmt":"2016-06-24T08:27:38","guid":{"rendered":"https:\/\/www.jaermuseet.no\/limagarden\/om-limagarden\/"},"modified":"2021-01-12T09:34:10","modified_gmt":"2021-01-12T07:34:10","slug":"om-limagarden","status":"publish","type":"page","link":"https:\/\/www.jaermuseet.no\/limagarden\/om-limagarden\/","title":{"rendered":"Om Limagarden"},"content":{"rendered":"<p>Garden har eksistert sidan 1600-tallet. Sau har alltid vore ein av hovedn\u00e6ringane p\u00e5 garden. I tillegg livn\u00e6rte dei seg mellom anna med fiske av aure, sik og r\u00f8ye i Limavatnet og Flassavatnet. Fiskegarnet vart bunde for hand. I smia laga dei sauebj\u00f8ller, og seinare skeiser. Tresko laga dei sj\u00f8lv. Graset i utmarka vart sl\u00e5tt etter at dei var ferdige med sl\u00e5tten heime. H\u00f8yet vart lagt inn i sm\u00e5 h\u00f8yl\u00f8er, og kj\u00f8rt heim om vinteren etter behov. Garden var ogs\u00e5 ein av dei f\u00f8rste i distriktet som fekk vaskekum for sau. Saueb\u00f8nder fr\u00e5 nabogardane kom i oktober og november med flokkane sine for \u00e5 bada sauene i kreolin for \u00e5 ta knekken p\u00e5 fl\u00e5tten. Det vart fortalt at det l\u00e5g mange saueflokkar langs vegen opp til garden og venta p\u00e5 eit bad p\u00e5 denne tida.<\/p>\n<p>I heimhuset var det mange slags oppg\u00e5ver, og kvar ledig stund vart utnytta. Ull var ein viktig ressurs. Det var vanlegvis mannen og ungane som stod for kardinga medan kona tok seg av spinninga. Arbeidet gjekk f\u00f8re seg i daglegstova. Heimhuset var delt inn i daglegstova, bua, kj\u00f8kken og andre-etasje. I daglegstova sov mann, kone og dei minste borna. Borna sov saman i ein s\u00e5kalla &#8220;Sandnesbenk&#8221;, der det var plass til 2-4 personar.<\/p>\n<p>Bua vart brukt til fint. I golvet var det ein planke. Det vart sagt at det bare var storfolk som fekk komma innanfor denne, husmenn m\u00e5tte halda seg p\u00e5 utsida. I andre etasje skulle ungdommen, tenestejenter og drengar ligga. I tillegg vart det oppbevart matvarer som korn og mj\u00f8l p\u00e5 loftet.<\/p>\n<p><strong>S\u00e6rutstilling<\/strong><br \/>\nP\u00e5 loftet i heimehuset finn du ei lita utstilling om reiskapar og arbeidsm\u00e5tar i samband med tilverking av ull.<\/p>\n<p><strong>Folka p\u00e5 Limagarden<br \/>\n<\/strong>Limagarden ligg ved nordvestleg ende av Limavatnet og er er eit av gardsbruka p\u00e5 Ytre Lima i Gjesdal. Gardsbruket har gardsnummer 9 og bruksnummer 6 i Gjesdal. P\u00e5 1950-talet var dette ein gard p\u00e5 600 dekar, der 40 dekar var dyrka og 20 dekar var kulturbeite. D\u00e5 var det 13 kyr, to hestar, 100 h\u00f8ns og 66 sauer p\u00e5 garden. Her budde Severin (f.1878) og Martha Maria Lima (1880 \u2013 1966) med dei tre barna Tore (1904 &#8211; 1977 ), Jenny (1906 &#8211; 1986 ) og Lars (1908 \u2013 1974). D\u00e5 hadde familien budd p\u00e5 garden Ytre Lima gjennom mange generasjonar. Men husa hadde ikkje st\u00e5tt p\u00e5 same plassen. Fram til 1858 l\u00e5g bruk 6 lengre aust, der det framleis ligg to gardsbruk. Det var staden der alle bruka p\u00e5 garden l\u00e5g i ei klynge. Heimehuset og f\u00f4rl\u00f8a blei flytta til n\u00e5verande stad, medan dei andre husa er bygde der dei st\u00e5r i dag.<\/p>\n<p><strong>Garden blei museum<\/strong>.<br \/>\nDei tre s\u00f8skena blei siste generasjon som budde p\u00e5 og dreiv garden. Tore og Jenny Lima testamenterte garden med bygningar, reiskap, utstyr og innbu til Gjesdal kommune under f\u00f8resetnad av at garden skulle brukast til bygdemuseum. Garden var i drift til opp mot 1980. Kommunen overtok garden etter at den siste av s\u00f8skena d\u00f8ydde i 1986. Gjesdal Bondelag og Gjesdal bondekvinnelag stod sentralt i arbeidet med \u00e5 omskapa garden fr\u00e5 privat bustad til bygdemuseum. Innbuet blei tatt vare p\u00e5. M\u00f8bler og utstyr st\u00e5r utstilt eller er magasinert. Kommunen selde noko av areala til bustadfelt og brukte desse inntektene til \u00e5 setta istand bygningane. Eit eige fond har langt p\u00e5 veg finansiert vernev\u00f8ling av bygningane. I 1989 blei gjenstandssamlinga fr\u00e5 Gjesdal bygdemuseum flytta fr\u00e5 Bollestad til Limagarden.<\/p>\n<p><strong>Bygningane p\u00e5 garden<\/strong><br \/>\n<strong>Heimehus <\/strong>J\u00e6rhus &#8211; bygd 1848 og restaurert i 1988\/89, 115 m2 i 1,5 etasje<br \/>\n<strong>F\u00f4rl\u00f8a<\/strong> Grindbygg \u2013 bygd rundt 1800, restaurert 1987; 131 m2<br \/>\n<strong>Sauehuset <\/strong>Bindingsverk, bygd 1900, 54 m2 + 60 m2<br \/>\n<strong>Nye l\u00f8a med milj\u00f8loft <\/strong>Bindingsverk og mur. Ku og sauefjos, l\u00e5ve Bygd 1939 \/ 1948, 130 m2 i 3 etg. Milj\u00f8loft med toalett: Murt, reisverk, bygd 1991, 30 m2 i 2 etg.<br \/>\n<strong>Eldhus<\/strong> Bindingsverk, ukjent bygge\u00e5r, 45 m2<br \/>\n<strong>Smie <\/strong>Bindingsverk, ukjend bygge\u00e5r, 20 m2<br \/>\n<strong>Blekkhus <\/strong>Bindingsverk, ukjend bygge\u00e5r, rive 2009, nybygd 2010, 24 m2<\/p>\n","protected":false},"excerpt":{"rendered":"<p>Garden har eksistert sidan 1600-tallet. Sau har alltid vore ein&#8230;<\/p>\n","protected":false},"author":12,"featured_media":20,"parent":0,"menu_order":0,"comment_status":"open","ping_status":"open","template":"","meta":{"_acf_changed":false,"footnotes":""},"class_list":["post-6","page","type-page","status-publish","has-post-thumbnail","hentry","featured-image-size-large"],"acf":[],"yoast_head":"<!-- This site is optimized with the Yoast SEO plugin v27.5 - https:\/\/yoast.com\/product\/yoast-seo-wordpress\/ -->\n<title>Om Limagarden - Limagarden<\/title>\n<meta name=\"robots\" content=\"index, follow, max-snippet:-1, max-image-preview:large, max-video-preview:-1\" \/>\n<link rel=\"canonical\" href=\"https:\/\/www.jaermuseet.no\/limagarden\/om-limagarden\/\" \/>\n<meta property=\"og:locale\" content=\"nn_NO\" \/>\n<meta property=\"og:type\" content=\"article\" \/>\n<meta property=\"og:title\" content=\"Om Limagarden - Limagarden\" \/>\n<meta property=\"og:description\" content=\"Garden har eksistert sidan 1600-tallet. Sau har alltid vore ein...\" \/>\n<meta property=\"og:url\" content=\"https:\/\/www.jaermuseet.no\/limagarden\/om-limagarden\/\" \/>\n<meta property=\"og:site_name\" content=\"Limagarden\" \/>\n<meta property=\"article:modified_time\" content=\"2021-01-12T07:34:10+00:00\" \/>\n<meta property=\"og:image\" content=\"https:\/\/www.jaermuseet.no\/limagarden\/wp-content\/uploads\/sites\/13\/2010\/09\/2010IngeborgSkrudland_IMG_11432.jpg\" \/>\n\t<meta property=\"og:image:width\" content=\"665\" \/>\n\t<meta property=\"og:image:height\" content=\"300\" \/>\n\t<meta property=\"og:image:type\" content=\"image\/jpeg\" \/>\n<meta name=\"twitter:card\" content=\"summary_large_image\" \/>\n<meta name=\"twitter:label1\" content=\"Est. reading time\" \/>\n\t<meta name=\"twitter:data1\" content=\"3 minutt\" \/>\n<script type=\"application\/ld+json\" class=\"yoast-schema-graph\">{\"@context\":\"https:\\\/\\\/schema.org\",\"@graph\":[{\"@type\":\"WebPage\",\"@id\":\"https:\\\/\\\/www.jaermuseet.no\\\/limagarden\\\/om-limagarden\\\/\",\"url\":\"https:\\\/\\\/www.jaermuseet.no\\\/limagarden\\\/om-limagarden\\\/\",\"name\":\"Om Limagarden - Limagarden\",\"isPartOf\":{\"@id\":\"https:\\\/\\\/www.jaermuseet.no\\\/limagarden\\\/#website\"},\"primaryImageOfPage\":{\"@id\":\"https:\\\/\\\/www.jaermuseet.no\\\/limagarden\\\/om-limagarden\\\/#primaryimage\"},\"image\":{\"@id\":\"https:\\\/\\\/www.jaermuseet.no\\\/limagarden\\\/om-limagarden\\\/#primaryimage\"},\"thumbnailUrl\":\"https:\\\/\\\/www.jaermuseet.no\\\/limagarden\\\/wp-content\\\/uploads\\\/sites\\\/13\\\/2010\\\/09\\\/2010IngeborgSkrudland_IMG_11432.jpg\",\"datePublished\":\"2016-06-24T08:27:38+00:00\",\"dateModified\":\"2021-01-12T07:34:10+00:00\",\"breadcrumb\":{\"@id\":\"https:\\\/\\\/www.jaermuseet.no\\\/limagarden\\\/om-limagarden\\\/#breadcrumb\"},\"inLanguage\":\"nn-NO\",\"potentialAction\":[{\"@type\":\"ReadAction\",\"target\":[\"https:\\\/\\\/www.jaermuseet.no\\\/limagarden\\\/om-limagarden\\\/\"]}]},{\"@type\":\"ImageObject\",\"inLanguage\":\"nn-NO\",\"@id\":\"https:\\\/\\\/www.jaermuseet.no\\\/limagarden\\\/om-limagarden\\\/#primaryimage\",\"url\":\"https:\\\/\\\/www.jaermuseet.no\\\/limagarden\\\/wp-content\\\/uploads\\\/sites\\\/13\\\/2010\\\/09\\\/2010IngeborgSkrudland_IMG_11432.jpg\",\"contentUrl\":\"https:\\\/\\\/www.jaermuseet.no\\\/limagarden\\\/wp-content\\\/uploads\\\/sites\\\/13\\\/2010\\\/09\\\/2010IngeborgSkrudland_IMG_11432.jpg\",\"width\":665,\"height\":300},{\"@type\":\"BreadcrumbList\",\"@id\":\"https:\\\/\\\/www.jaermuseet.no\\\/limagarden\\\/om-limagarden\\\/#breadcrumb\",\"itemListElement\":[{\"@type\":\"ListItem\",\"position\":1,\"name\":\"Hjem\",\"item\":\"https:\\\/\\\/www.jaermuseet.no\\\/limagarden\\\/\"},{\"@type\":\"ListItem\",\"position\":2,\"name\":\"Om Limagarden\"}]},{\"@type\":\"WebSite\",\"@id\":\"https:\\\/\\\/www.jaermuseet.no\\\/limagarden\\\/#website\",\"url\":\"https:\\\/\\\/www.jaermuseet.no\\\/limagarden\\\/\",\"name\":\"Limagarden\",\"description\":\"Eit gardstun med bygningar fr\u00e5 perioden 1800 \u2013 1939\",\"potentialAction\":[{\"@type\":\"SearchAction\",\"target\":{\"@type\":\"EntryPoint\",\"urlTemplate\":\"https:\\\/\\\/www.jaermuseet.no\\\/limagarden\\\/?s={search_term_string}\"},\"query-input\":{\"@type\":\"PropertyValueSpecification\",\"valueRequired\":true,\"valueName\":\"search_term_string\"}}],\"inLanguage\":\"nn-NO\"}]}<\/script>\n<!-- \/ Yoast SEO plugin. -->","yoast_head_json":{"title":"Om Limagarden - Limagarden","robots":{"index":"index","follow":"follow","max-snippet":"max-snippet:-1","max-image-preview":"max-image-preview:large","max-video-preview":"max-video-preview:-1"},"canonical":"https:\/\/www.jaermuseet.no\/limagarden\/om-limagarden\/","og_locale":"nn_NO","og_type":"article","og_title":"Om Limagarden - Limagarden","og_description":"Garden har eksistert sidan 1600-tallet. Sau har alltid vore ein...","og_url":"https:\/\/www.jaermuseet.no\/limagarden\/om-limagarden\/","og_site_name":"Limagarden","article_modified_time":"2021-01-12T07:34:10+00:00","og_image":[{"width":665,"height":300,"url":"https:\/\/www.jaermuseet.no\/limagarden\/wp-content\/uploads\/sites\/13\/2010\/09\/2010IngeborgSkrudland_IMG_11432.jpg","type":"image\/jpeg"}],"twitter_card":"summary_large_image","twitter_misc":{"Est. reading time":"3 minutt"},"schema":{"@context":"https:\/\/schema.org","@graph":[{"@type":"WebPage","@id":"https:\/\/www.jaermuseet.no\/limagarden\/om-limagarden\/","url":"https:\/\/www.jaermuseet.no\/limagarden\/om-limagarden\/","name":"Om Limagarden - Limagarden","isPartOf":{"@id":"https:\/\/www.jaermuseet.no\/limagarden\/#website"},"primaryImageOfPage":{"@id":"https:\/\/www.jaermuseet.no\/limagarden\/om-limagarden\/#primaryimage"},"image":{"@id":"https:\/\/www.jaermuseet.no\/limagarden\/om-limagarden\/#primaryimage"},"thumbnailUrl":"https:\/\/www.jaermuseet.no\/limagarden\/wp-content\/uploads\/sites\/13\/2010\/09\/2010IngeborgSkrudland_IMG_11432.jpg","datePublished":"2016-06-24T08:27:38+00:00","dateModified":"2021-01-12T07:34:10+00:00","breadcrumb":{"@id":"https:\/\/www.jaermuseet.no\/limagarden\/om-limagarden\/#breadcrumb"},"inLanguage":"nn-NO","potentialAction":[{"@type":"ReadAction","target":["https:\/\/www.jaermuseet.no\/limagarden\/om-limagarden\/"]}]},{"@type":"ImageObject","inLanguage":"nn-NO","@id":"https:\/\/www.jaermuseet.no\/limagarden\/om-limagarden\/#primaryimage","url":"https:\/\/www.jaermuseet.no\/limagarden\/wp-content\/uploads\/sites\/13\/2010\/09\/2010IngeborgSkrudland_IMG_11432.jpg","contentUrl":"https:\/\/www.jaermuseet.no\/limagarden\/wp-content\/uploads\/sites\/13\/2010\/09\/2010IngeborgSkrudland_IMG_11432.jpg","width":665,"height":300},{"@type":"BreadcrumbList","@id":"https:\/\/www.jaermuseet.no\/limagarden\/om-limagarden\/#breadcrumb","itemListElement":[{"@type":"ListItem","position":1,"name":"Hjem","item":"https:\/\/www.jaermuseet.no\/limagarden\/"},{"@type":"ListItem","position":2,"name":"Om Limagarden"}]},{"@type":"WebSite","@id":"https:\/\/www.jaermuseet.no\/limagarden\/#website","url":"https:\/\/www.jaermuseet.no\/limagarden\/","name":"Limagarden","description":"Eit gardstun med bygningar fr\u00e5 perioden 1800 \u2013 1939","potentialAction":[{"@type":"SearchAction","target":{"@type":"EntryPoint","urlTemplate":"https:\/\/www.jaermuseet.no\/limagarden\/?s={search_term_string}"},"query-input":{"@type":"PropertyValueSpecification","valueRequired":true,"valueName":"search_term_string"}}],"inLanguage":"nn-NO"}]}},"jetpack_sharing_enabled":true,"_links":{"self":[{"href":"https:\/\/www.jaermuseet.no\/limagarden\/wp-json\/wp\/v2\/pages\/6","targetHints":{"allow":["GET"]}}],"collection":[{"href":"https:\/\/www.jaermuseet.no\/limagarden\/wp-json\/wp\/v2\/pages"}],"about":[{"href":"https:\/\/www.jaermuseet.no\/limagarden\/wp-json\/wp\/v2\/types\/page"}],"author":[{"embeddable":true,"href":"https:\/\/www.jaermuseet.no\/limagarden\/wp-json\/wp\/v2\/users\/12"}],"replies":[{"embeddable":true,"href":"https:\/\/www.jaermuseet.no\/limagarden\/wp-json\/wp\/v2\/comments?post=6"}],"version-history":[{"count":6,"href":"https:\/\/www.jaermuseet.no\/limagarden\/wp-json\/wp\/v2\/pages\/6\/revisions"}],"predecessor-version":[{"id":352,"href":"https:\/\/www.jaermuseet.no\/limagarden\/wp-json\/wp\/v2\/pages\/6\/revisions\/352"}],"wp:featuredmedia":[{"embeddable":true,"href":"https:\/\/www.jaermuseet.no\/limagarden\/wp-json\/wp\/v2\/media\/20"}],"wp:attachment":[{"href":"https:\/\/www.jaermuseet.no\/limagarden\/wp-json\/wp\/v2\/media?parent=6"}],"curies":[{"name":"wp","href":"https:\/\/api.w.org\/{rel}","templated":true}]}}