{"id":195,"date":"2016-06-24T09:16:26","date_gmt":"2016-06-24T07:16:26","guid":{"rendered":"https:\/\/www.jaermuseet.no\/knudaheio\/?page_id=195"},"modified":"2020-04-16T13:48:56","modified_gmt":"2020-04-16T11:48:56","slug":"opening-hours","status":"publish","type":"page","link":"https:\/\/www.jaermuseet.no\/knudaheio\/en\/opening-hours\/","title":{"rendered":"Opening hours"},"content":{"rendered":"<div class=\"j-opening-hours-grid\">\n    <div class=\"j-opening-hours-grid__row\">\n        <div class=\"j-opening-hours-grid__col j-opening-hours-grid__col--left\">\n            <div\n                id=\"jaermuseet-opening-hours-calendar\"\n                class=\"jaermuseet-opening-hours-calendar j-mb-3\"\n            >\n                <div data-react-component=\"OpeningHoursCalendar\"><\/div>\n            <\/div>\n\n            <div\n                id=\"jaermuseet-opening-hours-calendar-explanation\"\n                class=\"jaermuseet-opening-hours-calendar-explanation j-mb-3\"\n            >\n                <div class=\"j-card\">\n                    <div class=\"j-card__content\">\n                        <p>\n                            Klikk p\u00e5 en dato for \u00e5 sj\u00e5 opningstider og billettprisar for den datoen.                        <\/p>\n                    <\/div>\n                    <hr \/>\n                    <div class=\"j-card__content\">\n                        <div class=\"j-box-descriptions\">\n                            <div class=\"j-box-descriptions__col\">\n                                <div class=\"j-box-descriptions__box j-box-descriptions__box--open\"><\/div>\n                                Ope                            <\/div>\n                            <div class=\"j-box-descriptions__col\">\n                                <div class=\"j-box-descriptions__box j-box-descriptions__box--closed\"><\/div>\n                                Stengt                            <\/div>\n                            <div class=\"j-box-descriptions__col\">\n                                <div class=\"j-box-descriptions__box j-box-descriptions__box--today\"><\/div>\n                                I dag                            <\/div>\n                        <\/div>\n                    <\/div>\n                <\/div>\n            <\/div>\n        <\/div>\n        <div class=\"j-opening-hours-grid__col j-opening-hours-grid__col--right\">\n                        <div class=\"w-100\">\n                <div class=\"j-card j-card--blue j-mb-3\">\n                    <div class=\"j-card__header\">\n                        <h3 class=\"j-card__title\">Opningstider:<\/h3>\n                    <\/div>\n                    <div class=\"j-card__content j-opening-hours-week-wrapper\">\n                                            \n                        <div class=\"j-opening-hours-week-container my-2\">\n                        <dl class=\"j-opening-hours-week\">\n                            <dt class=\"j-opening-hours-week__day\">\n                                M\u00e5ndag                            <\/dt>\n                            <dd class=\"j-opening-hours-week__time j-opening-hours-week__time--open\">\n                                12:00 - 17:00                            <\/dd>\n                            <dt class=\"j-opening-hours-week__day\">\n                                Tysdag                            <\/dt>\n                            <dd class=\"j-opening-hours-week__time j-opening-hours-week__time--open\">\n                                12:00 - 17:00                            <\/dd>\n                            <dt class=\"j-opening-hours-week__day\">\n                                Onsdag                            <\/dt>\n                            <dd class=\"j-opening-hours-week__time j-opening-hours-week__time--open\">\n                                12:00 - 17:00                            <\/dd>\n                            <dt class=\"j-opening-hours-week__day\">\n                                Torsdag                            <\/dt>\n                            <dd class=\"j-opening-hours-week__time j-opening-hours-week__time--open\">\n                                12:00 - 17:00                            <\/dd>\n                            <dt class=\"j-opening-hours-week__day\">\n                                Fredag                            <\/dt>\n                            <dd class=\"j-opening-hours-week__time j-opening-hours-week__time--open\">\n                                12:00 - 17:00                            <\/dd>\n                            <dt class=\"j-opening-hours-week__day\">\n                                Laurdag                            <\/dt>\n                            <dd class=\"j-opening-hours-week__time j-opening-hours-week__time--open\">\n                                12:00 - 17:00                            <\/dd>\n                            <dt class=\"j-opening-hours-week__day\">\n                                Sundag                            <\/dt>\n                            <dd class=\"j-opening-hours-week__time j-opening-hours-week__time--open\">\n                                12:00 - 17:00                            <\/dd>\n                        <\/dl>\n\n                                                                                    <small><i>\n                                Gjeld fr\u00e5 05.07.2026 til 26.07.2026.                                <\/i><\/small>\n                                                                            <\/div>\n                                            \n                        <div class=\"j-opening-hours-week-container my-2\">\n                        <dl class=\"j-opening-hours-week\">\n                            <dt class=\"j-opening-hours-week__day\">\n                                M\u00e5ndag                            <\/dt>\n                            <dd class=\"j-opening-hours-week__time j-opening-hours-week__time--closed\">\n                                Stengt                            <\/dd>\n                            <dt class=\"j-opening-hours-week__day\">\n                                Tysdag                            <\/dt>\n                            <dd class=\"j-opening-hours-week__time j-opening-hours-week__time--closed\">\n                                Stengt                            <\/dd>\n                            <dt class=\"j-opening-hours-week__day\">\n                                Onsdag                            <\/dt>\n                            <dd class=\"j-opening-hours-week__time j-opening-hours-week__time--closed\">\n                                Stengt                            <\/dd>\n                            <dt class=\"j-opening-hours-week__day\">\n                                Torsdag                            <\/dt>\n                            <dd class=\"j-opening-hours-week__time j-opening-hours-week__time--closed\">\n                                Stengt                            <\/dd>\n                            <dt class=\"j-opening-hours-week__day\">\n                                Fredag                            <\/dt>\n                            <dd class=\"j-opening-hours-week__time j-opening-hours-week__time--closed\">\n                                Stengt                            <\/dd>\n                            <dt class=\"j-opening-hours-week__day\">\n                                Laurdag                            <\/dt>\n                            <dd class=\"j-opening-hours-week__time j-opening-hours-week__time--closed\">\n                                Stengt                            <\/dd>\n                            <dt class=\"j-opening-hours-week__day\">\n                                Sundag                            <\/dt>\n                            <dd class=\"j-opening-hours-week__time j-opening-hours-week__time--open\">\n                                12:00 - 16:00                            <\/dd>\n                        <\/dl>\n\n                                                                                    <small><i>\n                                Gjeld fr\u00e5 02.08.2026 til 27.09.2026.                                <\/i><\/small>\n                                                                            <\/div>\n                                            \n                        <div class=\"j-opening-hours-week-container my-2\">\n                        <dl class=\"j-opening-hours-week\">\n                            <dt class=\"j-opening-hours-week__day\">\n                                M\u00e5ndag                            <\/dt>\n                            <dd class=\"j-opening-hours-week__time j-opening-hours-week__time--closed\">\n                                Stengt                            <\/dd>\n                            <dt class=\"j-opening-hours-week__day\">\n                                Tysdag                            <\/dt>\n                            <dd class=\"j-opening-hours-week__time j-opening-hours-week__time--closed\">\n                                Stengt                            <\/dd>\n                            <dt class=\"j-opening-hours-week__day\">\n                                Onsdag                            <\/dt>\n                            <dd class=\"j-opening-hours-week__time j-opening-hours-week__time--closed\">\n                                Stengt                            <\/dd>\n                            <dt class=\"j-opening-hours-week__day\">\n                                Torsdag                            <\/dt>\n                            <dd class=\"j-opening-hours-week__time j-opening-hours-week__time--closed\">\n                                Stengt                            <\/dd>\n                            <dt class=\"j-opening-hours-week__day\">\n                                Fredag                            <\/dt>\n                            <dd class=\"j-opening-hours-week__time j-opening-hours-week__time--closed\">\n                                Stengt                            <\/dd>\n                            <dt class=\"j-opening-hours-week__day\">\n                                Laurdag                            <\/dt>\n                            <dd class=\"j-opening-hours-week__time j-opening-hours-week__time--closed\">\n                                Stengt                            <\/dd>\n                            <dt class=\"j-opening-hours-week__day\">\n                                Sundag                            <\/dt>\n                            <dd class=\"j-opening-hours-week__time j-opening-hours-week__time--closed\">\n                                Stengt                            <\/dd>\n                        <\/dl>\n\n                                                                                    <small><i>\n                                Gjeld fr\u00e5 28.09.2026 til 03.04.2027.                                <\/i><\/small>\n                                                                            <\/div>\n                                        <\/div>\n                <\/div>\n            <\/div>\n                                <\/div>\n    <\/div>\n<\/div>\n\n","protected":false},"excerpt":{"rendered":"","protected":false},"author":18,"featured_media":0,"parent":0,"menu_order":0,"comment_status":"open","ping_status":"open","template":"","meta":{"_acf_changed":false,"footnotes":""},"class_list":["post-195","page","type-page","status-publish","hentry","featured-image-size-large"],"acf":[],"yoast_head":"<!-- This site is optimized with the Yoast SEO plugin v27.3 - https:\/\/yoast.com\/product\/yoast-seo-wordpress\/ -->\n<title>Opening hours - Knudaheio<\/title>\n<meta name=\"robots\" content=\"index, follow, max-snippet:-1, max-image-preview:large, max-video-preview:-1\" \/>\n<link rel=\"canonical\" href=\"https:\/\/www.jaermuseet.no\/knudaheio\/en\/opening-hours\/\" \/>\n<meta property=\"og:locale\" content=\"nn_NO\" \/>\n<meta property=\"og:type\" content=\"article\" \/>\n<meta property=\"og:title\" content=\"Opening hours - Knudaheio\" \/>\n<meta property=\"og:url\" content=\"https:\/\/www.jaermuseet.no\/knudaheio\/en\/opening-hours\/\" \/>\n<meta property=\"og:site_name\" content=\"Knudaheio\" \/>\n<meta property=\"article:modified_time\" content=\"2020-04-16T11:48:56+00:00\" \/>\n<meta name=\"twitter:card\" content=\"summary_large_image\" \/>\n<script type=\"application\/ld+json\" class=\"yoast-schema-graph\">{\"@context\":\"https:\\\/\\\/schema.org\",\"@graph\":[{\"@type\":\"WebPage\",\"@id\":\"https:\\\/\\\/www.jaermuseet.no\\\/knudaheio\\\/en\\\/opening-hours\\\/\",\"url\":\"https:\\\/\\\/www.jaermuseet.no\\\/knudaheio\\\/en\\\/opening-hours\\\/\",\"name\":\"Opening hours - Knudaheio\",\"isPartOf\":{\"@id\":\"https:\\\/\\\/www.jaermuseet.no\\\/knudaheio\\\/#website\"},\"datePublished\":\"2016-06-24T07:16:26+00:00\",\"dateModified\":\"2020-04-16T11:48:56+00:00\",\"breadcrumb\":{\"@id\":\"https:\\\/\\\/www.jaermuseet.no\\\/knudaheio\\\/en\\\/opening-hours\\\/#breadcrumb\"},\"inLanguage\":\"nn-NO\",\"potentialAction\":[{\"@type\":\"ReadAction\",\"target\":[\"https:\\\/\\\/www.jaermuseet.no\\\/knudaheio\\\/en\\\/opening-hours\\\/\"]}]},{\"@type\":\"BreadcrumbList\",\"@id\":\"https:\\\/\\\/www.jaermuseet.no\\\/knudaheio\\\/en\\\/opening-hours\\\/#breadcrumb\",\"itemListElement\":[{\"@type\":\"ListItem\",\"position\":1,\"name\":\"Hjem\",\"item\":\"https:\\\/\\\/www.jaermuseet.no\\\/knudaheio\\\/\"},{\"@type\":\"ListItem\",\"position\":2,\"name\":\"Opening hours\"}]},{\"@type\":\"WebSite\",\"@id\":\"https:\\\/\\\/www.jaermuseet.no\\\/knudaheio\\\/#website\",\"url\":\"https:\\\/\\\/www.jaermuseet.no\\\/knudaheio\\\/\",\"name\":\"Knudaheio\",\"description\":\"Arne Garborgs sommarstove ved Undheim p\u00e5 J\u00e6ren\",\"potentialAction\":[{\"@type\":\"SearchAction\",\"target\":{\"@type\":\"EntryPoint\",\"urlTemplate\":\"https:\\\/\\\/www.jaermuseet.no\\\/knudaheio\\\/?s={search_term_string}\"},\"query-input\":{\"@type\":\"PropertyValueSpecification\",\"valueRequired\":true,\"valueName\":\"search_term_string\"}}],\"inLanguage\":\"nn-NO\"}]}<\/script>\n<!-- \/ Yoast SEO plugin. -->","yoast_head_json":{"title":"Opening hours - Knudaheio","robots":{"index":"index","follow":"follow","max-snippet":"max-snippet:-1","max-image-preview":"max-image-preview:large","max-video-preview":"max-video-preview:-1"},"canonical":"https:\/\/www.jaermuseet.no\/knudaheio\/en\/opening-hours\/","og_locale":"nn_NO","og_type":"article","og_title":"Opening hours - Knudaheio","og_url":"https:\/\/www.jaermuseet.no\/knudaheio\/en\/opening-hours\/","og_site_name":"Knudaheio","article_modified_time":"2020-04-16T11:48:56+00:00","twitter_card":"summary_large_image","schema":{"@context":"https:\/\/schema.org","@graph":[{"@type":"WebPage","@id":"https:\/\/www.jaermuseet.no\/knudaheio\/en\/opening-hours\/","url":"https:\/\/www.jaermuseet.no\/knudaheio\/en\/opening-hours\/","name":"Opening hours - Knudaheio","isPartOf":{"@id":"https:\/\/www.jaermuseet.no\/knudaheio\/#website"},"datePublished":"2016-06-24T07:16:26+00:00","dateModified":"2020-04-16T11:48:56+00:00","breadcrumb":{"@id":"https:\/\/www.jaermuseet.no\/knudaheio\/en\/opening-hours\/#breadcrumb"},"inLanguage":"nn-NO","potentialAction":[{"@type":"ReadAction","target":["https:\/\/www.jaermuseet.no\/knudaheio\/en\/opening-hours\/"]}]},{"@type":"BreadcrumbList","@id":"https:\/\/www.jaermuseet.no\/knudaheio\/en\/opening-hours\/#breadcrumb","itemListElement":[{"@type":"ListItem","position":1,"name":"Hjem","item":"https:\/\/www.jaermuseet.no\/knudaheio\/"},{"@type":"ListItem","position":2,"name":"Opening hours"}]},{"@type":"WebSite","@id":"https:\/\/www.jaermuseet.no\/knudaheio\/#website","url":"https:\/\/www.jaermuseet.no\/knudaheio\/","name":"Knudaheio","description":"Arne Garborgs sommarstove ved Undheim p\u00e5 J\u00e6ren","potentialAction":[{"@type":"SearchAction","target":{"@type":"EntryPoint","urlTemplate":"https:\/\/www.jaermuseet.no\/knudaheio\/?s={search_term_string}"},"query-input":{"@type":"PropertyValueSpecification","valueRequired":true,"valueName":"search_term_string"}}],"inLanguage":"nn-NO"}]}},"jetpack_sharing_enabled":true,"_links":{"self":[{"href":"https:\/\/www.jaermuseet.no\/knudaheio\/wp-json\/wp\/v2\/pages\/195","targetHints":{"allow":["GET"]}}],"collection":[{"href":"https:\/\/www.jaermuseet.no\/knudaheio\/wp-json\/wp\/v2\/pages"}],"about":[{"href":"https:\/\/www.jaermuseet.no\/knudaheio\/wp-json\/wp\/v2\/types\/page"}],"author":[{"embeddable":true,"href":"https:\/\/www.jaermuseet.no\/knudaheio\/wp-json\/wp\/v2\/users\/18"}],"replies":[{"embeddable":true,"href":"https:\/\/www.jaermuseet.no\/knudaheio\/wp-json\/wp\/v2\/comments?post=195"}],"version-history":[{"count":3,"href":"https:\/\/www.jaermuseet.no\/knudaheio\/wp-json\/wp\/v2\/pages\/195\/revisions"}],"predecessor-version":[{"id":296,"href":"https:\/\/www.jaermuseet.no\/knudaheio\/wp-json\/wp\/v2\/pages\/195\/revisions\/296"}],"wp:attachment":[{"href":"https:\/\/www.jaermuseet.no\/knudaheio\/wp-json\/wp\/v2\/media?parent=195"}],"curies":[{"name":"wp","href":"https:\/\/api.w.org\/{rel}","templated":true}]}}