{"id":139,"date":"2016-04-27T11:57:26","date_gmt":"2016-04-27T09:57:26","guid":{"rendered":"https:\/\/www.jaermuseet.no\/knudaheio\/?page_id=139"},"modified":"2017-03-29T13:31:28","modified_gmt":"2017-03-29T11:31:28","slug":"garborgloypa","status":"publish","type":"page","link":"https:\/\/www.jaermuseet.no\/knudaheio\/garborgloypa\/","title":{"rendered":"Garborgl\u00f8ypa"},"content":{"rendered":"<p>Garborgl\u00f8ypa best\u00e5r av\u00a057 filmar og lydspor som du kan henta fram\u00a0ved hjelp av mobiltelefonen din i Knudaheio, Garborgheimen og Time kyrkje. Du m\u00f8ter Arne og Hulda Garborg, Veslem\u00f8y, Enok Hove og fleire til. Sj\u00e5\u00a0innslag fr\u00e5 TV Vest\u00a0<a href=\"http:\/\/www.tvvest.no\/na-prater-arne-garborgs-steinansikt\">her<\/a>\u00a0og fr\u00e5 TV Aftenbladet <a href=\"http:\/\/www.aftenbladet.no\/tv\/#!\/video\/101267\/se-steinhodet-snakke\">her<\/a>.<\/p>\n<p>Foto: Filmavdelingen AS.<\/p>\n<p><a href=\"https:\/\/www.jaermuseet.no\/knudaheio\/garborgloypa\/filmplakat\/\" rel=\"attachment wp-att-170\"><img loading=\"lazy\" decoding=\"async\" class=\"alignnone wp-image-170 size-large\" src=\"https:\/\/www.jaermuseet.no\/knudaheio\/wp-content\/uploads\/sites\/14\/2015\/11\/Filmplakat-724x1024.jpg\" alt=\"Filmplakat\" width=\"724\" height=\"1024\" srcset=\"https:\/\/www.jaermuseet.no\/knudaheio\/wp-content\/uploads\/sites\/14\/2015\/11\/Filmplakat-724x1024.jpg 724w, https:\/\/www.jaermuseet.no\/knudaheio\/wp-content\/uploads\/sites\/14\/2015\/11\/Filmplakat-212x300.jpg 212w, https:\/\/www.jaermuseet.no\/knudaheio\/wp-content\/uploads\/sites\/14\/2015\/11\/Filmplakat-768x1086.jpg 768w, https:\/\/www.jaermuseet.no\/knudaheio\/wp-content\/uploads\/sites\/14\/2015\/11\/Filmplakat-250x353.jpg 250w, https:\/\/www.jaermuseet.no\/knudaheio\/wp-content\/uploads\/sites\/14\/2015\/11\/Filmplakat.jpg 1754w\" sizes=\"auto, (max-width: 724px) 100vw, 724px\" \/><\/a><\/p>\n","protected":false},"excerpt":{"rendered":"<p>Garborgl\u00f8ypa best\u00e5r av\u00a057 filmar og lydspor som du kan henta&#8230;<\/p>\n","protected":false},"author":17,"featured_media":143,"parent":0,"menu_order":0,"comment_status":"closed","ping_status":"closed","template":"","meta":{"_acf_changed":false,"footnotes":""},"class_list":["post-139","page","type-page","status-publish","has-post-thumbnail","hentry","featured-image-size-large"],"acf":[],"yoast_head":"<!-- This site is optimized with the Yoast SEO plugin v27.4 - https:\/\/yoast.com\/product\/yoast-seo-wordpress\/ -->\n<title>Garborgl\u00f8ypa - Knudaheio<\/title>\n<meta name=\"robots\" content=\"index, follow, max-snippet:-1, max-image-preview:large, max-video-preview:-1\" \/>\n<link rel=\"canonical\" href=\"https:\/\/www.jaermuseet.no\/knudaheio\/garborgloypa\/\" \/>\n<meta property=\"og:locale\" content=\"nn_NO\" \/>\n<meta property=\"og:type\" content=\"article\" \/>\n<meta property=\"og:title\" content=\"Garborgl\u00f8ypa - Knudaheio\" \/>\n<meta property=\"og:description\" content=\"Garborgl\u00f8ypa best\u00e5r av\u00a057 filmar og lydspor som du kan henta...\" \/>\n<meta property=\"og:url\" content=\"https:\/\/www.jaermuseet.no\/knudaheio\/garborgloypa\/\" \/>\n<meta property=\"og:site_name\" content=\"Knudaheio\" \/>\n<meta property=\"article:modified_time\" content=\"2017-03-29T11:31:28+00:00\" \/>\n<meta property=\"og:image\" content=\"https:\/\/www.jaermuseet.no\/knudaheio\/wp-content\/uploads\/sites\/14\/2015\/11\/elsk5cutTo.jpg\" \/>\n\t<meta property=\"og:image:width\" content=\"3840\" \/>\n\t<meta property=\"og:image:height\" content=\"1763\" \/>\n\t<meta property=\"og:image:type\" content=\"image\/jpeg\" \/>\n<meta name=\"twitter:card\" content=\"summary_large_image\" \/>\n<script type=\"application\/ld+json\" class=\"yoast-schema-graph\">{\"@context\":\"https:\\\/\\\/schema.org\",\"@graph\":[{\"@type\":\"WebPage\",\"@id\":\"https:\\\/\\\/www.jaermuseet.no\\\/knudaheio\\\/garborgloypa\\\/\",\"url\":\"https:\\\/\\\/www.jaermuseet.no\\\/knudaheio\\\/garborgloypa\\\/\",\"name\":\"Garborgl\u00f8ypa - Knudaheio\",\"isPartOf\":{\"@id\":\"https:\\\/\\\/www.jaermuseet.no\\\/knudaheio\\\/#website\"},\"primaryImageOfPage\":{\"@id\":\"https:\\\/\\\/www.jaermuseet.no\\\/knudaheio\\\/garborgloypa\\\/#primaryimage\"},\"image\":{\"@id\":\"https:\\\/\\\/www.jaermuseet.no\\\/knudaheio\\\/garborgloypa\\\/#primaryimage\"},\"thumbnailUrl\":\"https:\\\/\\\/www.jaermuseet.no\\\/knudaheio\\\/wp-content\\\/uploads\\\/sites\\\/14\\\/2015\\\/11\\\/elsk5cutTo.jpg\",\"datePublished\":\"2016-04-27T09:57:26+00:00\",\"dateModified\":\"2017-03-29T11:31:28+00:00\",\"breadcrumb\":{\"@id\":\"https:\\\/\\\/www.jaermuseet.no\\\/knudaheio\\\/garborgloypa\\\/#breadcrumb\"},\"inLanguage\":\"nn-NO\",\"potentialAction\":[{\"@type\":\"ReadAction\",\"target\":[\"https:\\\/\\\/www.jaermuseet.no\\\/knudaheio\\\/garborgloypa\\\/\"]}]},{\"@type\":\"ImageObject\",\"inLanguage\":\"nn-NO\",\"@id\":\"https:\\\/\\\/www.jaermuseet.no\\\/knudaheio\\\/garborgloypa\\\/#primaryimage\",\"url\":\"https:\\\/\\\/www.jaermuseet.no\\\/knudaheio\\\/wp-content\\\/uploads\\\/sites\\\/14\\\/2015\\\/11\\\/elsk5cutTo.jpg\",\"contentUrl\":\"https:\\\/\\\/www.jaermuseet.no\\\/knudaheio\\\/wp-content\\\/uploads\\\/sites\\\/14\\\/2015\\\/11\\\/elsk5cutTo.jpg\",\"width\":3840,\"height\":1763},{\"@type\":\"BreadcrumbList\",\"@id\":\"https:\\\/\\\/www.jaermuseet.no\\\/knudaheio\\\/garborgloypa\\\/#breadcrumb\",\"itemListElement\":[{\"@type\":\"ListItem\",\"position\":1,\"name\":\"Hjem\",\"item\":\"https:\\\/\\\/www.jaermuseet.no\\\/knudaheio\\\/\"},{\"@type\":\"ListItem\",\"position\":2,\"name\":\"Garborgl\u00f8ypa\"}]},{\"@type\":\"WebSite\",\"@id\":\"https:\\\/\\\/www.jaermuseet.no\\\/knudaheio\\\/#website\",\"url\":\"https:\\\/\\\/www.jaermuseet.no\\\/knudaheio\\\/\",\"name\":\"Knudaheio\",\"description\":\"Arne Garborgs sommarstove ved Undheim p\u00e5 J\u00e6ren\",\"potentialAction\":[{\"@type\":\"SearchAction\",\"target\":{\"@type\":\"EntryPoint\",\"urlTemplate\":\"https:\\\/\\\/www.jaermuseet.no\\\/knudaheio\\\/?s={search_term_string}\"},\"query-input\":{\"@type\":\"PropertyValueSpecification\",\"valueRequired\":true,\"valueName\":\"search_term_string\"}}],\"inLanguage\":\"nn-NO\"}]}<\/script>\n<!-- \/ Yoast SEO plugin. -->","yoast_head_json":{"title":"Garborgl\u00f8ypa - Knudaheio","robots":{"index":"index","follow":"follow","max-snippet":"max-snippet:-1","max-image-preview":"max-image-preview:large","max-video-preview":"max-video-preview:-1"},"canonical":"https:\/\/www.jaermuseet.no\/knudaheio\/garborgloypa\/","og_locale":"nn_NO","og_type":"article","og_title":"Garborgl\u00f8ypa - Knudaheio","og_description":"Garborgl\u00f8ypa best\u00e5r av\u00a057 filmar og lydspor som du kan henta...","og_url":"https:\/\/www.jaermuseet.no\/knudaheio\/garborgloypa\/","og_site_name":"Knudaheio","article_modified_time":"2017-03-29T11:31:28+00:00","og_image":[{"width":3840,"height":1763,"url":"https:\/\/www.jaermuseet.no\/knudaheio\/wp-content\/uploads\/sites\/14\/2015\/11\/elsk5cutTo.jpg","type":"image\/jpeg"}],"twitter_card":"summary_large_image","schema":{"@context":"https:\/\/schema.org","@graph":[{"@type":"WebPage","@id":"https:\/\/www.jaermuseet.no\/knudaheio\/garborgloypa\/","url":"https:\/\/www.jaermuseet.no\/knudaheio\/garborgloypa\/","name":"Garborgl\u00f8ypa - Knudaheio","isPartOf":{"@id":"https:\/\/www.jaermuseet.no\/knudaheio\/#website"},"primaryImageOfPage":{"@id":"https:\/\/www.jaermuseet.no\/knudaheio\/garborgloypa\/#primaryimage"},"image":{"@id":"https:\/\/www.jaermuseet.no\/knudaheio\/garborgloypa\/#primaryimage"},"thumbnailUrl":"https:\/\/www.jaermuseet.no\/knudaheio\/wp-content\/uploads\/sites\/14\/2015\/11\/elsk5cutTo.jpg","datePublished":"2016-04-27T09:57:26+00:00","dateModified":"2017-03-29T11:31:28+00:00","breadcrumb":{"@id":"https:\/\/www.jaermuseet.no\/knudaheio\/garborgloypa\/#breadcrumb"},"inLanguage":"nn-NO","potentialAction":[{"@type":"ReadAction","target":["https:\/\/www.jaermuseet.no\/knudaheio\/garborgloypa\/"]}]},{"@type":"ImageObject","inLanguage":"nn-NO","@id":"https:\/\/www.jaermuseet.no\/knudaheio\/garborgloypa\/#primaryimage","url":"https:\/\/www.jaermuseet.no\/knudaheio\/wp-content\/uploads\/sites\/14\/2015\/11\/elsk5cutTo.jpg","contentUrl":"https:\/\/www.jaermuseet.no\/knudaheio\/wp-content\/uploads\/sites\/14\/2015\/11\/elsk5cutTo.jpg","width":3840,"height":1763},{"@type":"BreadcrumbList","@id":"https:\/\/www.jaermuseet.no\/knudaheio\/garborgloypa\/#breadcrumb","itemListElement":[{"@type":"ListItem","position":1,"name":"Hjem","item":"https:\/\/www.jaermuseet.no\/knudaheio\/"},{"@type":"ListItem","position":2,"name":"Garborgl\u00f8ypa"}]},{"@type":"WebSite","@id":"https:\/\/www.jaermuseet.no\/knudaheio\/#website","url":"https:\/\/www.jaermuseet.no\/knudaheio\/","name":"Knudaheio","description":"Arne Garborgs sommarstove ved Undheim p\u00e5 J\u00e6ren","potentialAction":[{"@type":"SearchAction","target":{"@type":"EntryPoint","urlTemplate":"https:\/\/www.jaermuseet.no\/knudaheio\/?s={search_term_string}"},"query-input":{"@type":"PropertyValueSpecification","valueRequired":true,"valueName":"search_term_string"}}],"inLanguage":"nn-NO"}]}},"jetpack_sharing_enabled":true,"_links":{"self":[{"href":"https:\/\/www.jaermuseet.no\/knudaheio\/wp-json\/wp\/v2\/pages\/139","targetHints":{"allow":["GET"]}}],"collection":[{"href":"https:\/\/www.jaermuseet.no\/knudaheio\/wp-json\/wp\/v2\/pages"}],"about":[{"href":"https:\/\/www.jaermuseet.no\/knudaheio\/wp-json\/wp\/v2\/types\/page"}],"author":[{"embeddable":true,"href":"https:\/\/www.jaermuseet.no\/knudaheio\/wp-json\/wp\/v2\/users\/17"}],"replies":[{"embeddable":true,"href":"https:\/\/www.jaermuseet.no\/knudaheio\/wp-json\/wp\/v2\/comments?post=139"}],"version-history":[{"count":10,"href":"https:\/\/www.jaermuseet.no\/knudaheio\/wp-json\/wp\/v2\/pages\/139\/revisions"}],"predecessor-version":[{"id":216,"href":"https:\/\/www.jaermuseet.no\/knudaheio\/wp-json\/wp\/v2\/pages\/139\/revisions\/216"}],"wp:featuredmedia":[{"embeddable":true,"href":"https:\/\/www.jaermuseet.no\/knudaheio\/wp-json\/wp\/v2\/media\/143"}],"wp:attachment":[{"href":"https:\/\/www.jaermuseet.no\/knudaheio\/wp-json\/wp\/v2\/media?parent=139"}],"curies":[{"name":"wp","href":"https:\/\/api.w.org\/{rel}","templated":true}]}}