{"id":13,"date":"2010-08-12T07:55:31","date_gmt":"2010-08-12T06:55:31","guid":{"rendered":"https:\/\/www.jaermuseet.no\/haugabakka\/til-laeraren\/"},"modified":"2010-08-12T07:55:31","modified_gmt":"2010-08-12T06:55:31","slug":"til-laeraren","status":"publish","type":"page","link":"https:\/\/www.jaermuseet.no\/haugabakka\/til-laeraren\/","title":{"rendered":"Til l\u00e6raren"},"content":{"rendered":"<p><strong>Bes\u00f8k med formidling<\/strong><br \/>Klokken 9.00 &#8211; 14.00, tirsdag til fredag tilbyr vi GRATIS formidlingsopplegg for grunnskolen, med flere spennende tema. Videreg\u00e5ende skoler, SFO og barnehager koster kr.  20,- pr elev. Ledsagere g\u00e5r gratis. Bestill i god tid.<br \/>V\u00e5re formidlere tar seg av opplegget men trenger l\u00e6rerne som st\u00f8ttespillere. P\u00e5 publikumsverkstedet \u00f8nsker vi at dere er med og hjelper elevene. Studer ogs\u00e5 v\u00e5re foresl\u00e5tte aktiviteter knyttet til formidlingen. Er det spesielle behov gi gjerne beskjed p\u00e5 forh\u00e5nd.  Formidling kan ogs\u00e5 kombineres med bes\u00f8k p\u00e5 egenh\u00e5nd i utstilingen.<\/p>\n<p><strong>P\u00e5 egenh\u00e5nd<\/strong><br \/>Klokken 11.00 \u2013 16.00, tirsdag til fredag kan klasser bes\u00f8ke oss p\u00e5 egenh\u00e5nd.  L\u00e6reren er da ansvarlig for klassens opplegg. Vi anbefaler l\u00e6reren \u00e5 bli kjent med utstillingen p\u00e5 forh\u00e5nd. <a href=\"vaare-anlegg\/vitenfabrikken\/utstillinger\">Vitenfabrikkens utstillinger finner du her<\/a>.<\/p>\n<p><strong>Ansvar<\/strong><br \/>L\u00e6reren er hovedansvarlig for klassen under hele bes\u00f8ket. Vi ber dere f\u00f8lge med elevene i utstillingen og kafeen.  Ta gjerne med foreldre \u2013 de vil ogs\u00e5 komme inn gratis.<\/p>\n<p><strong>Klasselunsj<\/strong><br \/>Egen matpakke kan nytes i kaf\u00e9 Hjernef\u00f8de viss det er ledig plass. Viss det er mange bes\u00f8kende p\u00e5 Vitenfabrikken, vil vi gi dere et alternativt rom \u00e5 nyte maten i. Dere kan ogs\u00e5 kj\u00f8pe ny, sunn og fristende skolemeny  fra v\u00e5r egen <a href=\"moterommene-pa-vitenfabrikken&amp;catid=81&amp;Itemid=178\">kaf\u00e9 Hjernef\u00f8de<\/a>. Lunsj m\u00e5 bestilles minst en uke p\u00e5 forh\u00e5nd.<\/p>\n<p><strong>L\u00e6rerkurs<\/strong><br \/>Bli kjent med utstillingene og formidlingstilbudene gjennom v\u00e5re GRATIS l\u00e6rerkurs. Varighet: 2-3 timer. Ta kontakt for \u00e5 bestille en presentasjon for din skole.<\/p>\n<p><strong>Bestilling<\/strong><br \/>Bes\u00f8k kan bestilles p\u00e5 sandnes@jaermuseet.no eller p\u00e5 telefon 51 97 24 50. <\/p>\n<p>Vi trenger informasjon om:<br \/>\u2022    \u00f8nsket opplegg<br \/>\u2022    \u00f8nsket dato (ha gjerne flere alternativer)<br \/>\u2022    ankomst og avreisetidspunkt<br \/>\u2022    Kontaktperson med navn og e-postadresse<br \/>\u2022    antall elever og voksne<br \/>\u2022    \u00f8nsket servering<\/p>\n<div style=\"width: 1px;height: 1px;overflow: hidden\" class=\"mcePaste\" id=\"_mcePaste\">\n<p><!--[if gte mso 9]&gt;  Normal 0   21   false false false  NO-BOK X-NONE X-NONE                           &lt;![endif]--><!--[if gte mso 9]&gt;-->                                                                                                                                            <!--[if gte mso 10]&gt; &lt;![endif]--><\/p>\n<p class=\"MsoNormal\">Til l\u00e6reren:<\/p>\n<p class=\"MsoNormal\"><b>Bes\u00f8k med formidling<\/b><\/p>\n<p class=\"MsoNormal\">Klokken 9.00 &#8211; 14.00, tirsdag til fredag tilbyr vi GRATIS formidlingsopplegg for grunnskolen, med flere spennende tema. Videreg\u00e5ende skoler, SFO og barnehager koster kr. <span> <\/span>20,- pr elev. Ledsagere g\u00e5r gratis. Bestill i god tid.<\/p>\n<p class=\"MsoNormal\">V\u00e5re formidlere tar seg av opplegget men trenger l\u00e6rerne som st\u00f8ttespillere. P\u00e5 publikumsverkstedet \u00f8nsker vi at dere er med og hjelper elevene. Studer ogs\u00e5 v\u00e5re foresl\u00e5tte aktiviteter knyttet til formidlingen. Er det spesielle behov gi gjerne beskjed p\u00e5 forh\u00e5nd. <span> <\/span>Formidling kan ogs\u00e5 kombineres med bes\u00f8k p\u00e5 egenh\u00e5nd i utstilingen.<\/p>\n<p class=\"MsoNormal\"><b>P\u00e5 egenh\u00e5nd<\/b><\/p>\n<p class=\"MsoNormal\">Klokken 11.00 \u2013 16.00, tirsdag til fredag kan klasser bes\u00f8ke oss p\u00e5 egenh\u00e5nd.<span>  <\/span>L\u00e6reren er da ansvarlig for klassens opplegg. Vi anbefaler l\u00e6reren \u00e5 bli kjent med utstillingen p\u00e5 forh\u00e5nd. <i><span style=\"text-decoration: underline\">Vitenfabrikkens utstillinger<\/span><\/i> LINK<\/p>\n<p class=\"MsoNormal\"><b>Ansvar<\/b><\/p>\n<p class=\"MsoNormal\">L\u00e6reren er hovedansvarlig for klassen under hele bes\u00f8ket. Vi ber dere f\u00f8lge med elevene i utstillingen og kafeen. <span> <\/span>Ta gjerne med foreldre \u2013 de vil ogs\u00e5 komme inn gratis.<\/p>\n<p class=\"MsoNormal\"><b>Klasselunsj<\/b><\/p>\n<p class=\"MsoNormal\">Egen matpakke kan nytes i kaf\u00e9 Hjernef\u00f8de viss det er ledig plass. Viss det er mange bes\u00f8kende p\u00e5 Vitenfabrikken, vil vi gi dere et alternativt rom \u00e5 nyte maten i. Dere kan ogs\u00e5 kj\u00f8pe ny, sunn og fristende <i><span style=\"text-decoration: underline\">skolemeny<\/span><\/i> <span> <\/span>fra v\u00e5r egen kaf\u00e9 Hjernef\u00f8de. (LINK i Kafe Hjernef\u00f8de ). <span style=\"color: black\">Lunsj m\u00e5 bestilles minst en uke p\u00e5 forh\u00e5nd.<\/span><\/p>\n<p class=\"MsoNormal\"><b>L\u00e6rerkurs<\/b><\/p>\n<p class=\"MsoNormal\">Bli kjent med utstillingene og formidlingstilbudene gjennom v\u00e5re GRATIS l\u00e6rerkurs. Varighet: 2-3 timer. Ta kontakt for \u00e5 bestille en presentasjon for din skole.<\/p>\n<p class=\"MsoNormal\">\n<p class=\"MsoNormal\"><b>Bestilling<\/b><\/p>\n<p class=\"MsoNormal\">Bes\u00f8k kan bestilles p\u00e5 <i><span style=\"text-decoration: underline\">e-postadresse<\/span><\/i> (<a href=\"mailto:sandnes@jaermuseet.no\">sandnes@jaermuseet.no<\/a>) LINK eller p\u00e5 telefon 51 97 24 50. Vi trenger informasjon om:<\/p>\n<p class=\"MsoListParagraphCxSpFirst\" style=\"text-indent: -18pt\"><!--[if !supportLists]--><span style=\"font-family: Symbol\"><span>\u00b7<span>         <\/span><\/span><\/span><!--[endif]-->\u00f8nsket opplegg<\/p>\n<p class=\"MsoListParagraphCxSpMiddle\" style=\"text-indent: -18pt\"><!--[if !supportLists]--><span style=\"font-family: Symbol\"><span>\u00b7<span>         <\/span><\/span><\/span><!--[endif]-->\u00f8nsket dato (ha gjerne flere alternativer)<\/p>\n<p class=\"MsoListParagraphCxSpMiddle\" style=\"text-indent: -18pt\"><!--[if !supportLists]--><span style=\"font-family: Symbol\"><span>\u00b7<span>         <\/span><\/span><\/span><!--[endif]-->ankomst og avreisetidspunkt<\/p>\n<p class=\"MsoListParagraphCxSpMiddle\" style=\"text-indent: -18pt\"><!--[if !supportLists]--><span style=\"font-family: Symbol\"><span>\u00b7<span>         <\/span><\/span><\/span><!--[endif]-->Kontaktperson med navn og e-postadresse<\/p>\n<p class=\"MsoListParagraphCxSpMiddle\" style=\"text-indent: -18pt\"><!--[if !supportLists]--><span style=\"font-family: Symbol\"><span>\u00b7<span>         <\/span><\/span><\/span><!--[endif]-->antall elever og voksne<\/p>\n<p class=\"MsoListParagraphCxSpLast\" style=\"text-indent: -18pt\"><!--[if !supportLists]--><span style=\"font-family: Symbol\"><span>\u00b7<span>         <\/span><\/span><\/span><!--[endif]-->\u00f8nsket servering<\/p>\n<\/div>\n","protected":false},"excerpt":{"rendered":"<p><img loading=\"lazy\" decoding=\"async\" style=\"float: left\" alt=\"Til l\u00e6raren\" src=\"images\/stories\/bannere\/btn_laeraren_nn.png\" width=\"136\" height=\"64\" \/><\/p>\n","protected":false},"author":6,"featured_media":0,"parent":0,"menu_order":0,"comment_status":"open","ping_status":"open","template":"","meta":{"_acf_changed":false,"footnotes":""},"class_list":["post-13","page","type-page","status-publish","hentry"],"acf":[],"yoast_head":"<!-- This site is optimized with the Yoast SEO plugin v27.4 - https:\/\/yoast.com\/product\/yoast-seo-wordpress\/ -->\n<title>Til l\u00e6raren - Haugabakka<\/title>\n<meta name=\"robots\" content=\"index, follow, max-snippet:-1, max-image-preview:large, max-video-preview:-1\" \/>\n<link rel=\"canonical\" href=\"https:\/\/www.jaermuseet.no\/haugabakka\/til-laeraren\/\" \/>\n<meta property=\"og:locale\" content=\"nn_NO\" \/>\n<meta property=\"og:type\" content=\"article\" \/>\n<meta property=\"og:title\" content=\"Til l\u00e6raren - Haugabakka\" \/>\n<meta property=\"og:url\" content=\"https:\/\/www.jaermuseet.no\/haugabakka\/til-laeraren\/\" \/>\n<meta property=\"og:site_name\" content=\"Haugabakka\" \/>\n<meta name=\"twitter:card\" content=\"summary_large_image\" \/>\n<meta name=\"twitter:label1\" content=\"Est. reading time\" \/>\n\t<meta name=\"twitter:data1\" content=\"3 minutt\" \/>\n<script type=\"application\/ld+json\" class=\"yoast-schema-graph\">{\"@context\":\"https:\\\/\\\/schema.org\",\"@graph\":[{\"@type\":\"WebPage\",\"@id\":\"https:\\\/\\\/www.jaermuseet.no\\\/haugabakka\\\/til-laeraren\\\/\",\"url\":\"https:\\\/\\\/www.jaermuseet.no\\\/haugabakka\\\/til-laeraren\\\/\",\"name\":\"Til l\u00e6raren - Haugabakka\",\"isPartOf\":{\"@id\":\"https:\\\/\\\/www.jaermuseet.no\\\/haugabakka\\\/#website\"},\"datePublished\":\"2010-08-12T06:55:31+00:00\",\"breadcrumb\":{\"@id\":\"https:\\\/\\\/www.jaermuseet.no\\\/haugabakka\\\/til-laeraren\\\/#breadcrumb\"},\"inLanguage\":\"nn-NO\",\"potentialAction\":[{\"@type\":\"ReadAction\",\"target\":[\"https:\\\/\\\/www.jaermuseet.no\\\/haugabakka\\\/til-laeraren\\\/\"]}]},{\"@type\":\"BreadcrumbList\",\"@id\":\"https:\\\/\\\/www.jaermuseet.no\\\/haugabakka\\\/til-laeraren\\\/#breadcrumb\",\"itemListElement\":[{\"@type\":\"ListItem\",\"position\":1,\"name\":\"Hjem\",\"item\":\"https:\\\/\\\/www.jaermuseet.no\\\/haugabakka\\\/en\\\/\"},{\"@type\":\"ListItem\",\"position\":2,\"name\":\"Til l\u00e6raren\"}]},{\"@type\":\"WebSite\",\"@id\":\"https:\\\/\\\/www.jaermuseet.no\\\/haugabakka\\\/#website\",\"url\":\"https:\\\/\\\/www.jaermuseet.no\\\/haugabakka\\\/\",\"name\":\"Haugabakka\",\"description\":\"Klepp bygdemuseum\",\"potentialAction\":[{\"@type\":\"SearchAction\",\"target\":{\"@type\":\"EntryPoint\",\"urlTemplate\":\"https:\\\/\\\/www.jaermuseet.no\\\/haugabakka\\\/?s={search_term_string}\"},\"query-input\":{\"@type\":\"PropertyValueSpecification\",\"valueRequired\":true,\"valueName\":\"search_term_string\"}}],\"inLanguage\":\"nn-NO\"}]}<\/script>\n<!-- \/ Yoast SEO plugin. -->","yoast_head_json":{"title":"Til l\u00e6raren - Haugabakka","robots":{"index":"index","follow":"follow","max-snippet":"max-snippet:-1","max-image-preview":"max-image-preview:large","max-video-preview":"max-video-preview:-1"},"canonical":"https:\/\/www.jaermuseet.no\/haugabakka\/til-laeraren\/","og_locale":"nn_NO","og_type":"article","og_title":"Til l\u00e6raren - Haugabakka","og_url":"https:\/\/www.jaermuseet.no\/haugabakka\/til-laeraren\/","og_site_name":"Haugabakka","twitter_card":"summary_large_image","twitter_misc":{"Est. reading time":"3 minutt"},"schema":{"@context":"https:\/\/schema.org","@graph":[{"@type":"WebPage","@id":"https:\/\/www.jaermuseet.no\/haugabakka\/til-laeraren\/","url":"https:\/\/www.jaermuseet.no\/haugabakka\/til-laeraren\/","name":"Til l\u00e6raren - Haugabakka","isPartOf":{"@id":"https:\/\/www.jaermuseet.no\/haugabakka\/#website"},"datePublished":"2010-08-12T06:55:31+00:00","breadcrumb":{"@id":"https:\/\/www.jaermuseet.no\/haugabakka\/til-laeraren\/#breadcrumb"},"inLanguage":"nn-NO","potentialAction":[{"@type":"ReadAction","target":["https:\/\/www.jaermuseet.no\/haugabakka\/til-laeraren\/"]}]},{"@type":"BreadcrumbList","@id":"https:\/\/www.jaermuseet.no\/haugabakka\/til-laeraren\/#breadcrumb","itemListElement":[{"@type":"ListItem","position":1,"name":"Hjem","item":"https:\/\/www.jaermuseet.no\/haugabakka\/en\/"},{"@type":"ListItem","position":2,"name":"Til l\u00e6raren"}]},{"@type":"WebSite","@id":"https:\/\/www.jaermuseet.no\/haugabakka\/#website","url":"https:\/\/www.jaermuseet.no\/haugabakka\/","name":"Haugabakka","description":"Klepp bygdemuseum","potentialAction":[{"@type":"SearchAction","target":{"@type":"EntryPoint","urlTemplate":"https:\/\/www.jaermuseet.no\/haugabakka\/?s={search_term_string}"},"query-input":{"@type":"PropertyValueSpecification","valueRequired":true,"valueName":"search_term_string"}}],"inLanguage":"nn-NO"}]}},"jetpack_sharing_enabled":true,"_links":{"self":[{"href":"https:\/\/www.jaermuseet.no\/haugabakka\/wp-json\/wp\/v2\/pages\/13","targetHints":{"allow":["GET"]}}],"collection":[{"href":"https:\/\/www.jaermuseet.no\/haugabakka\/wp-json\/wp\/v2\/pages"}],"about":[{"href":"https:\/\/www.jaermuseet.no\/haugabakka\/wp-json\/wp\/v2\/types\/page"}],"author":[{"embeddable":true,"href":"https:\/\/www.jaermuseet.no\/haugabakka\/wp-json\/wp\/v2\/users\/6"}],"replies":[{"embeddable":true,"href":"https:\/\/www.jaermuseet.no\/haugabakka\/wp-json\/wp\/v2\/comments?post=13"}],"version-history":[{"count":0,"href":"https:\/\/www.jaermuseet.no\/haugabakka\/wp-json\/wp\/v2\/pages\/13\/revisions"}],"wp:attachment":[{"href":"https:\/\/www.jaermuseet.no\/haugabakka\/wp-json\/wp\/v2\/media?parent=13"}],"curies":[{"name":"wp","href":"https:\/\/api.w.org\/{rel}","templated":true}]}}