{"id":978,"date":"2023-05-12T09:02:32","date_gmt":"2023-05-12T07:02:32","guid":{"rendered":"https:\/\/www.jaermuseet.no\/grodaland\/?page_id=978"},"modified":"2025-09-08T21:09:57","modified_gmt":"2025-09-08T19:09:57","slug":"meadow","status":"publish","type":"page","link":"https:\/\/www.jaermuseet.no\/grodaland\/en\/meadow\/","title":{"rendered":"From mowed lawn to flowering meadow"},"content":{"rendered":"\n<p><\/p>\n\n\n\n<div class=\"wp-block-buttons is-layout-flex wp-block-buttons-is-layout-flex\">\n<div class=\"wp-block-button\"><a class=\"wp-block-button__link has-yellow-background-color has-text-color has-background has-link-color wp-element-button\" href=\"https:\/\/www.jaermuseet.no\/grodaland\/en\/about-meadow\/\" style=\"color:#000000;padding-top:var(--wp--preset--spacing--30);padding-right:var(--wp--preset--spacing--30);padding-bottom:var(--wp--preset--spacing--30);padding-left:var(--wp--preset--spacing--30)\">About the project<\/a><\/div>\n\n\n\n<div class=\"wp-block-button\"><a class=\"wp-block-button__link has-yellow-background-color has-text-color has-background has-link-color wp-element-button\" href=\"https:\/\/www.jaermuseet.no\/grodaland\/en\/?p=1014\" style=\"color:#000000;padding-top:var(--wp--preset--spacing--30);padding-right:var(--wp--preset--spacing--30);padding-bottom:var(--wp--preset--spacing--30);padding-left:var(--wp--preset--spacing--30)\">Natural meadows<\/a><\/div>\n\n\n\n<div class=\"wp-block-button is-style-fill\"><a class=\"wp-block-button__link has-yellow-background-color has-text-color has-background has-link-color wp-element-button\" href=\"https:\/\/www.jaermuseet.no\/grodaland\/en\/seeds\/\" style=\"color:#000000;padding-top:var(--wp--preset--spacing--30);padding-right:var(--wp--preset--spacing--30);padding-bottom:var(--wp--preset--spacing--30);padding-left:var(--wp--preset--spacing--30)\">Seed mixture<\/a><\/div>\n\n\n\n<div class=\"wp-block-button\"><a class=\"wp-block-button__link has-yellow-background-color has-text-color has-background has-link-color wp-element-button\" href=\"https:\/\/www.jaermuseet.no\/grodaland\/en\/insects\/\" style=\"color:#000000;padding-top:var(--wp--preset--spacing--30);padding-right:var(--wp--preset--spacing--30);padding-bottom:var(--wp--preset--spacing--30);padding-left:var(--wp--preset--spacing--30)\">Insects<\/a><\/div>\n\n\n\n<div class=\"wp-block-button\"><a class=\"wp-block-button__link has-yellow-background-color has-text-color has-background has-link-color wp-element-button\" href=\"https:\/\/www.jaermuseet.no\/grodaland\/en\/findings\/\" style=\"color:#000000;padding-top:var(--wp--preset--spacing--30);padding-right:var(--wp--preset--spacing--30);padding-bottom:var(--wp--preset--spacing--30);padding-left:var(--wp--preset--spacing--30)\">Findings<\/a><\/div>\n<\/div>\n\n\n\n<h3 class=\"wp-block-heading\" style=\"font-size:22px;font-style:normal;font-weight:500\">Replacing a mowed grassy lawn with a flowering meadow or establishing a flowering meadow in a lush cultivated landscape is no easy feat. Is it possible to do so without replacing the soil?<\/h3>\n\n\n\n<p>You can follow our steps below with posts from our instagram-account and see how the meadow develops. The project started in May 2023 and receives funding from the County Governor of Rogaland. From 2025 it is also a partner of Butterfly, a Horizon Europe RIA project.<\/p>\n\n\n\n<div id=\"sb_instagram\"  class=\"sbi sbi_mob_col_1 sbi_tab_col_3 sbi_col_4 sbi_width_resp sbi-theme sbi-default_theme sbi-style-regular\" style=\"padding-bottom: 12px;\" data-post-style=\"regular\"\t data-feedid=\"*6\"  data-res=\"auto\" data-cols=\"4\" data-colsmobile=\"1\" data-colstablet=\"3\" data-num=\"8\" data-nummobile=\"4\" data-header-size=\"medium\" data-item-padding=\"6\"\t data-shortcode-atts=\"{&quot;feed&quot;:&quot;6&quot;}\"  data-postid=\"978\" data-locatornonce=\"ccf9879f88\" data-options=\"{&quot;carousel&quot;:[true,true,false,false,true,2],&quot;avatars&quot;:{&quot;grodalandstunet&quot;:&quot;&quot;,&quot;LCLgrodalandstunet&quot;:&quot;https:\\\/\\\/www.jaermuseet.no\\\/grodaland\\\/wp-content\\\/uploads\\\/sites\\\/8\\\/sb-instagram-feed-images\\\/grodalandstunet.webp&quot;},&quot;lightboxcomments&quot;:20,&quot;colsmobile&quot;:1,&quot;colstablet&quot;:&quot;3&quot;,&quot;captionsize&quot;:12,&quot;captionlength&quot;:50,&quot;hovercaptionlength&quot;:50,&quot;feedtheme&quot;:&quot;default_theme&quot;,&quot;imageaspectratio&quot;:&quot;1:1&quot;}\" data-sbi-flags=\"favorLocal,gdpr\">\n\n\t\n\t<div id=\"sbi_images\" style=\"gap: 12px;\">\n\t\t\t<\/div>\n\n\t<div id=\"sbi_load\" >\n\n\t\n\t\t\t<span\n\t\t\tclass=\"sbi_follow_btn sbi_custom\" >\n\t\t\t<a target=\"_blank\"\n\t\t\t   rel=\"nofollow noopener\"  href=\"https:\/\/www.instagram.com\/grodalandstunet\/\" style=\"background: rgb(0,104,160);color: rgb(255,255,255);\">\n\t\t\t\t<svg class=\"svg-inline--fa fa-instagram fa-w-14\" aria-hidden=\"true\" data-fa-processed=\"\" aria-label=\"Instagram\" data-prefix=\"fab\" data-icon=\"instagram\" role=\"img\" viewBox=\"0 0 448 512\">\n                    <path fill=\"currentColor\" d=\"M224.1 141c-63.6 0-114.9 51.3-114.9 114.9s51.3 114.9 114.9 114.9S339 319.5 339 255.9 287.7 141 224.1 141zm0 189.6c-41.1 0-74.7-33.5-74.7-74.7s33.5-74.7 74.7-74.7 74.7 33.5 74.7 74.7-33.6 74.7-74.7 74.7zm146.4-194.3c0 14.9-12 26.8-26.8 26.8-14.9 0-26.8-12-26.8-26.8s12-26.8 26.8-26.8 26.8 12 26.8 26.8zm76.1 27.2c-1.7-35.9-9.9-67.7-36.2-93.9-26.2-26.2-58-34.4-93.9-36.2-37-2.1-147.9-2.1-184.9 0-35.8 1.7-67.6 9.9-93.9 36.1s-34.4 58-36.2 93.9c-2.1 37-2.1 147.9 0 184.9 1.7 35.9 9.9 67.7 36.2 93.9s58 34.4 93.9 36.2c37 2.1 147.9 2.1 184.9 0 35.9-1.7 67.7-9.9 93.9-36.2 26.2-26.2 34.4-58 36.2-93.9 2.1-37 2.1-147.8 0-184.8zM398.8 388c-7.8 19.6-22.9 34.7-42.6 42.6-29.5 11.7-99.5 9-132.1 9s-102.7 2.6-132.1-9c-19.6-7.8-34.7-22.9-42.6-42.6-11.7-29.5-9-99.5-9-132.1s-2.6-102.7 9-132.1c7.8-19.6 22.9-34.7 42.6-42.6 29.5-11.7 99.5-9 132.1-9s102.7-2.6 132.1 9c19.6 7.8 34.7 22.9 42.6 42.6 11.7 29.5 9 99.5 9 132.1s2.7 102.7-9 132.1z\"><\/path>\n                <\/svg>\t\t\t\t<span>Follow on Instagram<\/span>\n\t\t\t<\/a>\n\t\t<\/span>\n\t\n<\/div>\n\n\t\t<span class=\"sbi_resized_image_data\" data-feed-id=\"*6\"\n\t\t  data-resized=\"null\">\n\t<\/span>\n\t\t\t<div id=\"sbi_mod_error\">\n\t\t\t<span>This error message is only visible to WordPress admins<\/span><br\/>\n\t\t\t<div><strong>There has been a problem with your Instagram Feed.<\/strong><\/div><div><strong>Error: No posts found. Make sure this account has posts available on instagram.com.<\/strong><\/div>\t\t<\/div>\n\t\t\n<\/div>\n\n\t<style type=\"text\/css\">\n\t\t\t\t#sb_instagram #sbi_load .sbi_load_btn:focus,\n\t\t#sb_instagram #sbi_load .sbi_load_btn:hover {\n\t\t\toutline: none;\n\t\t\tbox-shadow: inset 0 0 20px 20px#E8E8EB;\n\t\t}\n\n\t\t\t\t\t\t#sb_instagram .sbi_follow_btn a:hover,\n\t\t#sb_instagram .sbi_follow_btn a:focus {\n\t\t\toutline: none;\n\t\t\tbox-shadow: inset 0 0 10px 20px#005B8C;\n\t\t}\n\n\t\t\t<\/style>\n\t\n\n\n\n<p class=\"has-text-align-center has-background\" style=\"background-color:#fafafa\"><a href=\"https:\/\/www.instagram.com\/explore\/tags\/fr%C3%A5robotplentilblomstereng\/\">#fr\u00e5robotplentilblomstereng<\/a> | <a href=\"https:\/\/www.instagram.com\/explore\/tags\/blomstereng\/\">#blomstereng<\/a><\/p>\n\n\n\n<p>We would like to thank the pupils from Motland skule for helping us establish the test fields!<\/p>\n\n\n\n<div class=\"wp-block-media-text is-stacked-on-mobile is-vertically-aligned-top\" style=\"grid-template-columns:33% auto\"><figure class=\"wp-block-media-text__media\"><img loading=\"lazy\" decoding=\"async\" width=\"1024\" height=\"345\" src=\"https:\/\/www.jaermuseet.no\/grodaland\/wp-content\/uploads\/sites\/8\/2025\/08\/YELLOW_GREEN_FULL-1024x345.png\" alt=\"\" class=\"wp-image-1154 size-full\" srcset=\"https:\/\/www.jaermuseet.no\/grodaland\/wp-content\/uploads\/sites\/8\/2025\/08\/YELLOW_GREEN_FULL-1024x345.png 1024w, https:\/\/www.jaermuseet.no\/grodaland\/wp-content\/uploads\/sites\/8\/2025\/08\/YELLOW_GREEN_FULL-300x101.png 300w, https:\/\/www.jaermuseet.no\/grodaland\/wp-content\/uploads\/sites\/8\/2025\/08\/YELLOW_GREEN_FULL-200x67.png 200w, https:\/\/www.jaermuseet.no\/grodaland\/wp-content\/uploads\/sites\/8\/2025\/08\/YELLOW_GREEN_FULL-1536x517.png 1536w, https:\/\/www.jaermuseet.no\/grodaland\/wp-content\/uploads\/sites\/8\/2025\/08\/YELLOW_GREEN_FULL-2048x690.png 2048w\" sizes=\"auto, (max-width: 1024px) 100vw, 1024px\" \/><\/figure><div class=\"wp-block-media-text__content\">\n<p>Read more about:<br><a href=\"https:\/\/butterfly-europe.eu\/\">The Butterfly project<\/a><br><a href=\"https:\/\/butterflylivinglabs.no\/\">Norwegian Living Labs (Norwegian website)<\/a><\/p>\n<\/div><\/div>\n","protected":false},"excerpt":{"rendered":"<p>Replacing a mowed grassy lawn with a flowering meadow or&#8230;<\/p>\n","protected":false},"author":7,"featured_media":0,"parent":0,"menu_order":0,"comment_status":"closed","ping_status":"closed","template":"","meta":{"_acf_changed":false,"footnotes":""},"class_list":["post-978","page","type-page","status-publish","hentry","featured-image-size-large"],"acf":[],"yoast_head":"<!-- This site is optimized with the Yoast SEO plugin v27.4 - https:\/\/yoast.com\/product\/yoast-seo-wordpress\/ -->\n<title>From mowed lawn to flowering meadow - Gr\u00f8daland<\/title>\n<meta name=\"description\" content=\"P\u00e5 Gr\u00f8daland er J\u00e6rmuseet i gang med prosjektet &quot;Fr\u00e5 robotplen til blomstereng&quot;. Koss kan plen bli til ei artsrik blomstereng?\" \/>\n<meta name=\"robots\" content=\"index, follow, max-snippet:-1, max-image-preview:large, max-video-preview:-1\" \/>\n<link rel=\"canonical\" href=\"https:\/\/www.jaermuseet.no\/grodaland\/en\/meadow\/\" \/>\n<meta property=\"og:locale\" content=\"nn_NO\" \/>\n<meta property=\"og:type\" content=\"article\" \/>\n<meta property=\"og:title\" content=\"From mowed lawn to flowering meadow - Gr\u00f8daland\" \/>\n<meta property=\"og:description\" content=\"P\u00e5 Gr\u00f8daland er J\u00e6rmuseet i gang med prosjektet &quot;Fr\u00e5 robotplen til blomstereng&quot;. Koss kan plen bli til ei artsrik blomstereng?\" \/>\n<meta property=\"og:url\" content=\"https:\/\/www.jaermuseet.no\/grodaland\/en\/meadow\/\" \/>\n<meta property=\"og:site_name\" content=\"Gr\u00f8daland\" \/>\n<meta property=\"article:modified_time\" content=\"2025-09-08T19:09:57+00:00\" \/>\n<meta property=\"og:image\" content=\"https:\/\/www.jaermuseet.no\/grodaland\/wp-content\/uploads\/sites\/8\/2025\/08\/YELLOW_GREEN_FULL-1024x345.png\" \/>\n<meta name=\"twitter:card\" content=\"summary_large_image\" \/>\n<meta name=\"twitter:label1\" content=\"Est. reading time\" \/>\n\t<meta name=\"twitter:data1\" content=\"1 minutt\" \/>\n<script type=\"application\/ld+json\" class=\"yoast-schema-graph\">{\"@context\":\"https:\\\/\\\/schema.org\",\"@graph\":[{\"@type\":\"WebPage\",\"@id\":\"https:\\\/\\\/www.jaermuseet.no\\\/grodaland\\\/en\\\/meadow\\\/\",\"url\":\"https:\\\/\\\/www.jaermuseet.no\\\/grodaland\\\/en\\\/meadow\\\/\",\"name\":\"From mowed lawn to flowering meadow - Gr\u00f8daland\",\"isPartOf\":{\"@id\":\"https:\\\/\\\/www.jaermuseet.no\\\/grodaland\\\/#website\"},\"primaryImageOfPage\":{\"@id\":\"https:\\\/\\\/www.jaermuseet.no\\\/grodaland\\\/en\\\/meadow\\\/#primaryimage\"},\"image\":{\"@id\":\"https:\\\/\\\/www.jaermuseet.no\\\/grodaland\\\/en\\\/meadow\\\/#primaryimage\"},\"thumbnailUrl\":\"https:\\\/\\\/www.jaermuseet.no\\\/grodaland\\\/wp-content\\\/uploads\\\/sites\\\/8\\\/2025\\\/08\\\/YELLOW_GREEN_FULL-1024x345.png\",\"datePublished\":\"2023-05-12T07:02:32+00:00\",\"dateModified\":\"2025-09-08T19:09:57+00:00\",\"description\":\"P\u00e5 Gr\u00f8daland er J\u00e6rmuseet i gang med prosjektet \\\"Fr\u00e5 robotplen til blomstereng\\\". Koss kan plen bli til ei artsrik blomstereng?\",\"breadcrumb\":{\"@id\":\"https:\\\/\\\/www.jaermuseet.no\\\/grodaland\\\/en\\\/meadow\\\/#breadcrumb\"},\"inLanguage\":\"nn-NO\",\"potentialAction\":[{\"@type\":\"ReadAction\",\"target\":[\"https:\\\/\\\/www.jaermuseet.no\\\/grodaland\\\/en\\\/meadow\\\/\"]}]},{\"@type\":\"ImageObject\",\"inLanguage\":\"nn-NO\",\"@id\":\"https:\\\/\\\/www.jaermuseet.no\\\/grodaland\\\/en\\\/meadow\\\/#primaryimage\",\"url\":\"https:\\\/\\\/www.jaermuseet.no\\\/grodaland\\\/wp-content\\\/uploads\\\/sites\\\/8\\\/2025\\\/08\\\/YELLOW_GREEN_FULL-scaled.png\",\"contentUrl\":\"https:\\\/\\\/www.jaermuseet.no\\\/grodaland\\\/wp-content\\\/uploads\\\/sites\\\/8\\\/2025\\\/08\\\/YELLOW_GREEN_FULL-scaled.png\",\"width\":2560,\"height\":862},{\"@type\":\"BreadcrumbList\",\"@id\":\"https:\\\/\\\/www.jaermuseet.no\\\/grodaland\\\/en\\\/meadow\\\/#breadcrumb\",\"itemListElement\":[{\"@type\":\"ListItem\",\"position\":1,\"name\":\"Hjem\",\"item\":\"https:\\\/\\\/www.jaermuseet.no\\\/grodaland\\\/\"},{\"@type\":\"ListItem\",\"position\":2,\"name\":\"From mowed lawn to flowering meadow\"}]},{\"@type\":\"WebSite\",\"@id\":\"https:\\\/\\\/www.jaermuseet.no\\\/grodaland\\\/#website\",\"url\":\"https:\\\/\\\/www.jaermuseet.no\\\/grodaland\\\/\",\"name\":\"Gr\u00f8daland\",\"description\":\"One of the prettiest and best preserved museum farms\",\"potentialAction\":[{\"@type\":\"SearchAction\",\"target\":{\"@type\":\"EntryPoint\",\"urlTemplate\":\"https:\\\/\\\/www.jaermuseet.no\\\/grodaland\\\/?s={search_term_string}\"},\"query-input\":{\"@type\":\"PropertyValueSpecification\",\"valueRequired\":true,\"valueName\":\"search_term_string\"}}],\"inLanguage\":\"nn-NO\"}]}<\/script>\n<!-- \/ Yoast SEO plugin. -->","yoast_head_json":{"title":"From mowed lawn to flowering meadow - Gr\u00f8daland","description":"P\u00e5 Gr\u00f8daland er J\u00e6rmuseet i gang med prosjektet \"Fr\u00e5 robotplen til blomstereng\". Koss kan plen bli til ei artsrik blomstereng?","robots":{"index":"index","follow":"follow","max-snippet":"max-snippet:-1","max-image-preview":"max-image-preview:large","max-video-preview":"max-video-preview:-1"},"canonical":"https:\/\/www.jaermuseet.no\/grodaland\/en\/meadow\/","og_locale":"nn_NO","og_type":"article","og_title":"From mowed lawn to flowering meadow - Gr\u00f8daland","og_description":"P\u00e5 Gr\u00f8daland er J\u00e6rmuseet i gang med prosjektet \"Fr\u00e5 robotplen til blomstereng\". Koss kan plen bli til ei artsrik blomstereng?","og_url":"https:\/\/www.jaermuseet.no\/grodaland\/en\/meadow\/","og_site_name":"Gr\u00f8daland","article_modified_time":"2025-09-08T19:09:57+00:00","og_image":[{"url":"https:\/\/www.jaermuseet.no\/grodaland\/wp-content\/uploads\/sites\/8\/2025\/08\/YELLOW_GREEN_FULL-1024x345.png","type":"","width":"","height":""}],"twitter_card":"summary_large_image","twitter_misc":{"Est. reading time":"1 minutt"},"schema":{"@context":"https:\/\/schema.org","@graph":[{"@type":"WebPage","@id":"https:\/\/www.jaermuseet.no\/grodaland\/en\/meadow\/","url":"https:\/\/www.jaermuseet.no\/grodaland\/en\/meadow\/","name":"From mowed lawn to flowering meadow - Gr\u00f8daland","isPartOf":{"@id":"https:\/\/www.jaermuseet.no\/grodaland\/#website"},"primaryImageOfPage":{"@id":"https:\/\/www.jaermuseet.no\/grodaland\/en\/meadow\/#primaryimage"},"image":{"@id":"https:\/\/www.jaermuseet.no\/grodaland\/en\/meadow\/#primaryimage"},"thumbnailUrl":"https:\/\/www.jaermuseet.no\/grodaland\/wp-content\/uploads\/sites\/8\/2025\/08\/YELLOW_GREEN_FULL-1024x345.png","datePublished":"2023-05-12T07:02:32+00:00","dateModified":"2025-09-08T19:09:57+00:00","description":"P\u00e5 Gr\u00f8daland er J\u00e6rmuseet i gang med prosjektet \"Fr\u00e5 robotplen til blomstereng\". Koss kan plen bli til ei artsrik blomstereng?","breadcrumb":{"@id":"https:\/\/www.jaermuseet.no\/grodaland\/en\/meadow\/#breadcrumb"},"inLanguage":"nn-NO","potentialAction":[{"@type":"ReadAction","target":["https:\/\/www.jaermuseet.no\/grodaland\/en\/meadow\/"]}]},{"@type":"ImageObject","inLanguage":"nn-NO","@id":"https:\/\/www.jaermuseet.no\/grodaland\/en\/meadow\/#primaryimage","url":"https:\/\/www.jaermuseet.no\/grodaland\/wp-content\/uploads\/sites\/8\/2025\/08\/YELLOW_GREEN_FULL-scaled.png","contentUrl":"https:\/\/www.jaermuseet.no\/grodaland\/wp-content\/uploads\/sites\/8\/2025\/08\/YELLOW_GREEN_FULL-scaled.png","width":2560,"height":862},{"@type":"BreadcrumbList","@id":"https:\/\/www.jaermuseet.no\/grodaland\/en\/meadow\/#breadcrumb","itemListElement":[{"@type":"ListItem","position":1,"name":"Hjem","item":"https:\/\/www.jaermuseet.no\/grodaland\/"},{"@type":"ListItem","position":2,"name":"From mowed lawn to flowering meadow"}]},{"@type":"WebSite","@id":"https:\/\/www.jaermuseet.no\/grodaland\/#website","url":"https:\/\/www.jaermuseet.no\/grodaland\/","name":"Gr\u00f8daland","description":"One of the prettiest and best preserved museum farms","potentialAction":[{"@type":"SearchAction","target":{"@type":"EntryPoint","urlTemplate":"https:\/\/www.jaermuseet.no\/grodaland\/?s={search_term_string}"},"query-input":{"@type":"PropertyValueSpecification","valueRequired":true,"valueName":"search_term_string"}}],"inLanguage":"nn-NO"}]}},"jetpack_sharing_enabled":true,"_links":{"self":[{"href":"https:\/\/www.jaermuseet.no\/grodaland\/wp-json\/wp\/v2\/pages\/978","targetHints":{"allow":["GET"]}}],"collection":[{"href":"https:\/\/www.jaermuseet.no\/grodaland\/wp-json\/wp\/v2\/pages"}],"about":[{"href":"https:\/\/www.jaermuseet.no\/grodaland\/wp-json\/wp\/v2\/types\/page"}],"author":[{"embeddable":true,"href":"https:\/\/www.jaermuseet.no\/grodaland\/wp-json\/wp\/v2\/users\/7"}],"replies":[{"embeddable":true,"href":"https:\/\/www.jaermuseet.no\/grodaland\/wp-json\/wp\/v2\/comments?post=978"}],"version-history":[{"count":17,"href":"https:\/\/www.jaermuseet.no\/grodaland\/wp-json\/wp\/v2\/pages\/978\/revisions"}],"predecessor-version":[{"id":1172,"href":"https:\/\/www.jaermuseet.no\/grodaland\/wp-json\/wp\/v2\/pages\/978\/revisions\/1172"}],"wp:attachment":[{"href":"https:\/\/www.jaermuseet.no\/grodaland\/wp-json\/wp\/v2\/media?parent=978"}],"curies":[{"name":"wp","href":"https:\/\/api.w.org\/{rel}","templated":true}]}}