{"id":4,"date":"2010-06-17T19:25:55","date_gmt":"2010-06-17T18:25:55","guid":{"rendered":"https:\/\/www.jaermuseet.no\/grodaland\/grodaland-eit-av-dei-best-bevarte-gardsanlegga-i-rogaland\/"},"modified":"2010-06-17T19:25:55","modified_gmt":"2010-06-17T18:25:55","slug":"grodaland-eit-av-dei-best-bevarte-gardsanlegga-i-rogaland","status":"publish","type":"page","link":"https:\/\/www.jaermuseet.no\/grodaland\/grodaland-eit-av-dei-best-bevarte-gardsanlegga-i-rogaland\/","title":{"rendered":"Gr\u00f8daland &#8211; eit av dei best bevarte gardsanlegga i Rogaland"},"content":{"rendered":"<p>Gr\u00f8dalandstunet er kanskje eit av dei finaste og best bevarte gardsanlegga i Rogaland. Dette var ein typisk sj\u00f8gard med flott utsyn mot havet i vest. <br \/><a href=\"index.php?option=com_content&amp;view=article&amp;id=259&amp;Itemid=211\">Les meir<\/a><\/p>\n","protected":false},"excerpt":{"rendered":"<p>Gr\u00f8dalandstunet er kanskje eit av dei finaste og best bevarte&#8230;<\/p>\n","protected":false},"author":7,"featured_media":0,"parent":0,"menu_order":0,"comment_status":"open","ping_status":"open","template":"","meta":{"_acf_changed":false,"footnotes":""},"class_list":["post-4","page","type-page","status-publish","hentry"],"acf":[],"yoast_head":"<!-- This site is optimized with the Yoast SEO plugin v27.3 - https:\/\/yoast.com\/product\/yoast-seo-wordpress\/ -->\n<title>Gr\u00f8daland - eit av dei best bevarte gardsanlegga i Rogaland - Gr\u00f8daland<\/title>\n<meta name=\"robots\" content=\"index, follow, max-snippet:-1, max-image-preview:large, max-video-preview:-1\" \/>\n<link rel=\"canonical\" href=\"https:\/\/www.jaermuseet.no\/grodaland\/grodaland-eit-av-dei-best-bevarte-gardsanlegga-i-rogaland\/\" \/>\n<meta property=\"og:locale\" content=\"nn_NO\" \/>\n<meta property=\"og:type\" content=\"article\" \/>\n<meta property=\"og:title\" content=\"Gr\u00f8daland - eit av dei best bevarte gardsanlegga i Rogaland - Gr\u00f8daland\" \/>\n<meta property=\"og:description\" content=\"Gr\u00f8dalandstunet er kanskje eit av dei finaste og best bevarte...\" \/>\n<meta property=\"og:url\" content=\"https:\/\/www.jaermuseet.no\/grodaland\/grodaland-eit-av-dei-best-bevarte-gardsanlegga-i-rogaland\/\" \/>\n<meta property=\"og:site_name\" content=\"Gr\u00f8daland\" \/>\n<meta name=\"twitter:card\" content=\"summary_large_image\" \/>\n<script type=\"application\/ld+json\" class=\"yoast-schema-graph\">{\"@context\":\"https:\\\/\\\/schema.org\",\"@graph\":[{\"@type\":\"WebPage\",\"@id\":\"https:\\\/\\\/www.jaermuseet.no\\\/grodaland\\\/grodaland-eit-av-dei-best-bevarte-gardsanlegga-i-rogaland\\\/\",\"url\":\"https:\\\/\\\/www.jaermuseet.no\\\/grodaland\\\/grodaland-eit-av-dei-best-bevarte-gardsanlegga-i-rogaland\\\/\",\"name\":\"Gr\u00f8daland - eit av dei best bevarte gardsanlegga i Rogaland - Gr\u00f8daland\",\"isPartOf\":{\"@id\":\"https:\\\/\\\/www.jaermuseet.no\\\/grodaland\\\/#website\"},\"datePublished\":\"2010-06-17T18:25:55+00:00\",\"breadcrumb\":{\"@id\":\"https:\\\/\\\/www.jaermuseet.no\\\/grodaland\\\/grodaland-eit-av-dei-best-bevarte-gardsanlegga-i-rogaland\\\/#breadcrumb\"},\"inLanguage\":\"nn-NO\",\"potentialAction\":[{\"@type\":\"ReadAction\",\"target\":[\"https:\\\/\\\/www.jaermuseet.no\\\/grodaland\\\/grodaland-eit-av-dei-best-bevarte-gardsanlegga-i-rogaland\\\/\"]}]},{\"@type\":\"BreadcrumbList\",\"@id\":\"https:\\\/\\\/www.jaermuseet.no\\\/grodaland\\\/grodaland-eit-av-dei-best-bevarte-gardsanlegga-i-rogaland\\\/#breadcrumb\",\"itemListElement\":[{\"@type\":\"ListItem\",\"position\":1,\"name\":\"Hjem\",\"item\":\"https:\\\/\\\/www.jaermuseet.no\\\/grodaland\\\/\"},{\"@type\":\"ListItem\",\"position\":2,\"name\":\"Gr\u00f8daland &#8211; eit av dei best bevarte gardsanlegga i Rogaland\"}]},{\"@type\":\"WebSite\",\"@id\":\"https:\\\/\\\/www.jaermuseet.no\\\/grodaland\\\/#website\",\"url\":\"https:\\\/\\\/www.jaermuseet.no\\\/grodaland\\\/\",\"name\":\"Gr\u00f8daland\",\"description\":\"One of the prettiest and best preserved museum farms\",\"potentialAction\":[{\"@type\":\"SearchAction\",\"target\":{\"@type\":\"EntryPoint\",\"urlTemplate\":\"https:\\\/\\\/www.jaermuseet.no\\\/grodaland\\\/?s={search_term_string}\"},\"query-input\":{\"@type\":\"PropertyValueSpecification\",\"valueRequired\":true,\"valueName\":\"search_term_string\"}}],\"inLanguage\":\"nn-NO\"}]}<\/script>\n<!-- \/ Yoast SEO plugin. -->","yoast_head_json":{"title":"Gr\u00f8daland - eit av dei best bevarte gardsanlegga i Rogaland - Gr\u00f8daland","robots":{"index":"index","follow":"follow","max-snippet":"max-snippet:-1","max-image-preview":"max-image-preview:large","max-video-preview":"max-video-preview:-1"},"canonical":"https:\/\/www.jaermuseet.no\/grodaland\/grodaland-eit-av-dei-best-bevarte-gardsanlegga-i-rogaland\/","og_locale":"nn_NO","og_type":"article","og_title":"Gr\u00f8daland - eit av dei best bevarte gardsanlegga i Rogaland - Gr\u00f8daland","og_description":"Gr\u00f8dalandstunet er kanskje eit av dei finaste og best bevarte...","og_url":"https:\/\/www.jaermuseet.no\/grodaland\/grodaland-eit-av-dei-best-bevarte-gardsanlegga-i-rogaland\/","og_site_name":"Gr\u00f8daland","twitter_card":"summary_large_image","schema":{"@context":"https:\/\/schema.org","@graph":[{"@type":"WebPage","@id":"https:\/\/www.jaermuseet.no\/grodaland\/grodaland-eit-av-dei-best-bevarte-gardsanlegga-i-rogaland\/","url":"https:\/\/www.jaermuseet.no\/grodaland\/grodaland-eit-av-dei-best-bevarte-gardsanlegga-i-rogaland\/","name":"Gr\u00f8daland - eit av dei best bevarte gardsanlegga i Rogaland - Gr\u00f8daland","isPartOf":{"@id":"https:\/\/www.jaermuseet.no\/grodaland\/#website"},"datePublished":"2010-06-17T18:25:55+00:00","breadcrumb":{"@id":"https:\/\/www.jaermuseet.no\/grodaland\/grodaland-eit-av-dei-best-bevarte-gardsanlegga-i-rogaland\/#breadcrumb"},"inLanguage":"nn-NO","potentialAction":[{"@type":"ReadAction","target":["https:\/\/www.jaermuseet.no\/grodaland\/grodaland-eit-av-dei-best-bevarte-gardsanlegga-i-rogaland\/"]}]},{"@type":"BreadcrumbList","@id":"https:\/\/www.jaermuseet.no\/grodaland\/grodaland-eit-av-dei-best-bevarte-gardsanlegga-i-rogaland\/#breadcrumb","itemListElement":[{"@type":"ListItem","position":1,"name":"Hjem","item":"https:\/\/www.jaermuseet.no\/grodaland\/"},{"@type":"ListItem","position":2,"name":"Gr\u00f8daland &#8211; eit av dei best bevarte gardsanlegga i Rogaland"}]},{"@type":"WebSite","@id":"https:\/\/www.jaermuseet.no\/grodaland\/#website","url":"https:\/\/www.jaermuseet.no\/grodaland\/","name":"Gr\u00f8daland","description":"One of the prettiest and best preserved museum farms","potentialAction":[{"@type":"SearchAction","target":{"@type":"EntryPoint","urlTemplate":"https:\/\/www.jaermuseet.no\/grodaland\/?s={search_term_string}"},"query-input":{"@type":"PropertyValueSpecification","valueRequired":true,"valueName":"search_term_string"}}],"inLanguage":"nn-NO"}]}},"jetpack_sharing_enabled":true,"_links":{"self":[{"href":"https:\/\/www.jaermuseet.no\/grodaland\/wp-json\/wp\/v2\/pages\/4","targetHints":{"allow":["GET"]}}],"collection":[{"href":"https:\/\/www.jaermuseet.no\/grodaland\/wp-json\/wp\/v2\/pages"}],"about":[{"href":"https:\/\/www.jaermuseet.no\/grodaland\/wp-json\/wp\/v2\/types\/page"}],"author":[{"embeddable":true,"href":"https:\/\/www.jaermuseet.no\/grodaland\/wp-json\/wp\/v2\/users\/7"}],"replies":[{"embeddable":true,"href":"https:\/\/www.jaermuseet.no\/grodaland\/wp-json\/wp\/v2\/comments?post=4"}],"version-history":[{"count":0,"href":"https:\/\/www.jaermuseet.no\/grodaland\/wp-json\/wp\/v2\/pages\/4\/revisions"}],"wp:attachment":[{"href":"https:\/\/www.jaermuseet.no\/grodaland\/wp-json\/wp\/v2\/media?parent=4"}],"curies":[{"name":"wp","href":"https:\/\/api.w.org\/{rel}","templated":true}]}}