{"id":332,"date":"2016-06-20T10:44:10","date_gmt":"2016-06-20T08:44:10","guid":{"rendered":"https:\/\/www.jaermuseet.no\/grodaland\/?page_id=332"},"modified":"2016-06-20T10:44:10","modified_gmt":"2016-06-20T08:44:10","slug":"about-grodaland-2","status":"publish","type":"page","link":"https:\/\/www.jaermuseet.no\/grodaland\/en\/about-grodaland-2\/","title":{"rendered":"About Gr\u00f8daland"},"content":{"rendered":"<p><span id=\"result_box\" lang=\"en\"><span title=\"Gr\u00f8dalandstunet er kanskje eit av dei finaste og best bevarte gardsanlegga i Rogaland!\">Gr\u00f8dalandstunet is one of the most scenic and best preserved museumfarms in the region. <\/span><\/span><\/p>\n<p><span lang=\"en\"><span title=\"Gr\u00f8dalandstunet er kanskje eit av dei finaste og best bevarte gardsanlegga i Rogaland!\">This is a typical seafarm, with buildings from the 17th and 18th century. Two houses are located on their original ground. Experience the silence and the atmospthere in the old living rooms, and see how the people at the seafarms in the region og J\u00e6ren lived around 1850 and early 1900. Between May and September, there are several themed activity days where you can take part in various work related to food preparationa and work that was performed on the farm when people lived here. <\/span><span title=\"Gr\u00f8daland er eit gardsmuseum p\u00e5 \u00abrot\u00bb.\n\n\"><\/p>\n<p><\/span><\/span><\/p>\n<p><span id=\"result_box\" lang=\"en\"><span title=\"Her fins b\u00e5de master, r\u00e6r og dekksbjelkar.\n\n\">Gr\u00f8daland have wonderful sea views. This is an excellend starting point for hikes on Kongevegen (the Kin&#8217;s road), which is a trail along the waterfron of J\u00e6ren.<br \/>\n<\/span><\/span><\/p>\n<p>There is a carpark in Gr\u00f8daland, with free parking.<\/p>\n<div class=\"tiled-gallery type-rectangular tiled-gallery-unresized\" data-original-width=\"500\" data-carousel-extra='null' itemscope itemtype=\"http:\/\/schema.org\/ImageGallery\" > <div class=\"gallery-row\" style=\"width: 500px; height: 246px;\" data-original-width=\"500\" data-original-height=\"246\" > <div class=\"gallery-group images-1\" style=\"width: 327px; height: 246px;\" data-original-width=\"327\" data-original-height=\"246\" > <div class=\"tiled-gallery-item tiled-gallery-item-large\" itemprop=\"associatedMedia\" itemscope itemtype=\"http:\/\/schema.org\/ImageObject\"> <a href=\"https:\/\/www.jaermuseet.no\/grodaland\/ein-nydeleg-vinterdag\/img_5656\/\" border=\"0\" itemprop=\"url\"> <meta itemprop=\"width\" content=\"323\"> <meta itemprop=\"height\" content=\"242\"> <img decoding=\"async\" class=\"\" data-attachment-id=\"310\" data-orig-file=\"https:\/\/www.jaermuseet.no\/grodaland\/wp-content\/uploads\/sites\/8\/2016\/04\/IMG_5656.jpg\" data-orig-size=\"3264,2448\" data-comments-opened=\"\" data-image-meta=\"{&quot;aperture&quot;:&quot;2.2&quot;,&quot;credit&quot;:&quot;&quot;,&quot;camera&quot;:&quot;iPhone 5s&quot;,&quot;caption&quot;:&quot;&quot;,&quot;created_timestamp&quot;:&quot;1456995792&quot;,&quot;copyright&quot;:&quot;&quot;,&quot;focal_length&quot;:&quot;4.15&quot;,&quot;iso&quot;:&quot;32&quot;,&quot;shutter_speed&quot;:&quot;0.0010235414534289&quot;,&quot;title&quot;:&quot;&quot;,&quot;orientation&quot;:&quot;1&quot;}\" data-image-title=\"IMG_5656\" data-image-description=\"\" data-medium-file=\"https:\/\/www.jaermuseet.no\/grodaland\/wp-content\/uploads\/sites\/8\/2016\/04\/IMG_5656-300x225.jpg\" data-large-file=\"https:\/\/www.jaermuseet.no\/grodaland\/wp-content\/uploads\/sites\/8\/2016\/04\/IMG_5656-1024x768.jpg\" src=\"https:\/\/i0.wp.com\/www.jaermuseet.no\/grodaland\/wp-content\/uploads\/sites\/8\/2016\/04\/IMG_5656.jpg?w=323&#038;h=242&#038;ssl=1\" srcset=\"https:\/\/www.jaermuseet.no\/grodaland\/wp-content\/uploads\/sites\/8\/2016\/04\/IMG_5656.jpg 3264w, https:\/\/www.jaermuseet.no\/grodaland\/wp-content\/uploads\/sites\/8\/2016\/04\/IMG_5656-300x225.jpg 300w, https:\/\/www.jaermuseet.no\/grodaland\/wp-content\/uploads\/sites\/8\/2016\/04\/IMG_5656-768x576.jpg 768w, https:\/\/www.jaermuseet.no\/grodaland\/wp-content\/uploads\/sites\/8\/2016\/04\/IMG_5656-1024x768.jpg 1024w, https:\/\/www.jaermuseet.no\/grodaland\/wp-content\/uploads\/sites\/8\/2016\/04\/IMG_5656-250x188.jpg 250w, https:\/\/www.jaermuseet.no\/grodaland\/wp-content\/uploads\/sites\/8\/2016\/04\/IMG_5656-800x600.jpg 800w\" width=\"323\" height=\"242\" loading=\"lazy\" data-original-width=\"323\" data-original-height=\"242\" itemprop=\"http:\/\/schema.org\/image\" title=\"IMG_5656\" alt=\"IMG_5656\" style=\"width: 323px; height: 242px;\" \/> <\/a> <\/div> <\/div> <!-- close group --> <div class=\"gallery-group images-2\" style=\"width: 173px; height: 246px;\" data-original-width=\"173\" data-original-height=\"246\" > <div class=\"tiled-gallery-item tiled-gallery-item-small\" itemprop=\"associatedMedia\" itemscope itemtype=\"http:\/\/schema.org\/ImageObject\"> <a href=\"https:\/\/www.jaermuseet.no\/grodaland\/img_4117\/\" border=\"0\" itemprop=\"url\"> <meta itemprop=\"width\" content=\"169\"> <meta itemprop=\"height\" content=\"126\"> <img decoding=\"async\" class=\"\" data-attachment-id=\"247\" data-orig-file=\"https:\/\/www.jaermuseet.no\/grodaland\/wp-content\/uploads\/sites\/8\/2015\/11\/IMG_4117.jpg\" data-orig-size=\"2592,1936\" data-comments-opened=\"\" data-image-meta=\"{&quot;aperture&quot;:&quot;2.8&quot;,&quot;credit&quot;:&quot;&quot;,&quot;camera&quot;:&quot;iPhone 4&quot;,&quot;caption&quot;:&quot;&quot;,&quot;created_timestamp&quot;:&quot;1409310823&quot;,&quot;copyright&quot;:&quot;&quot;,&quot;focal_length&quot;:&quot;3.85&quot;,&quot;iso&quot;:&quot;80&quot;,&quot;shutter_speed&quot;:&quot;0.0016583747927032&quot;,&quot;title&quot;:&quot;&quot;,&quot;orientation&quot;:&quot;1&quot;}\" data-image-title=\"IMG_4117\" data-image-description=\"\" data-medium-file=\"https:\/\/www.jaermuseet.no\/grodaland\/wp-content\/uploads\/sites\/8\/2015\/11\/IMG_4117-300x224.jpg\" data-large-file=\"https:\/\/www.jaermuseet.no\/grodaland\/wp-content\/uploads\/sites\/8\/2015\/11\/IMG_4117-1024x765.jpg\" src=\"https:\/\/i0.wp.com\/www.jaermuseet.no\/grodaland\/wp-content\/uploads\/sites\/8\/2015\/11\/IMG_4117.jpg?w=169&#038;h=126&#038;ssl=1\" srcset=\"https:\/\/www.jaermuseet.no\/grodaland\/wp-content\/uploads\/sites\/8\/2015\/11\/IMG_4117.jpg 2592w, https:\/\/www.jaermuseet.no\/grodaland\/wp-content\/uploads\/sites\/8\/2015\/11\/IMG_4117-300x224.jpg 300w, https:\/\/www.jaermuseet.no\/grodaland\/wp-content\/uploads\/sites\/8\/2015\/11\/IMG_4117-768x574.jpg 768w, https:\/\/www.jaermuseet.no\/grodaland\/wp-content\/uploads\/sites\/8\/2015\/11\/IMG_4117-1024x765.jpg 1024w, https:\/\/www.jaermuseet.no\/grodaland\/wp-content\/uploads\/sites\/8\/2015\/11\/IMG_4117-250x187.jpg 250w, https:\/\/www.jaermuseet.no\/grodaland\/wp-content\/uploads\/sites\/8\/2015\/11\/IMG_4117-800x600.jpg 800w\" width=\"169\" height=\"126\" loading=\"lazy\" data-original-width=\"169\" data-original-height=\"126\" itemprop=\"http:\/\/schema.org\/image\" title=\"IMG_4117\" alt=\"IMG_4117\" style=\"width: 169px; height: 126px;\" \/> <\/a> <\/div> <div class=\"tiled-gallery-item tiled-gallery-item-small\" itemprop=\"associatedMedia\" itemscope itemtype=\"http:\/\/schema.org\/ImageObject\"> <a href=\"https:\/\/www.jaermuseet.no\/grodaland\/2014-08-31-ins27nett\/\" border=\"0\" itemprop=\"url\"> <meta itemprop=\"width\" content=\"169\"> <meta itemprop=\"height\" content=\"112\"> <img decoding=\"async\" class=\"\" data-attachment-id=\"245\" data-orig-file=\"https:\/\/www.jaermuseet.no\/grodaland\/wp-content\/uploads\/sites\/8\/2015\/11\/2014-08-31-ins27nett.jpg\" data-orig-size=\"4666,3110\" data-comments-opened=\"\" data-image-meta=\"{&quot;aperture&quot;:&quot;8&quot;,&quot;credit&quot;:&quot;Jaermuseet&quot;,&quot;camera&quot;:&quot;Canon EOS 600D&quot;,&quot;caption&quot;:&quot;&quot;,&quot;created_timestamp&quot;:&quot;1409489157&quot;,&quot;copyright&quot;:&quot;&quot;,&quot;focal_length&quot;:&quot;35&quot;,&quot;iso&quot;:&quot;100&quot;,&quot;shutter_speed&quot;:&quot;0.004&quot;,&quot;title&quot;:&quot;&quot;,&quot;orientation&quot;:&quot;1&quot;}\" data-image-title=\"2014-08-31-ins27nett\" data-image-description=\"\" data-medium-file=\"https:\/\/www.jaermuseet.no\/grodaland\/wp-content\/uploads\/sites\/8\/2015\/11\/2014-08-31-ins27nett-300x200.jpg\" data-large-file=\"https:\/\/www.jaermuseet.no\/grodaland\/wp-content\/uploads\/sites\/8\/2015\/11\/2014-08-31-ins27nett-1024x683.jpg\" src=\"https:\/\/i0.wp.com\/www.jaermuseet.no\/grodaland\/wp-content\/uploads\/sites\/8\/2015\/11\/2014-08-31-ins27nett.jpg?w=169&#038;h=112&#038;ssl=1\" srcset=\"https:\/\/www.jaermuseet.no\/grodaland\/wp-content\/uploads\/sites\/8\/2015\/11\/2014-08-31-ins27nett.jpg 4666w, https:\/\/www.jaermuseet.no\/grodaland\/wp-content\/uploads\/sites\/8\/2015\/11\/2014-08-31-ins27nett-300x200.jpg 300w, https:\/\/www.jaermuseet.no\/grodaland\/wp-content\/uploads\/sites\/8\/2015\/11\/2014-08-31-ins27nett-768x512.jpg 768w, https:\/\/www.jaermuseet.no\/grodaland\/wp-content\/uploads\/sites\/8\/2015\/11\/2014-08-31-ins27nett-1024x683.jpg 1024w, https:\/\/www.jaermuseet.no\/grodaland\/wp-content\/uploads\/sites\/8\/2015\/11\/2014-08-31-ins27nett-250x167.jpg 250w\" width=\"169\" height=\"112\" loading=\"lazy\" data-original-width=\"169\" data-original-height=\"112\" itemprop=\"http:\/\/schema.org\/image\" title=\"2014-08-31-ins27nett\" alt=\"2014-08-31-ins27nett\" style=\"width: 169px; height: 112px;\" \/> <\/a> <\/div> <\/div> <!-- close group --> <\/div> <!-- close row --> <div class=\"gallery-row\" style=\"width: 500px; height: 178px;\" data-original-width=\"500\" data-original-height=\"178\" > <div class=\"gallery-group images-1\" style=\"width: 264px; height: 178px;\" data-original-width=\"264\" data-original-height=\"178\" > <div class=\"tiled-gallery-item tiled-gallery-item-large\" itemprop=\"associatedMedia\" itemscope itemtype=\"http:\/\/schema.org\/ImageObject\"> <a href=\"https:\/\/www.jaermuseet.no\/grodaland\/2010ingeborgskrudland_img_0209\/\" border=\"0\" itemprop=\"url\"> <meta itemprop=\"width\" content=\"260\"> <meta itemprop=\"height\" content=\"174\"> <img decoding=\"async\" class=\"\" data-attachment-id=\"228\" data-orig-file=\"https:\/\/www.jaermuseet.no\/grodaland\/wp-content\/uploads\/sites\/8\/2015\/11\/2010IngeborgSkrudland_IMG_0209.jpg\" data-orig-size=\"640,427\" data-comments-opened=\"\" data-image-meta=\"{&quot;aperture&quot;:&quot;3.2&quot;,&quot;credit&quot;:&quot;&quot;,&quot;camera&quot;:&quot;Canon EOS 5D Mark II&quot;,&quot;caption&quot;:&quot;&quot;,&quot;created_timestamp&quot;:&quot;1277640214&quot;,&quot;copyright&quot;:&quot;&quot;,&quot;focal_length&quot;:&quot;24&quot;,&quot;iso&quot;:&quot;100&quot;,&quot;shutter_speed&quot;:&quot;0.0008&quot;,&quot;title&quot;:&quot;&quot;,&quot;orientation&quot;:&quot;1&quot;}\" data-image-title=\"2010IngeborgSkrudland_IMG_0209\" data-image-description=\"\" data-medium-file=\"https:\/\/www.jaermuseet.no\/grodaland\/wp-content\/uploads\/sites\/8\/2015\/11\/2010IngeborgSkrudland_IMG_0209-300x200.jpg\" data-large-file=\"https:\/\/www.jaermuseet.no\/grodaland\/wp-content\/uploads\/sites\/8\/2015\/11\/2010IngeborgSkrudland_IMG_0209.jpg\" src=\"https:\/\/i0.wp.com\/www.jaermuseet.no\/grodaland\/wp-content\/uploads\/sites\/8\/2015\/11\/2010IngeborgSkrudland_IMG_0209.jpg?w=260&#038;h=174&#038;ssl=1\" srcset=\"https:\/\/www.jaermuseet.no\/grodaland\/wp-content\/uploads\/sites\/8\/2015\/11\/2010IngeborgSkrudland_IMG_0209.jpg 640w, https:\/\/www.jaermuseet.no\/grodaland\/wp-content\/uploads\/sites\/8\/2015\/11\/2010IngeborgSkrudland_IMG_0209-300x200.jpg 300w, https:\/\/www.jaermuseet.no\/grodaland\/wp-content\/uploads\/sites\/8\/2015\/11\/2010IngeborgSkrudland_IMG_0209-250x167.jpg 250w\" width=\"260\" height=\"174\" loading=\"lazy\" data-original-width=\"260\" data-original-height=\"174\" itemprop=\"http:\/\/schema.org\/image\" title=\"2010IngeborgSkrudland_IMG_0209\" alt=\"Per spelemann\" style=\"width: 260px; height: 174px;\" \/> <\/a> <div class=\"tiled-gallery-caption\" itemprop=\"caption description\"> Per spelemann <\/div> <\/div> <\/div> <!-- close group --> <div class=\"gallery-group images-1\" style=\"width: 236px; height: 178px;\" data-original-width=\"236\" data-original-height=\"178\" > <div class=\"tiled-gallery-item tiled-gallery-item-small\" itemprop=\"associatedMedia\" itemscope itemtype=\"http:\/\/schema.org\/ImageObject\"> <a href=\"https:\/\/www.jaermuseet.no\/grodaland\/20110817ins_027-jpg\/\" border=\"0\" itemprop=\"url\"> <meta itemprop=\"width\" content=\"232\"> <meta itemprop=\"height\" content=\"174\"> <img decoding=\"async\" class=\"\" data-attachment-id=\"50\" data-orig-file=\"https:\/\/www.jaermuseet.no\/grodaland\/wp-content\/uploads\/sites\/8\/2011\/08\/20110817ins_0271.jpg\" data-orig-size=\"3968,2976\" data-comments-opened=\"1\" data-image-meta=\"{&quot;aperture&quot;:&quot;3.5&quot;,&quot;credit&quot;:&quot;&quot;,&quot;camera&quot;:&quot;uT8000,ST8000&quot;,&quot;caption&quot;:&quot;&quot;,&quot;created_timestamp&quot;:&quot;1312277398&quot;,&quot;copyright&quot;:&quot;&quot;,&quot;focal_length&quot;:&quot;5&quot;,&quot;iso&quot;:&quot;64&quot;,&quot;shutter_speed&quot;:&quot;0.016666666666667&quot;,&quot;title&quot;:&quot;OLYMPUS DIGITAL CAMERA&quot;,&quot;orientation&quot;:&quot;1&quot;}\" data-image-title=\"20110817ins_027.jpg\" data-image-description=\"\" data-medium-file=\"https:\/\/www.jaermuseet.no\/grodaland\/wp-content\/uploads\/sites\/8\/2011\/08\/20110817ins_0271-300x225.jpg\" data-large-file=\"https:\/\/www.jaermuseet.no\/grodaland\/wp-content\/uploads\/sites\/8\/2011\/08\/20110817ins_0271-1024x768.jpg\" src=\"https:\/\/i0.wp.com\/www.jaermuseet.no\/grodaland\/wp-content\/uploads\/sites\/8\/2011\/08\/20110817ins_0271.jpg?w=232&#038;h=174&#038;ssl=1\" srcset=\"https:\/\/www.jaermuseet.no\/grodaland\/wp-content\/uploads\/sites\/8\/2011\/08\/20110817ins_0271.jpg 3968w, https:\/\/www.jaermuseet.no\/grodaland\/wp-content\/uploads\/sites\/8\/2011\/08\/20110817ins_0271-300x225.jpg 300w, https:\/\/www.jaermuseet.no\/grodaland\/wp-content\/uploads\/sites\/8\/2011\/08\/20110817ins_0271-1024x768.jpg 1024w, https:\/\/www.jaermuseet.no\/grodaland\/wp-content\/uploads\/sites\/8\/2011\/08\/20110817ins_0271-250x188.jpg 250w, https:\/\/www.jaermuseet.no\/grodaland\/wp-content\/uploads\/sites\/8\/2011\/08\/20110817ins_0271-800x600.jpg 800w, https:\/\/www.jaermuseet.no\/grodaland\/wp-content\/uploads\/sites\/8\/2011\/08\/20110817ins_0271-150x113.jpg 150w\" width=\"232\" height=\"174\" loading=\"lazy\" data-original-width=\"232\" data-original-height=\"174\" itemprop=\"http:\/\/schema.org\/image\" title=\"20110817ins_027.jpg\" alt=\"20110817ins_027.jpg\" style=\"width: 232px; height: 174px;\" \/> <\/a> <\/div> <\/div> <!-- close group --> <\/div> <!-- close row --> <\/div>\n<div id=\"gt-res-tools\"><\/div>\n","protected":false},"excerpt":{"rendered":"<p>Gr\u00f8dalandstunet is one of the most scenic and best preserved&#8230;<\/p>\n","protected":false},"author":18,"featured_media":71,"parent":0,"menu_order":0,"comment_status":"open","ping_status":"open","template":"","meta":{"_acf_changed":false,"footnotes":""},"class_list":["post-332","page","type-page","status-publish","has-post-thumbnail","hentry","featured-image-size-large"],"acf":[],"yoast_head":"<!-- This site is optimized with the Yoast SEO plugin v27.6 - https:\/\/yoast.com\/product\/yoast-seo-wordpress\/ -->\n<title>About Gr\u00f8daland - Gr\u00f8daland<\/title>\n<meta name=\"robots\" content=\"index, follow, max-snippet:-1, max-image-preview:large, max-video-preview:-1\" \/>\n<link rel=\"canonical\" href=\"https:\/\/www.jaermuseet.no\/grodaland\/en\/about-grodaland-2\/\" \/>\n<meta property=\"og:locale\" content=\"nn_NO\" \/>\n<meta property=\"og:type\" content=\"article\" \/>\n<meta property=\"og:title\" content=\"About Gr\u00f8daland - Gr\u00f8daland\" \/>\n<meta property=\"og:description\" content=\"Gr\u00f8dalandstunet is one of the most scenic and best preserved...\" \/>\n<meta property=\"og:url\" content=\"https:\/\/www.jaermuseet.no\/grodaland\/en\/about-grodaland-2\/\" \/>\n<meta property=\"og:site_name\" content=\"Gr\u00f8daland\" \/>\n<meta property=\"og:image\" content=\"https:\/\/www.jaermuseet.no\/grodaland\/wp-content\/uploads\/sites\/8\/2015\/05\/grodaland-oversikt.jpg\" \/>\n\t<meta property=\"og:image:width\" content=\"1920\" \/>\n\t<meta property=\"og:image:height\" content=\"1048\" \/>\n\t<meta property=\"og:image:type\" content=\"image\/jpeg\" \/>\n<meta name=\"twitter:card\" content=\"summary_large_image\" \/>\n<meta name=\"twitter:label1\" content=\"Est. reading time\" \/>\n\t<meta name=\"twitter:data1\" content=\"1 minutt\" \/>\n<script type=\"application\/ld+json\" class=\"yoast-schema-graph\">{\"@context\":\"https:\\\/\\\/schema.org\",\"@graph\":[{\"@type\":\"WebPage\",\"@id\":\"https:\\\/\\\/www.jaermuseet.no\\\/grodaland\\\/en\\\/about-grodaland-2\\\/\",\"url\":\"https:\\\/\\\/www.jaermuseet.no\\\/grodaland\\\/en\\\/about-grodaland-2\\\/\",\"name\":\"About Gr\u00f8daland - Gr\u00f8daland\",\"isPartOf\":{\"@id\":\"https:\\\/\\\/www.jaermuseet.no\\\/grodaland\\\/#website\"},\"primaryImageOfPage\":{\"@id\":\"https:\\\/\\\/www.jaermuseet.no\\\/grodaland\\\/en\\\/about-grodaland-2\\\/#primaryimage\"},\"image\":{\"@id\":\"https:\\\/\\\/www.jaermuseet.no\\\/grodaland\\\/en\\\/about-grodaland-2\\\/#primaryimage\"},\"thumbnailUrl\":\"https:\\\/\\\/www.jaermuseet.no\\\/grodaland\\\/wp-content\\\/uploads\\\/sites\\\/8\\\/2015\\\/05\\\/grodaland-oversikt.jpg\",\"datePublished\":\"2016-06-20T08:44:10+00:00\",\"breadcrumb\":{\"@id\":\"https:\\\/\\\/www.jaermuseet.no\\\/grodaland\\\/en\\\/about-grodaland-2\\\/#breadcrumb\"},\"inLanguage\":\"nn-NO\",\"potentialAction\":[{\"@type\":\"ReadAction\",\"target\":[\"https:\\\/\\\/www.jaermuseet.no\\\/grodaland\\\/en\\\/about-grodaland-2\\\/\"]}]},{\"@type\":\"ImageObject\",\"inLanguage\":\"nn-NO\",\"@id\":\"https:\\\/\\\/www.jaermuseet.no\\\/grodaland\\\/en\\\/about-grodaland-2\\\/#primaryimage\",\"url\":\"https:\\\/\\\/www.jaermuseet.no\\\/grodaland\\\/wp-content\\\/uploads\\\/sites\\\/8\\\/2015\\\/05\\\/grodaland-oversikt.jpg\",\"contentUrl\":\"https:\\\/\\\/www.jaermuseet.no\\\/grodaland\\\/wp-content\\\/uploads\\\/sites\\\/8\\\/2015\\\/05\\\/grodaland-oversikt.jpg\",\"width\":1920,\"height\":1048},{\"@type\":\"BreadcrumbList\",\"@id\":\"https:\\\/\\\/www.jaermuseet.no\\\/grodaland\\\/en\\\/about-grodaland-2\\\/#breadcrumb\",\"itemListElement\":[{\"@type\":\"ListItem\",\"position\":1,\"name\":\"Hjem\",\"item\":\"https:\\\/\\\/www.jaermuseet.no\\\/grodaland\\\/\"},{\"@type\":\"ListItem\",\"position\":2,\"name\":\"About Gr\u00f8daland\"}]},{\"@type\":\"WebSite\",\"@id\":\"https:\\\/\\\/www.jaermuseet.no\\\/grodaland\\\/#website\",\"url\":\"https:\\\/\\\/www.jaermuseet.no\\\/grodaland\\\/\",\"name\":\"Gr\u00f8daland\",\"description\":\"One of the prettiest and best preserved museum farms\",\"potentialAction\":[{\"@type\":\"SearchAction\",\"target\":{\"@type\":\"EntryPoint\",\"urlTemplate\":\"https:\\\/\\\/www.jaermuseet.no\\\/grodaland\\\/?s={search_term_string}\"},\"query-input\":{\"@type\":\"PropertyValueSpecification\",\"valueRequired\":true,\"valueName\":\"search_term_string\"}}],\"inLanguage\":\"nn-NO\"}]}<\/script>\n<!-- \/ Yoast SEO plugin. -->","yoast_head_json":{"title":"About Gr\u00f8daland - Gr\u00f8daland","robots":{"index":"index","follow":"follow","max-snippet":"max-snippet:-1","max-image-preview":"max-image-preview:large","max-video-preview":"max-video-preview:-1"},"canonical":"https:\/\/www.jaermuseet.no\/grodaland\/en\/about-grodaland-2\/","og_locale":"nn_NO","og_type":"article","og_title":"About Gr\u00f8daland - Gr\u00f8daland","og_description":"Gr\u00f8dalandstunet is one of the most scenic and best preserved...","og_url":"https:\/\/www.jaermuseet.no\/grodaland\/en\/about-grodaland-2\/","og_site_name":"Gr\u00f8daland","og_image":[{"width":1920,"height":1048,"url":"https:\/\/www.jaermuseet.no\/grodaland\/wp-content\/uploads\/sites\/8\/2015\/05\/grodaland-oversikt.jpg","type":"image\/jpeg"}],"twitter_card":"summary_large_image","twitter_misc":{"Est. reading time":"1 minutt"},"schema":{"@context":"https:\/\/schema.org","@graph":[{"@type":"WebPage","@id":"https:\/\/www.jaermuseet.no\/grodaland\/en\/about-grodaland-2\/","url":"https:\/\/www.jaermuseet.no\/grodaland\/en\/about-grodaland-2\/","name":"About Gr\u00f8daland - Gr\u00f8daland","isPartOf":{"@id":"https:\/\/www.jaermuseet.no\/grodaland\/#website"},"primaryImageOfPage":{"@id":"https:\/\/www.jaermuseet.no\/grodaland\/en\/about-grodaland-2\/#primaryimage"},"image":{"@id":"https:\/\/www.jaermuseet.no\/grodaland\/en\/about-grodaland-2\/#primaryimage"},"thumbnailUrl":"https:\/\/www.jaermuseet.no\/grodaland\/wp-content\/uploads\/sites\/8\/2015\/05\/grodaland-oversikt.jpg","datePublished":"2016-06-20T08:44:10+00:00","breadcrumb":{"@id":"https:\/\/www.jaermuseet.no\/grodaland\/en\/about-grodaland-2\/#breadcrumb"},"inLanguage":"nn-NO","potentialAction":[{"@type":"ReadAction","target":["https:\/\/www.jaermuseet.no\/grodaland\/en\/about-grodaland-2\/"]}]},{"@type":"ImageObject","inLanguage":"nn-NO","@id":"https:\/\/www.jaermuseet.no\/grodaland\/en\/about-grodaland-2\/#primaryimage","url":"https:\/\/www.jaermuseet.no\/grodaland\/wp-content\/uploads\/sites\/8\/2015\/05\/grodaland-oversikt.jpg","contentUrl":"https:\/\/www.jaermuseet.no\/grodaland\/wp-content\/uploads\/sites\/8\/2015\/05\/grodaland-oversikt.jpg","width":1920,"height":1048},{"@type":"BreadcrumbList","@id":"https:\/\/www.jaermuseet.no\/grodaland\/en\/about-grodaland-2\/#breadcrumb","itemListElement":[{"@type":"ListItem","position":1,"name":"Hjem","item":"https:\/\/www.jaermuseet.no\/grodaland\/"},{"@type":"ListItem","position":2,"name":"About Gr\u00f8daland"}]},{"@type":"WebSite","@id":"https:\/\/www.jaermuseet.no\/grodaland\/#website","url":"https:\/\/www.jaermuseet.no\/grodaland\/","name":"Gr\u00f8daland","description":"One of the prettiest and best preserved museum farms","potentialAction":[{"@type":"SearchAction","target":{"@type":"EntryPoint","urlTemplate":"https:\/\/www.jaermuseet.no\/grodaland\/?s={search_term_string}"},"query-input":{"@type":"PropertyValueSpecification","valueRequired":true,"valueName":"search_term_string"}}],"inLanguage":"nn-NO"}]}},"jetpack_sharing_enabled":true,"_links":{"self":[{"href":"https:\/\/www.jaermuseet.no\/grodaland\/wp-json\/wp\/v2\/pages\/332","targetHints":{"allow":["GET"]}}],"collection":[{"href":"https:\/\/www.jaermuseet.no\/grodaland\/wp-json\/wp\/v2\/pages"}],"about":[{"href":"https:\/\/www.jaermuseet.no\/grodaland\/wp-json\/wp\/v2\/types\/page"}],"author":[{"embeddable":true,"href":"https:\/\/www.jaermuseet.no\/grodaland\/wp-json\/wp\/v2\/users\/18"}],"replies":[{"embeddable":true,"href":"https:\/\/www.jaermuseet.no\/grodaland\/wp-json\/wp\/v2\/comments?post=332"}],"version-history":[{"count":1,"href":"https:\/\/www.jaermuseet.no\/grodaland\/wp-json\/wp\/v2\/pages\/332\/revisions"}],"predecessor-version":[{"id":333,"href":"https:\/\/www.jaermuseet.no\/grodaland\/wp-json\/wp\/v2\/pages\/332\/revisions\/333"}],"wp:featuredmedia":[{"embeddable":true,"href":"https:\/\/www.jaermuseet.no\/grodaland\/wp-json\/wp\/v2\/media\/71"}],"wp:attachment":[{"href":"https:\/\/www.jaermuseet.no\/grodaland\/wp-json\/wp\/v2\/media?parent=332"}],"curies":[{"name":"wp","href":"https:\/\/api.w.org\/{rel}","templated":true}]}}