{"id":8988,"date":"2022-02-04T16:12:11","date_gmt":"2022-02-04T14:12:11","guid":{"rendered":"https:\/\/www.jaermuseet.no\/garborgsenteret\/?page_id=8988"},"modified":"2023-03-16T14:56:31","modified_gmt":"2023-03-16T12:56:31","slug":"laer-meir","status":"publish","type":"page","link":"https:\/\/www.jaermuseet.no\/garborgsenteret\/laer-meir\/","title":{"rendered":"L\u00e6r meir"},"content":{"rendered":"\n<p>P\u00e5 denne sida f\u00e5r du lenker og andre ressursar som kan hjelpa deg til \u00e5 finna ut meir om Arne og Hulda Garborg. F\u00f8lg med, det kjem stadig ny, spennande l\u00e6rdom om forfattarparet.<\/p>\n\n\n\n<p>Ein god stad \u00e5 begynna er p\u00e5 Store Norske Leksikon. Der kan du lesa fyldige artiklar om b\u00e5de <a href=\"https:\/\/snl.no\/Arne_Garborg\" target=\"_blank\" rel=\"noreferrer noopener\">Arne<\/a> og <a href=\"https:\/\/snl.no\/Hulda_Garborg\" target=\"_blank\" rel=\"noreferrer noopener\">Hulda<\/a>. Ogs\u00e5 Wikipedia har gode artiklar om <a href=\"https:\/\/no.wikipedia.org\/wiki\/Arne_Garborg\" target=\"_blank\" rel=\"noreferrer noopener\">Arne<\/a> og <a href=\"https:\/\/no.wikipedia.org\/wiki\/Hulda_Garborg\" target=\"_blank\" rel=\"noreferrer noopener\">Hulda<\/a>.<\/p>\n\n\n\n<p><strong>Arne Garborg<\/strong><\/p>\n\n\n\n<p>Du kan lesa meir om Arne hos <a href=\"https:\/\/tidsaand.no\/person\/arne-garborg\" target=\"_blank\" rel=\"noreferrer noopener\">Tids\u00e5nd<\/a> og <a href=\"https:\/\/www.bokselskap.no\/forfattere\/garborg\" target=\"_blank\" rel=\"noreferrer noopener\">Bokselskap<\/a>.<\/p>\n\n\n\n<p>Kuben Arendal har skrive om <a href=\"https:\/\/avtrykk.no\/arne-garborg-seminaristen-pa-holt-som-ble-avismann-i-risor-og-tvedestrand\" target=\"_blank\" rel=\"noreferrer noopener\">Arne Garborg som l\u00e6rar i S\u00f8ndeled<\/a><a href=\"https:\/\/www.kubenarendal.no\/publikasjoner\/nytt-om-gammelt\/2001\/en-katastrofe-som-laerer\/\" target=\"_blank\" rel=\"noreferrer noopener\">.<\/a>&nbsp;<\/p>\n\n\n\n<p>M\u00e5laren Kitty Kielland var forfattaren Alexander Kielland si syster og ein av Arne og Hulda sine beste vennar. Hos <a href=\"https:\/\/www.bokselskap.no\/boker\/brevkiellandgarborg\/tittelside\" target=\"_blank\" rel=\"noreferrer noopener\">Bokselskap<\/a> kan du lesa brevvekslinga mellom Kitty og Arne.<\/p>\n\n\n\n<p>Henrik Johnsson gjev eit perspektiv p\u00e5 Arne Garborg som tenkar hos <a href=\"https:\/\/www.idunn.no\/doi\/10.18261\/issn.1500-1989-2021-01-04\" target=\"_blank\" rel=\"noreferrer noopener\">Idunn<\/a>.<\/p>\n\n\n\n<p><strong>Hulda Garborg<\/strong><\/p>\n\n\n\n<p>Du kan lesa meir om Hulda hos <a href=\"https:\/\/tidsaand.no\/person\/hulda-garborg\" target=\"_blank\" rel=\"noreferrer noopener\">Tids\u00e5nd<\/a> og <a href=\"https:\/\/www.bokselskap.no\/forfattere\/huldagarborg\" target=\"_blank\" rel=\"noreferrer noopener\">Bokselskap<\/a>. Arnhild Skre fortel om Hulda p\u00e5 <a href=\"https:\/\/open.spotify.com\/episode\/6m1ebIntWJnK1NY9dbicrG?si=YPEH42tESY-mW2V05-erLg&amp;nd=1\" target=\"_blank\" rel=\"noreferrer noopener\">Litteraturhuset i Trondheim<\/a> sin podkast. I <a href=\"https:\/\/www.oversetterleksikon.no\/2019\/11\/22\/hulda-garborg\/\" target=\"_blank\" rel=\"noreferrer noopener\">Norsk Oversetterleksikon<\/a> skriv Skre om Hulda som omsetjar.<\/p>\n\n\n\n<p>Hulda blei kalla &#8220;bunadens mor&#8221; og var ei hovuddrivkraft i \u00e5 gjera folkedrakt popul\u00e6rt i Noreg. Hos <a href=\"https:\/\/bunadogfolkedrakt.no\/om-oss\" target=\"_blank\" rel=\"noreferrer noopener\">Norsk institutt for bunad og folkedrakt<\/a> kan du f\u00e5 eit oversyn over dette temaet. Dei har \u00f2g ein <a href=\"https:\/\/digitaltmuseum.no\/021189707957\/hulda-garborg-1862-1934\" target=\"_blank\" rel=\"noreferrer noopener\">artikkel<\/a> som handlar spesifikt om Hulda Garborg. <\/p>\n\n\n\n<p>Ho gjorde mykje av den same jobben for folkedansen. Du kan lesa meir om dei ulike danseformene hos <a href=\"https:\/\/www.ungdomslag.no\/det-skjer\/folkedans\/?L=0\" target=\"_blank\" rel=\"noreferrer noopener\">Noregs ungdomslag<\/a>.<\/p>\n\n\n\n<p><strong>B\u00f8kene deira<\/strong><\/p>\n\n\n\n<p>Arne og Hulda skreiv fleire titals b\u00f8ker og hefte. Treng du eit oversyn over forfattarskapa, kan du sj\u00e5 <a href=\"https:\/\/www.jaermuseet.no\/garborgsenteret\/arne-og-hulda-garborg-sine-verk\/\">her<\/a>. I Garborgsenteret si utstilling har me dessutan dei fleste b\u00f8kene tilgjengelege, anten i bokform eller digitaliserte.<\/p>\n\n\n\n<p>Nasjonalbibliotekets s\u00f8kemotor finn du <a href=\"https:\/\/www.nb.no\/nbsok\/advanced_search\" target=\"_blank\" rel=\"noreferrer noopener\">her<\/a>. Der kan du lesa dei fleste b\u00f8kene deira. Her er <a href=\"https:\/\/bibsys-almaprimo.hosted.exlibrisgroup.com\/primo-explore\/search?query=any,contains,%22arne%20garborg%22&amp;tab=default_tab&amp;search_scope=blended_scope&amp;vid=NB&amp;lang=no_NO&amp;offset=0\" target=\"_blank\" rel=\"noreferrer noopener\">s\u00f8ket<\/a> p\u00e5 Arne Garborg. Du kan ogs\u00e5 s\u00f8ka i<a href=\"https:\/\/bibsys-almaprimo.hosted.exlibrisgroup.com\/primo-explore\/search?query=any,contains,%22arne%20garborg%22&amp;tab=default_tab&amp;search_scope=blended_scope&amp;vid=NB&amp;lang=no_NO&amp;offset=0\" target=\"_blank\" rel=\"noreferrer noopener\"> Norske fagbibliotek.<\/a> Hos <a href=\"https:\/\/bibsys-almaprimo.hosted.exlibrisgroup.com\/primo-explore\/search?vid=NB&amp;lang=no_NO\" target=\"_blank\" rel=\"noreferrer noopener\">Oria<\/a> kan du s\u00f8ka opp og bestilla b\u00f8ker og tidsskrift.<\/p>\n\n\n\n<p>Dei norske universiteta har ein database for <a href=\"https:\/\/ub-baser.uio.no\/norsk-litteraturkritikk\" target=\"_blank\" rel=\"noreferrer noopener\">litteraturkritikk<\/a> der du kan s\u00f8ka etter forfattar og verk.<\/p>\n\n\n\n<p>Det er skrive mange akademiske avhandlingar om litteraturen til Arne og Hulda. Dag Skarstein har skrive hovudfagsoppg\u00e5ve om Arne Garborg sin roman <a href=\"https:\/\/bora.uib.no\/bora-xmlui\/bitstream\/handle\/1956\/12850\/Gabriel%20Grams%20bekjennelse%20i%20lys%20av%20Arne%20Garborgs%20naturalisme%20i%20Tr%C3%A6tte%20M%C3%A6nd%20-%20en%20analyse%20_min%20Selvtillid%2C%20min%20Tro%20paa%20min%20Vilje%2C%20mit%20Livsmod_.pdf?sequence=1&amp;isAllowed=y\" target=\"_blank\" rel=\"noreferrer noopener\">Trette menn<\/a>. Litteraturforskar Per Buvik har skrive om same boka hos<a href=\"https:\/\/www.idunn.no\/eprint\/FZR57CXHABXCGS54CBWA\/full\" target=\"_blank\" rel=\"noreferrer noopener\"> Idunn<\/a>, han har ogs\u00e5 skrive om <a href=\"http:\/\/www.localmotives.com\/hoved\/tema\/nr_6\/Buvik.html\" target=\"_blank\" rel=\"noreferrer noopener\">Arne og dekadensen<\/a>.<\/p>\n\n\n\n<p><a href=\"https:\/\/www.bokselskap.no\/boker\/musikkgarborg\/tittelside\" target=\"_blank\" rel=\"noreferrer noopener\">Norsk bokselskap<\/a> har skrive om musikken til Arne sine diktverk.<\/p>\n\n\n\n<p>I Store Norske Leksikon kan du lesa om Arne Garborgs roman <a href=\"https:\/\/snl.no\/Bondestudentar\" target=\"_blank\" rel=\"noreferrer noopener\"><em>Bondestudentar<\/em><\/a>. Hos Wikipedia kan du lesa om romanane <a href=\"https:\/\/nn.wikipedia.org\/wiki\/Bondestudentar\" target=\"_blank\" rel=\"noreferrer noopener\"><em>Bondestudentar<\/em><\/a>, <a href=\"https:\/\/nn.wikipedia.org\/wiki\/Romanen_Mannfolk\" target=\"_blank\" rel=\"noreferrer noopener\"><em>Mannfolk<\/em><\/a>, <a href=\"https:\/\/nn.wikipedia.org\/wiki\/Tr%C3%A6tte_M%C3%A6nd\" target=\"_blank\" rel=\"noreferrer noopener\"><em>Trette menn<\/em><\/a> og <a href=\"https:\/\/nn.wikipedia.org\/wiki\/Romanen_Fred\" target=\"_blank\" rel=\"noreferrer noopener\"><em>Fred<\/em><\/a>, diktsamlinga <em>H<a href=\"https:\/\/nn.wikipedia.org\/wiki\/Haugtussa\" target=\"_blank\" rel=\"noreferrer noopener\">augtussa<\/a><\/em>, skodespelet <em><a href=\"https:\/\/nn.wikipedia.org\/wiki\/L%C3%A6raren\" target=\"_blank\" rel=\"noreferrer noopener\">L\u00e6raren<\/a><\/em> og essayet <a href=\"https:\/\/nn.wikipedia.org\/wiki\/Kolbotnbrev\" target=\"_blank\" rel=\"noreferrer noopener\"><em>Kolbotnbrev<\/em><\/a>.<\/p>\n\n\n\n<p>P\u00e5 Wikipedia kan du lesa om Huldas romanar <a href=\"https:\/\/nn.wikipedia.org\/wiki\/Et_frit_Forhold\" target=\"_blank\" rel=\"noreferrer noopener\"><em>Et fritt forhold<\/em><\/a> og <a href=\"https:\/\/nn.wikipedia.org\/wiki\/Kvinden_skabt_af_manden\" target=\"_blank\" rel=\"noreferrer noopener\"><em>Kvinnen skapt av mannen<\/em><\/a>, skodespela <a href=\"https:\/\/nn.wikipedia.org\/wiki\/Rasjonelt_fj%C3%B8sstell\" target=\"_blank\" rel=\"noreferrer noopener\"><em>Rasjonelt fj\u00f8sstell<\/em><\/a> og <a href=\"https:\/\/nn.wikipedia.org\/wiki\/Edderkoppen\" target=\"_blank\" rel=\"noreferrer noopener\"><em>Edderkoppen<\/em><\/a>, samt kokeboka <a href=\"https:\/\/nn.wikipedia.org\/wiki\/Heimestell\" target=\"_blank\" rel=\"noreferrer noopener\"><em>Heimestell<\/em><\/a>.<\/p>\n\n\n\n<p><strong>Avisene deira<\/strong><\/p>\n\n\n\n<p>B\u00e5de Arne og Hulda var redakt\u00f8rar, journalistar og bidragsytarar til mange aviser og tidsskrift. Avisene dei var mest involvert i var Tvedestrandsposten, Fedraheimen og Den 17de Mai.<\/p>\n\n\n\n<p>Det g\u00e5r an \u00e5 s\u00f8ka i Nasjonalbibliotekets database for digitaliserte aviser.<\/p>\n\n\n\n<p>Aust-Agder Museum har skrive om <a href=\"https:\/\/avtrykk.no\/arne-garborg-seminaristen-pa-holt-som-ble-avismann-i-risor-og-tvedestrand\" target=\"_blank\" rel=\"noreferrer noopener\">Arne Garborgs tid i Holt, S\u00f8ndeled, Ris\u00f8r og Tvedestrand<\/a>, d\u00e5 han grunnla L\u00e6rer-standens avis og Tvedestrandsposten.<\/p>\n\n\n\n<p><strong>Husa deira<\/strong><\/p>\n\n\n\n<p>Arne og Hulda vaks opp p\u00e5 Garborg og i Hamar, og hadde mange bustadar gjennom livet, b\u00e5de kvar for seg og saman. Dei viktigaste er Garborgheimen p\u00e5 Garborg, Knudaheio ved Undheim, Labr\u00e5ten i Asker og Kolbotn p\u00e5 Tynset.<\/p>\n\n\n\n<p>Du kan lesa meir om Garborgheimen <a href=\"https:\/\/www.jaermuseet.no\/garborgheimen\/om-garborgheimen\/\">her<\/a>. Arkivverket har skrive om <a href=\"https:\/\/www.arkivverket.no\/utforsk-arkivene\/kulturarvaret-2018\/jaerhuset-som-litteratur-og-kultur\" target=\"_blank\" rel=\"noreferrer noopener\">J\u00e6rhuset som litteratur og kultur.<\/a><\/p>\n\n\n\n<p>Du kan lesa om Knudaheio <a href=\"https:\/\/www.jaermuseet.no\/knudaheio\/om-knudaheio\/\">her<\/a>.<\/p>\n\n\n\n<p>Labr\u00e5ten kan du lesa om hos <a href=\"https:\/\/mia.no\/askermuseum\/labraten\" target=\"_blank\" rel=\"noreferrer noopener\">Asker Museum<\/a> eller p\u00e5 <a href=\"https:\/\/no.wikipedia.org\/wiki\/Labr%C3%A5ten\" target=\"_blank\" rel=\"noreferrer noopener\">Wikipedia<\/a>.<\/p>\n\n\n\n<p>Redaksjonsbygget Fedraheimsstova kan du lesa om hos <a href=\"https:\/\/museainordosterdalen.no\/tynset-bygdetun-museumsparken\" target=\"_blank\" rel=\"noreferrer noopener\">Musea i Nord-\u00d8sterdalen<\/a>.<\/p>\n\n\n\n<p><\/p>\n\n\n\n<p><\/p>\n","protected":false},"excerpt":{"rendered":"<p>P\u00e5 denne sida f\u00e5r du lenker og andre ressursar som&#8230;<\/p>\n","protected":false},"author":17,"featured_media":0,"parent":0,"menu_order":0,"comment_status":"closed","ping_status":"closed","template":"","meta":{"_acf_changed":false,"footnotes":""},"class_list":["post-8988","page","type-page","status-publish","hentry","featured-image-size-large"],"acf":[],"yoast_head":"<!-- This site is optimized with the Yoast SEO plugin v27.3 - https:\/\/yoast.com\/product\/yoast-seo-wordpress\/ -->\n<title>L\u00e6r meir - Garborgsenteret<\/title>\n<meta name=\"robots\" content=\"index, follow, max-snippet:-1, max-image-preview:large, max-video-preview:-1\" \/>\n<link rel=\"canonical\" href=\"https:\/\/www.jaermuseet.no\/garborgsenteret\/laer-meir\/\" \/>\n<meta property=\"og:locale\" content=\"nn_NO\" \/>\n<meta property=\"og:type\" content=\"article\" \/>\n<meta property=\"og:title\" content=\"L\u00e6r meir - Garborgsenteret\" \/>\n<meta property=\"og:description\" content=\"P\u00e5 denne sida f\u00e5r du lenker og andre ressursar som...\" \/>\n<meta property=\"og:url\" content=\"https:\/\/www.jaermuseet.no\/garborgsenteret\/laer-meir\/\" \/>\n<meta property=\"og:site_name\" content=\"Garborgsenteret\" \/>\n<meta property=\"article:modified_time\" content=\"2023-03-16T12:56:31+00:00\" \/>\n<meta name=\"twitter:card\" content=\"summary_large_image\" \/>\n<meta name=\"twitter:label1\" content=\"Est. reading time\" \/>\n\t<meta name=\"twitter:data1\" content=\"4 minutt\" \/>\n<script type=\"application\/ld+json\" class=\"yoast-schema-graph\">{\"@context\":\"https:\\\/\\\/schema.org\",\"@graph\":[{\"@type\":\"WebPage\",\"@id\":\"https:\\\/\\\/www.jaermuseet.no\\\/garborgsenteret\\\/laer-meir\\\/\",\"url\":\"https:\\\/\\\/www.jaermuseet.no\\\/garborgsenteret\\\/laer-meir\\\/\",\"name\":\"L\u00e6r meir - Garborgsenteret\",\"isPartOf\":{\"@id\":\"https:\\\/\\\/www.jaermuseet.no\\\/garborgsenteret\\\/#website\"},\"datePublished\":\"2022-02-04T14:12:11+00:00\",\"dateModified\":\"2023-03-16T12:56:31+00:00\",\"breadcrumb\":{\"@id\":\"https:\\\/\\\/www.jaermuseet.no\\\/garborgsenteret\\\/laer-meir\\\/#breadcrumb\"},\"inLanguage\":\"nn-NO\",\"potentialAction\":[{\"@type\":\"ReadAction\",\"target\":[\"https:\\\/\\\/www.jaermuseet.no\\\/garborgsenteret\\\/laer-meir\\\/\"]}]},{\"@type\":\"BreadcrumbList\",\"@id\":\"https:\\\/\\\/www.jaermuseet.no\\\/garborgsenteret\\\/laer-meir\\\/#breadcrumb\",\"itemListElement\":[{\"@type\":\"ListItem\",\"position\":1,\"name\":\"Hjem\",\"item\":\"https:\\\/\\\/www.jaermuseet.no\\\/garborgsenteret\\\/\"},{\"@type\":\"ListItem\",\"position\":2,\"name\":\"L\u00e6r meir\"}]},{\"@type\":\"WebSite\",\"@id\":\"https:\\\/\\\/www.jaermuseet.no\\\/garborgsenteret\\\/#website\",\"url\":\"https:\\\/\\\/www.jaermuseet.no\\\/garborgsenteret\\\/\",\"name\":\"Garborgsenteret\",\"description\":\"A national arena to promote the interest for authors Arne and Hulda Garborg\",\"potentialAction\":[{\"@type\":\"SearchAction\",\"target\":{\"@type\":\"EntryPoint\",\"urlTemplate\":\"https:\\\/\\\/www.jaermuseet.no\\\/garborgsenteret\\\/?s={search_term_string}\"},\"query-input\":{\"@type\":\"PropertyValueSpecification\",\"valueRequired\":true,\"valueName\":\"search_term_string\"}}],\"inLanguage\":\"nn-NO\"}]}<\/script>\n<!-- \/ Yoast SEO plugin. -->","yoast_head_json":{"title":"L\u00e6r meir - Garborgsenteret","robots":{"index":"index","follow":"follow","max-snippet":"max-snippet:-1","max-image-preview":"max-image-preview:large","max-video-preview":"max-video-preview:-1"},"canonical":"https:\/\/www.jaermuseet.no\/garborgsenteret\/laer-meir\/","og_locale":"nn_NO","og_type":"article","og_title":"L\u00e6r meir - Garborgsenteret","og_description":"P\u00e5 denne sida f\u00e5r du lenker og andre ressursar som...","og_url":"https:\/\/www.jaermuseet.no\/garborgsenteret\/laer-meir\/","og_site_name":"Garborgsenteret","article_modified_time":"2023-03-16T12:56:31+00:00","twitter_card":"summary_large_image","twitter_misc":{"Est. reading time":"4 minutt"},"schema":{"@context":"https:\/\/schema.org","@graph":[{"@type":"WebPage","@id":"https:\/\/www.jaermuseet.no\/garborgsenteret\/laer-meir\/","url":"https:\/\/www.jaermuseet.no\/garborgsenteret\/laer-meir\/","name":"L\u00e6r meir - Garborgsenteret","isPartOf":{"@id":"https:\/\/www.jaermuseet.no\/garborgsenteret\/#website"},"datePublished":"2022-02-04T14:12:11+00:00","dateModified":"2023-03-16T12:56:31+00:00","breadcrumb":{"@id":"https:\/\/www.jaermuseet.no\/garborgsenteret\/laer-meir\/#breadcrumb"},"inLanguage":"nn-NO","potentialAction":[{"@type":"ReadAction","target":["https:\/\/www.jaermuseet.no\/garborgsenteret\/laer-meir\/"]}]},{"@type":"BreadcrumbList","@id":"https:\/\/www.jaermuseet.no\/garborgsenteret\/laer-meir\/#breadcrumb","itemListElement":[{"@type":"ListItem","position":1,"name":"Hjem","item":"https:\/\/www.jaermuseet.no\/garborgsenteret\/"},{"@type":"ListItem","position":2,"name":"L\u00e6r meir"}]},{"@type":"WebSite","@id":"https:\/\/www.jaermuseet.no\/garborgsenteret\/#website","url":"https:\/\/www.jaermuseet.no\/garborgsenteret\/","name":"Garborgsenteret","description":"A national arena to promote the interest for authors Arne and Hulda Garborg","potentialAction":[{"@type":"SearchAction","target":{"@type":"EntryPoint","urlTemplate":"https:\/\/www.jaermuseet.no\/garborgsenteret\/?s={search_term_string}"},"query-input":{"@type":"PropertyValueSpecification","valueRequired":true,"valueName":"search_term_string"}}],"inLanguage":"nn-NO"}]}},"jetpack_sharing_enabled":true,"_links":{"self":[{"href":"https:\/\/www.jaermuseet.no\/garborgsenteret\/wp-json\/wp\/v2\/pages\/8988","targetHints":{"allow":["GET"]}}],"collection":[{"href":"https:\/\/www.jaermuseet.no\/garborgsenteret\/wp-json\/wp\/v2\/pages"}],"about":[{"href":"https:\/\/www.jaermuseet.no\/garborgsenteret\/wp-json\/wp\/v2\/types\/page"}],"author":[{"embeddable":true,"href":"https:\/\/www.jaermuseet.no\/garborgsenteret\/wp-json\/wp\/v2\/users\/17"}],"replies":[{"embeddable":true,"href":"https:\/\/www.jaermuseet.no\/garborgsenteret\/wp-json\/wp\/v2\/comments?post=8988"}],"version-history":[{"count":81,"href":"https:\/\/www.jaermuseet.no\/garborgsenteret\/wp-json\/wp\/v2\/pages\/8988\/revisions"}],"predecessor-version":[{"id":11597,"href":"https:\/\/www.jaermuseet.no\/garborgsenteret\/wp-json\/wp\/v2\/pages\/8988\/revisions\/11597"}],"wp:attachment":[{"href":"https:\/\/www.jaermuseet.no\/garborgsenteret\/wp-json\/wp\/v2\/media?parent=8988"}],"curies":[{"name":"wp","href":"https:\/\/api.w.org\/{rel}","templated":true}]}}