{"id":369,"date":"2012-03-23T06:47:08","date_gmt":"2012-03-23T05:47:08","guid":{"rendered":"https:\/\/www.jaermuseet.no\/garborgsenteret\/spelet-strid\/"},"modified":"2012-03-23T06:47:08","modified_gmt":"2012-03-23T05:47:08","slug":"spelet-strid","status":"publish","type":"page","link":"https:\/\/www.jaermuseet.no\/garborgsenteret\/spelet-strid\/","title":{"rendered":"Spelet STRID"},"content":{"rendered":"<p>STRID er eit interaktivt spel for 6-20 deltakarar, med muligheit for fleire. Det varer i 90 minutt. Spelet skal gje deltakarane innblikk i mellom anna bruk av media, spr\u00e5k og ikkje minst deltaking i demokratiet.<br \/>Spelet passar b\u00e5de for skuleklassar og til teambuilding.     <img loading=\"lazy\" decoding=\"async\" width=\"224\" height=\"75\" style=\"margin-bottom: 10px;margin-right: 10px\" alt=\"STRID\" src=\"https:\/\/www.jaermuseet.no\/wp-content\/uploads\/sites\/2\/2012\/03\/strid_logoWeb2.jpg\" \/><span style=\"color: #000000\"><strong><br \/><\/strong><\/span>Deltakarane vert inndelt i fire lag, og f\u00e5r som oppdrag \u00e5 finna ei l\u00f8ysing p\u00e5 ein s\u00e6rs tilspissa spr\u00e5kstrid.<\/p>\n<p><img loading=\"lazy\" decoding=\"async\" width=\"139\" height=\"217\" style=\"margin-bottom: 10px;margin-right: 10px\" alt=\"Fedraheimen\" src=\"https:\/\/www.jaermuseet.no\/wp-content\/uploads\/sites\/2\/2012\/03\/FedraheimenWeb.jpg\" \/><img loading=\"lazy\" decoding=\"async\" width=\"133\" height=\"218\" style=\"margin-bottom: 10px;margin-right: 10px\" alt=\"Diversity\" src=\"https:\/\/www.jaermuseet.no\/wp-content\/uploads\/sites\/2\/2012\/03\/DiversityWeb.jpg\" \/> <img loading=\"lazy\" decoding=\"async\" width=\"131\" height=\"219\" style=\"margin-bottom: 10px;margin-right: 10px\" alt=\"Future Forward\" src=\"https:\/\/www.jaermuseet.no\/wp-content\/uploads\/sites\/2\/2012\/03\/FutureforwardWeb.jpg\" \/><img loading=\"lazy\" decoding=\"async\" width=\"130\" height=\"219\" style=\"margin-bottom: 10px\" alt=\"Yggdrasil\" src=\"https:\/\/www.jaermuseet.no\/wp-content\/uploads\/sites\/2\/2012\/03\/YggdrasilWeb.jpg\" \/><\/p>\n<p>I Heimland har dei aller fleste selskapa i privat n\u00e6ringsliv for lengst g\u00e5tt over til \u00e5 berre nytta engelsk som arbeidsspr\u00e5k. Fleire av TV-kanalane har kutta det nasjonale spr\u00e5ket i sine sendingar. Styresmaktene foresl\u00e5r no \u00e5 innf\u00f8ra engelsk som offisielt hovudspr\u00e5k. Utviklinga har skjedd over lang tid, men no kan spr\u00e5kendringa bli lovfesta.<\/p>\n<p>Spelet startar idet det er kort tid igjen til folkeavstemminga. Gruppene sin kanal for \u00e5 f\u00e5 fram sine argument er nettavisa &#8220;Den 17de Mai&#8221;, kor dei publiserer sine synspunkt gjennom korte, eogenproduserte slagord og artiklar. Gruppestasjonane i redaksjonen vil vera gruppa sitt kontor, kor dei kan senda og ta imot e-postar, s\u00f8ka i artiklar, nytta sosiale media og telefonar.<\/p>\n<p><img loading=\"lazy\" decoding=\"async\" width=\"393\" height=\"336\" style=\"border: thin solid #dd0404;margin-right: 10px;margin-bottom: 10px;float: left\" alt=\"SmilBearbeiddWeb\" src=\"https:\/\/www.jaermuseet.no\/wp-content\/uploads\/sites\/2\/2012\/03\/SmilBearbeiddWeb.jpg\" \/>Ein interaktiv guide viser gruppene veg gjennom oppdraga, via video p\u00e5 skjerm. Undervegs m\u00e5 dei l\u00f8ysa oppg\u00e5ver. Oppg\u00e5vene vil gjennomg\u00e5ande utfordra deltakarane til \u00e5 meina noko sj\u00f8lve og til \u00e5 formulera tankane sine.<\/p>\n<p>Utover i spelet opplever deltakarane at konflikten stikk djupare enn berre spr\u00e5ket. Dei vil sj\u00e5 at geopolitiske, \u00f8konomiske og sosiale endringar ligg bak. Situasjonen eskalerer og aksjonane tilspissar seg. Etterkvart oppst\u00e5r situasjonar som tek inn tema som identitet, likestilling, demokrati, rettferd og kultur. Det er dette rollespelet i hovudsak dreier seg om vidare. STRID tek inn alle desse temaa.<\/p>\n<p><strong><span style=\"font-size: 8pt\">For bestilling eller sp\u00f8rsm\u00e5l, kontakt <a href=\"mailto:skule@garborg.no\">garborg@jaermuseet.no<\/a>. Skule\u00e5ret 2013\/2014 varSTRID ein del av den kulturelle skulesekken for vidareg\u00e5ande skular i Rogaland, les meir <a href=\"anlegga-vare\/garborgsenteret\/for-skular\/725-den-kulturelle-skulesekken\">her<\/a>.<\/p>\n<p><\/span><\/strong><strong><span style=\"font-size: 8pt\"><br \/><\/span><\/strong><\/p>\n<p><strong><span style=\"font-size: 8pt\"><\/span><\/strong><img loading=\"lazy\" decoding=\"async\" width=\"642\" height=\"360\" style=\"margin-right: 10px;margin-bottom: 10px\" alt=\"Den 17de Mai 3krymp\" src=\"https:\/\/www.jaermuseet.no\/wp-content\/uploads\/sites\/2\/2012\/03\/Den_17de_Mai_3krymp.jpg\" \/> <\/p>\n<hr \/>\n<p><span style=\"font-size: 8pt\">&#8220;Elevene (&#8230;) brukte interaktive ressurser for \u00e5 l\u00f8se oppgavene, men viktigst av alt var \u00e5 samle gode, begrunnede argumenter for sitt syn for s\u00e5 \u00e5 overg\u00e5 motpartens argumentasjon. Det ble mange gode debattinnlegg fra engasjerte elever.&#8221;<br \/><em>akrehamn.vgs.no<\/em>, 19.05.14<\/span><span style=\"font-size: 8pt\"><br \/><\/span><\/p>\n<p><span style=\"font-size: 8pt\">&#8220;Perlen i utstillingen er spillet <em>Strid<\/em>. (&#8230;) M\u00e5let er \u00e5 vinne en folkeavstemming, og underveis foretas valgm\u00e5linger. Dette vekker konkurranseinstinktet. Det samme gj\u00f8r tidsknappheten. Dagen jeg er til stede deltar en lokal videreg\u00e5ende skoleklasse. Selv om karakterene ikke blir delt ut denne dagen, sitter dr\u00f8yt halvparten av elevene igjen og fortsetter utforskningen etter skoleslutt.&#8221; <br \/>Per A. D. Jynge, <em>Museumsnytt<\/em> nr. 1\/2013<\/span><\/p>\n","protected":false},"excerpt":{"rendered":"<p><span id=\"_mce_caret\"><span style=\"color: #ffff00\"><\/span><\/span>STRID er eit interaktivt spel for 6-20deltakarar.<\/p>\n","protected":false},"author":15,"featured_media":0,"parent":0,"menu_order":0,"comment_status":"open","ping_status":"open","template":"","meta":{"_acf_changed":false,"footnotes":""},"class_list":["post-369","page","type-page","status-publish","hentry"],"acf":[],"yoast_head":"<!-- This site is optimized with the Yoast SEO plugin v27.4 - https:\/\/yoast.com\/product\/yoast-seo-wordpress\/ -->\n<title>Spelet STRID - Garborgsenteret<\/title>\n<meta name=\"robots\" content=\"index, follow, max-snippet:-1, max-image-preview:large, max-video-preview:-1\" \/>\n<link rel=\"canonical\" href=\"https:\/\/www.jaermuseet.no\/garborgsenteret\/spelet-strid\/\" \/>\n<meta property=\"og:locale\" content=\"nn_NO\" \/>\n<meta property=\"og:type\" content=\"article\" \/>\n<meta property=\"og:title\" content=\"Spelet STRID - Garborgsenteret\" \/>\n<meta property=\"og:description\" content=\"STRID er eit interaktivt spel for 6-20deltakarar.\" \/>\n<meta property=\"og:url\" content=\"https:\/\/www.jaermuseet.no\/garborgsenteret\/spelet-strid\/\" \/>\n<meta property=\"og:site_name\" content=\"Garborgsenteret\" \/>\n<meta property=\"og:image\" content=\"https:\/\/www.jaermuseet.no\/wp-content\/uploads\/sites\/2\/2012\/03\/strid_logoWeb2.jpg\" \/>\n<meta name=\"twitter:card\" content=\"summary_large_image\" \/>\n<meta name=\"twitter:label1\" content=\"Est. reading time\" \/>\n\t<meta name=\"twitter:data1\" content=\"2 minutt\" \/>\n<script type=\"application\/ld+json\" class=\"yoast-schema-graph\">{\"@context\":\"https:\\\/\\\/schema.org\",\"@graph\":[{\"@type\":\"WebPage\",\"@id\":\"https:\\\/\\\/www.jaermuseet.no\\\/garborgsenteret\\\/spelet-strid\\\/\",\"url\":\"https:\\\/\\\/www.jaermuseet.no\\\/garborgsenteret\\\/spelet-strid\\\/\",\"name\":\"Spelet STRID - Garborgsenteret\",\"isPartOf\":{\"@id\":\"https:\\\/\\\/www.jaermuseet.no\\\/garborgsenteret\\\/#website\"},\"primaryImageOfPage\":{\"@id\":\"https:\\\/\\\/www.jaermuseet.no\\\/garborgsenteret\\\/spelet-strid\\\/#primaryimage\"},\"image\":{\"@id\":\"https:\\\/\\\/www.jaermuseet.no\\\/garborgsenteret\\\/spelet-strid\\\/#primaryimage\"},\"thumbnailUrl\":\"https:\\\/\\\/www.jaermuseet.no\\\/wp-content\\\/uploads\\\/sites\\\/2\\\/2012\\\/03\\\/strid_logoWeb2.jpg\",\"datePublished\":\"2012-03-23T05:47:08+00:00\",\"breadcrumb\":{\"@id\":\"https:\\\/\\\/www.jaermuseet.no\\\/garborgsenteret\\\/spelet-strid\\\/#breadcrumb\"},\"inLanguage\":\"nn-NO\",\"potentialAction\":[{\"@type\":\"ReadAction\",\"target\":[\"https:\\\/\\\/www.jaermuseet.no\\\/garborgsenteret\\\/spelet-strid\\\/\"]}]},{\"@type\":\"ImageObject\",\"inLanguage\":\"nn-NO\",\"@id\":\"https:\\\/\\\/www.jaermuseet.no\\\/garborgsenteret\\\/spelet-strid\\\/#primaryimage\",\"url\":\"https:\\\/\\\/www.jaermuseet.no\\\/wp-content\\\/uploads\\\/sites\\\/2\\\/2012\\\/03\\\/strid_logoWeb2.jpg\",\"contentUrl\":\"https:\\\/\\\/www.jaermuseet.no\\\/wp-content\\\/uploads\\\/sites\\\/2\\\/2012\\\/03\\\/strid_logoWeb2.jpg\"},{\"@type\":\"BreadcrumbList\",\"@id\":\"https:\\\/\\\/www.jaermuseet.no\\\/garborgsenteret\\\/spelet-strid\\\/#breadcrumb\",\"itemListElement\":[{\"@type\":\"ListItem\",\"position\":1,\"name\":\"Hjem\",\"item\":\"https:\\\/\\\/www.jaermuseet.no\\\/garborgsenteret\\\/\"},{\"@type\":\"ListItem\",\"position\":2,\"name\":\"Spelet STRID\"}]},{\"@type\":\"WebSite\",\"@id\":\"https:\\\/\\\/www.jaermuseet.no\\\/garborgsenteret\\\/#website\",\"url\":\"https:\\\/\\\/www.jaermuseet.no\\\/garborgsenteret\\\/\",\"name\":\"Garborgsenteret\",\"description\":\"A national arena to promote the interest for authors Arne and Hulda Garborg\",\"potentialAction\":[{\"@type\":\"SearchAction\",\"target\":{\"@type\":\"EntryPoint\",\"urlTemplate\":\"https:\\\/\\\/www.jaermuseet.no\\\/garborgsenteret\\\/?s={search_term_string}\"},\"query-input\":{\"@type\":\"PropertyValueSpecification\",\"valueRequired\":true,\"valueName\":\"search_term_string\"}}],\"inLanguage\":\"nn-NO\"}]}<\/script>\n<!-- \/ Yoast SEO plugin. -->","yoast_head_json":{"title":"Spelet STRID - Garborgsenteret","robots":{"index":"index","follow":"follow","max-snippet":"max-snippet:-1","max-image-preview":"max-image-preview:large","max-video-preview":"max-video-preview:-1"},"canonical":"https:\/\/www.jaermuseet.no\/garborgsenteret\/spelet-strid\/","og_locale":"nn_NO","og_type":"article","og_title":"Spelet STRID - Garborgsenteret","og_description":"STRID er eit interaktivt spel for 6-20deltakarar.","og_url":"https:\/\/www.jaermuseet.no\/garborgsenteret\/spelet-strid\/","og_site_name":"Garborgsenteret","og_image":[{"url":"https:\/\/www.jaermuseet.no\/wp-content\/uploads\/sites\/2\/2012\/03\/strid_logoWeb2.jpg","type":"","width":"","height":""}],"twitter_card":"summary_large_image","twitter_misc":{"Est. reading time":"2 minutt"},"schema":{"@context":"https:\/\/schema.org","@graph":[{"@type":"WebPage","@id":"https:\/\/www.jaermuseet.no\/garborgsenteret\/spelet-strid\/","url":"https:\/\/www.jaermuseet.no\/garborgsenteret\/spelet-strid\/","name":"Spelet STRID - Garborgsenteret","isPartOf":{"@id":"https:\/\/www.jaermuseet.no\/garborgsenteret\/#website"},"primaryImageOfPage":{"@id":"https:\/\/www.jaermuseet.no\/garborgsenteret\/spelet-strid\/#primaryimage"},"image":{"@id":"https:\/\/www.jaermuseet.no\/garborgsenteret\/spelet-strid\/#primaryimage"},"thumbnailUrl":"https:\/\/www.jaermuseet.no\/wp-content\/uploads\/sites\/2\/2012\/03\/strid_logoWeb2.jpg","datePublished":"2012-03-23T05:47:08+00:00","breadcrumb":{"@id":"https:\/\/www.jaermuseet.no\/garborgsenteret\/spelet-strid\/#breadcrumb"},"inLanguage":"nn-NO","potentialAction":[{"@type":"ReadAction","target":["https:\/\/www.jaermuseet.no\/garborgsenteret\/spelet-strid\/"]}]},{"@type":"ImageObject","inLanguage":"nn-NO","@id":"https:\/\/www.jaermuseet.no\/garborgsenteret\/spelet-strid\/#primaryimage","url":"https:\/\/www.jaermuseet.no\/wp-content\/uploads\/sites\/2\/2012\/03\/strid_logoWeb2.jpg","contentUrl":"https:\/\/www.jaermuseet.no\/wp-content\/uploads\/sites\/2\/2012\/03\/strid_logoWeb2.jpg"},{"@type":"BreadcrumbList","@id":"https:\/\/www.jaermuseet.no\/garborgsenteret\/spelet-strid\/#breadcrumb","itemListElement":[{"@type":"ListItem","position":1,"name":"Hjem","item":"https:\/\/www.jaermuseet.no\/garborgsenteret\/"},{"@type":"ListItem","position":2,"name":"Spelet STRID"}]},{"@type":"WebSite","@id":"https:\/\/www.jaermuseet.no\/garborgsenteret\/#website","url":"https:\/\/www.jaermuseet.no\/garborgsenteret\/","name":"Garborgsenteret","description":"A national arena to promote the interest for authors Arne and Hulda Garborg","potentialAction":[{"@type":"SearchAction","target":{"@type":"EntryPoint","urlTemplate":"https:\/\/www.jaermuseet.no\/garborgsenteret\/?s={search_term_string}"},"query-input":{"@type":"PropertyValueSpecification","valueRequired":true,"valueName":"search_term_string"}}],"inLanguage":"nn-NO"}]}},"jetpack_sharing_enabled":true,"_links":{"self":[{"href":"https:\/\/www.jaermuseet.no\/garborgsenteret\/wp-json\/wp\/v2\/pages\/369","targetHints":{"allow":["GET"]}}],"collection":[{"href":"https:\/\/www.jaermuseet.no\/garborgsenteret\/wp-json\/wp\/v2\/pages"}],"about":[{"href":"https:\/\/www.jaermuseet.no\/garborgsenteret\/wp-json\/wp\/v2\/types\/page"}],"author":[{"embeddable":true,"href":"https:\/\/www.jaermuseet.no\/garborgsenteret\/wp-json\/wp\/v2\/users\/15"}],"replies":[{"embeddable":true,"href":"https:\/\/www.jaermuseet.no\/garborgsenteret\/wp-json\/wp\/v2\/comments?post=369"}],"version-history":[{"count":0,"href":"https:\/\/www.jaermuseet.no\/garborgsenteret\/wp-json\/wp\/v2\/pages\/369\/revisions"}],"wp:attachment":[{"href":"https:\/\/www.jaermuseet.no\/garborgsenteret\/wp-json\/wp\/v2\/media?parent=369"}],"curies":[{"name":"wp","href":"https:\/\/api.w.org\/{rel}","templated":true}]}}