{"id":368,"date":"2012-03-23T06:36:17","date_gmt":"2012-03-23T05:36:17","guid":{"rendered":"https:\/\/www.jaermuseet.no\/garborgsenteret\/garborgs-galningar\/"},"modified":"2022-01-21T21:30:58","modified_gmt":"2022-01-21T19:30:58","slug":"garborgs-galningar","status":"publish","type":"page","link":"https:\/\/www.jaermuseet.no\/garborgsenteret\/garborgs-galningar\/","title":{"rendered":"Garborgs galningar"},"content":{"rendered":"<p><a href=\"https:\/\/www.jaermuseet.no\/garborgsenteret\/wp-content\/uploads\/sites\/2\/2012\/03\/AvGonzoJohnsen1.jpg\"><img loading=\"lazy\" decoding=\"async\" class=\"alignleft wp-image-542\" src=\"https:\/\/www.jaermuseet.no\/garborgsenteret\/wp-content\/uploads\/sites\/2\/2012\/03\/AvGonzoJohnsen1-225x300.jpg\" alt=\"AvGonzoJohnsen.jpg\" width=\"250\" height=\"333\" srcset=\"https:\/\/www.jaermuseet.no\/garborgsenteret\/wp-content\/uploads\/sites\/2\/2012\/03\/AvGonzoJohnsen1.jpg 225w, https:\/\/www.jaermuseet.no\/garborgsenteret\/wp-content\/uploads\/sites\/2\/2012\/03\/AvGonzoJohnsen1-113x150.jpg 113w\" sizes=\"auto, (max-width: 250px) 100vw, 250px\" \/><\/a><strong>Garborgs galningar av Gonzo Johnsen (sesong 1, 2012)<\/strong><br \/>\n&#8220;Den dagen Arne Garborg veks inn i himmelen, skal den nye Garborg koma.&#8221; Dette er ein&nbsp;sp\u00e5dom Garborgsenterets formidlar og hans kumpan, den dominerande norskfagsfanatikaren John Fossmark, likar&nbsp;d\u00e5rleg. Dei fryktar at den nye Garborg skal overskugga den gamle.<\/p>\n<p>Garborg-jegerane bestemmer seg for \u00e5 identifisera den nye Garborg og uskadeleggjera han. Jakta tek dei fr\u00e5 Garborg-monument til Garborg-monument. Undervegs m\u00f8ter dei forfattarar, Torvald Tu-tilhengarar og politimenn som er gysla gode til \u00e5 setta krokfot. <a href=\"\/garborgsenteret\/kategori\/garborgs-galningar\/\">Les!<\/a><\/p>\n<p>&nbsp;<\/p>\n<hr>\n<p><a href=\"https:\/\/www.jaermuseet.no\/garborgsenteret\/wp-content\/uploads\/sites\/2\/2012\/03\/DiktarhjuletKolonne1.jpg\"><img loading=\"lazy\" decoding=\"async\" class=\"alignleft wp-image-543\" src=\"https:\/\/www.jaermuseet.no\/garborgsenteret\/wp-content\/uploads\/sites\/2\/2012\/03\/DiktarhjuletKolonne1-234x300.jpg\" alt=\"DiktarhjuletKolonne.jpg\" width=\"255\" height=\"327\" srcset=\"https:\/\/www.jaermuseet.no\/garborgsenteret\/wp-content\/uploads\/sites\/2\/2012\/03\/DiktarhjuletKolonne1.jpg 234w, https:\/\/www.jaermuseet.no\/garborgsenteret\/wp-content\/uploads\/sites\/2\/2012\/03\/DiktarhjuletKolonne1-117x150.jpg 117w\" sizes=\"auto, (max-width: 255px) 100vw, 255px\" \/><\/a><\/p>\n<p><strong>Garborgs galningar og diktarhjulet (sesong 2, 2013)<\/strong><br \/>\nMannen bak Garborgsenterets namngjetne installasjonar, den geniale&nbsp;oppfinnaren Vilhelm Skj\u00e6rpe, forsvinn fr\u00e5 TV-t\u00f8nna. Poet og litteraturdetektiv Helge Torvund tek saka og opps\u00f8ker&nbsp;Garborg-eksperten John Fossmark,&nbsp;for tida&nbsp;innesperra i \u00c5na fengsel&nbsp;for ugjerningane&nbsp;i &#8220;Garborgs galningar av Gonzo Johnsen&#8221;.<\/p>\n<p>Saman&nbsp;kjem dei&nbsp;p\u00e5 sporet av&nbsp;l\u00f8yndommen bak heile den vestlege visdommen, med ulne tr\u00e5dar til ein hemmeleg brorskap&nbsp;av&nbsp;diktarfilosofar. <a href=\"\/garborgsenteret\/kategori\/garborgs-galningar-og-diktarhjulet\/\">Les!<\/a><\/p>\n<p>&nbsp;<\/p>\n<hr>\n<h6><\/h6>\n<p><strong><a href=\"https:\/\/www.jaermuseet.no\/garborgsenteret\/garborgs-galningar\/riksmalsplakatwp\/\" rel=\"attachment wp-att-4556\"><img loading=\"lazy\" decoding=\"async\" class=\"alignleft wp-image-4556 size-medium\" src=\"https:\/\/www.jaermuseet.no\/garborgsenteret\/wp-content\/uploads\/sites\/2\/2016\/11\/Riksm\u00e5lsplakatWp-208x300.jpg\" width=\"208\" height=\"300\" srcset=\"https:\/\/www.jaermuseet.no\/garborgsenteret\/wp-content\/uploads\/sites\/2\/2016\/11\/Riksm\u00e5lsplakatWp-208x300.jpg 208w, https:\/\/www.jaermuseet.no\/garborgsenteret\/wp-content\/uploads\/sites\/2\/2016\/11\/Riksm\u00e5lsplakatWp-709x1024.jpg 709w, https:\/\/www.jaermuseet.no\/garborgsenteret\/wp-content\/uploads\/sites\/2\/2016\/11\/Riksm\u00e5lsplakatWp-250x361.jpg 250w\" sizes=\"auto, (max-width: 208px) 100vw, 208px\" \/><\/a>Garborgs galningar m\u00f8ter Riksm\u00e5lsforbundet (sesong 3, 2016)<br \/>\n<\/strong>Det&nbsp;n\u00e6rmar seg jul&nbsp;og p\u00e5 J\u00e6ren er alt som vanleg.&nbsp;Folk vassar i&nbsp;sn\u00f8,&nbsp;alle er lukkelege&nbsp;og dei gler seg til \u00e5 handla juleg\u00e5ver. S\u00e5 begynner sn\u00f8en \u00e5&nbsp;smelta, menneska skrik og dei hiv&nbsp;g\u00e5vene&nbsp;ifr\u00e5 seg.&nbsp;Kvifor? Jammen, det veit vel ikkje me! Det er jo difor eit par litteraturspionar og ein bokm\u00e5lsutdrivar blir sett p\u00e5 saka.&nbsp;Og s\u00e5 norsklektoren John Fossmark d\u00e5, men&nbsp;det er ikkje sikkert at d\u00e9t er&nbsp;s\u00e5&nbsp;lurt.<\/p>\n<p>Dette er den&nbsp;tredje sesongen av krimkomedien Garborgs galningar, men kan lesast uavhengig av dei&nbsp;to andre. <a href=\"https:\/\/www.jaermuseet.no\/garborgsenteret\/kategori\/garborgs-galningar-moter-riksmalsforbundet\/\">Les!<\/a><\/p>\n<p>&nbsp;<\/p>\n<hr>\n<h6><em>Garborgs galningar<\/em> er samansett tekst spesiallaga for Internett&nbsp;(digital litteratur). Handlinga&nbsp;foreg\u00e5r i og rundt Garborgsenteret,&nbsp;eit samfunn&nbsp;av kjende og ukjende som spelar seg sj\u00f8lv.<\/h6>\n<h6>&#8220;Garborgs galningar av Gonzo Johnsen&#8221; vart opprinneleg publisert&nbsp;under tittelen&nbsp;<em>Garborgs galningar<\/em> i samband med den offiselle opninga av Garborgsenteret,&nbsp;seinsommaren 2012. I mars 2013 kom &#8220;Garborgs galningar og diktarhjulet&#8221;. f\u00f8rst lansert som p\u00e5skekrim.&nbsp; &#8220;Garborgs galningar m\u00f8ter Riksm\u00e5lsforbundet&#8221;&nbsp;gjekk som julekalender i&nbsp;2016.&nbsp;Forfattar er \u00d8rjan Zazzera&nbsp;Johansen.<\/h6>\n","protected":false},"excerpt":{"rendered":"<p>Garborgs galningar av Gonzo Johnsen (sesong 1, 2012) &#8220;Den dagen&#8230;<\/p>\n","protected":false},"author":15,"featured_media":0,"parent":0,"menu_order":0,"comment_status":"open","ping_status":"open","template":"","meta":{"_acf_changed":false,"footnotes":""},"class_list":["post-368","page","type-page","status-publish","hentry","featured-image-size-large"],"acf":[],"yoast_head":"<!-- This site is optimized with the Yoast SEO plugin v27.4 - https:\/\/yoast.com\/product\/yoast-seo-wordpress\/ -->\n<title>Garborgs galningar - Garborgsenteret<\/title>\n<meta name=\"robots\" content=\"index, follow, max-snippet:-1, max-image-preview:large, max-video-preview:-1\" \/>\n<link rel=\"canonical\" href=\"https:\/\/www.jaermuseet.no\/garborgsenteret\/garborgs-galningar\/\" \/>\n<meta property=\"og:locale\" content=\"nn_NO\" \/>\n<meta property=\"og:type\" content=\"article\" \/>\n<meta property=\"og:title\" content=\"Garborgs galningar - Garborgsenteret\" \/>\n<meta property=\"og:description\" content=\"Garborgs galningar av Gonzo Johnsen (sesong 1, 2012) &#8220;Den dagen...\" \/>\n<meta property=\"og:url\" content=\"https:\/\/www.jaermuseet.no\/garborgsenteret\/garborgs-galningar\/\" \/>\n<meta property=\"og:site_name\" content=\"Garborgsenteret\" \/>\n<meta property=\"article:modified_time\" content=\"2022-01-21T19:30:58+00:00\" \/>\n<meta property=\"og:image\" content=\"https:\/\/www.jaermuseet.no\/garborgsenteret\/wp-content\/uploads\/sites\/2\/2012\/03\/AvGonzoJohnsen1-225x300.jpg\" \/>\n<meta name=\"twitter:card\" content=\"summary_large_image\" \/>\n<meta name=\"twitter:label1\" content=\"Est. reading time\" \/>\n\t<meta name=\"twitter:data1\" content=\"3 minutt\" \/>\n<script type=\"application\/ld+json\" class=\"yoast-schema-graph\">{\"@context\":\"https:\\\/\\\/schema.org\",\"@graph\":[{\"@type\":\"WebPage\",\"@id\":\"https:\\\/\\\/www.jaermuseet.no\\\/garborgsenteret\\\/garborgs-galningar\\\/\",\"url\":\"https:\\\/\\\/www.jaermuseet.no\\\/garborgsenteret\\\/garborgs-galningar\\\/\",\"name\":\"Garborgs galningar - Garborgsenteret\",\"isPartOf\":{\"@id\":\"https:\\\/\\\/www.jaermuseet.no\\\/garborgsenteret\\\/#website\"},\"primaryImageOfPage\":{\"@id\":\"https:\\\/\\\/www.jaermuseet.no\\\/garborgsenteret\\\/garborgs-galningar\\\/#primaryimage\"},\"image\":{\"@id\":\"https:\\\/\\\/www.jaermuseet.no\\\/garborgsenteret\\\/garborgs-galningar\\\/#primaryimage\"},\"thumbnailUrl\":\"https:\\\/\\\/www.jaermuseet.no\\\/garborgsenteret\\\/wp-content\\\/uploads\\\/sites\\\/2\\\/2012\\\/03\\\/AvGonzoJohnsen1-225x300.jpg\",\"datePublished\":\"2012-03-23T05:36:17+00:00\",\"dateModified\":\"2022-01-21T19:30:58+00:00\",\"breadcrumb\":{\"@id\":\"https:\\\/\\\/www.jaermuseet.no\\\/garborgsenteret\\\/garborgs-galningar\\\/#breadcrumb\"},\"inLanguage\":\"nn-NO\",\"potentialAction\":[{\"@type\":\"ReadAction\",\"target\":[\"https:\\\/\\\/www.jaermuseet.no\\\/garborgsenteret\\\/garborgs-galningar\\\/\"]}]},{\"@type\":\"ImageObject\",\"inLanguage\":\"nn-NO\",\"@id\":\"https:\\\/\\\/www.jaermuseet.no\\\/garborgsenteret\\\/garborgs-galningar\\\/#primaryimage\",\"url\":\"https:\\\/\\\/www.jaermuseet.no\\\/garborgsenteret\\\/wp-content\\\/uploads\\\/sites\\\/2\\\/2012\\\/03\\\/AvGonzoJohnsen1.jpg\",\"contentUrl\":\"https:\\\/\\\/www.jaermuseet.no\\\/garborgsenteret\\\/wp-content\\\/uploads\\\/sites\\\/2\\\/2012\\\/03\\\/AvGonzoJohnsen1.jpg\",\"width\":225,\"height\":300},{\"@type\":\"BreadcrumbList\",\"@id\":\"https:\\\/\\\/www.jaermuseet.no\\\/garborgsenteret\\\/garborgs-galningar\\\/#breadcrumb\",\"itemListElement\":[{\"@type\":\"ListItem\",\"position\":1,\"name\":\"Hjem\",\"item\":\"https:\\\/\\\/www.jaermuseet.no\\\/garborgsenteret\\\/\"},{\"@type\":\"ListItem\",\"position\":2,\"name\":\"Garborgs galningar\"}]},{\"@type\":\"WebSite\",\"@id\":\"https:\\\/\\\/www.jaermuseet.no\\\/garborgsenteret\\\/#website\",\"url\":\"https:\\\/\\\/www.jaermuseet.no\\\/garborgsenteret\\\/\",\"name\":\"Garborgsenteret\",\"description\":\"A national arena to promote the interest for authors Arne and Hulda Garborg\",\"potentialAction\":[{\"@type\":\"SearchAction\",\"target\":{\"@type\":\"EntryPoint\",\"urlTemplate\":\"https:\\\/\\\/www.jaermuseet.no\\\/garborgsenteret\\\/?s={search_term_string}\"},\"query-input\":{\"@type\":\"PropertyValueSpecification\",\"valueRequired\":true,\"valueName\":\"search_term_string\"}}],\"inLanguage\":\"nn-NO\"}]}<\/script>\n<!-- \/ Yoast SEO plugin. -->","yoast_head_json":{"title":"Garborgs galningar - Garborgsenteret","robots":{"index":"index","follow":"follow","max-snippet":"max-snippet:-1","max-image-preview":"max-image-preview:large","max-video-preview":"max-video-preview:-1"},"canonical":"https:\/\/www.jaermuseet.no\/garborgsenteret\/garborgs-galningar\/","og_locale":"nn_NO","og_type":"article","og_title":"Garborgs galningar - Garborgsenteret","og_description":"Garborgs galningar av Gonzo Johnsen (sesong 1, 2012) &#8220;Den dagen...","og_url":"https:\/\/www.jaermuseet.no\/garborgsenteret\/garborgs-galningar\/","og_site_name":"Garborgsenteret","article_modified_time":"2022-01-21T19:30:58+00:00","og_image":[{"url":"https:\/\/www.jaermuseet.no\/garborgsenteret\/wp-content\/uploads\/sites\/2\/2012\/03\/AvGonzoJohnsen1-225x300.jpg","type":"","width":"","height":""}],"twitter_card":"summary_large_image","twitter_misc":{"Est. reading time":"3 minutt"},"schema":{"@context":"https:\/\/schema.org","@graph":[{"@type":"WebPage","@id":"https:\/\/www.jaermuseet.no\/garborgsenteret\/garborgs-galningar\/","url":"https:\/\/www.jaermuseet.no\/garborgsenteret\/garborgs-galningar\/","name":"Garborgs galningar - Garborgsenteret","isPartOf":{"@id":"https:\/\/www.jaermuseet.no\/garborgsenteret\/#website"},"primaryImageOfPage":{"@id":"https:\/\/www.jaermuseet.no\/garborgsenteret\/garborgs-galningar\/#primaryimage"},"image":{"@id":"https:\/\/www.jaermuseet.no\/garborgsenteret\/garborgs-galningar\/#primaryimage"},"thumbnailUrl":"https:\/\/www.jaermuseet.no\/garborgsenteret\/wp-content\/uploads\/sites\/2\/2012\/03\/AvGonzoJohnsen1-225x300.jpg","datePublished":"2012-03-23T05:36:17+00:00","dateModified":"2022-01-21T19:30:58+00:00","breadcrumb":{"@id":"https:\/\/www.jaermuseet.no\/garborgsenteret\/garborgs-galningar\/#breadcrumb"},"inLanguage":"nn-NO","potentialAction":[{"@type":"ReadAction","target":["https:\/\/www.jaermuseet.no\/garborgsenteret\/garborgs-galningar\/"]}]},{"@type":"ImageObject","inLanguage":"nn-NO","@id":"https:\/\/www.jaermuseet.no\/garborgsenteret\/garborgs-galningar\/#primaryimage","url":"https:\/\/www.jaermuseet.no\/garborgsenteret\/wp-content\/uploads\/sites\/2\/2012\/03\/AvGonzoJohnsen1.jpg","contentUrl":"https:\/\/www.jaermuseet.no\/garborgsenteret\/wp-content\/uploads\/sites\/2\/2012\/03\/AvGonzoJohnsen1.jpg","width":225,"height":300},{"@type":"BreadcrumbList","@id":"https:\/\/www.jaermuseet.no\/garborgsenteret\/garborgs-galningar\/#breadcrumb","itemListElement":[{"@type":"ListItem","position":1,"name":"Hjem","item":"https:\/\/www.jaermuseet.no\/garborgsenteret\/"},{"@type":"ListItem","position":2,"name":"Garborgs galningar"}]},{"@type":"WebSite","@id":"https:\/\/www.jaermuseet.no\/garborgsenteret\/#website","url":"https:\/\/www.jaermuseet.no\/garborgsenteret\/","name":"Garborgsenteret","description":"A national arena to promote the interest for authors Arne and Hulda Garborg","potentialAction":[{"@type":"SearchAction","target":{"@type":"EntryPoint","urlTemplate":"https:\/\/www.jaermuseet.no\/garborgsenteret\/?s={search_term_string}"},"query-input":{"@type":"PropertyValueSpecification","valueRequired":true,"valueName":"search_term_string"}}],"inLanguage":"nn-NO"}]}},"jetpack_sharing_enabled":true,"_links":{"self":[{"href":"https:\/\/www.jaermuseet.no\/garborgsenteret\/wp-json\/wp\/v2\/pages\/368","targetHints":{"allow":["GET"]}}],"collection":[{"href":"https:\/\/www.jaermuseet.no\/garborgsenteret\/wp-json\/wp\/v2\/pages"}],"about":[{"href":"https:\/\/www.jaermuseet.no\/garborgsenteret\/wp-json\/wp\/v2\/types\/page"}],"author":[{"embeddable":true,"href":"https:\/\/www.jaermuseet.no\/garborgsenteret\/wp-json\/wp\/v2\/users\/15"}],"replies":[{"embeddable":true,"href":"https:\/\/www.jaermuseet.no\/garborgsenteret\/wp-json\/wp\/v2\/comments?post=368"}],"version-history":[{"count":75,"href":"https:\/\/www.jaermuseet.no\/garborgsenteret\/wp-json\/wp\/v2\/pages\/368\/revisions"}],"predecessor-version":[{"id":8983,"href":"https:\/\/www.jaermuseet.no\/garborgsenteret\/wp-json\/wp\/v2\/pages\/368\/revisions\/8983"}],"wp:attachment":[{"href":"https:\/\/www.jaermuseet.no\/garborgsenteret\/wp-json\/wp\/v2\/media?parent=368"}],"curies":[{"name":"wp","href":"https:\/\/api.w.org\/{rel}","templated":true}]}}