{"id":362,"date":"2012-03-09T13:13:11","date_gmt":"2012-03-09T12:13:11","guid":{"rendered":"https:\/\/www.jaermuseet.no\/garborgsenteret\/garborg-husa\/"},"modified":"2021-10-06T13:39:31","modified_gmt":"2021-10-06T11:39:31","slug":"garborg-husa","status":"publish","type":"page","link":"https:\/\/www.jaermuseet.no\/garborgsenteret\/garborg-husa\/","title":{"rendered":"Garborg-husa"},"content":{"rendered":"<p style=\"text-align: center;\"><span style=\"font-size: 12pt;\">Time kommune<\/span><\/p>\n<p><strong>Garborgheimen<\/strong> p\u00e5 Garborg i Time var Aadne (Arne) Garborg sin barndomsheim. Det er eit typisk j\u00e6rhus og vart bygd i \u00e5ra 1847\/48 av foreldra Ane Oline og Eivind Aadneson Garborg. Familien budde der fram til 1869 d\u00e5 Eivind Garborg tok sitt eige liv. D\u00e5 hadde allereie Aadne flytta ut \u2013 han reiste som 16-\u00e5ring. Innreiinga og m\u00f8blene er fr\u00e5 1850-\u00e5ra. Garborgheimen er skildra i fleire av Arne sine verk, mellom anna i <em>Bondestudentar<\/em> (1883), <em>Den burtkomne Faderen<\/em> (1899), <em>Fred<\/em> (1892), <em>Haugtussa<\/em> (1895) og <em>Knudaheibrev<\/em> (1904).<\/p>\n<p>Huset vart freda av Riksantikvaren i 1939 og overteke av Time kommune \u00e5ret etter. Fr\u00e5 1951 har Garborgheimen vore museumsbygg, og er tilgjengeleg for publikum om sommaren og elles etter avtale.<\/p>\n<p><a href=\"https:\/\/www.jaermuseet.no\/garborgheimen\/\">Les meir<\/a> om Garborgheimen.<\/p>\n<p><strong>Knudaheio<\/strong> er Arne Garborg si sommarstove ved Undheim p\u00e5 J\u00e6ren, og sto ferdig i 1899. Fr\u00e5 d\u00e5 av reiste Arne hit for \u00e5 skriva nesten kvart \u00e5r til og med 1923. Innreiing og inventar er autentisk. Dei fleste fotografia som er tekne av Arne i og utanfor huset er og utstilt inne, saman med kopiar av f\u00f8rsteutg\u00e5ver av dei fleste b\u00f8kene han skreiv, m\u00f8bler og andre eigedelar. Det biografiske verket <em>Knudaheibrev<\/em> (1904) er skrive her, og har f\u00e5tt namn etter staden.<\/p>\n<p style=\"text-align: left;\">B\u00e5de Arne og Hulda er hauglagde i hagen p\u00e5 eigedommen (til venstre p\u00e5 biletet).<\/p>\n<p style=\"text-align: left;\"><a href=\"https:\/\/www.jaermuseet.no\/knudaheio\/\">Les meir<\/a> om Knudaheio.<\/p>\n<hr \/>\n<p style=\"text-align: center;\"><span style=\"font-size: 12pt;\">Asker kommune <\/span><\/p>\n<p><strong>Labr\u00e5ten<\/strong> var opphavleg ein husmannsplass under Bruset gard, p\u00e5 Hvalstad i Asker kommune. Arne og Hulda Garborg busette seg her i 1897 og vart buande der resten av sine liv. Labr\u00e5ten var ein m\u00f8teplass for vener og \u00e5ndsfrendar av ekteparet, ein m\u00f8testad for tankar og skaping, der impulsar fr\u00e5 Europa og verda elles vart formidla og vidaref\u00f8rte. Omr\u00e5det vart ofte omtala som Kunstnerdalen. Forfattar Rasmus L\u00f8land budde ein periode i eit lite hus i hagen til Arne og Hulda, og biletkunst- og forfattarparet Tilla og Otto Valstad budde like i n\u00e6rleiken. Eit anna kallenamn p\u00e5 staden var M\u00e5lkroken, fordi m\u00e5lfolket hadde ein naturleg samlingsplass her. Dei f\u00f8rste spirene til Det Norske Teatret grodde og fram p\u00e5 Labr\u00e5ten.<\/p>\n<p style=\"text-align: left;\">Asker kommune er i dag eigar av Labr\u00e5ten, medan Asker museum \u2013 Valstads samlinger st\u00e5r for drifta. Huset er opent for omvisning.<\/p>\n<p style=\"text-align: left;\">Kjelder: Store Norske Leksikon og Asker Museum. <a href=\"http:\/\/www.akersmus.no\/askermuseum\/?mid=577\" target=\"_blank\" rel=\"noopener\">Les meir<\/a> om Labr\u00e5ten hos Asker museum.<\/p>\n<hr \/>\n<p style=\"text-align: center;\"><span style=\"font-size: 12pt;\">Tynset kommune<\/span><\/p>\n<p><strong>Kolbotnen <\/strong>er ei \u00f8sterdalsstue i Tynset, ved innsj\u00f8en Savalen, p\u00e5 grensa til Alvdal. Med hjelp fr\u00e5 sin gode venn Ivar Mortensson-Egnund kj\u00f8pte Arne Garborg tomta og bygde sommarstova si her i 1885. Dette var Arne sin f\u00f8rste eigne heim. Namnet Kolbotnen kjem av at det tidlegare hadde vore ei kolmile p\u00e5 plassen. D\u00e5 Arne og Hulda gifta seg flytta dei begge inn i Arne si stove. Tidleg \u00e5ret etter fekk dei sonen Arne Olaus Fj\u00f8rtoft Garborg (&#8220;Tuften&#8221;), og familien budde meir eller mindre fast p\u00e5 Kolbotn fram til 1896 d\u00e5 Tuften hadde n\u00e5dd skulealder. \u00c5ra p\u00e5 Kolbotn var sv\u00e6rt produktive for b\u00e5de Hulda og Arne &#8211; dei skreiv mykje.<em> Hjaa ho mor<\/em> (1890), Tr\u00e6tte <em>m\u00e6nd<\/em> (1891), <em>Fred<\/em> (1892), <em>L\u00e6raren<\/em> (1896) og deler av<em> Haugtussa<\/em> (1895) av Arne Garborg vart mellom anna skrive her. Forteljingar om huset og familien sitt liv kan ein lesa om i essaysamlinga hans <em>Kolbotnbrev<\/em> (1890), og i Hulda si bok <em>Fr\u00e5 Kolbotnen og andetsteds<\/em> (1903).<\/p>\n<p>Kolbotn er i dag freda og er eigt av familien til ekteparet Garborg. I samband med Garborgdagane p\u00e5 Tynset er det likevel lagt opp til arrangement og utfluktar hit. (Kjelder: Wikipedia og Tor Obrestad sine biografiar Arne Garborg: ein biografi (1991) og Hulda (1992))<\/p>\n<p><strong>Fedraheimstua <\/strong>er opphavleg fr\u00e5 1700-tallet, og har vore ombygt fleire gongar. Namnet har huset f\u00e5tt fordi det i \u00e5ra 1888 \u2013 1890 var redaksjonslokale for bladet Fedraheimen, utgjeve av Arne Garborg, Rasmus Steinsvik og Ivar Mortensson-Egnund. Seinare har huset vorte nytta som bustadhus. I dag st\u00e5r huset i museumsparken til Tynset bygdemuseum, ein del av Nord\u00f8sterdalsmuseet.<\/p>\n<p>Kjelder: Store Norske Leksikon, Hedmark fylkesbibliotek og Nord\u00f8sterdalsmuseet. <a href=\"http:\/\/www.nordosterdalsmuseet.no\/3668.923.Museene.html\" target=\"_blank\" rel=\"noopener\">Les meir <\/a>om Fedraheimstua hos Nord-\u00d8sterdalmuseet .<\/p>\n","protected":false},"excerpt":{"rendered":"<p>Time kommune Garborgheimen p\u00e5 Garborg i Time var Aadne (Arne)&#8230;<\/p>\n","protected":false},"author":15,"featured_media":1111,"parent":0,"menu_order":0,"comment_status":"open","ping_status":"open","template":"","meta":{"_acf_changed":false,"footnotes":""},"class_list":["post-362","page","type-page","status-publish","has-post-thumbnail","hentry","featured-image-size-small"],"acf":[],"yoast_head":"<!-- This site is optimized with the Yoast SEO plugin v27.4 - https:\/\/yoast.com\/product\/yoast-seo-wordpress\/ -->\n<title>Garborg-husa - Garborgsenteret<\/title>\n<meta name=\"robots\" content=\"index, follow, max-snippet:-1, max-image-preview:large, max-video-preview:-1\" \/>\n<link rel=\"canonical\" href=\"https:\/\/www.jaermuseet.no\/garborgsenteret\/garborg-husa\/\" \/>\n<meta property=\"og:locale\" content=\"nn_NO\" \/>\n<meta property=\"og:type\" content=\"article\" \/>\n<meta property=\"og:title\" content=\"Garborg-husa - Garborgsenteret\" \/>\n<meta property=\"og:description\" content=\"Time kommune Garborgheimen p\u00e5 Garborg i Time var Aadne (Arne)...\" \/>\n<meta property=\"og:url\" content=\"https:\/\/www.jaermuseet.no\/garborgsenteret\/garborg-husa\/\" \/>\n<meta property=\"og:site_name\" content=\"Garborgsenteret\" \/>\n<meta property=\"article:modified_time\" content=\"2021-10-06T11:39:31+00:00\" \/>\n<meta property=\"og:image\" content=\"https:\/\/www.jaermuseet.no\/garborgsenteret\/wp-content\/uploads\/sites\/2\/2012\/03\/garborgheimen.jpg\" \/>\n\t<meta property=\"og:image:width\" content=\"1400\" \/>\n\t<meta property=\"og:image:height\" content=\"933\" \/>\n\t<meta property=\"og:image:type\" content=\"image\/jpeg\" \/>\n<meta name=\"twitter:card\" content=\"summary_large_image\" \/>\n<meta name=\"twitter:label1\" content=\"Est. reading time\" \/>\n\t<meta name=\"twitter:data1\" content=\"3 minutt\" \/>\n<script type=\"application\/ld+json\" class=\"yoast-schema-graph\">{\"@context\":\"https:\\\/\\\/schema.org\",\"@graph\":[{\"@type\":\"WebPage\",\"@id\":\"https:\\\/\\\/www.jaermuseet.no\\\/garborgsenteret\\\/garborg-husa\\\/\",\"url\":\"https:\\\/\\\/www.jaermuseet.no\\\/garborgsenteret\\\/garborg-husa\\\/\",\"name\":\"Garborg-husa - Garborgsenteret\",\"isPartOf\":{\"@id\":\"https:\\\/\\\/www.jaermuseet.no\\\/garborgsenteret\\\/#website\"},\"primaryImageOfPage\":{\"@id\":\"https:\\\/\\\/www.jaermuseet.no\\\/garborgsenteret\\\/garborg-husa\\\/#primaryimage\"},\"image\":{\"@id\":\"https:\\\/\\\/www.jaermuseet.no\\\/garborgsenteret\\\/garborg-husa\\\/#primaryimage\"},\"thumbnailUrl\":\"https:\\\/\\\/www.jaermuseet.no\\\/garborgsenteret\\\/wp-content\\\/uploads\\\/sites\\\/2\\\/2012\\\/03\\\/garborgheimen.jpg\",\"datePublished\":\"2012-03-09T12:13:11+00:00\",\"dateModified\":\"2021-10-06T11:39:31+00:00\",\"breadcrumb\":{\"@id\":\"https:\\\/\\\/www.jaermuseet.no\\\/garborgsenteret\\\/garborg-husa\\\/#breadcrumb\"},\"inLanguage\":\"nn-NO\",\"potentialAction\":[{\"@type\":\"ReadAction\",\"target\":[\"https:\\\/\\\/www.jaermuseet.no\\\/garborgsenteret\\\/garborg-husa\\\/\"]}]},{\"@type\":\"ImageObject\",\"inLanguage\":\"nn-NO\",\"@id\":\"https:\\\/\\\/www.jaermuseet.no\\\/garborgsenteret\\\/garborg-husa\\\/#primaryimage\",\"url\":\"https:\\\/\\\/www.jaermuseet.no\\\/garborgsenteret\\\/wp-content\\\/uploads\\\/sites\\\/2\\\/2012\\\/03\\\/garborgheimen.jpg\",\"contentUrl\":\"https:\\\/\\\/www.jaermuseet.no\\\/garborgsenteret\\\/wp-content\\\/uploads\\\/sites\\\/2\\\/2012\\\/03\\\/garborgheimen.jpg\",\"width\":1400,\"height\":933},{\"@type\":\"BreadcrumbList\",\"@id\":\"https:\\\/\\\/www.jaermuseet.no\\\/garborgsenteret\\\/garborg-husa\\\/#breadcrumb\",\"itemListElement\":[{\"@type\":\"ListItem\",\"position\":1,\"name\":\"Hjem\",\"item\":\"https:\\\/\\\/www.jaermuseet.no\\\/garborgsenteret\\\/\"},{\"@type\":\"ListItem\",\"position\":2,\"name\":\"Garborg-husa\"}]},{\"@type\":\"WebSite\",\"@id\":\"https:\\\/\\\/www.jaermuseet.no\\\/garborgsenteret\\\/#website\",\"url\":\"https:\\\/\\\/www.jaermuseet.no\\\/garborgsenteret\\\/\",\"name\":\"Garborgsenteret\",\"description\":\"A national arena to promote the interest for authors Arne and Hulda Garborg\",\"potentialAction\":[{\"@type\":\"SearchAction\",\"target\":{\"@type\":\"EntryPoint\",\"urlTemplate\":\"https:\\\/\\\/www.jaermuseet.no\\\/garborgsenteret\\\/?s={search_term_string}\"},\"query-input\":{\"@type\":\"PropertyValueSpecification\",\"valueRequired\":true,\"valueName\":\"search_term_string\"}}],\"inLanguage\":\"nn-NO\"}]}<\/script>\n<!-- \/ Yoast SEO plugin. -->","yoast_head_json":{"title":"Garborg-husa - Garborgsenteret","robots":{"index":"index","follow":"follow","max-snippet":"max-snippet:-1","max-image-preview":"max-image-preview:large","max-video-preview":"max-video-preview:-1"},"canonical":"https:\/\/www.jaermuseet.no\/garborgsenteret\/garborg-husa\/","og_locale":"nn_NO","og_type":"article","og_title":"Garborg-husa - Garborgsenteret","og_description":"Time kommune Garborgheimen p\u00e5 Garborg i Time var Aadne (Arne)...","og_url":"https:\/\/www.jaermuseet.no\/garborgsenteret\/garborg-husa\/","og_site_name":"Garborgsenteret","article_modified_time":"2021-10-06T11:39:31+00:00","og_image":[{"width":1400,"height":933,"url":"https:\/\/www.jaermuseet.no\/garborgsenteret\/wp-content\/uploads\/sites\/2\/2012\/03\/garborgheimen.jpg","type":"image\/jpeg"}],"twitter_card":"summary_large_image","twitter_misc":{"Est. reading time":"3 minutt"},"schema":{"@context":"https:\/\/schema.org","@graph":[{"@type":"WebPage","@id":"https:\/\/www.jaermuseet.no\/garborgsenteret\/garborg-husa\/","url":"https:\/\/www.jaermuseet.no\/garborgsenteret\/garborg-husa\/","name":"Garborg-husa - Garborgsenteret","isPartOf":{"@id":"https:\/\/www.jaermuseet.no\/garborgsenteret\/#website"},"primaryImageOfPage":{"@id":"https:\/\/www.jaermuseet.no\/garborgsenteret\/garborg-husa\/#primaryimage"},"image":{"@id":"https:\/\/www.jaermuseet.no\/garborgsenteret\/garborg-husa\/#primaryimage"},"thumbnailUrl":"https:\/\/www.jaermuseet.no\/garborgsenteret\/wp-content\/uploads\/sites\/2\/2012\/03\/garborgheimen.jpg","datePublished":"2012-03-09T12:13:11+00:00","dateModified":"2021-10-06T11:39:31+00:00","breadcrumb":{"@id":"https:\/\/www.jaermuseet.no\/garborgsenteret\/garborg-husa\/#breadcrumb"},"inLanguage":"nn-NO","potentialAction":[{"@type":"ReadAction","target":["https:\/\/www.jaermuseet.no\/garborgsenteret\/garborg-husa\/"]}]},{"@type":"ImageObject","inLanguage":"nn-NO","@id":"https:\/\/www.jaermuseet.no\/garborgsenteret\/garborg-husa\/#primaryimage","url":"https:\/\/www.jaermuseet.no\/garborgsenteret\/wp-content\/uploads\/sites\/2\/2012\/03\/garborgheimen.jpg","contentUrl":"https:\/\/www.jaermuseet.no\/garborgsenteret\/wp-content\/uploads\/sites\/2\/2012\/03\/garborgheimen.jpg","width":1400,"height":933},{"@type":"BreadcrumbList","@id":"https:\/\/www.jaermuseet.no\/garborgsenteret\/garborg-husa\/#breadcrumb","itemListElement":[{"@type":"ListItem","position":1,"name":"Hjem","item":"https:\/\/www.jaermuseet.no\/garborgsenteret\/"},{"@type":"ListItem","position":2,"name":"Garborg-husa"}]},{"@type":"WebSite","@id":"https:\/\/www.jaermuseet.no\/garborgsenteret\/#website","url":"https:\/\/www.jaermuseet.no\/garborgsenteret\/","name":"Garborgsenteret","description":"A national arena to promote the interest for authors Arne and Hulda Garborg","potentialAction":[{"@type":"SearchAction","target":{"@type":"EntryPoint","urlTemplate":"https:\/\/www.jaermuseet.no\/garborgsenteret\/?s={search_term_string}"},"query-input":{"@type":"PropertyValueSpecification","valueRequired":true,"valueName":"search_term_string"}}],"inLanguage":"nn-NO"}]}},"jetpack_sharing_enabled":true,"_links":{"self":[{"href":"https:\/\/www.jaermuseet.no\/garborgsenteret\/wp-json\/wp\/v2\/pages\/362","targetHints":{"allow":["GET"]}}],"collection":[{"href":"https:\/\/www.jaermuseet.no\/garborgsenteret\/wp-json\/wp\/v2\/pages"}],"about":[{"href":"https:\/\/www.jaermuseet.no\/garborgsenteret\/wp-json\/wp\/v2\/types\/page"}],"author":[{"embeddable":true,"href":"https:\/\/www.jaermuseet.no\/garborgsenteret\/wp-json\/wp\/v2\/users\/15"}],"replies":[{"embeddable":true,"href":"https:\/\/www.jaermuseet.no\/garborgsenteret\/wp-json\/wp\/v2\/comments?post=362"}],"version-history":[{"count":6,"href":"https:\/\/www.jaermuseet.no\/garborgsenteret\/wp-json\/wp\/v2\/pages\/362\/revisions"}],"predecessor-version":[{"id":8752,"href":"https:\/\/www.jaermuseet.no\/garborgsenteret\/wp-json\/wp\/v2\/pages\/362\/revisions\/8752"}],"wp:featuredmedia":[{"embeddable":true,"href":"https:\/\/www.jaermuseet.no\/garborgsenteret\/wp-json\/wp\/v2\/media\/1111"}],"wp:attachment":[{"href":"https:\/\/www.jaermuseet.no\/garborgsenteret\/wp-json\/wp\/v2\/media?parent=362"}],"curies":[{"name":"wp","href":"https:\/\/api.w.org\/{rel}","templated":true}]}}