{"id":361,"date":"2012-03-09T13:11:40","date_gmt":"2012-03-09T12:11:40","guid":{"rendered":"https:\/\/www.jaermuseet.no\/garborgsenteret\/hulda-garborg-1862-1934\/"},"modified":"2020-09-10T14:54:49","modified_gmt":"2020-09-10T12:54:49","slug":"hulda-garborg-1862-1934","status":"publish","type":"page","link":"https:\/\/www.jaermuseet.no\/garborgsenteret\/hulda-garborg-1862-1934\/","title":{"rendered":"Hulda Garborg (1862 &#8211; 1934)"},"content":{"rendered":"<p><strong>Hulda Garborg var ein allsidig forfattar og kulturperson. Ho var\u00a0ein aktiv samfunnsdebattant og idealistisk folkeopplysar. Ho\u00a0gjorde pionerarbeid innan\u00a0m\u00e5lsak, teater, kvinnesak, kosthald,\u00a0folkedrakt og folkevisedans. Som ei intellektuell kvinne tidleg p\u00e5 1900-talet var ho p\u00e5 mange\u00a0m\u00e5tar f\u00f8re si tid.<\/strong><\/p>\n<p>Karen Hulda Bergersen vart f\u00f8dd 22. februar 1862 p\u00e5 storgarden S\u00e5stad i Stange i Hedmark. Foreldra hennar vart skilde eit \u00e5r seinare, og Hulda vaks opp hos mora. I 1875 flytta dei til Kristiania, kor ho nokre \u00e5r seinare fekk arbeid i butikken til den radikale venstrepolitikaren Mikkel Dobloug, som dreiv firmaet Br\u00f8drene Dobloug. For l\u00f8nna ho fekk, greidde ho og mora \u00e5 overleva. Gjennom Dobloug fekk ho kontakt med kretsen kring Christiania Arbeidersamfund, kor ho mellom anna m\u00f8tte Bj\u00f8rnstjerne Bj\u00f8rnson, Olaus Fj\u00f8rtoft, Hans J\u00e6ger, Johan Sverdrup og <a href=\"https:\/\/www.jaermuseet.no\/garborgsenteret\/arne-garborg-1851-1924\/\">Arne Garborg<\/a>. Hulda vart prega av dette milj\u00f8et, radikal og idealistisk. Sommaren 1885 begynte ho p\u00e5 m\u00e5lskule og vart begeistra for nynorsk. Samstundes spelte ho teater og piano, og l\u00e6rte seg fransk og tysk. Etter sju \u00e5r slutta ho hos Dobloug fordi ho vart sjuk av trekken i lokalet. Ho \u00f8nskte sterkt \u00e5 bli forfattar og skreiv mykje. Men d\u00e5 ho forsto at det kunne bli noko mellom ho og Arne Garborg, brann ho alt ho hadde skrive.<\/p>\n<p>D\u00e5 dei vart kj\u00e6rastar sommaren 1887 hadde verken Hulda eller Arne jobb. I september oppdaga Hulda at ho var gravid og 3. desember gifta dei seg. Dagen etter flytta dei til hytta Kolbotn i Tynset, og 25. mai 1888 kom sonen Arne Olaus Fj\u00f8rtoft Garborg til verda. Dei ni \u00e5ra dei budde p\u00e5 Kolbotn vart ein kreativ fase i liva deira. Hulda hadde ikkje gitt opp forfattardraumen og utdanna seg til \u00e5 bli forfattar. Ho fortalde ektemannen om livet sitt, og skreiv. Om vintrane reiste dei mykje, mellom anna til Italia og Tyskland. \u00c5ra i Kolbotnen kom til \u00e5 bety mykje for Hulda. Ho fekk gjenoppliva sin &#8220;Hedmarks-identitet&#8221; som ho seinare skulle utforska i fleire b\u00f8ker. I 1897 flytta Hulda med familien til Labr\u00e5ten i Asker. Dei politiske straumdraga som f\u00f8rte fram mot 1905 frigjorde mykje skaparkraft hos Hulda. Ho vart ein del av, og ein p\u00e5drivar for, den norske b\u00f8lgja i samtida. Kampen for den norske stoltheiten og det norske sj\u00f8lvstendet sto sterkt hos ho, og Hulda arbeidde med folkeopplysing og for at det bygdenorske skulle koma fram i lyset. Folkeopplysingsverket hennar m\u00e5 sj\u00e5ast p\u00e5 som eit heile; eit stort program for mat- og heimestell, kl\u00e6r og folkedrakter, oppseding og livsf\u00f8rsel, biletkunst, dans, teater og litteratur. M\u00e5let var eit rikare og meir fornuftig liv. Byen og landsbygda skulle st\u00e5 saman om noko som var integrert i folket, l\u00f8fta det og fylla det med stoltheit. Det byrja med at ho samla matoppskriftene sine fr\u00e5 Den 17de Mai til boka <em>Heimestell<\/em> fr\u00e5 1899. Sidan balla det p\u00e5 seg b\u00e5de med b\u00f8ker og reiser. Over alt der ho f\u00f4r, b\u00e5de i inn- og utland, samla ho kunnskap &#8211; noterte oppskrifter, matslag, namn p\u00e5 medisinske urter, l\u00e5nte bunadar, dekorative m\u00f8nster, l\u00e6rte dansar og folkeviser, og snakka med folk. Det ho l\u00e6rte sj\u00f8lv l\u00e6rte ho vidare til andre. Samstundes var Hulda motoren i heimen. Ho sto for mesteparten av det praktiske arbeidet der fordi ho meinte at kvinna si fremste oppg\u00e5ve var mann og barn. I tillegg fekk ho tid til \u00e5 skriva: romanar, artiklar, reisebrev, dagb\u00f8ker og skodespel. Tema ho tok opp i litteraturen sin var mellom anna imperialismen, folkemordet p\u00e5 indianarane i USA , barnearbeid og barn som vart utsette for skilsm\u00e5l, og seksualitet hos &#8220;mogne&#8221; kvinner.<\/p>\n<p><a href=\"https:\/\/www.jaermuseet.no\/garborgsenteret\/wp-content\/uploads\/sites\/2\/2012\/03\/Hulda-Garborg-Strekteikning.jpg\"><img loading=\"lazy\" decoding=\"async\" width=\"214\" height=\"300\" class=\" size-medium wp-image-1328 alignright\" src=\"https:\/\/www.jaermuseet.no\/garborgsenteret\/wp-content\/uploads\/sites\/2\/2012\/03\/Hulda-Garborg-Strekteikning-214x300.jpg\" alt=\"Hulda Garborg - Strekteikning\" srcset=\"https:\/\/www.jaermuseet.no\/garborgsenteret\/wp-content\/uploads\/sites\/2\/2012\/03\/Hulda-Garborg-Strekteikning-214x300.jpg 214w, https:\/\/www.jaermuseet.no\/garborgsenteret\/wp-content\/uploads\/sites\/2\/2012\/03\/Hulda-Garborg-Strekteikning-731x1024.jpg 731w, https:\/\/www.jaermuseet.no\/garborgsenteret\/wp-content\/uploads\/sites\/2\/2012\/03\/Hulda-Garborg-Strekteikning-250x350.jpg 250w\" sizes=\"auto, (max-width: 214px) 100vw, 214px\" \/><\/a>Fr\u00e5 og med 1919 vender ho litter\u00e6rt sett tilbake til traktene i Hedmark, som ho kjende fr\u00e5 barne\u00e5ra, og skreiv fleire romanar fr\u00e5 milj\u00f8et der. I 1910 danna ho eit spellag med amat\u00f8rskodespelarar. Spellaget vart forl\u00f8paren til Det Norske Teatret, stifta i 1912. Hulda var styreformann der i to \u00e5r, tok det administrative arbeidet og jobba som instrukt\u00f8r. Fr\u00e5 1919 til 1924 vart ho med i styret igjen og i 1919 var ho i tillegg teatersjef. Hulda engasjerte seg \u00f2g i politikken og vart i 1917 den f\u00f8rste kvinna i Asker kommunestyre, sat i to periodar for liberale Venstre, og eitt \u00e5r som varamann. 31. juli 1920 bygde ho seg ei sommarhytte ved Str\u00e5lsj\u00f8en, nokre kilometer fr\u00e5 Kolbotn. Etter at Arne d\u00f8ydde i 1924, meldte Hulda seg ut av statskyrkja. Dei siste \u00e5ra av livet hennar var b\u00e5de ein kamp for \u00e5 bevara Arne sitt etterm\u00e6le og ein kamp for \u00e5 greia seg \u00f8konomisk sj\u00f8lv, og halda p\u00e5 sin sosiale posisjon. Ho skreiv b\u00f8ker og artiklar, og redigerte Arne sine dagb\u00f8ker. I tillegg leigde ho ut delar av huset, og ho greidde seg s\u00e5pass at ho kunne reisa i Europa. Ho fekk Kongens fortenestemedalje, og var ein akta og staut figur i det norske kulturmilj\u00f8et heilt fram til ho d\u00f8ydde 5. november 1934. Hulda vart hauglagd i hagen utanfor Knudaheio saman med mannen sin.<\/p>\n<p><span style=\"font-size: 8pt;\">Kjelde: Tor Obrestad sine biografiar <em>Arne Garborg: ein biografi<\/em> (1991) og <em>Hulda<\/em> (1992).<\/span><\/p>\n<p><a href=\"https:\/\/www.jaermuseet.no\/garborgsenteret\/arne-og-hulda-garborg\/\">Les meir om ekteparet Arne og Hulda Garborg<\/a><\/p>\n<p><a href=\"https:\/\/www.allkunne.no\/framside\/biografiar\/g\/hulda-garborg\/90\/665\/\">Les meir i\u00a0Allkunne<\/a><\/p>\n<p><a href=\"https:\/\/nbl.snl.no\/Hulda_Garborg\">Les meir i Norsk biografisk leksikon<\/a><\/p>\n","protected":false},"excerpt":{"rendered":"<p>Hulda Garborg var ein allsidig forfattar og kulturperson. Ho var\u00a0ein&#8230;<\/p>\n","protected":false},"author":15,"featured_media":1218,"parent":0,"menu_order":0,"comment_status":"open","ping_status":"open","template":"","meta":{"_acf_changed":false,"footnotes":""},"class_list":["post-361","page","type-page","status-publish","has-post-thumbnail","hentry","featured-image-size-small"],"acf":[],"yoast_head":"<!-- This site is optimized with the Yoast SEO plugin v27.4 - https:\/\/yoast.com\/product\/yoast-seo-wordpress\/ -->\n<title>Hulda Garborg (1862 - 1934) - Garborgsenteret<\/title>\n<meta name=\"robots\" content=\"index, follow, max-snippet:-1, max-image-preview:large, max-video-preview:-1\" \/>\n<link rel=\"canonical\" href=\"https:\/\/www.jaermuseet.no\/garborgsenteret\/hulda-garborg-1862-1934\/\" \/>\n<meta property=\"og:locale\" content=\"nn_NO\" \/>\n<meta property=\"og:type\" content=\"article\" \/>\n<meta property=\"og:title\" content=\"Hulda Garborg (1862 - 1934) - Garborgsenteret\" \/>\n<meta property=\"og:description\" content=\"Hulda Garborg var ein allsidig forfattar og kulturperson. Ho var\u00a0ein...\" \/>\n<meta property=\"og:url\" content=\"https:\/\/www.jaermuseet.no\/garborgsenteret\/hulda-garborg-1862-1934\/\" \/>\n<meta property=\"og:site_name\" content=\"Garborgsenteret\" \/>\n<meta property=\"article:modified_time\" content=\"2020-09-10T12:54:49+00:00\" \/>\n<meta property=\"og:image\" content=\"https:\/\/www.jaermuseet.no\/garborgsenteret\/wp-content\/uploads\/sites\/2\/2012\/03\/HuldaBerlin.jpg\" \/>\n\t<meta property=\"og:image:width\" content=\"422\" \/>\n\t<meta property=\"og:image:height\" content=\"620\" \/>\n\t<meta property=\"og:image:type\" content=\"image\/jpeg\" \/>\n<meta name=\"twitter:card\" content=\"summary_large_image\" \/>\n<meta name=\"twitter:label1\" content=\"Est. reading time\" \/>\n\t<meta name=\"twitter:data1\" content=\"4 minutt\" \/>\n<script type=\"application\/ld+json\" class=\"yoast-schema-graph\">{\"@context\":\"https:\\\/\\\/schema.org\",\"@graph\":[{\"@type\":\"WebPage\",\"@id\":\"https:\\\/\\\/www.jaermuseet.no\\\/garborgsenteret\\\/hulda-garborg-1862-1934\\\/\",\"url\":\"https:\\\/\\\/www.jaermuseet.no\\\/garborgsenteret\\\/hulda-garborg-1862-1934\\\/\",\"name\":\"Hulda Garborg (1862 - 1934) - Garborgsenteret\",\"isPartOf\":{\"@id\":\"https:\\\/\\\/www.jaermuseet.no\\\/garborgsenteret\\\/#website\"},\"primaryImageOfPage\":{\"@id\":\"https:\\\/\\\/www.jaermuseet.no\\\/garborgsenteret\\\/hulda-garborg-1862-1934\\\/#primaryimage\"},\"image\":{\"@id\":\"https:\\\/\\\/www.jaermuseet.no\\\/garborgsenteret\\\/hulda-garborg-1862-1934\\\/#primaryimage\"},\"thumbnailUrl\":\"https:\\\/\\\/www.jaermuseet.no\\\/garborgsenteret\\\/wp-content\\\/uploads\\\/sites\\\/2\\\/2012\\\/03\\\/HuldaBerlin.jpg\",\"datePublished\":\"2012-03-09T12:11:40+00:00\",\"dateModified\":\"2020-09-10T12:54:49+00:00\",\"breadcrumb\":{\"@id\":\"https:\\\/\\\/www.jaermuseet.no\\\/garborgsenteret\\\/hulda-garborg-1862-1934\\\/#breadcrumb\"},\"inLanguage\":\"nn-NO\",\"potentialAction\":[{\"@type\":\"ReadAction\",\"target\":[\"https:\\\/\\\/www.jaermuseet.no\\\/garborgsenteret\\\/hulda-garborg-1862-1934\\\/\"]}]},{\"@type\":\"ImageObject\",\"inLanguage\":\"nn-NO\",\"@id\":\"https:\\\/\\\/www.jaermuseet.no\\\/garborgsenteret\\\/hulda-garborg-1862-1934\\\/#primaryimage\",\"url\":\"https:\\\/\\\/www.jaermuseet.no\\\/garborgsenteret\\\/wp-content\\\/uploads\\\/sites\\\/2\\\/2012\\\/03\\\/HuldaBerlin.jpg\",\"contentUrl\":\"https:\\\/\\\/www.jaermuseet.no\\\/garborgsenteret\\\/wp-content\\\/uploads\\\/sites\\\/2\\\/2012\\\/03\\\/HuldaBerlin.jpg\",\"width\":422,\"height\":620,\"caption\":\"no-nb_blds_ 2387\"},{\"@type\":\"BreadcrumbList\",\"@id\":\"https:\\\/\\\/www.jaermuseet.no\\\/garborgsenteret\\\/hulda-garborg-1862-1934\\\/#breadcrumb\",\"itemListElement\":[{\"@type\":\"ListItem\",\"position\":1,\"name\":\"Hjem\",\"item\":\"https:\\\/\\\/www.jaermuseet.no\\\/garborgsenteret\\\/\"},{\"@type\":\"ListItem\",\"position\":2,\"name\":\"Hulda Garborg (1862 &#8211; 1934)\"}]},{\"@type\":\"WebSite\",\"@id\":\"https:\\\/\\\/www.jaermuseet.no\\\/garborgsenteret\\\/#website\",\"url\":\"https:\\\/\\\/www.jaermuseet.no\\\/garborgsenteret\\\/\",\"name\":\"Garborgsenteret\",\"description\":\"A national arena to promote the interest for authors Arne and Hulda Garborg\",\"potentialAction\":[{\"@type\":\"SearchAction\",\"target\":{\"@type\":\"EntryPoint\",\"urlTemplate\":\"https:\\\/\\\/www.jaermuseet.no\\\/garborgsenteret\\\/?s={search_term_string}\"},\"query-input\":{\"@type\":\"PropertyValueSpecification\",\"valueRequired\":true,\"valueName\":\"search_term_string\"}}],\"inLanguage\":\"nn-NO\"}]}<\/script>\n<!-- \/ Yoast SEO plugin. -->","yoast_head_json":{"title":"Hulda Garborg (1862 - 1934) - Garborgsenteret","robots":{"index":"index","follow":"follow","max-snippet":"max-snippet:-1","max-image-preview":"max-image-preview:large","max-video-preview":"max-video-preview:-1"},"canonical":"https:\/\/www.jaermuseet.no\/garborgsenteret\/hulda-garborg-1862-1934\/","og_locale":"nn_NO","og_type":"article","og_title":"Hulda Garborg (1862 - 1934) - Garborgsenteret","og_description":"Hulda Garborg var ein allsidig forfattar og kulturperson. Ho var\u00a0ein...","og_url":"https:\/\/www.jaermuseet.no\/garborgsenteret\/hulda-garborg-1862-1934\/","og_site_name":"Garborgsenteret","article_modified_time":"2020-09-10T12:54:49+00:00","og_image":[{"width":422,"height":620,"url":"https:\/\/www.jaermuseet.no\/garborgsenteret\/wp-content\/uploads\/sites\/2\/2012\/03\/HuldaBerlin.jpg","type":"image\/jpeg"}],"twitter_card":"summary_large_image","twitter_misc":{"Est. reading time":"4 minutt"},"schema":{"@context":"https:\/\/schema.org","@graph":[{"@type":"WebPage","@id":"https:\/\/www.jaermuseet.no\/garborgsenteret\/hulda-garborg-1862-1934\/","url":"https:\/\/www.jaermuseet.no\/garborgsenteret\/hulda-garborg-1862-1934\/","name":"Hulda Garborg (1862 - 1934) - Garborgsenteret","isPartOf":{"@id":"https:\/\/www.jaermuseet.no\/garborgsenteret\/#website"},"primaryImageOfPage":{"@id":"https:\/\/www.jaermuseet.no\/garborgsenteret\/hulda-garborg-1862-1934\/#primaryimage"},"image":{"@id":"https:\/\/www.jaermuseet.no\/garborgsenteret\/hulda-garborg-1862-1934\/#primaryimage"},"thumbnailUrl":"https:\/\/www.jaermuseet.no\/garborgsenteret\/wp-content\/uploads\/sites\/2\/2012\/03\/HuldaBerlin.jpg","datePublished":"2012-03-09T12:11:40+00:00","dateModified":"2020-09-10T12:54:49+00:00","breadcrumb":{"@id":"https:\/\/www.jaermuseet.no\/garborgsenteret\/hulda-garborg-1862-1934\/#breadcrumb"},"inLanguage":"nn-NO","potentialAction":[{"@type":"ReadAction","target":["https:\/\/www.jaermuseet.no\/garborgsenteret\/hulda-garborg-1862-1934\/"]}]},{"@type":"ImageObject","inLanguage":"nn-NO","@id":"https:\/\/www.jaermuseet.no\/garborgsenteret\/hulda-garborg-1862-1934\/#primaryimage","url":"https:\/\/www.jaermuseet.no\/garborgsenteret\/wp-content\/uploads\/sites\/2\/2012\/03\/HuldaBerlin.jpg","contentUrl":"https:\/\/www.jaermuseet.no\/garborgsenteret\/wp-content\/uploads\/sites\/2\/2012\/03\/HuldaBerlin.jpg","width":422,"height":620,"caption":"no-nb_blds_ 2387"},{"@type":"BreadcrumbList","@id":"https:\/\/www.jaermuseet.no\/garborgsenteret\/hulda-garborg-1862-1934\/#breadcrumb","itemListElement":[{"@type":"ListItem","position":1,"name":"Hjem","item":"https:\/\/www.jaermuseet.no\/garborgsenteret\/"},{"@type":"ListItem","position":2,"name":"Hulda Garborg (1862 &#8211; 1934)"}]},{"@type":"WebSite","@id":"https:\/\/www.jaermuseet.no\/garborgsenteret\/#website","url":"https:\/\/www.jaermuseet.no\/garborgsenteret\/","name":"Garborgsenteret","description":"A national arena to promote the interest for authors Arne and Hulda Garborg","potentialAction":[{"@type":"SearchAction","target":{"@type":"EntryPoint","urlTemplate":"https:\/\/www.jaermuseet.no\/garborgsenteret\/?s={search_term_string}"},"query-input":{"@type":"PropertyValueSpecification","valueRequired":true,"valueName":"search_term_string"}}],"inLanguage":"nn-NO"}]}},"jetpack_sharing_enabled":true,"_links":{"self":[{"href":"https:\/\/www.jaermuseet.no\/garborgsenteret\/wp-json\/wp\/v2\/pages\/361","targetHints":{"allow":["GET"]}}],"collection":[{"href":"https:\/\/www.jaermuseet.no\/garborgsenteret\/wp-json\/wp\/v2\/pages"}],"about":[{"href":"https:\/\/www.jaermuseet.no\/garborgsenteret\/wp-json\/wp\/v2\/types\/page"}],"author":[{"embeddable":true,"href":"https:\/\/www.jaermuseet.no\/garborgsenteret\/wp-json\/wp\/v2\/users\/15"}],"replies":[{"embeddable":true,"href":"https:\/\/www.jaermuseet.no\/garborgsenteret\/wp-json\/wp\/v2\/comments?post=361"}],"version-history":[{"count":8,"href":"https:\/\/www.jaermuseet.no\/garborgsenteret\/wp-json\/wp\/v2\/pages\/361\/revisions"}],"predecessor-version":[{"id":7758,"href":"https:\/\/www.jaermuseet.no\/garborgsenteret\/wp-json\/wp\/v2\/pages\/361\/revisions\/7758"}],"wp:featuredmedia":[{"embeddable":true,"href":"https:\/\/www.jaermuseet.no\/garborgsenteret\/wp-json\/wp\/v2\/media\/1218"}],"wp:attachment":[{"href":"https:\/\/www.jaermuseet.no\/garborgsenteret\/wp-json\/wp\/v2\/media?parent=361"}],"curies":[{"name":"wp","href":"https:\/\/api.w.org\/{rel}","templated":true}]}}