{"id":360,"date":"2012-03-09T13:10:45","date_gmt":"2012-03-09T12:10:45","guid":{"rendered":"https:\/\/www.jaermuseet.no\/garborgsenteret\/arne-garborg-1851-1924\/"},"modified":"2025-04-14T13:07:29","modified_gmt":"2025-04-14T11:07:29","slug":"arne-garborg-1851-1924","status":"publish","type":"page","link":"https:\/\/www.jaermuseet.no\/garborgsenteret\/arne-garborg-1851-1924\/","title":{"rendered":"Arne Garborg (1851 &#8211; 1924)"},"content":{"rendered":"<p><strong>Arne Garborg var ein\u00a0leiande nynorskforfattar fr\u00e5 siste del av 1800-talet. Romanar, dikt og essay av Garborg er framleis kanoniske verk. Han introduserte filosofiske, litter\u00e6re og religi\u00f8se idear gjennom omfattande skribentverksemd, og grunnla fleire aviser.<\/strong><\/p>\n<p>Han var f\u00f8dd som Aadne Eivindson\u00a0Garborg vart 25. januar 1851 og var eldste son p\u00e5 ein velhalden gard i Time p\u00e5 J\u00e6ren. Men han var ikkje interessert i \u00e5 ta over garden. Han ville heller skriva. Allereie etter at han vart konfirmert starta han og nokre vener \u00e5 gi ut handskrivne blad i n\u00e6rmilj\u00f8et.<\/p>\n<p>I 1867\/68 fekk Aadne jobb som l\u00e6rar i Riskakvervo. Hausten 1868 kom han inn p\u00e5 l\u00e6rarskulen i Holt ved Tvedestrand og flytte dit. Mens han gjekk der tok far hans sitt eige liv. Dette var ei hending som Arne bebreidde seg sj\u00f8lv og som prega han gjennom heile livet. Etter l\u00e6rarskulen jobba Aadne fleire \u00e5r som l\u00e6rar. Han starta \u00f2g opp eit l\u00e6rarskuleblad og avisa Tvedestrandsposten. Si f\u00f8rste bok <em>Smaa-stubber<\/em> ga han ut under psevdonymet Alf Buestreng i 1873. Same \u00e5ret reiste han til Kristiania for \u00e5 &#8220;studera eller d\u00f8y&#8221;.<\/p>\n<p>I Kristiania kom Aadne i direkte kontakt med landets intellektuelle og politiske milj\u00f8. Det var \u00f2g her han vart kjent med <a href=\"https:\/\/www.jaermuseet.no\/garborgsenteret\/hulda-garborg-1862-1934\/\">Hulda<\/a>. Han skreiv artiklar til avisene heile tida og fekk rykte p\u00e5 seg \u00e5 vera eit redakt\u00f8remne. Student Garborg fekk i 1875 l\u00f8yve av det offentlege til \u00e5 kalla seg Arne Garborg. P\u00e5 denne tida l\u00e6rte han seg nynorsk ved \u00e5 byggja ut sin eigen dialekt med hjelp av rettskrivinga til Ivar Aasen, og den nasjonale reisingstanken byrja \u00e5 bli utforma i hovudet hans. Saman med Rasmus Steinsvik starta han etter kvart det nynorske bladet Fedraheimen. I Kristiania <span style=\"background-color: #ffffff;\">gav<\/span> han i 1881 ut si f\u00f8rste bok i eige namn: <em>Ein Fritenkjar<\/em>. Fleire b\u00f8ker f\u00f8lgde. Han tok opp tidsaktuelle, betente tema i samfunnet i det han skreiv, b\u00e5de skj\u00f8nnlitter\u00e6rt og gjennom artiklar, og han vart ei viktig r\u00f8yst i samtida sin offentlege debatt. Samtidig verka det han skreiv om skremmande p\u00e5 dei som styrte. I 1887 mista han jobben som riksrevisor p\u00e5 grunn av romanen <em>Mannfolk<\/em>.<\/p>\n<p>D\u00e5 han mista jobben flytta han til hytta Kolbotnen i Tynset, saman med Hulda. Her vart dei buande i ni \u00e5r, gifte seg og fekk ein son. Arne skreiv fleire av sine sentrale verk p\u00e5 Kolbotnen. I desse \u00e5ra vart han ogs\u00e5 meir og meir radikal og snuste mellom anna p\u00e5 anarkismen. Saman med Rasmus Steinsvik starta han m\u00e5lbladet Den 17de Mai. Arne blei etter kvart ein slags guru for yngre litteratar fr\u00e5 inn- og utland, og somme av dei drog opp i fjellet for \u00e5 vitja han. Han knytte \u00f2g kontakt med fleire av dei fremste biletkunstnarane i samtida. Om vintrane drog Arne og Hulda ofte p\u00e5 lengre reiser til utlandet.<\/p>\n<p><a href=\"https:\/\/www.jaermuseet.no\/garborgsenteret\/wp-content\/uploads\/sites\/2\/2012\/03\/Arne-Garborg-Strekteikning.jpg\"><img loading=\"lazy\" decoding=\"async\" width=\"240\" height=\"300\" class=\" size-medium wp-image-1327 alignright\" src=\"https:\/\/www.jaermuseet.no\/garborgsenteret\/wp-content\/uploads\/sites\/2\/2012\/03\/Arne-Garborg-Strekteikning-240x300.jpg\" alt=\"Arne Garborg - Strekteikning\" srcset=\"https:\/\/www.jaermuseet.no\/garborgsenteret\/wp-content\/uploads\/sites\/2\/2012\/03\/Arne-Garborg-Strekteikning-240x300.jpg 240w, https:\/\/www.jaermuseet.no\/garborgsenteret\/wp-content\/uploads\/sites\/2\/2012\/03\/Arne-Garborg-Strekteikning-819x1024.jpg 819w, https:\/\/www.jaermuseet.no\/garborgsenteret\/wp-content\/uploads\/sites\/2\/2012\/03\/Arne-Garborg-Strekteikning-250x313.jpg 250w\" sizes=\"auto, (max-width: 240px) 100vw, 240px\" \/><\/a>Livet p\u00e5 Kolbotn var vanskeleg, ikkje minst fordi det l\u00e5g s\u00e5 langt unna allfarveg. Sonen, Tuften, skulle byrja p\u00e5 skulen og i 1896 flytta dei. F\u00f8rst til Stokke i Vestfold og s\u00e5 vidare til Labr\u00e5ten i Asker. Men Arne sakna J\u00e6ren. Han kj\u00f8pte eit jordstykke ovanfor Undheim p\u00e5 J\u00e6ren, og fekk oppf\u00f8rt ei diktarhytte her. Hit drog han fleire somrar for \u00e5 skriva. I 1898 fekk han fast \u00e5rleg inntekt i form av statsl\u00f8n.<\/p>\n<p>Dei siste 20 \u00e5ra av livet sitt la diktaren Arne ned dei skj\u00f8nnlitter\u00e6re ambisjonane sine og fokuserte i st\u00f8rre grad p\u00e5 avisinnlegg og artikkel- og dagbokskriving. Han engasjerte seg meir og meir i amerikanaren Henry George si tenking om jordl\u00e6ra og brukte ogs\u00e5 tid p\u00e5 \u00e5 omsetja klassisk litteratur: Goethe, Holberg, Moliere, Shakespeare, Rama-kv\u00e6det og Homer. Samstundes grubla han over religi\u00f8se sp\u00f8rsm\u00e5l.<\/p>\n<p>Arne Garborg sto h\u00f8gt i folk sitt medvit i samtida. D\u00e5 han vart 70 \u00e5r, mottok han ei g\u00e5ve p\u00e5 om lag 100 000 kroner fr\u00e5 det norske folk \u2013 pengar han nytta til \u00e5 st\u00f8tta fattige unge kollegaer.<\/p>\n<p>14. januar 1924 d\u00f8ydde han etter \u00e5 ha vore sjuk ei tid. Ein stor gravferdsseremoni vart heldt i Trefoldighetskirken i Oslo for statens rekning. Kongen kom, og for f\u00f8rste gong i historia m\u00f8tte heile Stortinget og regjeringa i ei gravferd. Hulda skriv: &#8220;70 kransar vart paalagd med varme og gode ord og 400 brev og telegram kom til meg&#8221;. I juni \u00e5ret etter vart oska hans hauglagt i hagen utanfor Knudaheio.<\/p>\n<h6>Kjelde: Tor Obrestad sine biografiar <em>Arne Garborg: ein biografi (1991) og Hulda (1992).<\/em><\/h6>\n<p><a href=\"https:\/\/www.jaermuseet.no\/garborgsenteret\/arne-og-hulda-garborg\/\">Les meir om ekteparet Arne og Hulda Garborg<\/a><\/p>\n<p><a href=\"https:\/\/www.allkunne.no\/framside\/biografiar\/g\/arne-garborg\/90\/3943\/\">Les meir i Allkunne<\/a><\/p>\n<p><a href=\"https:\/\/nbl.snl.no\/Arne_Garborg\">Les meir i Norsk biografisk leksikon<\/a><\/p>\n","protected":false},"excerpt":{"rendered":"<p>Arne Garborg var ein\u00a0leiande nynorskforfattar fr\u00e5 siste del av 1800-talet&#8230;.<\/p>\n","protected":false},"author":15,"featured_media":803,"parent":0,"menu_order":0,"comment_status":"open","ping_status":"open","template":"","meta":{"_acf_changed":false,"footnotes":""},"class_list":["post-360","page","type-page","status-publish","has-post-thumbnail","hentry","featured-image-size-small"],"acf":[],"yoast_head":"<!-- This site is optimized with the Yoast SEO plugin v27.4 - https:\/\/yoast.com\/product\/yoast-seo-wordpress\/ -->\n<title>Arne Garborg (1851 - 1924) - Garborgsenteret<\/title>\n<meta name=\"description\" content=\"Arne Garborg vart f\u00f8dd 25. januar 1851 og var eldste son p\u00e5 ein velhalden gard i Time p\u00e5 J\u00e6ren.\" \/>\n<meta name=\"robots\" content=\"index, follow, max-snippet:-1, max-image-preview:large, max-video-preview:-1\" \/>\n<link rel=\"canonical\" href=\"https:\/\/www.jaermuseet.no\/garborgsenteret\/arne-garborg-1851-1924\/\" \/>\n<meta property=\"og:locale\" content=\"nn_NO\" \/>\n<meta property=\"og:type\" content=\"article\" \/>\n<meta property=\"og:title\" content=\"Arne Garborg (1851 - 1924) - Garborgsenteret\" \/>\n<meta property=\"og:description\" content=\"Arne Garborg vart f\u00f8dd 25. januar 1851 og var eldste son p\u00e5 ein velhalden gard i Time p\u00e5 J\u00e6ren.\" \/>\n<meta property=\"og:url\" content=\"https:\/\/www.jaermuseet.no\/garborgsenteret\/arne-garborg-1851-1924\/\" \/>\n<meta property=\"og:site_name\" content=\"Garborgsenteret\" \/>\n<meta property=\"article:modified_time\" content=\"2025-04-14T11:07:29+00:00\" \/>\n<meta property=\"og:image\" content=\"https:\/\/www.jaermuseet.no\/garborgsenteret\/wp-content\/uploads\/sites\/2\/2015\/03\/arne-garborg1.jpg\" \/>\n\t<meta property=\"og:image:width\" content=\"637\" \/>\n\t<meta property=\"og:image:height\" content=\"912\" \/>\n\t<meta property=\"og:image:type\" content=\"image\/jpeg\" \/>\n<meta name=\"twitter:card\" content=\"summary_large_image\" \/>\n<meta name=\"twitter:label1\" content=\"Est. reading time\" \/>\n\t<meta name=\"twitter:data1\" content=\"5 minutt\" \/>\n<script type=\"application\/ld+json\" class=\"yoast-schema-graph\">{\"@context\":\"https:\\\/\\\/schema.org\",\"@graph\":[{\"@type\":\"WebPage\",\"@id\":\"https:\\\/\\\/www.jaermuseet.no\\\/garborgsenteret\\\/arne-garborg-1851-1924\\\/\",\"url\":\"https:\\\/\\\/www.jaermuseet.no\\\/garborgsenteret\\\/arne-garborg-1851-1924\\\/\",\"name\":\"Arne Garborg (1851 - 1924) - Garborgsenteret\",\"isPartOf\":{\"@id\":\"https:\\\/\\\/www.jaermuseet.no\\\/garborgsenteret\\\/#website\"},\"primaryImageOfPage\":{\"@id\":\"https:\\\/\\\/www.jaermuseet.no\\\/garborgsenteret\\\/arne-garborg-1851-1924\\\/#primaryimage\"},\"image\":{\"@id\":\"https:\\\/\\\/www.jaermuseet.no\\\/garborgsenteret\\\/arne-garborg-1851-1924\\\/#primaryimage\"},\"thumbnailUrl\":\"https:\\\/\\\/www.jaermuseet.no\\\/garborgsenteret\\\/wp-content\\\/uploads\\\/sites\\\/2\\\/2015\\\/03\\\/arne-garborg1.jpg\",\"datePublished\":\"2012-03-09T12:10:45+00:00\",\"dateModified\":\"2025-04-14T11:07:29+00:00\",\"description\":\"Arne Garborg vart f\u00f8dd 25. januar 1851 og var eldste son p\u00e5 ein velhalden gard i Time p\u00e5 J\u00e6ren.\",\"breadcrumb\":{\"@id\":\"https:\\\/\\\/www.jaermuseet.no\\\/garborgsenteret\\\/arne-garborg-1851-1924\\\/#breadcrumb\"},\"inLanguage\":\"nn-NO\",\"potentialAction\":[{\"@type\":\"ReadAction\",\"target\":[\"https:\\\/\\\/www.jaermuseet.no\\\/garborgsenteret\\\/arne-garborg-1851-1924\\\/\"]}]},{\"@type\":\"ImageObject\",\"inLanguage\":\"nn-NO\",\"@id\":\"https:\\\/\\\/www.jaermuseet.no\\\/garborgsenteret\\\/arne-garborg-1851-1924\\\/#primaryimage\",\"url\":\"https:\\\/\\\/www.jaermuseet.no\\\/garborgsenteret\\\/wp-content\\\/uploads\\\/sites\\\/2\\\/2015\\\/03\\\/arne-garborg1.jpg\",\"contentUrl\":\"https:\\\/\\\/www.jaermuseet.no\\\/garborgsenteret\\\/wp-content\\\/uploads\\\/sites\\\/2\\\/2015\\\/03\\\/arne-garborg1.jpg\",\"width\":637,\"height\":912},{\"@type\":\"BreadcrumbList\",\"@id\":\"https:\\\/\\\/www.jaermuseet.no\\\/garborgsenteret\\\/arne-garborg-1851-1924\\\/#breadcrumb\",\"itemListElement\":[{\"@type\":\"ListItem\",\"position\":1,\"name\":\"Hjem\",\"item\":\"https:\\\/\\\/www.jaermuseet.no\\\/garborgsenteret\\\/\"},{\"@type\":\"ListItem\",\"position\":2,\"name\":\"Arne Garborg (1851 &#8211; 1924)\"}]},{\"@type\":\"WebSite\",\"@id\":\"https:\\\/\\\/www.jaermuseet.no\\\/garborgsenteret\\\/#website\",\"url\":\"https:\\\/\\\/www.jaermuseet.no\\\/garborgsenteret\\\/\",\"name\":\"Garborgsenteret\",\"description\":\"A national arena to promote the interest for authors Arne and Hulda Garborg\",\"potentialAction\":[{\"@type\":\"SearchAction\",\"target\":{\"@type\":\"EntryPoint\",\"urlTemplate\":\"https:\\\/\\\/www.jaermuseet.no\\\/garborgsenteret\\\/?s={search_term_string}\"},\"query-input\":{\"@type\":\"PropertyValueSpecification\",\"valueRequired\":true,\"valueName\":\"search_term_string\"}}],\"inLanguage\":\"nn-NO\"}]}<\/script>\n<!-- \/ Yoast SEO plugin. -->","yoast_head_json":{"title":"Arne Garborg (1851 - 1924) - Garborgsenteret","description":"Arne Garborg vart f\u00f8dd 25. januar 1851 og var eldste son p\u00e5 ein velhalden gard i Time p\u00e5 J\u00e6ren.","robots":{"index":"index","follow":"follow","max-snippet":"max-snippet:-1","max-image-preview":"max-image-preview:large","max-video-preview":"max-video-preview:-1"},"canonical":"https:\/\/www.jaermuseet.no\/garborgsenteret\/arne-garborg-1851-1924\/","og_locale":"nn_NO","og_type":"article","og_title":"Arne Garborg (1851 - 1924) - Garborgsenteret","og_description":"Arne Garborg vart f\u00f8dd 25. januar 1851 og var eldste son p\u00e5 ein velhalden gard i Time p\u00e5 J\u00e6ren.","og_url":"https:\/\/www.jaermuseet.no\/garborgsenteret\/arne-garborg-1851-1924\/","og_site_name":"Garborgsenteret","article_modified_time":"2025-04-14T11:07:29+00:00","og_image":[{"width":637,"height":912,"url":"https:\/\/www.jaermuseet.no\/garborgsenteret\/wp-content\/uploads\/sites\/2\/2015\/03\/arne-garborg1.jpg","type":"image\/jpeg"}],"twitter_card":"summary_large_image","twitter_misc":{"Est. reading time":"5 minutt"},"schema":{"@context":"https:\/\/schema.org","@graph":[{"@type":"WebPage","@id":"https:\/\/www.jaermuseet.no\/garborgsenteret\/arne-garborg-1851-1924\/","url":"https:\/\/www.jaermuseet.no\/garborgsenteret\/arne-garborg-1851-1924\/","name":"Arne Garborg (1851 - 1924) - Garborgsenteret","isPartOf":{"@id":"https:\/\/www.jaermuseet.no\/garborgsenteret\/#website"},"primaryImageOfPage":{"@id":"https:\/\/www.jaermuseet.no\/garborgsenteret\/arne-garborg-1851-1924\/#primaryimage"},"image":{"@id":"https:\/\/www.jaermuseet.no\/garborgsenteret\/arne-garborg-1851-1924\/#primaryimage"},"thumbnailUrl":"https:\/\/www.jaermuseet.no\/garborgsenteret\/wp-content\/uploads\/sites\/2\/2015\/03\/arne-garborg1.jpg","datePublished":"2012-03-09T12:10:45+00:00","dateModified":"2025-04-14T11:07:29+00:00","description":"Arne Garborg vart f\u00f8dd 25. januar 1851 og var eldste son p\u00e5 ein velhalden gard i Time p\u00e5 J\u00e6ren.","breadcrumb":{"@id":"https:\/\/www.jaermuseet.no\/garborgsenteret\/arne-garborg-1851-1924\/#breadcrumb"},"inLanguage":"nn-NO","potentialAction":[{"@type":"ReadAction","target":["https:\/\/www.jaermuseet.no\/garborgsenteret\/arne-garborg-1851-1924\/"]}]},{"@type":"ImageObject","inLanguage":"nn-NO","@id":"https:\/\/www.jaermuseet.no\/garborgsenteret\/arne-garborg-1851-1924\/#primaryimage","url":"https:\/\/www.jaermuseet.no\/garborgsenteret\/wp-content\/uploads\/sites\/2\/2015\/03\/arne-garborg1.jpg","contentUrl":"https:\/\/www.jaermuseet.no\/garborgsenteret\/wp-content\/uploads\/sites\/2\/2015\/03\/arne-garborg1.jpg","width":637,"height":912},{"@type":"BreadcrumbList","@id":"https:\/\/www.jaermuseet.no\/garborgsenteret\/arne-garborg-1851-1924\/#breadcrumb","itemListElement":[{"@type":"ListItem","position":1,"name":"Hjem","item":"https:\/\/www.jaermuseet.no\/garborgsenteret\/"},{"@type":"ListItem","position":2,"name":"Arne Garborg (1851 &#8211; 1924)"}]},{"@type":"WebSite","@id":"https:\/\/www.jaermuseet.no\/garborgsenteret\/#website","url":"https:\/\/www.jaermuseet.no\/garborgsenteret\/","name":"Garborgsenteret","description":"A national arena to promote the interest for authors Arne and Hulda Garborg","potentialAction":[{"@type":"SearchAction","target":{"@type":"EntryPoint","urlTemplate":"https:\/\/www.jaermuseet.no\/garborgsenteret\/?s={search_term_string}"},"query-input":{"@type":"PropertyValueSpecification","valueRequired":true,"valueName":"search_term_string"}}],"inLanguage":"nn-NO"}]}},"jetpack_sharing_enabled":true,"_links":{"self":[{"href":"https:\/\/www.jaermuseet.no\/garborgsenteret\/wp-json\/wp\/v2\/pages\/360","targetHints":{"allow":["GET"]}}],"collection":[{"href":"https:\/\/www.jaermuseet.no\/garborgsenteret\/wp-json\/wp\/v2\/pages"}],"about":[{"href":"https:\/\/www.jaermuseet.no\/garborgsenteret\/wp-json\/wp\/v2\/types\/page"}],"author":[{"embeddable":true,"href":"https:\/\/www.jaermuseet.no\/garborgsenteret\/wp-json\/wp\/v2\/users\/15"}],"replies":[{"embeddable":true,"href":"https:\/\/www.jaermuseet.no\/garborgsenteret\/wp-json\/wp\/v2\/comments?post=360"}],"version-history":[{"count":11,"href":"https:\/\/www.jaermuseet.no\/garborgsenteret\/wp-json\/wp\/v2\/pages\/360\/revisions"}],"predecessor-version":[{"id":13930,"href":"https:\/\/www.jaermuseet.no\/garborgsenteret\/wp-json\/wp\/v2\/pages\/360\/revisions\/13930"}],"wp:featuredmedia":[{"embeddable":true,"href":"https:\/\/www.jaermuseet.no\/garborgsenteret\/wp-json\/wp\/v2\/media\/803"}],"wp:attachment":[{"href":"https:\/\/www.jaermuseet.no\/garborgsenteret\/wp-json\/wp\/v2\/media?parent=360"}],"curies":[{"name":"wp","href":"https:\/\/api.w.org\/{rel}","templated":true}]}}