{"id":359,"date":"2012-03-09T13:07:47","date_gmt":"2012-03-09T12:07:47","guid":{"rendered":"https:\/\/www.jaermuseet.no\/garborgsenteret\/arne-og-hulda-garborg\/"},"modified":"2020-09-29T13:47:07","modified_gmt":"2020-09-29T11:47:07","slug":"arne-og-hulda-garborg","status":"publish","type":"page","link":"https:\/\/www.jaermuseet.no\/garborgsenteret\/arne-og-hulda-garborg\/","title":{"rendered":"Arne og Hulda Garborg"},"content":{"rendered":"<p><strong>Hulda og Arne Garborg var sentrale norske intellektuelle i \u00e5ra mellom 1880 og 1930. Dei var engasjerte i nasjonale, kulturelle, religi\u00f8se og etiske sp\u00f8rsm\u00e5l. Det er vanskeleg \u00e5 f\u00f8restella seg korleis \u00e5ndslivet i Noreg hadde vore om ikkje desse to hadde levd. Dei prega sterkt kulturen, debatten og \u00e5ndsutviklinga i denne perioden, og sto sentrale i utforminga av det moderne Noreg.<\/strong><\/p>\n<p><img loading=\"lazy\" decoding=\"async\" style=\"margin-bottom: 10px; float: left; margin-right: 10px;\" src=\"https:\/\/www.jaermuseet.no\/wp-content\/uploads\/sites\/2\/2012\/03\/UngtEkteparWeb.jpg\" alt=\"Foto: Nasjonalbiblioteket\" width=\"336\" height=\"426\" \/>I utgangspunktet var paret umake. <a href=\"https:\/\/www.jaermuseet.no\/garborgsenteret\/arne-garborg-1851-1924\/\">Han<\/a> var 11 \u00e5r eldre enn henne og hadde allereie opparbeidd seg stor kulturell prestisje d\u00e5 dei m\u00f8ttest. <a href=\"https:\/\/www.jaermuseet.no\/garborgsenteret\/hulda-garborg-1862-1934\/\">Hulda<\/a> var berre ei ungjente med forfattaraspirasjonar. Likevel fann dei saman og i 1887 gifte dei seg. Saman fekk dei sonen Arne Olaus Fj\u00f8rtoft Garborg (oftast kalla Tuften). Som personar var Arne grublande og likte \u00e5 arbeida i einsemd, medan Hulda var sosial, praktisk og utovervendt.<\/p>\n<p>Arne og Hulda vart begge del av ei brei nasjonalpolitisk r\u00f8rsle som i midten av 1880-\u00e5ra tok over den politiske administrasjonen av det norske samfunnet. Arne var blitt lagt merke til som eit f\u00f8raremne, ein av dei som kunne setta dagsorden politisk og kulturelt. Dessutan vart dei begge etter kvart \u00f2g med i ei brei internasjonal kulturell r\u00f8rsle som b\u00e5de sette sitt preg p\u00e5 ei rekke sosiale sp\u00f8rsm\u00e5l og p\u00e5 kunst og litteratur heilt fram til i dag: modernismen. Desse to r\u00f8rslene sameinte dei og f\u00f8rte dei saman i skrivande prosjekt og politisk\/kulturelt arbeid.<\/p>\n<p>Saman skapte Arne og Hulda eit moderne ekteskap bygt p\u00e5 tillit og hardt arbeid. Dei respekterte og var rause med kvarandre og utvikla etterkvart eit vennskap og ein djup respekt for kvarandre som gjorde at ekteskapet bar gjennom store kriser.<\/p>\n<p>Begge var medvitne nasjonsbyggjarar med rot i bonderomantikken, men med perspektiv langt ut over denne. Dei sprang ut av det kulturelle Venstre, hadde alliansar b\u00e5de i Kristiania og internasjonalt. Dei \u00f8nskte eit friare Noreg bygd p\u00e5 folkestyre og demokrati, og ei friare verd. Prosjektet deira var \u00e5 skapa eit norsk kulturelt grunnlag for nasjonen, som skulle visa samanhengen med europeisk kultur. Sentralt i arbeidet deira st\u00e5r skrifta \u2013 alt det dei produserte i form av b\u00f8ker, artiklar, dagb\u00f8ker og brev. Me finn \u00f2g spor etter dei i dagens politiske og kulturelle liv, til d\u00f8mes nynorskarbeidet og Det Norske Teatret.<\/p>\n<p><span style=\"font-size: 8pt;\">Kjelde: Tor Obrestad sine biografiar <em>Arne Garborg: ein biografi<\/em> (1991) og <em>Hulda<\/em> (1992<\/span>).<\/p>\n\n\n<p><\/p>\n","protected":false},"excerpt":{"rendered":"<p>Hulda og Arne Garborg var sentrale norske intellektuelle i \u00e5ra&#8230;<\/p>\n","protected":false},"author":15,"featured_media":0,"parent":0,"menu_order":0,"comment_status":"open","ping_status":"open","template":"","meta":{"_acf_changed":false,"footnotes":""},"class_list":["post-359","page","type-page","status-publish","hentry","featured-image-size-large"],"acf":[],"yoast_head":"<!-- This site is optimized with the Yoast SEO plugin v27.4 - https:\/\/yoast.com\/product\/yoast-seo-wordpress\/ -->\n<title>Arne og Hulda Garborg - Garborgsenteret<\/title>\n<meta name=\"robots\" content=\"index, follow, max-snippet:-1, max-image-preview:large, max-video-preview:-1\" \/>\n<link rel=\"canonical\" href=\"https:\/\/www.jaermuseet.no\/garborgsenteret\/arne-og-hulda-garborg\/\" \/>\n<meta property=\"og:locale\" content=\"nn_NO\" \/>\n<meta property=\"og:type\" content=\"article\" \/>\n<meta property=\"og:title\" content=\"Arne og Hulda Garborg - Garborgsenteret\" \/>\n<meta property=\"og:description\" content=\"Hulda og Arne Garborg var sentrale norske intellektuelle i \u00e5ra...\" \/>\n<meta property=\"og:url\" content=\"https:\/\/www.jaermuseet.no\/garborgsenteret\/arne-og-hulda-garborg\/\" \/>\n<meta property=\"og:site_name\" content=\"Garborgsenteret\" \/>\n<meta property=\"article:modified_time\" content=\"2020-09-29T11:47:07+00:00\" \/>\n<meta property=\"og:image\" content=\"https:\/\/www.jaermuseet.no\/wp-content\/uploads\/sites\/2\/2012\/03\/UngtEkteparWeb.jpg\" \/>\n<meta name=\"twitter:card\" content=\"summary_large_image\" \/>\n<meta name=\"twitter:label1\" content=\"Est. reading time\" \/>\n\t<meta name=\"twitter:data1\" content=\"2 minutt\" \/>\n<script type=\"application\/ld+json\" class=\"yoast-schema-graph\">{\"@context\":\"https:\\\/\\\/schema.org\",\"@graph\":[{\"@type\":\"WebPage\",\"@id\":\"https:\\\/\\\/www.jaermuseet.no\\\/garborgsenteret\\\/arne-og-hulda-garborg\\\/\",\"url\":\"https:\\\/\\\/www.jaermuseet.no\\\/garborgsenteret\\\/arne-og-hulda-garborg\\\/\",\"name\":\"Arne og Hulda Garborg - Garborgsenteret\",\"isPartOf\":{\"@id\":\"https:\\\/\\\/www.jaermuseet.no\\\/garborgsenteret\\\/#website\"},\"primaryImageOfPage\":{\"@id\":\"https:\\\/\\\/www.jaermuseet.no\\\/garborgsenteret\\\/arne-og-hulda-garborg\\\/#primaryimage\"},\"image\":{\"@id\":\"https:\\\/\\\/www.jaermuseet.no\\\/garborgsenteret\\\/arne-og-hulda-garborg\\\/#primaryimage\"},\"thumbnailUrl\":\"https:\\\/\\\/www.jaermuseet.no\\\/wp-content\\\/uploads\\\/sites\\\/2\\\/2012\\\/03\\\/UngtEkteparWeb.jpg\",\"datePublished\":\"2012-03-09T12:07:47+00:00\",\"dateModified\":\"2020-09-29T11:47:07+00:00\",\"breadcrumb\":{\"@id\":\"https:\\\/\\\/www.jaermuseet.no\\\/garborgsenteret\\\/arne-og-hulda-garborg\\\/#breadcrumb\"},\"inLanguage\":\"nn-NO\",\"potentialAction\":[{\"@type\":\"ReadAction\",\"target\":[\"https:\\\/\\\/www.jaermuseet.no\\\/garborgsenteret\\\/arne-og-hulda-garborg\\\/\"]}]},{\"@type\":\"ImageObject\",\"inLanguage\":\"nn-NO\",\"@id\":\"https:\\\/\\\/www.jaermuseet.no\\\/garborgsenteret\\\/arne-og-hulda-garborg\\\/#primaryimage\",\"url\":\"https:\\\/\\\/www.jaermuseet.no\\\/wp-content\\\/uploads\\\/sites\\\/2\\\/2012\\\/03\\\/UngtEkteparWeb.jpg\",\"contentUrl\":\"https:\\\/\\\/www.jaermuseet.no\\\/wp-content\\\/uploads\\\/sites\\\/2\\\/2012\\\/03\\\/UngtEkteparWeb.jpg\"},{\"@type\":\"BreadcrumbList\",\"@id\":\"https:\\\/\\\/www.jaermuseet.no\\\/garborgsenteret\\\/arne-og-hulda-garborg\\\/#breadcrumb\",\"itemListElement\":[{\"@type\":\"ListItem\",\"position\":1,\"name\":\"Hjem\",\"item\":\"https:\\\/\\\/www.jaermuseet.no\\\/garborgsenteret\\\/\"},{\"@type\":\"ListItem\",\"position\":2,\"name\":\"Arne og Hulda Garborg\"}]},{\"@type\":\"WebSite\",\"@id\":\"https:\\\/\\\/www.jaermuseet.no\\\/garborgsenteret\\\/#website\",\"url\":\"https:\\\/\\\/www.jaermuseet.no\\\/garborgsenteret\\\/\",\"name\":\"Garborgsenteret\",\"description\":\"A national arena to promote the interest for authors Arne and Hulda Garborg\",\"potentialAction\":[{\"@type\":\"SearchAction\",\"target\":{\"@type\":\"EntryPoint\",\"urlTemplate\":\"https:\\\/\\\/www.jaermuseet.no\\\/garborgsenteret\\\/?s={search_term_string}\"},\"query-input\":{\"@type\":\"PropertyValueSpecification\",\"valueRequired\":true,\"valueName\":\"search_term_string\"}}],\"inLanguage\":\"nn-NO\"}]}<\/script>\n<!-- \/ Yoast SEO plugin. -->","yoast_head_json":{"title":"Arne og Hulda Garborg - Garborgsenteret","robots":{"index":"index","follow":"follow","max-snippet":"max-snippet:-1","max-image-preview":"max-image-preview:large","max-video-preview":"max-video-preview:-1"},"canonical":"https:\/\/www.jaermuseet.no\/garborgsenteret\/arne-og-hulda-garborg\/","og_locale":"nn_NO","og_type":"article","og_title":"Arne og Hulda Garborg - Garborgsenteret","og_description":"Hulda og Arne Garborg var sentrale norske intellektuelle i \u00e5ra...","og_url":"https:\/\/www.jaermuseet.no\/garborgsenteret\/arne-og-hulda-garborg\/","og_site_name":"Garborgsenteret","article_modified_time":"2020-09-29T11:47:07+00:00","og_image":[{"url":"https:\/\/www.jaermuseet.no\/wp-content\/uploads\/sites\/2\/2012\/03\/UngtEkteparWeb.jpg","type":"","width":"","height":""}],"twitter_card":"summary_large_image","twitter_misc":{"Est. reading time":"2 minutt"},"schema":{"@context":"https:\/\/schema.org","@graph":[{"@type":"WebPage","@id":"https:\/\/www.jaermuseet.no\/garborgsenteret\/arne-og-hulda-garborg\/","url":"https:\/\/www.jaermuseet.no\/garborgsenteret\/arne-og-hulda-garborg\/","name":"Arne og Hulda Garborg - Garborgsenteret","isPartOf":{"@id":"https:\/\/www.jaermuseet.no\/garborgsenteret\/#website"},"primaryImageOfPage":{"@id":"https:\/\/www.jaermuseet.no\/garborgsenteret\/arne-og-hulda-garborg\/#primaryimage"},"image":{"@id":"https:\/\/www.jaermuseet.no\/garborgsenteret\/arne-og-hulda-garborg\/#primaryimage"},"thumbnailUrl":"https:\/\/www.jaermuseet.no\/wp-content\/uploads\/sites\/2\/2012\/03\/UngtEkteparWeb.jpg","datePublished":"2012-03-09T12:07:47+00:00","dateModified":"2020-09-29T11:47:07+00:00","breadcrumb":{"@id":"https:\/\/www.jaermuseet.no\/garborgsenteret\/arne-og-hulda-garborg\/#breadcrumb"},"inLanguage":"nn-NO","potentialAction":[{"@type":"ReadAction","target":["https:\/\/www.jaermuseet.no\/garborgsenteret\/arne-og-hulda-garborg\/"]}]},{"@type":"ImageObject","inLanguage":"nn-NO","@id":"https:\/\/www.jaermuseet.no\/garborgsenteret\/arne-og-hulda-garborg\/#primaryimage","url":"https:\/\/www.jaermuseet.no\/wp-content\/uploads\/sites\/2\/2012\/03\/UngtEkteparWeb.jpg","contentUrl":"https:\/\/www.jaermuseet.no\/wp-content\/uploads\/sites\/2\/2012\/03\/UngtEkteparWeb.jpg"},{"@type":"BreadcrumbList","@id":"https:\/\/www.jaermuseet.no\/garborgsenteret\/arne-og-hulda-garborg\/#breadcrumb","itemListElement":[{"@type":"ListItem","position":1,"name":"Hjem","item":"https:\/\/www.jaermuseet.no\/garborgsenteret\/"},{"@type":"ListItem","position":2,"name":"Arne og Hulda Garborg"}]},{"@type":"WebSite","@id":"https:\/\/www.jaermuseet.no\/garborgsenteret\/#website","url":"https:\/\/www.jaermuseet.no\/garborgsenteret\/","name":"Garborgsenteret","description":"A national arena to promote the interest for authors Arne and Hulda Garborg","potentialAction":[{"@type":"SearchAction","target":{"@type":"EntryPoint","urlTemplate":"https:\/\/www.jaermuseet.no\/garborgsenteret\/?s={search_term_string}"},"query-input":{"@type":"PropertyValueSpecification","valueRequired":true,"valueName":"search_term_string"}}],"inLanguage":"nn-NO"}]}},"jetpack_sharing_enabled":true,"_links":{"self":[{"href":"https:\/\/www.jaermuseet.no\/garborgsenteret\/wp-json\/wp\/v2\/pages\/359","targetHints":{"allow":["GET"]}}],"collection":[{"href":"https:\/\/www.jaermuseet.no\/garborgsenteret\/wp-json\/wp\/v2\/pages"}],"about":[{"href":"https:\/\/www.jaermuseet.no\/garborgsenteret\/wp-json\/wp\/v2\/types\/page"}],"author":[{"embeddable":true,"href":"https:\/\/www.jaermuseet.no\/garborgsenteret\/wp-json\/wp\/v2\/users\/15"}],"replies":[{"embeddable":true,"href":"https:\/\/www.jaermuseet.no\/garborgsenteret\/wp-json\/wp\/v2\/comments?post=359"}],"version-history":[{"count":6,"href":"https:\/\/www.jaermuseet.no\/garborgsenteret\/wp-json\/wp\/v2\/pages\/359\/revisions"}],"predecessor-version":[{"id":7855,"href":"https:\/\/www.jaermuseet.no\/garborgsenteret\/wp-json\/wp\/v2\/pages\/359\/revisions\/7855"}],"wp:attachment":[{"href":"https:\/\/www.jaermuseet.no\/garborgsenteret\/wp-json\/wp\/v2\/media?parent=359"}],"curies":[{"name":"wp","href":"https:\/\/api.w.org\/{rel}","templated":true}]}}