{"id":358,"date":"2016-06-24T23:26:10","date_gmt":"2016-06-24T21:26:10","guid":{"rendered":"https:\/\/www.jaermuseet.no\/garborgsenteret\/om-nasjonalt-garborgsenter-2\/"},"modified":"2024-12-03T16:28:42","modified_gmt":"2024-12-03T14:28:42","slug":"om-nasjonalt-garborgsenter-2","status":"publish","type":"page","link":"https:\/\/www.jaermuseet.no\/garborgsenteret\/om-nasjonalt-garborgsenter-2\/","title":{"rendered":"Om Nasjonalt Garborgsenter"},"content":{"rendered":"\n<p>Senteret vil inspirera til samfunnsengasjement, til \u00e5 lesa og til \u00e5 skapa, og vera ein sosial m\u00f8teplass. Det er eit levande senter for demokrati, kunnskap og skaparkraft. Publikum blir invitert til \u00e5 setja fram meiningar og l\u00f8ysa oppg\u00e5ver for slik \u00e5 bli kjende med Arne og Hulda Garborg \u2013 ein skal l\u00e6ra gjennom \u00e5<strong> gjera.<\/strong><\/p>\n\n\n\n<p>M\u00e5lgruppa for senteret er eit allment publikum utan s\u00e6rskilte faglege f\u00f8resetnader. Ungdom i 15- 25-\u00e5rsalderen og unge vaksne er peika ut som hovudm\u00e5lgrupper for senteret sitt arbeid.<\/p>\n\n\n\n<p>Garborgsenteret ligg sentralt i Bryne, i Time kommune. Senteret er samlokalisert med Time bibliotek, plassert mellom h\u00f8ghuset Forum J\u00e6ren og den nye vidareg\u00e5ande skulen. Omr\u00e5det Garborgsenteret ligg i har fokus p\u00e5 l\u00e6ring, n\u00e6ring og kultur. Me vil at senteret skal vera ein stad der folk har lyst til \u00e5 vera, enten dei vil oppleva kultur, arbeida med store tankar og prosjekt, eller bare ta ein kaffikopp. Bygget er tilpassa alle desse f\u00f8rem\u00e5la og inneheld, i tillegg til utstillingsdelen og biblioteket, kaf\u00e9, butikk og ein sal til f\u00f8redrag og sm\u00e5 framsyningar.<\/p>\n\n\n\n<p>Bygget er universelt tilrettelagt.<\/p>\n\n\n\n<p>Her kan du sj\u00e5 3D-vising av utstillinga:<\/p>\n\n\n\n<iframe width='853' height='480' src='https:\/\/my.matterport.com\/show\/?m=JuoTZSdYCo4' frameborder='0' allowfullscreen allow='xr-spatial-tracking'><\/iframe>\n\n\n\n<hr class=\"wp-block-separator has-alpha-channel-opacity\"\/>\n\n\n\n<p>\u00abGarborgsentret er J\u00e6rmuseets humanistiska vitensenter. Garborgsentrets udstilling rummer en interaktivitet og publikumsinvolvering av h\u00f6g klass. Skoleforl\u00f8bet med folkeafstemningen, om man<br>i det fiktive landet som liknar Norge helt skal droppe det inhemska spr\u00e5ket og g\u00e5 over til engelsk som hovedsprog, er s\u00e6rdeles sp\u00e6ndende designet. Centret er en smuk kombination af bibliotek,<br>museum og vitensenter.\u00bb<br>Per-Edvin Persson og Asger H\u00f8eg: Evalueringsrapport av J\u00e6rmuseet 2016<\/p>\n\n\n\n<p>\u00abFormidlingen p\u00e5 Vitengarden, Vitenfabrikken og Garborgsentret viser, at J\u00e6rmuseet mestrer at udnytte de senest udviklede formidlingsteknikker.\u00bb<br>Per-Edvin Persson og Asger H\u00f8eg: Evalueringsrapport av J\u00e6rmuseet 2016<\/p>\n\n\n\n<p>\u00abAllt vad vi sett av J\u00e6rmuseet \u00e4r av h\u00f6g klass, men vi vill s\u00e4rskilt understryka det unika med Garborgsentret, ett vitensenter och dokumentationscenter i en biblioteksmilj\u00f6 som \u00e4r nydanande,<br>engagerande, intellektuellt stimulerande och intressev\u00e4ckande.\u00bb<br>Per-Edvin Persson og Asger H\u00f8eg: Evalueringsrapport av J\u00e6rmuseet 2016<\/p>\n\n\n\n<p>&#8220;En ut-av-monter-opplevelse. Selv for trette menn finnes h\u00e5p. P\u00e5 J\u00e6ren. Garborgsenteret klarer nemlig det de f\u00e6rreste museer makter: \u00e5 treffe m\u00e5lgruppeblink gjennom morsom og engasjerende interaktivitet. (&#8230;) Luftig design og oversiktlige medievalg gj\u00f8r at informasjonen kan tilpasses den l\u00e6restilen bes\u00f8kende har. I motsetning til mange museer, ekskluderer den ikke dyslektikere eller bes\u00f8kende med audiovisuell l\u00e6restil.&#8221;<br>Museumsnytt 1\/2013 (les heile meldinga <a href=\"http:\/\/www.museumsnytt.no\/forside-stor\/en-ut-av-monter-opplevelse\">her<\/a>)<\/p>\n\n\n\n<p>&#8220;Utfordrande vil det alltid vere \u00e5 skape engasjement omkring utstillingar som fors\u00f8ker \u00e5 visualisere s\u00e5 pass teoretiske tema. At Garborgsenteret likevel maktar det, vart eg overtydd om da eg fekk sj\u00e5 innsatsen til den heller museumserfarne gjengen eg sj\u00f8lv var ein del av denne kvelden. Museumsfolk er nok ikkje alltid dei enklaste \u00e5 ha med p\u00e5 omvising. Men her koste dei seg verkeleg.&#8221;<br>Aalesund- og Borgundberetninger 22.2.13 (les heile blogginnlegget <a href=\"http:\/\/ivargunnar.blogspot.no\/2013\/02\/fotefar-etter-garborg.html\">her<\/a>)<\/p>\n","protected":false},"excerpt":{"rendered":"<p>Senteret vil inspirera til samfunnsengasjement, til \u00e5 lesa og til&#8230;<\/p>\n","protected":false},"author":15,"featured_media":226,"parent":0,"menu_order":0,"comment_status":"open","ping_status":"open","template":"","meta":{"_acf_changed":false,"footnotes":""},"class_list":["post-358","page","type-page","status-publish","has-post-thumbnail","hentry","featured-image-size-large"],"acf":[],"yoast_head":"<!-- This site is optimized with the Yoast SEO plugin v27.3 - https:\/\/yoast.com\/product\/yoast-seo-wordpress\/ -->\n<title>Om Nasjonalt Garborgsenter - Garborgsenteret<\/title>\n<meta name=\"robots\" content=\"index, follow, max-snippet:-1, max-image-preview:large, max-video-preview:-1\" \/>\n<link rel=\"canonical\" href=\"https:\/\/www.jaermuseet.no\/garborgsenteret\/om-nasjonalt-garborgsenter-2\/\" \/>\n<meta property=\"og:locale\" content=\"nn_NO\" \/>\n<meta property=\"og:type\" content=\"article\" \/>\n<meta property=\"og:title\" content=\"Om Nasjonalt Garborgsenter - Garborgsenteret\" \/>\n<meta property=\"og:description\" content=\"Senteret vil inspirera til samfunnsengasjement, til \u00e5 lesa og til...\" \/>\n<meta property=\"og:url\" content=\"https:\/\/www.jaermuseet.no\/garborgsenteret\/om-nasjonalt-garborgsenter-2\/\" \/>\n<meta property=\"og:site_name\" content=\"Garborgsenteret\" \/>\n<meta property=\"article:modified_time\" content=\"2024-12-03T14:28:42+00:00\" \/>\n<meta property=\"og:image\" content=\"https:\/\/www.jaermuseet.no\/garborgsenteret\/wp-content\/uploads\/sites\/2\/2015\/01\/fasade-garborgsenteret.jpg\" \/>\n\t<meta property=\"og:image:width\" content=\"1400\" \/>\n\t<meta property=\"og:image:height\" content=\"763\" \/>\n\t<meta property=\"og:image:type\" content=\"image\/jpeg\" \/>\n<meta name=\"twitter:card\" content=\"summary_large_image\" \/>\n<meta name=\"twitter:label1\" content=\"Est. reading time\" \/>\n\t<meta name=\"twitter:data1\" content=\"3 minutt\" \/>\n<script type=\"application\/ld+json\" class=\"yoast-schema-graph\">{\"@context\":\"https:\\\/\\\/schema.org\",\"@graph\":[{\"@type\":\"WebPage\",\"@id\":\"https:\\\/\\\/www.jaermuseet.no\\\/garborgsenteret\\\/om-nasjonalt-garborgsenter-2\\\/\",\"url\":\"https:\\\/\\\/www.jaermuseet.no\\\/garborgsenteret\\\/om-nasjonalt-garborgsenter-2\\\/\",\"name\":\"Om Nasjonalt Garborgsenter - Garborgsenteret\",\"isPartOf\":{\"@id\":\"https:\\\/\\\/www.jaermuseet.no\\\/garborgsenteret\\\/#website\"},\"primaryImageOfPage\":{\"@id\":\"https:\\\/\\\/www.jaermuseet.no\\\/garborgsenteret\\\/om-nasjonalt-garborgsenter-2\\\/#primaryimage\"},\"image\":{\"@id\":\"https:\\\/\\\/www.jaermuseet.no\\\/garborgsenteret\\\/om-nasjonalt-garborgsenter-2\\\/#primaryimage\"},\"thumbnailUrl\":\"https:\\\/\\\/www.jaermuseet.no\\\/garborgsenteret\\\/wp-content\\\/uploads\\\/sites\\\/2\\\/2015\\\/01\\\/fasade-garborgsenteret.jpg\",\"datePublished\":\"2016-06-24T21:26:10+00:00\",\"dateModified\":\"2024-12-03T14:28:42+00:00\",\"breadcrumb\":{\"@id\":\"https:\\\/\\\/www.jaermuseet.no\\\/garborgsenteret\\\/om-nasjonalt-garborgsenter-2\\\/#breadcrumb\"},\"inLanguage\":\"nn-NO\",\"potentialAction\":[{\"@type\":\"ReadAction\",\"target\":[\"https:\\\/\\\/www.jaermuseet.no\\\/garborgsenteret\\\/om-nasjonalt-garborgsenter-2\\\/\"]}]},{\"@type\":\"ImageObject\",\"inLanguage\":\"nn-NO\",\"@id\":\"https:\\\/\\\/www.jaermuseet.no\\\/garborgsenteret\\\/om-nasjonalt-garborgsenter-2\\\/#primaryimage\",\"url\":\"https:\\\/\\\/www.jaermuseet.no\\\/garborgsenteret\\\/wp-content\\\/uploads\\\/sites\\\/2\\\/2015\\\/01\\\/fasade-garborgsenteret.jpg\",\"contentUrl\":\"https:\\\/\\\/www.jaermuseet.no\\\/garborgsenteret\\\/wp-content\\\/uploads\\\/sites\\\/2\\\/2015\\\/01\\\/fasade-garborgsenteret.jpg\",\"width\":1400,\"height\":763},{\"@type\":\"BreadcrumbList\",\"@id\":\"https:\\\/\\\/www.jaermuseet.no\\\/garborgsenteret\\\/om-nasjonalt-garborgsenter-2\\\/#breadcrumb\",\"itemListElement\":[{\"@type\":\"ListItem\",\"position\":1,\"name\":\"Hjem\",\"item\":\"https:\\\/\\\/www.jaermuseet.no\\\/garborgsenteret\\\/\"},{\"@type\":\"ListItem\",\"position\":2,\"name\":\"Om Nasjonalt Garborgsenter\"}]},{\"@type\":\"WebSite\",\"@id\":\"https:\\\/\\\/www.jaermuseet.no\\\/garborgsenteret\\\/#website\",\"url\":\"https:\\\/\\\/www.jaermuseet.no\\\/garborgsenteret\\\/\",\"name\":\"Garborgsenteret\",\"description\":\"A national arena to promote the interest for authors Arne and Hulda Garborg\",\"potentialAction\":[{\"@type\":\"SearchAction\",\"target\":{\"@type\":\"EntryPoint\",\"urlTemplate\":\"https:\\\/\\\/www.jaermuseet.no\\\/garborgsenteret\\\/?s={search_term_string}\"},\"query-input\":{\"@type\":\"PropertyValueSpecification\",\"valueRequired\":true,\"valueName\":\"search_term_string\"}}],\"inLanguage\":\"nn-NO\"}]}<\/script>\n<!-- \/ Yoast SEO plugin. -->","yoast_head_json":{"title":"Om Nasjonalt Garborgsenter - Garborgsenteret","robots":{"index":"index","follow":"follow","max-snippet":"max-snippet:-1","max-image-preview":"max-image-preview:large","max-video-preview":"max-video-preview:-1"},"canonical":"https:\/\/www.jaermuseet.no\/garborgsenteret\/om-nasjonalt-garborgsenter-2\/","og_locale":"nn_NO","og_type":"article","og_title":"Om Nasjonalt Garborgsenter - Garborgsenteret","og_description":"Senteret vil inspirera til samfunnsengasjement, til \u00e5 lesa og til...","og_url":"https:\/\/www.jaermuseet.no\/garborgsenteret\/om-nasjonalt-garborgsenter-2\/","og_site_name":"Garborgsenteret","article_modified_time":"2024-12-03T14:28:42+00:00","og_image":[{"width":1400,"height":763,"url":"https:\/\/www.jaermuseet.no\/garborgsenteret\/wp-content\/uploads\/sites\/2\/2015\/01\/fasade-garborgsenteret.jpg","type":"image\/jpeg"}],"twitter_card":"summary_large_image","twitter_misc":{"Est. reading time":"3 minutt"},"schema":{"@context":"https:\/\/schema.org","@graph":[{"@type":"WebPage","@id":"https:\/\/www.jaermuseet.no\/garborgsenteret\/om-nasjonalt-garborgsenter-2\/","url":"https:\/\/www.jaermuseet.no\/garborgsenteret\/om-nasjonalt-garborgsenter-2\/","name":"Om Nasjonalt Garborgsenter - Garborgsenteret","isPartOf":{"@id":"https:\/\/www.jaermuseet.no\/garborgsenteret\/#website"},"primaryImageOfPage":{"@id":"https:\/\/www.jaermuseet.no\/garborgsenteret\/om-nasjonalt-garborgsenter-2\/#primaryimage"},"image":{"@id":"https:\/\/www.jaermuseet.no\/garborgsenteret\/om-nasjonalt-garborgsenter-2\/#primaryimage"},"thumbnailUrl":"https:\/\/www.jaermuseet.no\/garborgsenteret\/wp-content\/uploads\/sites\/2\/2015\/01\/fasade-garborgsenteret.jpg","datePublished":"2016-06-24T21:26:10+00:00","dateModified":"2024-12-03T14:28:42+00:00","breadcrumb":{"@id":"https:\/\/www.jaermuseet.no\/garborgsenteret\/om-nasjonalt-garborgsenter-2\/#breadcrumb"},"inLanguage":"nn-NO","potentialAction":[{"@type":"ReadAction","target":["https:\/\/www.jaermuseet.no\/garborgsenteret\/om-nasjonalt-garborgsenter-2\/"]}]},{"@type":"ImageObject","inLanguage":"nn-NO","@id":"https:\/\/www.jaermuseet.no\/garborgsenteret\/om-nasjonalt-garborgsenter-2\/#primaryimage","url":"https:\/\/www.jaermuseet.no\/garborgsenteret\/wp-content\/uploads\/sites\/2\/2015\/01\/fasade-garborgsenteret.jpg","contentUrl":"https:\/\/www.jaermuseet.no\/garborgsenteret\/wp-content\/uploads\/sites\/2\/2015\/01\/fasade-garborgsenteret.jpg","width":1400,"height":763},{"@type":"BreadcrumbList","@id":"https:\/\/www.jaermuseet.no\/garborgsenteret\/om-nasjonalt-garborgsenter-2\/#breadcrumb","itemListElement":[{"@type":"ListItem","position":1,"name":"Hjem","item":"https:\/\/www.jaermuseet.no\/garborgsenteret\/"},{"@type":"ListItem","position":2,"name":"Om Nasjonalt Garborgsenter"}]},{"@type":"WebSite","@id":"https:\/\/www.jaermuseet.no\/garborgsenteret\/#website","url":"https:\/\/www.jaermuseet.no\/garborgsenteret\/","name":"Garborgsenteret","description":"A national arena to promote the interest for authors Arne and Hulda Garborg","potentialAction":[{"@type":"SearchAction","target":{"@type":"EntryPoint","urlTemplate":"https:\/\/www.jaermuseet.no\/garborgsenteret\/?s={search_term_string}"},"query-input":{"@type":"PropertyValueSpecification","valueRequired":true,"valueName":"search_term_string"}}],"inLanguage":"nn-NO"}]}},"jetpack_sharing_enabled":true,"_links":{"self":[{"href":"https:\/\/www.jaermuseet.no\/garborgsenteret\/wp-json\/wp\/v2\/pages\/358","targetHints":{"allow":["GET"]}}],"collection":[{"href":"https:\/\/www.jaermuseet.no\/garborgsenteret\/wp-json\/wp\/v2\/pages"}],"about":[{"href":"https:\/\/www.jaermuseet.no\/garborgsenteret\/wp-json\/wp\/v2\/types\/page"}],"author":[{"embeddable":true,"href":"https:\/\/www.jaermuseet.no\/garborgsenteret\/wp-json\/wp\/v2\/users\/15"}],"replies":[{"embeddable":true,"href":"https:\/\/www.jaermuseet.no\/garborgsenteret\/wp-json\/wp\/v2\/comments?post=358"}],"version-history":[{"count":17,"href":"https:\/\/www.jaermuseet.no\/garborgsenteret\/wp-json\/wp\/v2\/pages\/358\/revisions"}],"predecessor-version":[{"id":13706,"href":"https:\/\/www.jaermuseet.no\/garborgsenteret\/wp-json\/wp\/v2\/pages\/358\/revisions\/13706"}],"wp:featuredmedia":[{"embeddable":true,"href":"https:\/\/www.jaermuseet.no\/garborgsenteret\/wp-json\/wp\/v2\/media\/226"}],"wp:attachment":[{"href":"https:\/\/www.jaermuseet.no\/garborgsenteret\/wp-json\/wp\/v2\/media?parent=358"}],"curies":[{"name":"wp","href":"https:\/\/api.w.org\/{rel}","templated":true}]}}