{"id":352,"date":"2011-10-05T18:59:12","date_gmt":"2011-10-05T17:59:12","guid":{"rendered":"https:\/\/www.jaermuseet.no\/garborgsenteret\/kronene-rullar-inn-til-garborg\/"},"modified":"2011-10-05T18:59:12","modified_gmt":"2011-10-05T17:59:12","slug":"kronene-rullar-inn-til-garborg","status":"publish","type":"page","link":"https:\/\/www.jaermuseet.no\/garborgsenteret\/kronene-rullar-inn-til-garborg\/","title":{"rendered":"Kronene rullar inn til Garborg"},"content":{"rendered":"<p>No g\u00e5r Nasjonalt Garborgsenter breidt ut og oppmodar private, store og sm\u00e5 bedrifter til \u00e5 vera med p\u00e5 ei kronerulling. For kvar krone som kjem inn, stiller Sparebank 1 SR-Bank opp med same bel\u00f8p.<\/p>\n<p>I 1921 fekk Arne Garborg svimlande 104.000 kroner &#8211; og ein fjordhest &#8211; i g\u00e5ve fr\u00e5 det norske folket. No h\u00e5per Garborgsenteret at folket igjen vert med p\u00e5 ei folkeg\u00e5ve til Garborg.<\/p>\n<p>Vil du gi ei g\u00e5ve til senteret, kan du setta pengar inn direkte p\u00e5 kontonummer 3335.07.03409. Merk g\u00e5va &#8220;G\u00e5ve Garborgsenteret + namnet ditt \/ evt. bedrifta di&#8221;. Alle som gir ei g\u00e5ve, vil f\u00e5 namnet sitt i senteret sin takkeprotokoll.  <\/p>\n<p>Skattefr\u00e5drag: Du kan f\u00e5 skattefr\u00e5drag for g\u00e5ver til Garborgsenteret. Minimumsbel\u00f8p for \u00e5 f\u00e5 skattetrekket er 500 kroner. Ring J\u00e6rmuseet v\/Elisebeth Rugland, tlf 475 00 333 for meir informasjon.<\/p>\n<p><img loading=\"lazy\" decoding=\"async\" src=\"https:\/\/www.jaermuseet.no\/wp-content\/uploads\/sites\/2\/2011\/10\/Arne_og_Hulda_web2.jpg\" alt=\"Arne_og_Hulda_web2\" style=\"margin-bottom: 10px;margin-right: 10px\" height=\"249\" width=\"339\" \/><\/p>\n<p>\u00a0<\/p>\n<p>Det vert nok stridt;<\/p>\n<p>men litt om litt<\/p>\n<p>det gjeng, n\u00e5r kvar vil gjera sitt.<\/p>\n<p>Tek kvar og ein<\/p>\n<p>sin vesle stein,<\/p>\n<p>er snart v\u00e5r \u00e5ker rein.<\/p>\n<p>Arne Garborg<\/p>\n<p>\u00a0<\/p>\n<p>Me gler oss til opninga!<\/p>\n<p><span style=\"font-size: 8pt\">Teikningane av Hulda og Arne Garborg er teikna av Steffen Kverneland. <\/span><\/p>\n","protected":false},"excerpt":{"rendered":"<p>Nasjonalt Garborgsenter p\u00e5 Bryne opnar i fyrste halvdel av 2012. Senteret skal inspirera til samfunnsengasjement, til \u00e5 lesa og til \u00e5 skapa. Utstillinga er no under oppbygging. Mange har vore med og bidrege \u00f8konomisk til \u00e5 f\u00e5 senteret p\u00e5 plass, og ein er no inne i siste innspurt for \u00e5 f\u00e5 dei siste 2 millionar kronene p\u00e5 plass.<\/p>\n","protected":false},"author":15,"featured_media":0,"parent":0,"menu_order":0,"comment_status":"open","ping_status":"open","template":"","meta":{"_acf_changed":false,"footnotes":""},"class_list":["post-352","page","type-page","status-publish","hentry"],"acf":[],"yoast_head":"<!-- This site is optimized with the Yoast SEO plugin v27.4 - https:\/\/yoast.com\/product\/yoast-seo-wordpress\/ -->\n<title>Kronene rullar inn til Garborg - Garborgsenteret<\/title>\n<meta name=\"robots\" content=\"index, follow, max-snippet:-1, max-image-preview:large, max-video-preview:-1\" \/>\n<link rel=\"canonical\" href=\"https:\/\/www.jaermuseet.no\/garborgsenteret\/kronene-rullar-inn-til-garborg\/\" \/>\n<meta property=\"og:locale\" content=\"nn_NO\" \/>\n<meta property=\"og:type\" content=\"article\" \/>\n<meta property=\"og:title\" content=\"Kronene rullar inn til Garborg - Garborgsenteret\" \/>\n<meta property=\"og:description\" content=\"Nasjonalt Garborgsenter p\u00e5 Bryne opnar i fyrste halvdel av 2012. Senteret skal inspirera til samfunnsengasjement, til \u00e5 lesa og til \u00e5 skapa. Utstillinga er no under oppbygging. Mange har vore med og bidrege \u00f8konomisk til \u00e5 f\u00e5 senteret p\u00e5 plass, og ein er no inne i siste innspurt for \u00e5 f\u00e5 dei siste 2 millionar kronene p\u00e5 plass.\" \/>\n<meta property=\"og:url\" content=\"https:\/\/www.jaermuseet.no\/garborgsenteret\/kronene-rullar-inn-til-garborg\/\" \/>\n<meta property=\"og:site_name\" content=\"Garborgsenteret\" \/>\n<meta property=\"og:image\" content=\"https:\/\/www.jaermuseet.no\/wp-content\/uploads\/sites\/2\/2011\/10\/Arne_og_Hulda_web2.jpg\" \/>\n<meta name=\"twitter:card\" content=\"summary_large_image\" \/>\n<meta name=\"twitter:label1\" content=\"Est. reading time\" \/>\n\t<meta name=\"twitter:data1\" content=\"1 minutt\" \/>\n<script type=\"application\/ld+json\" class=\"yoast-schema-graph\">{\"@context\":\"https:\\\/\\\/schema.org\",\"@graph\":[{\"@type\":\"WebPage\",\"@id\":\"https:\\\/\\\/www.jaermuseet.no\\\/garborgsenteret\\\/kronene-rullar-inn-til-garborg\\\/\",\"url\":\"https:\\\/\\\/www.jaermuseet.no\\\/garborgsenteret\\\/kronene-rullar-inn-til-garborg\\\/\",\"name\":\"Kronene rullar inn til Garborg - Garborgsenteret\",\"isPartOf\":{\"@id\":\"https:\\\/\\\/www.jaermuseet.no\\\/garborgsenteret\\\/#website\"},\"primaryImageOfPage\":{\"@id\":\"https:\\\/\\\/www.jaermuseet.no\\\/garborgsenteret\\\/kronene-rullar-inn-til-garborg\\\/#primaryimage\"},\"image\":{\"@id\":\"https:\\\/\\\/www.jaermuseet.no\\\/garborgsenteret\\\/kronene-rullar-inn-til-garborg\\\/#primaryimage\"},\"thumbnailUrl\":\"https:\\\/\\\/www.jaermuseet.no\\\/wp-content\\\/uploads\\\/sites\\\/2\\\/2011\\\/10\\\/Arne_og_Hulda_web2.jpg\",\"datePublished\":\"2011-10-05T17:59:12+00:00\",\"breadcrumb\":{\"@id\":\"https:\\\/\\\/www.jaermuseet.no\\\/garborgsenteret\\\/kronene-rullar-inn-til-garborg\\\/#breadcrumb\"},\"inLanguage\":\"nn-NO\",\"potentialAction\":[{\"@type\":\"ReadAction\",\"target\":[\"https:\\\/\\\/www.jaermuseet.no\\\/garborgsenteret\\\/kronene-rullar-inn-til-garborg\\\/\"]}]},{\"@type\":\"ImageObject\",\"inLanguage\":\"nn-NO\",\"@id\":\"https:\\\/\\\/www.jaermuseet.no\\\/garborgsenteret\\\/kronene-rullar-inn-til-garborg\\\/#primaryimage\",\"url\":\"https:\\\/\\\/www.jaermuseet.no\\\/wp-content\\\/uploads\\\/sites\\\/2\\\/2011\\\/10\\\/Arne_og_Hulda_web2.jpg\",\"contentUrl\":\"https:\\\/\\\/www.jaermuseet.no\\\/wp-content\\\/uploads\\\/sites\\\/2\\\/2011\\\/10\\\/Arne_og_Hulda_web2.jpg\"},{\"@type\":\"BreadcrumbList\",\"@id\":\"https:\\\/\\\/www.jaermuseet.no\\\/garborgsenteret\\\/kronene-rullar-inn-til-garborg\\\/#breadcrumb\",\"itemListElement\":[{\"@type\":\"ListItem\",\"position\":1,\"name\":\"Hjem\",\"item\":\"https:\\\/\\\/www.jaermuseet.no\\\/garborgsenteret\\\/\"},{\"@type\":\"ListItem\",\"position\":2,\"name\":\"Kronene rullar inn til Garborg\"}]},{\"@type\":\"WebSite\",\"@id\":\"https:\\\/\\\/www.jaermuseet.no\\\/garborgsenteret\\\/#website\",\"url\":\"https:\\\/\\\/www.jaermuseet.no\\\/garborgsenteret\\\/\",\"name\":\"Garborgsenteret\",\"description\":\"A national arena to promote the interest for authors Arne and Hulda Garborg\",\"potentialAction\":[{\"@type\":\"SearchAction\",\"target\":{\"@type\":\"EntryPoint\",\"urlTemplate\":\"https:\\\/\\\/www.jaermuseet.no\\\/garborgsenteret\\\/?s={search_term_string}\"},\"query-input\":{\"@type\":\"PropertyValueSpecification\",\"valueRequired\":true,\"valueName\":\"search_term_string\"}}],\"inLanguage\":\"nn-NO\"}]}<\/script>\n<!-- \/ Yoast SEO plugin. -->","yoast_head_json":{"title":"Kronene rullar inn til Garborg - Garborgsenteret","robots":{"index":"index","follow":"follow","max-snippet":"max-snippet:-1","max-image-preview":"max-image-preview:large","max-video-preview":"max-video-preview:-1"},"canonical":"https:\/\/www.jaermuseet.no\/garborgsenteret\/kronene-rullar-inn-til-garborg\/","og_locale":"nn_NO","og_type":"article","og_title":"Kronene rullar inn til Garborg - Garborgsenteret","og_description":"Nasjonalt Garborgsenter p\u00e5 Bryne opnar i fyrste halvdel av 2012. Senteret skal inspirera til samfunnsengasjement, til \u00e5 lesa og til \u00e5 skapa. Utstillinga er no under oppbygging. Mange har vore med og bidrege \u00f8konomisk til \u00e5 f\u00e5 senteret p\u00e5 plass, og ein er no inne i siste innspurt for \u00e5 f\u00e5 dei siste 2 millionar kronene p\u00e5 plass.","og_url":"https:\/\/www.jaermuseet.no\/garborgsenteret\/kronene-rullar-inn-til-garborg\/","og_site_name":"Garborgsenteret","og_image":[{"url":"https:\/\/www.jaermuseet.no\/wp-content\/uploads\/sites\/2\/2011\/10\/Arne_og_Hulda_web2.jpg","type":"","width":"","height":""}],"twitter_card":"summary_large_image","twitter_misc":{"Est. reading time":"1 minutt"},"schema":{"@context":"https:\/\/schema.org","@graph":[{"@type":"WebPage","@id":"https:\/\/www.jaermuseet.no\/garborgsenteret\/kronene-rullar-inn-til-garborg\/","url":"https:\/\/www.jaermuseet.no\/garborgsenteret\/kronene-rullar-inn-til-garborg\/","name":"Kronene rullar inn til Garborg - Garborgsenteret","isPartOf":{"@id":"https:\/\/www.jaermuseet.no\/garborgsenteret\/#website"},"primaryImageOfPage":{"@id":"https:\/\/www.jaermuseet.no\/garborgsenteret\/kronene-rullar-inn-til-garborg\/#primaryimage"},"image":{"@id":"https:\/\/www.jaermuseet.no\/garborgsenteret\/kronene-rullar-inn-til-garborg\/#primaryimage"},"thumbnailUrl":"https:\/\/www.jaermuseet.no\/wp-content\/uploads\/sites\/2\/2011\/10\/Arne_og_Hulda_web2.jpg","datePublished":"2011-10-05T17:59:12+00:00","breadcrumb":{"@id":"https:\/\/www.jaermuseet.no\/garborgsenteret\/kronene-rullar-inn-til-garborg\/#breadcrumb"},"inLanguage":"nn-NO","potentialAction":[{"@type":"ReadAction","target":["https:\/\/www.jaermuseet.no\/garborgsenteret\/kronene-rullar-inn-til-garborg\/"]}]},{"@type":"ImageObject","inLanguage":"nn-NO","@id":"https:\/\/www.jaermuseet.no\/garborgsenteret\/kronene-rullar-inn-til-garborg\/#primaryimage","url":"https:\/\/www.jaermuseet.no\/wp-content\/uploads\/sites\/2\/2011\/10\/Arne_og_Hulda_web2.jpg","contentUrl":"https:\/\/www.jaermuseet.no\/wp-content\/uploads\/sites\/2\/2011\/10\/Arne_og_Hulda_web2.jpg"},{"@type":"BreadcrumbList","@id":"https:\/\/www.jaermuseet.no\/garborgsenteret\/kronene-rullar-inn-til-garborg\/#breadcrumb","itemListElement":[{"@type":"ListItem","position":1,"name":"Hjem","item":"https:\/\/www.jaermuseet.no\/garborgsenteret\/"},{"@type":"ListItem","position":2,"name":"Kronene rullar inn til Garborg"}]},{"@type":"WebSite","@id":"https:\/\/www.jaermuseet.no\/garborgsenteret\/#website","url":"https:\/\/www.jaermuseet.no\/garborgsenteret\/","name":"Garborgsenteret","description":"A national arena to promote the interest for authors Arne and Hulda Garborg","potentialAction":[{"@type":"SearchAction","target":{"@type":"EntryPoint","urlTemplate":"https:\/\/www.jaermuseet.no\/garborgsenteret\/?s={search_term_string}"},"query-input":{"@type":"PropertyValueSpecification","valueRequired":true,"valueName":"search_term_string"}}],"inLanguage":"nn-NO"}]}},"jetpack_sharing_enabled":true,"_links":{"self":[{"href":"https:\/\/www.jaermuseet.no\/garborgsenteret\/wp-json\/wp\/v2\/pages\/352","targetHints":{"allow":["GET"]}}],"collection":[{"href":"https:\/\/www.jaermuseet.no\/garborgsenteret\/wp-json\/wp\/v2\/pages"}],"about":[{"href":"https:\/\/www.jaermuseet.no\/garborgsenteret\/wp-json\/wp\/v2\/types\/page"}],"author":[{"embeddable":true,"href":"https:\/\/www.jaermuseet.no\/garborgsenteret\/wp-json\/wp\/v2\/users\/15"}],"replies":[{"embeddable":true,"href":"https:\/\/www.jaermuseet.no\/garborgsenteret\/wp-json\/wp\/v2\/comments?post=352"}],"version-history":[{"count":0,"href":"https:\/\/www.jaermuseet.no\/garborgsenteret\/wp-json\/wp\/v2\/pages\/352\/revisions"}],"wp:attachment":[{"href":"https:\/\/www.jaermuseet.no\/garborgsenteret\/wp-json\/wp\/v2\/media?parent=352"}],"curies":[{"name":"wp","href":"https:\/\/api.w.org\/{rel}","templated":true}]}}