{"id":2608,"date":"2016-05-09T12:02:16","date_gmt":"2016-05-09T10:02:16","guid":{"rendered":"https:\/\/www.jaermuseet.no\/garborgsenteret\/?page_id=2608"},"modified":"2023-07-11T15:34:33","modified_gmt":"2023-07-11T13:34:33","slug":"garborgloypa","status":"publish","type":"page","link":"https:\/\/www.jaermuseet.no\/garborgsenteret\/garborgloypa\/","title":{"rendered":"Garborgl\u00f8ypa"},"content":{"rendered":"\n<p>N\u00e5 kan du ta med deg smarttelefonen eller nettbrettet og oppleva litteraturen til Arne Garborg p\u00e5 ein ny m\u00e5te. Ved hjelp av QR-kodar kan du oppleva&nbsp;over 60&nbsp;scenar i og utanfor Knudaheio, Garborgheimen og Time kyrkje, halvparten film og halvparten lydspor. Kodane som er plasserte utand\u00f8rs er tilgjengelege for alle \u00e5ret rundt, dei inne er tilgjengelege i opningstida eller etter avtale.<\/p>\n\n\n\n<p>Innhaldet er henta fr\u00e5 meisterverka <em>Haugtussa<\/em> og<em> Fred<\/em>, samt dagb\u00f8ker og den sj\u00f8lvbiografiske boka <em>Knudaheibrev<\/em>.<\/p>\n\n\n<div class=\"wp-block-image\">\n<figure class=\"alignleft\"><a href=\"https:\/\/www.jaermuseet.no\/garborgsenteret\/aktiviteter\/premierefest-for-garborgloypa\/filmplakat\/\" rel=\"attachment wp-att-3013\"><img loading=\"lazy\" decoding=\"async\" width=\"212\" height=\"300\" src=\"https:\/\/www.jaermuseet.no\/garborgsenteret\/wp-content\/uploads\/sites\/2\/2016\/02\/Filmplakat-212x300.jpg\" alt=\"Filmplakat\" class=\"wp-image-3013\" srcset=\"https:\/\/www.jaermuseet.no\/garborgsenteret\/wp-content\/uploads\/sites\/2\/2016\/02\/Filmplakat-212x300.jpg 212w, https:\/\/www.jaermuseet.no\/garborgsenteret\/wp-content\/uploads\/sites\/2\/2016\/02\/Filmplakat-768x1086.jpg 768w, https:\/\/www.jaermuseet.no\/garborgsenteret\/wp-content\/uploads\/sites\/2\/2016\/02\/Filmplakat-724x1024.jpg 724w, https:\/\/www.jaermuseet.no\/garborgsenteret\/wp-content\/uploads\/sites\/2\/2016\/02\/Filmplakat-250x353.jpg 250w, https:\/\/www.jaermuseet.no\/garborgsenteret\/wp-content\/uploads\/sites\/2\/2016\/02\/Filmplakat.jpg 1754w\" sizes=\"auto, (max-width: 212px) 100vw, 212px\" \/><\/a><\/figure>\n<\/div>\n\n\n<p>Garborgl\u00f8ypa fomidlar Arne Garborg si litter\u00e6re skattkiste der som ho h\u00f8yrer mest heime, i landskapet som inspirerte han og som han s\u00e5g f\u00f8re seg n\u00e5r han skreiv. Tekstane vert presentert gjennom film og lydfiler av skodespelarar som representerer forfattaren sj\u00f8lv, familien eller litter\u00e6re superstjerner som Veslem\u00f8y og Enok Hove.<\/p>\n\n\n\n<p>Noko av det nyskapande med Garborgl\u00f8ypa er at mediefilene vert knytt til den spesifikke staden der punkta st\u00e5r. Innhaldet i lydfilene gjenspeglar utsynet, og filmane er laga slik at figurane dukkar opp i landskapet like framfor sj\u00e5aren. Br\u00e5tt sit Arne Garborg p\u00e5 benken ved sida av deg og snakkar, eller Veslem\u00f8y dansar p\u00e5 stien du g\u00e5r p\u00e5. Landskapet utgjer ei fortsetjing av bildet p\u00e5 skjermen, noko som styrkar n\u00e6rv\u00e6ret til b\u00e5de litteraturen.<\/p>\n\n\n\n<p>Du kn f\u00e5 stort utbytte av l\u00f8ype sj\u00f8lv om du berre opps\u00f8ker den eine av stadane. Kvart spor st\u00e5r for seg sj\u00f8lv og representerer den staden det st\u00e5r p\u00e5. Der f\u00e5r du oppleva Arne Garborg sin bejubla naturlyrikk, men \u00f2g psykologisk drama, barndomsminne og skildring av J\u00e6ren og j\u00e6rbuen.<\/p>\n\n\n\n<p>Ein liten dose absurd komikk f\u00f8lgjer med. Garborgl\u00f8ypa er full av overraskingar og passar like godt for barnefamilien som for den litteratur-, kultur- eller naturinteresserte.<\/p>\n\n\n\n<figure class=\"wp-block-embed is-type-video is-provider-youtube wp-block-embed-youtube wp-embed-aspect-16-9 wp-has-aspect-ratio\"><div class=\"wp-block-embed__wrapper\">\n<div class=\"iframe-wrapper-youtube\"><iframe title=\"Javel\" src=\"https:\/\/www.youtube.com\/embed\/jlJmqR-0heM?feature=oembed\" frameborder=\"0\" allow=\"accelerometer; autoplay; clipboard-write; encrypted-media; gyroscope; picture-in-picture; web-share\" referrerpolicy=\"strict-origin-when-cross-origin\" allowfullscreen><\/iframe><\/div>\n<\/div><\/figure>\n\n\n\n<figure class=\"wp-block-embed is-type-video is-provider-youtube wp-block-embed-youtube wp-embed-aspect-16-9 wp-has-aspect-ratio\"><div class=\"wp-block-embed__wrapper\">\n<div class=\"iframe-wrapper-youtube\"><iframe title=\"Til deg, du hei og bleike myr\" src=\"https:\/\/www.youtube.com\/embed\/TAVsYbAf3-Y?feature=oembed\" frameborder=\"0\" allow=\"accelerometer; autoplay; clipboard-write; encrypted-media; gyroscope; picture-in-picture; web-share\" referrerpolicy=\"strict-origin-when-cross-origin\" allowfullscreen><\/iframe><\/div>\n<\/div><\/figure>\n\n\n\n<figure class=\"wp-block-embed is-type-video is-provider-youtube wp-block-embed-youtube wp-embed-aspect-16-9 wp-has-aspect-ratio\"><div class=\"wp-block-embed__wrapper\">\n<div class=\"iframe-wrapper-youtube\"><iframe title=\"Veslem\u00f8y\" src=\"https:\/\/www.youtube.com\/embed\/F0l7xogoLro?feature=oembed\" frameborder=\"0\" allow=\"accelerometer; autoplay; clipboard-write; encrypted-media; gyroscope; picture-in-picture; web-share\" referrerpolicy=\"strict-origin-when-cross-origin\" allowfullscreen><\/iframe><\/div>\n<\/div><\/figure>\n\n\n\n<figure class=\"wp-block-embed is-type-video is-provider-youtube wp-block-embed-youtube wp-embed-aspect-16-9 wp-has-aspect-ratio\"><div class=\"wp-block-embed__wrapper\">\n<div class=\"iframe-wrapper-youtube\"><iframe title=\"Elsk\" src=\"https:\/\/www.youtube.com\/embed\/vNqVr7OrEPI?feature=oembed\" frameborder=\"0\" allow=\"accelerometer; autoplay; clipboard-write; encrypted-media; gyroscope; picture-in-picture; web-share\" referrerpolicy=\"strict-origin-when-cross-origin\" allowfullscreen><\/iframe><\/div>\n<\/div><\/figure>\n\n\n\n<figure class=\"wp-block-embed is-type-video is-provider-youtube wp-block-embed-youtube wp-embed-aspect-16-9 wp-has-aspect-ratio\"><div class=\"wp-block-embed__wrapper\">\n<div class=\"iframe-wrapper-youtube\"><iframe title=\"R\u00e5dlaus\" src=\"https:\/\/www.youtube.com\/embed\/B-FfeoByyrY?feature=oembed\" frameborder=\"0\" allow=\"accelerometer; autoplay; clipboard-write; encrypted-media; gyroscope; picture-in-picture; web-share\" referrerpolicy=\"strict-origin-when-cross-origin\" allowfullscreen><\/iframe><\/div>\n<\/div><\/figure>\n\n\n\n<figure class=\"wp-block-embed is-type-video is-provider-youtube wp-block-embed-youtube wp-embed-aspect-16-9 wp-has-aspect-ratio\"><div class=\"wp-block-embed__wrapper\">\n<div class=\"iframe-wrapper-youtube\"><iframe title=\"I skodda\" src=\"https:\/\/www.youtube.com\/embed\/Uhip68SIPbc?feature=oembed\" frameborder=\"0\" allow=\"accelerometer; autoplay; clipboard-write; encrypted-media; gyroscope; picture-in-picture; web-share\" referrerpolicy=\"strict-origin-when-cross-origin\" allowfullscreen><\/iframe><\/div>\n<\/div><\/figure>\n\n\n\n<figure class=\"wp-block-embed is-type-video is-provider-youtube wp-block-embed-youtube wp-embed-aspect-16-9 wp-has-aspect-ratio\"><div class=\"wp-block-embed__wrapper\">\n<div class=\"iframe-wrapper-youtube\"><iframe title=\"Blekk og lefse\" src=\"https:\/\/www.youtube.com\/embed\/M6Bn9I-kXMM?feature=oembed\" frameborder=\"0\" allow=\"accelerometer; autoplay; clipboard-write; encrypted-media; gyroscope; picture-in-picture; web-share\" referrerpolicy=\"strict-origin-when-cross-origin\" allowfullscreen><\/iframe><\/div>\n<\/div><\/figure>\n\n\n\n<figure class=\"wp-block-embed is-type-video is-provider-youtube wp-block-embed-youtube wp-embed-aspect-16-9 wp-has-aspect-ratio\"><div class=\"wp-block-embed__wrapper\">\n<div class=\"iframe-wrapper-youtube\"><iframe title=\"Den gamle heimvegen\" src=\"https:\/\/www.youtube.com\/embed\/uAEsjuhnBo0?feature=oembed\" frameborder=\"0\" allow=\"accelerometer; autoplay; clipboard-write; encrypted-media; gyroscope; picture-in-picture; web-share\" referrerpolicy=\"strict-origin-when-cross-origin\" allowfullscreen><\/iframe><\/div>\n<\/div><\/figure>\n\n\n\n<figure class=\"wp-block-embed is-type-video is-provider-youtube wp-block-embed-youtube wp-embed-aspect-16-9 wp-has-aspect-ratio\"><div class=\"wp-block-embed__wrapper\">\n<div class=\"iframe-wrapper-youtube\"><iframe title=\"I den store bl\u00e5e kista\" src=\"https:\/\/www.youtube.com\/embed\/YHTM1ZD6Daw?feature=oembed\" frameborder=\"0\" allow=\"accelerometer; autoplay; clipboard-write; encrypted-media; gyroscope; picture-in-picture; web-share\" referrerpolicy=\"strict-origin-when-cross-origin\" allowfullscreen><\/iframe><\/div>\n<\/div><\/figure>\n\n\n\n<figure class=\"wp-block-embed is-type-video is-provider-youtube wp-block-embed-youtube wp-embed-aspect-16-9 wp-has-aspect-ratio\"><div class=\"wp-block-embed__wrapper\">\n<div class=\"iframe-wrapper-youtube\"><iframe title=\"Svovelsyner\" src=\"https:\/\/www.youtube.com\/embed\/wMgwzTZ5oJk?feature=oembed\" frameborder=\"0\" allow=\"accelerometer; autoplay; clipboard-write; encrypted-media; gyroscope; picture-in-picture; web-share\" referrerpolicy=\"strict-origin-when-cross-origin\" allowfullscreen><\/iframe><\/div>\n<\/div><\/figure>\n\n\n\n<figure class=\"wp-block-embed is-type-video is-provider-youtube wp-block-embed-youtube wp-embed-aspect-16-9 wp-has-aspect-ratio\"><div class=\"wp-block-embed__wrapper\">\n<div class=\"iframe-wrapper-youtube\"><iframe title=\"Maalmann\" src=\"https:\/\/www.youtube.com\/embed\/J2moaZ5yA4s?feature=oembed\" frameborder=\"0\" allow=\"accelerometer; autoplay; clipboard-write; encrypted-media; gyroscope; picture-in-picture; web-share\" referrerpolicy=\"strict-origin-when-cross-origin\" allowfullscreen><\/iframe><\/div>\n<\/div><\/figure>\n\n\n\n<p>Sj\u00e5 innslag fr\u00e5 TV Vest her&nbsp;<a href=\"http:\/\/www.tvvest.no\/na-prater-arne-garborgs-steinansikt\" target=\"_blank\" rel=\"noopener noreferrer\">her<\/a>&nbsp;og TV Aftenbladet<a href=\"http:\/\/www.aftenbladet.no\/tv\/#!\/video\/101267\/se-steinhodet-snakke\" target=\"_blank\" rel=\"noopener noreferrer\"> her<\/a>. Artiklar i J\u00e6rbladet kan du lesa <a href=\"https:\/\/jbl.no\/search?sokestreng=garborgl%F8ypa&amp;page=&amp;sub=&amp;do=sok\" target=\"_blank\" rel=\"noopener noreferrer\">her.<\/a><\/p>\n\n\n\n<p>Karin Hodne&nbsp;&#8211; Veslem\u00f8y<br>Vegar Hoel&nbsp;&#8211; Enok Hove<br>\u00d8rjan Zazzera Johansen- Arne Garborg<\/p>\n\n\n\n<p>Arve Stangeland Lunde &#8211; Aadne Garborg<br>Else Str\u00f8m Larsen &#8211; Hulda Garborg<br>Eileen Nesse Pedersen &#8211; Ane Oline Garborg<br>Vegar Hoel &#8211; Eivind Garborg<\/p>\n\n\n\n<p>L\u00f8ypa er produsert i samarbeid med Filmavdelingen AS.<\/p>\n\n\n\n<p>Les meir om <a href=\"https:\/\/www.jaermuseet.no\/garborgheimen\/\">Garborgheimen<\/a> og <a href=\"https:\/\/www.jaermuseet.no\/knudaheio\/\">Knudaheio<\/a>. PS! P\u00e5 Garborgsenteret kan du sj\u00e5 eit samandrag av filmane i Garborgl\u00f8ypa p\u00e5 storskjerm.<\/p>\n","protected":false},"excerpt":{"rendered":"<p>N\u00e5 kan du ta med deg smarttelefonen eller nettbrettet og&#8230;<\/p>\n","protected":false},"author":17,"featured_media":2609,"parent":0,"menu_order":0,"comment_status":"closed","ping_status":"closed","template":"","meta":{"_acf_changed":false,"footnotes":""},"class_list":["post-2608","page","type-page","status-publish","has-post-thumbnail","hentry","featured-image-size-large"],"acf":[],"yoast_head":"<!-- This site is optimized with the Yoast SEO plugin v27.4 - https:\/\/yoast.com\/product\/yoast-seo-wordpress\/ -->\n<title>Garborgl\u00f8ypa - Garborgsenteret<\/title>\n<meta name=\"robots\" content=\"index, follow, max-snippet:-1, max-image-preview:large, max-video-preview:-1\" \/>\n<link rel=\"canonical\" href=\"https:\/\/www.jaermuseet.no\/garborgsenteret\/garborgloypa\/\" \/>\n<meta property=\"og:locale\" content=\"nn_NO\" \/>\n<meta property=\"og:type\" content=\"article\" \/>\n<meta property=\"og:title\" content=\"Garborgl\u00f8ypa - Garborgsenteret\" \/>\n<meta property=\"og:description\" content=\"N\u00e5 kan du ta med deg smarttelefonen eller nettbrettet og...\" \/>\n<meta property=\"og:url\" content=\"https:\/\/www.jaermuseet.no\/garborgsenteret\/garborgloypa\/\" \/>\n<meta property=\"og:site_name\" content=\"Garborgsenteret\" \/>\n<meta property=\"article:modified_time\" content=\"2023-07-11T13:34:33+00:00\" \/>\n<meta property=\"og:image\" content=\"https:\/\/www.jaermuseet.no\/garborgsenteret\/wp-content\/uploads\/sites\/2\/2015\/12\/VeslemoeyTelefon.png\" \/>\n\t<meta property=\"og:image:width\" content=\"948\" \/>\n\t<meta property=\"og:image:height\" content=\"462\" \/>\n\t<meta property=\"og:image:type\" content=\"image\/png\" \/>\n<meta name=\"twitter:card\" content=\"summary_large_image\" \/>\n<meta name=\"twitter:label1\" content=\"Est. reading time\" \/>\n\t<meta name=\"twitter:data1\" content=\"3 minutt\" \/>\n<script type=\"application\/ld+json\" class=\"yoast-schema-graph\">{\"@context\":\"https:\\\/\\\/schema.org\",\"@graph\":[{\"@type\":\"WebPage\",\"@id\":\"https:\\\/\\\/www.jaermuseet.no\\\/garborgsenteret\\\/garborgloypa\\\/\",\"url\":\"https:\\\/\\\/www.jaermuseet.no\\\/garborgsenteret\\\/garborgloypa\\\/\",\"name\":\"Garborgl\u00f8ypa - Garborgsenteret\",\"isPartOf\":{\"@id\":\"https:\\\/\\\/www.jaermuseet.no\\\/garborgsenteret\\\/#website\"},\"primaryImageOfPage\":{\"@id\":\"https:\\\/\\\/www.jaermuseet.no\\\/garborgsenteret\\\/garborgloypa\\\/#primaryimage\"},\"image\":{\"@id\":\"https:\\\/\\\/www.jaermuseet.no\\\/garborgsenteret\\\/garborgloypa\\\/#primaryimage\"},\"thumbnailUrl\":\"https:\\\/\\\/www.jaermuseet.no\\\/garborgsenteret\\\/wp-content\\\/uploads\\\/sites\\\/2\\\/2015\\\/12\\\/VeslemoeyTelefon.png\",\"datePublished\":\"2016-05-09T10:02:16+00:00\",\"dateModified\":\"2023-07-11T13:34:33+00:00\",\"breadcrumb\":{\"@id\":\"https:\\\/\\\/www.jaermuseet.no\\\/garborgsenteret\\\/garborgloypa\\\/#breadcrumb\"},\"inLanguage\":\"nn-NO\",\"potentialAction\":[{\"@type\":\"ReadAction\",\"target\":[\"https:\\\/\\\/www.jaermuseet.no\\\/garborgsenteret\\\/garborgloypa\\\/\"]}]},{\"@type\":\"ImageObject\",\"inLanguage\":\"nn-NO\",\"@id\":\"https:\\\/\\\/www.jaermuseet.no\\\/garborgsenteret\\\/garborgloypa\\\/#primaryimage\",\"url\":\"https:\\\/\\\/www.jaermuseet.no\\\/garborgsenteret\\\/wp-content\\\/uploads\\\/sites\\\/2\\\/2015\\\/12\\\/VeslemoeyTelefon.png\",\"contentUrl\":\"https:\\\/\\\/www.jaermuseet.no\\\/garborgsenteret\\\/wp-content\\\/uploads\\\/sites\\\/2\\\/2015\\\/12\\\/VeslemoeyTelefon.png\",\"width\":948,\"height\":462},{\"@type\":\"BreadcrumbList\",\"@id\":\"https:\\\/\\\/www.jaermuseet.no\\\/garborgsenteret\\\/garborgloypa\\\/#breadcrumb\",\"itemListElement\":[{\"@type\":\"ListItem\",\"position\":1,\"name\":\"Hjem\",\"item\":\"https:\\\/\\\/www.jaermuseet.no\\\/garborgsenteret\\\/\"},{\"@type\":\"ListItem\",\"position\":2,\"name\":\"Garborgl\u00f8ypa\"}]},{\"@type\":\"WebSite\",\"@id\":\"https:\\\/\\\/www.jaermuseet.no\\\/garborgsenteret\\\/#website\",\"url\":\"https:\\\/\\\/www.jaermuseet.no\\\/garborgsenteret\\\/\",\"name\":\"Garborgsenteret\",\"description\":\"A national arena to promote the interest for authors Arne and Hulda Garborg\",\"potentialAction\":[{\"@type\":\"SearchAction\",\"target\":{\"@type\":\"EntryPoint\",\"urlTemplate\":\"https:\\\/\\\/www.jaermuseet.no\\\/garborgsenteret\\\/?s={search_term_string}\"},\"query-input\":{\"@type\":\"PropertyValueSpecification\",\"valueRequired\":true,\"valueName\":\"search_term_string\"}}],\"inLanguage\":\"nn-NO\"}]}<\/script>\n<!-- \/ Yoast SEO plugin. -->","yoast_head_json":{"title":"Garborgl\u00f8ypa - Garborgsenteret","robots":{"index":"index","follow":"follow","max-snippet":"max-snippet:-1","max-image-preview":"max-image-preview:large","max-video-preview":"max-video-preview:-1"},"canonical":"https:\/\/www.jaermuseet.no\/garborgsenteret\/garborgloypa\/","og_locale":"nn_NO","og_type":"article","og_title":"Garborgl\u00f8ypa - Garborgsenteret","og_description":"N\u00e5 kan du ta med deg smarttelefonen eller nettbrettet og...","og_url":"https:\/\/www.jaermuseet.no\/garborgsenteret\/garborgloypa\/","og_site_name":"Garborgsenteret","article_modified_time":"2023-07-11T13:34:33+00:00","og_image":[{"width":948,"height":462,"url":"https:\/\/www.jaermuseet.no\/garborgsenteret\/wp-content\/uploads\/sites\/2\/2015\/12\/VeslemoeyTelefon.png","type":"image\/png"}],"twitter_card":"summary_large_image","twitter_misc":{"Est. reading time":"3 minutt"},"schema":{"@context":"https:\/\/schema.org","@graph":[{"@type":"WebPage","@id":"https:\/\/www.jaermuseet.no\/garborgsenteret\/garborgloypa\/","url":"https:\/\/www.jaermuseet.no\/garborgsenteret\/garborgloypa\/","name":"Garborgl\u00f8ypa - Garborgsenteret","isPartOf":{"@id":"https:\/\/www.jaermuseet.no\/garborgsenteret\/#website"},"primaryImageOfPage":{"@id":"https:\/\/www.jaermuseet.no\/garborgsenteret\/garborgloypa\/#primaryimage"},"image":{"@id":"https:\/\/www.jaermuseet.no\/garborgsenteret\/garborgloypa\/#primaryimage"},"thumbnailUrl":"https:\/\/www.jaermuseet.no\/garborgsenteret\/wp-content\/uploads\/sites\/2\/2015\/12\/VeslemoeyTelefon.png","datePublished":"2016-05-09T10:02:16+00:00","dateModified":"2023-07-11T13:34:33+00:00","breadcrumb":{"@id":"https:\/\/www.jaermuseet.no\/garborgsenteret\/garborgloypa\/#breadcrumb"},"inLanguage":"nn-NO","potentialAction":[{"@type":"ReadAction","target":["https:\/\/www.jaermuseet.no\/garborgsenteret\/garborgloypa\/"]}]},{"@type":"ImageObject","inLanguage":"nn-NO","@id":"https:\/\/www.jaermuseet.no\/garborgsenteret\/garborgloypa\/#primaryimage","url":"https:\/\/www.jaermuseet.no\/garborgsenteret\/wp-content\/uploads\/sites\/2\/2015\/12\/VeslemoeyTelefon.png","contentUrl":"https:\/\/www.jaermuseet.no\/garborgsenteret\/wp-content\/uploads\/sites\/2\/2015\/12\/VeslemoeyTelefon.png","width":948,"height":462},{"@type":"BreadcrumbList","@id":"https:\/\/www.jaermuseet.no\/garborgsenteret\/garborgloypa\/#breadcrumb","itemListElement":[{"@type":"ListItem","position":1,"name":"Hjem","item":"https:\/\/www.jaermuseet.no\/garborgsenteret\/"},{"@type":"ListItem","position":2,"name":"Garborgl\u00f8ypa"}]},{"@type":"WebSite","@id":"https:\/\/www.jaermuseet.no\/garborgsenteret\/#website","url":"https:\/\/www.jaermuseet.no\/garborgsenteret\/","name":"Garborgsenteret","description":"A national arena to promote the interest for authors Arne and Hulda Garborg","potentialAction":[{"@type":"SearchAction","target":{"@type":"EntryPoint","urlTemplate":"https:\/\/www.jaermuseet.no\/garborgsenteret\/?s={search_term_string}"},"query-input":{"@type":"PropertyValueSpecification","valueRequired":true,"valueName":"search_term_string"}}],"inLanguage":"nn-NO"}]}},"jetpack_sharing_enabled":true,"_links":{"self":[{"href":"https:\/\/www.jaermuseet.no\/garborgsenteret\/wp-json\/wp\/v2\/pages\/2608","targetHints":{"allow":["GET"]}}],"collection":[{"href":"https:\/\/www.jaermuseet.no\/garborgsenteret\/wp-json\/wp\/v2\/pages"}],"about":[{"href":"https:\/\/www.jaermuseet.no\/garborgsenteret\/wp-json\/wp\/v2\/types\/page"}],"author":[{"embeddable":true,"href":"https:\/\/www.jaermuseet.no\/garborgsenteret\/wp-json\/wp\/v2\/users\/17"}],"replies":[{"embeddable":true,"href":"https:\/\/www.jaermuseet.no\/garborgsenteret\/wp-json\/wp\/v2\/comments?post=2608"}],"version-history":[{"count":33,"href":"https:\/\/www.jaermuseet.no\/garborgsenteret\/wp-json\/wp\/v2\/pages\/2608\/revisions"}],"predecessor-version":[{"id":12992,"href":"https:\/\/www.jaermuseet.no\/garborgsenteret\/wp-json\/wp\/v2\/pages\/2608\/revisions\/12992"}],"wp:featuredmedia":[{"embeddable":true,"href":"https:\/\/www.jaermuseet.no\/garborgsenteret\/wp-json\/wp\/v2\/media\/2609"}],"wp:attachment":[{"href":"https:\/\/www.jaermuseet.no\/garborgsenteret\/wp-json\/wp\/v2\/media?parent=2608"}],"curies":[{"name":"wp","href":"https:\/\/api.w.org\/{rel}","templated":true}]}}